{"id":101659,"date":"2025-05-15T14:44:59","date_gmt":"2025-05-15T14:44:59","guid":{"rendered":"https:\/\/simracergear.com\/?page_id=101659"},"modified":"2025-11-28T03:58:18","modified_gmt":"2025-11-28T03:58:18","slug":"politique-de-confidentialite","status":"publish","type":"page","link":"https:\/\/simracergear.com\/da\/politique-de-confidentialite\/","title":{"rendered":"Fortrolighedspolitik"},"content":{"rendered":"<p><strong>ARTIKEL 1 - INDSAMLEDE PERSONOPLYSNINGER<\/strong><br>N\u00e5r du bruger vores websted, kan vi indsamle visse personlige oplysninger, som du frivilligt giver os, f.eks. via :<\/p><ul class=\"wp-block-list\"><li>kontaktformularen (navn, e-mail, besked),<\/li>\n\n<li>Tilmeld dig vores nyhedsbrev.<\/li><\/ul><p>Derudover indsamles visse tekniske oplysninger automatisk under din browsing, s\u00e5som din IP-adresse, browsertype og operativsystem, for at forbedre brugeroplevelsen og udarbejde statistikker over bes\u00f8g.<\/p><p><strong>ARTIKEL 2 - COOKIES OG TILKNYTNINGSLINKS<\/strong><br>Dette websted bruger cookies til m\u00e5ling af m\u00e5lgrupper og til at spore affiliate-links.<br>En cookie er en lille fil, der gemmes i din browser, og som g\u00f8r det muligt at genkende din enhed ved efterf\u00f8lgende bes\u00f8g.<br>Du kan til enhver tid deaktivere cookies via dine browserindstillinger.<\/p><p>Nogle af linkene p\u00e5 denne side er affiliate-links. Det betyder, at vi kan modtage en provision, hvis du foretager et k\u00f8b fra partnersiden. Der installeres ingen tredjepartscookies uden dit samtykke.<\/p><p><strong>ARTIKEL 3 - SAMTYKKE<\/strong><br>Ved at bruge vores formularer (kontakt, nyhedsbrev) accepterer du, at vi m\u00e5 indsamle og bruge dine oplysninger udelukkende til at svare p\u00e5 din anmodning eller sende dig vores kommunikation.<br>Du kan til enhver tid tr\u00e6kke dit samtykke tilbage ved at skrive til os p\u00e5 : <a>contact@simracergear.com<\/a>.<\/p><p><strong>ARTIKEL 4 - DELING AF DATA<\/strong><br>Personlige data, der indsamles via dette websted, s\u00e6lges aldrig. De m\u00e5 kun videregives til tekniske tjenesteudbydere (f.eks. webhost, nyhedsbrevstjeneste), der er strengt n\u00f8dvendige for driften af webstedet.<\/p><p><strong>ARTIKEL 5 - SIKKERHED<\/strong><br>Vi implementerer alle rimelige tekniske foranstaltninger for at beskytte dine personlige data mod uautoriseret adgang, \u00e6ndring, offentligg\u00f8relse eller \u00f8del\u00e6ggelse.<\/p><p><strong>ARTIKEL 6 - BRUGERNES RETTIGHEDER (RGPD)<\/strong><br>I overensstemmelse med europ\u00e6isk lovgivning (RGPD) har du ret til at f\u00e5 adgang til, rette, slette og g\u00f8re indsigelse mod dine personlige data.<br>Du kan ud\u00f8ve disse rettigheder ved at kontakte os p\u00e5 f\u00f8lgende adresse <a>contact@simracergear.com<\/a>.<\/p><p><strong>ARTIKEL 7 - \u00c6NDRINGER AF POLITIKKEN<\/strong><br>Denne politik kan til enhver tid \u00e6ndres. Eventuelle opdateringer vil blive offentliggjort p\u00e5 denne side med datoen for revisionen.<\/p><p><strong>Juridisk grundlag for behandling<\/strong><\/p><p>De data, der indsamles via dette websted, behandles i overensstemmelse med artikel 6 i RGPD:<\/p><ul class=\"wp-block-list\"><li><strong>Samtykke<\/strong> : tilmelding til nyhedsbrevet, sende en besked ved hj\u00e6lp af formularen.<\/li>\n\n<li><strong>Berettiget interesse<\/strong> anonymiserede statistiske analyser for at forbedre webstedet.<\/li>\n\n<li><strong>Udf\u00f8relse af en anmodning<\/strong> svare p\u00e5 beskeder sendt via formularen.<\/li><\/ul><p><strong>Periode for opbevaring af data<\/strong><\/p><p>I overensstemmelse med RGPD opbevares data i en begr\u00e6nset periode:<\/p><ul class=\"wp-block-list\"><li>beskeder sendt via formularen : <strong>12 m\u00e5neder<\/strong><\/li>\n\n<li>nyhedsbrevsdata : <strong>indtil afmelding<\/strong><\/li>\n\n<li>cookies til m\u00e5ling af m\u00e5lgrupper : <strong>H\u00f8jst 13 m\u00e5neder<\/strong><\/li>\n\n<li>tekniske logfiler : <strong>12 m\u00e5neder<\/strong><\/li>\n\n<li><\/li><\/ul><p><strong>Udnyt dine rettigheder<\/strong><\/p><p>Du har ret til adgang, berigtigelse, sletning, indsigelse og portabilitet vedr\u00f8rende dine data.<br>Hvis du vil ud\u00f8ve disse rettigheder eller tr\u00e6kke dit samtykke tilbage, bedes du kontakte os p\u00e5 :<br><strong>kontakt [at] simracergear.com<\/strong><\/p>","protected":false},"excerpt":{"rendered":"<p>ARTIKEL 1 - INDSAMLEDE PERSONLIGE DATAN\u00e5r du bruger vores websted, kan vi indsamle visse personlige oplysninger, som du giver frivilligt, for eksempel via : Derudover indsamles visse tekniske oplysninger automatisk under din browsing, s\u00e5som din IP-adresse, browsertype og operativsystem, for at forbedre brugeroplevelsen og for at [...]<\/p>","protected":false},"author":5,"featured_media":0,"parent":0,"menu_order":0,"comment_status":"closed","ping_status":"closed","template":"","meta":{"_acf_changed":false,"_et_pb_use_builder":"off","_et_pb_old_content":"","_et_gb_content_width":"1400","footnotes":""},"class_list":["post-101659","page","type-page","status-publish","hentry"],"acf":[],"_links":{"self":[{"href":"https:\/\/simracergear.com\/da\/wp-json\/wp\/v2\/pages\/101659","targetHints":{"allow":["GET"]}}],"collection":[{"href":"https:\/\/simracergear.com\/da\/wp-json\/wp\/v2\/pages"}],"about":[{"href":"https:\/\/simracergear.com\/da\/wp-json\/wp\/v2\/types\/page"}],"author":[{"embeddable":true,"href":"https:\/\/simracergear.com\/da\/wp-json\/wp\/v2\/users\/5"}],"replies":[{"embeddable":true,"href":"https:\/\/simracergear.com\/da\/wp-json\/wp\/v2\/comments?post=101659"}],"version-history":[{"count":4,"href":"https:\/\/simracergear.com\/da\/wp-json\/wp\/v2\/pages\/101659\/revisions"}],"predecessor-version":[{"id":102001,"href":"https:\/\/simracergear.com\/da\/wp-json\/wp\/v2\/pages\/101659\/revisions\/102001"}],"wp:attachment":[{"href":"https:\/\/simracergear.com\/da\/wp-json\/wp\/v2\/media?parent=101659"}],"curies":[{"name":"wp","href":"https:\/\/api.w.org\/{rel}","templated":true}]}}