{"id":16,"date":"2022-03-21T11:25:00","date_gmt":"2022-03-21T11:25:00","guid":{"rendered":"https:\/\/simracergear.com\/?page_id=16"},"modified":"2025-05-15T14:42:58","modified_gmt":"2025-05-15T14:42:58","slug":"contact","status":"publish","type":"page","link":"https:\/\/simracergear.com\/da\/contact\/","title":{"rendered":"Kontakt"},"content":{"rendered":"<p>[et_pb_section fb_built=\"1\u2033 admin_label=\"Aftalebooking \" _builder_version=\"4.27.4\u2033 _module_preset=\"default \" background_enable_color=\"off \" da_disable_devices=\"off|off|off \" locked=\"off \" collapsed=\"on \" global_colors_info=\"{#22577a:background_color} \" da_is_popup=\"off \" da_exit_intent=\"off \" da_has_close=\"on \" da_alt_close=\"off \" da_dark_close=\"off \" da_not_modal=\"on \" da_is_singular=\"off \" da_with_loader=\"off \" da_has_shadow=\"on \"][et_pb_row custom_padding_last_edited=\"on|desktop \" _builder_version=\"4.24.3\u2033 _module_preset=\"c9cfaba2-2263-4f35-8227-8d16ca8bd1cc \" background_color=\"#FFFFFF\" custom_padding=\"60px|60px|60px|60px|true|true\" custom_padding_tablet=\"30px|30px|30px|30px|true|true\" custom_padding_phone=\"20px|20px|20px|20px|true|true\" border_radii=\"on|6px|6px|6px|6px \" border_radii_tablet=\"on|30px|30px|30px|30px \" border_radii_phone=\"on|20px|20px|20px|20px \" border_radii_last_edited=\"off|desktop \" box_shadow_style=\"preset3\u2033 box_shadow_vertical=\"24px \" box_shadow_blur=\"72px \" box_shadow_spread=\"-12px \" box_shadow_color=\"rgba(0,0,0,0.12) \" global_colors_info=\"{} \"][et_pb_column type=\"4_4\u2033 _builder_version=\"4.16\u2033 _module_preset=\"73121f80-a3ef-4484-8763-c3f18e3c56d2\u2033 global_colors_info=\"{} \"][et_pb_text quote_border_color=\"#57cc99\u2033 _builder_version=\"4.27.4\u2033 _module_preset=\"2c55a9c4-feed-423b-9edb-ae0b5b365cac \" text_font=\"Poppins|Poppins_weight||||||| \" text_text_color=\"rgba(0,0,0.64) \" text_font_size=\"16px \" text_line_height=\"1.75em \" link_font=\"|Poppins_weight||||||| \" link_text_color=\"#22577a \" quote_font=\"Abril Fatface|Abril Fatface_weight||||||| \" quote_text_color=\"#1111\u2033 header_font=\"Abril Fatface|Abril Fatface_weight||||||| \" header_text_color=\"#1111\u2033 header_font_size=\"72px \" header_line_height=\"1.15em \" header_2_font=\"|Abril Fatface_weight||||||| \" header_2_text_color=\"#1111\u2033 header_2_font_size=\"50px \" header_2_line_height=\"1.2em \" header_3_font=\"Abril Fatface|Abril Fatface_weight||||||| \" header_3_text_color=\"#1111\u2033 header_3_font_size=\"32px \" header_3_line_height=\"1.3em \" header_4_font=\"Abril Fatface|Abril Fatface_weight||||||| \" header_4_text_color=\"#1111\u2033 header_4_font_size=\"24px \" header_4_line_height=\"1.4em \" header_5_font=\"Abril Fatface|Abril Fatface_weight||||||| \" header_5_text_color=\"#111111\u2033 header_5_font_size=\"18px \" header_5_line_height=\"1.4em \" header_6_font=\"Abril Fatface|Abril Fatface_weight||||||| \" header_6_text_color=\"#111111\u2033 header_6_line_height=\"1.5em \" text_orientation=\"center \" module_alignment=\"center \" custom_margin=\"||||false|false \" hover_enabled=\"0\u2033 text_font_size_tablet=\"15px \" text_font_size_phone=\"14px \" text_font_size_last_edited=\"on|phone \" header_font_size_tablet= \"40px \" header_font_size_phone=\"24px \" header_font_size_last_edited=\"on|desktop \" header_2_font_size_tablet=\"28px \" header_2_font_size_phone=\"20px \" header_2_font_size_last_edited=\"on|phone \" header_3_font_size_tablet=\"22px \" header_3_font_size_phone=\"17px \" header_3_font_size_last_edited=\"on|phone \" header_4_font_size_tablet=\"18px \" header_4_font_size_phone=\"15px \" header_4_font_size_last_edited=\"on|tablet \" header_5_font_size_tablet=\"15px \" header_5_font_size_phone= \"14px \" header_5_font_size_last_edited=\"on|desktop \" header_6_font_size_tablet=\"13px \" header_6_font_size_phone=\"13px \" header_6_font_size_last_edited=\"on|desktop \" locked=\"off \" global_colors_info=\"{}\" sticky_enabled=\"0\u2033]<\/p>\n<h2 class=\"h2\">Har du et sp\u00f8rgsm\u00e5l?<\/h2>\n<p>Hvis du har yderligere sp\u00f8rgsm\u00e5l, er du velkommen til at kontakte os p\u00e5 contact@simracergear.com eller via nedenst\u00e5ende formular. Et medlem af vores kundeserviceteam vil med gl\u00e6de svare dig s\u00e5 hurtigt som muligt.<\/p>\n<p>[\/et_pb_text][et_pb_contact_form _builder_version=\"4.27.4\u2033 _module_preset=\"default \" _unique_id=\"1da61d0b-e1c8-4ec8-97f8-fe18ae11265a \" global_colors_info=\"{} \"][et_pb_contact_field field_id=\"Name \" field_title=\"Name\" _builder_version=\"4.16\u2033 global_colors_info=\"{} \" button_text_size__hover_enabled=\"off \" button_one_text_size__hover_enabled=\"off \" button_two_text_size__hover_enabled=\"off \" button_text_color__hover_enabled=\"off \" button_one_text_color__hover_enabled=\"off \" button_two_text_color__hover_enabled=\"off \" button_border_width__hover_enabled=\"off \" button_one_border_width__hover_enabled=\"off \" button_two_border_width__hover_enabled=\"off \" button_border_color__hover_enabled=\"off \" button_one_border_color__hover_enabled=\"off \" button_two_border_color__hover_enabled=\"off \" button_border_radius__hover_enabled=\"off \" button_one_border_radius__hover_enabled=\"off \" button_two_border_radius__hover_enabled=\"off \" button_letter_spacing__hover_enabled=\"off \" button_one_letter_spacing__hover_enabled= \"off\" button_two_letter_spacing__hover_enabled=\"off\" button_bg_color__hover_enabled=\"off\" button_one_bg_color__hover_enabled=\"off\" button_two_bg_color__hover_enabled=\"off\"][\/et_pb_contact_field][et_pb_contact_field field_id=\"Email\" field_title=\"Email address\" field_type=\"email addressmail \" field_type=\"email \" _builder_version=\"4.16\u2033 global_colors_info=\"{} \" button_text_size__hover_enabled=\"off \" button_one_text_size__hover_enabled=\"off \" button_two_text_size__hover_enabled=\"off \" button_text_color__hover_enabled=\"off \" button_one_text_color__hover_enabled=\"off \" button_two_text_color__hover_enabled=\"off \"off \" button_border_width__hover_enabled=\"off \" button_one_border_width__hover_enabled=\"off \" button_two_border_width__hover_enabled=\"off \" button_border_color__hover_enabled=\"off \" button_one_border_color__hover_enabled=\"off \" button_two_border_color__hover_enabled=\"off \" button_border_radius__hover_enabled=\"off \" button_one_border_radius__hover_enabled=\"off \" button_two_border_radius__hover_enabled=\"off \" button_letter_spacing__hover_enabled=\"off \" button_one_letter_spacing__hover_enabled=\"off \" button_two_letter_spacing__hover_enabled=\"off \" button_bg_color__hover_enabled=\"off \" button_one_bg_color__hover_enabled=\"off \" button_two_bg_color__hover_enabled=\"off \"][\/et_pb_contact_field][et_pb_contact_field field_id=\"Message\" field_title=\"Message\" field_type=\"text\" fullwidth_field=\"on \" _builder_version=\"4.16\u2033 global_colors_info=\"{} \" button_text_size__hover_enabled=\"off \" button_one_text_size__hover_enabled=\"off \" button_two_text_size__hover_enabled=\"off \" button_text_color__hover_enabled=\"off \" button_one_text_color__hover_enabled=\"off \" button_two_text_color__hover_enabled=\"off \" button_border_width__hover_enabled=\"off \" button_one_border_width__hover_enabled=\"off \" button_two_border_width__hover_enabled=\"off \" button_border_color__hover_enabled=\"off \" button_one_border_color__hover_enabled=\"off \" button_two_border_color__hover_enabled=\"off \" button_border_radius__hover_enabled=\"off \" button_one_border_radius__hover_enabled=\"off \" button_two_border_radius__hover_enabled=\"off \" button_letter_spacing__hover_enabled=\"off \" button_one_letter_spacing__hover_enabled= \"off \" button_two_letter_spacing__hover_enabled=\"off \" button_bg_color__hover_enabled=\"off \" button_one_bg_color__hover_enabled= \"off \" button_two_bg_color__hover_enabled=\"off \"][\/et_pb_contact_field][\/et_pb_contact_form][\/et_pb_column][\/et_pb_row][\/et_pb_section]<\/p>","protected":false},"excerpt":{"rendered":"<p>Har du nogle sp\u00f8rgsm\u00e5l? Hvis du har yderligere sp\u00f8rgsm\u00e5l, er du velkommen til at kontakte os p\u00e5 contact@simracergear.com eller via nedenst\u00e5ende formular. Et medlem af vores kundeserviceteam vil med gl\u00e6de svare dig s\u00e5 hurtigt som muligt.<\/p>","protected":false},"author":5,"featured_media":0,"parent":0,"menu_order":0,"comment_status":"closed","ping_status":"closed","template":"","meta":{"_acf_changed":false,"_et_pb_use_builder":"on","_et_pb_old_content":"<!-- wp:shortcode -->\n[contact-form-7 id=\"237\" title=\"Formulaire de contact 1\"]\n<!-- \/wp:shortcode -->","_et_gb_content_width":"1080","footnotes":""},"class_list":["post-16","page","type-page","status-publish","hentry"],"acf":[],"_links":{"self":[{"href":"https:\/\/simracergear.com\/da\/wp-json\/wp\/v2\/pages\/16","targetHints":{"allow":["GET"]}}],"collection":[{"href":"https:\/\/simracergear.com\/da\/wp-json\/wp\/v2\/pages"}],"about":[{"href":"https:\/\/simracergear.com\/da\/wp-json\/wp\/v2\/types\/page"}],"author":[{"embeddable":true,"href":"https:\/\/simracergear.com\/da\/wp-json\/wp\/v2\/users\/5"}],"replies":[{"embeddable":true,"href":"https:\/\/simracergear.com\/da\/wp-json\/wp\/v2\/comments?post=16"}],"version-history":[{"count":10,"href":"https:\/\/simracergear.com\/da\/wp-json\/wp\/v2\/pages\/16\/revisions"}],"predecessor-version":[{"id":101656,"href":"https:\/\/simracergear.com\/da\/wp-json\/wp\/v2\/pages\/16\/revisions\/101656"}],"wp:attachment":[{"href":"https:\/\/simracergear.com\/da\/wp-json\/wp\/v2\/media?parent=16"}],"curies":[{"name":"wp","href":"https:\/\/api.w.org\/{rel}","templated":true}]}}