{"id":100531,"date":"2025-05-15T07:45:00","date_gmt":"2025-05-15T07:45:00","guid":{"rendered":"https:\/\/simracergear.com\/products\/fanatec-clubsport-dd-f1-esports-v2\/"},"modified":"2025-11-28T04:43:18","modified_gmt":"2025-11-28T04:43:18","slug":"fanatec-clubsport-dd-f1-esports-v2","status":"publish","type":"product","link":"https:\/\/simracergear.com\/da\/products\/fanatec-clubsport-dd-f1-esports-v2\/","title":{"rendered":"Fanatec ClubSport DD F1 Esports V2"},"content":{"rendered":"<h2>Fanatec ClubSport DD F1\u00ae Esports V2: et \u00e6gte spring ind i \"seri\u00f8s\" direkte k\u00f8rsel<\/h2>\n<p>Fanatec ClubSport DD F1\u00ae Esports V2 er placeret som en f\u00f8rsteklasses indgang til en verden med direkte drev. Dette er ikke l\u00e6ngere en simpel opgradering fra en b\u00e6ltedrevet base: Vi er helt klart p\u00e5 vej ind i en verden af seri\u00f8se baser, der er designet til at k\u00f8re h\u00e5rdt i lang tid med et \u00e6gte detaljeniveau i force feedbacken.<\/p>\n<p>Denne pakke er rettet mod et kr\u00e6vende publikum, der \u00f8nsker et kraftfuldt, men brugbart direkte drev med et brugsklart rat i F1-stil og solid konsol\/PC-kompatibilitet. Det lover en sammenh\u00e6ngende plug &amp; play-kombination, der er i stand til at d\u00e6kke moderne simracing: F1, GT, endurance, endda lidt rally, hvis du kan lide sm\u00e5 hjul.<\/p>\n<p>Min vinkel her er enkel: Pr\u00e6cision i f\u00f8lelsen, kvalitet i feedbacken, \u00e6gte alsidighed i pakken, daglig brugervenlighed. Retf\u00e6rdigg\u00f8r denne DD ClubSport-base et trin op i ops\u00e6tningen? Og frem for alt, er dette F1 Esports V2-rat et godt valg, hvis du ikke kun k\u00f8rer i formelbiler?<\/p>\n<p>Fra de allerf\u00f8rste omgange kan man m\u00e6rke, at Fanatec sigter efter balance: kraft, men frem for alt kontrol. Det handler ikke om r\u00e5 demonstration, men om kontrol. Det er denne positionering, der g\u00f8r denne model s\u00e5 interessant.<\/p>\n<h2>Design og fremstilling: en kompakt, men st\u00e6rk blok<\/h2>\n<p>Visuelt er ClubSport DD base et seri\u00f8st statement. Metalchassiset med sine kantede linjer giver straks et indtryk af stivhed. N\u00e5r man tager basen i h\u00e5nden for at montere den p\u00e5 et chassis, m\u00e6rker man en betryggende t\u00e6thed. Der er ikke noget hult eller billigt over det - det er et materiale, der ser ud til at v\u00e6re bygget til at modst\u00e5 timevis af k\u00f8rsel.<\/p>\n<p>Samlingen er ren og uden forstyrrende sl\u00f8r. Pasningerne mellem de forskellige metaldele er p\u00e6ne, og overfladerne er velbehandlede. QR (rattets fastg\u00f8relsessystem) indgyder tillid: L\u00e5sen er ligetil, og den elektriske forbindelse er problemfri. P\u00e5 dette punkt er der helt klart tale om udstyr, der er langt bedre end de tidligere generationer af Fanatec-biler p\u00e5 indgangsniveau.<\/p>\n<p>F1 Esports V2-rattet med sine gummigreb og kulfiberfrontpanel giver et seri\u00f8st indtryk. Knapperne klikker rent, og padlerne f\u00f8les skarpe uden at v\u00e6re alt for bl\u00f8de. I h\u00e5nden forst\u00e6rker den reducerede diameter f\u00f8lelsen af lydh\u00f8rhed. Det er med det samme klart, at dette rat er lavet til at angribe.<\/p>\n<p>Det, der umiddelbart overrasker, er, hvor kompakt basen er i forhold til den kraft, den er i stand til at producere. P\u00e5 et stift cockpit er der ingen parasit\u00e6re bev\u00e6gelser, strukturen rykker sig ikke engang. P\u00e5 den anden side, p\u00e5 en let st\u00f8tte eller et skrivebord, bliver kraften i det direkte drev hurtigt gr\u00e6nsen for selve st\u00f8tten.<\/p>\n<p>Der, hvor jeg er lidt mere forbeholden, er i forhold til visse detaljer i rattets finish sammenlignet med rene premium-rat: h\u00e5ndtagsmaterialerne, som er OK, men ikke i topklasse, eller visse knapper, som f\u00f8les lidt \"plastikagtige\", n\u00e5r de h\u00e5ndteres uden for spillet. Du kan m\u00e6rke forskellen, n\u00e5r du sammenligner med rat fra meget avancerede specialm\u00e6rker. Men som en del af en komplet pakke forbliver det overordnede niveau meget sammenh\u00e6ngende til prisen.<\/p>\n<p>Sammenlignet med mere beskedne baser af CSL DD-typen vinder vi klart i opfattelsen af generel soliditet og seri\u00f8sitet i fremstillingen, uden at have hovedparten af de ekstreme baser p\u00e5 markedet.<\/p>\n<h2>Indstillinger, tilpasning og kompatibilitet: kraftfuld, men h\u00e5ndterbar<\/h2>\n<p>ClubSport DD er baseret p\u00e5 det s\u00e6dvanlige Fanatec-software\u00f8kosystem. Via kontrolpanelet p\u00e5 pc'en har du adgang til alle de klassiske indstillinger: samlet kraft, filtrering, friktion, d\u00e6mpning, interpolation og s\u00e5 videre. P\u00e5 basen og rattet giver menuerne dig mulighed for hurtigt at \u00e6ndre forudindstillingerne, hvilket er v\u00e6rdsat, n\u00e5r du skifter mellem F1, GT og rally.<\/p>\n<p>Indl\u00e6ringskurven er rimelig. Let \u00f8vede brugere vil hurtigt finde sig til rette. De grundl\u00e6ggende forudindstillinger er brugbare fra starten, men det virkelige potentiale frig\u00f8res, n\u00e5r du finjusterer den maksimale kraft og linearitet og reducerer visse filtre for at slippe flere detaljer igennem. For mit vedkommende f\u00f8lte jeg virkelig et ekstra skridt efter et par sessioner med finjustering, is\u00e6r ved at finjustere filtreringen for at opretholde glathed uden at kv\u00e6le information.<\/p>\n<p>P\u00e5 pc er kompatibiliteten bred, og de fleste moderne simulationer kan bruges uden problemer. P\u00e5 konsoller forbliver pakken i tr\u00e5d med Fanatecs logik: Afh\u00e6ngigt af versionen genkendes basen, ligesom rattet, og du har fordel af en rimelig plug &amp; play-anvendelse. Det vigtigste er, at dette s\u00e6t ikke er begr\u00e6nset til en bestemt platform, hvilket er betryggende, hvis du veksler mellem pc og konsol.<\/p>\n<p>Fanatecs \u00f8kosystem er et reelt aktiv: pedaler, gearskiftere, h\u00e5ndbremser, andre rat ... Du kan starte med denne pakke som en solid base og derefter gradvist udvide din ops\u00e6tning. Det er en rigtig opgradering. F1 Esports V2-rattet er i h\u00f8j grad rettet mod moderne formelbiler og GT'er, men der er ikke noget, der forhindrer dig i at tilf\u00f8je et st\u00f8rre rundt rat til rally eller prototyper.<\/p>\n<p>Med hensyn til holdbarhed i en ops\u00e6tning er vi helt klart p\u00e5 en base, som vi kan beholde i lang tid. Det er ikke en 'lille' opdagelse med direkte drev, det er en central platform, der kan ledsage seri\u00f8se fremskridt inden for simracing.<\/p>\n<h2>Fornemmelser i spil: hvor direkte drev virkelig kommer til sin ret<\/h2>\n<p>P\u00e5 banen er ClubSport DD's signatur helt klar: ren, pr\u00e6cis krafttilbagemelding med en god balance mellem kraft og l\u00e6sbarhed. Der er ikke noget r\u00e5t kaos her, bare en finjusteret afl\u00e6sning af, hvad bilen g\u00f8r.<\/p>\n<p>FFB's pr\u00e6cision er det, der skiller sig mest ud. Du kan meget hurtigt m\u00e6rke forskellen i forhold til en b\u00e6ltebase eller et lille direkte drev p\u00e5 indgangsniveau. Hjulet reagerer \u00f8jeblikkeligt p\u00e5 den mindste \u00e6ndring i grebet. Overgangen mellem greb og glid er mere gradvis og rigere p\u00e5 information. Du forst\u00e5r straks, hvad bilen g\u00f8r, is\u00e6r n\u00e5r du k\u00f8rer ind i et sving.<\/p>\n<p>I hurtige sving forbliver basen stabil uden parasit\u00e6re svingninger, s\u00e5 l\u00e6nge indstillingerne er korrekt indstillet. F1-rattet med sin reducerede st\u00f8rrelse forst\u00e6rker f\u00f8lelsen af lydh\u00f8rhed: Sm\u00e5 justeringer af banen foretages naturligt uden behov for at overdrive bev\u00e6gelserne. Man f\u00e5r en fornemmelse af, at man k\u00f8rer med h\u00e5ndleddene i stedet for med armene, hvilket er helt i tr\u00e5d med F1\/single-seater-stilen.<\/p>\n<p>Grebsm\u00e5lingerne er meget bedre end med en mindre kraftig base. Du kan m\u00e6rke, n\u00e5r forenden begynder at g\u00e5 i st\u00e5, n\u00e5r bagenden bliver let p\u00e5 bremsen, eller n\u00e5r en lidt aggressiv vibrator f\u00e5r bilen til at hoppe. Hvad ang\u00e5r vibratorerne, er feedbacken meget overbevisende: Du kan skelne en flad vibrator fra en mere aggressiv, og frem for alt den hastighed, du tager den med. Den sl\u00e5r, n\u00e5r du har brug for det, uden at det bliver smertefuldt, hvis du justerer kraften korrekt.<\/p>\n<p>Over lange sessioner er basens konsistens m\u00e6rkbar. Der er ingen variation i opf\u00f8rsel, ingen opvarmning, der forstyrrer f\u00f8lelsen. Tr\u00e6thed kommer hovedsageligt fra det kraftniveau, du l\u00e6gger p\u00e5 dig selv. Ved at reducere kraften til et rimeligt niveau kan du k\u00f8re i lang tid uden at overanstrenge skuldrene. Det direkte drev forbliver tilstr\u00e6kkeligt til stede, selv n\u00e5r kraften er underkalibreret. Det er her, denne bundplade skiller sig ud: Den forbliver kommunikativ, selv ved moderate procenter.<\/p>\n<p>Ved hurtige korrektioner, i tilf\u00e6lde af overstyring eller tab af bageste greb, er reaktionsevnen tydelig. Basen returnerer straks bev\u00e6gelserne, og rattets lille diameter hj\u00e6lper med at indhente bilen. P\u00e5 en remdrevet base eller en lille DD kan disse faser virke bl\u00f8dere eller lidt filtrerede. Her er alt mere direkte og ligetil. Du f\u00e5r tydeligvis tillid til gr\u00e6nsefaserne.<\/p>\n<p>Med en endnu mere kraftfuld base mister du lidt af den r\u00e5 aggression og det maksimale drejningsmoment, du f\u00e5r ud af h\u00e6nderne. Men helt \u00e6rligt, for de fleste ryttere er dette kraftniveau mere end nok. Den st\u00f8rste gevinst i forhold til et \"let\" direkte drev ligger i signalets finesse og styret\u00f8jets stabilitet ved h\u00f8j hastighed, snarere end i slagets voldsomhed. Det er her, denne base virkelig \u00e6ndrer oplevelsen.<\/p>\n<p>Med hensyn til indlevelse fungerer F1 Esports V2 base + rat-pakken meget godt p\u00e5 F1-titler, moderne GT'er og prototyper. Rattets format er ikke ideelt til at g\u00f8re alt, men fornemmelsen af at k\u00f8re en avanceret maskine er der helt sikkert. Du tager dig selv i at presse h\u00e5rdere, simpelthen fordi rattet giver dig selvtillid.<\/p>\n<h2>Hvem er det for? Daglige styrker og svagheder<\/h2>\n<p>Denne pakke er klart rettet mod motiverede brugere p\u00e5 mellemniveau til avanceret niveau, som ved, at de vil have et seri\u00f8st direkte drev og et rat i racerstil. En komplet nybegynder kan bruge det, men investeringen giver mere mening, hvis du allerede er hooked p\u00e5 simracing. P\u00e5 en konsol er det en fremragende base for en person, der \u00f8nsker at tage et skridt op fra massemarkedsrattet. P\u00e5 pc'en passer det perfekt til en ops\u00e6tning, der gerne vil v\u00e6re alsidig, men h\u00f8jtydende.<\/p>\n<p>En af de ting, jeg bedst kan lide, er kvaliteten af feedbacken. ClubSport DD overf\u00f8rer en masse detaljer uden at blive forvr\u00e6nget, hvilket virkelig giver indtryk af at flyve \"p\u00e5 fornemmelsen\". Basens kompakthed kombineret med dens kraft g\u00f8r den nem at integrere i et cockpit uden at skulle k\u00e6mpe om pladsen. Og det omgivende Fanatec-\u00f8kosystem (rat, pedaler, gearskiftere) g\u00f8r det endnu mere tiltr\u00e6kkende: Du investerer i et opgraderbart ops\u00e6tningscenter, ikke en blindgyde.<\/p>\n<p>Der er dog et par begr\u00e6nsninger, man skal v\u00e6re opm\u00e6rksom p\u00e5. P\u00e5 grund af sin form og diameter er F1 Esports V2-rattet ikke det mest alsidige i verden. Til rally, drifting eller mere 'klassisk' road racing vil et st\u00f8rre rundt rat helt klart v\u00e6re mere velegnet. For det andet er den samlede investering stadig betydelig: Du betaler for byggekvalitet, kraft og \u00f8kosystem, det er ikke et impuls- eller \"budget\"-produkt. Endelig kan justeringskurven tage lidt tid, f\u00f8r man virkelig f\u00e5r det bedste ud af basen. Du kan k\u00f8re meget hurtigt med en forudindstilling, men for at n\u00e5 det niveau af finesse, der forventes i dette omr\u00e5de, skal du v\u00e6re villig til at g\u00e5 gennem tuningsprocessen.<\/p>\n<p>Med hensyn til den opfattede v\u00e6rdi afh\u00e6nger det hele af dit udgangspunkt. Hvis du kommer fra et indgangshjul, er springet enormt, og investeringen m\u00e6rkes straks i form af gl\u00e6de og kontrol. Hvis du allerede k\u00f8rer p\u00e5 et lille direct drive, vil gevinsten v\u00e6re mere subtil, men mere varig og mere orienteret mod \"seri\u00f8se\" fremskridt.<\/p>\n<h2>Bed\u00f8mmelse: et ops\u00e6tningscenter til lange, st\u00e6rke ture<\/h2>\n<p>Fanatec ClubSport DD F1\u00ae Esports V2 \u00e6ndrer virkelig hjertet i en ops\u00e6tning. Vi g\u00e5r fra et rat, der \"spiller p\u00e5 simulering\", til en base, der tager simulering meget alvorligt. Mere drejningsmoment, flere detaljer, mere kontrol: alt opfordrer dig til at k\u00f8re renere og s\u00f8ge gr\u00e6nsen med selvtillid.<\/p>\n<p>Denne pakke indtager en central position p\u00e5 markedet: Det er hverken et ultraelit\u00e6rt produkt, der er forbeholdt en niche, eller et produkt p\u00e5 indgangsniveau. Det er et f\u00f8rsteklasses direkte drev, som er tilg\u00e6ngeligt for dem, der \u00f8nsker at tage et stort skridt fremad uden at g\u00e5 efter overdimensionerede monstre. F1 Esports V2-rattet fuldender pakken for dem, der k\u00f8rer formelbiler og moderne GT-biler.<\/p>\n<p>Jeg vil klart anbefale den til \u00f8vede og avancerede simracere, som vil have en holdbar base, der kan underst\u00f8tte et fuldt cockpit og seri\u00f8s progression. For en ren nybegynder eller en person, der foretr\u00e6kker lejlighedsvis sjov p\u00e5 \u00e5bne veje og rallyer, giver en mere alsidig kombination med et grundl\u00e6ggende rundt rat m\u00e5ske mere mening.<\/p>\n<p>Hvis du er p\u00e5 udkig efter et kraftfuldt, pr\u00e6cist og opgraderbart direct drive, der er klar til den moderne F1\/GT-verden, kan dette produkt g\u00f8re hele forskellen for dit setup.<\/p>","protected":false},"excerpt":{"rendered":"<p>Denne pakke giver dig virkelig f\u00f8lelsen af at g\u00e5 videre til mere seri\u00f8s simracing: Rattet bliver et pr\u00e6cisionsv\u00e6rkt\u00f8j, der hj\u00e6lper dig med at l\u00e6se grebet bedre og k\u00f8re renere. Det giver mening for simracere, der allerede er involveret, p\u00e5 pc eller konsol, som sigter mod F1\/GT\/udholdenhed og \u00f8nsker en holdbar base i centrum af en udviklende ops\u00e6tning.<\/p>","protected":false},"featured_media":100532,"comment_status":"open","ping_status":"closed","template":"","meta":{"_acf_changed":false,"_et_pb_use_builder":"","_et_pb_old_content":"","_et_gb_content_width":""},"product_brand":[158],"product_cat":[161,173],"product_tag":[149],"class_list":{"0":"post-100531","1":"product","2":"type-product","3":"status-publish","4":"has-post-thumbnail","6":"product_brand-fanatec","7":"product_cat-volant","8":"product_cat-volants-fanatec","9":"product_tag-pc","11":"first","12":"instock","13":"shipping-taxable","14":"product-type-external"},"acf":[],"_links":{"self":[{"href":"https:\/\/simracergear.com\/da\/wp-json\/wp\/v2\/product\/100531","targetHints":{"allow":["GET"]}}],"collection":[{"href":"https:\/\/simracergear.com\/da\/wp-json\/wp\/v2\/product"}],"about":[{"href":"https:\/\/simracergear.com\/da\/wp-json\/wp\/v2\/types\/product"}],"replies":[{"embeddable":true,"href":"https:\/\/simracergear.com\/da\/wp-json\/wp\/v2\/comments?post=100531"}],"wp:featuredmedia":[{"embeddable":true,"href":"https:\/\/simracergear.com\/da\/wp-json\/wp\/v2\/media\/100532"}],"wp:attachment":[{"href":"https:\/\/simracergear.com\/da\/wp-json\/wp\/v2\/media?parent=100531"}],"wp:term":[{"taxonomy":"product_brand","embeddable":true,"href":"https:\/\/simracergear.com\/da\/wp-json\/wp\/v2\/product_brand?post=100531"},{"taxonomy":"product_cat","embeddable":true,"href":"https:\/\/simracergear.com\/da\/wp-json\/wp\/v2\/product_cat?post=100531"},{"taxonomy":"product_tag","embeddable":true,"href":"https:\/\/simracergear.com\/da\/wp-json\/wp\/v2\/product_tag?post=100531"}],"curies":[{"name":"wp","href":"https:\/\/api.w.org\/{rel}","templated":true}]}}