{"id":100544,"date":"2025-05-15T07:45:00","date_gmt":"2025-05-15T07:45:00","guid":{"rendered":"https:\/\/simracergear.com\/products\/fanatec-clubsport-handbrake-v-1-5\/"},"modified":"2025-11-28T04:43:44","modified_gmt":"2025-11-28T04:43:44","slug":"fanatec-clubsport-handbrake-v-1-5","status":"publish","type":"product","link":"https:\/\/simracergear.com\/da\/products\/fanatec-clubsport-handbrake-v-1-5\/","title":{"rendered":"Fanatec Clubsport h\u00e5ndbremse V1.5"},"content":{"rendered":"<h2>Fanatec Clubsport Handbrake V1.5: seri\u00f8s h\u00e5ndbremse til kr\u00e6vende simracere<\/h2>\n<p>Fanatec Clubsport Handbrake V1.5 h\u00f8rer helt klart til i kategorien \"seri\u00f8st\" periferiudstyr til simracing. Det er ikke et stykke leget\u00f8j, ikke en gadget, men en rigtig analog h\u00e5ndbremse designet til rally, drifting og alle discipliner, hvor det at styre bagenden t\u00e6ller lige s\u00e5 meget som at trykke p\u00e5 speederen. Den er rettet mod det mellemliggende\/avancerede segment: st\u00e6rkere og mere trov\u00e6rdig end de sm\u00e5 h\u00e5ndbremser p\u00e5 indgangsniveau, men uden at n\u00e5 op p\u00e5 de vanvittige priser p\u00e5 nogle ultra-topmodeller.<\/p>\n<p>P\u00e5 papiret lover den pr\u00e6cis kontrol over slagl\u00e6ngden, fuld metalkonstruktion p\u00e5 lang sigt og problemfri integration i Fanatecs \u00f8kosystem. Ideen er enkel: at tilbyde en h\u00e5ndbremse, der lader dig kontrollere, ikke bare slippe.<\/p>\n<p>Min vinkel her er meget konkret: f\u00f8lelse i h\u00e5nden, progressivitet i spillet, materialekvalitet og virkelig nem integration i en eksisterende ops\u00e6tning. M\u00e5let er at se, om Handbrake V1.5 virkelig bidrager til k\u00f8reoplevelsen, eller om det bare er en nice-to-have for detaljeorienterede fans. Dette er helt klart en enhed, der kan forvandle en rallyetape eller en r\u00e6kke sving til et drift. Om den g\u00f8r det med finesse og p\u00e5lidelighed, m\u00e5 tiden vise.<\/p>\n<h2>Design og fremstilling<\/h2>\n<p>I h\u00e5nden giver Fanatec Clubsport Handbrake V1.5 straks indtryk af en solid blok. Metalkonstruktion, solidt h\u00e5ndtag, f\u00e5 synlige plastdele. Dette er en maskine, der indgyder tillid fra det f\u00f8rste \u00f8jeblik, du r\u00f8rer ved den. Intet bev\u00e6ger sig, intet lyder hult. T\u00e6theden er der, og man f\u00e5r indtryk af udstyr, der er i stand til at modst\u00e5 hundredtusindvis af print uden at blinke.<\/p>\n<p>Finishen er ren og sober, mere som et arbejdsredskab end et dekorativt objekt. Overfladerne er velbearbejdede, lakeringen er seri\u00f8s, og vinklerne er rene uden grater. De mekaniske justeringer (aksel, fjeder, stop) giver ikke indtryk af g\u00f8r-det-selv-arbejde, men af et gennemarbejdet industriprodukt. Man kan m\u00e6rke, at den er designet til at blive misbrugt.<\/p>\n<p>Det overraskende er, hvor stift det hele er. N\u00e5r den er monteret korrekt p\u00e5 et cockpit eller en passende plade, vrider h\u00e5ndtaget sig n\u00e6sten ikke, selv n\u00e5r der trykkes h\u00e5rdt. Feedbacken fra mekanikken er skarp og ren uden forstyrrende sl\u00f8r. Man indser hurtigt, at denne h\u00e5ndbremse er designet til at blive trukket h\u00e5rdt.<\/p>\n<p>Det, der m\u00e5ske er lidt skuffende, er den r\u00e5 ergonomi. Som standard er h\u00e5ndtaget ret enkelt, uden ekstravagant greb eller ultrakomfortabelt skum. Det er funktionelt, men ikke luksuri\u00f8st. Finishen er meget god, men ikke \"stuepr\u00e6mie\" i form af specialbearbejdede dele. Det er et sted mellem pro og semi-pro.<\/p>\n<p>Sammenlignet med plastikh\u00e5ndbremser p\u00e5 meget lavt niveau er det nat og dag. Sammenlignet med visse h\u00e5ndbyggede topmodeller mister vi lidt af det \"mekaniske juvel\"-aspekt, men vinder i form af integration og overordnet sammenh\u00e6ng i en Fanatec-ops\u00e6tning. Det overordnede indtryk er stadig et robust produkt, der er klar til at klare det daglige slid for en simracer, der er meget p\u00e5 farten.<\/p>\n<h2>Indstillinger, tilpasning og kompatibilitet<\/h2>\n<p>Med hensyn til hardwareindstillinger giver Clubsport Handbrake V1.5 dig mulighed for at justere h\u00e5ndtagets position (vandret eller mere lodret, afh\u00e6ngigt af cockpitkonfiguration eller rallystil) samt fjederens modstand. Justeringsomr\u00e5det er ikke uendeligt, men det er nok til at tilpasse h\u00e5rdheden til din stil: bl\u00f8dere til meget reaktiv drifting, fastere til rally, hvor du \u00f8nsker at kontrollere kraften mere naturligt.<\/p>\n<p>Vi taler ikke om den samme kompleksitet i justeringen som et kranks\u00e6t med en ultratilpasselig vejecelle, men de justeringer, der tilbydes, har en reel indvirkning i spillet. Du kan g\u00e5 fra en meget kort, nerv\u00f8s h\u00e5ndbremse til noget mere progressivt og l\u00e6ngere under et l\u00f8b, hvilket virkelig \u00e6ndrer den m\u00e5de, du styrer glidningen p\u00e5.<\/p>\n<p>P\u00e5 en pc er registreringen ligetil, is\u00e6r hvis du allerede er en del af Fanatecs \u00f8kosystem. Tilsluttet via en kompatibel base eller et kompatibelt modul genkendes h\u00e5ndbremsen som en analog indgang og fungerer godt med spillets kalibreringsmenuer. P\u00e5 konsoller afh\u00e6nger alt af b\u00e5de den anvendte Fanatec-base og spillets underst\u00f8ttelse. I praksis kan du i de fleste tilf\u00e6lde drage fordel af integrationen via basen, men det er ikke en selvst\u00e6ndig 'universel' periferienhed, der kan tilsluttes direkte til en konsol.<\/p>\n<p>Kompatibilitet med Fanatecs \u00f8kosystem er dens virkelige styrke. Clubsport- eller CSL-rat, pedaler, gearskiftere: alt er k\u00e6det sammen p\u00e5 en tydelig m\u00e5de. Man f\u00e5r en fornemmelse af, at denne h\u00e5ndbremse er designet til at v\u00e6re en del af en samlet ops\u00e6tning snarere end til at st\u00e5 alene. Udviklingen er enkel: Du kan tilf\u00f8je den til en eksisterende ops\u00e6tning som en ekstra brik og beholde den, n\u00e5r du bev\u00e6ger dig op i intervallet p\u00e5 basen eller rattet.<\/p>\n<p>Indl\u00e6ringskurven er stadig rimelig. Det tager lidt tid at v\u00e6nne sig til racerl\u00f8b og proportionering, is\u00e6r hvis man kommer fra en simpel h\u00e5ndbremseknap. N\u00e5r du f\u00f8rst er blevet kalibreret i spillet og justeret mekanisk, f\u00e5r du hurtigt styr p\u00e5 det. Det er ikke en skr\u00e6mmende periferiudstyr, men det tager lidt tid at f\u00e5 mest muligt ud af det.<\/p>\n<h2>Fornemmelser p\u00e5 spil<\/h2>\n<p>Der, hvor Fanatec Clubsport Handbrake V1.5 virkelig kommer til sin ret, er selvf\u00f8lgelig under legeforhold, p\u00e5 grus, sne eller drivende asfalt. Det f\u00f8rste, der sl\u00e5r dig, er, hvor progressivt l\u00f8bet er. Du kan virkelig m\u00e6rke, at bagenden \"bremser\" op, n\u00e5r du tr\u00e6kker i h\u00e5ndtaget, i stedet for bare pludselig at sl\u00e5 til og fra. Overgangen mellem greb og glid er meget tydeligere.<\/p>\n<p>Pr\u00e6cision har ikke noget at g\u00f8re med en knap eller en digital h\u00e5ndbremse. Her kan du beslutte at lette bagenden lidt for at registrere bilen eller g\u00e5 efter en rigtig sidevind. Med en almindelig h\u00e5ndbremse sidder man ofte enten helt fast eller helt sidel\u00e6ns. Med denne model er det muligt at finjustere doseringen. Frem for alt vinder du i nuance.<\/p>\n<p>I sn\u00e6vre rallykurver placerer bilen sig mere naturligt. Du kan tr\u00e6kke h\u00e5ndbremsen i starten af svinget, slippe den gradvist for at h\u00e6nge grebet op og virkelig justere kurvens radius med h\u00e5ndtaget. Bilen bliver mere livlig, men ogs\u00e5 mere forudsigelig. Du er ikke l\u00e6ngere udsat for at glide, du kontrollerer det.<\/p>\n<p>P\u00e5 vibratorer eller i overfladeovergange genererer h\u00e5ndbremsen ikke fysisk feedback som et Direct Drive-rat, men dens f\u00f8lsomhed giver dig mulighed for at tilpasse dig til det, du afl\u00e6ser visuelt og til rattets FFB. N\u00e5r bilen begynder at jage under opbremsningen, giver h\u00e5ndtaget dig nok kontrol til at korrigere uden at \u00f8del\u00e6gge alt. Man opdager hurtigt, n\u00e5r man er g\u00e5et for langt.<\/p>\n<p>I drifting er det endnu mere tydeligt. Starten p\u00e5 rutsjeturen er tydelig og kontrollerbar. Du kan tr\u00e6kke h\u00e5ndbremsen for at starte driften og derefter lege med indhentningen ved ikke at ramme endestoppet ved hvert tr\u00e6k. R\u00e6kkef\u00f8lgen af sving bliver mere j\u00e6vn, og du bliver mere konsekvent over lange sessioner. Armen bliver mindre tr\u00e6t, hvis fjederen er godt justeret, og h\u00e5ndledsbev\u00e6gelsen forbliver naturlig.<\/p>\n<p>Over lange sessioner er konsistensen god. H\u00e5ndtaget har den samme fornemmelse, uden m\u00e6rkbar afdrift og uden mist\u00e6nkelig st\u00f8j. Mekanikken er tillidsv\u00e6kkende, hvilket er vigtigt, hvis man vil k\u00f8re stabilt. Du bruger ikke tid p\u00e5 at t\u00e6nke over h\u00e5ndbremsen; du bruger den n\u00e6sten automatisk, som en forl\u00e6ngelse af din arm.<\/p>\n<p>Sammenlignet med en improviseret \"h\u00e5ndbremse\" via en knap p\u00e5 rattet eller et lille plastikh\u00e5ndtag p\u00e5 indgangsniveau er gevinsten i indlevelse og tillid enorm. Endelig har vi noget, der ligner et rigtigt rally- eller driftcockpit. Sammenlignet med nogle af de endnu mere avancerede systemer, der er baseret p\u00e5 mere avancerede sensorer eller hydraulik, er Fanatec lidt mindre raffineret i slutningen af l\u00f8bet og i \"stop\"-fornemmelsen, men forholdet mellem pr\u00e6cision, enkelhed og integration er stadig meget interessant.<\/p>\n<p>Det, der virkelig \u00e6ndrer sig, er evnen til at foretage hurtige, beregnede korrektioner. N\u00e5r bagenden g\u00e5r mere i st\u00e5 end forventet, kan bilen med et let slip p\u00e5 h\u00e5ndtaget komme sig uden at miste al kontrol. Du har simpelthen ikke denne justeringsmargen med et rent digitalt system. I praksis betyder det mere selvtillid og st\u00f8rre gl\u00e6de ved at angribe.<\/p>\n<h2>Hvem er den til? Hvad vi kan lide \/ Hvad vi ikke kan lide<\/h2>\n<p>Fanatec Clubsport Handbrake V1.5 er klart rettet mod den simracer, der allerede har investeret et minimum i sin ops\u00e6tning. Typisk profil: mellemliggende til erfaren spiller, rally-, drift- eller raceorienteret p\u00e5 baner med sn\u00e6vre passager, som k\u00f8rer regelm\u00e6ssigt og \u00f8nsker mere trov\u00e6rdig kontrol over bagenden. For den lejlighedsvise rene nybegynder kan budgettet og specialiseringen virke uforholdsm\u00e6ssig, is\u00e6r hvis resten af ops\u00e6tningen stadig er grundl\u00e6ggende.<\/p>\n<p>Det, jeg s\u00e6tter mest pris p\u00e5, er den overordnede konstruktion. Det f\u00f8les som et produkt, der er designet til at holde og klare belastningen, uden sl\u00f8r og uden bekymrende flex. Og s\u00e5 er der k\u00f8reegenskaberne: Muligheden for at kontrollere glidningen \u00e6ndrer bogstaveligt talt den m\u00e5de, du angriber et sving p\u00e5 i rally eller drifting. Endelig er integrationen i Fanatecs \u00f8kosystem et stort plus: N\u00e5r det er tilsluttet en kompatibel base, kommunikerer alt godt, genkendelsen i spil er flydende, og du beholder en sammenh\u00e6ngende ops\u00e6tning, der ligner et rigtigt cockpit.<\/p>\n<p>Men der er gr\u00e6nser. Grebets ergonomi er ret neutral: Det g\u00f8r arbejdet, men mangler lidt komfort eller greb for dem, der kan lide lange sessioner eller en meget \"pro rally\"-fornemmelse. Nogle vil ogs\u00e5 synes, at de mekaniske justeringsmuligheder er lidt begr\u00e6nsede sammenlignet med meget avancerede modeller, is\u00e6r med hensyn til modstandens detaljeringsgrad og f\u00f8lelsen af stop. Et sidste punkt: For spillere, der ikke allerede bruger Fanatec, kan integrationen v\u00e6re mindre ligetil, og produktet mister noget af sin tiltr\u00e6kningskraft i forhold til en selvst\u00e6ndig universalh\u00e5ndbremse.<\/p>\n<p>V\u00e6rdim\u00e6ssigt er dette en seri\u00f8s, men sammenh\u00e6ngende investering i en mellemliggende til avanceret ops\u00e6tning. Det er ikke et impulsk\u00f8b, det er et velovervejet valg for dem, der tager rally eller drifting alvorligt. I et allerede veludstyret setup giver denne h\u00e5ndbremse V1.5 helt klart et ekstra niveau af realisme og kontrol.<\/p>\n<h2>Bed\u00f8mmelse: et \u00e6gte plus til rally og drifting<\/h2>\n<p>Fanatec Clubsport Handbrake V1.5 bringer noget meget h\u00e5ndgribeligt til et setup: overgangen fra en simpel skydeudl\u00f8ser til et \u00e6gte proportioneringsv\u00e6rkt\u00f8j til bagenden. Den forvandler et baneorienteret cockpit til et trov\u00e6rdigt rally- og drift-cockpit. Det er tilbeh\u00f8ret, der forvandler en \"generalist\"-ops\u00e6tning til noget mere specialiseret og fordybende.<\/p>\n<p>P\u00e5 markedet er den placeret i mellem-\/topklassen: et godt stykke over leget\u00f8jsh\u00e5ndbremser, men mere tilg\u00e6ngelig og mere plug &amp; play end nogle ultraspecialiserede systemer. Den skinner bedst, n\u00e5r den bruges i et Fanatec-\u00f8kosystem, hvor dens integration og p\u00e5lidelighed giver mening.<\/p>\n<p>Jeg vil anbefale den til alle, der regelm\u00e6ssigt konkurrerer i rally, rallycross eller drift, som allerede er udstyret med en god base og et rat, og som \u00f8nsker at tage deres glidekontrol til det n\u00e6ste niveau. For en ren nybegynder eller en meget lejlighedsvis spiller er det bedre at investere i et godt rat og en solid pedalenhed, f\u00f8r man t\u00e6nker p\u00e5 en dedikeret h\u00e5ndbremse.<\/p>\n<p>Hvis du er p\u00e5 udkig efter bedre kontrol bagtil, mere afm\u00e5lte cross-cuts og mere livlige specials, kan dette produkt g\u00f8re hele forskellen for dit setup.<\/p>","protected":false},"excerpt":{"rendered":"<p>Denne h\u00e5ndbremse giver en reel gevinst i kontrollen over glidebanen: Du g\u00e5r fra en simpel udl\u00f8ser til et pr\u00e6cist v\u00e6rkt\u00f8j til at placere bagenden i rally og drifting, med en betryggende f\u00f8lelse af soliditet. Frem for alt giver det mening for mellemliggende eller erfarne simracere, der allerede er udstyret med Fanatec. Det er stadig en v\u00e6rdifuld investering, hvis du ofte konkurrerer i disse discipliner.<\/p>","protected":false},"featured_media":100545,"comment_status":"open","ping_status":"closed","template":"","meta":{"_acf_changed":false,"_et_pb_use_builder":"","_et_pb_old_content":"","_et_gb_content_width":""},"product_brand":[158],"product_cat":[150],"product_tag":[149,159,160],"class_list":{"0":"post-100544","1":"product","2":"type-product","3":"status-publish","4":"has-post-thumbnail","6":"product_brand-fanatec","7":"product_cat-frein-a-main","8":"product_tag-pc","9":"product_tag-playstation","10":"product_tag-xbox","12":"first","13":"instock","14":"shipping-taxable","15":"product-type-external"},"acf":[],"_links":{"self":[{"href":"https:\/\/simracergear.com\/da\/wp-json\/wp\/v2\/product\/100544","targetHints":{"allow":["GET"]}}],"collection":[{"href":"https:\/\/simracergear.com\/da\/wp-json\/wp\/v2\/product"}],"about":[{"href":"https:\/\/simracergear.com\/da\/wp-json\/wp\/v2\/types\/product"}],"replies":[{"embeddable":true,"href":"https:\/\/simracergear.com\/da\/wp-json\/wp\/v2\/comments?post=100544"}],"wp:featuredmedia":[{"embeddable":true,"href":"https:\/\/simracergear.com\/da\/wp-json\/wp\/v2\/media\/100545"}],"wp:attachment":[{"href":"https:\/\/simracergear.com\/da\/wp-json\/wp\/v2\/media?parent=100544"}],"wp:term":[{"taxonomy":"product_brand","embeddable":true,"href":"https:\/\/simracergear.com\/da\/wp-json\/wp\/v2\/product_brand?post=100544"},{"taxonomy":"product_cat","embeddable":true,"href":"https:\/\/simracergear.com\/da\/wp-json\/wp\/v2\/product_cat?post=100544"},{"taxonomy":"product_tag","embeddable":true,"href":"https:\/\/simracergear.com\/da\/wp-json\/wp\/v2\/product_tag?post=100544"}],"curies":[{"name":"wp","href":"https:\/\/api.w.org\/{rel}","templated":true}]}}