{"id":100592,"date":"2025-05-15T07:47:00","date_gmt":"2025-05-15T07:47:00","guid":{"rendered":"https:\/\/simracergear.com\/products\/fanatec-clubsport-shifter-sq-v-1-5\/"},"modified":"2025-11-28T04:45:10","modified_gmt":"2025-11-28T04:45:10","slug":"fanatec-clubsport-shifter-sq-v-1-5","status":"publish","type":"product","link":"https:\/\/simracergear.com\/da\/products\/fanatec-clubsport-shifter-sq-v-1-5\/","title":{"rendered":"Fanatec ClubSport Skifter SQ V1.5"},"content":{"rendered":"<h2>Fanatec ClubSport Shifter SQ V 1.5: h\u00e5ndtaget, der vil f\u00f8les som den \u00e6gte vare<\/h2>\n<p>Fanatec ClubSport Shifter SQ V 1.5 er helt klart en \"seri\u00f8s\" shifter til kr\u00e6vende sim-racere. Den er en tand bedre end de sm\u00e5 indgangsskiftere, men uden at g\u00e5 ind i galskaben med ultraspecifikke skiftere, der koster over 500 euro. Fanatec lover et robust, realistisk produkt, der kan bruges til b\u00e5de H-box og sekventielle skift, samtidig med at det passer fint ind i et allerede veletableret \u00f8kosystem.<\/p>\n<p>Det, der g\u00f8r den s\u00e5 tiltalende, er dens dobbelte rolle: at kunne k\u00f8re en moderne GT i sekventiel tilstand og derefter skifte til en gammel touringcar i H-tilstand uden at skifte udstyr. Alt dette med en mekanisk fornemmelse, der skal v\u00e6re t\u00e6ttere p\u00e5 den rigtige bil, langt fra plastikklikkene.<\/p>\n<p>Min vinkel er enkel: mekanisk fornemmelse, pr\u00e6cision i skiftene, gl\u00e6de ved daglig brug og konsistens med et moderne setup. For et gearskifte kan se godt ud p\u00e5 bordet ... og v\u00e6re skuffende p\u00e5 den virtuelle bane. Her er jeg lige s\u00e5 interesseret i, hvordan det f\u00f8les, som i hvor praktisk det er, og det vigtigste sp\u00f8rgsm\u00e5l er: Retf\u00e6rdigg\u00f8r det sin \"ClubSport\"-position i Fanatecs sortiment?<\/p>\n<p>&nbsp;<\/p>\n<h2>Design og fremstilling<\/h2>\n<p>N\u00e5r du tager ClubSport Shifter SQ V 1.5 ud af kassen, er hovedindtrykket t\u00e6thed. Kroppen er udelukkende lavet af metal med et massivt chassis, der udstr\u00e5ler stivhed. Ingen bl\u00f8d plast eller dele, der lyder hule: Du kan med det samme se, at dette er et produkt, der er designet til at modst\u00e5 mange \u00e5rs h\u00e5rd k\u00f8rsel.<\/p>\n<p>I h\u00e5nden er h\u00e5ndtaget kort og fast med en knop, der minder mere om en sportsvogn end en bybil. Den indvendige mekanisme giver en ligefrem mekanisk fornemmelse: Den klikker og glider langs et veldefineret spor. Du beh\u00f8ver ikke at k\u00e6mpe mod parasit\u00e6rt spil. Man indser hurtigt, at m\u00e5let er at give indtryk af at h\u00e5ndtere en rigtig mekanisk gearkasse, ikke bare en kontakt forkl\u00e6dt som gearskifter.<\/p>\n<p>Den overordnede finish er ren med de rigtige skruer og bolte, seri\u00f8se justeringer og lakering eller anodisering, der ikke ser billig ud. Det er helt klart et niveau over \"leget\u00f8jsagtige\" plastikskiftere. P\u00e5 et aluminiums- eller st\u00e5lcockpit passer det visuelt ind uden en falsk tone.<\/p>\n<p>Det er overraskende, hvor kompakt det hele f\u00f8les i forhold til dets robusthed. Det er en ret kompakt pakke, men en, der giver dig selvtillid til at g\u00e5 i gang. P\u00e5 den anden side kan nogle af detaljerne v\u00e6re lidt skuffende: Den originale drejeknap er funktionel, men ikke s\u00e6rlig premium, og gitterpladerne mangler raffinementet fra nogle af de mere eksklusive skiftere, is\u00e6r med hensyn til metal-til-metal-fornemmelsen.<\/p>\n<p>Sammenlignet med andre skiftere i denne kategori er vi meget konkurrencedygtige, n\u00e5r det g\u00e6lder den overordnede robusthed, og lidt mindre, n\u00e5r det g\u00e6lder aspektet \"fint stykke urmageri\". Det vigtige er, at ingen dele f\u00f8les skr\u00f8belige, og det er, hvad man kan forvente af et produkt, der skal uds\u00e6ttes for h\u00e5rdt arbejde ved hver tr\u00e6ning.<\/p>\n<p>&nbsp;<\/p>\n<h2>Indstillinger, tilpasning og kompatibilitet<\/h2>\n<p>ClubSport Shifter SQ V 1.5 tilbyder enkle, men nyttige mekaniske justeringer. Du kan justere gearskiftets h\u00e5rdhed via sp\u00e6ndeskruer, hvilket virkelig \u00e6ndrer fornemmelsen af cyklen. Du g\u00e5r fra et ret glat gearskifte til noget mere virilt, der kr\u00e6ver \u00e6gte engagement i hvert gear. For dem, der kan lide at f\u00f8le, at de skal \"ind i\" gearet, er dette m\u00e6rkbart.<\/p>\n<p>H\/sekventiel tilstand \u00e6ndres med et mekanisk h\u00e5ndtag p\u00e5 siden. Det sker med det samme, kr\u00e6ver ingen afmontering og giver reel fleksibilitet til daglig brug. I sekventiel tilstand bliver h\u00e5ndtaget til et simpelt tr\u00e6k\/skub '+\/-' med en kortere vandring og en ret tydelig mekanisk skraldefornemmelse.<\/p>\n<p>Med hensyn til ergonomi er der ingen komplekse menuer: \"Indstillingerne\" foretages direkte p\u00e5 gearskifteren. P\u00e5 pc'en kan du via Fanatecs \u00f8kosystem finjustere genkendelsen og sikre, at hvert gear registreres korrekt. L\u00e6ringskurven er kort: Bare s\u00e6t stikket i, kalibrer og k\u00f8r. For en person, der aldrig har sat et gearskifte op, vil det kr\u00e6ve lidt fors\u00f8g og fejl i starten, is\u00e6r for at forst\u00e5, hvordan man justerer stivheden, s\u00e5 den passer til monteringen i cockpittet.<\/p>\n<p>Med hensyn til kompatibilitet er skifteren designet til at fungere bedst med Fanatec-baser ved at blive tilsluttet direkte til dem. P\u00e5 pc'er kan du ogs\u00e5 bruge en USB-adapter, hvis det er n\u00f8dvendigt. P\u00e5 en konsol afh\u00e6nger brugen meget af den Fanatec-base, du bruger: I mange tilf\u00e6lde \"ser\" konsollen kun skifteren via basen, s\u00e5 du er n\u00f8dt til at holde dig inden for \u00f8kosystemet, for at alt kan genkendes korrekt.<\/p>\n<p>Hvad ang\u00e5r resten af ops\u00e6tningen, passer den godt sammen med et Fanatec-pedalbr\u00e6t og et stift cockpit. P\u00e5 et lettere chassis eller et bordstativ har du brug for en seri\u00f8s montering, fordi momentet, der ud\u00f8ves, n\u00e5r du skifter gear, hurtigt kan f\u00e5 det hele til at bev\u00e6ge sig. Med hensyn til opgraderingsmuligheder er dette ikke et engangsprodukt: Dette er en shifter, der kan blive p\u00e5 plads, selv om du opgraderer din base til et st\u00e6rkere Direct Drive.<\/p>\n<p>&nbsp;<\/p>\n<h2>Fornemmelser p\u00e5 spil<\/h2>\n<p>Det er her, ClubSport Shifter SQ V 1.5 skal retf\u00e6rdigg\u00f8re sin eksistens. Det, der virkelig skilte sig ud for mig, var den overordnede konsistens i H-f\u00f8lelsen. Neutral er veldefineret, gearbanerne er tydelige, og du kan m\u00e6rke hvert hak, n\u00e5r du skifter gear. Der er en \u00e6gte mekanisk vej at f\u00f8lge, s\u00e5 man undg\u00e5r f\u00f8lelsen af \"forkl\u00e6dt joystick\".<\/p>\n<p>N\u00e5r du k\u00f8rer, is\u00e6r p\u00e5 \u00e6ldre motorer eller GT'er med manuelle gearkasser, \u00e6ndrer det fuldst\u00e6ndig m\u00e5den, du k\u00f8rer p\u00e5. Du kan virkelig styre opskiftene, forudse h\u00e6l-t\u00e5 bev\u00e6gelsen og m\u00e6rke, hvorn\u00e5r du er i det rigtige gear. N\u00e5r tempoet \u00f8ges, f\u00f8lger gearstangen med: Der er ingen irriterende registreringsfejl, s\u00e5 l\u00e6nge kalibreringen er veludf\u00f8rt, og samlingen er stiv.<\/p>\n<p>H\u00e5ndtagets modstand bidrager enormt til f\u00f8lelsen af realisme. Over lange sessioner bliver fjederen ikke bl\u00f8dere, og f\u00f8lelsen forbliver konstant. Det vigtige er, at du kan ramme gearene uden at frygte for dit udstyr. Du vover at geare h\u00e5rdt ned, du vover at ramme 3 ud af et sn\u00e6vert hj\u00f8rne, og gearskifteren tager det. For indlevelsen er det et stort plus. Du f\u00f8ler virkelig, at du 'arbejder' med bilen.<\/p>\n<p>N\u00e5r det drejer sig om at afl\u00e6se \"greb\", taler et gearskifte naturligvis ikke som et Direct Drive-rat, men det p\u00e5virker den m\u00e5de, du f\u00f8ler bilen p\u00e5 under opbremsning og acceleration. N\u00e5r du styrer en H-gearkasse, har det rigtige gear p\u00e5 det rigtige tidspunkt direkte indflydelse p\u00e5 bilens stabilitet. Med denne ClubSport betyder pr\u00e6cisionen i gitteret, at du ved pr\u00e6cis, hvilket gear du er i. Ingen tvivl, ingen \"jeg tror, jeg er i 4... \u00e5h nej\". Det giver dig selvtillid.<\/p>\n<p>P\u00e5 vibratorer er det ikke en komponent, der overf\u00f8rer information direkte som et rat eller pedaler. P\u00e5 den anden side giver den mekaniske soliditet dig mulighed for at angribe uden tilbageholdenhed. N\u00e5r bilen g\u00e5r lidt i st\u00e5, n\u00e5r du modstyrer og gearer ned i en fart, er gearstangen der. Kontrollen under hurtige korrektioner er god: ingen lock-up, ingen ubehagelige mekaniske hikke.<\/p>\n<p>I sekventiel tilstand \u00e6ndres adf\u00e6rden. Slagl\u00e6ngden er kortere, og rykkene er skarpere. \"Klak-klak\"-fornemmelsen er ganske behagelig, selv om det stadig er et skridt ned fra de ultraaggressive rent sekventielle gearskiftere. Til rally eller moderne GT'er fungerer det rigtig godt. Du kan skifte op og ned uden at t\u00e6nke over det, n\u00e6sten i farten.<\/p>\n<p>Sammenlignet med en simpel plastikskifter p\u00e5 indgangsniveau ligger forbedringen prim\u00e6rt i konsistensen af skiftene og f\u00f8lelsen af indgreb. Du f\u00f8ler ikke l\u00e6ngere, at du r\u00f8rer ved en kontakt, men snarere en seri\u00f8s mekanisk del. Sammenlignet med nogle ultra-high-end gearskiftere, der er endnu h\u00e5rdere og mere st\u00f8jende, er ClubSport lidt mere \"civiliseret\". Det er en god balance mellem realisme og hverdagskomfort, is\u00e6r hvis du bruger mange timer i ligaen.<\/p>\n<p>&nbsp;<\/p>\n<h2>Hvem er den til? Hvad vi kan lide \/ Hvad vi ikke kan lide<\/h2>\n<p>Jeg ser ClubSport Shifter SQ V 1.5 som et produkt, der er designet til mellemliggende til avancerede sim-racere, der k\u00f8rer regelm\u00e6ssigt og \u00f8nsker en komplet ops\u00e6tning. For en motiveret nybegynder kan det v\u00e6re en rigtig god investering p\u00e5 mellemlang sigt, is\u00e6r hvis du allerede ved, at du kan lide biler med manuelt gear. P\u00e5 konsoller er det prim\u00e6rt rettet mod dem, der allerede er en del af Fanatecs \u00f8kosystem. P\u00e5 pc har det mere frihed, men forbliver ideelt integreret i en brandbase.<\/p>\n<p>Det, jeg is\u00e6r godt kan lide ved den, er dens oplevede robusthed. Man f\u00e5r en fornemmelse af, at den er bygget til at tage imod t\u00e6sk, hvilket giver en lyst til virkelig at \"komme ind i\" gearene. For det andet giver den dobbelte H + sekventielle funktion \u00e6gte alsidighed uden behov for flere perifere enheder. Endelig er den overordnede mekaniske fornemmelse tilfredsstillende: H\u00e5ndtaget har karakter, gearl\u00e5sene er tydelige, og gl\u00e6den ved at skifte gear er der. Der er den der \"du k\u00f8rer, ikke bare klikker\"-fornemmelse igen.<\/p>\n<p>Der er dog et par begr\u00e6nsninger, man skal huske p\u00e5. Den f\u00f8rste er, at den p\u00e5 trods af sin kvalitet ikke fuldt ud kan konkurrere med nogle ultra high-end gearskiftere med hensyn til ultimativ finish eller f\u00f8lelsen af en meget h\u00e5rd, ultra-metallisk racerboks. Den er solid, men ikke ekstrem. For det andet er knappen og nogle f\u00e5 \u00e6stetiske detaljer ret standard. Det fungerer, men fans af fint forarbejdede dele vil m\u00e5ske gerne opgradere knappen eller tilpasse udseendet lidt. Endelig kan afh\u00e6ngigheden af Fanatecs \u00f8kosystem v\u00e6re en bremse for dem, der \u00f8nsker at bryde med dette m\u00e6rke eller blande hardware mere frit, is\u00e6r p\u00e5 konsoller.<\/p>\n<p>Med hensyn til investering taler vi helt klart om et produkt, der har en omkostning, men som forsvarer sig godt med hensyn til oplevet v\u00e6rdi. Hvis du k\u00f8rer meget i H og sekventielt, bliver gevinsten i form af gl\u00e6de og realisme hurtigt indlysende. For en person, der bruger 90 % af sin tid p\u00e5 paller, er fordelen mere tvivlsom.<\/p>\n<p>&nbsp;<\/p>\n<h2>Dom<\/h2>\n<p>Fanatec ClubSport Shifter SQ V 1.5 bringer noget meget h\u00e5ndgribeligt til et setup: fornemmelsen af virkelig at \"arbejde\" med bilen med din h\u00f8jre (eller venstre, afh\u00e6ngigt af dit setup) h\u00e5nd. Den er det perfekte supplement til en Direct Drive-base og et godt pedalboard og tilf\u00f8jer det mekaniske lag, der mangler, n\u00e5r du kun k\u00f8rer med paddles.<\/p>\n<p>P\u00e5 markedet er den klart positioneret som en tilg\u00e6ngelig mellemklasse\/topmodel. Mere seri\u00f8s og holdbar end entry-level shifters, mindre ekstrem end nogle hyper-specialiserede modeller. Det er et godt omdrejningspunkt: Premium nok til at tilfredsstille en kr\u00e6vende simracer, uden at det g\u00e5r ud over budgettet eller begr\u00e6nsningerne.<\/p>\n<p>Jeg vil anbefale den til almindelige k\u00f8rere, der kan lide manuelle gearkasser og vil have et gearskifte, der kan g\u00f8re alt ordentligt, fra H til sekventielt. For den lejlighedsvise gamer, der sv\u00e6rger til paddles, vil det ikke v\u00e6re det bedste investeringsvalg. For en fan af mekanisk simracing giver den derimod god mening.<\/p>\n<p>Hvis du er p\u00e5 udkig efter et solidt, alsidigt gearskifte med en overbevisende f\u00f8lelse, der er godt integreret i et Fanatec-setup, kan dette produkt g\u00f8re hele forskellen for dit setup.<\/p>","protected":false},"excerpt":{"rendered":"<p>Denne shifter giver en \u00e6gte mekanisk fornemmelse og g\u00f8r en reel forskel for den m\u00e5de, du k\u00f8rer p\u00e5, is\u00e6r med en H-gearkasse. Den henvender sig prim\u00e6rt til almindelige sim-racere, der allerede er udstyret eller er klar til at blive en del af Fanatecs \u00f8kosystem, og som virkelig kan lide at \"arbejde\" med bilen i stedet for at k\u00f8re med paddles. Hele pakken giver konsekvent v\u00e6rdi for et seri\u00f8st, langtidsholdbart setup.<\/p>","protected":false},"featured_media":100593,"comment_status":"open","ping_status":"closed","template":"","meta":{"_acf_changed":false,"_et_pb_use_builder":"","_et_pb_old_content":"","_et_gb_content_width":""},"product_brand":[158],"product_cat":[152],"product_tag":[149,160],"class_list":{"0":"post-100592","1":"product","2":"type-product","3":"status-publish","4":"has-post-thumbnail","6":"product_brand-fanatec","7":"product_cat-levier-de-vitesse","8":"product_tag-pc","9":"product_tag-xbox","11":"first","12":"instock","13":"shipping-taxable","14":"product-type-external"},"acf":[],"_links":{"self":[{"href":"https:\/\/simracergear.com\/da\/wp-json\/wp\/v2\/product\/100592","targetHints":{"allow":["GET"]}}],"collection":[{"href":"https:\/\/simracergear.com\/da\/wp-json\/wp\/v2\/product"}],"about":[{"href":"https:\/\/simracergear.com\/da\/wp-json\/wp\/v2\/types\/product"}],"replies":[{"embeddable":true,"href":"https:\/\/simracergear.com\/da\/wp-json\/wp\/v2\/comments?post=100592"}],"wp:featuredmedia":[{"embeddable":true,"href":"https:\/\/simracergear.com\/da\/wp-json\/wp\/v2\/media\/100593"}],"wp:attachment":[{"href":"https:\/\/simracergear.com\/da\/wp-json\/wp\/v2\/media?parent=100592"}],"wp:term":[{"taxonomy":"product_brand","embeddable":true,"href":"https:\/\/simracergear.com\/da\/wp-json\/wp\/v2\/product_brand?post=100592"},{"taxonomy":"product_cat","embeddable":true,"href":"https:\/\/simracergear.com\/da\/wp-json\/wp\/v2\/product_cat?post=100592"},{"taxonomy":"product_tag","embeddable":true,"href":"https:\/\/simracergear.com\/da\/wp-json\/wp\/v2\/product_tag?post=100592"}],"curies":[{"name":"wp","href":"https:\/\/api.w.org\/{rel}","templated":true}]}}