{"id":100763,"date":"2025-11-28T04:46:44","date_gmt":"2025-11-28T04:46:44","guid":{"rendered":"https:\/\/simracergear.com\/products\/fanatec-clubsport-steering-wheel-porsche-911-gt3-r-v2-for-xbox-suede\/"},"modified":"2025-11-28T04:46:44","modified_gmt":"2025-11-28T04:46:44","slug":"fanatec-clubsport-steering-wheel-porsche-911-gt3-r-v2-for-xbox-suede","status":"publish","type":"product","link":"https:\/\/simracergear.com\/da\/products\/fanatec-clubsport-steering-wheel-porsche-911-gt3-r-v2-for-xbox-suede\/","title":{"rendered":"Fanatec ClubSport rat Porsche 911 GT3 R V2 til Xbox (ruskind)"},"content":{"rendered":"<h2>Fanatec ClubSport Steering Wheel Porsche 911 GT3 R V2 til Xbox (ruskind) : test og anmeldelse<\/h2>\n<p>ClubSport Steering Wheel Porsche 911 GT3 R V2 for Xbox (Suede) er klart positioneret som et \"seri\u00f8st premium\"-rat i Fanatecs \u00f8kosystem. Det er ikke bare et erstatningsrat: Det er en moderne GT3-replika, designet til ClubSport- og Podium-baserne, med integreret Xbox-kompatibilitet og en meget indlevelsesorienteret tilgang.<\/p>\n<p>P\u00e5 papiret lover det tre ting: realisme i form og st\u00f8rrelse meget t\u00e6t p\u00e5 et rigtigt rat, ergonomi i GT-stil, der fungerer lige s\u00e5 godt i GT3 som i prototyper eller moderne rally, og fuld integration i Fanatecs \u00f8kosystem, uanset om det er p\u00e5 pc eller Xbox. M\u00e5let er klart: at tilbyde et \"top-of-the-range multi-purpose\" rat til dem, der \u00f8nsker at g\u00e5 et gear op uden at g\u00e5 ned ad den ultra-niche skr\u00e6ddersyede rute.<\/p>\n<p>Min vinkel er enkel: P\u00e5 dette prisniveau forventer jeg en eksemplarisk finish, komfort, der holder i flere timer, en fin afl\u00e6sning af bilen i h\u00e6nderne og ergonomi uden dikkedarer. For mig ligger tiltr\u00e6kningskraften ved dette rat p\u00e5 tre omr\u00e5der: kvaliteten af ruskindsgrebet, tilg\u00e6ngeligheden af betjeningselementerne i aktion og den overordnede realisme i det kraftfulde Direct Drive-underst\u00f8ttelse. Det er her, denne type produkt virkelig skal retf\u00e6rdigg\u00f8re sin eksistens i et setup.<\/p>\n<h2>Design, fremstilling og f\u00f8lelse<\/h2>\n<p>I h\u00e5nden er det f\u00f8rste indtryk meget klart: Du holder et t\u00e6t, stift rat med \u00e6gte tilstedev\u00e6relse. Diameteren i GT3-stil giver dig straks den rigtige skala, hverken for lille til F1 eller for stor til vejen. Du kan m\u00e6rke, at Fanatec sigter mod moderne banek\u00f8rsel uden arkadekompromiser.<\/p>\n<p>Ruskindet er af god kvalitet, ret tykt og med en struktur, der griber godt fat i handskerne. Det f\u00f8les godt med bare h\u00e6nder, men man indser straks, at dette materiale er designet til at blive brugt med handsker, hvis man vil bevare det over tid. Syningerne er rene og j\u00e6vne, og der er ingen irriterende fortykkelse under fingrene. Vi leder ikke efter fejl, vi koncentrerer os om grebet.<\/p>\n<p>Rattets struktur er stiv, uden m\u00e6rkbar b\u00f8jning, selv n\u00e5r det bevidst vrides. Samlingen med det integrerede ClubSport-nav er ren, tolerancerne er stramme, intet bev\u00e6ger sig, intet vibrerer uden for FFB. Det hele udstr\u00e5ler seri\u00f8sitet. Det er helt klart et niveau over de mere 'entry-level' Fanatec-hjul eller andre plastikorienterede m\u00e6rker.<\/p>\n<p>Der, hvor den virkelig imponerer, er den overordnede solide fornemmelse. Knapperne klikker fast, drejeskiverne drejer med en velafbalanceret modstand, og padlerne f\u00f8les naturlige under fingrene. Det f\u00f8les som et produkt, der er designet til at modst\u00e5 mange timers brug.<\/p>\n<p>Det, der m\u00e5ske er lidt skuffende, er, at vi p\u00e5 trods af prisen stadig taler om et \"f\u00f8rsteklasses industrielt\" finishniveau snarere end en \"skr\u00e6ddersyet racerjuvel\". Is\u00e6r ruskindet g\u00f8r et rigtig godt stykke arbejde, men giver ikke den samme f\u00f8lelse af perfektion som nogle ultra high-end custom-hjul. Sammenlignet med andre Fanatec ClubSport-rat er stigningen i kvalitet mere et sp\u00f8rgsm\u00e5l om ergonomi og generel f\u00f8lelse end et massivt spring i finish.<\/p>\n<h2>Indstillinger, tilpasning og kompatibilitet<\/h2>\n<p>Hvad ang\u00e5r indstillinger, er vi stadig i Fanatec-verdenen: Alt g\u00e5r gennem basen (eller hurtigmenuen) og gennem pc-softwaren, hvis du vil finjustere. Selve rattet er der ikke for at tilf\u00f8je komplikationer, men for at give velplacerede kontroller. Helt \u00e6rligt er ergonomien meget god: De vigtigste knapper er tilg\u00e6ngelige uden at tage h\u00e6nderne af rattet, drejeknapperne kan bruges under et l\u00f8b til ABS, TC eller bremsebias, og logikken i placeringen forbliver intuitiv.<\/p>\n<p>Indl\u00e6ringskurven for styringen er rimelig. Der er ret mange knapper og indgange, men man f\u00f8ler sig ikke overv\u00e6ldet. Efter et par sessioner bliver alt automatisk: Du ved, hvor du skal g\u00e5 hen for at \u00e6ndre et motorprogram eller en blanding uden at skulle kigge p\u00e5 rattet. Det er pr\u00e6cis, hvad du ville forvente af et rat i GT3-stil.<\/p>\n<p>Hvad ang\u00e5r tilpasning, ligger hovedinteressen i at tildele kontroller i spil og i Fanatec-profiler. Det er nemt at justere FFB'ens generelle kraft, d\u00e6mpningen, friktionen og effekternes f\u00f8lsomhed. Rattet reagerer meget rent p\u00e5 disse \u00e6ndringer, uden d\u00f8de zoner eller m\u00e6rkelig adf\u00e6rd. Du kan m\u00e6rke, at den mekaniske forbindelse til basen er solid, og at informationen overf\u00f8res uden noget overfl\u00f8digt filter.<\/p>\n<p>Med hensyn til kompatibilitet er dette et af dens store salgsargumenter. Takket v\u00e6re den Xbox-licens, der er indbygget i hubben, kan den bruges p\u00e5 b\u00e5de pc'er og Xbox-konsoller, s\u00e5 l\u00e6nge Fanatec-basen ogs\u00e5 er kompatibel. P\u00e5 PlayStation afh\u00e6nger kompatibiliteten af basen, som altid med Fanatec. Det omgivende \u00f8kosystem er omfattende: pedaler, gearskiftere, h\u00e5ndbremser, cockpits ... dette rat passer naturligt ind i et setup, der allerede er udstyret med Fanatec.<\/p>\n<p>I praksis er det ikke et simpelt startpunkt, men snarere et hjul, der er designet til at holde i et seri\u00f8st simracer-setup. Det er nemt at starte med en ClubSport-base og derefter opgradere til et mere kraftfuldt Podium uden at skulle udskifte det. Det holder trit med udviklingen i markedet uden at blive overhalet.<\/p>\n<h2>Fornemmelser i leg: hjertet af oplevelsen<\/h2>\n<p>Det er f\u00f8rst p\u00e5 banen, at denne ClubSport Porsche 911 GT3 R V2 (Suede) virkelig viser sit v\u00e6rd. Det f\u00f8rste, der sl\u00e5r dig, er pr\u00e6cisionen i de oplysninger, der n\u00e5r dine h\u00e6nder. Rattet drejer ikke bare med kraft, det sk\u00e6rer detaljerne i FFB ud med finesse, is\u00e6r p\u00e5 en velafstemt Direct Drive-base.<\/p>\n<p>I hurtige sving kan du tydeligt m\u00e6rke, hvordan belastningen p\u00e5 rattet \u00f8ges, styret\u00f8jet bliver h\u00e5rdere, og s\u00e5 flyder det en smule, n\u00e5r du n\u00e5r gr\u00e6nsen for vejgreb. Overgangen fra \"den holder\" til \"den begynder at glide\" er tydelig og progressiv. Du forst\u00e5r med det samme, hvad bilen g\u00f8r. Det er her, kombinationen af diameter\/form\/stivhed virkelig kommer til sin ret.<\/p>\n<p>Afl\u00e6sningen af vejgreb er s\u00e6rligt overbevisende. I GT3 kan du f.eks. virkelig m\u00e6rke mikrodriften i forenden, fornemmelsen af et d\u00e6k, der \"glider lidt, men holder fast\". Med forhjulstr\u00e6k eller kraftigt baghjulstr\u00e6k bliver ethvert tab af vejgreb forudsigeligt. Du kan forudse og korrigere tidligere, og der er f\u00e6rre voldsomme overraskelser. Denne type rat p\u00e5 en god base giver dig f\u00f8lelsen af at styre bilen med fingerspidserne, ikke bare at styre den.<\/p>\n<p>P\u00e5 vibratorer er k\u00f8rslen t\u00f8r, men ikke brutal. Aggressive kanter skiller sig ud, is\u00e6r p\u00e5 baner som SPA, Monza eller visse bybaner. Rattet overf\u00f8rer banens tekstur uden at blive mudret. Der er meget lidt uvedkommende st\u00f8j, selv n\u00e5r der skrues lidt op for effekterne. Overflade\u00e6ndringer (asfalt, vibrationer, astroturf, grus) er nemme at skelne.<\/p>\n<p>Over lange sessioner er komforten en positiv overraskelse. Rattets generelle form giver dig mulighed for at variere din h\u00e5ndposition en smule uden at miste kontrollen. Ruskindet giver nok greb, s\u00e5 du ikke beh\u00f8ver at gribe som en gal, is\u00e6r ikke med handsker p\u00e5. I slutningen af en lang l\u00f8betur er underarmene tr\u00e6tte af intensiteten, men der er ingen s\u00e6rlig smerte fra selve rattet.<\/p>\n<p>Rattet reagerer hurtigt p\u00e5 hurtige korrektioner, is\u00e6r n\u00e5r man glider eller overstyrer, og det f\u00f8les ikke, som om det sl\u00e6ber. Stivheden hj\u00e6lper meget: N\u00e5r du modstyrer, f\u00f8ler du, at basen tager h\u00f8jde for hver eneste grad af rotation. Sm\u00e5 svingninger er nemme at kontrollere, og du kan styre m\u00e6ngden uden at f\u00f8le, at du k\u00e6mper med et \"bl\u00f8dt\" rat.<\/p>\n<p>Sammenlignet med et svinghjul, der er monteret p\u00e5 en mindre kraftig base eller med en konventionel rem, ligger gevinsten i feedbackens klarhed. Sm\u00e5 bidder af information, som ofte bliver filtreret fra eller drukner, kommer tydeligere igennem her. Bilen f\u00f8les mere \"levende\" i dine h\u00e6nder. Sammenlignet med meget lette rat eller rat p\u00e5 indgangsniveau vinder vi ogs\u00e5 i stabilitet og konsistens. Rattets t\u00e6thed bidrager til denne f\u00f8lelse af seri\u00f8sitet.<\/p>\n<p>Sammenlignet med en meget mere kraftfuld basismodel begr\u00e6nser rattet ikke rigtig potentialet. Det h\u00e5ndterer store kr\u00e6fter uden at blinke og er stadig let at afl\u00e6se. Den virkelige begr\u00e6nsning kommer mere fra selve basen end fra rattet. ClubSport Porsche 911 GT3 R V2 skaber ikke en kunstig effekt; den lader basen udtrykke sig fuldt ud, samtidig med at den tilf\u00f8jer sin egen signatur af komfort og pr\u00e6cision.<\/p>\n<h2>Hvem er den til? Hvad vi kan lide \/ Hvad vi ikke kan lide<\/h2>\n<p>Dette rat er helt klart rettet mod mellemliggende til avancerede sim-racere, dem, der k\u00f8rer regelm\u00e6ssigt, som allerede har en anst\u00e6ndig Fanatec-base, og som \u00f8nsker at forbedre deres GT3\/GT-indlevelse. P\u00e5 Xbox fungerer det som et \"seri\u00f8st\" rat til dem, der vil bev\u00e6ge sig v\u00e6k fra begynders\u00e6ttene. P\u00e5 pc'en passer det rigtig godt ind i en udholdenheds-, GT- og moderne racing-orienteret ops\u00e6tning.<\/p>\n<p>Det, jeg s\u00e6tter mest pris p\u00e5, er kvaliteten af feedbacken kombineret med den generelle stivhed. Rattet f\u00f8les altid under kontrol, selv i ekstreme situationer. Jeg kan ogs\u00e5 godt lide den overordnede ergonomi: Knapperne f\u00f8les gode, drejehjulene er brugbare i et l\u00f8b, og du kan virkelig styre din bil, som du ville g\u00f8re i det virkelige liv, uden at fare vild. Endelig g\u00f8r den indbyggede Xbox-kompatibilitet og s\u00f8ml\u00f8se integration i Fanatecs \u00f8kosystem dette til et betryggende valg: Du ved, at det vil holde trit med \u00e6ndringer i ops\u00e6tningen uden at blive for\u00e6ldet for hurtigt. For nogen, der investerer seri\u00f8st i deres hardware, er den oplevede v\u00e6rdi solid.<\/p>\n<p>P\u00e5 den anden side er der et par begr\u00e6nsninger. Den f\u00f8rste er ruskind: fantastisk i forhold til f\u00f8lelsen, men kr\u00e6vende i forhold til vedligeholdelse og klart mere skr\u00f8beligt, hvis du ofte cykler med bare h\u00e6nder. Du er n\u00f8dt til at acceptere denne begr\u00e6nsning og eventuelt investere i et par handsker. Det andet er prisen: Vi er i en zone, hvor nogle sim-racere vil t\u00f8ve mellem dette rat og mere specialiserede eller tilpassede muligheder. Du skal virkelig \u00f8nske dig GT3-formatet og Xbox-kompatibilitet for at kunne retf\u00e6rdigg\u00f8re det fuldt ud. For det tredje kan dette rat for en nybegynder virke lidt overdimensioneret: masser af knapper, et handskelignende greb og en pris, der kun giver mening, hvis du virkelig udnytter dets kvaliteter.<\/p>\n<p>For brugere, der allerede er involveret i simracing, og som ser deres setup som en langsigtet investering snarere end et impulsk\u00f8b, giver denne ClubSport Porsche 911 GT3 R V2 helt klart mening. Den opfylder mange vigtige kriterier: f\u00f8lelse, komfort, alsidighed, integration.<\/p>\n<h2>Bed\u00f8mmelse: et seri\u00f8st GT3-rat til kr\u00e6vende ops\u00e6tninger<\/h2>\n<p>Dette rat \u00e6ndrer prim\u00e6rt \u00e9n ting i en ops\u00e6tning: den m\u00e5de, du afl\u00e6ser bilen p\u00e5. Ikke alene giver det bilen et flot Porsche-look, det skaber ogs\u00e5 en \u00e6gte sammenh\u00e6ng mellem form, st\u00f8rrelse, greb og den m\u00e5de, FFB f\u00f8les i h\u00e6nderne p\u00e5. Man f\u00e5r indtryk af, at man g\u00e5r fra et godt 'generalist'-rat til et k\u00f8rev\u00e6rkt\u00f8j, der er designet til moderne racerl\u00f8b.<\/p>\n<p>P\u00e5 markedet er det helt klart i premiumsegmentet, uden at g\u00e5 s\u00e5 langt som til ultraeksklusive specialfremstillede rat. Dette er et \"tilg\u00e6ngeligt\" topprodukt til seri\u00f8se sim-racere, ikke en gadget, ikke begynderudstyr. Det giver perfekt mening med en ClubSport- eller Podium-base og i et milj\u00f8, hvor folk k\u00f8rer regelm\u00e6ssigt.<\/p>\n<p>Jeg vil anbefale det til dem, der prim\u00e6rt k\u00f8rer GT3\/GT eller proto-biler, som vil have en t\u00e6t p\u00e5 virkelig fordybelsesoplevelse, og som allerede bruger eller planl\u00e6gger at bruge en h\u00f8jtydende Fanatec-base. For en lejlighedsvis neofyt eller en person, der bare leder efter et alsidigt rat p\u00e5 et budget, er det ikke det bedste valg: Det ville blive underudnyttet, og prisen ville v\u00e6re sv\u00e6r at forsvare.<\/p>\n<p>Hvis du er p\u00e5 udkig efter et stift, pr\u00e6cist og medrivende GT3-rat, der kan f\u00f8lge en f\u00f8rsteklasses Direct Drive-base p\u00e5 pc og Xbox, kan dette produkt helt klart g\u00f8re en forskel i dit setup.<\/p>","protected":false},"excerpt":{"rendered":"<p>Dette rat gav mig en fornemmelse af virkelig at \"l\u00e6se\" bilen bedre, med en seri\u00f8s og konsekvent fornemmelse p\u00e5 banen, is\u00e6r p\u00e5 Direct Drive-baser. Det giver mere mening for sim-racere, der allerede er udstyret med Fanatec, og som regelm\u00e6ssigt k\u00f8rer GT3\/GT eller proto og \u00f8nsker et holdbart, indlevende og velintegreret rat, end for den lejlighedsvise nybegynder.<\/p>","protected":false},"featured_media":100764,"comment_status":"open","ping_status":"closed","template":"","meta":{"_acf_changed":false,"_et_pb_use_builder":"","_et_pb_old_content":"","_et_gb_content_width":""},"product_brand":[158],"product_cat":[156],"product_tag":[149,159,160],"class_list":{"0":"post-100763","1":"product","2":"type-product","3":"status-publish","4":"has-post-thumbnail","6":"product_brand-fanatec","7":"product_cat-roue-de-volant","8":"product_tag-pc","9":"product_tag-playstation","10":"product_tag-xbox","12":"first","13":"instock","14":"shipping-taxable","15":"product-type-external"},"acf":[],"_links":{"self":[{"href":"https:\/\/simracergear.com\/da\/wp-json\/wp\/v2\/product\/100763","targetHints":{"allow":["GET"]}}],"collection":[{"href":"https:\/\/simracergear.com\/da\/wp-json\/wp\/v2\/product"}],"about":[{"href":"https:\/\/simracergear.com\/da\/wp-json\/wp\/v2\/types\/product"}],"replies":[{"embeddable":true,"href":"https:\/\/simracergear.com\/da\/wp-json\/wp\/v2\/comments?post=100763"}],"wp:featuredmedia":[{"embeddable":true,"href":"https:\/\/simracergear.com\/da\/wp-json\/wp\/v2\/media\/100764"}],"wp:attachment":[{"href":"https:\/\/simracergear.com\/da\/wp-json\/wp\/v2\/media?parent=100763"}],"wp:term":[{"taxonomy":"product_brand","embeddable":true,"href":"https:\/\/simracergear.com\/da\/wp-json\/wp\/v2\/product_brand?post=100763"},{"taxonomy":"product_cat","embeddable":true,"href":"https:\/\/simracergear.com\/da\/wp-json\/wp\/v2\/product_cat?post=100763"},{"taxonomy":"product_tag","embeddable":true,"href":"https:\/\/simracergear.com\/da\/wp-json\/wp\/v2\/product_tag?post=100763"}],"curies":[{"name":"wp","href":"https:\/\/api.w.org\/{rel}","templated":true}]}}