{"id":100975,"date":"2025-05-15T07:57:00","date_gmt":"2025-05-15T07:57:00","guid":{"rendered":"https:\/\/simracergear.com\/products\/fanatec-csl-dd-ready2race-mclaren-elite-bundle-8-nm-for-xbox-pc\/"},"modified":"2025-11-28T04:54:20","modified_gmt":"2025-11-28T04:54:20","slug":"fanatec-csl-dd-ready2race-mclaren-elite-bundle-8-nm-for-xbox-pc","status":"publish","type":"product","link":"https:\/\/simracergear.com\/da\/products\/fanatec-csl-dd-ready2race-mclaren-elite-bundle-8-nm-for-xbox-pc\/","title":{"rendered":"Fanatec CSL DD Ready2Race McLaren Elite Bundle (8 Nm) til Xbox &amp; PC"},"content":{"rendered":"<h2>Fanatec CSL DD Ready2Race McLaren Elite Bundle (8 Nm) : test og fuld anmeldelse<\/h2>\n<p>Fanatec CSL DD Ready2Race McLaren Elite Bundle (8 Nm) er klart positioneret som en \"seri\u00f8s\" pakke til at skifte til Direct Drive uden at kaste sig ud i den aller\u00f8verste ende. Mellem de grundl\u00e6ggende remdrevne indgangsprodukter og kraftmonstrene sigter denne pakke mod at finde den rette balance: sp\u00e6nding, Xbox\/PC-kompatibilitet og et McLaren-rat, der taler direkte til GT- og F1-fans.<\/p>\n<p>Frem for alt lover denne pakke to ting: et stort spring i indlevelse sammenlignet med konventionelle rat, og en n\u00e6sten n\u00f8glef\u00e6rdig ops\u00e6tning til hurtig k\u00f8rsel uden at skulle samle alt selv. Den vinkel, jeg havde i tankerne, da jeg testede den: pr\u00e6cis kraftfeedback, brugervenlighed over tid og reel v\u00e6rdi for pengene i en \"kr\u00e6vende, men rimelig simracer\"-kontekst.<\/p>\n<p>Det er tydeligt, at Fanatec henvender sig til gamere, der er tr\u00e6tte af \"leget\u00f8jshardware\" og vil have noget, der er trov\u00e6rdigt, solidt og kan opgraderes, uden at det g\u00e5r ud over budgettet. Pakken opfylder mange krav p\u00e5 papiret. Sp\u00f8rgsm\u00e5let er, om de 8 Nm og McLaren Elite-pakken lever op til deres l\u00f8fter p\u00e5 banen, og for hvilken k\u00f8rerprofil giver denne pakke virkelig mening?<\/p>\n<h2>Design og fremstilling: seri\u00f8s, kompakt og pr\u00e6stationsorienteret<\/h2>\n<p>Visuelt skiller CSL DD-basen sig ud med sin kompakthed og sin metalblok i varmelegeme-stil. Man kan med det samme se, at den er designet som et v\u00e6rkt\u00f8j og ikke som et dekorativt stykke leget\u00f8j. Lamellerne bruges til passiv afledning, hvilket giver den et teknisk udseende og forst\u00e6rker indtrykket af t\u00e6thed. I h\u00e5nden er basen tillidsv\u00e6kkende: Den er kompakt, tung i forhold til sin st\u00f8rrelse og uden m\u00e6rkbart sl\u00f8r.<\/p>\n<p>McLaren GT3 v2-rattet tilf\u00f8jer wow-faktoren til pakken. U-formet, moderne GT3-inspireret, med en r\u00e6kke muligheder p\u00e5 forsiden. Grebet er behageligt, og bel\u00e6gningen giver et godt greb, selv under lange sessioner. Knapperne er mange, men godt fordelt, og tommelfingerhjulet og den lille centrale sk\u00e6rm giver en fornemmelse af \"rigtigt racerv\u00e6rkt\u00f8j\". Det f\u00f8les, som om du kan kortl\u00e6gge alt, hvad du har brug for, uden at g\u00e5 for meget p\u00e5 kompromis.<\/p>\n<p>Den overordnede stivhed er god for denne kategori. Quick Release Lite g\u00f8r arbejdet, selv om man f\u00e5r en fornemmelse af, at man ikke bruger m\u00e6rkets f\u00f8rsteklasses QR-system. Der er nogle gange en let f\u00f8lelse af flex eller spil, som kan m\u00e6rkes, hvis du leder efter det lille dyr, is\u00e6r sammenlignet med mere premium QR'er, men ikke noget, der er generende under normale k\u00f8rselsforhold.<\/p>\n<p>Det, der overrasker, er det overordnede niveau af finish for en \"mellemklasse\"-pakke. Der er ikke noget billigt over det, selvom nogle af plastikdelene p\u00e5 rattet er en p\u00e5mindelse om, at vi ikke har at g\u00f8re med et produkt til ubegr\u00e6nset pris. Sammenlignet med entry-level rat med b\u00e6lter eller gear er dette helt klart et skridt op: t\u00e6ttere, mere seri\u00f8st, mere \"sim racing tool\" end \"gaming accessory\".<\/p>\n<h2>Indstillinger, tilpasning og kompatibilitet: et \u00f8kosystem, der holder vand<\/h2>\n<p>N\u00e5r det g\u00e6lder indstillinger, g\u00f8r Fanatecs \u00f8kosystem hele forskellen. N\u00e5r basen er installeret, giver den integrerede menu via knappen p\u00e5 rattet og indstillingerne i pc-softwaren dig mulighed for virkelig at tilpasse CSL DD's adf\u00e6rd til din stil. Du kan justere den samlede kraft, linearitet, friktionseffekter, f\u00f8lsomhed omkring midten og den m\u00e5de, FFB filtrerer detaljer fra.<\/p>\n<p>Indl\u00e6ringskurven er rimelig. Det er nemt at bruge en grundl\u00e6ggende forudindstilling og slippe af sted med det. Men s\u00e5 snart man begynder at rode med parametrene, indser man, at der er masser af plads til at finjustere for hver sim: en profil til ACC, en til iRacing, en til flere arkadespil og s\u00e5 videre. For en, der kommer fra et almindeligt rat, tager det lidt tid, men man beh\u00f8ver ikke at v\u00e6re ingeni\u00f8r for at finde frem til noget meget tilfredsstillende.<\/p>\n<p>P\u00e5 pc'en kan du drage fuld fordel af alle muligheder, firmwareopdateringer og avancerede indstillinger. P\u00e5 Xbox er det mere plug &amp; play med den store fordel, at den er officielt kompatibel. Du s\u00e6tter den til, v\u00e6lger spillet, og s\u00e5 er den klar til brug. For en person, der k\u00f8rer b\u00e5de konsoller og pc'er, er denne pakke virkelig relevant.<\/p>\n<p>Fanatecs \u00f8kosystem er en virkelig styrke. Du kan tilslutte andre rat fra sortimentet, mere avancerede kranks\u00e6t, et gearskifte, en h\u00e5ndbremse og stadig beholde den samme base. Pakken er helt klart en solid indgang til Fanatecs verden. K\u00e6destaget p\u00e5 8 Nm er kraftigt nok til at holde trit med rytterens fremskridt uden hurtigt at blive for\u00e6ldet. Du kan starte med denne pakke og s\u00e5 opgradere kranks\u00e6ttet eller skifte rattet p\u00e5 et senere tidspunkt uden at skulle starte helt forfra.<\/p>\n<h2>Fornemmelser i spillet: hvor Direct Drive \u00e6ndrer alt<\/h2>\n<p>N\u00e5r du er p\u00e5 banen, forst\u00e5r du straks, hvad Direct Drive-basen g\u00f8r, selv \"kun\" ved 8 Nm. Pr\u00e6cisionen i kraftfeedbacken er tydelig. Overgangen mellem greb og glid er meget tydeligere end med en b\u00e6lte- eller gearbase. Du k\u00e6mper ikke l\u00e6ngere mod en mekanisme, du l\u00e6ser virkelig, hvad bilen g\u00f8r.<\/p>\n<p>I sving giver rattet god progressiv modstand. Du kan m\u00e6rke v\u00e6gten, der overf\u00f8res, belastningen p\u00e5 forenden og det \u00f8jeblik, hvor forenden begynder at blive m\u00e6ttet. Det er ikke brutalt, men snarere rent og let at afl\u00e6se. Styret\u00f8jet fokuserer naturligt uden mekaniske ryk. Der, hvor vi virkelig vinder, er i mikrokorrektionerne: en lille overstyring, en lidt aggressiv vibrator, et sent bremsetryk ... alt h\u00e5ndteres tidligere og mere rent.<\/p>\n<p>Feedback om vejgreb er en af vores st\u00e6rke sider. P\u00e5 simulatorer som ACC, iRacing eller rFactor kan du m\u00e6rke, at bilen bliver lettere ved genacceleration, at bagakslen begynder at bev\u00e6ge sig, og at d\u00e6kkene bliver varmere. Du korrigerer hurtigere, n\u00e6sten i forventning, simpelthen fordi mikrovariationer i drejningsmomentet i rattet er mere nuancerede. Med en b\u00e6ltebase findes denne information, men den er ofte filtreret eller forvr\u00e6nget. Her er den mere direkte, mere 'forbundet'.<\/p>\n<p>Vibratorerne skiller sig meget godt ud. Du kan m\u00e6rke teksturen, frekvensen, forskellen mellem en flad vibrator og en aggressiv p\u00f8lsevibrator. Direct Drive overf\u00f8rer informationen uden at tvinge den samlede kraft op. Du beh\u00f8ver ikke at k\u00f8re med 100 % effekt for at f\u00e5 detaljer. Selv ved moderate effektniveauer forbliver signalet fyldigt. Det er her, basen virkelig \u00e6ndrer oplevelsen: mindre r\u00e5styrke, mere nyttig finesse.<\/p>\n<p>Over lange sessioner er konsistens dagens orden. Ingen irriterende varmeudvikling, intet m\u00e6rkbart tab af kraft. Basen forbliver stabil og lydl\u00f8s, og f\u00f8lelsen \u00e6ndrer sig ikke over tid. Komfort spiller ogs\u00e5 en stor rolle: Du kan tilpasse kraften, s\u00e5 du ikke \u00f8del\u00e6gger dine arme, mens du stadig bevarer nok information. For en person, der k\u00f8rer i timevis, er det et stort plus.<\/p>\n<p>Ved hurtige korrektioner er drejningsmomentet p\u00e5 8 Nm et godt kompromis. Basen er responsiv nok til at klare overstyring, store overf\u00f8rsler og hurtige overgange uden ventetid. Vi har ikke brutaliteten fra en 15+ Nm base, men vi har mere tilg\u00e6ngelig kontrol. For mange k\u00f8rere er det endda en fordel: mindre tr\u00e6thed, mere kontrol, mindre risiko for at blive overrumplet af et stort styreindgreb.<\/p>\n<p>Sammenlignet med en mere kraftfuld base mister vi lidt i \"voldsomhed\" og fysiske fornemmelser ved store sammenst\u00f8d, men vi bevarer det v\u00e6sentlige: pr\u00e6cision, progressivitet og l\u00e6sbarhed af bilens adf\u00e6rd. Sammenlignet med en mindre kraftfuld remdrevet base er der et stort spring i indlevelse og kontrol. Man f\u00e5r virkelig indtryk af, at man har bev\u00e6get sig ind i en anden kategori af simracing.<\/p>\n<h2>Hvem er den til? Hvad vi kan lide \/ Hvad vi ikke kan lide<\/h2>\n<p>Fanatec CSL DD Ready2Race McLaren Elite Bundle (8 Nm) er efter min mening rettet mod tre hovedprofiler: den ambiti\u00f8se nybegynder, der vil g\u00e5 direkte til seri\u00f8st udstyr uden at k\u00f8be to gange, den \u00f8vede, der vil skifte til Direct Drive p\u00e5 et kontrolleret budget, og konsol-\/PC-gameren, der leder efter en sammenh\u00e6ngende l\u00f8sning, der kan opgraderes. Hvis du allerede bruger et lille begynderrat, og du begynder at f\u00f8le dig begr\u00e6nset, opfylder denne pakke mange krav.<\/p>\n<p>Det, jeg is\u00e6r kan lide, er Direct Drive 8 Nm-basen + det veludstyrede McLaren-rat + Fanatec-\u00f8kosystemet. Fornemmelsen i spillet er ren, pr\u00e6cis og overbevisende for en sim-racer, der \u00f8nsker at g\u00f8re fremskridt. Pakken er sammenh\u00e6ngende: Der er ingen grund til at spekulere p\u00e5, hvilket rat man skal tage, alt er designet til at fungere sammen. Og det kan virkelig opgraderes: Du kan beholde basen og \u00e6ndre resten af ops\u00e6tningen med tiden. I forhold til det ydelsesniveau, der tilbydes, er den oplevede v\u00e6rdi meget god, is\u00e6r n\u00e5r man sammenligner med prisen p\u00e5 en topklasse base plus et premium rat, der k\u00f8bes separat.<\/p>\n<p>Der er dog et par begr\u00e6nsninger, man skal huske p\u00e5. F\u00f8rst og fremmest vil de 8 Nm ikke passe til dem, der er p\u00e5 udkig efter den meget fysiske og brutale f\u00f8lelse af de store konkurrencemotorcykler. Vi taler om et kompromis mellem kraft og komfort, ikke en maskine, der vrider armene af led. For det andet er nogle af de sidste detaljer p\u00e5 rattet (plastik, QR Lite) en p\u00e5mindelse om, at pakken er kalibreret til at forblive tilg\u00e6ngelig, og det kan f\u00e5 de mest besatte af stivhed til at krympe sig lidt. Endelig l\u00e5ser Fanatec-\u00f8kosystemet, hvor praktisk det end er, dig lidt fast i m\u00e6rket p\u00e5 mellemlang sigt: fremragende, hvis du er fan, mindre ideelt, hvis du kan lide at blande producenter.<\/p>\n<p>Med hensyn til investering er dette helt klart et velovervejet, men b\u00e6redygtigt k\u00f8b. Det er ikke den billigste pakke p\u00e5 markedet, men udvalget af fornemmelser og muligheden for at opgradere det med tiden g\u00f8r udgiften meget mere logisk end et mellemklasse-rat, der ikke kan opgraderes, og som du hurtigt vil udskifte.<\/p>\n<h2>Bed\u00f8mmelse: et rigtigt \"sweet spot\" for at skifte til Direct Drive<\/h2>\n<p>Fanatec CSL DD Ready2Race McLaren Elite Bundle (8 Nm) er en klar game-changer for et setup, der bruger et b\u00e6lte- eller tandhjulsdrevet rat. Skiftet til Direct Drive giver en pr\u00e6cision, finesse og l\u00e6sbarhed i bilens adf\u00e6rd, som forandrer den m\u00e5de, du k\u00f8rer p\u00e5. Du f\u00e5r mere selvtillid, konsistens og ren og sk\u00e6r k\u00f8regl\u00e6de.<\/p>\n<p>P\u00e5 markedet ligger denne pakke i den \u00f8vre mellemklasse: kraftig nok til at v\u00e6re trov\u00e6rdig for en seri\u00f8s sim-racer, tilg\u00e6ngelig nok til ikke at v\u00e6re forbeholdt en elite. Det er et rigtigt omdrejningspunkt i en ops\u00e6tnings udvikling: mere end bare en opgradering, det er et nyt fundament at bygge videre p\u00e5.<\/p>\n<p>Jeg vil is\u00e6r anbefale det til \u00f8vede og avancerede gamere, der \u00f8nsker et alsidigt Direct Drive til Xbox og pc uden at kaste sig ud i det helt avancerede, og til dem, der \u00f8nsker at forankre sig selv i et sammenh\u00e6ngende \u00f8kosystem, der udvikler sig. Hvis du leder efter et s\u00e6t, der kan tage dig til et helt nyt niveau af fordybelse, samtidig med at det kan bruges dagligt uden at tr\u00e6tte dig, kan dette produkt helt klart g\u00f8re en forskel i din ops\u00e6tning.<\/p>","protected":false},"excerpt":{"rendered":"<p>Denne pakke gav mig en fornemmelse af, at jeg virkelig havde n\u00e5et et hj\u00f8rne med hensyn til indlevelse og kontrol, uden at det blev en ekstrem eller tr\u00e6ttende ops\u00e6tning. Frem for alt giver det mening for motiverede sim-racere p\u00e5 Xbox eller pc, som \u00f8nsker et trov\u00e6rdigt Direct Drive, der kan opgraderes uden at skulle foretage flere k\u00f8b. Hele pakken giver en meget solid samlet sammenh\u00e6ng og v\u00e6rdi for dette segment.<\/p>","protected":false},"featured_media":100976,"comment_status":"open","ping_status":"closed","template":"","meta":{"_acf_changed":false,"_et_pb_use_builder":"","_et_pb_old_content":"","_et_gb_content_width":""},"product_brand":[158],"product_cat":[161,173,170,169],"product_tag":[149,160],"class_list":{"0":"post-100975","1":"product","2":"type-product","3":"status-publish","4":"has-post-thumbnail","6":"product_brand-fanatec","7":"product_cat-volant","8":"product_cat-volants-fanatec","9":"product_cat-volants-xbox-one","10":"product_cat-volants-xbox-series-x-s","11":"product_tag-pc","12":"product_tag-xbox","14":"first","15":"instock","16":"shipping-taxable","17":"product-type-external"},"acf":[],"_links":{"self":[{"href":"https:\/\/simracergear.com\/da\/wp-json\/wp\/v2\/product\/100975","targetHints":{"allow":["GET"]}}],"collection":[{"href":"https:\/\/simracergear.com\/da\/wp-json\/wp\/v2\/product"}],"about":[{"href":"https:\/\/simracergear.com\/da\/wp-json\/wp\/v2\/types\/product"}],"replies":[{"embeddable":true,"href":"https:\/\/simracergear.com\/da\/wp-json\/wp\/v2\/comments?post=100975"}],"wp:featuredmedia":[{"embeddable":true,"href":"https:\/\/simracergear.com\/da\/wp-json\/wp\/v2\/media\/100976"}],"wp:attachment":[{"href":"https:\/\/simracergear.com\/da\/wp-json\/wp\/v2\/media?parent=100975"}],"wp:term":[{"taxonomy":"product_brand","embeddable":true,"href":"https:\/\/simracergear.com\/da\/wp-json\/wp\/v2\/product_brand?post=100975"},{"taxonomy":"product_cat","embeddable":true,"href":"https:\/\/simracergear.com\/da\/wp-json\/wp\/v2\/product_cat?post=100975"},{"taxonomy":"product_tag","embeddable":true,"href":"https:\/\/simracergear.com\/da\/wp-json\/wp\/v2\/product_tag?post=100975"}],"curies":[{"name":"wp","href":"https:\/\/api.w.org\/{rel}","templated":true}]}}