{"id":101039,"date":"2025-05-15T07:59:00","date_gmt":"2025-05-15T07:59:00","guid":{"rendered":"https:\/\/simracergear.com\/products\/fanatec-csl-pedals-clutch-kit\/"},"modified":"2025-11-28T04:58:08","modified_gmt":"2025-11-28T04:58:08","slug":"fanatec-csl-pedals-clutch-kit","status":"publish","type":"product","link":"https:\/\/simracergear.com\/da\/products\/fanatec-csl-pedals-clutch-kit\/","title":{"rendered":"Fanatec CSL-pedaler koblingss\u00e6t"},"content":{"rendered":"<p>I simracingens lille verden spiller Fanatec CSL Pedals Clutch Kit en meget specifik rolle: Det er den udvidelse, der forvandler det grundl\u00e6ggende CSL-pedalbr\u00e6t til en \"komplet\" enhed med tre pedaler og en dedikeret koblingspedal. Det er ikke et spektakul\u00e6rt produkt, men et vigtigt element i overgangen fra paddles til en mere realistisk styring af start og gearskift.<\/p>\n<p>Dette s\u00e6t appellerer af tre enkle grunde: Prisen er stadig overkommelig inden for Fanatecs \u00f8kosystem, det integreres fint med det originale CSL-kranks\u00e6t, og det giver dig mulighed for at nyde en mere \"mekanisk\" oplevelse uden at springe direkte til et topmoderne load cell-kranks\u00e6t. Det er en lille opgradering, men en, der har stor indflydelse p\u00e5 den m\u00e5de, du k\u00f8rer p\u00e5, is\u00e6r i klassiske, GT- eller rallyformler.<\/p>\n<p>For mit vedkommende kiggede jeg is\u00e6r p\u00e5 tre ting: byggekvaliteten (fordi en d\u00e5rligt designet tredje pedal kan \u00f8del\u00e6gge hele kranks\u00e6ttets ergonomi), konsistensen af f\u00f8lelsen sammenlignet med de to originale pedaler og den reelle interesse i at spille, is\u00e6r i starten, i h\u00e6l-t\u00e5 og i koblingsstyring i en manuel bil. Ideen er at finde ud af, om dette koblingss\u00e6t er umagen v\u00e6rd i et CSL-setup, eller om det ville v\u00e6re bedre at spare op til en mere avanceret l\u00f8sning.<\/p>\n<h2>Design og fremstilling<\/h2>\n<p>Fanatec CSL Pedals Clutch Kit bruger pr\u00e6cis det samme designsprog som CSL-pedalboardet: metalramme og -arm, st\u00e5lpedalplade, n\u00f8gternt, lidt industrielt look. I h\u00e5nden er det f\u00f8rste indtryk godt: det er t\u00e6t, uden parasit\u00e6rt spil og en \u00e6gte f\u00f8lelse af stivhed. N\u00e5r pedalen er monteret p\u00e5 beslaget, f\u00f8les den ikke som en \"add-on\", men som en del af den originale enhed.<\/p>\n<p>Finishen er i overensstemmelse med resten af CSL-serien: Dette er en indgangs-\/mellemklassemodel, s\u00e5 der er ingen bearbejdede dele med juvelfinish, men en ren, funktionel pakke, der er mere end de plastikkranks\u00e6t, der ofte findes i pakker med massemarkedsrat. Fastg\u00f8relsespunkterne passer godt, justeringerne er seri\u00f8se, og intet knirker eller rasler p\u00e5 en bekymrende m\u00e5de.<\/p>\n<p>F\u00f8lelsen under f\u00f8dderne er fortsat typisk for fjederbelastede pedaler: ret lang vandring, progressiv, men line\u00e6r modstand, intet \"spark\" eller h\u00e5rdt punkt som en sportsvognskobling. For et s\u00e6t, der er dedikeret til koblinger, ville nogle m\u00e5ske forvente en mere udtalt f\u00f8lelse med en tydeligere grebszone. Her holder vi os til en ret ensartet pedal, som har den fordel, at den er nem at g\u00e5 til, men lidt mindre spektakul\u00e6r med hensyn til realisme.<\/p>\n<p>Sammenlignet med mere seri\u00f8se kranks\u00e6t med dedikerede koblinger og mere sofistikerede mekanismer er dette Clutch Kit naturligvis enklere. Men hvis jeg sammenligner det med de tredje pedaler i plastikpakker p\u00e5 indgangsniveau, er gevinsten i form af stivhed, stabilitet og oplevet holdbarhed tydelig. Det f\u00f8les som et rigtigt stykke hardware, ikke som et skr\u00f8beligt ekstraudstyr.<\/p>\n<h2>Indstillinger, tilpasning og kompatibilitet<\/h2>\n<p>Dette s\u00e6t installeres fysisk p\u00e5 det grundl\u00e6ggende CSL-pedalboard. Hvad ang\u00e5r montering, er proceduren ligetil: Du s\u00e6tter pedalen fast p\u00e5 tv\u00e6rstangen, forbinder kablet med det lille elektroniske kort, der f\u00f8lger med, og pedalboardet genkendes automatisk som tre pedaler af Fanatec-basen. Der er ingen menuer dedikeret til selve Clutch Kit; alt styres via de s\u00e6dvanlige pedalboardindstillinger i Fanatec-driverne p\u00e5 pc'en eller via basen p\u00e5 konsollen.<\/p>\n<p>Justeringsmulighederne er fortsat i tr\u00e5d med CSL-logikken: pedalens sideposition, begr\u00e6nset h\u00e6ldning ved at justere fastg\u00f8relsespunkterne og en lille variation i modstanden via fjederen og dens forsp\u00e6nding. Vi taler ikke her om avancerede indstillinger som justerbare stop eller mekaniske kurve\u00e6ndringer, men du kan stadig tilpasse positionen for at opn\u00e5 den korrekte h\u00e6l-t\u00e5-position og undg\u00e5 at ende med en kobling, der er for langt fra midten.<\/p>\n<p>Indl\u00e6ringskurven er ret blid. Vi bruger stadig en kobling med positionssensor, s\u00e5 doseringen er meget nem at afl\u00e6se. N\u00e5r du f\u00f8rst har indstillet slagl\u00e6ngden og kalibreret kranks\u00e6ttet i driverne, finder du hurtigt dit leje. For nogen, der kommer fra et kranks\u00e6t med to pedaler uden kobling, er det en hurtig justering. Det vigtige er mere de ergonomiske indstillinger i cockpittet end softwareindstillingerne.<\/p>\n<p>Med hensyn til kompatibilitet f\u00f8lger Clutch Kit CSL-pedalboardet: PC intet problem, konsoller via kompatible Fanatec-baser. S\u00e5 l\u00e6nge pedalboardet er genkendt, er koblingen det ogs\u00e5. Integrationen i \u00f8kosystemet er komplet: CSL-base, Clubsport, forskellige rat, H-shifter, h\u00e5ndbremse osv. Dette kit er helt klart porten til en mere \"manuel\" ops\u00e6tning. Du kan derefter g\u00e5 videre til et load cell-kit til bremsen eller endda \u00e6ndre kranks\u00e6ttet p\u00e5 et senere tidspunkt. Dette koblingss\u00e6t er ikke et m\u00e5l i sig selv, men en sammenh\u00e6ngende mellemting.<\/p>\n<h2>Fornemmelser p\u00e5 spil<\/h2>\n<p>P\u00e5 banen er det f\u00f8rste, der skiller sig ud, dens konsistens. CSL Clutch Kit's koblingspedal har et ret langt, progressivt slag, s\u00e5 du kan arbejde rent med udskridningspunktet. Du kan tydeligt m\u00e6rke fodens position uden ryk eller m\u00e6rkelige variationer. Ved st\u00e5ende start er det meget behageligt: Du kan dosere koblingen for at undg\u00e5 overdreven glidning, is\u00e6r p\u00e5 kraftige motorer.<\/p>\n<p>I sving er koblingen let at finde, selv uden at se p\u00e5 den, n\u00e5r man skifter med et H-gear eller et sekventielt gear. Den kr\u00e6vede kraft er moderat, hvilket begr\u00e6nser tr\u00e6theden i venstre fod under lange sessioner. Det er ikke en kobling, der br\u00e6kker dit ben efter en times udholdenhedsk\u00f8rsel. Den er mere et effektivt redskab end en ultrapr\u00e6cis gengivelse af en racerkobling.<\/p>\n<p>Pedalens konsistens hj\u00e6lper virkelig med hurtige korrektioner, is\u00e6r n\u00e5r du skifter brat ned i starten af et sving for at stabilisere bagenden. Du f\u00e5r den samme modstand, den samme f\u00f8lelse, uanset situationen p\u00e5 banen. Denne forudsigelighed er tillidsv\u00e6kkende: Du ved pr\u00e6cis, hvad koblingen vil g\u00f8re, n\u00e5r du tr\u00e6der den ned, eller n\u00e5r du slipper den forsigtigt. F\u00e6rre ubekendte, mere koncentration om banen.<\/p>\n<p>Grebsm\u00e5linger afh\u00e6nger stadig hovedsageligt af feedback fra rattet og kvaliteten af bremsen. Koblingen overf\u00f8rer naturligvis ikke information om vejgreb i egentlig forstand. Men den bidrager til bilens overordnede stabilitet ved start og nedgearing. N\u00e5r koblingsforholdet er kontrolleret, bliver hjull\u00e5sning eller tab af vejgreb mere forudsigeligt. Det er lettere at forst\u00e5, hvad bilen g\u00f8r, n\u00e5r du tr\u00e6der tilbage p\u00e5 gash\u00e5ndtaget.<\/p>\n<p>CSL Clutch Kit's kobling forbliver ret neutral p\u00e5 vibratorerne. Der overf\u00f8res ingen vibrationer gennem pedalen - det er ikke dens rolle. Det, der er vigtigt her, er, at der ikke er noget rebound eller u\u00f8nsket bev\u00e6gelse af foden, n\u00e5r du k\u00f8rer over en vibrator, mens du stadig slipper koblingen. I den forbindelse forhindrer kranks\u00e6ttets stivhed irriterende deformationer, og du bevarer den rene kontrol.<\/p>\n<p>Sammenlignet med et mere grundl\u00e6ggende kranks\u00e6t med to pedaler uden kobling er forskellen tydelig i alle discipliner, hvor koblingsstyring er vigtig: rally, drifting, klassiske touringbiler, GT med manuel start. Du g\u00e5r fra \"semi-arkade\"-k\u00f8rsel til noget mere engagerende. Du f\u00f8ler virkelig, at du k\u00f8rer med tre aktive lemmer, ikke kun to f\u00f8dder til at accelerere og bremse med.<\/p>\n<p>Sammenlignet med et mere avanceret kranks\u00e6t med et h\u00e5rdt punkt eller en kobling med flere fjedre er CSL Clutch Kit enklere og mere sk\u00e5nsomt. Det mister lidt mekanisk \"karakter\", men vinder i tilg\u00e6ngelighed. Fordelen er, at det stadig er meget nemt at leve med i det daglige: ingen hovedpine, ingen overraskende opf\u00f8rsel, bare en koblingspedal, der er i overensstemmelse med resten af kranks\u00e6ttet.<\/p>\n<p>Over lange sessioner er frav\u00e6ret af overdreven tr\u00e6thed en reel styrke. Den n\u00f8dvendige kraft forbliver rimelig, l\u00f8bet er behageligt, og den elastiske returnering er konstant. Du kan k\u00f8re l\u00f8b efter l\u00f8b uden at f\u00f8le, at din venstre fod er overanstrengt eller \u00f8m. For en simracer, der k\u00f8rer flere timer om ugen, er det en detalje, der t\u00e6ller.<\/p>\n<h2>Hvem er den til? Hvad vi kan lide \/ Hvad vi ikke kan lide<\/h2>\n<p>Fanatec CSL Pedals Clutch Kit henvender sig prim\u00e6rt til sim-racere, der er udstyret med et CSL-pedalbr\u00e6t med to pedaler, og som begynder at f\u00f8le sig tr\u00e6ngt med rat-padlerne alene. Typisk profil: Motiveret nybegynder eller seri\u00f8s \u00f8vet, som k\u00f8rer meget p\u00e5 pc eller konsol med manuelle eller semi-manuelle biler, og som \u00f8nsker at tage fordybelsen til n\u00e6ste niveau uden at spr\u00e6nge budgettet.<\/p>\n<p>Det, der fungerer godt, er den naturlige integration i CSL-pedalboardet: samme materiale, samme logik, samme overordnede fornemmelse. Du installerer den, justerer den, og s\u00e5 har du en sammenh\u00e6ngende, robust og behagelig pakke. Den opfattede p\u00e5lidelighed er god, stivheden er betryggende, og den samlede oplevelse er langt bedre end kranks\u00e6t p\u00e5 indgangsniveau for den brede offentlighed. Et andet pluspunkt er brugervenligheden. Man f\u00e5r hurtigt styr p\u00e5 koblingen, doseringen er let at afl\u00e6se, og starten bliver straks mere kontrolleret. Endelig er Fanatec-\u00f8kosystemets v\u00e6rdi for pengene attraktiv: For en moderat pris kan du \u00e5bne op for en ny dimension af cykling.<\/p>\n<p>P\u00e5 den anden side er der et par begr\u00e6nsninger, man skal huske p\u00e5. N\u00e5r det g\u00e6lder \"realistisk koblingsfornemmelse\", er Clutch Kit relativt line\u00e6rt. Du f\u00e5r ikke det ber\u00f8mte h\u00e5rde greb, som du finder p\u00e5 mere ambiti\u00f8se kranks\u00e6t. De, der leder efter en fornemmelse meget t\u00e6t p\u00e5 en sports- eller racerbil, vil blive skuffede. Et andet punkt: De fysiske justeringsmuligheder forbliver ret grundl\u00e6ggende. Du kan justere positionen og en smule modstand, men du kan ikke g\u00e5 s\u00e6rlig langt med hensyn til personlig tilpasning. Endelig har dette s\u00e6t en side, der er meget specifik for Fanatec-\u00f8kosystemet: Du investerer i en del, der kun giver mening, hvis du holder dig til den. P\u00e5 lang sigt vil nogle m\u00e5ske foretr\u00e6kke at bruge flere penge p\u00e5 et komplet kranks\u00e6t, der kan opgraderes.<\/p>\n<p>Med hensyn til investering afh\u00e6nger den opfattede v\u00e6rdi meget af, hvordan du bruger den. Hvis du prim\u00e6rt k\u00f8rer pallebiler, er interessen begr\u00e6nset. Hvis du bruger timer p\u00e5 H-m\u00f8nstre, rallyer eller veteranbiler, bliver dette koblingss\u00e6t et meget v\u00e6rdifuldt k\u00f8b, som vil forbedre kvaliteten af din k\u00f8rsel.<\/p>\n<h2>Dom<\/h2>\n<p>Fanatec CSL Pedals Clutch Kit forvandler ikke et setup, men det fuldender det p\u00e5 en intelligent m\u00e5de. Det tager et allerede godt CSL-pedalbord og tilf\u00f8jer den manglende brik til en trov\u00e6rdig k\u00f8reoplevelse med tre pedaler. Virkningen er mest tydelig i den m\u00e5de, du h\u00e5ndterer starter, nedgearinger og alt andet, der har at g\u00f8re med den 'mekaniske' fornemmelse af k\u00f8rslen.<\/p>\n<p>P\u00e5 markedet er dette s\u00e6t helt klart en mellemklassel\u00f8sning, der giver valuta for pengene, snarere end et ultra-realistisk premiumprodukt. Det henvender sig til dem, der \u00f8nsker at tage et skridt op fra entry-level-udstyr, uden n\u00f8dvendigvis at sigte direkte mod et konkurrencepedalboard. For brugere, der allerede er etableret i Fanatecs \u00f8kosystem, er det et logisk valg.<\/p>\n<p>Jeg ville ikke anbefale den til nogen, der foretr\u00e6kker moderne biler med gearskifter og n\u00e6sten aldrig r\u00f8rer ved en gearstang. I s\u00e5 fald ville pengene v\u00e6re bedre brugt et andet sted, p\u00e5 en bedre bremse eller et bedre rat. P\u00e5 den anden side, hvis du ofte k\u00f8rer H-m\u00f8nstre, klassiske GT'er, rallybiler eller driftbiler, kan dette koblingss\u00e6t helt klart g\u00f8re hele forskellen for dit setup.<\/p>","protected":false},"excerpt":{"rendered":"<p>Dette s\u00e6t giver en reel gevinst i indlevelse og kontrol, n\u00e5r du bruger et gearskifte og manuelle biler: starter og nedgearinger bliver renere og mere j\u00e6vne. Det er is\u00e6r nyttigt for sim-racere, der allerede er udstyret med et CSL-kranks\u00e6t med to pedaler, og som ofte k\u00f8rer H-m\u00f8nster, klassisk GT, rally eller drift-biler. Pris\/ydelsesforholdet er konsekvent i Fanatecs \u00f8kosystem.<\/p>","protected":false},"featured_media":101040,"comment_status":"open","ping_status":"closed","template":"","meta":{"_acf_changed":false,"_et_pb_use_builder":"","_et_pb_old_content":"","_et_gb_content_width":""},"product_brand":[158],"product_cat":[153],"product_tag":[149,159,160],"class_list":{"0":"post-101039","1":"product","2":"type-product","3":"status-publish","4":"has-post-thumbnail","6":"product_brand-fanatec","7":"product_cat-accessoires","8":"product_tag-pc","9":"product_tag-playstation","10":"product_tag-xbox","12":"first","13":"instock","14":"shipping-taxable","15":"product-type-external"},"acf":[],"_links":{"self":[{"href":"https:\/\/simracergear.com\/da\/wp-json\/wp\/v2\/product\/101039","targetHints":{"allow":["GET"]}}],"collection":[{"href":"https:\/\/simracergear.com\/da\/wp-json\/wp\/v2\/product"}],"about":[{"href":"https:\/\/simracergear.com\/da\/wp-json\/wp\/v2\/types\/product"}],"replies":[{"embeddable":true,"href":"https:\/\/simracergear.com\/da\/wp-json\/wp\/v2\/comments?post=101039"}],"wp:featuredmedia":[{"embeddable":true,"href":"https:\/\/simracergear.com\/da\/wp-json\/wp\/v2\/media\/101040"}],"wp:attachment":[{"href":"https:\/\/simracergear.com\/da\/wp-json\/wp\/v2\/media?parent=101039"}],"wp:term":[{"taxonomy":"product_brand","embeddable":true,"href":"https:\/\/simracergear.com\/da\/wp-json\/wp\/v2\/product_brand?post=101039"},{"taxonomy":"product_cat","embeddable":true,"href":"https:\/\/simracergear.com\/da\/wp-json\/wp\/v2\/product_cat?post=101039"},{"taxonomy":"product_tag","embeddable":true,"href":"https:\/\/simracergear.com\/da\/wp-json\/wp\/v2\/product_tag?post=101039"}],"curies":[{"name":"wp","href":"https:\/\/api.w.org\/{rel}","templated":true}]}}