{"id":101050,"date":"2025-05-15T07:59:00","date_gmt":"2025-05-15T07:59:00","guid":{"rendered":"https:\/\/simracergear.com\/products\/fanatec-csl-pedals-lc\/"},"modified":"2025-11-28T04:58:41","modified_gmt":"2025-11-28T04:58:41","slug":"fanatec-csl-pedals-lc","status":"publish","type":"product","link":"https:\/\/simracergear.com\/da\/products\/fanatec-csl-pedals-lc\/","title":{"rendered":"Fanatec CSL-pedaler LC"},"content":{"rendered":"<p>I den lille verden af simracing-kranks\u00e6t indtager Fanatec CSL Pedals LC en helt s\u00e6rlig plads: Det er ofte det f\u00f8rste rigtige \"seri\u00f8se\" kranks\u00e6t med en tilg\u00e6ngelig vejecelle, det, der tager dig fra et entry-level-setup til noget langt mere trov\u00e6rdigt. Frem for alt lover det \u00e9n ting: at forandre bremsningen og dermed omgangstiderne, uden at det kr\u00e6ver et konkurrencecockpit eller et vanvittigt budget.<\/p>\n<p>For mit vedkommende ser jeg det fra en meget enkel vinkel: Giver dette pedalboard en reel gevinst i form af konsistens, pr\u00e6cision og selvtillid sammenlignet med basale potentiometerpedaler? Holder det over tid uden at blive en rede af mekanisk spil og underlige kn\u00e6k? Og frem for alt: Fortjener det at forblive i centrum af et udviklende setup, eller er det bare et stoppested, f\u00f8r man sigter h\u00f8jere?<\/p>\n<p>CSL Pedals LC er tiltalende, fordi den lover trykbremsning, ligesom i konkurrencen, i et kompakt format, der er kompatibelt med pc'er og konsoller og integreret i Fanatecs \u00f8kosystem. Kort sagt: en stor opgradering af f\u00f8lelsen med en rimelig indgangsbarriere. Sp\u00f8rgsm\u00e5let er, om den virkelig leverer dette kvalitative spring, eller om kl\u00f8ften til avancerede kranks\u00e6t fortsat er for stor.<\/p>\n<h2>Design og fremstilling<\/h2>\n<p>N\u00e5r man tager CSL Pedals LC ud af kassen, er det f\u00f8rste indtryk betryggende: metalkonstruktion, matsort finish, n\u00f8gternt, men ikke billigt udseende. Pedalarmene er lavet af st\u00e5l, og basen er t\u00e6t og uden tydelig b\u00f8jning. Man kan se, at produktet klart er rettet mod den seri\u00f8se mellemklasse, langt fra leget\u00f8jsplast, men uden at g\u00e5 til udskejelser med bearbejdet aluminium, som man finder p\u00e5 meget avancerede pedalboards.<\/p>\n<p>Det, der straks springer i \u00f8jnene, er designets enkelhed. Ingen un\u00f8dvendige dele, ingen overfl\u00f8dige d\u00e6ksler, alt er ganske overskueligt. I h\u00e5nden indgyder pedalerne tillid: De knirker ikke og lyder ikke hule, og mekanikken udstr\u00e5ler robusthed. Man f\u00e5r ikke indtryk af, at en fjeder vil springe ved den f\u00f8rste store, lidt aggressive bremsning. Med et godt cockpit sidder det hele godt fast, og den samlede stivhed er tilfredsstillende for dette prissegment.<\/p>\n<p>Der er dog et par m\u00e6rkbare kompromiser. Pedalerne er relativt smalle, den oprindelige slagl\u00e6ngde er ret kort, og nogle af de sekund\u00e6re dele er lidt mere \"omkostningsoptimeret industriprodukt\" end \"bearbejdet juvel\". Det er ikke grimt, men man kan tydeligt se forskellen i forhold til kranks\u00e6t i massivt aluminium eller mere modul\u00e6re konstruktioner. Men det er stadig et godt stykke over, hvad man finder p\u00e5 en basispakke med et rat.<\/p>\n<p>Sammenlignet med andre kranks\u00e6t i indgangs-\/mellemklassen f\u00f8les det som et mere seri\u00f8st produkt end gennemsnittet, uden at det bliver for dyrt. Der er en rigtig metalblok, en velintegreret vejecelle og en geometri, der straks f\u00f8les mere som \"simracing\" end \"konsoltilbeh\u00f8r\".<\/p>\n<h2>Indstillinger, tilpasning og kompatibilitet<\/h2>\n<p>Med hensyn til fysiske justeringer er CSL Pedals LC relativt enkel, men effektiv. Du kan justere pedalernes sidev\u00e6rts position, afstanden mellem dem og lege med vinklen for at finde en behagelig fodposition. Belastningscellebremsen har forskellige gummiblandinger og en fjeder til at justere h\u00e5rdhed og progressivitet. Den kan ikke tilpasses i det uendelige, men det er mere end nok for de fleste brugere.<\/p>\n<p>Den virkelige n\u00f8gle er kalibrering og indstillinger i Fanatec-softwaren. P\u00e5 en pc, via Fanalab eller f\u00f8reren, kan du justere vejecellens f\u00f8lsomhed, bestemme, hvilket trykniveau der svarer til 100 % bremse, og tilpasse responskurven. Den f\u00f8rste session tager lidt tid at finde det rigtige kompromis: nok modstand til at kunne m\u00e5le ud uden at f\u00e5 krampe efter et par omgange. N\u00e5r du har f\u00e5et styr p\u00e5 det, kan du n\u00e6sten ikke r\u00f8re ved andet.<\/p>\n<p>P\u00e5 en konsol mister man noget af finessen i softwareindstillingerne, men pedalboardet er stadig fuldt anvendeligt, n\u00e5r det er tilsluttet en kompatibel Fanatec-base. Bremsen kan fortsat justeres via basens menuer, og i praksis f\u00e5r du hurtigt noget, der h\u00e6nger sammen i spillet. Fanatec-\u00f8kosystemet spiller en stor rolle her: rat, kranks\u00e6t, gearskifter, alt taler sammen uden at man skal pille ved det.<\/p>\n<p>Med hensyn til kompatibilitet er pedalboardet prim\u00e6rt rettet mod dem, der k\u00f8rer med en Fanatec-base, men det kan ogs\u00e5 bruges p\u00e5 en pc via direkte USB, hvilket \u00e5bner d\u00f8ren til andre baser fra andre m\u00e6rker. Ud fra det synspunkt kan det fungere som en solid indgang til simracing-verdenen, samtidig med at det forbliver relevant for et setup i udvikling. Det er ikke et ultramodul\u00e6rt kranks\u00e6t, men i dette segment opfylder det de vigtigste krav uden at blive en hovedpine.<\/p>\n<h2>Fornemmelser p\u00e5 spil<\/h2>\n<p>Det er p\u00e5 den virtuelle bane, at CSL Pedals LC virkelig viser, hvad den kan. Belastningscellebremsen \u00e6ndrer den m\u00e5de, du k\u00f8rer p\u00e5. Du t\u00e6nker ikke l\u00e6ngere p\u00e5, \"hvor meget jeg tr\u00e6der ned p\u00e5 pedalen\", men p\u00e5, \"hvor meget tryk jeg l\u00e6gger p\u00e5\". Dette mentale skift g\u00f8r k\u00f8rslen mere naturlig. Du bremser ligesom i en rigtig bil: Du trykker ned, du m\u00e6rker modstanden, du modulerer. Hjernen forst\u00e5r \u00f8jeblikkeligt dette sprog.<\/p>\n<p>Ved indgangen til et sving er pr\u00e6cisionen meget st\u00f8rre end p\u00e5 en almindelig potentiometerbremse. Du kan virkelig stabilisere et mellemliggende bremsetryk, holde en let opbremsning ved trail-bremsning og slippe gradvist uden nogen pludselig t\u00e6rskeleffekt. Hvor et almindeligt kranks\u00e6t ofte giver indtryk af, at man bremser \"on\/off\", f\u00e5r man her nuancer. Du f\u00e5r en bedre fornemmelse af, hvor l\u00e5segr\u00e6nsen er, is\u00e6r i de mere kr\u00e6vende simuleringer.<\/p>\n<p>Med hensyn til vejgreb g\u00f8r kombinationen af bremse- og speederpedal det godt. Bremsen overf\u00f8rer grebsvariationer godt via det n\u00f8dvendige tryk. Du kan tydeligt se, n\u00e5r d\u00e6kkene begynder at blive m\u00e6ttede: Bilen bliver lettere, rattet reagerer, og det optimale tryk bliver lettere at identificere og gentage. Man f\u00e5r mere selvtillid omgang efter omgang. Det er typisk den slags pedal, der hj\u00e6lper dig med at blive mere konsekvent, ikke bare hurtigere p\u00e5 en perfekt omgang.<\/p>\n<p>P\u00e5 vibratorer er det ikke pedalerne, der fort\u00e6ller hele historien, men samspillet med rattet. P\u00e5 den anden side forhindrer den stabilitet, den tilbyder under opbremsning, selv n\u00e5r du bider lidt for h\u00e5rdt i kantstenen, mange store fejl. Du holder foden p\u00e5 bremsepedalen, trykket er kontrolleret, og bilen forbliver mere under kontrol. For hurtige korrektioner i tilf\u00e6lde af, at et hjul blokerer eller en lidt for optimistisk indgang, giver vejecellen mulighed for meget hurtige mikrojusteringer. Du l\u00f8fter knap nok trykket, bilen kommer tilbage p\u00e5 linje, og du trykker igen. Denne form for finesse er meget mere kompliceret med et konventionelt potentiometer.<\/p>\n<p>Over lange sessioner afh\u00e6nger oplevelsen af den h\u00e5rdhedsindstilling, du v\u00e6lger. Med en meget fast bremse f\u00e5r du en mere 'raceragtig' fornemmelse, men benet kan blive tr\u00e6t p\u00e5 lange ture. Med en lidt bl\u00f8dere indstilling bevarer du pr\u00e6cisionen uden at \u00f8del\u00e6gge din l\u00e6g. N\u00e5r du f\u00f8rst har fundet det rigtige kompromis, er kranks\u00e6ttet behageligt under lange tr\u00e6ningspas, og belastningscellens konsistens hj\u00e6lper dig med at genskabe det samme tryk omgang efter omgang. Det, vi taler om her, er en konsistens, der virkelig kan m\u00e6rkes i omgangstiderne.<\/p>\n<p>Sammenlignet med et endnu mere avanceret kranks\u00e6t (med en mere avanceret vejecelle eller et hydraulisk system) er CSL Pedals LC tydeligvis overlegen med hensyn til raffinement, progressivitet og fornemmelsen af en \"blok\" under f\u00f8dderne. Men sammenlignet med et standard kranks\u00e6t er springet enormt. Du g\u00e5r fra omtrentlig kontrol til et v\u00e6rkt\u00f8j, der virkelig giver dig mulighed for at arbejde med din bremsning som en f\u00e6rdighed i sig selv. Det er her, pedalerne \u00e6ndrer spiloplevelsen.<\/p>\n<h2>Hvem er den til? Hvad vi kan lide \/ Hvad vi ikke kan lide<\/h2>\n<p>CSL Pedals LC henvender sig prim\u00e6rt til motiverede sim-racere, uanset om de er avancerede begyndere eller let \u00f8vede, som \u00f8nsker at tage et klart skridt op fra de originale pedaler. P\u00e5 pc'en er den lige s\u00e5 meget til dem, der k\u00f8rer i avancerede simulationer, som den er til mere afslappede spillere, der vil have det sjovt uden at spr\u00e6nge banken. P\u00e5 konsoller er det en rigtig god mulighed for at ledsage en Fanatec-base og komme v\u00e6k fra den grundl\u00e6ggende alt-i-en.<\/p>\n<p>Det, jeg is\u00e6r kan lide, er forholdet mellem pris og f\u00f8lelse. Forbedringen af bremseegenskaberne er tydelig og h\u00e5ndgribelig og giver sig udslag i renere omgange. For det andet giver metalkonstruktionen et \u00e6gte indtryk af et seri\u00f8st produkt, der kan modst\u00e5 intensiv brug uden at blinke. Endelig g\u00f8r kompatibiliteten med Fanatecs \u00f8kosystem og muligheden for at bruge den via USB p\u00e5 en pc den alsidig nok til at f\u00f8lge med i et skiftende setup. Du f\u00e5r en fornemmelse af, at du investerer i noget, der giver mening p\u00e5 mellemlang sigt.<\/p>\n<p>Men der er klare gr\u00e6nser. Justeringsmulighederne er fortsat mere begr\u00e6nsede end p\u00e5 avancerede kranks\u00e6t: Du kan ikke indstille alt p\u00e5 millimeteren eller \u00e6ndre bremsefornemmelsen fuldst\u00e6ndigt. Den maksimale h\u00e5rdhed, selv med de fasteste tr\u00e6deflader, ligger under niveauet for konkurrencepedaler eller rent eSport-orienterede kranks\u00e6t, hvilket kan f\u00e5 purister, der er p\u00e5 udkig efter ultrafaste fornemmelser, til at \u00f8nske sig mere. Endelig er speederen og koblingen anst\u00e6ndige, men mindre sl\u00e5ende: De g\u00f8r jobbet uden at tilbyde den samme f\u00f8lelse af kvalitativt spring som bremsen.<\/p>\n<p>Med hensyn til oplevet v\u00e6rdi er CSL Pedals LC en smart investering for dem, der \u00f8nsker at s\u00e6tte deres penge, hvor deres mund er. I et simracing-setup er bremsen ofte det element, der g\u00f8r st\u00f8rst fremskridt. Her er forholdet mellem, hvad du bruger, og hvad du f\u00e5r i konsistens, klart til din fordel, forudsat at du accepterer, at det ikke er det sidste ord i absolut realisme.<\/p>\n<h2>Dom<\/h2>\n<p>Fanatec CSL Pedals LC bringer en meget konkret \u00e6ndring til et setup: Bremsning bliver et pr\u00e6cist, reproducerbart v\u00e6rkt\u00f8j og ikke l\u00e6ngere et svagt punkt, som man m\u00e5 affinde sig med. Det er et pedalboard, der strukturerer resten af ops\u00e6tningen, is\u00e6r hvis du kommer fra et entry-level s\u00e6t. Du kan se det som en hj\u00f8rnesten i et seri\u00f8st simracing-setup, uden at det bliver for meget af det gode.<\/p>\n<p>P\u00e5 markedet er det klart placeret i mellemklassen med en meget sammenh\u00e6ngende performance\/pris-orientering. Det h\u00e6vder ikke at kunne konkurrere med de ultrakonfigurerbare kranks\u00e6t i fuld aluminium, men det tilbyder en virkelig effektiv vejecelle, solid konstruktion og ren integration i et allerede veletableret \u00f8kosystem.<\/p>\n<p>Jeg vil anbefale den til sim-racere, der gerne vil tage et stort skridt fremad med hensyn til bremsning uden at omorganisere hele deres rum eller spr\u00e6nge deres budget. For hardcore-purister, der g\u00e5r efter ultrafaste fornemmelser og omfattende mekanisk tilpasning, er der mere ekstreme muligheder, men ogs\u00e5 betydeligt dyrere og mere kr\u00e6vende med hensyn til cockpittet.<\/p>\n<p>Hvis du \u00f8nsker en mere pr\u00e6cis, ensartet og naturlig bremsning uden at spr\u00e6nge dit budget, kan dette kranks\u00e6t g\u00f8re hele forskellen for dit setup.<\/p>","protected":false},"excerpt":{"rendered":"<p>Dette kranks\u00e6t \u00e6ndrer virkelig den m\u00e5de, du bremser p\u00e5: Du vinder i pr\u00e6cision, konsistens og selvtillid omgang efter omgang, is\u00e6r hvis du kommer fra et originalt bundt. Det giver mening for motiverede sim-racere p\u00e5 pc eller konsol, som vil have et stort skridt op uden at g\u00e5 helt til tops i sortimentet. Alt i alt er forholdet mellem pris og f\u00f8lelse meget konsistent.<\/p>","protected":false},"featured_media":101051,"comment_status":"open","ping_status":"closed","template":"","meta":{"_acf_changed":false,"_et_pb_use_builder":"","_et_pb_old_content":"","_et_gb_content_width":""},"product_brand":[158],"product_cat":[162],"product_tag":[149,159,160],"class_list":{"0":"post-101050","1":"product","2":"type-product","3":"status-publish","4":"has-post-thumbnail","6":"product_brand-fanatec","7":"product_cat-pedalier","8":"product_tag-pc","9":"product_tag-playstation","10":"product_tag-xbox","12":"first","13":"instock","14":"shipping-taxable","15":"product-type-external"},"acf":[],"_links":{"self":[{"href":"https:\/\/simracergear.com\/da\/wp-json\/wp\/v2\/product\/101050","targetHints":{"allow":["GET"]}}],"collection":[{"href":"https:\/\/simracergear.com\/da\/wp-json\/wp\/v2\/product"}],"about":[{"href":"https:\/\/simracergear.com\/da\/wp-json\/wp\/v2\/types\/product"}],"replies":[{"embeddable":true,"href":"https:\/\/simracergear.com\/da\/wp-json\/wp\/v2\/comments?post=101050"}],"wp:featuredmedia":[{"embeddable":true,"href":"https:\/\/simracergear.com\/da\/wp-json\/wp\/v2\/media\/101051"}],"wp:attachment":[{"href":"https:\/\/simracergear.com\/da\/wp-json\/wp\/v2\/media?parent=101050"}],"wp:term":[{"taxonomy":"product_brand","embeddable":true,"href":"https:\/\/simracergear.com\/da\/wp-json\/wp\/v2\/product_brand?post=101050"},{"taxonomy":"product_cat","embeddable":true,"href":"https:\/\/simracergear.com\/da\/wp-json\/wp\/v2\/product_cat?post=101050"},{"taxonomy":"product_tag","embeddable":true,"href":"https:\/\/simracergear.com\/da\/wp-json\/wp\/v2\/product_tag?post=101050"}],"curies":[{"name":"wp","href":"https:\/\/api.w.org\/{rel}","templated":true}]}}