{"id":101093,"date":"2025-05-15T08:00:00","date_gmt":"2025-05-15T08:00:00","guid":{"rendered":"https:\/\/simracergear.com\/products\/fanatec-csl-steering-wheel-r300-v2\/"},"modified":"2025-11-28T05:01:11","modified_gmt":"2025-11-28T05:01:11","slug":"fanatec-csl-steering-wheel-r300-v2","status":"publish","type":"product","link":"https:\/\/simracergear.com\/da\/products\/fanatec-csl-steering-wheel-r300-v2\/","title":{"rendered":"Fanatec CSL-rattet R300 V2"},"content":{"rendered":"<h2>Fanatec CSL Steering Wheel R300 V2: min mening efter testen<\/h2>\n<p>Fanatec CSL Steering Wheel R300 V2 er helt klart et \"club sport light\"-rat i m\u00e6rkets \u00f8kosystem. Det er ikke et grundl\u00e6ggende indgangshjul, og det er heller ikke et f\u00f8rsteklasses GT-hjul. Det er rettet mod dette meget efterspurgte segment: et \u00e6gte rundt rat af racertypen, Direct Drive-kompatibelt, til en pris, der stadig er rimelig sammenlignet med monstrene i sortimentet.<\/p>\n<p>P\u00e5 papiret lover det en ret attraktiv kombination: realistisk diameter til vej \/ GT, seri\u00f8s konstruktion, bred kompatibilitet (pc og konsoller afh\u00e6ngigt af den anvendte base) og frem for alt en moderne gr\u00e6nseflade takket v\u00e6re QR2 Lite. Kort sagt et rat, der er designet til dem, der \u00f8nsker at give deres CSL-pakke et l\u00f8ft uden at spr\u00e6nge deres budget p\u00e5 en ClubSport eller Podium.<\/p>\n<p>Min analysevinkel er enkel: fornemmelse i h\u00e5nden, oplevet kvalitet, komfort i spillet og overordnet sammenh\u00e6ng i et moderne Fanatec-setup. Tilf\u00f8rer R300 V2 virkelig noget til de originale CSL-rat? Kan man virkelig m\u00e6rke forskellen p\u00e5 en Direct Drive-base, eller er det bare en p\u00e6nere ring? <\/p>\n<p>Id\u00e9en er at se, om dette hjul fortjener sin plads som \"daily driver\" for pc-\/konsolsimulatoren, der spiller ofte og i lang tid, og som er p\u00e5 udkig efter et alsidigt, p\u00e5lideligt og behageligt hjul.<\/p>\n<h2>Design, fremstilling og f\u00f8lelse<\/h2>\n<p>CSL-rattet R300 V2 er baseret p\u00e5 en ret standard Fanatec-opskrift: en rund ring p\u00e5 ca. 30 cm, d\u00e6kket af alcantara eller imiteret l\u00e6der afh\u00e6ngigt af varianten, monteret p\u00e5 et forenklet QR2 Lite-kompatibelt nav. Det f\u00f8rste, der sl\u00e5r dig i h\u00e5nden, er balancen mellem diameter, grebstykkelse og v\u00e6gt. Den er let nok til ikke at kv\u00e6le en CSL DD-base, men t\u00e6t nok til ikke at f\u00f8les som et stykke leget\u00f8j.<\/p>\n<p>Bel\u00e6gningen er behagelig, is\u00e6r hvis du har handsker p\u00e5. Alcantara giver en mere raceragtig fornemmelse, lidt \"klistret\" uden at v\u00e6re aggressiv. Med bare h\u00e6nder m\u00e5 du acceptere, at det \u00e6ldes lidt hurtigere, som det altid er tilf\u00e6ldet med dette materiale. S\u00f8mmene er rene og regelm\u00e6ssige, og der er ingen irriterende ekstra tykkelse omkring tommelfingrene. Man kan m\u00e6rke, at fremstillingsprocessen har v\u00e6ret industrialiseret, men kontrolleret: Intet bev\u00e6ger sig, der er intet spil og ingen knirken.<\/p>\n<p>Stivheden i ringen er meget god. N\u00e5r den er monteret p\u00e5 en Direct Drive-base, b\u00f8jer den ikke m\u00e6rkbart, selv ikke ved kraftige slag i korrektionerne. Vi taler ikke om den absolutte stivhed i et solidt metalrat i topklassen, men i dette prissegment holder strukturen godt. Egerne er st\u00e6rke nok til at modst\u00e5 vedvarende FFB uden overdreven b\u00f8jning.<\/p>\n<p>Skuffelsen kommer mere fra plastikkomponenterne i CSL-navet, is\u00e6r n\u00e5r man t\u00e6nker p\u00e5 m\u00e6rkets overlegne nav. Den sammensatte QR2 Lite g\u00f8r sit arbejde, men giver en lidt mindre f\u00f8rsteklasses fornemmelse, n\u00e5r den samles\/demonteres, end en QR2 i fuld metal. Det er ikke noget dramatisk, men n\u00e5r man ofte h\u00e5ndterer rattet, vil man gerne have en lidt mere \u00e6rlig mekanisk fornemmelse.<\/p>\n<p>Sammenlignet med sm\u00e5 bundtrin eller lettere f\u00e6lge af P1-typen har R300 V2 klart mere tilstedev\u00e6relse. I h\u00e5nden f\u00f8les R300 V2 som et rigtigt sportsvogns- eller GT-rat. Du kan gribe det naturligt kl. 9.15, dine tommelfingre er godt placeret, og du har nok materiale til at lege med dine h\u00e6nders styrke uden at blive tr\u00e6t for hurtigt.<\/p>\n<h2>Indstillinger, tilpasning og kompatibilitet<\/h2>\n<p>Med hensyn til indstillinger er R300 V2 stadig et relativt enkelt rat. Der er ikke behov for alt for mange knapper eller sk\u00e6rme, kun det mest n\u00f8dvendige til de fleste form\u00e5l. Knapperne er godt placeret, s\u00e5 du kan n\u00e5 dem med tommelfingrene uden at slippe hovedgrebet. Klikket er rent, ikke for h\u00e5rdt, med den helt rigtige m\u00e6ngde feedback, s\u00e5 du ikke trykker p\u00e5 det ved en fejltagelse i en ansp\u00e6ndt fase.<\/p>\n<p>N\u00f8glen er integration i Fanatecs \u00f8kosystem. P\u00e5 en CSL DD- eller ClubSport DD-base genkendes rattet med det samme, og de klassiske indstillinger findes via basismenuen eller pc-softwaren. Basisenhedens forudindstillinger forbliver gyldige, og rattet tilf\u00f8jer ikke et komplekst softwarelag. Du justerer kraft, linearitet, FFB-filtre og rotationsstop i henhold til typen af simu, og det er det hele. S\u00e5 indl\u00e6ringskurven er meget blid: Hvis du allerede er fortrolig med Fanatec, vil du ikke f\u00f8le dig malplaceret.<\/p>\n<p>Tilpasning er mere et sp\u00f8rgsm\u00e5l om brug: Du kan tilpasse rotationsvinklen for at g\u00e5 fra en GT-f\u00f8lelse til noget, der er t\u00e6ttere p\u00e5 en vejbil, eller tv\u00e6rtimod begr\u00e6nse rotationen til drifting eller rally. Den relativt standardiserede diameter p\u00e5 R300 V2 g\u00f8r den hjemme i alle disse situationer, selv om den f\u00f8les mere hjemme p\u00e5 banen\/GT end i formelbiler.<\/p>\n<p>PC- og konsolkompatibilitet afh\u00e6nger naturligvis af basen. N\u00e5r rattet s\u00e6ttes i en Xbox-kompatibel base, kan det bruges p\u00e5 den platform, og det samme g\u00e6lder for PlayStation med den passende base. Ud fra dette synspunkt begr\u00e6nser R300 V2 ikke brugeren: Det f\u00f8lger \u00f8kosystemet uden yderligere l\u00e5sning.<\/p>\n<p>Med hensyn til opgraderingsmuligheder ser jeg det som en virkelig holdbar del af et Fanatec-setup. QR2 Lite fungerer allerede rigtig godt med nyere k\u00e6destag, og hvis du senere skifter til en QR2 i metal, kan du beholde dit rat uden bekymringer. Du kan opgradere resten (pedaler, gearskifte, h\u00e5ndbremse, cockpit) ved at beholde dette R300 V2 i lang tid som dit prim\u00e6re eller sekund\u00e6re rat. Det fungerer rigtig godt som det f\u00f8rste \"rigtige\" runde rat i et Direct Drive-\u00f8kosystem.<\/p>\n<h2>Gaming-fornemmelser: hvad R300 V2 virkelig \u00e6ndrer<\/h2>\n<p>P\u00e5 banen afsl\u00f8rer R300 V2 hurtigt sin personlighed. P\u00e5 en CSL DD-type Direct Drive-base er den f\u00f8rste fornemmelse feedbackens klarhed. Ringens diameter og v\u00e6gt er et godt kompromis: Den bevarer responsen og hastigheden fra moderne baser uden at falde i et alt for let svinghjul, der mister nuancer.<\/p>\n<p>I hurtige sving f\u00e5r man en meget god fornemmelse af bilens gradvise opbygning af downforce. Rattet giver en naturlig modstand, ikke en kunstig, med en flydende stigning i drejningsmomentet, n\u00e5r belastningen p\u00e5 forakslen \u00f8ges. Det er nemt at afl\u00e6se, hvad der sker under d\u00e6kkene: Begyndelsen p\u00e5 understyring, en lille lettelse af bagenden, en lille overgang i masseoverf\u00f8rslen. Det er nemt at se, hvad bilen g\u00f8r.<\/p>\n<p>Vejgrebsm\u00e5lingerne er s\u00e6rligt interessante i faserne midt i svinget og midt i accelerationen. Rattet g\u00f8r et godt stykke arbejde med at overf\u00f8re mikrovariationer i vejgreb, den lille rysten, n\u00e5r d\u00e6kket leder efter vejgreb p\u00e5 vej ud af et hj\u00f8rne. Sammenlignet med et lettere indgangsrat er signalerne mere subtile: mindre \"r\u00e5\", mere nuancerede, hvilket giver dig mere selvtillid til at skubbe gradvist uden at blive overrasket.<\/p>\n<p>P\u00e5 vibratorerne afh\u00e6nger adf\u00e6rden meget af FFB-indstillingerne og simuleringen, men R300 V2 h\u00e5ndteres godt. F\u00e6lgen resonerer ikke ubehageligt, og grebet \"klasker\" ikke i h\u00e6nderne. Du kan tydeligt m\u00e6rke granulometrien i de aggressive vibratorer, men det forbliver under kontrol uden parasit\u00e6re vibrationer. Det er rent, skarpt og let at afl\u00e6se. P\u00e5 uj\u00e6vne lige str\u00e6kninger bev\u00e6ger rattet sig nok til at minde dig om, at banen ikke er glat, men det er aldrig en karikatur.<\/p>\n<p>Ved hurtige korrektioner giver kombinationen af diameter og v\u00e6gt mening. Du kan lave skarpe modstyringer, uden at rattet flyver i alle retninger. Direct Drive-basen har nok drejningsmoment til at bringe ringen tilbage, men ikke s\u00e5 meget, at grebet bliver tr\u00e6ttende. Du korrigerer, du stabiliserer, og du holder h\u00e6nderne solidt plantet takket v\u00e6re grebet. Det er her, den runde form og den \"realistiske\" st\u00f8rrelse virkelig hj\u00e6lper, is\u00e6r i rally, drifting eller p\u00e5 meget nerv\u00f8se biler.<\/p>\n<p>Komforten er god over lange sessioner. Grebets tykkelse betyder, at du kan variere det en smule for at lette presset p\u00e5 dine fingre. Med handsker begr\u00e6nser alcantara tr\u00e6theden: Det er ikke n\u00f8dvendigt at gribe som en gal for at bevare kontrollen. Rattets rimelige v\u00e6gt hj\u00e6lper ogs\u00e5 med at undg\u00e5 at overbelaste underarmene, selv med en ret tung FFB. Du kan k\u00f8re flere l\u00f8b eller et langt stint uden at blive udmattet.<\/p>\n<p>Sammenlignet med et endnu mere avanceret rat, der er udstyret med en QR i tungmetal og materialer i fuld aluminium, mister vi lidt af fornemmelsen af en \"monolitisk blok\". P\u00e5 en meget kraftig base vil nogle m\u00e6rke forskellen i ultimativ stivhed. Men p\u00e5 en CSL DD- eller endda ClubSport DD-pakke forbliver R300 V2 konsekvent: Den overf\u00f8rer kr\u00e6fterne godt uden nogen m\u00e6rkelig sl\u00f8ring eller m\u00e6rkbart spil. I realistisk brug vil den begr\u00e6nsende faktor ikke v\u00e6re dette rat, men snarere indstillingerne eller simuleringen.<\/p>\n<p>Overordnet set er indlevelsen meget god for dette segment. F\u00f8lelsen af at styre en rigtig bil og ikke et plastiktilbeh\u00f8r er der. Du f\u00e5r selvtillid, n\u00e5r du k\u00f8rer ind i sving, n\u00e5r du foretager sm\u00e5 korrektioner ved akkordpunktet, og i din evne til at m\u00e6rke det gradvise tab af vejgreb. Det er pr\u00e6cis, hvad du vil have fra et \"dagligt\" rat, hvis du vil k\u00f8re ofte og g\u00f8re fremskridt.<\/p>\n<h2>Hvem er det til? Hvad vi kan lide, hvad vi ikke kan lide<\/h2>\n<p>Fanatec CSL Steering Wheel R300 V2 henvender sig til en ret klar profil: den motiverede simracer, enten p\u00e5 mellemniveau eller p\u00e5 vej frem, som allerede k\u00f8rer p\u00e5 en Direct Drive-base eller har planer om at skifte til den, og som \u00f8nsker et alsidigt rundt rat til GT, landevej og forskellige discipliner. P\u00e5 pc eller konsol giver det perfekt mening, s\u00e5 snart du har en nyere Fanatec-base.<\/p>\n<p>For en nybegynder, der opdager simracing p\u00e5 et stramt budget, er det m\u00e5ske ikke den f\u00f8rste prioritet. Men for en person, der allerede har en CSL-pakke eller et mere grundl\u00e6ggende originalt rat, skaber R300 V2 et \u00e6gte kvalitativt spring med hensyn til fordybelse og komfort. Det f\u00f8les, som om du g\u00e5r fra et \"spilhjul\" til et \"bilhjul\".<\/p>\n<p>Det, jeg bedst kan lide, er diameteren og formen. Den har en meget naturlig fornemmelse, t\u00e6t p\u00e5 en moderne sportscykel, som straks f\u00e5r dig til at f\u00f8le dig godt tilpas p\u00e5 banen. For det andet er den samlede opfattede kvalitet meget god til prisen: behageligt greb, ren finish, tilstr\u00e6kkelig stivhed til at tage en seri\u00f8s FFB. Endelig g\u00f8r den brede kompatibilitet med Fanatec-\u00f8kosystemet og QR2 Lite dette til et langsigtet k\u00f8b: Du kan opgradere basen, pedalerne og cockpittet, men rattet forbliver relevant.<\/p>\n<p>Der er dog gr\u00e6nser. Den f\u00f8rste er den lidt mindre eksklusive fornemmelse af navet og QR2 Lite-kompositten sammenlignet med en fuld metalsamling. Det generer dig ikke p\u00e5 banen, men n\u00e5r du tager den af og p\u00e5, f\u00e5r du en fornemmelse af, at den er placeret i mellemklassen. For det andet er alcantara stadig et kr\u00e6vende materiale: Uden handsker vil det hurtigere blive m\u00e6rket, og nogle vil foretr\u00e6kke l\u00e6der, som er lettere at leve med. Den tredje begr\u00e6nsning er, at for F1- eller prototypepurister er et rundt rat ikke ideelt: Denne R300 V2 kan g\u00f8re alt, men det er ingen erstatning for et rigtigt, dedikeret formelrat.<\/p>\n<p>Med hensyn til investering er dette et produkt, der kr\u00e6ver en betydelig \u00f8konomisk indsats sammenlignet med pakkehjul, men som giver en reel oplevet v\u00e6rdi. Det er ikke bare et \u00e6stetisk indfald: Det \u00e6ndrer virkelig den m\u00e5de, du f\u00f8ler og kontrollerer dit spil p\u00e5. For en ops\u00e6tning, der allerede er udstyret med Direct Drive, er det en opgradering, der let kan retf\u00e6rdigg\u00f8res, hvis du k\u00f8rer regelm\u00e6ssigt.<\/p>\n<h2>Bed\u00f8mmelse: Hvor st\u00e5r R300 V2 egentlig?<\/h2>\n<p>Fanatec CSL Steering Wheel R300 V2 udfylder en meget logisk niche i et moderne setup: et alsidigt rundt rat med tilstr\u00e6kkelig kvalitet til at ledsage en Direct Drive-base uden at n\u00e5 op p\u00e5 prisen for et fuldt premium rat. Det revolutionerer ikke teknologien, men det forbedrer komforten, pr\u00e6cisionen og indlevelsen betydeligt i forhold til f\u00e6lge p\u00e5 indgangsniveau.<\/p>\n<p>P\u00e5 markedet er den klart positioneret som en solid mellemklassemodel. Mere seri\u00f8st og mere sammenh\u00e6ngende end et bundtrin, mindre eksklusivt og billigere end en ClubSport i topklassen. Det er den slags rat, du kan beholde i lang tid, selv om du opgraderer dit udstyr omkring det.<\/p>\n<p>Jeg vil anbefale det til pc- og konsolsimulatorer, der prim\u00e6rt k\u00f8rer GT-, touring-, landevejs- eller rallybiler, og som vil have et enkelt rat til at \"g\u00f8re det hele\" ordentligt. For dem, der leder efter en meget specifik anvendelse (kun F1, kun drift eller ultra-luksusfinish), er der mere m\u00e5lrettede muligheder, men de er ofte dyrere.<\/p>\n<p>Hvis du er p\u00e5 udkig efter et seri\u00f8st, alsidigt og komfortabelt rundt hjul, der virkelig udnytter en Direct Drive Fanatec-base uden at spr\u00e6nge dit budget, kan dette produkt helt klart g\u00f8re en forskel i dit setup.<\/p>","protected":false},"excerpt":{"rendered":"<p>Dette rat gav mig f\u00f8lelsen af at g\u00e5 videre til et rigtigt \"k\u00f8rev\u00e6rkt\u00f8j\", som var mere indlevende og lettere at afl\u00e6se end et bundt rat uden at v\u00e6re un\u00f8digt luksuri\u00f8st. Det giver mening for \u00f8vede simracere, som ofte k\u00f8rer GT\/road-biler baseret p\u00e5 Direct Drive Fanatec. Hele pakken forbliver sammenh\u00e6ngende og holdbar for en seri\u00f8s mellemklassebil.<\/p>","protected":false},"featured_media":101094,"comment_status":"open","ping_status":"closed","template":"","meta":{"_acf_changed":false,"_et_pb_use_builder":"","_et_pb_old_content":"","_et_gb_content_width":""},"product_brand":[158],"product_cat":[156],"product_tag":[149],"class_list":{"0":"post-101093","1":"product","2":"type-product","3":"status-publish","4":"has-post-thumbnail","6":"product_brand-fanatec","7":"product_cat-roue-de-volant","8":"product_tag-pc","10":"first","11":"instock","12":"shipping-taxable","13":"product-type-external"},"acf":[],"_links":{"self":[{"href":"https:\/\/simracergear.com\/da\/wp-json\/wp\/v2\/product\/101093","targetHints":{"allow":["GET"]}}],"collection":[{"href":"https:\/\/simracergear.com\/da\/wp-json\/wp\/v2\/product"}],"about":[{"href":"https:\/\/simracergear.com\/da\/wp-json\/wp\/v2\/types\/product"}],"replies":[{"embeddable":true,"href":"https:\/\/simracergear.com\/da\/wp-json\/wp\/v2\/comments?post=101093"}],"wp:featuredmedia":[{"embeddable":true,"href":"https:\/\/simracergear.com\/da\/wp-json\/wp\/v2\/media\/101094"}],"wp:attachment":[{"href":"https:\/\/simracergear.com\/da\/wp-json\/wp\/v2\/media?parent=101093"}],"wp:term":[{"taxonomy":"product_brand","embeddable":true,"href":"https:\/\/simracergear.com\/da\/wp-json\/wp\/v2\/product_brand?post=101093"},{"taxonomy":"product_cat","embeddable":true,"href":"https:\/\/simracergear.com\/da\/wp-json\/wp\/v2\/product_cat?post=101093"},{"taxonomy":"product_tag","embeddable":true,"href":"https:\/\/simracergear.com\/da\/wp-json\/wp\/v2\/product_tag?post=101093"}],"curies":[{"name":"wp","href":"https:\/\/api.w.org\/{rel}","templated":true}]}}