{"id":101305,"date":"2025-05-15T08:06:00","date_gmt":"2025-05-15T08:06:00","guid":{"rendered":"https:\/\/simracergear.com\/products\/fanatec-rennsport-cockpit-v2\/"},"modified":"2025-11-28T05:12:07","modified_gmt":"2025-11-28T05:12:07","slug":"fanatec-rennsport-cockpit-v2","status":"publish","type":"product","link":"https:\/\/simracergear.com\/da\/products\/fanatec-rennsport-cockpit-v2\/","title":{"rendered":"Fanatec Rennsport Cockpit V2"},"content":{"rendered":"<p>I en verden af simracing-cockpits er Fanatec Rennsport Cockpit V2 klart positioneret som et \"seri\u00f8st\" chassis til kr\u00e6vende gamere uden at g\u00e5 til yderlighederne i form af r\u00f8rformede pro sim-rigge. Det henvender sig til folk, der vil have et stift cockpit, der ser godt ud i en stue eller p\u00e5 et kontor, kan klare Direct Drive-baser og kraftige pedalboards, samtidig med at det forbliver relativt kompakt og \u00e6stetisk tiltalende.<\/p>\n<p>P\u00e5 papiret lover den en sj\u00e6lden kombination: en stabil struktur, et sofistikeret design og naturlig kompatibilitet med Fanatecs \u00f8kosystem. Ideen er enkel: L\u00e6g din spand, base og pedaler fra dig, og du f\u00e5r en platform, der ikke bev\u00e6ger sig, ikke knirker og ikke f\u00f8les, som om du spiller p\u00e5 et plastikratstativ.<\/p>\n<p>For mit vedkommende kiggede jeg prim\u00e6rt p\u00e5 det ud fra stivhed, komfort og alsidighed. Kan du virkelig bruge et st\u00e6rkt Direct Drive p\u00e5 det uden irriterende flex? Forbliver k\u00f8restillingen god over lange sessioner, uanset hvilken type spil (GT, F1, rally)? Og frem for alt: retf\u00e6rdigg\u00f8r den samlede f\u00f8lelse investeringen sammenlignet med enklere l\u00f8sninger eller konkurrerende r\u00f8rformede rigge?<\/p>\n<h2>Design og fremstilling<\/h2>\n<p>Visuelt har Rennsport Cockpit V2 en meget selvsikker premium-f\u00f8lelse. Hovedstrukturen er lavet af metal med en samling, der straks giver et indtryk af t\u00e6thed. Det er langt fra letv\u00e6gtsst\u00f8tter, der vibrerer ved den mindste acceleration. N\u00e5r du h\u00e5ndterer komponenterne, f\u00e5r du virkelig en fornemmelse af den seri\u00f8sitet, de er fremstillet med: velsk\u00e5rne dele, rene pasformer, lakering og finish, der generelt er blevet omhyggeligt plejet.<\/p>\n<p>Det, der sl\u00e5r en ret hurtigt, er stellets generelle stivhed, n\u00e5r det er samlet korrekt. S\u00f8jlen, der st\u00f8tter rattet, b\u00f8jer ikke under opbremsning, og krankboksen forbliver p\u00e5 plads, selv med et kranks\u00e6t med h\u00f8j modstand. Man kan m\u00e6rke, at cockpittet er designet til at underst\u00f8tte m\u00e6rkets topprodukter, herunder Direct Drive-k\u00e6destag, uden at blive et resonanskammer.<\/p>\n<p>N\u00e5r det g\u00e6lder f\u00f8lelsen, er chassiset solidt. Intet f\u00f8les hult, og man f\u00e5r ikke indtryk af permanent sl\u00f8r, som man nogle gange f\u00e5r med sammenklappelige rigge eller rigge, der er for lette. Der er masser af skruer, og det er tydeligt, at man skal tage sig god tid under monteringen for at sikre, at alt sidder perfekt fast.<\/p>\n<p>Der er dog et par punkter, der er lidt mindre flatterende. Ergonomien i visse omr\u00e5der, is\u00e6r i forbindelse med finjusteringer, kan kr\u00e6ve lidt t\u00e5lmodighed: Nogle justeringer kr\u00e6ver, at man l\u00f8sner flere skruer, flytter dem og strammer dem igen, hvilket ikke altid er s\u00e6rlig hurtigt. Sammenlignet med r\u00f8rformede rigge som f.eks. aluminiumsprofiler mister vi ogs\u00e5 lidt i ren modularitet og millimeterpr\u00e6cis placeringsfrihed.<\/p>\n<p>Sammenlignet med entry-level cockpits eller lettere playseats er Rennsport V2 helt klart i en anden liga med hensyn til robusthed og pr\u00e6sentation. P\u00e5 den anden side er den sammenlignet med aluminiumsprofilchassis mere afh\u00e6ngig af integreret design og \u00e6stetisk plug &amp; play end af absolut modularitet. Det er et klart valg.<\/p>\n<h2>Indstillinger, tilpasning og kompatibilitet<\/h2>\n<p>Rennsport Cockpit V2 tilbyder et godt niveau af justering, men med en ret klar filosofi: tilbyde de vigtige justeringer uden at g\u00f8re ops\u00e6tningen til en permanent arbejdsplads. Du kan justere afstanden til pedalerne, rattets h\u00f8jde og h\u00e6ldning samt s\u00e6dets position, forudsat at du bruger et sk\u00e5ls\u00e6de eller et s\u00e6de, der er kompatibelt med skinner.<\/p>\n<p>Det er virkelig livsforandrende indstillinger. Du kan g\u00e5 fra en ret lang GT-position til noget mere lige, mere rally- eller touring-agtigt. Man\u00f8vrerummet er ikke uendeligt, men det er nok til, at de fleste kropstyper kan finde en behagelig position. Indl\u00e6ringskurven er enkel: N\u00e5r man f\u00f8rst forst\u00e5r, hvor justeringspunkterne er, bliver alt logisk, selv om nogle justeringer kr\u00e6ver lidt tid med skruetr\u00e6kkeren i h\u00e5nden.<\/p>\n<p>Med hensyn til kompatibilitet er cockpittet naturligvis designet til Fanatecs \u00f8kosystem. M\u00e6rkets k\u00e6dest\u00e6nger, pedaler og gearskiftere er alle nemme at montere med passende huller og plader. P\u00e5 b\u00e5de pc og konsol s\u00e6tter cockpittet ingen gr\u00e6nser: Det leverer blot platformen, s\u00e5 s\u00e5 l\u00e6nge dit rat og dine pedaler kan fastg\u00f8res mekanisk, afh\u00e6nger resten af din hardware og din maskine.<\/p>\n<p>Med andre m\u00e6rker er det muligt, men det afh\u00e6nger af kranks\u00e6ttet og k\u00e6destaget. Flere har kompatible eller tilpassede fastg\u00f8relseselementer, men vi har ikke den fleksibilitet, som en universel aluminiumsprofil har. Du bliver n\u00f8dt til at tjekke hullerne og eventuelt bruge mellemplader.<\/p>\n<p>Med hensyn til opgraderingsmuligheder er Rennsport V2 positioneret som en holdbar base snarere end et simpelt indgangspunkt. Du kan starte med en mellemklassebase og et beskedent kranks\u00e6t og derefter bev\u00e6ge dig op i intervallet uden at skulle skifte stel, s\u00e5 l\u00e6nge du holder dig inden for realistiske effektgr\u00e6nser og belastninger til \"entusiastisk\" simracingbrug snarere end ekstrem professionel brug.<\/p>\n<h2>Fornemmelser p\u00e5 spil<\/h2>\n<p>N\u00e5r ops\u00e6tningen er korrekt justeret, kan Rennsport Cockpit V2's opf\u00f8rsel i spillet opsummeres med \u00e9n st\u00e6rk id\u00e9: Alt bliver mere sammenh\u00e6ngende. Den overordnede stivhed g\u00f8r det muligt for force feedbacken at udtrykke sig fuldt ud, uden at energien g\u00e5r tabt i un\u00f8dvendig b\u00f8jning. Du f\u00f8ler, hvad basen g\u00f8r, ikke hvad chassiset g\u00f8r.<\/p>\n<p>P\u00e5 FFB er forskellen i forhold til en let base eller et mere grundl\u00e6ggende cockpit tydelig. Mikrodetaljerne i kraftfeedbacken g\u00e5r bedre igennem, is\u00e6r med en Direct Drive-base. Variationer i drejningsmoment, sm\u00e5 tab af greb og overgange mellem greb og slip g\u00e5r tydeligere igennem, fordi rattet ikke \"sv\u00e6ver\" i sin montering. Styret\u00f8jet f\u00f8les mere forbundet med vejen.<\/p>\n<p>I hurtige sving nyder du godt af en velkommen stabilitet: ingen rystende s\u00f8jle, ingen parasit\u00e6re vibrationer, der sl\u00f8rer afl\u00e6sningen. Du kan virkelig koncentrere dig om den information, som rattet sender. Det er her, en god undervogn g\u00f8r hele forskellen, n\u00e5r det g\u00e6lder k\u00f8rsel: Du kan bedre afl\u00e6se lastoverf\u00f8rsler og \u00e6ndringer i vejgreb, og du t\u00f8r bremse senere og give mere gas, fordi f\u00f8lelsen er ren.<\/p>\n<p>P\u00e5 vibratorer overf\u00f8rer cockpittet det, som basen producerer, godt uden nogen m\u00e6rkelige forst\u00e6rkninger. St\u00f8ddene forbliver begr\u00e6nset til rattet og pedalerne i stedet for at g\u00f8re hele chassiset til en trampolin. Du kan m\u00e6rke banens kanter, stallerne p\u00e5 en aggressiv vibrator, men uden at strukturen giver indtryk af at v\u00e6re ved at g\u00e5 i stykker. Resultatet er forbedret l\u00e6sbarhed, ikke bare mekanisk 'st\u00f8j'.<\/p>\n<p>Over lange sessioner er chassisets konsistens et st\u00e6rkt punkt. Der er ingen sl\u00f8r efter en time, ingen fornemmelse af, at rygs\u00f8jlen gradvist l\u00f8sner sig. P\u00e5 den anden side er det kvaliteten af det s\u00e6de, du v\u00e6lger, og finessen i positionsindstillingerne, der kan v\u00e6re en begr\u00e6nsende faktor, snarere end selve chassiset. Med et godt sk\u00e5ls\u00e6de kan du g\u00e5 fra det ene stint til det n\u00e6ste uden at f\u00f8le den tr\u00e6thed, der er forbundet med akavede stillinger eller et rat, der er for h\u00f8jt eller for lavt.<\/p>\n<p>Ved hurtige korrektioner hj\u00e6lper pakkens stivhed meget. N\u00e5r bilen g\u00e5r i st\u00e5, og du er n\u00f8dt til at modstyre med det samme, sker alt rent og uden d\u00f8dtid. Rattet vender tilbage, du korrigerer, og cockpittet f\u00f8lger med uden at blinke. Du forst\u00e5r med det samme, hvad bilen g\u00f8r, og kan reagere med pr\u00e6cision. Det er is\u00e6r nyttigt, n\u00e5r du arbejder med avancerede simuleringer, hvor korrektionsvinduet er meget kort.<\/p>\n<p>Sammenlignet med et mere fleksibelt cockpit eller et simpelt stativ er det kvalitative spring indlysende: Du f\u00e5r mere selvtillid. Sammenlignet med en meget avanceret r\u00f8rformet rig eller et robust aluminiumschassis ligger forskellen mere i modularitet og evnen til at h\u00e5ndtere endnu mere ekstreme baser end i selve fornemmelserne til avanceret, men 'normal' simracer-brug. I en realistisk konfiguration vil Rennsport V2 ikke begr\u00e6nse forn\u00f8jelsen eller ydeevnen for de fleste k\u00f8rere.<\/p>\n<h2>Hvem er den til? Hvad vi kan lide \/ Hvad vi ikke kan lide<\/h2>\n<p>Fanatec Rennsport Cockpit V2 er helt klart rettet mod motiverede simracere, som allerede er vokset fra desktop-rattet. En ideel profil ville v\u00e6re en mellemliggende til erfaren pc- eller konsolgamer, som allerede ejer et seri\u00f8st rat (Direct Drive eller topklasse b\u00e6ltedrevet base), og som endelig vil have en solid base, hvorfra alt kan struktureres. Det ville ogs\u00e5 passe til en person, der starter ambiti\u00f8st ud med et langsigtet ops\u00e6tningsprojekt, og som foretr\u00e6kker at investere \u00e9n gang i et sammenh\u00e6ngende cockpit.<\/p>\n<p>Det, jeg is\u00e6r kan lide, er chassisets overordnede stivhed, som passer rigtig godt til den kraftige undervogn. Det omhyggelige design taler ogs\u00e5 til dens fordel: Det er et cockpit, som du kan f\u00e5 til at passe ind i en stue eller et kontor uden at give indtryk af, at du har monteret et racerbilbur midt i rummet. Endelig g\u00f8r det faktum, at det integreres naturligt i Fanatecs \u00f8kosystem, livet enklere: tilpassede plader, logisk placering, ingen grund til at improvisere hele tiden.<\/p>\n<p>P\u00e5 den anden side er der et par begr\u00e6nsninger, man skal huske p\u00e5. For det f\u00f8rste er modulariteten ikke s\u00e5 god som ved et universelt aluminiumschassis: Du kan justere det, men ikke alt og ikke i alle retninger, og nogle meget specifikke positioner vil v\u00e6re sv\u00e6rere at opn\u00e5. For det andet er montering og justeringer ikke \u00f8jeblikkelige: For at f\u00e5 det bedste ud af cockpittet skal du v\u00e6re villig til at bruge lidt tid p\u00e5 det, det er ikke et plug &amp; play-produkt p\u00e5 ti minutter. Endelig placerer prisen den klart p\u00e5 siden af velovervejede investeringer: Det er ikke et impulsk\u00f8b, is\u00e6r ikke hvis du tilf\u00f8jer prisen p\u00e5 et godt s\u00e6de.<\/p>\n<p>Med hensyn til den opfattede v\u00e6rdi afh\u00e6nger det hele af, hvordan man ser p\u00e5 det. For en person, der kommer fra et kontor og et ratstativ, vil gevinsten i form af stabilitet, komfort og fordybelse mere end retf\u00e6rdigg\u00f8re den \u00f8konomiske indsats. For en person, der foretager en kold sammenligning med en rig med aluminiumsprofil, bliver sp\u00f8rgsm\u00e5let mere subtilt: Du betaler for designet, Fanatec-integrationen og det \"n\u00f8glef\u00e6rdige\" aspekt, hvorimod andre l\u00f8sninger er mere afh\u00e6ngige af ekstrem tilpasning.<\/p>\n<h2>Dom<\/h2>\n<p>Fanatec Rennsport Cockpit V2 \u00e6ndrer helt klart strukturen i et setup. Vi g\u00e5r fra en til tider vakkelvorn samling (skrivebord, stativ, kontorstol) til en dedikeret platform, der er designet til simracing, hvor hvert element har sin plads og bliver p\u00e5 sin plads. Den st\u00f8rste effekt er p\u00e5 den overordnede konsistens: en mere naturlig k\u00f8restilling, bedre brug af force feedback, mere kontrolleret bremsning og st\u00f8rre indlevelse.<\/p>\n<p>P\u00e5 markedet er det placeret i premium cockpit-kategorien uden at n\u00e5 delirium af hypermodul\u00e6re rigge til kvasi-professionel brug. Det henvender sig til et passioneret publikum, der er klar til at investere i noget rent, holdbart og h\u00f8jtydende uden at g\u00e5 i gang med et skr\u00e6ddersyet byggeprojekt.<\/p>\n<p>Jeg vil is\u00e6r anbefale det til dem, der allerede k\u00f8rer meget med Fanatec eller lignende udstyr, og som vil have et stabilt, seri\u00f8st chassis, der ogs\u00e5 er visuelt acceptabelt i et levende milj\u00f8. P\u00e5 den anden side er det m\u00e5ske ikke det bedste valg for en nybegynder, der endnu ikke ved, om han vil foretage en langsigtet investering, eller for en person, der er p\u00e5 udkig efter den absolutte modularitet i profileret aluminium.<\/p>\n<p>Hvis du er p\u00e5 udkig efter et stift, veludf\u00f8rt cockpit, der er designet til at udnytte et kraftigt rat og strukturere dit setup omkring Fanatec-\u00f8kosystemet, kan dette produkt helt klart g\u00f8re en forskel for dit setup.<\/p>","protected":false},"excerpt":{"rendered":"<p>Dette cockpit gav mig en fornemmelse af, at ops\u00e6tningen var blevet fuldst\u00e6ndig solidificeret: Rattet og pedalerne udtrykker sig endelig uden parasit\u00e6re vibrationer med en sammenh\u00e6ngende k\u00f8restilling over tid. Det giver mening for simracere, der allerede er involveret, is\u00e6r i Fanatecs \u00f8kosystem, og som \u00f8nsker et stabilt, pr\u00e6sentabelt chassis i stedet for et ultramodul\u00e6rt r\u00f8rformet udstyr.<\/p>","protected":false},"featured_media":101306,"comment_status":"open","ping_status":"closed","template":"","meta":{"_acf_changed":false,"_et_pb_use_builder":"","_et_pb_old_content":"","_et_gb_content_width":""},"product_brand":[158],"product_cat":[163],"product_tag":[149,159,160],"class_list":{"0":"post-101305","1":"product","2":"type-product","3":"status-publish","4":"has-post-thumbnail","6":"product_brand-fanatec","7":"product_cat-cockpit","8":"product_tag-pc","9":"product_tag-playstation","10":"product_tag-xbox","12":"first","13":"instock","14":"shipping-taxable","15":"product-type-external"},"acf":[],"_links":{"self":[{"href":"https:\/\/simracergear.com\/da\/wp-json\/wp\/v2\/product\/101305","targetHints":{"allow":["GET"]}}],"collection":[{"href":"https:\/\/simracergear.com\/da\/wp-json\/wp\/v2\/product"}],"about":[{"href":"https:\/\/simracergear.com\/da\/wp-json\/wp\/v2\/types\/product"}],"replies":[{"embeddable":true,"href":"https:\/\/simracergear.com\/da\/wp-json\/wp\/v2\/comments?post=101305"}],"wp:featuredmedia":[{"embeddable":true,"href":"https:\/\/simracergear.com\/da\/wp-json\/wp\/v2\/media\/101306"}],"wp:attachment":[{"href":"https:\/\/simracergear.com\/da\/wp-json\/wp\/v2\/media?parent=101305"}],"wp:term":[{"taxonomy":"product_brand","embeddable":true,"href":"https:\/\/simracergear.com\/da\/wp-json\/wp\/v2\/product_brand?post=101305"},{"taxonomy":"product_cat","embeddable":true,"href":"https:\/\/simracergear.com\/da\/wp-json\/wp\/v2\/product_cat?post=101305"},{"taxonomy":"product_tag","embeddable":true,"href":"https:\/\/simracergear.com\/da\/wp-json\/wp\/v2\/product_tag?post=101305"}],"curies":[{"name":"wp","href":"https:\/\/api.w.org\/{rel}","templated":true}]}}