{"id":101314,"date":"2025-05-15T08:06:00","date_gmt":"2025-05-15T08:06:00","guid":{"rendered":"https:\/\/simracergear.com\/products\/frein-a-main-mme-motorsport\/"},"modified":"2025-11-28T05:12:53","modified_gmt":"2025-11-28T05:12:53","slug":"frein-a-main-mme-motorsport","status":"publish","type":"product","link":"https:\/\/simracergear.com\/da\/products\/frein-a-main-mme-motorsport\/","title":{"rendered":"MME Motorsport h\u00e5ndbremse"},"content":{"rendered":"<h2>MME Motorsport h\u00e5ndbremse: test og fuld anmeldelse<\/h2>\n<p>MME Motorsport-h\u00e5ndbremsen er klart rettet mod sim-racere, der vil have noget seri\u00f8st til rally, drifting og alle discipliner, hvor kontrol over glidet er centralt. Det er et \"semi-professionelt\/professionelt\" produkt med en meget racerbilsagtig tilgang og meget mindre \"forbedret leget\u00f8j\" end nogle h\u00e5ndbremser p\u00e5 indgangsniveau.<\/p>\n<p>Hvad den lover: en fornemmelse t\u00e6t p\u00e5 en rigtig hydraulisk h\u00e5ndbremse, en ultra-stiv struktur og konsekvent opf\u00f8rsel, uanset om det drejer sig om korte drift-sessioner eller k\u00e6dede rallyetaper. Den henvender sig til dem, der allerede har et st\u00e6rkt setup (Direct Drive, loadcell-kranks\u00e6t, stift cockpit) og \u00f8nsker at tilf\u00f8je en virkelig trov\u00e6rdig brik.<\/p>\n<p>Min vinkel her er enkel: pr\u00e6cision, progressivitet og tillid. Giver MME Motorsport mulighed for finjusteret glidning, eller er det bare et lidt mere premium on\/off-greb? Forbliver det konsekvent og behageligt i flere timer? Og frem for alt, retf\u00e6rdigg\u00f8r den oplevede kvalitet investeringen i en tid, hvor udvalget af h\u00e5ndbremser tydeligvis er blevet t\u00e6ttere i de senere \u00e5r?<\/p>\n<h2>Design, fremstilling og finish<\/h2>\n<p>S\u00e5 snart du samler MME Motorsport-h\u00e5ndbremsen op, er det f\u00f8rste indtryk t\u00e6thed. Bearbejdet metalstruktur, solidt h\u00e5ndtag, ingen flydende eller hult klingende dele. Det minder om konkurrenceorienteret periferiudstyr med en \u00e6gte f\u00f8lelse af kompakthed og stivhed.<\/p>\n<p>Overordnet set er finishen meget ren med velbearbejdede kanter, ensartet maling eller anodisering og seri\u00f8se skruer og bolte. Intet ligner g\u00f8r-det-selv-arbejde eller grov 3D-printning. H\u00e5ndtaget har ikke noget m\u00e6rkbart sl\u00f8r i sin akse, og der er ingen h\u00e5rde steder, der forstyrrer bev\u00e6gelsen. N\u00e5r du virkelig tr\u00e6kker i det, kan du m\u00e6rke, at det indvendige chassis kan klare det uden at ryste. Du kan virkelig f\u00e5 fat i den uden at t\u00e6nke over det.<\/p>\n<p>Den mekaniske fornemmelse er ret t\u00f8r og pr\u00e6cis. Du kan tydeligt m\u00e6rke fjederens eller det elastiske elements modstand med en l\u00e6sbar og gentagelig progression. Det er ikke bl\u00f8dt, det er ikke uklart. Hvis du kommer fra en f\u00f8rsteklasses h\u00e5ndbremse i tynd metalplade, vil du straks m\u00e6rke forskellen i soliditet. Dette er et h\u00e5ndtag, der indgyder tillid, selv n\u00e5r det er monteret p\u00e5 et stift aluminiumscockpit.<\/p>\n<p>Det, der kan v\u00e6re lidt skuffende, er det ret r\u00e5 udseende af visse elementer, afh\u00e6ngigt af den valgte konfiguration: synlige skruer, meget industrielt look. Det er mere et arbejdsredskab end et designobjekt, der skal vises frem p\u00e5 en messe. Sammenlignet med mere \"almindelige\" produkter, der er lidt mere visuelt polerede, har MME Motorsport et raceragtigt udtryk uden dikkedarer.<\/p>\n<p>Sammenlignet med h\u00e5ndbremser i mellemklassen er f\u00f8lelsen af stivhed og mekanisk sammenh\u00e6ng klart overlegen. Sammenlignet med nogle af de allerbedste modeller p\u00e5 markedet g\u00e6lder den samme filosofi: Strukturen, f\u00f8lelsen af h\u00e5ndtaget og den oplevede holdbarhed prioriteres frem for styling-effekter.<\/p>\n<h2>Indstillinger, tilpasning og kompatibilitet<\/h2>\n<p>MME Motorsport fors\u00f8ger ikke at v\u00e6re alt for alle mennesker. Det koncentrerer sig om det v\u00e6sentlige: at tilbyde brugbar racing, modstand tilpasset din stil og ren integration i en sim racing-orienteret pc-ops\u00e6tning. Kompatibiliteten er typisk pc, via USB, med anerkendelse som en uafh\u00e6ngig periferiudstyr i de vigtigste spil. P\u00e5 konsoller vil alt afh\u00e6nge af din base og begr\u00e6nsningerne i hvert \u00f8kosystem, men produktet er helt klart prim\u00e6rt rettet mod pc-brugere.<\/p>\n<p>Med hensyn til mekaniske indstillinger kan du justere den samlede modstand og nogle gange den nyttige vandring, afh\u00e6ngigt af versionen. Du kan generelt g\u00e5 fra en ret fast, meget \"asfaltrally\"-agtig fornemmelse til noget lidt mere progressivt til drifting eller grusrally, hvor du leger mere med modulation. Justeringer foretages ved hj\u00e6lp af enkle v\u00e6rkt\u00f8jer, men du skal stadig tage dig god tid i starten til at finde den ops\u00e6tning, der passer til din stil.<\/p>\n<p>Den anvendte sensor giver generelt en ren analog afl\u00e6sning uden skjulte d\u00f8de zoner. I spil f\u00e5r du en brugbar kurve, som du kan finjustere i simulationsmenuerne: m\u00e6tning, f\u00f8lsomhed, d\u00f8dzone i starten eller slutningen af l\u00f8bet. De fleste seri\u00f8se titler (rally, drift, baner) giver dig mulighed for at kalibrere h\u00e5ndbremsen perfekt, og her kommer MME til sin ret.<\/p>\n<p>Indl\u00e6ringskurven afh\u00e6nger i h\u00f8j grad af din erfaring. Hvis du allerede har k\u00f8rt med en analog h\u00e5ndbremse, f\u00e5r du hurtigt styr p\u00e5 det. Hvis du kommer fra en simpel knap eller et meget simpelt h\u00e5ndtag, skal du acceptere et par sessioner med tilpasning for at forst\u00e5, hvordan du skal proportionere det glidende input i stedet for at rive alt ud med hvert tr\u00e6k.<\/p>\n<p>Med hensyn til integration passer den meget godt til profilerede aluminiumskonstruktioner eller seri\u00f8se st\u00e5lcockpits. Den kr\u00e6ver en tilstr\u00e6kkelig stiv base for at udtrykke sit fulde potentiale. P\u00e5 et letv\u00e6gtscockpit eller -bord ville den v\u00e6re helt spildt. Med hensyn til opgraderingsmuligheder er det ikke bare et indgangspunkt: Det er en perifer enhed, der kan forblive i hjertet af en meget avanceret ops\u00e6tning uden at blive det svage led.<\/p>\n<h2>Fornemmelser i spil: pr\u00e6cision og kontrol af glideturen<\/h2>\n<p>Der, hvor MME Motorsport bliver interessant, er, n\u00e5r man begynder at arbejde med grebsgr\u00e6nsen. H\u00e5ndtaget udl\u00f8ser ikke bare h\u00e5ndbremsen: Det giver dig mulighed for at kontrollere m\u00e6ngden og varigheden af opbremsningen. Man m\u00e6rker hurtigt en logisk sammenh\u00e6ng mellem den kraft, der anvendes p\u00e5 h\u00e5ndtaget, og bilens reaktion.<\/p>\n<p>I rally bliver det meget mere kontrollerbart at k\u00f8re ind i sn\u00e6vre sving. Du kan f\u00e5 bilen til at dreje med et kort, t\u00f8rt skub eller tv\u00e6rtimod holde glideren lidt for at justere vinklen. H\u00e5ndbremsen giver ikke aktiv force feedback i FFB-forstand, men den stabile mekaniske modstand og den anvendelige vandring giver indtryk af et pr\u00e6cist v\u00e6rkt\u00f8j, ikke en simpel kontakt.<\/p>\n<p>Det, der virkelig \u00e6ndrer sig i forhold til en mindre sofistikeret h\u00e5ndbremse, er den finesse, hvormed man kan afl\u00e6se, hvad der sker. Afh\u00e6ngigt af den f\u00f8lsomhed, der er indstillet i spillet, kan du m\u00e6rke, hvorn\u00e5r bagakslen slipper, og hvorn\u00e5r den h\u00e6nger fast. Man forst\u00e5r med det samme, hvad bilen g\u00f8r. Man har ikke l\u00e6ngere indtryk af, at man ser den glide, man har kontrol over den.<\/p>\n<p>P\u00e5 vibratorer eller under hurtige overgange mellem b\u00f8jninger begynder MME'en aldrig at vibrere eller bev\u00e6ge sig p\u00e5 en parasitisk m\u00e5de, forudsat at du har en solid samling. H\u00e5ndtaget forbliver stabilt, h\u00e5ndtaget vakler ikke, og positionsmark\u00f8rerne er tydelige. N\u00e5r du er n\u00f8dt til at foretage en skarp korrektion, fordi bilen k\u00f8rer lidt for langt, kan du tr\u00e6kke lige tilbage uden at spekulere p\u00e5, om noget vil bev\u00e6ge sig i cockpittet.<\/p>\n<p>Ved drifting er fordelene endnu mere indlysende end med en konventionel h\u00e5ndbremse p\u00e5 indgangsniveau. Du kan angribe frigivelser med st\u00f8rre selvtillid, lege med l\u00e6ngden af tr\u00e6kket, frigive tidligt for at starte en lang drift eller tv\u00e6rtimod korrigere en vinkel, der undslipper. H\u00e5ndtaget reagerer p\u00e5 intentioner, ikke p\u00e5 tiln\u00e6rmelser. Man f\u00e5r en fornemmelse af, at hver centimeter af vandringen tjener et form\u00e5l.<\/p>\n<p>Over lange sessioner er konsistens et st\u00e6rkt punkt. Modstanden ser ikke ud til at \u00e6ndre sig m\u00e6rkbart, mekanikken knirker ikke og \u00e6ndrer ikke adf\u00e6rd. Mentalt er det vigtigt: Du kan koncentrere dig om din k\u00f8rsel uden at skulle genl\u00e6re, hvordan du bruger h\u00e5ndbremsen igen og igen. Komforten kommer fra det faktum, at grebet altid er det samme, k\u00f8rsel efter k\u00f8rsel.<\/p>\n<p>Sammenlignet med en billig h\u00e5ndbremse er den st\u00f8rste fordel tillid og gentagelsesn\u00f8jagtighed. Mens en basismodel nogle gange kan f\u00f8les lidt sl\u00f8ret, og frigivelsen varierer fra omgang til omgang, er MME virkelig konsekvent. P\u00e5 den anden side, sammenlignet med nogle ultra-high-end hydrauliske systemer, er f\u00f8lelsen lidt mindre organisk, mindre som en rigtig bils hydrauliske system, men forskellen ligger mere i det 'ultra-puristiske' aspekt end i den involverede effektivitet.<\/p>\n<p>Med hensyn til den overordnede indlevelse giver den det lille touch, som ofte mangler i et rally- eller drift-orienteret setup. N\u00e5r h\u00e5ndbremsen bliver et rigtigt k\u00f8rev\u00e6rkt\u00f8j, f\u00e5r alt andet i ops\u00e6tningen en anden dimension.<\/p>\n<h2>Hvem er det til? Styrker og begr\u00e6nsninger<\/h2>\n<p>Denne h\u00e5ndbremse er klart rettet mod den mellemliggende til avancerede sim-racer. Dem, der allerede har et minimum af virtuel k\u00f8reerfaring, og som bruger meget tid p\u00e5 rally, drift eller rallycross. For nybegyndere er produktet stadig brugbart, men det vil f\u00f8rst for alvor blive udnyttet, n\u00e5r de grundl\u00e6ggende k\u00f8ref\u00e6rdigheder er p\u00e5 plads.<\/p>\n<p>De store plusser er stivhed og en seri\u00f8s fornemmelse. N\u00e5r h\u00e5ndtaget er monteret korrekt, bev\u00e6ger det sig ikke, der er ingen fleksibilitet og intet tvivlsomt spil. S\u00e5 er der det progressive slag, som giver dig en ordentlig dosis glid og g\u00f8r en klar forskel i forhold til enklere l\u00f8sninger. Endelig giver den konsekvente opf\u00f8rsel over tid \u00e6gte stabilitet: Du ved, at du kan bygge din k\u00f8rsel op omkring denne h\u00e5ndbremse uden at skulle tilpasse dig hele tiden.<\/p>\n<p>Men der er gr\u00e6nser. Den f\u00f8rste er, at det meget raceragtige udseende og design kan virke lidt stramt for dem, der ogs\u00e5 er p\u00e5 udkig efter et designobjekt til et kontor eller et lounge-setup. For det andet har den brug for et seri\u00f8st cockpit for at afsl\u00f8re sit potentiale. P\u00e5 et let stativ eller skrivebord er det mere sandsynligt, at du m\u00e6rker svaghederne i den omgivende struktur, hvilket g\u00f8r investeringen mindre relevant. For det tredje er det ikke det mest \"plug and play\" p\u00e5 markedet for den brede offentlighed: Du skal bruge lidt tid p\u00e5 softwaren og de mekaniske indstillinger for at finde det rette sted.<\/p>\n<p>Med hensyn til investering er dette ikke et produkt, der er designet til at v\u00e6re en \"billig h\u00e5ndbremse\". Det henvender sig til dem, der er parate til at bruge en betydelig sum penge p\u00e5 en dedikeret periferienhed med henblik p\u00e5 at beholde den i lang tid og integrere den i en performance-orienteret ops\u00e6tning. Den opfattede v\u00e6rdi er h\u00f8j, hvis du er p\u00e5 udkig efter fornemmelser t\u00e6t p\u00e5 den \u00e6gte vare, og et reelt skridt op fra grundl\u00e6ggende muligheder. Hvis du har et meget stramt budget, eller hvis h\u00e5ndbremser kun bruges lejlighedsvis, bliver MME'en sv\u00e6rere at retf\u00e6rdigg\u00f8re.<\/p>\n<h2>Bed\u00f8mmelse: en rigtig h\u00e5ndbremse for kr\u00e6vende sim-racere<\/h2>\n<p>MME Motorsport-h\u00e5ndbremsen er en klar game-changer for rally- og drift-orienterede set-ups. Hvor mange h\u00e5ndbremser blot udl\u00f8ser en handling, bliver denne et rigtigt k\u00f8rev\u00e6rkt\u00f8j, der kan styre glidevinklen med finesse og gentagelsesn\u00f8jagtighed. Den giver en fornemmelse af at v\u00e6re et \"arbejdsredskab\", som ofte mangler i mere legende periferiudstyr.<\/p>\n<p>P\u00e5 markedet er den placeret som et f\u00f8rsteklasses pr\u00e6stationsorienteret produkt, over almindelige h\u00e5ndbremser og p\u00e5 h\u00f8jde med seri\u00f8se referencer, der er rettet mod avancerede sim-racere. Den fors\u00f8ger ikke at appellere til alle: Den henvender sig til dem, der allerede har eller planl\u00e6gger et stift cockpit, et Direct Drive-rat eller tilsvarende, og som \u00f8nsker et link, der er i overensstemmelse med dette kravniveau.<\/p>\n<p>Jeg anbefaler det is\u00e6r til virtuelle k\u00f8rere, der bruger meget tid p\u00e5 rally, rallycross eller drift, og som allerede har taget et skridt op i forhold til hardware. For den lejlighedsvise konsolgamer eller lettere ops\u00e6tning er der enklere, mindre \u00f8konomisk kr\u00e6vende og mere plug and play-muligheder.<\/p>\n<p>Hvis du er p\u00e5 udkig efter en solid, pr\u00e6cis h\u00e5ndbremse, der kan \u00e6ndre din glidestyring og ledsage en avanceret evolution\u00e6r ops\u00e6tning, kan dette produkt helt klart g\u00f8re en forskel i din ops\u00e6tning.<\/p>","protected":false},"excerpt":{"rendered":"<p>Denne h\u00e5ndbremse gav mig en \u00e6gte f\u00f8lelse af et pilotv\u00e6rkt\u00f8j med en glidekontrol, der var meget finere og mere konsekvent end med forbrugermodeller. Den henvender sig prim\u00e6rt til sim-racere, som allerede har et stift cockpit og performance-orienteret udstyr, og som k\u00f8rer meget rally eller drifting. Det er stadig en fornuftig investering, hvis du er p\u00e5 udkig efter en seri\u00f8s, langtidsholdbar enhed.<\/p>","protected":false},"featured_media":100265,"comment_status":"open","ping_status":"closed","template":"","meta":{"_acf_changed":false,"_et_pb_use_builder":"","_et_pb_old_content":"","_et_gb_content_width":""},"product_brand":[151],"product_cat":[150],"product_tag":[149],"class_list":{"0":"post-101314","1":"product","2":"type-product","3":"status-publish","4":"has-post-thumbnail","6":"product_brand-mme-simsport","7":"product_cat-frein-a-main","8":"product_tag-pc","10":"first","11":"instock","12":"shipping-taxable","13":"product-type-external"},"acf":[],"_links":{"self":[{"href":"https:\/\/simracergear.com\/da\/wp-json\/wp\/v2\/product\/101314","targetHints":{"allow":["GET"]}}],"collection":[{"href":"https:\/\/simracergear.com\/da\/wp-json\/wp\/v2\/product"}],"about":[{"href":"https:\/\/simracergear.com\/da\/wp-json\/wp\/v2\/types\/product"}],"replies":[{"embeddable":true,"href":"https:\/\/simracergear.com\/da\/wp-json\/wp\/v2\/comments?post=101314"}],"wp:featuredmedia":[{"embeddable":true,"href":"https:\/\/simracergear.com\/da\/wp-json\/wp\/v2\/media\/100265"}],"wp:attachment":[{"href":"https:\/\/simracergear.com\/da\/wp-json\/wp\/v2\/media?parent=101314"}],"wp:term":[{"taxonomy":"product_brand","embeddable":true,"href":"https:\/\/simracergear.com\/da\/wp-json\/wp\/v2\/product_brand?post=101314"},{"taxonomy":"product_cat","embeddable":true,"href":"https:\/\/simracergear.com\/da\/wp-json\/wp\/v2\/product_cat?post=101314"},{"taxonomy":"product_tag","embeddable":true,"href":"https:\/\/simracergear.com\/da\/wp-json\/wp\/v2\/product_tag?post=101314"}],"curies":[{"name":"wp","href":"https:\/\/api.w.org\/{rel}","templated":true}]}}