{"id":101315,"date":"2025-11-28T04:46:47","date_gmt":"2025-11-28T04:46:47","guid":{"rendered":"https:\/\/simracergear.com\/products\/gran-turismo-dd-extreme\/"},"modified":"2025-11-28T04:46:47","modified_gmt":"2025-11-28T04:46:47","slug":"gran-turismo-dd-extreme","status":"publish","type":"product","link":"https:\/\/simracergear.com\/da\/products\/gran-turismo-dd-extreme\/","title":{"rendered":"Fanatec Gran Turismo DD Extreme"},"content":{"rendered":"<p><span style=\"font-weight: 400;\">Fanatec GT DD Extreme kommer ind i et meget eftertragtet segment: \"top-of-the-range consumer\" Direct Drive, designet til b\u00e5de konsol og pc, med stor v\u00e6gt p\u00e5 PlayStation-\u00f8kosystemet og det officielle partnerskab med Gran Turismo. P\u00e5 papiret lover det en sj\u00e6lden kombination af kraft, seri\u00f8s pr\u00e6cision og et komplet rat, der er klar til brug, alt sammen i et format, der stadig er \"til at leve med\" p\u00e5 et skrivebord eller i et lille cockpit.<\/span><\/p>\n<p><span style=\"font-weight: 400;\">Denne pakke er klart rettet mod rytteren, der \u00f8nsker at tage et skridt op fra remdrevne baser eller sm\u00e5 Direct Drives p\u00e5 indgangsniveau uden at g\u00e5 efter ultrakr\u00e6vende rent \"pro simracing\"-udstyr. Det er et centralt produkt: kraftigt nok til at holde trit med en erfaren simracer, men stadig tilg\u00e6ngeligt for en motiveret bruger, der kommer fra et enklere hjul.<\/span><\/p>\n<p><span style=\"font-weight: 400;\">Min vinkel p\u00e5 dette GT DD Extreme er kvaliteten af force feedback, l\u00e6sbarheden af de oplysninger, bilen giver, og den overordnede komfort over lange sessioner med et \u00e6rligt blik p\u00e5 den reelle v\u00e6rdi af pakken. Dette er et rat, der lover fordybelse, kontrol og alsidighed.<\/span><\/p>\n<p><span style=\"font-weight: 400;\">Kort sagt: Det er en Direct Drive, der er designet til at spille 'seri\u00f8st' uden at blive en gasfabrik.<\/span><\/p>\n<p>&nbsp;<\/p>\n<h2><span style=\"font-weight: 400;\">Design og fremstilling<\/span><\/h2>\n<p><span style=\"font-weight: 400;\">B\u00e5de visuelt og i h\u00e5nden giver GT DD Extreme straks indtryk af et gennemf\u00f8rt produkt. Direct Drive-basen er kompakt og t\u00e6t med et metalhus, der indgyder tillid. Intet bev\u00e6ger sig, intet kn\u00e6kker, stivheden er der. Det f\u00f8les virkelig som en solid blok, der er designet til at modst\u00e5 mange \u00e5rs k\u00f8rsel.<\/span><\/p>\n<p><span style=\"font-weight: 400;\">Det medf\u00f8lgende GT-rat er i\u00f8jnefaldende p\u00e5 grund af det overordnede finishniveau. Materialerne lever ikke op til standarden for et rat i fuld l\u00e6der og aluminium i racerstil, men den samlede effekt er meget ren. Grebene er gode, knapperne f\u00f8les gode, og rattet lyder ikke som et stykke leget\u00f8j. Det er helt klart et stykke over konventionelle forbrugerpakker.<\/span><\/p>\n<p><span style=\"font-weight: 400;\">Ratpindene giver en ren fornemmelse med et tydeligt klik. Man kan fornemme et \u00f8nske om at tilbyde noget mere seri\u00f8st end et simpelt plastikrat. LED-instrumentbr\u00e6ttet, det centrale display og knappernes placering forst\u00e6rker indtrykket af, at dette er et \"alsidigt simracing\"-rat snarere end et simpelt konsoltilbeh\u00f8r.<\/span><\/p>\n<p><span style=\"font-weight: 400;\">Der, hvor den kan v\u00e6re lidt skuffende, er i visse materialedetaljer. Vi er ikke p\u00e5 niveau med et selvst\u00e6ndigt premium-rat i metal og l\u00e6der hele vejen igennem. Der er stadig noget plast, og p\u00e5 dette prisniveau forventer nogle brugere m\u00e5ske endnu mere. Men den overordnede sammenh\u00e6ng i pakken mere end opvejer dette.<\/span><\/p>\n<p><span style=\"font-weight: 400;\">Sammenlignet med andre produkter i en lignende kategori er selve basen virkelig f\u00f8rsteklasses. Det overordnede indtryk er en solid, gennemt\u00e6nkt kombination, der er designet til at v\u00e6re midtpunktet i en seri\u00f8s ops\u00e6tning.<\/span><\/p>\n<p><span style=\"font-weight: 400;\">I h\u00e5nden f\u00e5r man indtryk af, at udstyret er designet til hyppig, lang og stressfri brug.<\/span><\/p>\n<p>&nbsp;<\/p>\n<h2><span style=\"font-weight: 400;\">Indstillinger, tilpasning og kompatibilitet<\/span><\/h2>\n<p>&nbsp;<\/p>\n<p><span style=\"font-weight: 400;\">Med hensyn til indstillinger er Fanatec tro mod sin logik: Der er indbyggede profiler, forudindstillinger for hvert s\u00e6t og mulighed for at finjustere via basismenuen og via pc-softwaren. For en, der er ny i Direct Drive, er det betryggende: Du kan k\u00f8re hurtigt med en \"grundl\u00e6ggende\" konfiguration, der allerede er brugbar, og derefter finjustere lidt efter lidt.<\/span><\/p>\n<p><span style=\"font-weight: 400;\">Menuen p\u00e5 basen giver dig mulighed for at justere de store klassikere: samlet kraft, filter, d\u00e6mper, minimumskraft og linearitet. Ergonomien er logisk, men kr\u00e6ver alligevel lidt tid at v\u00e6nne sig til, hvis man aldrig har r\u00f8rt ved den slags parametre f\u00f8r. Der er ikke noget, der stopper dig, men du skal v\u00e6re forberedt p\u00e5 at bruge lidt tid p\u00e5 at teste.<\/span><\/p>\n<p><span style=\"font-weight: 400;\">P\u00e5 pc'en giver Fanatec-softwaren meget mere finesse. Det er her, du virkelig kan tilpasse basen til din stil: mere r\u00e5 og direkte til en rytter, der kan lide at m\u00e6rke hvert eneste bump, eller mere filtreret og bl\u00f8d til lange sessioner p\u00e5 konsollen eller til mere 'afslappet' k\u00f8rsel. Helt \u00e6rligt, du kan g\u00f8re denne base enten meget fysisk eller overraskende komfortabel.<\/span><\/p>\n<p><span style=\"font-weight: 400;\">Med hensyn til kompatibilitet er GT DD Extreme designet til PlayStation-konsoller og pc. Det er helt klart det store markedsf\u00f8ringsargument, samtidig med at den er fuldt anvendelig p\u00e5 en pc-simulator. Fanatecs \u00f8kosystem er et stort plus: Load cell-pedaler, gearskiftere, h\u00e5ndbremser og andre rat i GT-, F1- eller rally-stil kan alle s\u00e6ttes p\u00e5 basen.<\/span><\/p>\n<p><span style=\"font-weight: 400;\">Med hensyn til opgraderingsmuligheder taler vi ikke om et simpelt indgangspunkt, som du udskifter efter et \u00e5r. Der er plads nok i basen til at holde trit med en simracer, n\u00e5r den udvikler sig, og kun rattet vil give dig lyst til at \u00e6ndre det, s\u00e5 det passer til din smag. Det er en holdbar platform.<\/span><\/p>\n<p><span style=\"font-weight: 400;\">Du kan k\u00f8re i et par minutter og derefter gradvist finjustere, s\u00e5 det passer til din stil og hvert spil.<\/span><\/p>\n<p>&nbsp;<\/p>\n<h2><span style=\"font-weight: 400;\">Fornemmelser p\u00e5 spil<\/span><\/h2>\n<p><span style=\"font-weight: 400;\">Det er her, GT DD Extreme virkelig kommer til sin ret. P\u00e5 banen leverer basen ren, detaljeret feedback, der er kraftig nok til at give karakter uden at blive uh\u00e5ndterlig. Pr\u00e6cisionen er tydelig: Du kan tydeligt m\u00e6rke variationerne i belastningen p\u00e5 d\u00e6kkene, bilen bliver lettere ved indgangen til svinget, falder til ro under pres og tr\u00e6kker s\u00e5 v\u00e6k, hvis du g\u00e5r over gr\u00e6nsen.<\/span><\/p>\n<p><span style=\"font-weight: 400;\">Grebsafl\u00e6sning er et st\u00e6rkt punkt. Sammenlignet med en b\u00e6ltebase vinder du i finesse og reaktionsevne. Mikrotab af vejgreb kommer til udtryk i rattet i form af sm\u00e5 pauser, sm\u00e5 udsving, som er nemme at identificere, n\u00e5r du har fundet de rigtige indstillinger. Du m\u00e6rker pr\u00e6cis, hvad d\u00e6kkene g\u00f8r, og det \u00e6ndrer den m\u00e5de, du styrer dit angreb p\u00e5 i svingene.<\/span><\/p>\n<p><span style=\"font-weight: 400;\">I hurtige sving forbliver rattet stabilt, men livligt. Der er en f\u00f8lelse af st\u00f8tte i h\u00e6nderne, uden parasitisk ventetid. Styret\u00f8jet giver dig selvtillid, is\u00e6r p\u00e5 baner, du kender godt: Du ved pr\u00e6cis, hvor langt du kan k\u00f8re, f\u00f8r du er n\u00f8dt til at korrigere. Det er her, basen virkelig g\u00f8r en forskel i forhold til mere basalt udstyr.<\/span><\/p>\n<p><span style=\"font-weight: 400;\">Vibratorerne er godt gengivet. Ingen umotiveret brutalitet, men en klar tekstur af hver sporkant. De aggressive vibratorer ryster virkelig rattet, mens de bl\u00f8dere kanter giver en kontrolleret rumlen. Du forst\u00e5r straks, hvor bilen befinder sig p\u00e5 banen.<\/span><\/p>\n<p><span style=\"font-weight: 400;\">Ved hurtige korrektioner reagerer basen uden modstand. N\u00e5r bagenden g\u00e5r i st\u00e5, kan du indhente det fors\u00f8mte, fordi rattet ikke bliver m\u00e6ttet midt i slaget. Det forbliver let at afl\u00e6se, selv n\u00e5r FFB'en er st\u00e6rk. Rattet forbliver rent og let at afl\u00e6se, selv n\u00e5r du angriber.<\/span><\/p>\n<p><span style=\"font-weight: 400;\">Over lange sessioner er konsistensen meget god. Ingen irriterende opvarmning, ingen f\u00f8lelse af mekanisk tr\u00e6thed. Hvis der opst\u00e5r tr\u00e6thed, kommer den prim\u00e6rt fra armene, hvis du har brugt meget kraft, men du kan k\u00f8re i lang tid, hvis du s\u00e6nker kraften en smule for at bevare den totale komfort.<\/span><\/p>\n<p><span style=\"font-weight: 400;\">Sammenlignet med en meget kraftigere Direct Drive-base er GT DD Extreme naturligvis lidt mindre voldsom, is\u00e6r hvis du kan lide ekstreme indstillinger. Men den bevarer den meget interessante zone, hvor feedbacken er st\u00e6rk nok til at v\u00e6re fordybende uden at blive smertefuld ved regelm\u00e6ssig brug.<\/span><\/p>\n<p><span style=\"font-weight: 400;\">Sammenlignet med en mindre kraftig base vinder du virkelig i kontrol, nuancer i overf\u00f8rsler og generel realisme. Det er is\u00e6r m\u00e6rkbart i overgangsfaserne: opbremsning, start af rotation, go-around. Det er her, basen virkelig \u00e6ndrer oplevelsen.<\/span><\/p>\n<p><span style=\"font-weight: 400;\">Overordnet set er indlevelsen meget h\u00f8j, men det, der virkelig skiller sig ud, er kombinationen af pr\u00e6cision og komfort. Du f\u00f8ler ikke, at du k\u00e6mper mod basen, du f\u00f8ler, at du arbejder med den.<\/span><\/p>\n<p>&nbsp;<\/p>\n<h2><span style=\"font-weight: 400;\">Hvem er den til? Hvad vi kan lide \/ Hvad vi ikke kan lide<\/span><\/h2>\n<p>&nbsp;<\/p>\n<p><span style=\"font-weight: 400;\">GT DD Extreme henvender sig prim\u00e6rt til mellemliggende til avancerede sim-racere, som allerede har k\u00f8rt lidt med et indgangs- eller mellemklassehjul, og som \u00f8nsker at tage tingene til n\u00e6ste niveau, is\u00e6r p\u00e5 en konsol. Det er ogs\u00e5 et godt udgangspunkt for motiverede begyndere, der allerede ved, at de vil foretage en seri\u00f8s investering uden at foretage tre p\u00e5 hinanden f\u00f8lgende k\u00f8b.<\/span><\/p>\n<p><span style=\"font-weight: 400;\">Det, vi s\u00e6tter mest pris p\u00e5, er sammenh\u00e6ngen i hele pakken. Basen tilbyder et virkelig solidt Direct Drive med sin egen f\u00f8lelse og masser af plads til forbedringer. Det medf\u00f8lgende rat er komplet og gennemt\u00e6nkt til brug til flere form\u00e5l (GT, touring, lidt proto, lidt F1 casual). Og det omgivende \u00f8kosystem betyder, at du kan opgradere din ops\u00e6tning uden at skifte m\u00e6rke. Forholdet mellem pr\u00e6cision \/ komfort \/ alsidighed er helt klart dets st\u00e6rke side.<\/span><\/p>\n<p><span style=\"font-weight: 400;\">Et andet positivt punkt er l\u00e6sbarheden af force feedbacken. N\u00e5r den er korrekt justeret, giver k\u00e6destaget meget tydelig information uden at m\u00e6tte dig med un\u00f8dvendige vibrationer. Du kan angribe, k\u00f8re rent eller k\u00f8re lange l\u00f8b uden at f\u00f8le, at du bliver udsat for udstyret. P\u00e5 en konsol med et godt pedals\u00e6t kommer du virkelig t\u00e6t p\u00e5 en 'seri\u00f8s' pc-oplevelse.<\/span><\/p>\n<p><span style=\"font-weight: 400;\">P\u00e5 den anden side er der et par begr\u00e6nsninger, man skal huske p\u00e5. For det f\u00f8rste placerer prisen helt klart dette produkt i investeringskategorien, ikke i kategorien impulsiv fritid. Du skal virkelig bruge den og planl\u00e6gge at k\u00f8re p\u00e5 den regelm\u00e6ssigt for at f\u00e5 et afkast af din investering. For det andet vil nogle simracere, som er meget kr\u00e6vende, n\u00e5r det g\u00e6lder rene materialer, m\u00e5ske finde rattet lidt mindre attraktivt end et topmoderne rat i fuld metal\/l\u00e6der. Endelig kan det lukkede \u00f8kosystem ses som en ulempe, hvis du kan lide at blande forskellige m\u00e6rker eller pille ved tingene.<\/span><\/p>\n<p><span style=\"font-weight: 400;\">For en lejlighedsvis gamer, der kun bruger et par timer om m\u00e5neden p\u00e5 et racerspil, kan investeringen virke uforholdsm\u00e6ssig stor. For en entusiast, der k\u00f8rer ofte, is\u00e6r p\u00e5 GT og pc, bliver positioneringen logisk.<\/span><\/p>\n<p>&nbsp;<\/p>\n<h2><span style=\"font-weight: 400;\">Dom<\/span><\/h2>\n<p><span style=\"font-weight: 400;\">Fanatec GT DD Extreme er ikke bare en flot Gran Turismo-markedsf\u00f8ringspakke. Det \u00e6ndrer virkelig karakteren af en ops\u00e6tning, is\u00e6r hvis du kommer fra et remdrevet rat eller et lille Direct Drive p\u00e5 indgangsniveau. Du f\u00e5r finesse, kontrol og selvtillid i alle k\u00f8refaser.<\/span><\/p>\n<p><span style=\"font-weight: 400;\">P\u00e5 markedet er det helt klart i premium-forbrugersegmentet: mere tilg\u00e6ngeligt og lettere at leve med end nogle meget avancerede modul\u00e6re l\u00f8sninger, men meget mere seri\u00f8st end et grundl\u00e6ggende plug-and-play-rat. Det er et afg\u00f8rende produkt for alle, der \u00f8nsker at tage simracing alvorligt, p\u00e5 konsol eller pc.<\/span><\/p>\n<p><span style=\"font-weight: 400;\">Jeg vil anbefale det til alle, der vil have et enkelt Direct Drive-hjul, der kan g\u00f8re alting ordentligt uden at fare vild i ti forskellige konfigurationer. Hvis du allerede k\u00f8rer meget, vil have en mere realistisk oplevelse og er parat til at investere i en holdbar base, giver det helt klart mening. Hvis du sj\u00e6ldent spiller eller bare gerne vil pr\u00f8ve simracing til en lavere pris, er dette ikke den bedste vej ind.<\/span><\/p>\n<p><span style=\"font-weight: 400;\">Hvis du er p\u00e5 udkig efter et kraftfuldt, rent, alsidigt og PlayStation\/PC-kompatibelt Direct Drive, kan denne GT DD Extreme g\u00f8re hele forskellen for dit setup.<\/span><\/p>","protected":false},"excerpt":{"rendered":"<p>GT DD Extreme leverer ren, kraftfuld og meget l\u00e6sbar force feedback med en reel gevinst i kontrol i forhold til enklere baser. Den er perfekt til almindelige sim-racere p\u00e5 PlayStation eller pc, som vil tage deres spil til det n\u00e6ste niveau. En sammenh\u00e6ngende og holdbar pakke til \u00f8get fordybelse uden at g\u00e5 ind i den 'professionelle' kategori.<\/p>","protected":false},"featured_media":101316,"comment_status":"open","ping_status":"closed","template":"","meta":{"_acf_changed":false,"_et_pb_use_builder":"","_et_pb_old_content":"","_et_gb_content_width":""},"product_brand":[158],"product_cat":[161,173,171,172],"product_tag":[149,159],"class_list":{"0":"post-101315","1":"product","2":"type-product","3":"status-publish","4":"has-post-thumbnail","6":"product_brand-fanatec","7":"product_cat-volant","8":"product_cat-volants-fanatec","9":"product_cat-volants-ps4","10":"product_cat-volants-ps5","11":"product_tag-pc","12":"product_tag-playstation","14":"first","15":"instock","16":"shipping-taxable","17":"product-type-external"},"acf":[],"_links":{"self":[{"href":"https:\/\/simracergear.com\/da\/wp-json\/wp\/v2\/product\/101315","targetHints":{"allow":["GET"]}}],"collection":[{"href":"https:\/\/simracergear.com\/da\/wp-json\/wp\/v2\/product"}],"about":[{"href":"https:\/\/simracergear.com\/da\/wp-json\/wp\/v2\/types\/product"}],"replies":[{"embeddable":true,"href":"https:\/\/simracergear.com\/da\/wp-json\/wp\/v2\/comments?post=101315"}],"wp:featuredmedia":[{"embeddable":true,"href":"https:\/\/simracergear.com\/da\/wp-json\/wp\/v2\/media\/101316"}],"wp:attachment":[{"href":"https:\/\/simracergear.com\/da\/wp-json\/wp\/v2\/media?parent=101315"}],"wp:term":[{"taxonomy":"product_brand","embeddable":true,"href":"https:\/\/simracergear.com\/da\/wp-json\/wp\/v2\/product_brand?post=101315"},{"taxonomy":"product_cat","embeddable":true,"href":"https:\/\/simracergear.com\/da\/wp-json\/wp\/v2\/product_cat?post=101315"},{"taxonomy":"product_tag","embeddable":true,"href":"https:\/\/simracergear.com\/da\/wp-json\/wp\/v2\/product_tag?post=101315"}],"curies":[{"name":"wp","href":"https:\/\/api.w.org\/{rel}","templated":true}]}}