{"id":101339,"date":"2025-05-15T08:07:00","date_gmt":"2025-05-15T08:07:00","guid":{"rendered":"https:\/\/simracergear.com\/products\/mclaren-artura-ultimate-usb-ascher\/"},"modified":"2025-11-28T05:14:51","modified_gmt":"2025-11-28T05:14:51","slug":"mclaren-artura-ultimate-usb-ascher","status":"publish","type":"product","link":"https:\/\/simracergear.com\/da\/products\/mclaren-artura-ultimate-usb-ascher\/","title":{"rendered":"McLaren Artura Ultimate-USB - Ascher"},"content":{"rendered":"<h2>McLaren Artura Ultimate-USB Ascher: GT-rattet, der kan det hele<\/h2>\n<p>Ascher's McLaren Artura Ultimate-USB er klart positioneret som et f\u00f8rsteklasses rat til kr\u00e6vende GT- og udholdenhedsorienterede sim-racere. Dette er et produkt, der er designet til pc'en, med fokus p\u00e5 byggekvalitet, pr\u00e6cision og ergonomi frem for smarte gadgets eller show-offs.<\/p>\n<p>Dette rat appellerer, fordi det blander to verdener: p\u00e5lideligheden fra en simracing-producent, der er kendt for sine konkurrencedygtige produkter, og det officielt licenserede design af en rigtig moderne racerbil. P\u00e5 papiret lover det ren kontrol, velplacerede knapper, god l\u00e6sbarhed i aktion og direkte kompatibilitet via USB med de fleste Direct Drive-baser p\u00e5 markedet.<\/p>\n<p>Min vinkel p\u00e5 denne test er enkel: Hj\u00e6lper dette rat dig virkelig med at k\u00f8re bedre, mere konsekvent og mere komfortabelt i l\u00f8bet af et helt stint, eller er det bare et flot McLaren-badget samlerobjekt? Kan ergonomien, kvaliteten af betjeningselementerne og f\u00f8lelsen i h\u00e5nden retf\u00e6rdigg\u00f8re investeringen, is\u00e6r n\u00e5r man sammenligner med andre GT-rat, som allerede er veletablerede?<\/p>\n<h2>Design og fremstilling<\/h2>\n<p>I h\u00e5nden giver McLaren Artura Ultimate-USB et \u00f8jeblikkeligt indtryk af seri\u00f8sitet. Frontpladen i metal indgyder tillid, betjeningselementerne er velintegrerede, og intet f\u00f8les hult eller leget\u00f8jsagtigt. Den samlede v\u00e6gtfylde er velkontrolleret: tung nok til at give en kvalitetsf\u00f8lelse, men uden at blive tr\u00e6ttende p\u00e5 en kraftig base.<\/p>\n<p>Grebene er klart rettet mod moderne GT: ergonomiske, med et fast greb, der ikke glider, selv n\u00e5r man har handsker p\u00e5. Formen ligger godt i h\u00e6nderne, og tommelfingrene hviler naturligt p\u00e5 drejeknapperne og de vigtigste knapper. Man f\u00e5r en fornemmelse af, at ergonomien er designet til angreb, ikke til at se godt ud p\u00e5 en hylde.<\/p>\n<p>Knapperne klikker rent og pr\u00e6cist, hverken for h\u00e5rdt eller for bl\u00f8dt. Drejeknapperne har velmarkerede indgreb, som g\u00f8r dem nemme at betjene uden at fjerne blikket fra banen. De bageste gearskifter er faste med en tilfredsstillende mekanisk fornemmelse, der forst\u00e6rker indtrykket af at k\u00f8re noget seri\u00f8st. Dette er et \"arbejdsredskab\", ikke et dekorativt tilbeh\u00f8r.<\/p>\n<p>Det overraskende er balancen mellem det meget 'officielle' McLaren-look og Askers meget funktionelle tilgang. Intet stikker ud, der er ikke noget overdrevent spil og ingen m\u00e6rkbar b\u00f8jning p\u00e5 fronten. Der er en \u00e6gte f\u00f8lelse af stivhed, ogs\u00e5 i omr\u00e5der, der konstant er i brug, som f.eks. pedalerne.<\/p>\n<p>Der, hvor nogle m\u00e5ske bliver lidt skuffede, er i den 'visuelle ekstravagance': ingen LED-overkill overalt, ingen massiv sk\u00e6rm integreret som i et moderne LMP-cockpit. Designet er rent, pr\u00e6stationsorienteret, men mere n\u00f8gternt end nogle af de meget \"bling\" konkurrenter. Sammenlignet med andre premium GT-hjul er vi helt klart i toppen af skalaen, n\u00e5r det g\u00e6lder fysiske fornemmelser, med en samlet indpakning, der er mere \"seri\u00f8s simracer\" end \"YouTube showroom\".<\/p>\n<h2>Indstillinger, tilpasning og kompatibilitet<\/h2>\n<p>McLaren Artura Ultimate-USB Ascher er afh\u00e6ngig af en direkte USB-forbindelse, hvilket g\u00f8r tingene meget enklere. Bare s\u00e6t den i, konfigurer den i din basissoftware og dine spil, og s\u00e5 er du i gang. P\u00e5 en pc er genkendelse af knapper og rotorer ligetil i de store sims. Det er den mest fleksible l\u00f8sning, hvis du skifter base eller bruger flere ops\u00e6tninger.<\/p>\n<p>Tilpasningen handler om kortl\u00e6gningen af betjeningselementerne og den m\u00e5de, du organiserer din arbejdsgang p\u00e5 banen. Drejeknapperne er perfekte til at styre traction control, ABS, brake bias og motortilstande. Hovedknapperne passer komfortabelt under tommelfingrene til DRS, forlygter, pit request eller kritiske udholdenhedsfunktioner. Layoutet kan virkelig tilpasses individuelle vaner.<\/p>\n<p>Der er ingen ultrakomplekse indbyggede menuer eller sk\u00e6rme med interne sider, der skal konfigureres i timevis. Vanskeligheden er ikke teknisk, men snarere ergonomisk: at v\u00e6lge, hvilke indstillinger der skal placeres hvor, og at finde en logik, som din hjerne kan fastholde midt i kampen. Indl\u00e6ringskurven afh\u00e6nger mere af din strenghed end af selve rattet.<\/p>\n<p>Med hensyn til kompatibilitet er dette rat helt klart rettet mod pc'en. Ved hj\u00e6lp af USB kan det kommunikere med en lang r\u00e6kke Direct Drive-k\u00e6dest\u00e6nger, s\u00e5 l\u00e6nge du kan fastg\u00f8re et tredjepartsrat til din s\u00f8jle. Det integreres nemt i et eksisterende \u00f8kosystem: load cell-kranks\u00e6t, sekventielt gearskifte, h\u00e5ndbremse, stift cockpit. Det er et produkt, der ikke l\u00e5ser dig til et bestemt m\u00e6rke.<\/p>\n<p>Hvad ang\u00e5r skalerbarhed, er det ikke et \"startpunkt\", men snarere et produkt, som du beholder, n\u00e5r du bev\u00e6ger dig op i intervallet for resten af ops\u00e6tningen. Du kan sagtens starte med en beskeden DD-base og dette rat og s\u00e5 g\u00e5 videre til en kraftigere base senere: Rattet vil f\u00f8lge med uden at blinke. Det er et stabilt element, som man kan bygge et komplet GT\/udholdenheds-setup op omkring.<\/p>\n<h2>Fornemmelser p\u00e5 spil<\/h2>\n<p>Der, hvor Artura Ultimate-USB virkelig kommer til sin ret, er p\u00e5 banen, is\u00e6r p\u00e5 moderne GT3-, GTE- eller hyperbiler. Du kan hurtigt m\u00e6rke, at den er designet til pr\u00e6cision og konsistens.<\/p>\n<p>Rattets form, grebet og stivheden giver fremragende kontrol i sving. Ved indstigning placerer du bilen meget p\u00e6nt uden parasitisk sv\u00e6v i h\u00e6nderne. Mikrokorrektioner foretages meget naturligt med fingerspidserne. N\u00e5r man l\u00e6ner sig l\u00e6ngere, giver det faktum, at rattet ikke deformeres, en f\u00f8lelse af kontinuitet i FFB, hvilket hj\u00e6lper med at kontrollere grebet.<\/p>\n<p>Grebet afl\u00e6ses via kombinationen af Direct Drive-base og ratstivhed. Selve rattet filtrerer stort set intet. Det gradvise tab af vejgreb, den begyndende udskridning, de \u00f8jeblikke, hvor bagakslen begynder at tabe v\u00e6gt - alt er tydeligt synligt. Du forst\u00e5r hurtigt, hvorn\u00e5r du er p\u00e5 gr\u00e6nsen, og i hvilken retning det g\u00e5r. Det er her, denne type rat \u00e6ndrer tingene: Du fortolker ikke l\u00e6ngere FFB'en, du f\u00f8ler den.<\/p>\n<p>P\u00e5 vibratorerne afspejlede den stive struktur detaljerne meget godt. Man kan m\u00e6rke de \"flade\" vibratorer og de mere aggressive, sporforbindelserne og de lidt ru kanter. Intet synes at blive opslugt af rattet. P\u00e5 en mindre kraftig base kan det give en lidt t\u00f8r fornemmelse, men p\u00e5 en korrekt afstemt DD-base bliver det en mine af information. Du ved pr\u00e6cis, hvor hjulene er p\u00e5 vej hen.<\/p>\n<p>N\u00e5r det g\u00e6lder hurtige korrektioner, spiller ergonomi en stor rolle. Padlerne passer perfekt under fingrene, mens du glider af sted, uden at du beh\u00f8ver at flytte h\u00e6nderne. De vigtige knapper forbliver tilg\u00e6ngelige selv i en vinkel. N\u00e5r bilen g\u00e5r i st\u00e5, kan du koble modstyring + nedgearing + TC-styring sammen uden at skulle r\u00e6kke ud efter rattet. Den slags detaljer sparer dyrebare sekunder ... og man undg\u00e5r mure.<\/p>\n<p>Over lange sessioner forbliver grebene og den samlede v\u00e6gt komfortable. Der er ingen overdreven tr\u00e6thed i underarmene p\u00e5 grund af rattets v\u00e6gt, s\u00e5 l\u00e6nge dine basiskraftindstillinger er rimelige. Grebenes tekstur holder sig godt, selv over flere timer, med eller uden handsker. Du k\u00e6mper ikke med rattet, du arbejder med det.<\/p>\n<p>Sammenlignet med et rat p\u00e5 et lavere niveau ligger den st\u00f8rste forskel i den klare fornemmelse og tillid. Alt f\u00f8les renere, mere stabilt og lettere at afl\u00e6se. Du t\u00f8r g\u00e5 efter flere gr\u00e6nser, du doserer sene opbremsninger bedre, og du udnytter basens potentiale mere. P\u00e5 den anden side er Artura Ultimate-USB sammenlignet med nogle endnu mere ekstreme eller prototypeagtige rat lidt mere alsidigt og mindre radikalt, hvilket g\u00f8r det behageligt til almindelig brug, selv i GT-lignende discipliner.<\/p>\n<p>Med hensyn til indlevelse fungerer kombinationen af officielt McLaren-design og en seri\u00f8s mekanisk fornemmelse meget godt. Man f\u00e5r indtryk af at v\u00e6re i et moderne racermilj\u00f8, uden at det g\u00e5r over gevind. Det er rent, effektivt og trov\u00e6rdigt. Du k\u00f8rer, punktum. Og det er pr\u00e6cis, hvad man forventer af et rat i dette segment.<\/p>\n<h2>Hvem er den til? Hvad vi kan lide\/ikke kan lide<\/h2>\n<p>Dette rat er prim\u00e6rt rettet mod mellemliggende til avancerede sim-racere, der allerede har et anst\u00e6ndigt cockpit og i det mindste en base af Direct Drive-typen p\u00e5 indgangsniveau. Hvis du prim\u00e6rt spiller p\u00e5 en pc og k\u00f8rer GT, GTE, hyperbiler eller moderne formelbiler med et rat i GT-stil, er det et godt valg. For en nybegynder kan investeringen virke h\u00f8j, men for en person, der \u00f8nsker at opbygge et varigt setup, er det et sammenh\u00e6ngende valg.<\/p>\n<p>Det, jeg is\u00e6r kan lide, er den overordnede byggekvalitet. Intet ser billigt ud, alt udstr\u00e5ler seri\u00f8sitet og lang levetid. For det andet er ergonomien p\u00e5 banen virkelig fremragende: De vigtige betjeningselementer er godt placeret, drejeknapperne kan bruges midt i et sving uden at g\u00e5 glip af noget, og pedalerne giver mekanisk gl\u00e6de ved hvert gearskifte. Endelig g\u00f8r rattets neutralitet i forhold til basen det til et meget gennemsigtigt v\u00e6rkt\u00f8j: Det overf\u00f8rer, hvad basen sender ud, uden at tilf\u00f8je u\u00f8nskede gimmicks, og det er uvurderligt for ydeevnen.<\/p>\n<p>P\u00e5 den anden side er der et par begr\u00e6nsninger, man skal v\u00e6re opm\u00e6rksom p\u00e5. Den klart pc-orienterede placering og USB-tilgangen kan begr\u00e6nse interessen hos nogle brugere, der er meget fokuserede p\u00e5 konsoller eller lukkede \u00f8kosystemer. Det n\u00f8gterne design uden en massiv integreret sk\u00e6rm eller en lavine af LED'er kan virke lidt \"minimalistisk\" for dem, der visuelt kan lide meget tekniske cockpits. Og investeringen er stadig betydelig: Du betaler for et f\u00f8rsteklasses produkt, der f\u00f8rst og fremmest er rettet mod dem, der har t\u00e6nkt sig at bruge mange timer p\u00e5 simracing, og som allerede har et seri\u00f8st nok setup til at f\u00e5 mest muligt ud af det.<\/p>\n<p>Med hensyn til den oplevede v\u00e6rdi afh\u00e6nger det hele af dit engagement. For en lejlighedsvis spiller, der k\u00f8rer to gange om m\u00e5neden, er det helt klart for ambiti\u00f8st. For en ih\u00e6rdig simracer, der bruger tid p\u00e5 at finjustere sine omgangstider, som k\u00f8rer i ligaer, eller som sigter efter regelm\u00e6ssighed, er det en investering, der giver mening, fordi den giver komfort, konsistens og reel p\u00e5lidelighed i brugen.<\/p>\n<h2>Dom<\/h2>\n<p>McLaren Artura Ultimate-USB Ascher bringer et \u00e6gte kvalitetsspring til et GT\/udholdenhedsorienteret setup. Den forvandler ikke Direct Drive-basen, men den frig\u00f8r den helt klart: Stivheden, pr\u00e6cisionen i betjeningselementerne og den overordnede ergonomi giver basen mulighed for at udtrykke sit fulde potentiale, is\u00e6r i seri\u00f8se simuleringer. Resultatet er st\u00f8rre selvtillid, klarere feedback fra bilen og st\u00f8rre komfort over tid.<\/p>\n<p>P\u00e5 markedet er det utvetydigt placeret i premiumsegmentet, ikke i den utilg\u00e6ngelige top, men klart over \"mellemklasse\"-rattet p\u00e5 massemarkedet. Det er et entusiastprodukt, der er designet til det lange sigt, og som passer perfekt ind i et allerede struktureret setup.<\/p>\n<p>Jeg vil anbefale det til pc-simulatorer, der har Direct Drive eller er i gang med at opgradere til Direct Drive, som prim\u00e6rt k\u00f8rer GT, og som vil have et solidt, p\u00e5lideligt rat uden un\u00f8dvendige kompromiser. For en meget konsolorienteret gamer eller en person, der leder efter et visuelt spektakul\u00e6rt produkt med sk\u00e6rme overalt, vil det ikke v\u00e6re det bedste valg.<\/p>\n<p>Hvis du er p\u00e5 udkig efter et GT-rat, der er seri\u00f8st, pr\u00e6cist, behageligt over tid og i stand til at ledsage en Direct Drive-base i mange \u00e5r fremover, kan dette McLaren Artura Ultimate-USB Ascher helt klart g\u00f8re forskellen i dit setup.<\/p>","protected":false},"excerpt":{"rendered":"<p>Dette rat f\u00f8les som et rigtigt arbejdsredskab: Alt er designet til pr\u00e6cision, konsistens og komfort over lange sessioner uden gimmicks. Frem for alt giver det mening for PC-sim-racere, der allerede er udstyret med Direct Drive og fokuserer p\u00e5 GT\/udholdenhed. Investeringen er h\u00f8j, men konsekvent, hvis du er p\u00e5 udkig efter et holdbart, pr\u00e6stationsorienteret hjul.<\/p>","protected":false},"featured_media":101340,"comment_status":"open","ping_status":"closed","template":"","meta":{"_acf_changed":false,"_et_pb_use_builder":"","_et_pb_old_content":"","_et_gb_content_width":""},"product_brand":[157],"product_cat":[156],"product_tag":[149],"class_list":{"0":"post-101339","1":"product","2":"type-product","3":"status-publish","4":"has-post-thumbnail","6":"product_brand-ascher-racing","7":"product_cat-roue-de-volant","8":"product_tag-pc","10":"first","11":"instock","12":"shipping-taxable","13":"product-type-external"},"acf":[],"_links":{"self":[{"href":"https:\/\/simracergear.com\/da\/wp-json\/wp\/v2\/product\/101339","targetHints":{"allow":["GET"]}}],"collection":[{"href":"https:\/\/simracergear.com\/da\/wp-json\/wp\/v2\/product"}],"about":[{"href":"https:\/\/simracergear.com\/da\/wp-json\/wp\/v2\/types\/product"}],"replies":[{"embeddable":true,"href":"https:\/\/simracergear.com\/da\/wp-json\/wp\/v2\/comments?post=101339"}],"wp:featuredmedia":[{"embeddable":true,"href":"https:\/\/simracergear.com\/da\/wp-json\/wp\/v2\/media\/101340"}],"wp:attachment":[{"href":"https:\/\/simracergear.com\/da\/wp-json\/wp\/v2\/media?parent=101339"}],"wp:term":[{"taxonomy":"product_brand","embeddable":true,"href":"https:\/\/simracergear.com\/da\/wp-json\/wp\/v2\/product_brand?post=101339"},{"taxonomy":"product_cat","embeddable":true,"href":"https:\/\/simracergear.com\/da\/wp-json\/wp\/v2\/product_cat?post=101339"},{"taxonomy":"product_tag","embeddable":true,"href":"https:\/\/simracergear.com\/da\/wp-json\/wp\/v2\/product_tag?post=101339"}],"curies":[{"name":"wp","href":"https:\/\/api.w.org\/{rel}","templated":true}]}}