{"id":101375,"date":"2025-05-15T08:08:00","date_gmt":"2025-05-15T08:08:00","guid":{"rendered":"https:\/\/simracergear.com\/products\/moza-e-stop-switch\/"},"modified":"2025-11-28T05:19:22","modified_gmt":"2025-11-28T05:19:22","slug":"moza-e-stop-switch","status":"publish","type":"product","link":"https:\/\/simracergear.com\/da\/products\/moza-e-stop-switch\/","title":{"rendered":"MOZA n\u00f8dstopkontakt"},"content":{"rendered":"<p>I simracing-verdenen taler vi ofte om Direct Drive-baser, topmoderne kranks\u00e6t eller str\u00f8mlinede cockpits. Men s\u00e5 snart man begynder at presse hardwaren lidt, kommer et meget enklere tilbeh\u00f8r p\u00e5 bordet igen: n\u00f8dstoppet. Det er pr\u00e6cis her, MOZA E-Stop Switch kommer ind i billedet. Det er en n\u00f8dstopknap dedikeret til MOZA-baser, der er designet til at afbryde Direct Drive \u00f8jeblikkeligt i tilf\u00e6lde af et problem, en softwarefejl, et uh\u00e5ndterligt nedbrud eller simpelthen d\u00e5rlig h\u00e5ndtering.<\/p>\n<p>Dette lille tilbeh\u00f8r er sp\u00e6ndende, fordi det lover noget meget konkret: st\u00f8rre sikkerhed, st\u00f8rre ro i sindet og \u00f8jeblikkelig kontrol over en til tider meget kraftig base. Det appellerer f\u00f8rst og fremmest til brugere af muskul\u00f8se Direct Drives, dem, der allerede har oplevet et rat, der lader sig \"rive med\", eller som har familie, b\u00f8rn eller dyr omkring cockpittet. Her kommer vi ind p\u00e5 et sj\u00e6ldent sexet, men vigtigt punkt: aktiv sikkerhed i et simracing-setup.<\/p>\n<p>Min vinkel p\u00e5 denne MOZA E-Stop Switch er enkel: \u00c6ndrer den virkelig den daglige oplevelse? Retf\u00e6rdigg\u00f8r design, integration og ergonomi k\u00f8bet, eller er det bare en betryggende gadget p\u00e5 papiret? Jeg s\u00e5 p\u00e5 produktet som en integreret del af et MOZA-\u00f8kosystem: design, fremstilling, placering i cockpittet, reaktioner i spillet og den samlede merv\u00e6rdi for en kr\u00e6vende simracer.<\/p>\n<h2>Design og fremstilling af MOZA E-Stop Switch<\/h2>\n<p>Visuelt f\u00f8lger MOZA E-Stop Switch det klassiske design af en \u00e6gte industriel n\u00f8dstopknap: en stor r\u00f8d champignon p\u00e5 en sort base. Det f\u00f8rste indtryk i h\u00e5nden er t\u00e6thed. Den f\u00f8les kompakt, med en skal, der ikke f\u00f8les hul, og et samlet indtryk af seri\u00f8sitet. Plasten, der er brugt til den r\u00f8de del, f\u00f8les tyk med en let struktureret overflade, der forhindrer, at den glider, selv med lidt svedige h\u00e6nder.<\/p>\n<p>Den sorte base indgyder tillid. Samlingerne er rene, uden for meget dagslys eller knirken, n\u00e5r de sp\u00e6ndes. Vi taler ikke om et \"premium\"-produkt i ordets \u00e6dle forstand, som et kulfiberrat, men i sin kategori (sikkerhedstilbeh\u00f8r til simracing) er det hele perfekt sammenh\u00e6ngende. Det er tydeligt, at denne knap er designet til at blive trykket h\u00e5rdt ind, i en fart og uden at stille sp\u00f8rgsm\u00e5l.<\/p>\n<p>Det mekaniske klik, n\u00e5r lukkeren udl\u00f8ses, er tydeligt og ledsages af et relativt kort, men tydeligt slag. Denne fornemmelse er vigtig: Du ved med det samme, at du virkelig har \"klippet\" basen. Mekanismens fasthed er meget betryggende. Man kan ogs\u00e5 m\u00e6rke, at den er designet til at modst\u00e5 gentagne, til tider voldsomme, tryk uden at bryde sammen for hurtigt.<\/p>\n<p>Der, hvor den m\u00e5ske er lidt mindre tiltalende, er i dens overordnede udseende, hvis du er p\u00e5 udkig efter et meget overskueligt cockpit. En stor r\u00f8d knap er et blikfang. Enten kan du lide den, eller ogs\u00e5 kan du ikke. Der er ingen dikkedarer, ingen fancy baggrundsbelysning, ingen bearbejdede metald\u00e6ksler. Den er rent funktionel. Sammenlignet med nogle af de universelle stopknapper, man finder i industrien eller i g\u00f8r-det-selv-verdenen, er finishen en tand bedre, n\u00e5r det g\u00e6lder integration med MOZA-\u00f8kosystemet, men det er ikke en luksusvare. Det er klart, at vi betaler mere for plug &amp; play-aspektet og den direkte integration med basen end for det kunstneriske design.<\/p>\n<p>Med hensyn til den opfattede holdbarhed s\u00e5 jeg ikke noget alarmerende. Kablerne ser ud til at v\u00e6re ordentligt bekl\u00e6dt, stikkene er solide, og kontaktens f\u00f8lsomhed giver indtryk af at kunne holde til mange \u00e5rs brug. Det er ret betryggende for et tilbeh\u00f8r, som man h\u00e5ber at bruge s\u00e5 lidt som muligt.<\/p>\n<h2>Indstillinger, tilpasning og kompatibilitet<\/h2>\n<p>Det, der adskiller MOZA E-Stop Switch, er dens enkelhed. Det er langt fra en enhed fuld af menuer og forudindstillinger. Der er ingen softwareindstillinger, ingen teknisk indl\u00e6ringskurve. Du skal bare s\u00e6tte den i MOZA's kompatible Direct Drive-base, s\u00e5 bliver den til en hardware kill switch: Et tryk, og basen slukker. Det er hele ideen bag tilbeh\u00f8ret.<\/p>\n<p>Tilpasning er derfor prim\u00e6rt et sp\u00f8rgsm\u00e5l om, hvordan du fysisk integrerer den i dit cockpit. Du kan s\u00e6tte den fast p\u00e5 et beslag, klistre den p\u00e5 med forst\u00e6rket dobbeltkl\u00e6bende tape, skrue den fast p\u00e5 en plade eller bare placere den inden for r\u00e6kkevidde. Det vigtige er ergonomien: Din h\u00e5nd skal kunne finde den p\u00e5 en br\u00f8kdel af et sekund uden at kigge. Det er her, det virkelige ops\u00e6tningsarbejde kommer ind i billedet. Den rigtige position g\u00f8r virkelig en forskel, is\u00e6r med en base med h\u00f8jt drejningsmoment.<\/p>\n<p>Med hensyn til kompatibilitet holder vi os inden for MOZA-\u00f8kosystemet. Knappen er designet til at fungere med deres seneste Direct Drive-baser og tilsluttes direkte via det medf\u00f8lgende stik. Der er ikke behov for DIY eller pc-konfiguration. Det er ikke et universelt tilbeh\u00f8r, der kan bruges med andre m\u00e6rker af baser, og den kommunikerer ikke direkte med en konsol eller et spil. Dens mission er materiel: at klippe selve MOZA-basestationen.<\/p>\n<p>Indl\u00e6ringskurven er ... ikke-eksisterende. Det er netop det, der er pointen. Alle i huset kan med det samme forst\u00e5, hvordan det fungerer. Du forklarer \u00e9n gang: \"Hvis noget g\u00e5r galt, trykker du her\". Og s\u00e5dan er det. For en sim-racer, der deler cockpit eller har g\u00e6ster, er det en k\u00e6mpe tryghed.<\/p>\n<p>Hvad ang\u00e5r sp\u00f8rgsm\u00e5let om skalerbarhed, s\u00e5 er det egentlig ikke et indgangspunkt, men snarere et \"skjold\", der kan f\u00f8jes til en allerede f\u00e6rdig ops\u00e6tning. Jo mere kraftfuld din base er, jo mere mening giver denne type tilbeh\u00f8r. For en bruger, der har t\u00e6nkt sig at blive i MOZA-\u00f8kosystemet i lang tid, er det en investering, der nemt kan holde trit med udviklingen af basen, cockpittet og andre perifere enheder. S\u00e5 l\u00e6nge du bliver hos MOZA p\u00e5 grund af basen, vil denne knap beholde sin plads p\u00e5 din rig.<\/p>\n<h2>MOZA E-Stop Switch i aktion: f\u00f8lelse og brug i spil<\/h2>\n<p>En n\u00f8dstopknap \u00e6ndrer ikke f\u00f8lelsen af force feedback som s\u00e5dan, men den \u00e6ndrer det forhold, du har til din base. P\u00e5 en kraftig Direct Drive, is\u00e6r ved h\u00f8je momentindstillinger, er der altid et element af forsigtighed, n\u00e5r du starter en ny bil, et nyt mod eller et nyt spil. En fejl kan forvandle en simpel force feedback til et voldsomt slag p\u00e5 rattet.<\/p>\n<p>Der, hvor jeg m\u00e6rkede en forskel, var i den grundl\u00e6ggende tillid. Du ved, at hvis der udl\u00f8ses en sk\u00f8r svingning, hvis bilen begynder at vibrere som et trykluftsbor efter en mislykket opdatering, er en refleksbev\u00e6gelse alt, hvad der skal til for at afbryde det hele. Det g\u00f8r ikke FFB'en mere pr\u00e6cis, men det giver dig mulighed for at k\u00f8re mere afslappet med f\u00f8lelsen af at have et \u00e6gte \"sikkerhedsnet\" ved h\u00e5nden. N\u00e5r du k\u00f8rer lange ture, betyder den ro i sindet meget.<\/p>\n<p>I hurtige sving, n\u00e5r rattet returnerer store belastninger, sker det nogle gange, at en d\u00e5rlig FFB-indstilling eller et ekstremt k\u00f8ret\u00f8j kan g\u00f8re styringen virkelig ubehagelig i et sammenst\u00f8d. Med E-Stop inden for r\u00e6kkevidde er der mindre modvilje mod at opretholde h\u00f8je kraftniveauer. Det er lettere at skubbe lidt til basen, netop fordi man ved, at man kan lukke munden p\u00e5 den med det samme, hvis noget g\u00e5r galt. Indirekte kan det f\u00f8re til en bedre fornemmelse for grebet og en bedre udnyttelse af Direct Drive-potentialet.<\/p>\n<p>P\u00e5 vibratorer, is\u00e6r dem, der er meget aggressive p\u00e5 visse baner, kan rattet nogle gange give genlyd, eller spillet kan sende urealistiske kraftspidser ud. I disse tilf\u00e6lde er et n\u00f8dstop ikke en funktion, du vil bruge ofte, men bare det at have den \u00e6ndrer din tolerance over for disse situationer. Du er mindre ansp\u00e6ndt p\u00e5 rattet, mindre bange for den uventede \"big one\".<\/p>\n<p>Det er klart, at knappen ikke griber direkte ind i hurtige korrektioner, utilsigtet drifting eller gendannelse af skred. Men det er i h\u00e5ndteringen af det uventede, at alt kommer i spil: en tilbagevenden til menuen, der driller, en bil, der spawner d\u00e5rligt, en force feedback, der sidder fast i midten. P\u00e5 s\u00e5danne tidspunkter er det tusind gange bedre at have en stor r\u00f8d knap, der er tydeligt identificeret, end at lede efter t\u00e6nd\/sluk-knappen p\u00e5 basen eller r\u00e6kke ud efter str\u00f8mstikket p\u00e5 gulvet.<\/p>\n<p>Sammenlignet med en mindre kraftig base, f.eks. en remdrevet base eller en lille DD med lavt drejningsmoment, er E-Stops bidrag mindre afg\u00f8rende. Du kan allerede fysisk holde rattet selv i de v\u00e6rste tilf\u00e6lde. Men jo mere drejningsmoment du bruger, jo mere kan k\u00e6destaget p\u00e5f\u00f8re dine arme sine bev\u00e6gelser. P\u00e5 det tidspunkt er et n\u00f8dstop ikke l\u00e6ngere en luksus, det er en reel sikkerhedsbarriere. P\u00e5 den anden side finder vi en lignende logik sammenlignet med endnu kraftigere systemer, der bruges i professionelle omgivelser eller bilsimulatorer: altid en stor r\u00f8d knap, altid inden for r\u00e6kkevidde.<\/p>\n<p>Over lange sessioner bliver denne knap n\u00e6sten usynlig p\u00e5 daglig basis. Du bruger den n\u00e6sten aldrig. Og det er pr\u00e6cis, hvad vi forventer. Den er ikke i vejen, den blinker ikke, den kr\u00e6ver ikke nogen interaktion i spillet. Den er der bare, klar til at handle p\u00e5 et halvt sekund, hvis noget g\u00e5r galt. Den samlede oplevelse er roligere, is\u00e6r hvis du nogle gange lader andre bruge dit setup.<\/p>\n<h2>Hvem er det til? Hvad vi kan lide, hvad vi ikke kan lide<\/h2>\n<p>MOZA E-Stop Switch henvender sig prim\u00e6rt til brugere af MOZA Direct Drive-baser med medium til h\u00f8j effekt. Den ideelle profil er den mellemliggende eller erfarne simracer, der er udstyret med et fast cockpit, og som ofte k\u00f8rer med h\u00f8je FFB-kr\u00e6fter. Hvis du har en familie, b\u00f8rn, der l\u00f8ber rundt i riggen, eller venner, der ikke er vant til Direct Drive, er den endnu mere relevant. For en ren nybegynder p\u00e5 en lille base med lavt drejningsmoment er fordelen mere begr\u00e6nset, selv om det stadig er et plus med hensyn til sikkerhed.<\/p>\n<p>Det, jeg godt kan lide ved den, er f\u00f8rst og fremmest dens absolutte enkelhed. Ingen driver, ingen software, ingen profil, der skal konfigureres. Bare s\u00e6t den til, s\u00e5 virker den. For det andet er den mekaniske fornemmelse af selve knappen meget betryggende: fast vandring, rent klik, du kan m\u00e6rke, at kommandoen er blevet givet. Endelig g\u00f8r integrationen i MOZA-\u00f8kosystemet helt klart forskellen: ingen fiflen, ingen tilf\u00e6ldige tilpasninger, den er designet til det basale, og det kan m\u00e6rkes.<\/p>\n<p>Med hensyn til begr\u00e6nsninger er den f\u00f8rste indlysende: Dette er et MOZA-specifikt tilbeh\u00f8r. Hvis du \u00e6ndrer det grundl\u00e6ggende m\u00e6rke senere, er der en god chance for, at det bliver ubrugeligt i sin hovedfunktion. Det andet er det ret grove visuelle aspekt. P\u00e5 et meget p\u00e6nt cockpit ville nogle mennesker have sat pris p\u00e5 lidt mere designarbejde eller endda mere elegante farve- eller monteringsmuligheder. Endelig m\u00e5 man acceptere, at der er tale om en investering i et produkt, som man forh\u00e5bentlig n\u00e6sten aldrig kommer til at bruge. S\u00e5 du betaler mere for ro i sindet end for den daglige funktionalitet.<\/p>\n<p>Med hensyn til den opfattede v\u00e6rdi afh\u00e6nger det hele af dit engagement i simracing. For et setup, der koster flere tusinde euro, er den ekstra udgift til en \u00e6gte n\u00f8dstopknap sammenh\u00e6ngende, n\u00e6sten indlysende. For et mere beskedent udstyr kan det umiddelbare forhold mellem omkostninger og nyttev\u00e6rdi virke mindre indlysende, is\u00e6r hvis du k\u00f8rer med begr\u00e6nsede kr\u00e6fter. Men s\u00e5 snart du virkelig begynder at udnytte kraften i en Direct Drive-baseplate, tipper balancen klart til dens fordel.<\/p>\n<h2>Bed\u00f8mmelse: \u00c6ndrer MOZA E-Stop Switch virkelig en ops\u00e6tning?<\/h2>\n<p>MOZA E-Stop Switch er ikke et af de spektakul\u00e6re stykker tilbeh\u00f8r, der forvandler k\u00f8reoplevelsen. Den g\u00f8r ikke din FFB rigere, den sparer dig ikke et sekund pr. omgang, og den \u00f8ger ikke din lydindlevelse. P\u00e5 den anden side \u00e6ndrer den dybt den m\u00e5de, du oplever din base p\u00e5 til daglig, is\u00e6r n\u00e5r den begynder at sende et seri\u00f8st drejningsmoment ud.<\/p>\n<p>P\u00e5 markedet kan det ses som et seri\u00f8st supplerende tilbeh\u00f8r, der er designet til MOZA's mellemklasse- til topklasse-ops\u00e6tninger. Den er lidt som det manglende \"sikkerheds\"-led i et milj\u00f8, hvor de kr\u00e6fter, der er p\u00e5 spil, er ved at blive ubetydelige. Med en avanceret, solid, veljusteret rig i tankerne er denne knap perfekt egnet til jobbet.<\/p>\n<p>Jeg vil klart anbefale den til dem, der regelm\u00e6ssigt k\u00f8rer p\u00e5 en kraftig MOZA-base, som kan lide at holde kr\u00e6fterne h\u00f8je, og som vil undg\u00e5 at tage den mindste risiko, b\u00e5de for sig selv og for andre omkring cockpittet. For en meget lejlighedsvis bruger p\u00e5 en base med lavt drejningsmoment eller en person, der ofte skifter udstyrsm\u00e6rke, er det en mindre prioritet p\u00e5 indk\u00f8bslisten.<\/p>\n<p>Hvis du \u00f8nsker at sikre dig et seri\u00f8st MOZA Direct Drive, at k\u00f8re med ro i sindet og at kunne slukke for alt med et enkelt tryk i tilf\u00e6lde af problemer, kan dette produkt helt klart g\u00f8re hele forskellen for dit setup.<\/p>","protected":false},"excerpt":{"rendered":"<p>Frem for alt \u00e6ndrer denne knap den m\u00e5de, du oplever en kraftfuld Direct Drive-base p\u00e5: Du k\u00f8rer mere afslappet med et \u00e6gte sikkerhedsnet, der altid er lige ved h\u00e5nden. Det giver mening for mellemliggende til avancerede MOZA-brugere med en fast rig og h\u00f8je FFB-kr\u00e6fter, is\u00e6r i et familiemilj\u00f8. V\u00e6rdien ligger helt klart i ro i sindet snarere end i performance.<\/p>","protected":false},"featured_media":101376,"comment_status":"open","ping_status":"closed","template":"","meta":{"_acf_changed":false,"_et_pb_use_builder":"","_et_pb_old_content":"","_et_gb_content_width":""},"product_brand":[165],"product_cat":[153],"product_tag":[149],"class_list":{"0":"post-101375","1":"product","2":"type-product","3":"status-publish","4":"has-post-thumbnail","6":"product_brand-moza-racing","7":"product_cat-accessoires","8":"product_tag-pc","10":"first","11":"instock","12":"shipping-taxable","13":"product-type-external"},"acf":[],"_links":{"self":[{"href":"https:\/\/simracergear.com\/da\/wp-json\/wp\/v2\/product\/101375","targetHints":{"allow":["GET"]}}],"collection":[{"href":"https:\/\/simracergear.com\/da\/wp-json\/wp\/v2\/product"}],"about":[{"href":"https:\/\/simracergear.com\/da\/wp-json\/wp\/v2\/types\/product"}],"replies":[{"embeddable":true,"href":"https:\/\/simracergear.com\/da\/wp-json\/wp\/v2\/comments?post=101375"}],"wp:featuredmedia":[{"embeddable":true,"href":"https:\/\/simracergear.com\/da\/wp-json\/wp\/v2\/media\/101376"}],"wp:attachment":[{"href":"https:\/\/simracergear.com\/da\/wp-json\/wp\/v2\/media?parent=101375"}],"wp:term":[{"taxonomy":"product_brand","embeddable":true,"href":"https:\/\/simracergear.com\/da\/wp-json\/wp\/v2\/product_brand?post=101375"},{"taxonomy":"product_cat","embeddable":true,"href":"https:\/\/simracergear.com\/da\/wp-json\/wp\/v2\/product_cat?post=101375"},{"taxonomy":"product_tag","embeddable":true,"href":"https:\/\/simracergear.com\/da\/wp-json\/wp\/v2\/product_tag?post=101375"}],"curies":[{"name":"wp","href":"https:\/\/api.w.org\/{rel}","templated":true}]}}