{"id":101379,"date":"2025-05-15T08:09:00","date_gmt":"2025-05-15T08:09:00","guid":{"rendered":"https:\/\/simracergear.com\/products\/moza-es-formula-wheel-mod\/"},"modified":"2025-11-28T05:20:05","modified_gmt":"2025-11-28T05:20:05","slug":"moza-es-formula-wheel-mod","status":"publish","type":"product","link":"https:\/\/simracergear.com\/da\/products\/moza-es-formula-wheel-mod\/","title":{"rendered":"MOZA ES Formula Wheel Mod"},"content":{"rendered":"<h2>MOZA ES Formula Wheel Mod: min mening efter brug<\/h2>\n<p>MOZA ES Formula Wheel Mod er typisk den slags tilbeh\u00f8r, der undervurderes ved f\u00f8rste \u00f8jekast. Det er \"bare\" et mod, der omdanner det grundl\u00e6ggende ES-hjul til et hjul af single-seater-typen, men i en ops\u00e6tning \u00e6ndrer det meget mere, end prisen antyder. Det er klart rettet mod brugere af MOZA-\u00f8kosystemet, som allerede k\u00f8rer med et rundt ES-hjul, og som \u00f8nsker noget, der er mere egnet til F1, moderne GT eller langdistanceracing.<\/p>\n<p>Dets rolle er enkel: at tilbyde et mere logisk greb til racerbiler, bedre h\u00e5ndst\u00f8tte og mere kontrol i hurtige passager uden at skulle investere i et meget dyrere rat med fuld formel. Det er attraktivt, fordi det lover en glidende overgang fra et \"entry-level\"-rat til en mere seri\u00f8s fornemmelse uden at skulle lave hele ops\u00e6tningen om.<\/p>\n<p>For mit eget vedkommende s\u00e5 jeg p\u00e5 det fra to vinkler: byggekvalitet i forhold til pris og den reelle indvirkning p\u00e5 banen med hensyn til kontrol, tr\u00e6thed og ensartethed i f\u00f8lelsen sammenlignet med mere avancerede formelhjul. Ideen er at se, om denne Mod er en virkelig nyttig opgradering eller bare et flot kosmetisk look.<\/p>\n<h2>Design og fremstilling: et reelt fremskridt i forhold til det n\u00f8gne ES-hjul<\/h2>\n<p>Visuelt forvandler Mod ES-rattet fuldst\u00e6ndigt. Vi g\u00e5r fra et ret konventionelt rundt rat til et mere kompakt format af typen single-seater\/GT med en flad bund og mere markante greb. I h\u00e5nden er forskellen \u00f8jeblikkelig: Du kan m\u00e6rke, at grebet er mere seri\u00f8st, mere sikkert.<\/p>\n<p>Pladerne, der udg\u00f8r Mod, er lavet af metal, med et rent snit og et meget anst\u00e6ndigt indtryk af stivhed. Intet bev\u00e6ger sig, intet knirker. N\u00e5r den er samlet, f\u00e5r du ikke fornemmelsen af, at du har tilf\u00f8jet en skr\u00f8belig eller sammenflikket del: ES + Formula Mod-samlingen bliver en sammenh\u00e6ngende helhed. Det er en god ting, n\u00e5r det g\u00e6lder tillid, is\u00e6r hvis du bruger en Direct Drive-base, der har et lidt h\u00f8jt drejningsmoment.<\/p>\n<p>Grebene, i imiteret eller struktureret gummi afh\u00e6ngigt af versionen, giver et godt greb. Teksturen griber godt fat i h\u00e6nderne, selv uden handsker. T\u00e6theden er ikke p\u00e5 niveau med f\u00f8rsteklasses alcantara- eller \u00e6gte l\u00e6derrat, men til den pris, du sigter efter, er det stadig helt acceptabelt. Det er tydeligt, at m\u00e5let er at give form og st\u00f8tte, ikke at spille i samme liga som rat, der koster tre gange s\u00e5 meget.<\/p>\n<p>Der, hvor det er lidt skuffende, er p\u00e5 den lidt \"lette\" side, der m\u00e6rkes, hvis du kommer fra et mere massivt formelhjul. Strukturen er ikke spinkel, men man f\u00e5r en fornemmelse af, at det oprindelige hjul ikke er et topklasse-chassis, s\u00e5 selv om Mod forbedrer helheden, forvandler du ikke p\u00e5 magisk vis dette hjul til et fuldt kulfiberhjul. Sammenlignet med andre indgangs-\/mellemklassehjul p\u00e5 markedet er det et skridt op fra et simpelt plastikhjul, men et skridt ned fra metalmodeller med tykke h\u00e5ndtag og f\u00f8rsteklasses materialer.<\/p>\n<p>Alt i alt g\u00f8r Mod jobbet med hensyn til oplevet kvalitet\/pris: Det giver virkelig indtryk af at opgradere dit ES-rat og ikke bare s\u00e6tte en kosmetisk forl\u00e6ngelse p\u00e5.<\/p>\n<h2>Indstillinger, tilpasning og kompatibilitet: en meget plug &amp; play-opgradering<\/h2>\n<p>MOZA ES Formula Wheel Mod er designet til at v\u00e6re nem at leve med. Tilpasningen sker hovedsageligt i monteringsfasen: Du monterer pladerne, tjekker justeringen, og n\u00e5r du har sp\u00e6ndt dem ordentligt, r\u00f8rer du dem ikke igen. Der er ingen komplekse mekaniske justeringer: Det hele handler om formen og grebet.<\/p>\n<p>P\u00e5 softwaresiden k\u00f8rer alt gennem MOZA Pit House-\u00f8kosystemet. Vi taler ikke om Mod-specifikke muligheder her, men ES-hjulets ergonomi forbliver den samme: Knapperne er stadig tilg\u00e6ngelige, ligesom joysticks og encodere. Den nye form kan \u00e6ndre lidt p\u00e5 dine vaner med at n\u00e5 visse knapper i enderne, men de fleste ryttere vil f\u00e5 styr p\u00e5 det i l\u00f8bet af et par sessioner. L\u00e6ringskurven er kort: Den st\u00f8rste \u00e6ndring er h\u00e5ndpositionen, ikke kontrollogikken.<\/p>\n<p>Med hensyn til kompatibilitet holder vi os inden for MOZA-rammen: Den henvender sig til dem, der allerede har en MOZA-base og et ES-hjul. P\u00e5 pc'en er der ingen grund til bekymring; alt genkendes som det originale hjul, da Mod'en ikke tilf\u00f8jer nogen elektroniske komponenter. For konsollen er det den samme regel som s\u00e6dvanlig hos MOZA: Kompatibiliteten afh\u00e6nger af basen og de planlagte gateways, ikke af selve Mod'en.<\/p>\n<p>Med hensyn til det overordnede \u00f8kosystem er det ret smart: Denne Mod giver dig mulighed for at opgradere et entry\/mid-range setup uden at investere i et helt nyt formula-ratt. Du kan koncentrere dit budget om en bedre base, pedalboard eller cockpit og beholde denne Mod som en \"bro\" mellem faserne i din ops\u00e6tning. Det er klart, at det mere er en indgang til en mere raceragtig fornemmelse end en endelig l\u00f8sning for purister, der i sidste ende vil sigte efter et topmoderne formelrat. Men som et mellemstadie er det meget sammenh\u00e6ngende.<\/p>\n<h2>MOZA ES Formula Wheel Mod i spil: Hvad \u00e6ndrer det egentlig?<\/h2>\n<p>P\u00e5 banen giver Mod ikke ekstra styrke, men den \u00e6ndrer den m\u00e5de, du udnytter drejningsmomentet og feedbacken fra din base p\u00e5. Det er her, det bliver interessant.<\/p>\n<p>Den f\u00f8rste effekt er pr\u00e6cision i sving. Med formelformen er h\u00e6nderne naturligt placeret ved 9:15. Armgrebet er kortere, og den nyttige rotationsvandring virker mere kontrollerbar, is\u00e6r i hurtige passager som chikaner, hurtige S'er eller store kurver med sm\u00e5 justeringer. Man f\u00e5r en bedre fornemmelse af, hvorn\u00e5r bilen begynder at bev\u00e6ge sig, uden at skulle lave for store vinkelbev\u00e6gelser. P\u00e5 en mindre kraftfuld base giver det en f\u00f8lelse af st\u00f8rre kontrol. P\u00e5 en mere momentst\u00e6rk base giver det dig mulighed for at t\u00e6mme kraften uden at skulle anstrenge dig fysisk, som du ville g\u00f8re p\u00e5 et stort, rundt rat.<\/p>\n<p>N\u00e5r det g\u00e6lder afl\u00e6sning af grebet, kommer \u00e6ndringen prim\u00e6rt fra st\u00f8ttens fasthed. Sm\u00e5 tab af greb, mikrokorrektioner ved h\u00f8j hastighed og afslutningen af en opbremsning med st\u00f8tte er lettere at h\u00e5ndtere, fordi dine h\u00e6nder er mere l\u00e5st p\u00e5 grebene. Du bev\u00e6ger dine arme mindre, dine h\u00e5ndled og fingre mere. FFB-informationen virker klarere, selv om den ikke har \u00e6ndret sig: Det er den m\u00e5de, du filtrerer den p\u00e5 med din krop, der \u00e6ndrer sig. Det er lettere at forst\u00e5, hvad bagenden af bilen g\u00f8r.<\/p>\n<p>Vibratorer kommer ogs\u00e5 forskelligt ud. P\u00e5 et rundt hjul har man en tendens til at absorbere nogle af rystelserne i skuldre og arme. Med denne Mod-formel er f\u00f8lelsen mere koncentreret i h\u00e5ndleddene og underarmene, hvilket g\u00f8r vibratorerne og kanterne \"skarpere\" uden n\u00f8dvendigvis at g\u00f8re dem mere voldsomme. Du f\u00e5r en god fornemmelse, n\u00e5r du skr\u00e6ver over vibratoren, n\u00e5r du sk\u00e6rer den lidt for t\u00e6t p\u00e5, eller n\u00e5r du kommer tilbage p\u00e5 banen. Det er meget nyttigt til at angribe strengens punkter.<\/p>\n<p>Over lange sessioner er den store gevinst kontrolleret tr\u00e6thed. Formlen tilskynder dig til at k\u00f8re med armene lidt t\u00e6ttere p\u00e5 hinanden, l\u00e6ngere nede og mindre ansp\u00e6ndte. Efter et stykke tid vil dine skuldre og din \u00f8vre ryg takke dig. Is\u00e6r p\u00e5 en mellemklasse Direct Drive-base, hvor drejningsmomentet allerede er stort: Du mister mindre energi ved at holde i rattet og bevarer mere til at v\u00e6re pr\u00e6cis. P\u00e5 en mere beskeden base g\u00f8r det mindre forskel for kraftrelateret tr\u00e6thed, men det g\u00f8r stadig kropsholdningen mere naturlig til F1- eller LMP-lignende discipliner.<\/p>\n<p>Ved hurtige korrektioner kan du tydeligt se forskellen i forhold til et stort, rundt rat. N\u00e5r du kommer ud af et sving med let overstyring eller i et uventet skred, er modstyringen kortere og skarpere. Du beh\u00f8ver ikke at fange rattet igen ved at dreje meget. Du spiller fra en sn\u00e6vrere vinkel med kortere bev\u00e6gelser. Resultat: mere selvtillid, n\u00e5r du k\u00f8rer p\u00e5 gr\u00e6nsen. Du t\u00f8r n\u00e6rme dig grebets bristepunkt mere, fordi du ved, at du kan korrigere det uden at k\u00e6mpe med rattet.<\/p>\n<p>Sammenlignet med et dedikeret high-end formula-hjul vil MOZA ES Formula Wheel Mod ikke p\u00e5 magisk vis forvandle din k\u00f8reoplevelse til en oplevelse p\u00e5 \"pro-niveau\". Massen, materialerne og den generelle stivhed i et premium-hjul giver det stadig en finessefordel. Men sammenlignet med standard ES-hjulet er springet klart: Vi g\u00e5r fra et almindeligt \"forbruger\"-hjul til en virkelig race-orienteret form. Det er i disse sm\u00e5 detaljer, at oplevelsen \u00e6ndres: h\u00e5ndplacering, opfattet rotationsamplitude, den m\u00e5de, FFB absorberes p\u00e5. Du styrer mere med dine fingre og h\u00e5ndled end med dine skuldre, og det har en umiddelbar indvirkning p\u00e5 pr\u00e6cisionen.<\/p>\n<h2>Hvem er den til? Og hvad vi kan lide\/ikke kan lide<\/h2>\n<p>MOZA ES Formula Wheel Mod er klart rettet mod simulatorer, der allerede er i MOZA-\u00f8kosystemet, is\u00e6r dem, der k\u00f8rer p\u00e5 pc'er med en entry-level eller mid-range Direct Drive-base, og som stadig bruger det originale ES-hjul. For en motiveret nybegynder, der begynder at bev\u00e6ge sig seri\u00f8st ind i F1, GT3 eller endurance racing, er dette en fremragende m\u00e5de at opfylde behovene i disse kategorier uden at spr\u00e6nge budgettet. For en mellemliggende bruger er det den logiske opgradering, f\u00f8r man g\u00e5r videre til et rigtigt specialiseret formelrat. For en meget erfaren k\u00f8rer med en topklassebase kan det fungere som et sekund\u00e6rt rat, men det vil ikke v\u00e6re hovedrattet.<\/p>\n<p>Det, jeg s\u00e6tter mest pris p\u00e5, er den \u00f8jeblikkelige forbedring af k\u00f8reegenskaberne: H\u00e6ndernes position er mere naturlig, n\u00e5r man k\u00f8rer, kontrollen er mere intuitiv, og man f\u00f8ler, at man f\u00e5r mere finesse uden at skulle \"genl\u00e6re\", hvordan man skal k\u00f8re. S\u00e5 er der f\u00f8lelsen af sammenh\u00e6ng i MOZA-\u00f8kosystemet: Mod passer perfekt ind, tilf\u00f8jer ikke kompleksitet og giver dig mulighed for at f\u00e5 lidt mere v\u00e6rdi ud af ES-hjulet, som mange anser for bare at v\u00e6re et starthjul. Endelig er forholdet mellem pris og nytte meget godt: For en relativt lille investering f\u00e5r du en h\u00e5ndgribelig \u00e6ndring i den m\u00e5de, du k\u00f8rer p\u00e5, ikke bare et mere raceragtigt look.<\/p>\n<p>Men der er gr\u00e6nser. Den f\u00f8rste er, at basen forbliver ES-rattet: Hvis du leder efter premium-materialer, tykt l\u00e6der eller alcantara og en ultra-massiv f\u00f8lelse, vil du hurtigt n\u00e5 gr\u00e6nserne for, hvad denne Mod kan sublimere. For det andet \u00e6ndrer Mod'en ikke p\u00e5 nogen af knapperne, padlerne eller elektronikken: Hvis du allerede er frustreret over disse aspekter, er det ikke en mirakell\u00f8sning. Den tredje er, at den kun henvender sig til MOZA-brugere: Det er umuligt at bruge den uden for dette \u00f8kosystem, s\u00e5 med hensyn til videresalg eller levetid p\u00e5 flere platforme er den mere begr\u00e6nset end et selvst\u00e6ndigt hjul.<\/p>\n<p>Med hensyn til oplevet v\u00e6rdi er dette et intelligent tilbeh\u00f8r: Det erstatter ikke behovet for at k\u00f8be et rigtigt topklasse formelrat, men det udskyder dette behov og giver ES-rattet et nyt liv. For mange ops\u00e6tninger, hvor hver en euro t\u00e6ller, er det en smart investering snarere end et indfald.<\/p>\n<h2>Bed\u00f8mmelse: Et simpelt mod, der virkelig \u00e6ndrer den m\u00e5de, du k\u00f8rer p\u00e5.<\/h2>\n<p>MOZA ES Formula Wheel Mod er m\u00e5ske ikke noget at dr\u00f8mme om, n\u00e5r det g\u00e6lder tekniske specifikationer, men n\u00e5r det g\u00e6lder rattet, er det et stort skridt fremad. Det forvandler dit ES Wheel fra det \"standardrat, der f\u00f8lger med basen\" til et v\u00e6rkt\u00f8j, der er mere egnet til moderne racerbiler. De st\u00f8rste gevinster ligger i kontrol, bev\u00e6gelsespr\u00e6cision og komfort over tid. P\u00e5 en mellemklasseops\u00e6tning er effekten st\u00f8rre, end prisen m\u00e5ske antyder.<\/p>\n<p>P\u00e5 markedet er denne mod et velplaceret tilbeh\u00f8r i mellemklassen: Det er ikke premium, men det er heller ikke bare en kosmetisk gadget. Det er et rimeligt omdrejningspunkt mellem en startops\u00e6tning og en mere seri\u00f8s konfiguration, ideelt for dem, der \u00f8nsker at bev\u00e6ge sig op i markedet i etaper uden at spr\u00e6nge hele deres budget p\u00e5 \u00e9n gang.<\/p>\n<p>Jeg vil klart anbefale det til MOZA-brugere, der stadig bruger ES-hjul, og som kan lide F1, GT og prototypel\u00f8b. For en purist, der allerede er udstyret med en meget kraftig base og f\u00f8rsteklasses rat, vil interessen v\u00e6re mere begr\u00e6nset, undtagen som reservehjul. For nogen uden for MOZA-\u00f8kosystemet giver det simpelthen ingen mening.<\/p>\n<p>Hvis du \u00f8nsker at g\u00f8re dit ES-hjul mere pr\u00e6cist, mere i overensstemmelse med moderne racerbiler og f\u00e5 mere kontrol uden at spr\u00e6nge dit budget, kan denne MOZA ES Formula Wheel Mod helt klart g\u00f8re en forskel for dit setup.<\/br><\/p>","protected":false},"excerpt":{"rendered":"<p>Denne mod gav mig en fornemmelse af at omdanne et simpelt \"standard\"-rat til et meget mere sammenh\u00e6ngende v\u00e6rkt\u00f8j til moderne racerl\u00f8b med mere kontrol og mindre tr\u00e6thed. Det giver virkelig mening for MOZA-brugere med ES-hjul, der k\u00f8rer F1\/GT\/endurance og \u00f8nsker at g\u00e5 et gear op uden at skifte et komplet rat. V\u00e6rdien for pengene er meget solid.<\/p>","protected":false},"featured_media":101380,"comment_status":"open","ping_status":"closed","template":"","meta":{"_acf_changed":false,"_et_pb_use_builder":"","_et_pb_old_content":"","_et_gb_content_width":""},"product_brand":[165],"product_cat":[153],"product_tag":[149],"class_list":{"0":"post-101379","1":"product","2":"type-product","3":"status-publish","4":"has-post-thumbnail","6":"product_brand-moza-racing","7":"product_cat-accessoires","8":"product_tag-pc","10":"first","11":"instock","12":"shipping-taxable","13":"product-type-external"},"acf":[],"_links":{"self":[{"href":"https:\/\/simracergear.com\/da\/wp-json\/wp\/v2\/product\/101379","targetHints":{"allow":["GET"]}}],"collection":[{"href":"https:\/\/simracergear.com\/da\/wp-json\/wp\/v2\/product"}],"about":[{"href":"https:\/\/simracergear.com\/da\/wp-json\/wp\/v2\/types\/product"}],"replies":[{"embeddable":true,"href":"https:\/\/simracergear.com\/da\/wp-json\/wp\/v2\/comments?post=101379"}],"wp:featuredmedia":[{"embeddable":true,"href":"https:\/\/simracergear.com\/da\/wp-json\/wp\/v2\/media\/101380"}],"wp:attachment":[{"href":"https:\/\/simracergear.com\/da\/wp-json\/wp\/v2\/media?parent=101379"}],"wp:term":[{"taxonomy":"product_brand","embeddable":true,"href":"https:\/\/simracergear.com\/da\/wp-json\/wp\/v2\/product_brand?post=101379"},{"taxonomy":"product_cat","embeddable":true,"href":"https:\/\/simracergear.com\/da\/wp-json\/wp\/v2\/product_cat?post=101379"},{"taxonomy":"product_tag","embeddable":true,"href":"https:\/\/simracergear.com\/da\/wp-json\/wp\/v2\/product_tag?post=101379"}],"curies":[{"name":"wp","href":"https:\/\/api.w.org\/{rel}","templated":true}]}}