{"id":101424,"date":"2025-05-15T08:10:00","date_gmt":"2025-05-15T08:10:00","guid":{"rendered":"https:\/\/simracergear.com\/products\/moza-ks-steering-wheel-st-alone\/"},"modified":"2025-11-28T05:26:50","modified_gmt":"2025-11-28T05:26:50","slug":"moza-ks-steering-wheel-st-alone","status":"publish","type":"product","link":"https:\/\/simracergear.com\/da\/products\/moza-ks-steering-wheel-st-alone\/","title":{"rendered":"MOZA KS Rat St&amp;alone"},"content":{"rendered":"<h2>MOZA KS Steering Wheel Standalone: test og anmeldelse af et smart Formula\/GT-rat<\/h2>\n<p>MOZA KS Steering Wheel Standalone er helt klart en aggressiv mulighed i det \"seri\u00f8se, men budgetbevidste\" Formula\/GT-rattsegment. Det er et fladt, ensidet\/moderne proto-rat, der er designet til m\u00e6rkets Direct Drive-baser, men som ogs\u00e5 s\u00e6lges som standalone til brug via USB p\u00e5 andre pc-kompatible baser.<\/p>\n<p>Den lover meget p\u00e5 papiret: et moderne udseende, meget eSport-ergonomi, et v\u00e6ld af knapper, magnetiske padler, LED-omdrejninger, alt sammen til en pris, der er rimelig for dette format. Ideen er enkel: at tilbyde en trov\u00e6rdig fornemmelse og god l\u00f8bsinformation uden at g\u00e5 over gevind med hensyn til pris.<\/p>\n<p>Min vinkel her er todelt: p\u00e5 den ene side brugervenlighed og ren racerergonomi (hurtig adgang til betjeningselementer, l\u00e6sbarhed, greb). P\u00e5 den anden side pr\u00e6cisionen i de fornemmelser, som selve rattet overf\u00f8rer: stivhed, fornemmelse af padlerne, knappernes kvalitet og sammenh\u00e6ngen i det hele i et moderne simracing-setup, uanset om du er p\u00e5 en MOZA-base eller ej.<\/p>\n<h2>Design og fremstilling: et rat, der ser seri\u00f8st ud uden at v\u00e6re falsk premium<\/h2>\n<p>Visuelt giver MOZA KS et \u00f8jeblikkeligt stiludtryk: en ret bred U-form, greb d\u00e6kket af en syntetisk gummibel\u00e6gning og et stort set struktureret frontpanel med et moderne racerlook. I h\u00e5nden er det f\u00f8rste indtryk godt: Det er let, men ikke hult. Det har den rigtige t\u00e6thed for et velbygget plastrat.<\/p>\n<p>Materialerne er ikke i samme liga som et rat i fuld aluminium + \u00e6gte kulfiber, men for dette prissegment er samlingen ren. Der er ikke noget, der knirker, n\u00e5r man b\u00f8jer strukturen lidt, knapperne er godt justeret, og drejeknapperne flyder ikke. Den centrale plastik f\u00f8les stiv med en mat finish, der begr\u00e6nser fingeraftryk. Alligevel f\u00e5r man en fornemmelse af, at man har prioriteret forholdet mellem funktioner og pris frem for \"juvelen i butiksvinduet\"-aspektet.<\/p>\n<p>Grebene giver et effektivt greb. Bel\u00e6gningen er t\u00e6ttere p\u00e5 gummi end p\u00e5 l\u00e6der eller alcantara, hvilket har to effekter: Du f\u00e5r et godt greb selv uden handsker, men f\u00f8lelsen er lidt mindre f\u00f8rsteklasses end p\u00e5 dyrere hjul. P\u00e5 den anden side er denne type overflade nem at reng\u00f8re ved intensiv k\u00f8rsel og \u00e6ldes ofte bedre end mere \u00e6dle, men skr\u00f8belige materialer.<\/p>\n<p>De magnetiske padler p\u00e5 bagsiden er et \u00e6gte h\u00f8jdepunkt. Klikket er skarpt og hurtigt med en velafbalanceret indsats. Slagl\u00e6ngden er kort og meget pr\u00e6stationsorienteret. N\u00e5r du skifter gear, det ene efter det andet, har du stor tillid til mekanismen. Det er ikke brutalt som nogle meget stive pagajer, men det er langt fra bl\u00f8de udl\u00f8sere.<\/p>\n<p>Det, der er lidt skuffende, er manglen p\u00e5 \"haute couture\"-f\u00f8lelse p\u00e5 visse omr\u00e5der. Trykknapperne er f.eks. OK, men de f\u00f8les lidt ensartede. Sammenlignet med mere eksklusive rat mister man den differentierede taktile feedback, som g\u00f8r, at man kan genkende en knap uden at se p\u00e5 den. Til denne pris er det forventeligt, men det er v\u00e6rd at bem\u00e6rke.<\/p>\n<p>Sammenlignet med andre Formula\/GT-rat i mellemklassen klarer KS sig generelt godt. Det kan ikke konkurrere med modeller helt i metal, men det giver aldrig indtryk af at v\u00e6re et stykke leget\u00f8j. Det f\u00f8les som et seri\u00f8st produkt, der er designet til at modst\u00e5 mange timers k\u00f8rsel.<\/p>\n<h2>Indstillinger, tilpasning og kompatibilitet: et overraskende fleksibelt rat<\/h2>\n<p>Med hensyn til brug viser MOZA KS hurtigt, at den er designet til at forenkle livet for den moderne simracer. Baseret p\u00e5 MOZA sker konfigurationen via den interne software med forudindstillinger, der er tilpasset forskellige spil og ret intuitiv knaptilknytning. Alt vises tydeligt, og man kan f\u00e5 adgang til de vigtigste funktioner uden lang tids s\u00f8gen. Du kan hurtigt have din egen profil til en GT-simulator, en anden til et mere arkadeagtigt spil og skifte fra den ene til den anden.<\/p>\n<p>I standalone-tilstand via USB p\u00e5 en pc opf\u00f8rer den sig som en ekstra controller. Det tager lidt tid at kortl\u00e6gge alle knapper og drejehjul i hvert spil, men n\u00e5r det er gjort, er oplevelsen problemfri. Indl\u00e6ringskurven er ret blid: Hvis du allerede ved, hvordan du konfigurerer et rat i en simulator, er der ikke noget overraskende i det. Hvis du er nybegynder, skal du bare g\u00e5 gennem spillets menuer for at konfigurere alt korrekt.<\/p>\n<p>Der er mange drejeknapper og knapper. Du kan tildele kontrol over traction control, bremseforsp\u00e6nding, motortilstande, radio, DRS\/ERS-funktioner og s\u00e5 videre. For fans af formelbiler eller langdistancel\u00f8b er dette et stort plus. Du ender med at have et komplet instrumentbr\u00e6t p\u00e5 tommelfingrene uden at skulle g\u00e5 tilbage gennem menuerne under en session. Rattet giver et betryggende indtryk af, at alt er inden for r\u00e6kkevidde.<\/p>\n<p>Konsolkompatibilitet afh\u00e6nger af ops\u00e6tningen, men kernem\u00e5let er helt klart pc'en. Med en MOZA-base f\u00e5r du gavn af hele \u00f8kosystemet: Direct Drive-k\u00e6dest\u00e6nger, pedaler, gearskiftere osv. KS passer ind som et rat i Formula\/GT-stil i en serie, der senere nemt kan suppleres med et rundt rat til rally eller road racing.<\/p>\n<p>Med hensyn til skalerbarhed er KS en god mellemting. I et voksende setup kan det v\u00e6re det 'seri\u00f8se' rat, der kommer efter et mere grundl\u00e6ggende f\u00f8rste k\u00f8b. Det kan ogs\u00e5 forblive den vigtigste del af et cockpit i lang tid, is\u00e6r hvis resten af udstyret bev\u00e6ger sig op i markedet. Dette er ikke et produkt, der hurtigt bliver for\u00e6ldet: Ergonomien og antallet af betjeningselementer er mere end nok til at opfylde en almindelig pilots behov.<\/p>\n<h2>Fornemmelser i spil: pr\u00e6cision, kontrol og l\u00e6sbarhed af bilen<\/h2>\n<p>P\u00e5 banen \u00e6ndrer MOZA KS naturligvis ikke karakteren af den grundl\u00e6ggende FFB, men den har stor indflydelse p\u00e5 den m\u00e5de, den f\u00f8les p\u00e5. Svinghjulets overordnede stivhed g\u00f8r det muligt at overf\u00f8re variationer i drejningsmomentet uden m\u00e6rkbar deformation. I hurtige sving, n\u00e5r Direct Drive-basen sender drejningsmoment ud, b\u00f8jer strukturen ikke, og du bevarer ren kontrol over vinklen.<\/p>\n<p>Det f\u00f8rste, der springer i \u00f8jnene, er den pr\u00e6cision, hvormed sm\u00e5 korrektioner foretages. Den flade form, den lille diameter og de velmarkerede greb g\u00f8r det nemt at lave mikrovinkler, uanset om du pr\u00f8ver at kompensere for overstyring eller finjustere en downforce-bane. Det er nemt at m\u00e6rke, hvor forhjulene er. Man forst\u00e5r hurtigt, hvad bilen g\u00f8r.<\/p>\n<p>Grebsafl\u00e6sninger er hovedsageligt knyttet til basens arbejde, men rattet tilf\u00f8jer ikke et parasitisk filter. Grebenes overflade hj\u00e6lper dig med at m\u00e6rke mikrovibrationerne, is\u00e6r n\u00e5r basen gengiver det gradvise tab af greb. N\u00e5r du kommer ud af et hj\u00f8rne p\u00e5 en lidt skarp bane, kan du m\u00e6rke, n\u00e5r bagenden begynder at glide. S\u00e5 f\u00e5r du den selvtillid, der giver dig lyst til at presse gr\u00e6nsen uden frygt for et pludseligt stop, der er umuligt at fange.<\/p>\n<p>P\u00e5 vibratorerne er f\u00f8lelsen overbevisende. Hurtige st\u00f8d er rene, uden m\u00e6rkelige ekkoer i rattets struktur. De aggressive vibratorer i moderne kredsl\u00f8b overs\u00e6ttes til klare, men ikke ubehagelige impulser. Du kan k\u00f8re videre uden at tage h\u00e6nderne fra rattet. Der er ingen \"plastikvibrationer\", som nogle gange kan v\u00e6re et tegn p\u00e5 mindre veldesignede rat.<\/p>\n<p>Under lange sessioner er komforten stadig god. Formula\/GT-formen betyder, at man skal have fat i begge h\u00e6nder n\u00e6sten hele tiden, hvilket er logisk for denne type brug. Gummigrebene begr\u00e6nser tr\u00e6theden i fingrene, selv uden handsker, s\u00e5 l\u00e6nge du ikke knuser rattet af stress. I l\u00f8bet af flere timer satte vi is\u00e6r pris p\u00e5 den lette adgang til betjeningselementerne: Det er ikke n\u00f8dvendigt at fjerne h\u00e6nderne fra rattet for at justere nogen af bilens indstillinger. Det er den slags detaljer, der skaber konsistens.<\/p>\n<p>Ved hurtige korrektioner, f.eks. i rallycross eller meget mobil GT, reagerer KS meget sundt. Dets moderate v\u00e6gt hj\u00e6lper med at holde styringen responsiv. Sammenlignet med et tungere eller mere besv\u00e6rligt rat vinder du i reaktionsevne. Ultrahurtige overgange fra h\u00f8jre til venstre sker uden at f\u00f8les overdrevent inerti. P\u00e5 en mindre kraftig base hj\u00e6lper denne begr\u00e6nsede v\u00e6gt ogs\u00e5 basen med at levere en mere livlig FFB.<\/p>\n<p>Sammenlignet med et mere grundl\u00e6ggende rat med f\u00e5 betjeningselementer og mindre fast plast er forskellen prim\u00e6rt i kontrol og selvtillid. Du t\u00f8r lege mere med gr\u00e6nsen, du styrer indstillingerne bedre live, og du f\u00f8ler dig bedre forbundet med det, der sker p\u00e5 sk\u00e6rmen. Sammenlignet med et meget dyrere rat i topklassen mister du lidt i form af taktil raffinement og materialer, men kernen i oplevelsen - at forst\u00e5 bilen og v\u00e6re i stand til at placere den, hvor du vil - forbliver der. Det er her, KS virkelig \u00e6ndrer oplevelsen for en simracer, der kommer fra enklere hardware.<\/p>\n<h2>Hvem er den til? Hvad vi kan lide \/ Hvad vi ikke kan lide<\/h2>\n<p>MOZA KS er rettet mod tre hovedprofiler: den mellemliggende simracer, der \u00f8nsker at tage et seri\u00f8st skridt fremad uden at spr\u00e6nge budgettet, brugeren, der allerede er udstyret med et MOZA Direct Drive, og som leder efter et dedikeret Formula\/GT-hjul, og den single-seater\/GT3\/eSport-orienterede pc-spiller, der \u00f8nsker et hjul fyldt med kontroller, der kan bruges i standalone-tilstand.<\/p>\n<p>Det, jeg is\u00e6r kan lide, er forholdet mellem funktionalitet og pris. Der er masser af knapper og rotorer, trov\u00e6rdige magnetiske padler og et design, der er designet til racerl\u00f8b, uden at det g\u00e5r ud over prisen. S\u00e5 er der den generelle ergonomi: Betjeningselementerne er nemme at f\u00e5 styr p\u00e5, og du kan virkelig styre alt i et l\u00f8b uden at k\u00e6mpe med layoutet. Endelig giver den korrekte stivhed og kontrollerede v\u00e6gt pr\u00e6cis kontrol, is\u00e6r med Direct Drive-baser med medium og h\u00f8j styrke. Du f\u00f8ler dig hurtigt godt tilpas, selv n\u00e5r FFB'en er st\u00e6rk.<\/p>\n<p>Men der er gr\u00e6nser. Materialerne er helt klart \"god plastik\", ikke premium. For nogle sim-racere, der er meget f\u00f8lsomme over for f\u00f8lelsen af overflader og det avancerede visuelle aspekt, kan dette punkt v\u00e6re lidt frustrerende. Den anden begr\u00e6nsning er manglen p\u00e5 en mere udtalt taktil differentiering p\u00e5 visse knapper. Nogle gange er man n\u00f8dt til at tage et hurtigt kig for at undg\u00e5 at v\u00e6lge den forkerte kontrol, is\u00e6r i starten. Endelig er konsolkompatibiliteten mindre naturlig end for nogle mere generelle hjul: Den ideelle legeplads er stadig pc'en eller et veludviklet MOZA-\u00f8kosystem.<\/p>\n<p>Med hensyn til v\u00e6rdi er KS en smart investering. Du betaler hovedsageligt for ergonomi, antallet af kontroller og pakkens konsistens snarere end luksuri\u00f8se materialer. For en simracer, der \u00f8nsker at bev\u00e6ge sig gradvist op i markedet, er dette et produkt, der giver mening: Det forbedrer klart oplevelsen uden at give indtryk af, at du prim\u00e6rt betaler for udseendet. Man f\u00e5r en fornemmelse af, at hver eneste euro er brugt p\u00e5 funktion frem for kosmetik.<\/p>\n<h2>Dommen: et Formula\/GT-rat, der er det helt rigtige til at bev\u00e6ge sig op i markedet uden at g\u00e5 over gevind.<\/h2>\n<p>MOZA KS Steering Wheel Standalone udg\u00f8r et reelt kvalitativt spring fremad i et moderne racerorienteret setup. Det tilf\u00f8jer ikke kraft til grundpakken, men det giver de rigtige v\u00e6rkt\u00f8jer til at f\u00e5 mest muligt ud af bilens FFB, greb og indstillinger. Resultatet er st\u00f8rre kontrol, klarere information p\u00e5 sk\u00e6rmen og mere komfortabel daglig brug.<\/p>\n<p>P\u00e5 markedet er det klart placeret i den ambiti\u00f8se mellemklasse: mere seri\u00f8st og mere komplet end et entry-level rat, mindre luksuri\u00f8st end en meget premium model. Dets virkelige styrke er, at det giver en meget sammenh\u00e6ngende oplevelse for sim-raceren, der bruger meget tid p\u00e5 GT'er, prototyper eller single-seaters, uden at have brug for et stort budget.<\/p>\n<p>Jeg vil f\u00f8rst og fremmest anbefale det til pc-brugere, med eller uden MOZA-base, som vil have et veldesignet Formel\/GT-rat med nok kontrol til lange l\u00f8b og seri\u00f8s multiplayer. For de mere afslappede landevejs-, fritidsrally- eller plug &amp; play-konsolspillere kan andre rundere, mere universelle l\u00f8sninger v\u00e6re mere passende.<\/p>\n<p>Hvis du er p\u00e5 udkig efter et rat i Formula\/GT-stil med masser af kontrolmuligheder, en seri\u00f8s f\u00f8lelse og en rimelig pris, kan MOZA KS Steering Wheel Standalone g\u00f8re hele forskellen for dit setup.<\/p>","protected":false},"excerpt":{"rendered":"<p>Dette rat gav mig en f\u00f8lelse af virkelig at have kontrol over bilen og at kunne styre mine racerindstillinger uden friktion og med solid komfort over tid. Det giver mening for single-seater\/GT-orienterede pc-simulatorer, der gerne vil tage et stort skridt fremad uden at sigte mod det allerbedste. Alt i alt er forholdet mellem funktioner og pris og sammenh\u00e6ngen i pakken overbevisende.<\/p>","protected":false},"featured_media":101425,"comment_status":"open","ping_status":"closed","template":"","meta":{"_acf_changed":false,"_et_pb_use_builder":"","_et_pb_old_content":"","_et_gb_content_width":""},"product_brand":[165],"product_cat":[156],"product_tag":[149],"class_list":{"0":"post-101424","1":"product","2":"type-product","3":"status-publish","4":"has-post-thumbnail","6":"product_brand-moza-racing","7":"product_cat-roue-de-volant","8":"product_tag-pc","10":"first","11":"instock","12":"shipping-taxable","13":"product-type-external"},"acf":[],"_links":{"self":[{"href":"https:\/\/simracergear.com\/da\/wp-json\/wp\/v2\/product\/101424","targetHints":{"allow":["GET"]}}],"collection":[{"href":"https:\/\/simracergear.com\/da\/wp-json\/wp\/v2\/product"}],"about":[{"href":"https:\/\/simracergear.com\/da\/wp-json\/wp\/v2\/types\/product"}],"replies":[{"embeddable":true,"href":"https:\/\/simracergear.com\/da\/wp-json\/wp\/v2\/comments?post=101424"}],"wp:featuredmedia":[{"embeddable":true,"href":"https:\/\/simracergear.com\/da\/wp-json\/wp\/v2\/media\/101425"}],"wp:attachment":[{"href":"https:\/\/simracergear.com\/da\/wp-json\/wp\/v2\/media?parent=101424"}],"wp:term":[{"taxonomy":"product_brand","embeddable":true,"href":"https:\/\/simracergear.com\/da\/wp-json\/wp\/v2\/product_brand?post=101424"},{"taxonomy":"product_cat","embeddable":true,"href":"https:\/\/simracergear.com\/da\/wp-json\/wp\/v2\/product_cat?post=101424"},{"taxonomy":"product_tag","embeddable":true,"href":"https:\/\/simracergear.com\/da\/wp-json\/wp\/v2\/product_tag?post=101424"}],"curies":[{"name":"wp","href":"https:\/\/api.w.org\/{rel}","templated":true}]}}