{"id":101445,"date":"2025-05-15T08:10:00","date_gmt":"2025-05-15T08:10:00","guid":{"rendered":"https:\/\/simracergear.com\/products\/moza-r12-gs-v2p-gt-wheel-bundle\/"},"modified":"2025-11-28T05:29:52","modified_gmt":"2025-11-28T05:29:52","slug":"moza-r12-gs-v2p-gt-wheel-bundle","status":"publish","type":"product","link":"https:\/\/simracergear.com\/da\/products\/moza-r12-gs-v2p-gt-wheel-bundle\/","title":{"rendered":"MOZA R12 &amp; GS V2P GT-hjulpakke"},"content":{"rendered":"<h2>MOZA R12 &amp; GS V2P GT Wheel Bundle: hvad det virkelig \u00e6ndrer i en ops\u00e6tning<\/h2>\n<p>MOZA R12 &amp; GS V2P GT Wheel-pakken er helt klart i kategorien 'mellemklasse' af Direct Drive-pc'er. Vi er ikke l\u00e6ngere i entry-level-kategorien, men vi er endnu ikke i galskaben med ultrakraftige baser. Den henvender sig til folk, der vil have et reelt spring i realisme uden at spr\u00e6nge deres budget eller deres cockpit.<\/p>\n<p>P\u00e5 papiret er l\u00f8ftet enkelt: en Direct Drive-base med nok drejningsmoment til at m\u00e6rke alt, et GT-rat med en moderne racerf\u00f8lelse, seri\u00f8se materialer og et \u00f8kosystem, der allerede er veletableret. I praksis fors\u00f8ger denne kombination at finde en balance mellem ren ydeevne, brugervenlighed og kompatibilitet med s\u00e5 mange simulationer som muligt.<\/p>\n<p>Min analysevinkel er todelt: kvaliteten af k\u00f8refornemmelsen (FFB-pr\u00e6cision, grebsafl\u00e6sning, kontrol ved gr\u00e6nserne) og den overordnede komfort (ergonomi, indstillinger, brug over lange sessioner). Jeg ser ogs\u00e5 p\u00e5, hvad denne pakke har at byde p\u00e5 sammenlignet med en mere beskeden remdrevet base eller en Direct Drive p\u00e5 indgangsniveau, og om den kan holde til at v\u00e6re midtpunktet i et setup, der kan opgraderes over flere \u00e5r.<\/p>\n<h2>Design og fremstilling: seri\u00f8sitet, konsistens og mindre ulemper<\/h2>\n<p>R12-basen giver straks indtryk af en kompakt, t\u00e6t blok. Metalchassis, ren samling, intet parasit\u00e6rt spil, intet, der lyder hult, n\u00e5r du h\u00e5ndterer det. Man f\u00e5r indtryk af et produkt, der er designet til at sidde fast i et cockpit uden at blinke. Den opfattede stivhed er meget god for denne serie, selv p\u00e5 en anst\u00e6ndig, men ikke ultra-high-end support.<\/p>\n<p>GS V2P GT Wheel er helt klart rettet mod den moderne GT\/LMP-verden. Med sin metalstruktur, kulfiberbekl\u00e6dning og h\u00e5ndtag i Alcantara eller et lignende materiale, afh\u00e6ngigt af versionen, f\u00f8les det seri\u00f8st i h\u00e5nden og udstr\u00e5ler \"entusiastisk\" simracing snarere end et stykke leget\u00f8j. De magnetiske padler har et skarpt, rent klik med en pr\u00e6cis fornemmelse under fingrene. Du kan m\u00e6rke hvert eneste gearskifte, uden at det bliver bl\u00f8dt.<\/p>\n<p>Det f\u00f8rste, der overrasker dig, er t\u00e6theden af det hele. Basen f\u00f8les ikke, som om der skal spares p\u00e5 den, og rattet har ikke den lette plastikfornemmelse, som man nogle gange finder p\u00e5 mere almindelige produkter. Man har bare lyst til at give den gas, uden at stille sp\u00f8rgsm\u00e5l.<\/p>\n<p>Skuffelserne ligger mere i detaljerne. Nogle af de sekund\u00e6re plastmaterialer omkring stikkene og p\u00e5 visse dele af rattet er ikke s\u00e5 eksklusive som resten. Det er ikke billigt, men det er et stykke under nogle af de dyrere rat i topklassen. Knapperne er gode, men de kunne godt v\u00e6re lidt mere taktile for at matche de bedste p\u00e5 markedet.<\/p>\n<p>Sammenlignet med andre l\u00f8sninger i samme segment klarer R12 + GS V2P-pakken sig godt: mere kvalitet end et s\u00e6t til begyndere, mindre luksuri\u00f8st end en meget eksklusiv kombination, men med en \u00e6gte f\u00f8lelse af seri\u00f8sitet og overordnet sammenh\u00e6ng.<\/p>\n<h2>Indstillinger, tilpasning og kompatibilitet: fleksibel, men pc-orienteret<\/h2>\n<p>P\u00e5 softwaresiden tilbyder MOZA et ret omfattende \u00f8kosystem af indstillinger. Gr\u00e6nsefladen er overskuelig med faner til forudindstillinger pr. s\u00e6t, samlet kraft, filtre, friktion, inerti samt ratparametre (belysning, opgaver osv.). Du kan hurtigt finde de vigtigste indstillinger uden at blive oversv\u00f8mmet af uforst\u00e5elige menuer.<\/p>\n<p>De forudindstillinger, der findes til de store simulationer, er et godt udgangspunkt. De er ikke perfekte for alle, men de giver dig mulighed for at k\u00f8re hurtigt uden at fare vild. Derefter tager det lidt tid at justere styrken, bl\u00f8dheden omkring midtpunktet, den m\u00e5de, hvorp\u00e5 underlaget filtrerer vibrationer eller reflekterer bump, men det er stadig tilg\u00e6ngeligt. L\u00e6ringskurven er ikke \u00f8jeblikkelig, men den er ikke straffende: Efter et par sessioner ved du, hvad der virkelig p\u00e5virker den m\u00e5de, du f\u00f8ler dig p\u00e5.<\/p>\n<p>For mig er de mest nyttige indstillinger den samlede forst\u00e6rkning, linearitet og h\u00e5ndtering af parasit\u00e6re effekter. P\u00e5 R12 er det anvendelige omr\u00e5de bredt: Du kan f\u00e5 en FFB, der er bl\u00f8d nok til at k\u00f8re i lang tid, eller en mere fysisk feedback, der minder dig om enhver lidt aggressiv vibrator. Selve rattet har nok knapper, encodere og kontakter til at mappe alt, hvad du har brug for til moderne simulationer, uden at du beh\u00f8ver at g\u00e5 tilbage til tastaturet.<\/p>\n<p>Med hensyn til kompatibilitet er dette helt klart en platform, der prim\u00e6rt er designet til pc'en. Integrationen med de vigtigste simulatorer er god, og MOZA-\u00f8kosystemet (pedaler, gearskiftere, dashboards osv.) betyder, at du kan bygge et komplet setup. Man f\u00e5r en fornemmelse af, at denne base kan blive hjertet i en opgraderbar installation: Du kan starte med denne pakke, tilf\u00f8je et kraftigere kranks\u00e6t senere eller \u00e6ndre rattet, mens du bliver p\u00e5 den samme base.<\/p>\n<p>Som en seri\u00f8s indgang til et Direct Drive-\u00f8kosystem ser R12 ikke ud til at v\u00e6re et \"smid v\u00e6k\"-k\u00f8b. I stedet er den positioneret som en basismodel, som du kan beholde i flere \u00e5r, medmindre du virkelig sigter efter den aller\u00f8verste del af sortimentet.<\/p>\n<h2>Fornemmelser i spil: hvor pakken retf\u00e6rdigg\u00f8r sin eksistens<\/h2>\n<p>P\u00e5 banen er det nemt at se, hvad R12 har at tilbyde med GS V2P. Power feedback er skarp og ren med en god balance mellem fine detaljer og brutal kraft. Vi har ikke det samme eksplosive drejningsmoment som en ultrakraftig base, men vi er langt foran et remdrevet system eller et meget beskedent Direct Drive.<\/p>\n<p>I hurtige sving belastes styret\u00f8jet gradvist. Du kan m\u00e6rke sp\u00e6ndingen i rattet, hvilket betyder, at du kan forudse gr\u00e6nsen uden at blive overrasket. I h\u00e5rn\u00e5lesving og langsommere sektioner er refokuseringen ligetil uden at v\u00e6re voldsom. Du kan justere rattet p\u00e5 millimeteren, is\u00e6r med GT-formen, som opmuntrer dig til at holde en meget stabil position.<\/p>\n<p>Grebsafl\u00e6sning er en af de st\u00e6rke sider ved denne serie. Du kan tydeligt se, n\u00e5r fronten begynder at glide, den lette flydning, n\u00e5r bilen afl\u00e6sses, og s\u00e5 tilbagevenden af lasten, n\u00e5r den h\u00e6nger fast. P\u00e5 en mindre kraftig base er disse overgange mere sl\u00f8rede eller overd\u00f8ves af en alt for afrundet FFB. Her er f\u00f8lelsen renere og lettere at afl\u00e6se.<\/p>\n<p>Med hensyn til vibratorerne g\u00f8r pakken et godt stykke arbejde. Vibrationerne er til stede, strukturerede, men bliver ikke til en permanent brummen. Du kan m\u00e6rke forskellen mellem en flad vibrator og en mere aggressiv model, og du kan m\u00e6rke sporets kant, n\u00e5r du bider den halvt over. H\u00f8jere kantsten giver skarpe ryk i rattet, der er realistiske nok til, at man f\u00e5r lyst til at respektere dem.<\/p>\n<p>N\u00e5r det g\u00e6lder hurtige korrektioner - ved overstyring, tab af tr\u00e6kkraft eller en lidt sn\u00e6ver landing - er R12 stadig ret responsiv. Der er ingen forsinkelse som i \u00e6ldre remdrevne systemer. Du kan virkelig indhente bilen instinktivt, hvilket opbygger tillid. Det er ofte her, forskellen til en mindre kraftfuld basismodel bliver tydelig: Rattet f\u00f8lger dine h\u00e6nder bedre uden at styrte ned.<\/p>\n<p>Over lange sessioner er FFB's konsistens god. Basen begynder ikke at miste styrke eller finesse for hver omdrejning, s\u00e5 l\u00e6nge du holder dig inden for et rimeligt indstillingsomr\u00e5de. Tr\u00e6thed afh\u00e6nger hovedsageligt af den kraft, du v\u00e6lger at anvende. Med en afbalanceret konfiguration kan du k\u00f8re i lang tid uden at f\u00f8le dig \"kn\u00e6kket\", samtidig med at du bevarer nok information til at pr\u00e6stere godt.<\/p>\n<p>Sammenlignet med en meget kraftigere base vil R12 naturligvis v\u00e6re mindre brutal og mindre fysisk kr\u00e6vende. Du mister lidt spillerum, n\u00e5r det g\u00e6lder ekstreme kr\u00e6fter, men du vinder i komfort og kontrollerbarhed for de fleste brugere. GS V2P er et godt match til denne tilgang: GT-format, godt greb, velplacerede betjeningselementer, alt er designet til at holde fokus p\u00e5 k\u00f8rsel.<\/p>\n<p>Den overordnede indlevelse er solid. Du f\u00f8ler, at du k\u00f8rer i en moderne racerbil, ikke bare i et videospil. Lydene er ikke nok; dine h\u00e6nder skal virkelig forst\u00e5, hvad bilen g\u00f8r. Det er her, fundamentet \u00e6ndrer oplevelsen.<\/p>\n<h2>Hvem er det til? Hvad vi kan lide, hvad vi ikke kan lide<\/h2>\n<p>Denne pakke henvender sig prim\u00e6rt til mellemliggende til avancerede brugere, prim\u00e6rt p\u00e5 pc'er, som \u00f8nsker at tage et klart skridt op fra et begynderrat eller en konventionel remdrevet base. Meget motiverede begyndere kan ogs\u00e5 finde noget, de kan lide i denne pakke, forudsat at de accepterer progressionskurven og budgettet. For en meget lejlighedsvis eller konsolorienteret spiller er det ikke det mest logiske valg.<\/p>\n<p>Det, jeg is\u00e6r kan lide, er den overordnede balance. Kraften i R12 er mere end nok til en opslugende k\u00f8retur med en god margin, f\u00f8r det bliver for meget. Den overordnede byggekvalitet er tillidsv\u00e6kkende, og det f\u00f8les som et produkt, der er klar til mange timers k\u00f8rsel. GS V2P-rattet med GT-format, magnetiske paddles og gennemt\u00e6nkte betjeningselementer giver \u00e6gte komfort p\u00e5 banen: Du har alt lige ved h\u00e5nden uden at skulle lede efter det.<\/p>\n<p>Et andet st\u00e6rkt punkt er \u00f8kosystemet. Det er et stort plus at have en base, der kan rumme andre rat fra samme m\u00e6rke, mere avancerede kranks\u00e6t, et gearskifte og en h\u00e5ndbremse. Du l\u00e5ser ikke dig selv fast i en blindgyde. S\u00e5 giver investeringen mere mening, is\u00e6r hvis du ser simracing som en langsigtet passion.<\/p>\n<p>Hvad ang\u00e5r begr\u00e6nsningerne, er det ikke den mest alsidige kombination, hvis du k\u00f8rer meget rally eller drifting: GT-rattet er stadig baneorienteret, og nogle mennesker vil foretr\u00e6kke en rundere kant. Det pc-orienterede aspekt kan ogs\u00e5 v\u00e6re frustrerende for dem, der h\u00e5ber p\u00e5 en enkel, officiel konsolintegration. Selv om man f\u00e5r meget for pengene, er der ikke tale om et \"opdagelses\"-budget: Man skal acceptere tanken om en seri\u00f8s investering i sin hobby.<\/p>\n<p>Men den opfattede v\u00e6rdi er stadig god. Du betaler for et reelt kvalitetsl\u00f8ft, ikke for et par ekstra LED'er. For en person, der bruger meget tid p\u00e5 simulationer, opvejer gevinsten i pr\u00e6cision, k\u00f8rekomfort og f\u00f8lelse hurtigt det oprindelige udl\u00e6g.<\/p>\n<h2>Bed\u00f8mmelse: en \u00e6gte drejning mod 'seri\u00f8s' simracing<\/h2>\n<p>MOZA R12 &amp; GS V2P GT-hjulpakken forvandler helt klart et set-up. Du g\u00e5r fra et hjul, der \"g\u00f8r arbejdet\", til en Direct Drive-base, der er i stand til at formidle nuancerne i bilens opf\u00f8rsel, med et sammenh\u00e6ngende og underholdende GT-hjul. Det er den slags kombination, der tager dig fra et \"racerspil\" til en oplevelse, der er meget t\u00e6ttere p\u00e5 at k\u00f8re.<\/p>\n<p>P\u00e5 markedet er det placeret i den \u00f8vre mellemklasse, i den afg\u00f8rende zone, hvor du leder efter udstyr, der er kraftigt nok til ikke at blive begr\u00e6nset, men uden at g\u00e5 til yderlighederne i ultra-premium-produkter. Det er ikke det mest ekstreme, men det er netop det, der g\u00f8r det attraktivt for de fleste seri\u00f8se gamere.<\/p>\n<p>Jeg vil anbefale det til dem, der prim\u00e6rt k\u00f8rer p\u00e5 pc, som kan lide GT, prototyper og formelbiler, og som vil have en base, der kan f\u00f8lge med deres fremskridt i flere \u00e5r. For en meget afslappet, konsolorienteret profil eller for en person, der ofte skifter platform, vil det ikke v\u00e6re det mest rationelle valg.<\/p>\n<p>Hvis du er p\u00e5 udkig efter en solid Direct Drive-pakke, der er medrivende, skalerbar og klart pr\u00e6stationsorienteret uden at g\u00e5 over gevind, kan dette produkt g\u00f8re hele forskellen for din ops\u00e6tning.<\/p>","protected":false},"excerpt":{"rendered":"<p>Denne pakke gav mig en fornemmelse af at g\u00e5 fra et \"simpelt rat\" til et seri\u00f8st k\u00f8rev\u00e6rkt\u00f8j med en klar gevinst i pr\u00e6cision, grebsafl\u00e6sning og indlevelse. Frem for alt giver det mening for mellemliggende til avancerede pc-simulatorer, der k\u00f8rer meget GT\/prototyper og \u00f8nsker en opgraderbar ops\u00e6tning. Hele pakken giver en meget solid samlet v\u00e6rdi og konsistens for dette segment.<\/p>","protected":false},"featured_media":101446,"comment_status":"open","ping_status":"closed","template":"","meta":{"_acf_changed":false,"_et_pb_use_builder":"","_et_pb_old_content":"","_et_gb_content_width":""},"product_brand":[165],"product_cat":[161],"product_tag":[149],"class_list":{"0":"post-101445","1":"product","2":"type-product","3":"status-publish","4":"has-post-thumbnail","6":"product_brand-moza-racing","7":"product_cat-volant","8":"product_tag-pc","10":"first","11":"instock","12":"shipping-taxable","13":"product-type-external"},"acf":[],"_links":{"self":[{"href":"https:\/\/simracergear.com\/da\/wp-json\/wp\/v2\/product\/101445","targetHints":{"allow":["GET"]}}],"collection":[{"href":"https:\/\/simracergear.com\/da\/wp-json\/wp\/v2\/product"}],"about":[{"href":"https:\/\/simracergear.com\/da\/wp-json\/wp\/v2\/types\/product"}],"replies":[{"embeddable":true,"href":"https:\/\/simracergear.com\/da\/wp-json\/wp\/v2\/comments?post=101445"}],"wp:featuredmedia":[{"embeddable":true,"href":"https:\/\/simracergear.com\/da\/wp-json\/wp\/v2\/media\/101446"}],"wp:attachment":[{"href":"https:\/\/simracergear.com\/da\/wp-json\/wp\/v2\/media?parent=101445"}],"wp:term":[{"taxonomy":"product_brand","embeddable":true,"href":"https:\/\/simracergear.com\/da\/wp-json\/wp\/v2\/product_brand?post=101445"},{"taxonomy":"product_cat","embeddable":true,"href":"https:\/\/simracergear.com\/da\/wp-json\/wp\/v2\/product_cat?post=101445"},{"taxonomy":"product_tag","embeddable":true,"href":"https:\/\/simracergear.com\/da\/wp-json\/wp\/v2\/product_tag?post=101445"}],"curies":[{"name":"wp","href":"https:\/\/api.w.org\/{rel}","templated":true}]}}