{"id":101532,"date":"2025-05-15T08:12:00","date_gmt":"2025-05-15T08:12:00","guid":{"rendered":"https:\/\/simracergear.com\/products\/moza-rs-v2-steering-wheel\/"},"modified":"2025-11-28T05:36:27","modified_gmt":"2025-11-28T05:36:27","slug":"moza-rs-v2-steering-wheel","status":"publish","type":"product","link":"https:\/\/simracergear.com\/da\/products\/moza-rs-v2-steering-wheel\/","title":{"rendered":"MOZA RS V2 rat"},"content":{"rendered":"<h2>MOZA RS V2-rat: et seri\u00f8st GT-rat, der tager simracing til n\u00e6ste niveau<\/h2>\n<p>MOZA RS V2 er klart positioneret som et GT-hjul i topklasse til Direct Drive-baser, designet til sim-racere, der \u00f8nsker at g\u00e5 op i pris uden at g\u00e5 ultra-premium. Det er en pr\u00e6stationsorienteret model med et GT\/udholdenhedsdesign, der henvender sig til b\u00e5de den almindelige bruger og den allerede veludstyrede virtuelle k\u00f8rer.<\/p>\n<p>Dette rat er attraktivt af tre hoved\u00e5rsager: dets meget 'professionelle' udseende, dets f\u00f8rsteklasses materialer og dets integration i MOZA-\u00f8kosystemet, som bliver stadig mere solidt. P\u00e5 papiret er dette et produkt, der lover et kvantespring i fornemmelser sammenlignet med rat p\u00e5 indgangsniveau, med avanceret ergonomi og omfattende kontrol.<\/p>\n<p>Min vinkel her er enkel: Giver RS V2 virkelig en konkret gevinst i pr\u00e6cision, komfort og gl\u00e6de p\u00e5 banen, eller er det bare endnu et smukt stykke tilbeh\u00f8r? Kan du virkelig m\u00e6rke forskellen i baner, grebsafl\u00e6sning og konsistens over flere timers k\u00f8rsel? Og frem for alt: Giver dette rat mening i dagens set-up i lyset af de mange alternativer p\u00e5 PC\/Direct Drive-markedet?<\/p>\n<h2>Design og fremstilling: et rat, der ligger godt i h\u00e5nden<\/h2>\n<p>I h\u00e5nden giver MOZA RS V2 straks et seri\u00f8st indtryk. Metalkanten indgyder tillid: Den er t\u00e6t og stiv, og der er ingen m\u00e6rkbar b\u00f8jning, n\u00e5r du holder godt fast i den eller presser den ned. Det er langt fra den hule fornemmelse af nogle af de f\u00f8rsteklasses rat med plastikramme.<\/p>\n<p>Sk\u00e6ftet, der er i l\u00e6der eller kunstl\u00e6der af god kvalitet afh\u00e6ngigt af versionen, bidrager virkelig til den f\u00f8rsteklasses fornemmelse. Grebet er fast med en tykkelse, der passer godt til mellemstore og store h\u00e6nder. Du kan k\u00f8re i lang tid uden at sp\u00e6nde i fingrene. Syningerne er rene og j\u00e6vne uden irriterende ekstra tykkelse. Det er tydeligt, at den overordnede finish er mere \"professionelt produkt\" end \"spiludstyr\".<\/p>\n<p>Knapperne og drejeknapperne f\u00f8les godt under fingrene. De klikker rent uden at v\u00e6re for h\u00e5rde. De sm\u00e5 drejeknapper giver lige pr\u00e6cis den rette m\u00e6ngde kontrol til racerindstillingerne. Du kan m\u00e6rke, at placeringen er gennemt\u00e6nkt, s\u00e5 du kan k\u00f8re uden at tage h\u00e6nderne fra rattet, og det \u00e6ndrer virkelig den m\u00e5de, du styrer bilen p\u00e5 under raceforhold.<\/p>\n<p>Koblingen og gearskifteren i metal forst\u00e6rker dette indtryk af stivhed. Klikket er t\u00f8rt, meget mekanisk og med et kort slag. Du kan tydeligt m\u00e6rke hvert gearskifte. Men nogle vil m\u00e5ske synes, at de larmer lidt, afh\u00e6ngigt af ops\u00e6tningen og omgivelserne. Det udstr\u00e5ler soliditet, men fors\u00f8ger ikke at v\u00e6re d\u00e6mpet.<\/p>\n<p>Det, der kan v\u00e6re lidt skuffende, er nogle f\u00e5 \u00e6stetiske detaljer sammenlignet med toppen af skalaen: Nogle af plastdelene omkring navet eller knapperne giver ikke det samme niveau af \"visuel luksus\" som dyre rat. Det er stadig seri\u00f8st, men ikke ultra-raffineret.<\/p>\n<p>RS V2 kan sammenlignes med lignende rat fra andre m\u00e6rker. Med hensyn til stivhed, f\u00f8lelse og kvalitet ligger det klart i den \u00f8verste ende af sin prisklasse. Det f\u00f8les som et produkt, der er designet til at holde, ikke bare til at se godt ud p\u00e5 et skrivebord.<\/p>\n<h2>Indstillinger, personalisering og kompatibilitet: et rat, der er skr\u00e6ddersyet til MOZA-\u00f8kosystemet<\/h2>\n<p>RS V2 giver perfekt mening som en del af MOZA-\u00f8kosystemet. Det bruger m\u00e6rkets egenudviklede quick release-system, som er en stor succes: Forbindelsen er hurtig og fast uden m\u00e6rkbar sl\u00f8r. N\u00e5r den er monteret p\u00e5 en MOZA-base, udg\u00f8r hele enheden en enkelt enhed, hvilket i h\u00f8j grad bidrager til den solide fornemmelse af rattet.<\/p>\n<p>Med hensyn til tilpasning kommer hovedattraktionen fra kombinationen af rattet og MOZA Pit House-softwaren. RS V2 har nok knapper, kodere og padler til at mappe alt, hvad du har brug for, til hovedsimulatoren. ABS, traction control, bremsebalance, br\u00e6ndstofblanding, radio, pit limiter: alt har sin plads. Du kan hurtigt forst\u00e5, hvad der er ved h\u00e5nden, uden at bruge timer p\u00e5 at lede efter den rigtige knap.<\/p>\n<p>MOZA's softwaremenuer er tilg\u00e6ngelige, selv hvis du ikke er en ren tekniker. De spilspecifikke forudindstillinger er meget nyttige i starten, men du kan derefter finjustere dem i henhold til dine pr\u00e6ferencer. Du kan tilpasse vibrationernes intensitet, knappernes respons og frem for alt kombinere dem med Direct Drive-basisindstillingerne for at f\u00e5 en sammenh\u00e6ngende helhed. L\u00e6ringskurven er ikke stejl: Det tager lidt tid at optimere alt, men du kan hurtigt k\u00f8re under gode forhold.<\/p>\n<p>Kompatibiliteten er helt klart rettet mod pc'en. Med en MOZA-base underst\u00f8ttes de vigtigste pc-simulationsspil. For konsoller er det mere et sp\u00f8rgsm\u00e5l om den anvendte base end om selve rattet, s\u00e5 k\u00f8b ikke denne model i h\u00e5b om universel kompatibilitet uden at tjekke resten af ops\u00e6tningen.<\/p>\n<p>RS V2 passer godt til logikken i et \u00f8kosystem i udvikling: Du kan starte med en moderat kraftfuld MOZA-base og derefter bev\u00e6ge dig op i r\u00e6kken uden at \u00e6ndre rattet. Det kan bruges som hovedrat til de fleste GT\/touring-orienterede discipliner og senere suppleres med et mere specifikt F1- eller rallyrat. Det er ikke bare et \"engangs\"-indgangspunkt, det er et element, der kan forblive i centrum af ops\u00e6tningen i lang tid.<\/p>\n<h2>Fornemmelser i spillet: pr\u00e6cision, kontrol og selvtillid, mens du spiller d\u00f8gnet rundt<\/h2>\n<p>Der, hvor MOZA RS V2 virkelig kommer til sin ret, er p\u00e5 banen, hvor den er monteret p\u00e5 m\u00e6rkets Direct Drive-chassis. Det f\u00f8rste, man l\u00e6gger m\u00e6rke til, er f\u00e6lgens pr\u00e6cision og den m\u00e5de, hvorp\u00e5 svinghjulet overf\u00f8rer variationer i drejningsmomentet. Stivheden i svinghjulets chassis forhindrer parasit\u00e6re deformationer: Det, som basen sender ud, m\u00e6rker du direkte i dine h\u00e6nder.<\/p>\n<p>I sving giver rattet en klar indikation af den belastning, der overf\u00f8res til forakslen. Ved indk\u00f8rsel kan man m\u00e6rke, n\u00e5r d\u00e6kkene begynder at arbejde, og n\u00e5r man n\u00e6rmer sig gr\u00e6nsen for vejgreb. Sammenlignet med et mere \"leget\u00f8jsagtigt\" rat eller en b\u00e6ltebase med en let f\u00e6lg er feedbacken meget tydeligere. Du forst\u00e5r hurtigere, n\u00e5r du overstyrer, n\u00e5r du bremser for sent, eller n\u00e5r du kommer lidt for optimistisk ind.<\/p>\n<p>P\u00e5 vibratorerne er f\u00f8lelsen helt klar. Sporets korte kanter giver korte, rene og velafgr\u00e6nsede vibrationer. P\u00e5 mere aggressive vibratorer f\u00f8ler du en mere massiv, mere fysisk tilbagevenden, men rattet forbliver kontrollerbart og giver ikke indtryk af at sv\u00e6ve. F\u00e6lgen vrider sig ikke, den sender bare det tilbage, som basen genererer. Det er rent. Det er her, det hele virkelig forandrer oplevelsen: F\u00e6lgene bliver et \u00e6gte k\u00f8rselssignal, ikke bare baggrundsst\u00f8j.<\/p>\n<p>Grebsafl\u00e6sning er en af vores st\u00e6rke sider. P\u00e5 en teknisk bane med en ret hurtig GT kan du m\u00e6rke mikrotab af greb, selv f\u00f8r du drejer rundt. Bagenden begynder at tabe sig, fronten bliver lidt bredere: alt g\u00e5r gennem rattet. Det giver dig ekstra plads til at man\u00f8vrere, s\u00e5 du kan korrigere tidligt i forl\u00f8bet i stedet for at skulle finde dig i det.<\/p>\n<p>N\u00e5r det g\u00e6lder hurtige korrektioner, er RS V2 en stor hj\u00e6lp. Paddlerne er godt placeret, grebet skifter ikke, og du kan lave h\u00e5rde modstyringer uden at miste kontakten med f\u00e6lgen. At have et stift, velafbalanceret rat betyder, at du kan starte og fange bilen med st\u00f8rre selvtillid. Det er lettere at turde presse gr\u00e6nsen, fordi du f\u00f8ler, at du har plads til at korrigere.<\/p>\n<p>Konsistensen er god over lange sessioner. F\u00e6lgens form og grebets tykkelse giver dig mulighed for at opretholde en stabil h\u00e5ndstilling uden overdreven tr\u00e6thed, is\u00e6r hvis basiskraften er justeret intelligent. Dette er ikke et \"tr\u00e6ttende\" rat af natur. Dine h\u00e6nder forbliver solidt plantet, og alle de vigtige knapper er let tilg\u00e6ngelige, hvilket reducerer behovet for un\u00f8dvendig manipulation.<\/p>\n<p>Sammenlignet med en pakke med en mindre kraftfuld base og et mere grundl\u00e6ggende rat er der en reel forskel i indlevelse og feedback-finesse. Alt f\u00f8les mere forbundet med bilen. Sammenlignet med meget kraftigere baser begr\u00e6nser RS V2 ikke oplevelsen: Den absorberer, den overf\u00f8rer, og den f\u00f8lger basens niveau uden at blive det svage led.<\/p>\n<p>Alt i alt leverer dette rat pr\u00e6cis det, man forventer af et godt GT-rat til Direct Drive: en klar forst\u00e5else af undervognen, pr\u00e6cis kontrol i sn\u00e6vre sekvenser og en fornemmelse, der er fin nok til at arbejde med baner og styreindgreb. Man f\u00f8ler sig hurtigt \"forbundet\" med bilen.<\/p>\n<h2>Hvem er det til? Hvad vi kan lide, hvad vi ikke kan lide<\/h2>\n<p>MOZA RS V2 er helt klart rettet mod den seri\u00f8se pc-baserede simracer, som \u00f8nsker et alsidigt og holdbart GT-hjul. For en meget motiveret nybegynder, der sigter direkte efter en Direct Drive-base, kan det v\u00e6re et fremragende udgangspunkt, forudsat at du har r\u00e5d til investeringen. For en mellemliggende bruger, der kommer fra et entry\/mid-range rat, er det en virkelig sammenh\u00e6ngende opgradering. For en erfaren k\u00f8rer, der k\u00f8rer meget GT, endurance eller touring car racing, kan det meget vel blive hans eller hendes prim\u00e6re rat.<\/p>\n<p>Det, jeg s\u00e6tter mest pris p\u00e5, er kombinationen af stivhed, fornemmelse i h\u00e5nden og de mange kontrolmuligheder. Det er et tillidsv\u00e6kkende rat, som ikke bev\u00e6ger sig, og som lader dig styre alt fra rattet. Integrationen af MOZA quick release forst\u00e6rker indtrykket af en solid helhed. Den overordnede ergonomi med velplacerede knapper og behagelige paler giver en ren k\u00f8rsel uden fiflerier eller kompromiser. Endelig giver sammenh\u00e6ngen med resten af MOZA-\u00f8kosystemet indtryk af et produkt, der er designet til at passe ind i en komplet ops\u00e6tning, ikke bare for at se godt ud.<\/p>\n<p>Der er gr\u00e6nser. \u00c5benheden over for konsoller afh\u00e6nger i h\u00f8j grad af den anvendte base, hvilket begr\u00e6nser interessen for dem, der \u00f8nsker en enkelt multiplatformsops\u00e6tning uden hovedpine. Selv om det visuelle aspekt er seri\u00f8st og vellykket, n\u00e5r det ikke op p\u00e5 samme niveau som visse premium-modeller: Sim-racere, der leder efter et ultra-luksuri\u00f8st objekt af rent \u00e6stetiske \u00e5rsager, bliver m\u00e5ske lidt skuffede. Endelig placerer prisen klart dette rat som en investering: Du kan m\u00e6rke kvaliteten, men det er ikke et \"budget\"-produkt. Du har brug for et minimum af engagement i simracing for at f\u00e5 mest muligt ud af det.<\/p>\n<p>Med hensyn til oplevet v\u00e6rdi forsvarer RS V2 sig meget godt. Du betaler en vis pris, men du f\u00e5r et rat, der kan forblive i centrum af din ops\u00e6tning i flere \u00e5r, holde trit med v\u00e6ksten i basen og d\u00e6kke de fleste lukkede bilorienterede discipliner. For en sim-racer, der ser sit setup som en progressiv investering, er det et sammenh\u00e6ngende valg.<\/p>\n<h2>Bed\u00f8mmelse: et solidt, konsekvent GT-rat, der er bygget til at holde<\/h2>\n<p>MOZA RS V2 g\u00f8r en reel forskel for f\u00f8lelsen af et setup, s\u00e5 snart du bev\u00e6ger dig v\u00e6k fra simple eller lidt \"leget\u00f8js\"-rattet. Det giver \u00e6gte f\u00e6lgstivhed, et seri\u00f8st greb og et s\u00e6t kontroller, der er komplette nok til at h\u00e5ndtere en moderne sim-racerbil uden kompromis. Du g\u00e5r fra en uj\u00e6vn k\u00f8rsel til en finere, klarere og mere engageret k\u00f8rsel.<\/p>\n<p>P\u00e5 dagens marked vil jeg placere det i det \u00f8vre mellemklasse\/tidlige premium-segment for Direct Drive GT-hjul. Det er ikke et stykke leget\u00f8j eller et ultra-sj\u00e6ldent samlerobjekt, men et gennemf\u00f8rt simracing-v\u00e6rkt\u00f8j, der er designet til regelm\u00e6ssig, kr\u00e6vende brug.<\/p>\n<p>Jeg vil is\u00e6r anbefale det til pc-brugere, der er udstyret (eller snart bliver udstyret) med en MOZA-base, som prim\u00e6rt k\u00f8rer GT-, touring- eller endurance-biler, og som \u00f8nsker et seri\u00f8st, holdbart hovedhjul. For en ren konsolspiller eller for en person, der leder efter den bredest mulige kompatibilitet uden at stille sp\u00f8rgsm\u00e5l, er der mere universelle muligheder, selv om de ikke tilbyder de samme rene fornemmelser.<\/p>\n<p>Hvis du er p\u00e5 udkig efter et GT-rat, der er stift, veludf\u00f8rt, ligger godt i h\u00e5nden og er i stand til at udnytte en MOZA Direct Drive-base fuldt ud, kan dette produkt helt klart g\u00f8re en forskel i dit setup.<\/p>","protected":false},"excerpt":{"rendered":"<p>Dette rat gav mig f\u00f8lelsen af virkelig at \"l\u00e5se\" bilens fornemmelse: mere finesse i grebet, mere selvtillid i korrektionerne og en renere k\u00f8rsel generelt. Frem for alt giver det mening for pc-sim-racere, der allerede er engagerede (eller motiverede) i en MOZA-base, og som \u00f8nsker et seri\u00f8st og holdbart GT-hovedrat. Med hensyn til den samlede v\u00e6rdi er det en sammenh\u00e6ngende investering snarere end et indfald.<\/p>","protected":false},"featured_media":101533,"comment_status":"open","ping_status":"closed","template":"","meta":{"_acf_changed":false,"_et_pb_use_builder":"","_et_pb_old_content":"","_et_gb_content_width":""},"product_brand":[165],"product_cat":[156],"product_tag":[149],"class_list":{"0":"post-101532","1":"product","2":"type-product","3":"status-publish","4":"has-post-thumbnail","6":"product_brand-moza-racing","7":"product_cat-roue-de-volant","8":"product_tag-pc","10":"first","11":"instock","12":"shipping-taxable","13":"product-type-external"},"acf":[],"_links":{"self":[{"href":"https:\/\/simracergear.com\/da\/wp-json\/wp\/v2\/product\/101532","targetHints":{"allow":["GET"]}}],"collection":[{"href":"https:\/\/simracergear.com\/da\/wp-json\/wp\/v2\/product"}],"about":[{"href":"https:\/\/simracergear.com\/da\/wp-json\/wp\/v2\/types\/product"}],"replies":[{"embeddable":true,"href":"https:\/\/simracergear.com\/da\/wp-json\/wp\/v2\/comments?post=101532"}],"wp:featuredmedia":[{"embeddable":true,"href":"https:\/\/simracergear.com\/da\/wp-json\/wp\/v2\/media\/101533"}],"wp:attachment":[{"href":"https:\/\/simracergear.com\/da\/wp-json\/wp\/v2\/media?parent=101532"}],"wp:term":[{"taxonomy":"product_brand","embeddable":true,"href":"https:\/\/simracergear.com\/da\/wp-json\/wp\/v2\/product_brand?post=101532"},{"taxonomy":"product_cat","embeddable":true,"href":"https:\/\/simracergear.com\/da\/wp-json\/wp\/v2\/product_cat?post=101532"},{"taxonomy":"product_tag","embeddable":true,"href":"https:\/\/simracergear.com\/da\/wp-json\/wp\/v2\/product_tag?post=101532"}],"curies":[{"name":"wp","href":"https:\/\/api.w.org\/{rel}","templated":true}]}}