{"id":101537,"date":"2025-05-15T08:13:00","date_gmt":"2025-05-15T08:13:00","guid":{"rendered":"https:\/\/simracergear.com\/products\/moza-sgp-sequential-shifter\/"},"modified":"2025-11-28T05:53:30","modified_gmt":"2025-11-28T05:53:30","slug":"moza-sgp-sequential-shifter","status":"publish","type":"product","link":"https:\/\/simracergear.com\/da\/products\/moza-sgp-sequential-shifter\/","title":{"rendered":"MOZA SGP sekventiel gearskifter"},"content":{"rendered":"<p>I simracing-verdenen er sekventielle gearskiftere stadig en rigtig guilty pleasure. De er ikke uundv\u00e6rlige for alle, men de kan \u00e6ndre k\u00f8reoplevelsen fuldst\u00e6ndigt, is\u00e6r p\u00e5 rallyer, old-school GT'er eller visse prototyper. MOZA SGP Sequential Shifter befinder sig netop i denne niche: et kompakt, robust sekventielt gearskifte, der er designet til simracerk\u00f8rere, som \u00f8nsker enkle, mekaniske gearskift med tilstr\u00e6kkelig justering til at passe til deres vaner.<\/p>\n<p>Denne model kommer ind i et allerede travlt segment mellem de lidt 'hule' entry-level skiftere og de ofte meget dyre ultra-premium monstre. Ideen bag SGP er at tilbyde en seri\u00f8s fornemmelse, et \u00e6gte mekanisk indtryk, samtidig med at den er tilg\u00e6ngelig for s\u00e5 mange mennesker som muligt og godt integreret i MOZA-\u00f8kosystemet.<\/p>\n<p>Mit sp\u00f8rgsm\u00e5l er enkelt: Bidrager dette gearskifte virkelig til f\u00f8lelsen, pr\u00e6cisionen og gl\u00e6den ved at k\u00f8re sammenlignet med mere grundl\u00e6ggende l\u00f8sninger? Holder den over tid, og forbliver den konsistent i en ops\u00e6tning, der kan udvikle sig? Det var det, jeg satte mig for at vurdere med fokus p\u00e5 f\u00f8lelse, ergonomi, byggekvalitet og kompatibilitet med forskellige spillerprofiler.<\/p>\n<h2>Design og fremstilling af MOZA SGP Sequential Shifter<\/h2>\n<p>I h\u00e5nden giver MOZA SGP et umiddelbart indtryk af t\u00e6thed. Kroppen er hovedsageligt af metal med en struktur, der udstr\u00e5ler stivhed. Det er nemt at m\u00e6rke, at man kan tr\u00e6kke i den uden at bekymre sig om for tidligt spil eller akavet b\u00f8jning. Samlingerne er p\u00e6ne og ryddelige uden synlige grater eller ru kanter.<\/p>\n<p>Selve grebet har en kort til mellemlang vandring med meget udtalt modstand. Det er langt fra den \"leget\u00f8jsfornemmelse\", som nogle low-end gearskiftere har. Gearskiftet sker med et pr\u00e6cist mekanisk klik, der ledsages af en ret t\u00f8r fysisk feedback. Du kan h\u00f8re og m\u00e6rke gearskiftet, hvilket er pr\u00e6cis, hvad de fleste sim-racere forventer af et sekventielt gearskifte. Du forst\u00e5r med det samme, hvad du g\u00f8r med din h\u00e5nd.<\/p>\n<p>Knoppen er nogenlunde gennemsnitlig: den rigtige st\u00f8rrelse, den rigtige form, hverken for let eller for tung. Grebet forbliver behageligt selv under lange sessioner. Den kan ikke konkurrere med en ultra-massiv, top-of-the-range fuldmetal-skifter, men den har stadig en klar premium-f\u00f8lelse for sit segment.<\/p>\n<p>Det, der overrasker, er dens samlede kompakthed. SGP er ikke k\u00e6mpestor og kan nemt monteres i et cockpit uden at optage al pladsen p\u00e5 siderne. P\u00e5 den anden side kan de, der kan lide meget lange h\u00e5ndtag i stil med en gammeldags rallybil, synes, at det originale skaft er lidt kort. Heldigvis kan du tilpasse den ved at \u00e6ndre knappen eller justere beslagets position.<\/p>\n<p>Den st\u00f8rste skuffelse for mig kommer fra nogle f\u00e5 \u00e6stetiske detaljer. Designet er rent, men ret industrielt, uden nogen egentlig personlighed. Det er funktionelt, effektivt, men lidt koldt. I brug er det ikke et problem, men med et meget velpoleret cockpit ville nogle af konkurrenternes mere visuelt \"racende\" modeller m\u00e5ske virke mere tiltr\u00e6kkende.<\/p>\n<p>Sammenlignet med sekventielle gearskiftere af plast eller med lidt metal er SGP helt klart i en anden liga med hensyn til stivhed og f\u00f8lelse. Sammenlignet med f\u00f8rsteklasses gearskiftere i fuldt bearbejdet st\u00e5l er det et skridt nedad med hensyn til ren \"massivitet\", men prisforskellen er ogs\u00e5 m\u00e6rkbar. Med hensyn til oplevet kvalitet\/pris ligger den i en meget god position.<\/p>\n<h2>Indstillinger, tilpasning og kompatibilitet<\/h2>\n<p>MOZA SGP er stadig enkel at h\u00e5ndtere, men tilbyder nok indstillinger til at tilfredsstille selv de mest kr\u00e6vende brugere. Sagens kerne er den kraft, der kr\u00e6ves for at skifte op og ned, og den generelle f\u00f8lelse af det mekaniske klik. Skifteren giver dig mulighed for at justere h\u00e5rdheden, hvilket virkelig \u00e6ndrer h\u00e5ndtagets personlighed. Ved at lege med det kan du g\u00e5 fra en relativt let og hurtig fornemmelse til noget mere fysisk, t\u00e6ttere p\u00e5 et virkelig st\u00e6rkt rallyh\u00e5ndtag.<\/p>\n<p>Indl\u00e6ringskurven er kort. N\u00e5r den er tilsluttet og kalibreret, forst\u00e5r man hurtigt, hvordan den reagerer. De fleste brugere beh\u00f8ver ikke at bruge timer i menuerne for at f\u00e5 en tilfredsstillende indstilling. Bare juster fastheden, test den p\u00e5 to eller tre biler, s\u00e5 finder du et godt kompromis. Der er ikke s\u00e5 mange muligheder, men dem, der er, er virkelig nyttige.<\/p>\n<p>Med hensyn til kompatibilitet er SGP prim\u00e6rt designet til pc'er. Den er integreret i MOZA-\u00f8kosystemet og underst\u00f8ttes direkte af brandets software med \u00f8jeblikkelig genkendelse og centraliseret konfiguration. Det er her, oplevelsen er mest flydende: en enkelt softwarehub, alt er grupperet sammen, og skifteren opf\u00f8rer sig som et indbygget element i systemet.<\/p>\n<p>P\u00e5 konsoller afh\u00e6nger situationen helt klart af resten af ops\u00e6tningen. SGP er ikke et universelt \"plug and play\"-udstyr til alle konsoller. Du skal bruge et kompatibelt \u00f8kosystem, eller du skal bruge producentens grundl\u00e6ggende styringssystem. Det er et punkt, du skal tjekke, f\u00f8r du k\u00f8ber, hvis du prim\u00e6rt spiller p\u00e5 konsoller.<\/p>\n<p>Montering p\u00e5 et cockpit er klassisk: sidemontering, standardskruer og -bolte og h\u00f8jde- og rekyljustering via beslaget. Skifteren er stiv nok til at t\u00e5le en let forskudt montering, s\u00e5 l\u00e6nge cockpitstrukturen er kompatibel. Skifteren er nem at opgradere: Du kan starte med den i en mellemops\u00e6tning og beholde den, n\u00e5r du bev\u00e6ger dig op i intervallet p\u00e5 resten (kraftigere Direct Drive-k\u00e6destag, load cell-kranks\u00e6t osv.). Den f\u00f8les ikke \"begr\u00e6nset\" i forhold til mere seri\u00f8st udstyr omkring den.<\/p>\n<h2>MOZA SGP Sequential Shifter: fornemmelser i spil<\/h2>\n<p>Kernen i oplevelsen er naturligvis, hvordan det f\u00f8les at spille. Fra de allerf\u00f8rste minutter er det, der skiller sig ud, klarheden i den mekaniske feedback. Ved hver passage er der et tydeligt klik, ledsaget af en ret fast elastisk feedback. Man er aldrig i tvivl: Gearet er skiftet, man f\u00f8ler det, man h\u00f8rer det, man ved det. Hvor nogle gearskiftere f\u00f8les lidt uklare, er SGP meget ligetil.<\/p>\n<p>I sving, is\u00e6r p\u00e5 tekniske baner med mange hurtige gearskift, forbliver gearstangen konstant. Du kan f\u00f8lge op- og nedgearinger uden at k\u00e6mpe mod h\u00e5ndtaget. Den n\u00f8dvendige kraft forbliver stabil uden m\u00e6rkelige variationer, selv efter lange sessioner. Det f\u00f8les, som om du rammer et veldefineret stop, hvilket hj\u00e6lper dig med at holde et godt tempo uden at t\u00e6nke for meget over det.<\/p>\n<p>Grebet afl\u00e6ses naturligvis via rattet og FFB'en, men gearstangen tilf\u00f8jer sit eget lag af fordybelse. Ved et rally eller p\u00e5 en bil, der er lidt nerv\u00f8s, forst\u00e6rker et h\u00e5ndtag, der klikker, virkelig opfattelsen af belastnings\u00e6ndringer. Du er mere tilb\u00f8jelig til at f\u00f8lge bilen med din h\u00f8jre h\u00e5nd, is\u00e6r ved udk\u00f8rsler, hvor hvert gear t\u00e6ller. Det er ikke FFB i egentlig forstand, men det er taktil information, der supplerer det, du f\u00e5r fra rattet.<\/p>\n<p>P\u00e5 vibratorerne afh\u00e6nger oplevelsen hovedsageligt af chassiset og rattet, men SGP'en hj\u00e6lper med at bevare kontrollen under hurtige korrektioner. N\u00e5r du er lidt sidel\u00e6ns og skal korrigere med rattet, mens du skifter gear, lader h\u00e5ndtaget sig ikke overraske. Det bev\u00e6ger sig ikke sidel\u00e6ns, vibrerer ikke p\u00e5 en irriterende m\u00e5de og forts\u00e6tter med at yde den samme modstand. Man f\u00e5r ikke den til tider irriterende fornemmelse af, at h\u00e5ndtaget sm\u00e6kker i alle retninger, n\u00e5r cockpittet rystes.<\/p>\n<p>Over lange sessioner er konsistens en virkelig styrke. F\u00f8lelsen forringes ikke, mekanikken forbliver stabil, og tr\u00e6theden i h\u00e5nden forbliver rimelig, forudsat at du ikke indstiller h\u00e5rdheden til maksimum. Med en mellemindstilling kan du bevare den fysiske, fordybende fornemmelse uden at br\u00e6kke underarmen efter en time. For dem, der kan lide deres fornemmelser virkelig r\u00e5, vil maksimal h\u00e5rdhed give en meget \"engageret\" fornemmelse, men du m\u00e5 acceptere, at det er mere tr\u00e6ttende.<\/p>\n<p>Sammenlignet med en lettere sekventiel gearskifter, som ofte er lavet af plastik eller har en forenklet kinematik, er gevinsten i form af pr\u00e6cision og gl\u00e6de enorm. Du g\u00e5r fra at \"klikke p\u00e5 en knap, der ligner et h\u00e5ndtag\" til at \"manipulere en \u00e6gte mekanisk del\". Forskellen er sl\u00e5ende fra de allerf\u00f8rste minutter. Sammenlignet med en topklasse-skifter med endnu tungere mekanik og overdimensionerede komponenter er SGP lidt klogere med mindre ekstrem feedback. Men for mange spillere vil dette kompromis v\u00e6re mere behageligt i dagligdagen.<\/p>\n<p>N\u00e5r det g\u00e6lder den generelle indlevelse, opfylder MOZA SGP alle de vigtige krav: Du f\u00f8ler dig forbundet med bilen, overgangene er engagerende uden at straffe, og tilliden kommer hurtigt. Du t\u00f8r bremse senere eller g\u00e5 ned i to gear i tr\u00e6k, n\u00e5r du k\u00f8rer ind i et sving, samtidig med at du bevarer kontrollen. Det er her, dette gearskifte virkelig \u00e6ndrer oplevelsen: Det giver dig lyst til at k\u00f8re mere \"p\u00e5 den gammeldags m\u00e5de\", hvor du betjener bilen med h\u00e5ndtaget.<\/p>\n<h2>Hvem er det til? Styrker og svagheder<\/h2>\n<p>MOZA SGP Sequential Shifter henvender sig prim\u00e6rt til motiverede sim-racere, fra let \u00f8vede til avancerede spillere, som prim\u00e6rt k\u00f8rer p\u00e5 pc og \u00f8nsker at tilf\u00f8je en rigtig sekventiel til deres ops\u00e6tning. For en nybegynder kan det v\u00e6re en sekund\u00e6r periferiudstyr efter basen og pedalerne, men for en person, der begynder at specialisere sig i rally, touring car eller retro GT, giver det perfekt mening.<\/p>\n<p>Blandt de positive punkter, der klart skiller sig ud, er den opfattede byggekvalitet \u00f8verst p\u00e5 listen. Blandingen af metal, strukturens stivhed og frav\u00e6ret af reelt spil i h\u00e5ndtaget giver et \u00e6gte indtryk af seri\u00f8sitet. Den mekaniske fornemmelse med sit rene klik og faste feedback er et stort plus med hensyn til fordybelse sammenlignet med l\u00f8sninger p\u00e5 indgangsniveau. Endelig g\u00f8r justeringsmulighederne for h\u00e5rdhed det nemt at tilpasse f\u00f8lelsen til din k\u00f8restil og disciplin, hvilket i h\u00f8j grad udvider den potentielle m\u00e5lgruppe.<\/p>\n<p>P\u00e5 den anden side er der en r\u00e6kke begr\u00e6nsninger, der er v\u00e6rd at bem\u00e6rke. Konsolkompatibiliteten er ikke universel og afh\u00e6nger virkelig af resten af hardwaren, hvilket reducerer interessen for dem, der hovedsageligt spiller p\u00e5 konsoller uden et passende MOZA-\u00f8kosystem. Designet, der er effektivt, men ret n\u00f8gternt, mangler lidt karakter for entusiaster, der \u00f8nsker et visuelt meget 'racing'-cockpit med en stor i\u00f8jnefaldende del. Endelig kan vandringen og h\u00f8jden p\u00e5 det originale h\u00e5ndtag virke lidt fjollet for dem, der leder efter en ultraradikal oplevelse, som et meget langt rallyh\u00e5ndtag: Du kan justere det via samlingen, men originalen er stadig relativt kompakt.<\/p>\n<p>Med hensyn til investering giver SGP god v\u00e6rdi for pengene for en seri\u00f8s simracer. Det er ikke en gadget, det er en rigtig k\u00f8reperiferi, der kan ledsage en fremadskridende ops\u00e6tning. Den opfattede v\u00e6rdi stemmer overens med konstruktionen og f\u00f8lelsen. Man f\u00e5r ikke indtryk af, at man bare betaler for et logo, men for en del, der tilf\u00f8jer en ekstra dimension til k\u00f8reoplevelsen.<\/p>\n<h2>Dommen: Skal du v\u00e6lge MOZA SGP Sequential Shifter?<\/h2>\n<p>I et simracing-setup tilf\u00f8jer MOZA SGP Sequential Shifter en klart sanseorienteret brik. Det erstatter ikke et godt kranks\u00e6t eller et godt k\u00e6destag, men det forandrer den m\u00e5de, du k\u00f8rer p\u00e5 i visse discipliner. Vi bev\u00e6ger os v\u00e6k fra en n\u00e6sten udelukkende brug af paddles til en mere fysisk, mere engageret k\u00f8restil, som \u00e6ndrer vores forhold til bilen.<\/p>\n<p>P\u00e5 markedet er den positioneret som en solid mellemklassemodel med en fod i 'entusiastverdenen' uden at spr\u00e6nge budgetterne. Den er mere seri\u00f8s end en entry-level shifter, men mindre ekstrem end en ultra-premium-model, og den sigter efter en balance mellem tilg\u00e6ngelighed, kvalitet og r\u00e5 forn\u00f8jelse. Til en pc-centreret ops\u00e6tning, is\u00e6r hvis du allerede er i MOZA-\u00f8kosystemet, bliver det hurtigt et meget sammenh\u00e6ngende valg.<\/p>\n<p>Jeg vil klart anbefale det til sim-racere, der k\u00f8rer regelm\u00e6ssigt, kan lide rallyer, touring cars og vintage GT'er, og som vil have et h\u00e5ndtag, der tilf\u00f8jer \u00e6gte mekanisk v\u00e6rdi uden at foretage en k\u00e6mpe investering. For den lejlighedsvise konsolspiller eller en person, der n\u00e6sten aldrig lader padlerne sidde ved rattet, vil det ikke v\u00e6re en prioritet.<\/p>\n<p>Hvis du er p\u00e5 udkig efter et kompakt, robust sekventielt gearskifte med en \u00e6gte mekanisk fornemmelse og masser af plads til forbedringer i dit setup, kan MOZA SGP Sequential Shifter g\u00f8re hele forskellen.<\/p>","protected":false},"excerpt":{"rendered":"<p>Denne shifter gav mig en mere fysisk og involveret k\u00f8reoplevelse, is\u00e6r i rally og retro GT, med et reelt plus i klarheden af gearskift. Det giver mening for almindelige pc-sim-racere, der allerede er ordentligt udstyret og \u00f8nsker at tilf\u00f8je et lag af mekanisk fordybelse. Det er en rimelig investering i en ops\u00e6tning, der er p\u00e5 vej op.<\/p>","protected":false},"featured_media":101538,"comment_status":"open","ping_status":"closed","template":"","meta":{"_acf_changed":false,"_et_pb_use_builder":"","_et_pb_old_content":"","_et_gb_content_width":""},"product_brand":[165],"product_cat":[152],"product_tag":[149],"class_list":{"0":"post-101537","1":"product","2":"type-product","3":"status-publish","4":"has-post-thumbnail","6":"product_brand-moza-racing","7":"product_cat-levier-de-vitesse","8":"product_tag-pc","10":"first","11":"instock","12":"shipping-taxable","13":"product-type-external"},"acf":[],"_links":{"self":[{"href":"https:\/\/simracergear.com\/da\/wp-json\/wp\/v2\/product\/101537","targetHints":{"allow":["GET"]}}],"collection":[{"href":"https:\/\/simracergear.com\/da\/wp-json\/wp\/v2\/product"}],"about":[{"href":"https:\/\/simracergear.com\/da\/wp-json\/wp\/v2\/types\/product"}],"replies":[{"embeddable":true,"href":"https:\/\/simracergear.com\/da\/wp-json\/wp\/v2\/comments?post=101537"}],"wp:featuredmedia":[{"embeddable":true,"href":"https:\/\/simracergear.com\/da\/wp-json\/wp\/v2\/media\/101538"}],"wp:attachment":[{"href":"https:\/\/simracergear.com\/da\/wp-json\/wp\/v2\/media?parent=101537"}],"wp:term":[{"taxonomy":"product_brand","embeddable":true,"href":"https:\/\/simracergear.com\/da\/wp-json\/wp\/v2\/product_brand?post=101537"},{"taxonomy":"product_cat","embeddable":true,"href":"https:\/\/simracergear.com\/da\/wp-json\/wp\/v2\/product_cat?post=101537"},{"taxonomy":"product_tag","embeddable":true,"href":"https:\/\/simracergear.com\/da\/wp-json\/wp\/v2\/product_tag?post=101537"}],"curies":[{"name":"wp","href":"https:\/\/api.w.org\/{rel}","templated":true}]}}