{"id":101563,"date":"2025-05-15T08:13:00","date_gmt":"2025-05-15T08:13:00","guid":{"rendered":"https:\/\/simracergear.com\/products\/moza-sr-p-pedal\/"},"modified":"2025-11-28T05:55:41","modified_gmt":"2025-11-28T05:55:41","slug":"moza-sr-p-pedal","status":"publish","type":"product","link":"https:\/\/simracergear.com\/da\/products\/moza-sr-p-pedal\/","title":{"rendered":"MOZA SR-P-pedal"},"content":{"rendered":"<p>I en verden af 'budget'-kranks\u00e6t til simracing har MOZA SR-P hurtigt etableret sig som en meget synlig mulighed. Det er helt klart et kranks\u00e6t, der er designet til at ledsage basisudstyr i mellemklassen med et enkelt m\u00e5l: at skifte til load-cell-bremsning uden at spr\u00e6nge budgettet. Det er rettet mod simracere, der \u00f8nsker at tage et reelt skridt fremad i pr\u00e6cision uden at kaste sig ud i topmodeller af kranks\u00e6t i metal til stratosf\u00e6riske priser.<\/p>\n<p>P\u00e5 papiret lover SR-P mere konsekvent bremsning, en mere realistisk f\u00f8lelse end simple positionssensorer og nok justeringsmuligheder til at passe til b\u00e5de den seri\u00f8se casual gamer og den virtuelle k\u00f8rer, der bruger time efter time i ligaen. Min vinkel her er enkel: Giver den virkelig bedre kontrol over bilen, bremser senere og mere regelm\u00e6ssigt, samtidig med at den forbliver forn\u00f8jelig og tilstr\u00e6kkelig modul\u00e6r til en hjemmeops\u00e6tning eller et mere seri\u00f8st cockpit?<\/p>\n<p>Et andet vigtigt punkt: MOZA g\u00e5r videre med sit komplette \u00f8kosystem (rat, k\u00e6destag, pedaler, software). SR-P er m\u00e6rkets \"seri\u00f8se\" indgang til pedaler. S\u00e5 den skal v\u00e6re trov\u00e6rdig nok til intensiv brug, samtidig med at den skal v\u00e6re tilg\u00e6ngelig med hensyn til montering, indstillinger og kompatibilitet. Det var pr\u00e6cis det, jeg satte mig for at vurdere: F\u00f8lelsen under f\u00f8dderne, den overordnede konsistens og den reelle v\u00e6rdi i en moderne ops\u00e6tning.<\/p>\n<h2>Design og fremstilling<\/h2>\n<p>MOZA SR-P har et seri\u00f8st udseende. Det hele er lavet af metal med en ret tyk, sk\u00e5ret og b\u00f8jet st\u00e5lpladekonstruktion, der giver det rigtige indtryk af stivhed i forhold til serien. Basen er bred, pedalerne er monteret p\u00e5 en \"plade\"-struktur med forst\u00e6rkninger, og det f\u00f8les, som om den er designet til at blive boltet fast p\u00e5 et cockpit eller i det mindste placeret p\u00e5 en skridsikker plade. I h\u00e5nden indgyder delene mere selvtillid end de fleste plastik-kranks\u00e6t p\u00e5 begynderniveau.<\/p>\n<p>Selve pedalerne har et ret industrielt design. Det er ikke en avanceret bearbejdet aluminiumsplade, men finishen er ren og ensartet uden irriterende grater. Overfladerne er let strukturerede, malingen virker modstandsdygtig, og det hele har ikke den der \"leget\u00f8js\"-fornemmelse, som man finder p\u00e5 nogle af de billigere konkurrents\u00e6t. N\u00e5r du trykker h\u00e5rdt, b\u00f8jer det ikke i alle retninger. Der er en f\u00f8lelse af t\u00e6thed og et minimum af mekanisk p\u00e5lidelighed.<\/p>\n<p>Det, der overrasker, er den generelle f\u00f8lelse af robusthed i forhold til prisen. Du er ikke bange for at tr\u00e6de p\u00e5 bremsen ved h\u00e5rde opbremsninger. Kranks\u00e6ttet f\u00f8les ikke, som om det vil b\u00f8je under h\u00e5rd opbremsning. P\u00e5 dette prisniveau er det et stort plus. Den langsigtede holdbarhed m\u00e5 vise sig, men materialevalget og monteringstypen er mere tillidsv\u00e6kkende end rene plastl\u00f8sninger.<\/p>\n<p>Det, der er lidt skuffende, er det lidt \"metalpladeagtige\", meget kantede udseende, der er mindre eksklusivt end kranks\u00e6t i st\u00f8bt eller bearbejdet aluminium, som man finder i mellem- og topsegmentet. Der er en klar mangel p\u00e5 \"luksus\" og raffinement i forhold til dyrere pedaler, b\u00e5de hvad ang\u00e5r finessen i de mekaniske justeringer og det visuelle udseende. Den grundl\u00e6ggende fornemmelse for vandring og progressivitet kan ogs\u00e5 virke lidt primitiv sammenlignet med dyrere modeller, men vi er i en anden prisklasse, hvilket s\u00e6tter tingene i perspektiv.<\/p>\n<h2>Indstillinger, tilpasning og kompatibilitet<\/h2>\n<p>MOZA SR-P er positioneret som et prisbilligt kranks\u00e6t, der er v\u00e6rdigt for en simracer, der virkelig \u00f8nsker at finjustere sin f\u00f8lelse. De mekaniske justeringer er grundl\u00e6ggende, men nyttige: pedalstilling, vinkel og h\u00e5rdhed via fjedre og elastomerer (afh\u00e6ngigt af version og montering). Vi taler ikke om ultratilpasning af et konkurrencekranks\u00e6t, men der er nok til at tilpasse ergonomien til et GT-cockpit eller en lidt mere F1-position og frem for alt til at justere bremseh\u00e5rdheden.<\/p>\n<p>Hvad ang\u00e5r softwaren, s\u00e5 foreg\u00e5r det hele i MOZA Pit House-softwaren. Interfacet er ret ligetil og giver dig mulighed for at kalibrere de tre pedaler og justere responskurver og d\u00f8de zoner. Det er her, SR-P virkelig kommer til sin ret. Du kan f.eks. g\u00f8re gash\u00e5ndtaget mere progressivt i den f\u00f8rste del af slaget for at f\u00e5 en bedre dosering ved udk\u00f8rslen eller g\u00f8re starten af bremsningen n\u00e6sten h\u00e5rdere. Indl\u00e6ringskurven er rimelig: Du f\u00e5r ret hurtigt styr p\u00e5 det, selv om du ikke er ekspert, s\u00e5 l\u00e6nge du tager dig tid til at teste det og finjustere det.<\/p>\n<p>Kompatibiliteten er hovedsageligt pc-orienteret med problemfri integration i MOZA-\u00f8kosystemet. N\u00e5r pedalboardet er tilsluttet en pc, genkendes det nemt, og popul\u00e6re simulationsspil registrerer det korrekt. P\u00e5 en konsol afh\u00e6nger situationen meget af resten af hardwaren: Brugt alene i direkte USB kan det v\u00e6re begr\u00e6nset eller kompliceret, og du bliver ofte n\u00f8dt til at g\u00e5 gennem den kompatible MOZA-base eller et andet mellemled. SR-P er virkelig designet som en pc-ops\u00e6tningsklods f\u00f8rst og fremmest.<\/p>\n<p>Med hensyn til \u00f8kosystem passer den godt sammen med MOZA-baser og -hjul, men den kan ogs\u00e5 tilpasses en blandet ops\u00e6tning med andre m\u00e6rker, s\u00e5 l\u00e6nge pc'en genkender periferienheden, og cockpittet har de passende huller eller en universalplade. Som indgangsvinkel er den konsekvent: Du kan starte med den i en mellemklasseops\u00e6tning og beholde den i lang tid, selv om du opgraderer basen og rattet. Det er ikke et rent midlertidigt produkt eller et engangsprodukt.<\/p>\n<h2>Fornemmelser p\u00e5 spil<\/h2>\n<p>Det vigtigste ved MOZA SR-P er naturligvis, hvordan den f\u00f8les p\u00e5 banen, is\u00e6r n\u00e5r det g\u00e6lder bremsning. At skifte til en vejecelle \u00e6ndrer klart den m\u00e5de, du k\u00f8rer p\u00e5, sammenlignet med et simpelt kranks\u00e6t med positionssensor. Her bremser vi virkelig i henhold til den kraft, der anvendes p\u00e5 pedalen, ikke den tilbagelagte afstand. Det umiddelbare resultat: Bremsepunkterne bliver mere gentagelige, doseringen ved indgangen til et sving er mere pr\u00e6cis, og det er nemmere at forudse, at hjulene l\u00e5ser.<\/p>\n<p>P\u00e5 banen, hvor pedalerne virkelig skiller sig ud, er i faserne med h\u00e5rd opbremsning og gradvis frig\u00f8relse. Du kan placere bilen i en lige linje og derefter slippe trykket ved at f\u00f8lge, hvad du f\u00f8ler i rattet, og hvad du ser p\u00e5 sk\u00e6rmen, uden at du f\u00e5r indtryk af en \"sl\u00f8ret d\u00f8d zone\" midt i l\u00f8bet. Du begynder virkelig at \"lege\" med trykket fra din fod i stedet for med din ankels position. Du forst\u00e5r pludselig, hvor du befinder dig i bremseomr\u00e5det.<\/p>\n<p>Grebsm\u00e5linger har stor gavn af denne tilgang. N\u00e5r d\u00e6kkene begynder at blive m\u00e6ttede, er det lettere at m\u00e6rke, hvorn\u00e5r det er tid til at sl\u00e6kke lidt p\u00e5 farten. Kombineret med et korrekt rat kan du bedre afl\u00e6se gr\u00e6nsen. Kranks\u00e6ttet i sig selv genererer naturligvis ikke force feedback, men dets linearitet og forholdet mellem anvendt kraft og bremsekraft g\u00f8r disse faser meget mere naturlige. Der er mindre af en \"alt eller intet\"-f\u00f8lelse end med nogle kranks\u00e6t p\u00e5 indgangsniveau.<\/p>\n<p>P\u00e5 vibratorerne er p\u00e5virkningen indirekte, men reel. En velovervejet opbremsning giver dig mulighed for at komme mere rent ind i de aggressive strenge, uden at bilen hopper for meget. Du kan tillade dig at bremse lidt senere og stadig have en vis modulationsmargin til sidst. Det er her, SR-P giver dig f\u00f8lelsen af, at du sparer omgangstid. Du er mere dristig, fordi du har pedalen til at indhente det fors\u00f8mte, hvis bilen begynder at blive ustabil.<\/p>\n<p>Ved hurtige korrektioner ses den st\u00f8rste fordel, n\u00e5r du tager gash\u00e5ndtaget op igen. SR-P's gash\u00e5ndtag er rimeligt progressivt, men heller ikke perfekt. Du kan finjustere gash\u00e5ndtaget, n\u00e5r du k\u00f8rer ud af et sving, is\u00e6r efter at have justeret kurven i softwaren. Det forandrer ikke k\u00f8reoplevelsen p\u00e5 samme m\u00e5de som bremsningen, men du kan m\u00e6rke en \u00f8get finesse sammenlignet med et meget grundl\u00e6ggende kranks\u00e6t. Korrektioner p\u00e5 v\u00e5de spor eller med kraftigt baghjulstr\u00e6k bliver mere h\u00e5ndterbare.<\/p>\n<p>Over lange sessioner er konsistensen generelt god. Bremsen \u00e6ndrer ikke adf\u00e6rd, den n\u00f8dvendige kraft forbliver konstant, og tr\u00e6theden kommer hovedsageligt fra rytteren, ikke fra udstyret. Hvis du indstiller bremsen meget h\u00e5rdt, kan benet blive tr\u00e6t, men det er princippet i vejecellebremsen: Du arbejder mere med quadriceps. Med en lidt mere moderat indstilling finder man en god balance mellem realisme og komfort. Kranks\u00e6ttets mekaniske stabilitet bidrager ogs\u00e5 til denne konsistens, s\u00e5 l\u00e6nge det er korrekt fastgjort.<\/p>\n<p>Sammenlignet med et kranks\u00e6t p\u00e5 indgangsniveau uden vejecelle er det nat og dag p\u00e5 bremserne. Du bremser senere, mere pr\u00e6cist, og du f\u00e5r en masse selvtillid. Sammenlignet med et kranks\u00e6t i den h\u00f8jere ende af skalaen f\u00f8les SR-P lidt mindre raffineret med hensyn til ren f\u00f8lelse: overgangen mellem de forskellige bremsefaser er lidt mindre \"sm\u00f8rret\", mindre progressiv, og mekanikken mangler nogle gange den mikrodetalje, der findes p\u00e5 premium-s\u00e6t. Men for sit segment er det kvalitative spring stadig tydeligt. Det er en verden v\u00e6k fra de basale pedaler, der f\u00f8lger med mange rat.<\/p>\n<p>Med hensyn til den generelle indlevelse g\u00f8r pedalerne deres arbejde godt: Man f\u00f8ler, at man k\u00f8rer med f\u00f8dderne og ikke bare \"leger\" ved at trykke p\u00e5 knapper. Du ved, hvad du g\u00f8r ved bilen. Og det er nok det st\u00e6rkeste argument for en simracer, der gerne vil udvikle sig.<\/p>\n<h2>Hvem er det til? Styrker og begr\u00e6nsninger<\/h2>\n<p>MOZA SR-P er helt klart rettet mod PC-sim-racere, der allerede har et minimum af motivation til at udvikle sig, og som \u00f8nsker at investere i et mere seri\u00f8st kranks\u00e6t uden n\u00f8dvendigvis at springe direkte til toppen af skalaen. Det passer godt til profilen \"mellem\": dem, der allerede har et cockpit eller et stift stativ, et par hundrede timers k\u00f8reerfaring, og som f\u00f8ler, at deres originale kranks\u00e6t holder dem tilbage, b\u00e5de bogstaveligt og i overf\u00f8rt betydning. For en ambiti\u00f8s nybegynder er det ogs\u00e5 en god base, s\u00e5 l\u00e6nge du accepterer lidt tid til at tilpasse dig kraftbremsen.<\/p>\n<p>Det, jeg is\u00e6r kan lide ved den, er balancen mellem pris, konstruktion og forbedret h\u00e5ndtering. Bremsebelastningscellen \u00e6ndrer virkelig den m\u00e5de, du k\u00f8rer p\u00e5. Den samlede stivhed er tilstr\u00e6kkelig til at bremse h\u00e5rdt uden at ryste, og softwareindstillingerne giver dig mulighed for at tilpasse dig forskellige k\u00f8restile og biler. Integreret i et MOZA-\u00f8kosystem giver SR-P endnu mere mening med centraliseret kalibrering og en ret ensartet oplevelse. Man f\u00e5r en fornemmelse af, at pedalboardet er designet til at blive brugt seri\u00f8st, ikke bare som tilbeh\u00f8r.<\/p>\n<p>Men der er gr\u00e6nser. F\u00f8rst og fremmest er dette ikke et \"plug and forget\"-pedalboard til en t\u00e6ppebelagt stue: Det skal v\u00e6re ordentligt fastgjort for at afsl\u00f8re sit fulde potentiale. Uden et cockpit eller stiv st\u00f8tte bliver oplevelsen hurtigt forringet. For det andet er den rene f\u00f8lelse under f\u00f8dderne lidt mindre raffineret sammenlignet med avancerede kranks\u00e6t, is\u00e6r n\u00e5r det drejer sig om progressiv bremsning. Det er let at se, hvordan der er gjort designm\u00e6ssige indr\u00f8mmelser for at holde prisen nede. Endelig er konsolkompatibiliteten begr\u00e6nset og afh\u00e6ngig af resten af ops\u00e6tningen, hvilket reducerer dens appel til rene konsolspillere.<\/p>\n<p>Med hensyn til investering er SR-P en billig \"game changer\" for dem, der kommer fra et konventionelt kranks\u00e6t. Den opfattede v\u00e6rdi er god: Du betaler for en reel gevinst i performance og konsistens, ikke for overfl\u00f8digt design. For en simulationsorienteret pc-ops\u00e6tning er det en investering, der giver meget mere mening end blot at udskifte rattet og beholde de grundl\u00e6ggende pedaler.<\/p>\n<h2>Dom<\/h2>\n<p>MOZA SR-P indtager en strategisk position i et moderne simracing-setup: Det er ofte det f\u00f8rste rigtige load-cell kranks\u00e6t, du k\u00f8ber, det, der f\u00e5r bremsning til at blive mere seri\u00f8s. Det, det konkret \u00e6ndrer, er evnen til at bremse senere, h\u00e5rdere og frem for alt gentagne gange. Du f\u00e5r mere selvtillid, konsekvens og forst\u00e5else for bilens opf\u00f8rsel. For en mellemklassebil er indvirkningen p\u00e5 omgangstider og k\u00f8regl\u00e6de meget h\u00e5ndgribelig.<\/p>\n<p>P\u00e5 markedet er det klart positioneret som et prisbilligt pedalboard i mellemklassen, over pakkes\u00e6ttene med masser af hjul, men under de f\u00f8rsteklasses monstre i massivt aluminium. Det er et ideelt omdrejningspunkt for opbygning af en performance-orienteret pc-ops\u00e6tning, is\u00e6r hvis du overvejer eller allerede ejer en MOZA-base. For den lejlighedsvise konsolgamer eller en person, der ikke kan montere sit pedalboard sikkert, kan andre enklere muligheder nogle gange v\u00e6re mere velegnede.<\/p>\n<p>Hvis du er p\u00e5 udkig efter et solidt, pr\u00e6cist kranks\u00e6t med en rigtig load-cell-bremse, der kan tage din cykling til n\u00e6ste niveau uden at spr\u00e6nge dit budget, kan MOZA SR-P g\u00f8re hele forskellen for dit setup.<\/p>","protected":false},"excerpt":{"rendered":"<p>Dette pedalboard giver et reelt spring fremad i bremsekontrol: Du bremser senere, h\u00e5rdere og frem for alt mere regelm\u00e6ssigt, hvilket helt klart \u00e6ndrer den m\u00e5de, du k\u00f8rer p\u00e5. Det giver mening for motiverede PC-sim-racere, som allerede har noget udstyr (cockpit eller rigid support), og som gerne vil op i et h\u00f8jere gear uden at sigte efter det allerbedste. Forholdet mellem pilotgevinster og pris er sammenh\u00e6ngende.<\/p>","protected":false},"featured_media":101564,"comment_status":"open","ping_status":"closed","template":"","meta":{"_acf_changed":false,"_et_pb_use_builder":"","_et_pb_old_content":"","_et_gb_content_width":""},"product_brand":[165],"product_cat":[162],"product_tag":[149],"class_list":{"0":"post-101563","1":"product","2":"type-product","3":"status-publish","4":"has-post-thumbnail","6":"product_brand-moza-racing","7":"product_cat-pedalier","8":"product_tag-pc","10":"first","11":"instock","12":"shipping-taxable","13":"product-type-external"},"acf":[],"_links":{"self":[{"href":"https:\/\/simracergear.com\/da\/wp-json\/wp\/v2\/product\/101563","targetHints":{"allow":["GET"]}}],"collection":[{"href":"https:\/\/simracergear.com\/da\/wp-json\/wp\/v2\/product"}],"about":[{"href":"https:\/\/simracergear.com\/da\/wp-json\/wp\/v2\/types\/product"}],"replies":[{"embeddable":true,"href":"https:\/\/simracergear.com\/da\/wp-json\/wp\/v2\/comments?post=101563"}],"wp:featuredmedia":[{"embeddable":true,"href":"https:\/\/simracergear.com\/da\/wp-json\/wp\/v2\/media\/101564"}],"wp:attachment":[{"href":"https:\/\/simracergear.com\/da\/wp-json\/wp\/v2\/media?parent=101563"}],"wp:term":[{"taxonomy":"product_brand","embeddable":true,"href":"https:\/\/simracergear.com\/da\/wp-json\/wp\/v2\/product_brand?post=101563"},{"taxonomy":"product_cat","embeddable":true,"href":"https:\/\/simracergear.com\/da\/wp-json\/wp\/v2\/product_cat?post=101563"},{"taxonomy":"product_tag","embeddable":true,"href":"https:\/\/simracergear.com\/da\/wp-json\/wp\/v2\/product_tag?post=101563"}],"curies":[{"name":"wp","href":"https:\/\/api.w.org\/{rel}","templated":true}]}}