{"id":101589,"date":"2025-05-15T08:14:00","date_gmt":"2025-05-15T08:14:00","guid":{"rendered":"https:\/\/simracergear.com\/products\/simucube-tahko-gt-21-wireless-wheel\/"},"modified":"2025-11-28T06:01:32","modified_gmt":"2025-11-28T06:01:32","slug":"simucube-tahko-gt-21-wireless-wheel","status":"publish","type":"product","link":"https:\/\/simracergear.com\/da\/products\/simucube-tahko-gt-21-wireless-wheel\/","title":{"rendered":"Simucube Tahko GT-21 tr\u00e5dl\u00f8st hjul"},"content":{"rendered":"<h2>Simucube Tahko GT-21 tr\u00e5dl\u00f8st hjul: min mening efter brug<\/h2>\n<p>Simucube Tahko GT-21 Wireless Wheel er helt klart en seri\u00f8s udfordrer i segmentet af f\u00f8rsteklasses rat til Direct Drive-baser. Det er et rat, der er designet til at passe til kraftige baser uden at vibrere eller b\u00f8je, samtidig med at det er alsidigt nok til GT, touring eller rally.<\/p>\n<p>Frem for alt lover det to ting: perfekt integration med Simucube-\u00f8kosystemet uden kabler og en \"professionel\" fornemmelse i h\u00e5nden med hurtig adgang til alle de indstillinger, du har brug for til racing. Det er et rat til dem, der \u00f8nsker at g\u00e5 et gear op med hensyn til f\u00f8lelse og ergonomi uden at falde i f\u00e6lden med ultraspecifikke rat (f.eks. kun F1).<\/p>\n<p>Min vinkel her er enkel: Giver dette Tahko GT-21 virkelig mere pr\u00e6cision, brugervenlighed og selvtillid end enklere eller mere almindelige hjul? Og frem for alt, retf\u00e6rdigg\u00f8r det sin pris i et performance-orienteret setup?<\/p>\n<h2>Design og fremstilling af Simucube Tahko GT-21<\/h2>\n<p>I h\u00e5nden udstr\u00e5ler Tahko GT-21 straks seri\u00f8sitet. Rattets krop er lavet af metal med en udpr\u00e6get f\u00f8lelse af kompakthed og stivhed. Intet bev\u00e6ger sig, intet knirker, selv n\u00e5r det misbruges p\u00e5 en fuldt belastet Direct Drive-base. Rattet b\u00f8jer ikke, n\u00e5r du tr\u00e6kker i det under tung belastning: Du kan m\u00e6rke, at strukturen er designet til at h\u00e5ndtere drejningsmoment.<\/p>\n<p>Grebene er bekl\u00e6dt med et struktureret materiale af gummi\/silikone i stedet for l\u00e6der eller alcantara. Det er et bevidst valg: Grebet er meget godt, selv med lidt klamme h\u00e6nder, og vedligeholdelsen er enklere end med en stofbekl\u00e6dning. Grebenes form er behagelig med en lidt tyk profil, der ligger godt i h\u00e5nden. De f\u00f8les som en solid \"blok\" uden huler eller spil.<\/p>\n<p>Knapperne er godt justeret med et rent klik, der hverken er for h\u00e5rdt eller for bl\u00f8dt. Det f\u00f8les mere som et \"professionelt instrument\" end som en simpel spilcontroller. Drejeknapperne og impulsv\u00e6lgerne giver ogs\u00e5 en f\u00f8rsteklasses fornemmelse, selvom nogle vil s\u00e6tte pris p\u00e5 et endnu mere markant hak til hurtige justeringer.<\/p>\n<p>Gearskiftepadlerne er metalliske og faste med et ret h\u00f8jt klik. Du kan m\u00e6rke hvert eneste skift, og du er aldrig i tvivl om, at det er blevet aktiveret. Det kommer m\u00e5ske som en overraskelse, hvis man kommer fra bl\u00f8dere og mere stille paler, men ved dynamisk k\u00f8rsel giver denne skarpe respons virkelig mening.<\/p>\n<p>Det, der m\u00e5ske er lidt skuffende, er frav\u00e6ret af de visuelle \"wow\"-effekter, der ses p\u00e5 nogle meget showorienterede rat: ingen integreret sk\u00e6rm, ingen aggressiv RGB, intet prangende design. Tahko GT-21 er mere utilitaristisk, mere \"arbejdsredskab\" end udstillingsvindue. Sammenlignet med nogle af konkurrenternes meget designede rat ser dette mere n\u00f8gternt ud, n\u00e6sten strengt, men ogs\u00e5 mere sammenh\u00e6ngende til lange sessioner.<\/p>\n<h2>Indstillinger, tilpasning og kompatibilitet<\/h2>\n<p>Tahko GT-21 er designet til at integrere perfekt med Simucube-\u00f8kosystemet, is\u00e6r via den indbyggede tr\u00e5dl\u00f8se l\u00f8sning. Det er enkelt og stabilt at parre den med en Simucube-base: intet oprullet kabel, intet stik at h\u00e5ndtere, bare s\u00e6t rattet p\u00e5 quick release, og du er klar til at g\u00e5 i gang. I praksis er det ekstremt behageligt i det daglige.<\/p>\n<p>N\u00e5r det g\u00e6lder indstillinger, kommer hovedattraktionen fra kombinationen af rat og Simucube-software. Tahkos knapper, kodere og kontakter giver nem adgang til vigtige funktioner: justering af motorbremse, TC, ABS, \u00e6ndring af kort, navigation i spillets menuer osv. Du kan hurtigt oprette et logisk layout for hver biltype og derefter glemme alt om det. Alt falder p\u00e5 plads uden at man beh\u00f8ver at t\u00e6nke over det.<\/p>\n<p>Indl\u00e6ringskurven er stadig rimelig. Der er mange knapper til r\u00e5dighed, men fordelingen af dem er ret intuitiv. Mere lejlighedsvise k\u00f8rere vil have brug for lidt tid til at huske, hvilke knapper de har tildelt til hvad, men der er ikke noget, der stopper dem. For dem, der er vant til simulatorer som ACC, iRacing eller rFactor, giver organisationen hurtigt mening.<\/p>\n<p>Med hensyn til kompatibilitet er Tahko GT-21 tydeligvis prim\u00e6rt rettet mod pc'en. Simucubes propriet\u00e6re tr\u00e5dl\u00f8se forbindelse er designet til m\u00e6rkets basisenheder, og det er i denne sammenh\u00e6ng, at produktet virkelig kommer til sin ret. P\u00e5 konsoller afh\u00e6nger brugen i h\u00f8j grad af basen og det anvendte system: Dette er ikke et hjul, der prim\u00e6rt er designet til plug-and-play p\u00e5 forbrugerplatforme.<\/p>\n<p>Med hensyn til \u00f8kosystemet passer Tahko GT-21 perfekt ind i en komplet Simucube-ops\u00e6tning med Direct Drive-k\u00e6destag, topklasse kranks\u00e6t, sekventiel gearskifter og h\u00e5ndbremse. Det fungerer som et multifunktionelt GT-hjul, som man normalt lader v\u00e6re samlet til de fleste discipliner. For en person, der bygger et langtidsholdbart setup, er det helt klart en holdbar del snarere end et simpelt indgangspunkt, der skal udskiftes hurtigt.<\/p>\n<h2>Simucube Tahko GT-21: fornemmelser i leg<\/h2>\n<p>P\u00e5 banen lader Tahko GT-21 Direct Drive-basen tale, hvilket er pr\u00e6cis, hvad man kan forvente af et rat p\u00e5 dette niveau. Det f\u00f8rste, der sl\u00e5r dig, er frav\u00e6ret af parasitisk flex. N\u00e5r du angriber et langt, hurtigt sving, forbliver rattet helt stift, og kr\u00e6fterne overf\u00f8res direkte fra de virtuelle d\u00e6k til dine h\u00e6nder. Der er ingen torsion til at forvirre force feedbacken, intet spil i grebene: alt, hvad du m\u00e6rker, er spillets grundl\u00e6ggende fysik.<\/p>\n<p>Pr\u00e6cisionen i feedbacken er fremragende. P\u00e5 en GT3\/teknisk banekombination er det nemt at afl\u00e6se mikrovariationer i grebet: let forende ved indk\u00f8rsel, genvinding af greb ved akkordpunktet, kontrolleret udskridning ved genacceleration. Hjulet fungerer som en meget trofast \"sensor\" uden at d\u00e6mpe eller overdrive signalerne. Du forst\u00e5r straks, hvad bilen g\u00f8r.<\/p>\n<p>P\u00e5 vibratorer gengiver rattet tydeligt tekstur og frekvens, uden at hver vibrator bliver til en brutal rystelse. Med en velafstemt base giver Tahko dig mulighed for at m\u00e6rke, om du g\u00e5r lidt for langt op i p\u00f8lsen, om du bare holder dig p\u00e5 stoppet, eller om du sk\u00e6rer for meget ned. Moduleringen er fin, og man kan skelne mellem flade og aggressive vibratorer. Det er en stor hj\u00e6lp, n\u00e5r det g\u00e6lder om at placere bilen p\u00e5 centimeteren.<\/p>\n<p>I hurtige sekvenser eller n\u00e5r man glider ud af sving, er kontrollen i hurtige korrektioner fremragende. Takket v\u00e6re rattets stivhed og grebenes form er det nemt at fange en drift uden at k\u00e6mpe mod selve udstyret. Du kan give bilen lidt mere frihed, velvidende at du har den n\u00f8dvendige reaktionsevne til at fange den. P\u00e5 en konventionel b\u00e6ltebase f\u00f8ler du ofte en lille \"forsinkelse\" eller glathed, der sletter returspidserne: Her sker alt hurtigere, mere direkte.<\/p>\n<p>Over lange sessioner er komforten fortsat meget god. Grebene g\u00f8r ikke ondt, selv n\u00e5r man har handsker p\u00e5. Grebet forbliver konstant, og bel\u00e6gningen glider ikke ved sved. Rattets stivhed betyder ogs\u00e5, at du ikke beh\u00f8ver at bekymre dig om at kompensere for sl\u00f8ret styring: Hver eneste anstrengelse, du g\u00f8r, giver et tydeligt resultat p\u00e5 sk\u00e6rmen. Du kan k\u00f8re i lang tid uden at f\u00f8le, at du k\u00e6mper mod materialet.<\/p>\n<p>Sammenlignet med et enklere rat eller et rat, der er monteret p\u00e5 en mindre kraftig base, ligger forskellen hovedsageligt i informationens klarhed og den tillid, du kan have til det, du f\u00f8ler. P\u00e5 en remdrevet base eller et begynderrat bliver visse signaler d\u00e6mpet eller blandet sammen. Med Tahko GT-21 p\u00e5 en god Simucube-base har hver begivenhed en klar signatur: starten p\u00e5 understyring, tab af bageste greb, let hjull\u00e5s, deformation af en vibrator osv.<\/p>\n<p>Sammenlignet med endnu mere avancerede rat, som f.eks. de ultra-enkelts\u00e6dede modeller med ekstreme magnetiske paler og indbyggede sk\u00e6rme, er Tahko lidt mere generalistisk, lidt mindre \"hardcore racing\" i sin iscenes\u00e6ttelse. Men n\u00e5r det g\u00e6lder k\u00f8refornemmelser, g\u00f8r basen det meste af arbejdet, og Tahko f\u00f8lger trop uden at blinke. Det, der g\u00f8r forskellen her, er dens konsistens og robusthed og det faktum, at du kan g\u00f8re alt med et enkelt rat uden at f\u00f8le dig begr\u00e6nset.<\/p>\n<h2>Hvem er det til? Hvad vi kan lide, hvad vi ikke kan lide<\/h2>\n<p>Simucube Tahko GT-21 henvender sig prim\u00e6rt til \u00f8vede og avancerede simracere, som allerede har (eller planl\u00e6gger at f\u00e5) en Direct Drive-base, helst en Simucube. Motiverede begyndere kan v\u00e6re interesserede, hvis de bygger en ambiti\u00f8s ops\u00e6tning med det samme, men dette er ikke et introduktionshjul \"for at se, om du kan lide det\". Det er helt klart et investeringsprodukt, der henvender sig til brugere, som ved, at de kommer til at bruge tid p\u00e5 den virtuelle bane.<\/p>\n<p>Det, jeg s\u00e6tter mest pris p\u00e5, er systemets overordnede stivhed. Du kan m\u00e6rke, at rattet kan modst\u00e5 kr\u00e6fterne fra det kraftige understel uden at blinke, hvilket giver en ren, skarp og meget ensartet fornemmelse, selv i de mest voldsomme faser. For det andet er ergonomien i betjeningselementerne en stor succes: masser af knapper og encodere, men godt placeret med nem adgang til de funktioner, der er afg\u00f8rende i racerl\u00f8b. Endelig er Simucubes tr\u00e5dl\u00f8se integration et stort plus til daglig brug: ingen kabler, ingen komplikationer og um\u00e6rkelig ventetid, n\u00e5r man spiller. Du s\u00e6tter bare stikket i, k\u00f8rer, og det er det.<\/p>\n<p>P\u00e5 den anden side er vi ogs\u00e5 n\u00f8dt til at se p\u00e5 begr\u00e6nsningerne p\u00e5 en klarsynet m\u00e5de. Den f\u00f8rste er helt klart den pc-orienterede positionering \/ Simucube-\u00f8kosystemet: P\u00e5 en konsol eller med andre baser bliver interessen mere tvivlsom. Den anden er den meget n\u00f8gterne \u00e6stetiske tilgang: ingen indbygget sk\u00e6rm, ingen visuelle dikkedarer, hvilket kan frustrere dem, der kan lide \"F1-cockpittet i vinduet\"-looket. Den tredje er prisen, som placerer Tahko GT-21 i premium-kategorien: Du betaler for byggekvalitet og integration, men du skal v\u00e6re sikker p\u00e5, at du vil bruge den p\u00e5 lang sigt.<\/p>\n<p>Med hensyn til den opfattede v\u00e6rdi giver investeringen mening for en bruger, der allerede er engageret i en seri\u00f8s Direct Drive-ops\u00e6tning: Du f\u00e5r komfort, p\u00e5lidelighed og ren feedback med et rat, der kan forblive i centrum af ops\u00e6tningen i \u00e5revis. For en person, der stadig t\u00f8ver mellem flere platforme, eller som prim\u00e6rt k\u00f8rer lejlighedsvis, kan k\u00f8bet virke overdrevet. Det er et rat, der giver perfekt mening til et modent simracing-projekt, ikke en simpel begyndertest.<\/p>\n<h2>Bed\u00f8mmelse: Tahko GT-21 i en simracing-ops\u00e6tning<\/h2>\n<p>Simucube Tahko GT-21 Wireless Wheel \u00e6ndrer frem for alt \u00e9n ting i et setup: den m\u00e5de, Direct Drive-basen kan udtrykke sig p\u00e5, uden at g\u00e5 p\u00e5 kompromis. Det fjerner et potentielt svagt led mellem basen og h\u00e6nderne og giver stivhed, pr\u00e6cision og virkelig race-orienteret ergonomi. Du f\u00e5r f\u00f8lelsen af at have et p\u00e5lideligt, ensartet v\u00e6rkt\u00f8j, der er klar til mange timers k\u00f8rsel.<\/p>\n<p>P\u00e5 markedet er det klart positioneret som et f\u00f8rsteklasses GT\/multidisciplin\u00e6rt rat, der er designet til baser i topklassen. Det fors\u00f8ger ikke at v\u00e6re det mest spektakul\u00e6re eller prangende, men snarere det mest sammenh\u00e6ngende og robuste i et Simucube-milj\u00f8. Det er et centralt produkt for alle, der vil have et enkelt hovedhjul, der kan g\u00f8re alting seri\u00f8st.<\/p>\n<p>Jeg anbefaler det klart til pc-simulatorer med en Direct Drive-base, is\u00e6r dem, der allerede er eller vil skifte til Simucube og er p\u00e5 udkig efter et \"allround\"-rat til GT, prototyper, touring og rally. For brugere, der kun bruger konsol, eller dem, der ofte skifter platform, er der mere universelle og m\u00e5ske mere velegnede l\u00f8sninger.<\/p>\n<p>Hvis du er p\u00e5 udkig efter et tr\u00e5dl\u00f8st GT-hjul, der er stift, effektivt og designet til at f\u00e5 det bedste ud af en Direct Drive Simucube-base, kan dette produkt g\u00f8re hele forskellen for dit setup.<\/p>","protected":false},"excerpt":{"rendered":"<p>Tahko GT-21 f\u00f8les som et meget stift, letl\u00e6seligt \"arbejdsredskab\"-rat, der virkelig lader Direct Drive-basen skinne igennem og giver en stor portion selvtillid p\u00e5 banen. Det giver is\u00e6r mening for simracere, der allerede k\u00f8rer p\u00e5 pc'er med Simucube-\u00f8kosystemer, og som leder efter et alsidigt og holdbart GT-rat. Det er en god investering i en langsigtet performance-orienteret ops\u00e6tning.<\/p>","protected":false},"featured_media":100288,"comment_status":"open","ping_status":"closed","template":"","meta":{"_acf_changed":false,"_et_pb_use_builder":"","_et_pb_old_content":"","_et_gb_content_width":""},"product_brand":[154],"product_cat":[156],"product_tag":[149],"class_list":{"0":"post-101589","1":"product","2":"type-product","3":"status-publish","4":"has-post-thumbnail","6":"product_brand-simucube","7":"product_cat-roue-de-volant","8":"product_tag-pc","10":"first","11":"instock","12":"shipping-taxable","13":"product-type-external"},"acf":[],"_links":{"self":[{"href":"https:\/\/simracergear.com\/da\/wp-json\/wp\/v2\/product\/101589","targetHints":{"allow":["GET"]}}],"collection":[{"href":"https:\/\/simracergear.com\/da\/wp-json\/wp\/v2\/product"}],"about":[{"href":"https:\/\/simracergear.com\/da\/wp-json\/wp\/v2\/types\/product"}],"replies":[{"embeddable":true,"href":"https:\/\/simracergear.com\/da\/wp-json\/wp\/v2\/comments?post=101589"}],"wp:featuredmedia":[{"embeddable":true,"href":"https:\/\/simracergear.com\/da\/wp-json\/wp\/v2\/media\/100288"}],"wp:attachment":[{"href":"https:\/\/simracergear.com\/da\/wp-json\/wp\/v2\/media?parent=101589"}],"wp:term":[{"taxonomy":"product_brand","embeddable":true,"href":"https:\/\/simracergear.com\/da\/wp-json\/wp\/v2\/product_brand?post=101589"},{"taxonomy":"product_cat","embeddable":true,"href":"https:\/\/simracergear.com\/da\/wp-json\/wp\/v2\/product_cat?post=101589"},{"taxonomy":"product_tag","embeddable":true,"href":"https:\/\/simracergear.com\/da\/wp-json\/wp\/v2\/product_tag?post=101589"}],"curies":[{"name":"wp","href":"https:\/\/api.w.org\/{rel}","templated":true}]}}