{"id":10,"date":"2022-03-21T11:23:49","date_gmt":"2022-03-21T11:23:49","guid":{"rendered":"https:\/\/simracergear.com\/?page_id=10"},"modified":"2025-09-23T10:08:03","modified_gmt":"2025-09-23T10:08:03","slug":"mentions-legales","status":"publish","type":"page","link":"https:\/\/simracergear.com\/de\/mentions-legales\/","title":{"rendered":"Rechtliche Hinweise"},"content":{"rendered":"<meta name=\"robots\" content=\"noindex, nofollow\"><figure class=\"wp-block-image size-full is-resized\"><img decoding=\"async\" width=\"932\" height=\"242\" src=\"https:\/\/simracergear.com\/wp-content\/uploads\/2025\/09\/mentions-legales-fr.jpg\" alt=\"\" class=\"wp-image-101895\" style=\"width:450px\" srcset=\"https:\/\/simracergear.com\/wp-content\/uploads\/2025\/09\/mentions-legales-fr.jpg 932w, https:\/\/simracergear.com\/wp-content\/uploads\/2025\/09\/mentions-legales-fr-480x125.jpg 480w\" sizes=\"(min-width: 0px) and (max-width: 480px) 480px, (min-width: 481px) 932px, 100vw\" \/><\/figure><p><strong>Hosting :<\/strong><br>Infomaniak<br>Rue Eug\u00e8ne-Marziano 25<br>1227 Les Acacias - Schweiz<br>https:\/\/www.infomaniak.com<\/p><h2 class=\"wp-block-heading\"><strong>Bedingungen f\u00fcr die Nutzung<\/strong><\/h2><p>Die Nutzung der vorliegenden Website setzt die vollst\u00e4ndige und uneingeschr\u00e4nkte Annahme der nachstehend beschriebenen allgemeinen Nutzungsbedingungen voraus. Diese Nutzungsbedingungen k\u00f6nnen jederzeit ge\u00e4ndert oder erg\u00e4nzt werden.<\/p><p>Die Informationen zu den Produkten (Preise, Merkmale, Verf\u00fcgbarkeit) sind unverbindlich und stammen von den Partner-Websites der H\u00e4ndler. Sie k\u00f6nnen variieren und unterliegen nicht der Verantwortung des Eigent\u00fcmers der Website.<\/p><h2 class=\"wp-block-heading\"><strong>Informationen<\/strong><\/h2><p>Die Informationen und Dokumente auf der Website dienen lediglich der Information, haben keinen ersch\u00f6pfenden Charakter und begr\u00fcnden keine Haftung des Website-Eigent\u00fcmers.<\/p><p>Der Eigent\u00fcmer der Seite haftet nicht f\u00fcr direkte oder indirekte Sch\u00e4den, die aus dem Zugriff auf die Seite resultieren.<\/p><h2 class=\"wp-block-heading\"><strong>Interaktivit\u00e4t<\/strong><\/h2><p>Die Nutzer der Website k\u00f6nnen Inhalte hinterlegen, die auf der Website in daf\u00fcr vorgesehenen Bereichen erscheinen (insbesondere \u00fcber die Kommentare). Die Verantwortung f\u00fcr diese Inhalte liegt bei den Autoren, die auch die volle rechtliche Verantwortung daf\u00fcr tragen.<\/p><p>Der Eigent\u00fcmer der Seite beh\u00e4lt sich jedoch das Recht vor, von Nutzern eingereichte Inhalte, die nicht den ethischen Richtlinien der Seite oder den geltenden Gesetzen entsprechen, ohne Vorank\u00fcndigung und ohne Begr\u00fcndung zu entfernen.<\/p><h2 class=\"wp-block-heading\"><strong>Geistiges Eigentum<\/strong><\/h2><p>Sofern nicht anders angegeben, bleiben alle auf der Website zug\u00e4nglichen Elemente (Texte, Bilder, Grafiken, Logos, Icons, T\u00f6ne, Software usw.) hinsichtlich der geistigen Eigentumsrechte oder der Nutzungsrechte das ausschlie\u00dfliche Eigentum ihrer Autoren.<a href=\"https:\/\/www.webexpress.fr\/actualite\/focus\/modele-de-mentions-legales-complet-et-gratuit\/#fn-7013-1\" target=\"_blank\" rel=\"noopener noreferrer nofollow\"> <sup>1<\/sup><\/a><\/p><p>Jede Vervielf\u00e4ltigung, Darstellung, \u00c4nderung, Ver\u00f6ffentlichung und Anpassung aller oder eines Teils der Elemente der Website, unabh\u00e4ngig von den verwendeten Mitteln oder Verfahren, ist ohne vorherige schriftliche Genehmigung des Autors untersagt.<a href=\"https:\/\/www.webexpress.fr\/actualite\/focus\/modele-de-mentions-legales-complet-et-gratuit\/#fn-7013-2\" target=\"_blank\" rel=\"noopener noreferrer nofollow\"><sup>2<\/sup><\/a><a href=\"https:\/\/www.webexpress.fr\/actualite\/focus\/modele-de-mentions-legales-complet-et-gratuit\/#fn-7013-3\" target=\"_blank\" rel=\"noopener noreferrer nofollow\"><sup>3<\/sup><\/a><\/p><p>Jede nicht genehmigte Nutzung der Website oder eines ihrer Elemente gilt als F\u00e4lschung und wird strafrechtlich verfolgt.<a href=\"https:\/\/www.webexpress.fr\/actualite\/focus\/modele-de-mentions-legales-complet-et-gratuit\/#fn-7013-9\" target=\"_blank\" rel=\"noopener noreferrer nofollow\"> <sup>4<\/sup><\/a><\/p><p>Die auf der Website wiedergegebenen Marken und Logos sind von den Unternehmen, die ihre Eigent\u00fcmer sind, registriert.<\/p><h2 class=\"wp-block-heading\"><strong>Links<\/strong><\/h2><p><strong>Ausgehende Links<\/strong><\/p><p>Der Eigent\u00fcmer der Website lehnt jede Verantwortung ab und ist nicht verpflichtet, \u00fcber Hyperlinks auf Ressourcen Dritter im Internet zu verweisen, sowohl was deren Inhalt als auch deren Relevanz betrifft.<\/p><p><strong>Eingehende Links<\/strong><\/p><p>Der Eigent\u00fcmer der Website erlaubt Hyperlinks zu einer der Seiten dieser Website, sofern diese ein neues Fenster \u00f6ffnen und unmissverst\u00e4ndlich dargestellt werden, um zu verhindern, dass :<\/p><ul class=\"wp-block-list\"><li>jegliche Verwechslungsgefahr zwischen der zitierenden Seite und dem Besitzer der Seite<\/li>\n\n<li>sowie jede tendenzi\u00f6se Darstellung oder jede Darstellung, die gegen geltende Gesetze verst\u00f6\u00dft.<\/li><\/ul><p>Der Besitzer der Seite beh\u00e4lt sich das Recht vor, die Entfernung eines Links zu verlangen, wenn er der Meinung ist, dass die Quellseite die so definierten Regeln nicht einh\u00e4lt.<\/p><h2 class=\"wp-block-heading\"><strong>Mitgliedschaft<\/strong><\/h2><p>Einige Links auf dieser Website sind sogenannte Affiliate-Links. Das hei\u00dft, wenn Sie auf diese Links klicken und einen Kauf t\u00e4tigen, k\u00f6nnen wir ohne zus\u00e4tzliche Kosten f\u00fcr Sie eine Provision einnehmen.<br>Preise, Lagerbest\u00e4nde, Lieferbedingungen und R\u00fcckgaberichtlinien werden ausschlie\u00dflich von den Partner-Websites der H\u00e4ndler festgelegt.<br>SimRacerGear verkauft keine Produkte direkt und \u00fcbernimmt daher auch keine Bestellungen, Rechnungsstellung, Lieferung oder Kundenservice.<\/p><h2 class=\"wp-block-heading\"><strong>Datenschutz<\/strong><\/h2><p>Jeder Nutzer hat das Recht, auf die ihn betreffenden pers\u00f6nlichen Daten zuzugreifen, sie zu berichtigen und dagegen Einspruch zu erheben, indem er einen schriftlichen und unterschriebenen Antrag stellt, dem ein Identit\u00e4tsnachweis beiliegt.<\/p><p>Diese Website kann \u00fcber ihre Formulare (Kontakt, Anmeldung f\u00fcr den Newsletter usw.) und die Verwendung von Cookies (Statistiken, Partnerlinks) personenbezogene Daten sammeln.<br>Gem\u00e4\u00df der DSGVO haben Sie ein Recht auf Zugang, Berichtigung und L\u00f6schung Ihrer personenbezogenen Daten, das Sie aus\u00fcben k\u00f6nnen, indem Sie uns unter der oben genannten Adresse kontaktieren.<\/p><hr class=\"wp-block-separator has-alpha-channel-opacity\"\/>","protected":false},"excerpt":{"rendered":"<p>Hosting:InfomaniakRue Eug\u00e8ne-Marziano 251227 Les Acacias - Suissehttps:\/\/www.infomaniak.com Nutzungsbedingungen Die Nutzung der vorliegenden Website setzt die vollst\u00e4ndige und uneingeschr\u00e4nkte Annahme der nachstehend beschriebenen allgemeinen Nutzungsbedingungen voraus. Diese Nutzungsbedingungen k\u00f6nnen jederzeit ge\u00e4ndert oder erg\u00e4nzt werden. Die Informationen zu den Produkten (Preise, Eigenschaften, Verf\u00fcgbarkeit) sind unverbindlich und stammen von den H\u00e4ndlerseiten [...].<\/p>","protected":false},"author":5,"featured_media":0,"parent":0,"menu_order":0,"comment_status":"closed","ping_status":"closed","template":"","meta":{"_acf_changed":false,"_et_pb_use_builder":"","_et_pb_old_content":"","_et_gb_content_width":"1080","footnotes":""},"class_list":["post-10","page","type-page","status-publish","hentry"],"acf":[],"_links":{"self":[{"href":"https:\/\/simracergear.com\/de\/wp-json\/wp\/v2\/pages\/10","targetHints":{"allow":["GET"]}}],"collection":[{"href":"https:\/\/simracergear.com\/de\/wp-json\/wp\/v2\/pages"}],"about":[{"href":"https:\/\/simracergear.com\/de\/wp-json\/wp\/v2\/types\/page"}],"author":[{"embeddable":true,"href":"https:\/\/simracergear.com\/de\/wp-json\/wp\/v2\/users\/5"}],"replies":[{"embeddable":true,"href":"https:\/\/simracergear.com\/de\/wp-json\/wp\/v2\/comments?post=10"}],"version-history":[{"count":9,"href":"https:\/\/simracergear.com\/de\/wp-json\/wp\/v2\/pages\/10\/revisions"}],"predecessor-version":[{"id":101896,"href":"https:\/\/simracergear.com\/de\/wp-json\/wp\/v2\/pages\/10\/revisions\/101896"}],"wp:attachment":[{"href":"https:\/\/simracergear.com\/de\/wp-json\/wp\/v2\/media?parent=10"}],"curies":[{"name":"wp","href":"https:\/\/api.w.org\/{rel}","templated":true}]}}