{"id":100482,"date":"2025-05-15T07:44:00","date_gmt":"2025-05-15T07:44:00","guid":{"rendered":"https:\/\/simracergear.com\/products\/ascher-f64-v3\/"},"modified":"2025-11-28T04:40:29","modified_gmt":"2025-11-28T04:40:29","slug":"ascher-f64-v3","status":"publish","type":"product","link":"https:\/\/simracergear.com\/de\/products\/ascher-f64-v3\/","title":{"rendered":"Ascher F64-V3"},"content":{"rendered":"<p>Im Segment der High-End-Lenkr\u00e4der f\u00fcr Direct Drive geh\u00f6rt das Ascher Racing F64-V3 eindeutig zu den \"Hardcore\"-Referenzen. Es ist ein sehr leistungsorientiertes Einsitzer-\/Prototypen-Lenkrad, das f\u00fcr anspruchsvolle Simracer gedacht ist, die alles mit ihren Fingerspitzen kontrollieren wollen. Es ist attraktiv, weil es fast alles hat, was man von einem \"Profi\"-Lenkrad erwartet: Aluminiumkonstruktion, Karbonfront, viele Kn\u00f6pfe, Encoder und Magnetpaddles.<\/p>\n<p>Auf dem Papier verspricht es etwas sehr Einfaches: Zugang zu einem Ma\u00df an Kontrolle und Pr\u00e4zision, das den Lenkr\u00e4dern in echten Wettk\u00e4mpfen w\u00fcrdig ist, vorausgesetzt, man hat eine Direct Drive-kompatible Basis dahinter. Es ist kein Produkt, das auf dem Schreibtisch \"gut aussieht\", sondern ein Arbeitswerkzeug f\u00fcr alle, die Sim-Racing ernst nehmen. Der Blickwinkel, aus dem ich es betrachte, ist also ganz klar: Ergonomie, mechanisches Gef\u00fchl, Qualit\u00e4t der Steuerung und Effizienz auf der Rennstrecke. Alles, was einen echten Einfluss auf die Rundenzeiten und die Konstanz hat.<\/p>\n<p>Wenn du ein Plug-and-Play-Lenkrad mit einem vielseitigen GT-Look suchst, ist er es nicht. Wenn du ein chirurgisches Instrument f\u00fcr Langstreckenrennen, Open-Wheel und Prototypen suchst, dann sind wir hier mitten drin.<\/p>\n<h2>Design &amp; Herstellung des Ascher F64-V3<\/h2>\n<p>In der Hand vermittelt das Ascher F64-V3 sofort den Eindruck eines St\u00fccks Feinmechanik. Die Frontplatte aus Carbon ist dick, die Seitenw\u00e4nde aus gefr\u00e4stem Aluminium sind vertrauenserweckend, nichts biegt sich, nichts knackt. Die Steifigkeit ist so hoch wie bei den st\u00e4rksten Direct-Drive-Basen: Du kannst ihn wirklich rammen, er macht keine Anstalten, sich zu bewegen. Das Lenkrad vermittelt das Gef\u00fchl von Dichte und Ernsthaftigkeit, das man von einem Spitzenmodell erwartet.<\/p>\n<p>Die Griffe aus strukturiertem synthetischem Material bieten einen klaren, aber nicht zu abrasiven Grip. Die Form ist eindeutig auf eine \"Hand-auf-9:15\"-Position wie bei einem Einsitzer oder LMP ausgelegt, wobei die Daumen gut arretiert werden. Bei l\u00e4ngerem Gebrauch bleibt der Komfort erhalten, auch wenn diejenigen, die dickere oder rundere Griffe bevorzugen, den Griff als etwas \"rassig\", fast aggressiv empfinden k\u00f6nnten.<\/p>\n<p>Die Drucktasten haben einen klaren, ziemlich festen Klick, der beruhigend wirkt: Man sp\u00fcrt wirklich jede Aktivierung, selbst wenn man mitten in der Kurve steht. Die Drehregler auf der Vorderseite drehen sich mit einer deutlichen Rastung, es gibt kein Gef\u00fchl von schwimmendem Spiel, und die Thumb-Encoder unter den Daumen sind sehr praktisch, wenn das Muskelged\u00e4chtnis erst einmal in Gang gekommen ist. Die magnetischen Paddles sind ein echter Erfolg: kurzer Hub, trockener R\u00fccklauf, sauberes, aber nicht \u00fcberm\u00e4\u00dfiges Ger\u00e4usch. Wir liegen deutlich \u00fcber den meisten \"Mainstream\"-Lenkr\u00e4dern und auf dem Niveau - oder sogar \u00fcber - anderen Boutique-Lenkr\u00e4dern im selben Segment.<\/p>\n<p>Der einzige Punkt, der ein wenig entt\u00e4uschen kann, ist der Mangel an visueller Fantasie: kein eingebauter Bildschirm, keine eingebauten Shift-LEDs selbst. Man hat das Gef\u00fchl, dass das Pflichtenheft rein funktional ist. Ein weiterer kleiner Vorbehalt: F\u00fcr manche mag die dichte Anordnung der Bedienelemente anfangs einsch\u00fcchternd wirken. Von einem einfachen Lenkrad im Stil eines entry-level GT ist man weit entfernt.<\/p>\n<h2>Einstellungen, Personalisierung &amp; Kompatibilit\u00e4t<\/h2>\n<p>Das Ascher F64-V3 ist ein Lenkrad, das in erster Linie f\u00fcr den PC gedacht ist. Es ist wichtig zu erw\u00e4hnen, dass es sich nicht wie ein \"plattform\u00fcbergreifendes\" Lenkrad f\u00fcr den Massenmarkt verh\u00e4lt. Es handelt sich um PC-Sim-Racing-Hardware mit einer Kompatibilit\u00e4t, die von der verwendeten Basis abh\u00e4ngt. Wenn man es auf eine markt\u00fcbliche Direct-Drive-Basis (Simucube, Fanatec \u00fcber spezielle Adapter, andere High-End-Systeme) montiert, f\u00fcgt es sich sehr nat\u00fcrlich ein, vorausgesetzt, man wei\u00df, was man in Sachen Konfiguration tut.<\/p>\n<p>Was die Einstellungen betrifft, geschieht alles im Wesentlichen in der Software der Basen oder in den Spielen selbst: Zuordnung der Kn\u00f6pfe, der Encoder, der Rotaries, Steuerung der Kupplung, wenn du die analogen Doppelpaddles (je nach Version) benutzt. Der Reichtum kommt von der Anzahl der verf\u00fcgbaren Befehle. Du kannst wirklich alles zuweisen: Brake Bias on the fly, Motormix, ERS-Maps, Traktionskontrolle, ABS, Radio, Pit Limiter, Telemetrie-Seiten... Man merkt, dass das Lenkrad f\u00fcr Ausdauerrennen und Disziplinen gedacht ist, in denen man st\u00e4ndig mit Parametern auf der Strecke hantiert.<\/p>\n<p>Die Lernkurve ist nicht unmittelbar. Zwischen all den Kn\u00f6pfen, Rotary und Encodern braucht man eine Weile, um seine Logik zu organisieren: welche Einstellungen um den rechten Daumen herum, welche kritischen Kontrollen an der linken Hand usw.? In den ersten Tagen schaut man oft auf das Lenkrad, um eine Taste zu finden. Mit der Gew\u00f6hnung und einem guten Mapping wird alles nat\u00fcrlich, und hier kommt der F64-V3 voll zum Tragen.<\/p>\n<p>In Bezug auf das \u00d6kosystem richtet sich dieses Lenkrad an diejenigen, die bereits ein ernsthaftes Setup haben: steifes Cockpit, leistungsf\u00e4hige Pedale, Direct Drive-Basis mit guter Leistung. Es ist eindeutig kein Einstiegspunkt, sondern ein Teil, das ein fortgeschrittenes Setup kr\u00f6nt. In diesem Rahmen passt es hingegen problemlos in eine langfristige Perspektive: Du brauchst es nicht lange zu wechseln, wenn du dich mit dem \"Formel\"-Format wohlf\u00fchlst.<\/p>\n<h2>Sensationen im Spiel mit dem Ascher F64-V3<\/h2>\n<p>Das erste, was auf der Rennstrecke auff\u00e4llt, ist kein optisches Detail, sondern die Art und Weise, wie das Lenkrad die Kr\u00e4fte \u00fcbertr\u00e4gt. Seine strukturelle Steifigkeit erm\u00f6glicht es, dass die Kraftr\u00fcckkopplung deiner Direct Drive Base ohne st\u00f6rende Filter durchkommt. Kein Flex in der Struktur, kein kleines Spiel in der Nabe: Alles, was die Kettenstrebe sendet, sp\u00fcrst du. Auf einer bescheideneren Basis sehen viele Lenkr\u00e4der gleich aus. Auf einer starken Basis macht diese Art von Lenkrad den Unterschied.<\/p>\n<p>In schnellen Kurven vermittelt der F64-V3 ein sehr \"gesperrtes\" Lenkgef\u00fchl. Du sp\u00fcrst jede kleinste Lastverschiebung, den Beginn des Untersteuerns, den Moment, in dem die Hinterachse zu entlasten beginnt. Im Vergleich zu einem Lenkrad f\u00fcr den Massenmarkt gibt es weniger Unsch\u00e4rfe um den Neutralpunkt. Man hat mehr das Gef\u00fchl, genau zu wissen, wo sich das Auto befindet, vor allem bei schnellen Kombinationen oder Kurven mit langem Anpressdruck. Man versteht schnell, was das Auto macht.<\/p>\n<p>Beim Lesen des Grips leistet die Kombination aus Direct Drive Base + F64-V3 hervorragende Arbeit. Die Mikrovibrationen der Strecke, die Textur der Reifen auf dem Asphalt und das allm\u00e4hliche Rutschen sind sehr gut ablesbar. Du sp\u00fcrst, wie der Reifen zu s\u00e4ttigen beginnt, bevor er v\u00f6llig ausbricht, was sanfte Korrekturen eher erleichtert als hartes Aufholen. Bei Traktionsfahrten am Kurvenausgang hilft diese Lesbarkeit des Grips, das Lenkrad feiner zu dosieren, vor allem mit den reduzierten Hilfen.<\/p>\n<p>Die Vibrationen sind ein weiterer Pluspunkt. Bei dieser Art von steifem Lenkrad ist das Feedback von den Kanten scharf, aber nicht unangenehm, solange die Basis gut eingestellt ist. Du sp\u00fcrst deutlich den Unterschied zwischen einem flachen R\u00fcttler, einem aggressiven R\u00fcttler vom Typ \"Wurst\" oder einem etwas breiten Auslauf im Gras. Das hilft, das Auto zentimetergenau zu platzieren, besonders in schnellen Schikanen. Wenn du von einem weicheren Lenkrad oder einer weniger starken Basis kommst, hat das deutliche Auswirkungen auf die Lenkpr\u00e4zision.<\/p>\n<p>Bei langen Sessions kommt es auf zwei Dinge an: die Erm\u00fcdung der Muskeln und die Steuerung. Was die Erm\u00fcdung betrifft, so sind die Form des Lenkrads und der Grip komfortabel, solange die St\u00e4rke der Basis intelligent eingestellt ist. Es ist kein Lenkrad, das dich durch sein Material ersch\u00f6pft, aber es verzeiht keine \u00fcbertriebene FFB. Bei den Bedienelementen wird die gro\u00dfe Anzahl an Kn\u00f6pfen und Encodern zu einem echten Vorteil bei Ausdauerfahrten. Du kannst w\u00e4hrend der Fahrt Anpassungen vornehmen, ohne nach der Tastatur zu suchen, du kannst deine Brake Bias, deine Mischung und deinen TC mit einem einfachen Daumendruck \u00e4ndern. Die Konzentration bleibt auf die Strecke gerichtet.<\/p>\n<p>Schnelle Korrekturen sind ein Gebiet, auf dem sich der F64-V3 zu Hause f\u00fchlt. Dank des geringen Durchmessers und der Steifigkeit ist es sehr einfach, einem pl\u00f6tzlichen \u00dcbersteuern entgegenzuwirken, das Auto nach einem kleinen Quersteher neu auszurichten oder es nach einer leichten Ber\u00fchrung wieder auf Kurs zu bringen. Im Vergleich zu einem schwereren oder weicheren Lenkrad erfordern die Bewegungen weniger Tr\u00e4gheit, was das Gef\u00fchl der Kontrolle verst\u00e4rkt. Hier ver\u00e4ndert die Kombination aus Direct Drive Basis + High-End-Lenkrad das Erlebnis wirklich.<\/p>\n<p>In Bezug auf die Immersion mag manchen das Fehlen eines integrierten Bildschirms oder von LEDs fehlen, vor allem wenn du von sehr \"spektakul\u00e4ren\" Lenkr\u00e4dern kommst. Aber auf der Ebene des reinen Fliegens ist das Vertrauen, das es vermittelt, echt: Man wei\u00df, was passiert, man hat alles unter den Fingern, man sp\u00fcrt, dass das Material das Fliegen nicht einschr\u00e4nkt. Das allgemeine Gef\u00fchl ist, dass man ein ernsthaftes Arbeitsger\u00e4t in den H\u00e4nden h\u00e4lt, das darauf ausgelegt ist, eine starke Basis voll auszunutzen, und nicht darauf, optisch zu beeindrucken.<\/p>\n<h2>F\u00fcr wen? Und was uns gef\u00e4llt \/ was uns weniger gef\u00e4llt<\/h2>\n<p>Der Ascher F64-V3 richtet sich eindeutig an mittlere bis fortgeschrittene Simracer, die eher PC-orientiert sind und haupts\u00e4chlich Einsitzer, LMPs und moderne, sehr elektronische GTs fahren. Ein hochmotivierter Anf\u00e4nger kann es einsetzen, aber es wird nicht voll ausgenutzt, wenn die Basis oder das gesamte Setup bescheiden bleiben. Es ist ein koh\u00e4rentes Produkt f\u00fcr jemanden, der bereits in ein steifes Cockpit, ein seri\u00f6ses Pedalsystem und eine ordentliche bis leistungsstarke Direct Drive-Basis investiert hat.<\/p>\n<p>Was uns wirklich gef\u00e4llt, ist erstens die Verarbeitungsqualit\u00e4t und die allgemeine Steifigkeit: Optisch und in der Hand strahlt es Langlebigkeit aus. Zweitens die Pr\u00e4zision der Steuerung: Kn\u00f6pfe, Encoder und Paddles sind alle angenehm zu bedienen, mit sauberen Klicks, keinem verd\u00e4chtigen Spiel und keinem \"billigen\" Gef\u00fchl. Und schlie\u00dflich die reichhaltige Ergonomie auf der Rennstrecke: Einmal gut gemappt, ist alles ohne Nachdenken zug\u00e4nglich, so dass man ein modernes Auto so steuern kann, wie man es in der Realit\u00e4t tun w\u00fcrde, mit einer Vielzahl von dynamischen Einstellungen.<\/p>\n<p>Was die Grenzen angeht, so kann das sehr typische \"Formel\"-Format ein Hindernis f\u00fcr diejenigen sein, die auch Rallyes oder gro\u00dfe klassische GTs fahren: Der Durchmesser und die Form sind nicht f\u00fcr alle Disziplinen ideal. Das Fehlen eines Bildschirms oder integrierter Shift-LEDs macht es erforderlich, sich auf einen externen Dash oder die Spieloberfl\u00e4che zu verlassen, was in dieser Preisklasse etwas n\u00fcchtern wirken kann. Schlie\u00dflich machen der Preis und das notwendige \u00d6kosystem drumherum (DD-Basis, Cockpit) es zu einer bedeutenden Gesamtinvestition. Der wahrgenommene Wert ist hoch, wenn du auf Leistung und Nachhaltigkeit abzielst, aber es ist keine unbedeutende Ausgabe.<\/p>\n<p>Im Klartext hei\u00dft das, dass es vor allem f\u00fcr diejenigen geeignet ist, die ihr Setup als langfristige Investition in Sim-Racing sehen und nicht nur als gelegentliches Hobby.<\/p>\n<h2>Urteil \u00fcber den Ascher F64-V3<\/h2>\n<p>Der Ascher F64-V3 bringt etwas Grundlegendes in ein Setup: eine Treiber-\/Maschinenschnittstelle auf wirklich professionellem Niveau. Er \u00e4ndert nicht die Leistung deiner Basis, aber er \u00e4ndert eindeutig die Art und Weise, wie du sie nutzt. Die Steifigkeit, die pr\u00e4zisen Bedienelemente und die umfassende Ergonomie erm\u00f6glichen es, das volle Potenzial eines ernsthaften Direct Drive auszusch\u00f6pfen, insbesondere bei modernen, stark einstellbaren Disziplinen.<\/p>\n<p>Auf dem Markt positioniert es sich im sehr hohen Preissegment, das auf reine Leistung ausgerichtet ist, ohne \u00e4sthetischen Schnickschnack. Es ist weder ein Mittelklasseprodukt noch ein \"Pivot\"-Lenkrad, das man von einem Konsolen-Bundle aus langsam aufr\u00fcsten kann. Es ist ein engagiertes Simracer-Lenkrad, das wei\u00df, wo es hin will, und das bereits ein koh\u00e4rentes Setup hat.<\/p>\n<p>Ich empfehle es eindeutig PC-Nutzern mit einer guten Direct Drive-Basis, die haupts\u00e4chlich Formel-, LMP- und moderne GT3\/GT4-Rennen fahren und mehr Wert auf Gef\u00fchl und Kontrolle als auf integrierte Bildschirme legen. Wenn du hingegen vor allem gelegentlich spielst, \u00fcberwiegend an Konsolen unterwegs bist oder ein Lenkrad suchst, das in Form und Budget vielseitiger ist, gibt es geeignetere Optionen.<\/p>\n<p>Wenn du ein ultra-steifes, pr\u00e4zises Formula-Lenkrad suchst, das m\u00f6glichst viele Bedienelemente unter den Fingern hat und sich wie ein echtes Rennwerkzeug anf\u00fchlt, kann dieses Produkt in deinem Setup eindeutig den Unterschied ausmachen.<\/p>","protected":false},"excerpt":{"rendered":"<p>Dieses Lenkrad gab mir das Gef\u00fchl, ein echtes Rennwerkzeug in den H\u00e4nden zu halten, das verdeutlicht, was das Auto tut, und das Einstellen auf der Strecke viel nat\u00fcrlicher macht. Es macht vor allem f\u00fcr PC-Simracer Sinn, die bereits gut mit Direct Drive ausgestattet und auf moderne Einsitzer\/Proto\/GT ausgerichtet sind. Die Investition bleibt stimmig, wenn du auf Leistung und Langlebigkeit abzielst.<\/p>","protected":false},"featured_media":100302,"comment_status":"open","ping_status":"closed","template":"","meta":{"_acf_changed":false,"_et_pb_use_builder":"","_et_pb_old_content":"","_et_gb_content_width":""},"product_brand":[157],"product_cat":[156],"product_tag":[149],"class_list":{"0":"post-100482","1":"product","2":"type-product","3":"status-publish","4":"has-post-thumbnail","6":"product_brand-ascher-racing","7":"product_cat-roue-de-volant","8":"product_tag-pc","10":"first","11":"instock","12":"shipping-taxable","13":"product-type-external"},"acf":[],"_links":{"self":[{"href":"https:\/\/simracergear.com\/de\/wp-json\/wp\/v2\/product\/100482","targetHints":{"allow":["GET"]}}],"collection":[{"href":"https:\/\/simracergear.com\/de\/wp-json\/wp\/v2\/product"}],"about":[{"href":"https:\/\/simracergear.com\/de\/wp-json\/wp\/v2\/types\/product"}],"replies":[{"embeddable":true,"href":"https:\/\/simracergear.com\/de\/wp-json\/wp\/v2\/comments?post=100482"}],"wp:featuredmedia":[{"embeddable":true,"href":"https:\/\/simracergear.com\/de\/wp-json\/wp\/v2\/media\/100302"}],"wp:attachment":[{"href":"https:\/\/simracergear.com\/de\/wp-json\/wp\/v2\/media?parent=100482"}],"wp:term":[{"taxonomy":"product_brand","embeddable":true,"href":"https:\/\/simracergear.com\/de\/wp-json\/wp\/v2\/product_brand?post=100482"},{"taxonomy":"product_cat","embeddable":true,"href":"https:\/\/simracergear.com\/de\/wp-json\/wp\/v2\/product_cat?post=100482"},{"taxonomy":"product_tag","embeddable":true,"href":"https:\/\/simracergear.com\/de\/wp-json\/wp\/v2\/product_tag?post=100482"}],"curies":[{"name":"wp","href":"https:\/\/api.w.org\/{rel}","templated":true}]}}