{"id":100531,"date":"2025-05-15T07:45:00","date_gmt":"2025-05-15T07:45:00","guid":{"rendered":"https:\/\/simracergear.com\/products\/fanatec-clubsport-dd-f1-esports-v2\/"},"modified":"2025-11-28T04:43:18","modified_gmt":"2025-11-28T04:43:18","slug":"fanatec-clubsport-dd-f1-esports-v2","status":"publish","type":"product","link":"https:\/\/simracergear.com\/de\/products\/fanatec-clubsport-dd-f1-esports-v2\/","title":{"rendered":"Fanatec ClubSport DD F1 Esports V2"},"content":{"rendered":"<h2>Fanatec ClubSport DD F1\u00ae Esports V2: ein echter Sprung in den \"seri\u00f6sen\" Direct Drive<\/h2>\n<p>Die Fanatec ClubSport DD F1\u00ae Esports V2 ist ein hochwertiger Einstieg in die Welt des Direktantriebs. Es handelt sich hier nicht mehr um ein einfaches Upgrade von einer Riemenbasis, sondern um eine seri\u00f6se Basis, die f\u00fcr langes und hartes Fahren konzipiert ist und ein hohes Ma\u00df an Detailgenauigkeit bei der Kraftr\u00fcckgabe bietet.<\/p>\n<p>Dieses Bundle richtet sich an ein anspruchsvolles Publikum, das ein leistungsstarkes, aber nutzbares Direct Drive mit einem bereits einsatzbereiten, F1-typischen Lenkrad und einer soliden Konsolen\/PC-Kompatibilit\u00e4t w\u00fcnscht. Es verspricht eine koh\u00e4rente Plug &amp; Play-Kombo, die das moderne Simracing abdecken kann: F1, GT, Ausdauer und sogar ein wenig Rallye, wenn man kleine Lenkr\u00e4der mag.<\/p>\n<p>Mein Blickwinkel hier ist einfach: Genauigkeit des Gef\u00fchls, Qualit\u00e4t des Feedbacks, tats\u00e4chliche Vielseitigkeit des Bundles, Komfort bei der t\u00e4glichen Nutzung. Rechtfertigt diese DD ClubSport-Basis den Schritt in ein Setup? Und vor allem: Ist dieses F1 Esports V2-Lenkrad eine gute Wahl, wenn man nicht nur Einsitzer f\u00e4hrt?<\/p>\n<p>Von den ersten Runden an sp\u00fcrt man, dass Fanatec auf ein Gleichgewicht abzielt: Kraft, aber vor allem Kontrolle. Es geht nicht um die brachiale Demonstration, sondern um die Kontrolle. Diese Positionierung macht den Reiz dieses Modells aus.<\/p>\n<h2>Design &amp; Herstellung: Ein kompakter, aber starker Block<\/h2>\n<p>Optisch erzwingt die Basis ClubSport DD eine gewisse Ernsthaftigkeit. Der Metallrahmen mit seinen kantigen Linien vermittelt sofort den Eindruck von Steifigkeit. Wenn man die Basis in die Hand nimmt, um sie auf einen Rahmen zu montieren, f\u00fchlt man eine beruhigende Dichte. Nichts ist hohl, nichts ist billig, das Material scheint f\u00fcr stundenlanges Fahren gemacht zu sein.<\/p>\n<p>Der Zusammenbau ist sauber, ohne st\u00f6rendes Spiel. Die Passungen zwischen den einzelnen Metallteilen sind sauber, die Oberfl\u00e4chen gut verarbeitet. Das QR-System (Lenkradbefestigungssystem) ist sehr vertrauenserweckend: Es rastet sicher ein und die elektrische Verbindung wird ohne Fragen hergestellt. In diesem Punkt handelt es sich eindeutig um Material, das \u00fcber den \u00e4lteren Fanatec-Generationen der Einstiegsklasse liegt.<\/p>\n<p>Das F1 Esports V2-Lenkrad mit seinen Rubber-Griffen und der Kohlefaser-\u00e4hnlichen Vorderseite macht einen seri\u00f6sen Eindruck. Die Kn\u00f6pfe klicken sauber, die Schaltwippen f\u00fchlen sich klar und ohne \u00fcberm\u00e4\u00dfige Weichheit an. In der Hand verst\u00e4rkt der geringe Durchmesser das Gef\u00fchl der Reaktionsf\u00e4higkeit. Man merkt sofort, dass dieses Lenkrad f\u00fcr den Angriff gemacht ist.<\/p>\n<p>Was sofort \u00fcberrascht, ist die Kompaktheit der Basis im Vergleich zu der Kraft, die sie aus\u00fcben kann. Auf einem starren Cockpit gibt es keine st\u00f6renden Bewegungen, die Struktur beugt sich nicht. Auf einer leichten Unterlage oder einem Schreibtisch hingegen wird die Kraft des Direktantriebs schnell zu einer Begrenzung der Unterlage selbst.<\/p>\n<p>Ich bin etwas zur\u00fcckhaltender bei einigen Details der Verarbeitung des Lenkrads im Vergleich zu reinen Premium-Lenkr\u00e4dern: die Materialien der Griffe, die zwar in Ordnung, aber nicht hochwertig sind, oder einige Kn\u00f6pfe, die sich ein wenig \"plastikartig\" anf\u00fchlen, wenn man sie au\u00dferhalb des Spiels bedient. Gegen\u00fcber Lenkr\u00e4dern von sehr hochwertigen Spezialmarken sp\u00fcrt man den Unterschied. Aber im Rahmen eines kompletten Bundles ist das Gesamtniveau f\u00fcr den geforderten Preis immer noch sehr stimmig.<\/p>\n<p>Im Vergleich zu den bescheideneren CSL DD-Basisstationen gewinnt man eindeutig die Wahrnehmung der allgemeinen Solidit\u00e4t und die Seriosit\u00e4t der Herstellung, ohne die Unhandlichkeit der extremen Basisstationen auf dem Markt zu haben.<\/p>\n<h2>Einstellungen, Personalisierung &amp; Kompatibilit\u00e4t: m\u00e4chtig, aber beherrschbar<\/h2>\n<p>Der ClubSport DD basiert auf dem \u00fcblichen Software-\u00d6kosystem von Fanatec. \u00dcber das Bedienfeld auf dem PC hat man Zugriff auf alle klassischen Einstellungen: Gesamtkraft, Filterung, Reibung, D\u00e4mpfung, Interpolation, etc. An der Basis und am Lenkrad erm\u00f6glichen die Men\u00fcs eine schnelle \u00c4nderung der Voreinstellungen, was bei einem Wechsel zwischen Formel 1, GT und Rallye angenehm ist.<\/p>\n<p>Die Lernkurve ist angemessen. Ein fortgeschrittener Benutzer wird sich schnell zurechtfinden. Die grundlegenden Voreinstellungen sind von Anfang an brauchbar, aber das wahre Potenzial entfaltet sich erst, wenn man die maximale St\u00e4rke und die Linearit\u00e4t feineinstellt und einige Filter reduziert, um mehr Details durchzulassen. Ich selbst habe nach einigen Einstellungssitzungen wirklich eine Stufe mehr gesp\u00fcrt, vor allem durch die Feineinstellung der Filter, um die Weichheit zu erhalten, ohne die Informationen zu ersticken.<\/p>\n<p>Auf dem PC ist die Kompatibilit\u00e4t gro\u00df, die meisten modernen Sims k\u00f6nnen ohne Probleme genutzt werden. Auf Konsolen bleibt das Bundle der Fanatec-Logik treu: Je nach Version wird die Basis erkannt, das Lenkrad ebenfalls, und man profitiert von einer ziemlich plug &amp; play-f\u00e4higen Nutzung. Der entscheidende Punkt ist, dass dieses Paket nicht auf eine bestimmte Plattform beschr\u00e4nkt ist, was eine gro\u00dfe Erleichterung darstellt, wenn man zwischen PC und Konsole wechselt.<\/p>\n<p>Das Fanatec-\u00d6kosystem ist ein echter Vorteil: Pedale, Shifter, Handbrakes, andere Lenkr\u00e4der... Man kann mit diesem Bundle als solider Basis beginnen und dann nach und nach sein Setup erweitern. Die Skalierbarkeit ist echt. Das F1 Esports V2-Lenkrad ist sehr auf moderne Einsitzer\/GTs ausgerichtet, aber es spricht nichts dagegen, ein gr\u00f6\u00dferes rundes Lenkrad f\u00fcr Rallyes oder Prototypen hinzuzuf\u00fcgen.<\/p>\n<p>Was die Haltbarkeit in einem Setup betrifft, befinden wir uns eindeutig auf einer Basis, die man lange behalten kann. Es ist kein \"kleiner\" Direct Drive zum Kennenlernen, sondern eine zentrale Plattform, die einen ernsthaften Fortschritt im Simracing begleiten kann.<\/p>\n<h2>Sensations in the Game: Wo Direct Drive seine volle Wirkung entfaltet<\/h2>\n<p>Auf der Rennstrecke ist die Handschrift des ClubSport DD ziemlich klar: eine saubere, pr\u00e4zise Kraftr\u00fcckgabe mit einer guten Balance zwischen Leistung und Lesbarkeit. Hier geht es nicht um rohes Chaos, sondern um das feine Lesen dessen, was das Auto tut.<\/p>\n<p>Die Pr\u00e4zision des FFB ist das, was am meisten auff\u00e4llt. Man sp\u00fcrt sehr schnell den Unterschied zu einer Riemenbasis oder einem kleinen Direct Drive der Einstiegsklasse. Das Laufrad reagiert sofort auf die kleinste Mikrover\u00e4nderung des Grips. Der \u00dcbergang zwischen Grip und Gleiten ist progressiver und informationsreicher. Man versteht sofort, was das Auto macht, vor allem am Kurveneingang.<\/p>\n<p>In schnellen Kurven bleibt die Basis stabil, ohne st\u00f6rende Schwingungen, solange die Einstellungen richtig gesetzt sind. Das F1-Lenkrad verst\u00e4rkt durch seine geringe Gr\u00f6\u00dfe das Gef\u00fchl der Reaktionsf\u00e4higkeit: Kleine Anpassungen der Flugbahn erfolgen auf nat\u00fcrliche Weise, ohne dass man die Bewegungen \u00fcbertreiben muss. Man hat das Gef\u00fchl, eher mit den Handgelenken als mit den Armen zu fahren, was voll und ganz zum F1-\/Einradsportstil passt.<\/p>\n<p>Das Lesen des Grips ist im Vergleich zu einer weniger starken Basis deutlich verbessert. Man sp\u00fcrt besser, wenn die Vorderachse ausbricht, wenn das Heck leicht auf die Bremsen geht oder wenn ein leicht aggressiver R\u00fcttler das Auto zur\u00fcckprallen l\u00e4sst. Gerade bei den Vibrationen ist das Feedback sehr \u00fcberzeugend: Man kann gut zwischen einem flachen und einem aggressiveren Vibrator unterscheiden, und vor allem die Geschwindigkeit, mit der man ihn nimmt. Es knallt, wenn es sein muss, ohne schmerzhaft zu werden, wenn man die Kraft richtig einstellt.<\/p>\n<p>Bei langen Sessions ist die Konstanz der Basis sp\u00fcrbar. Es gibt keine Abweichungen im Verhalten, keine Erw\u00e4rmung, die das Gef\u00fchl st\u00f6rt. Die Erm\u00fcdung kommt vor allem von dem Kraftniveau, das man sich selbst auferlegt. Wenn man die Leistung auf ein vern\u00fcnftiges Niveau reduziert, kann man lange fahren, ohne sich die Schultern zu zerrei\u00dfen. Der Direktantrieb bleibt auch bei zu geringer Kraft ausreichend pr\u00e4sent. Das ist das Besondere an dieser Basis: Sie bleibt auch bei m\u00e4\u00dfigen Steigungen kommunikativ.<\/p>\n<p>Bei schnellen Korrekturen, beim \u00dcbersteuern oder beim Verlust des Hecks ist die Reaktionsf\u00e4higkeit deutlich. Die Basisstation gibt die Bewegungen sofort zur\u00fcck und der geringe Durchmesser des Lenkrads hilft, das Auto wieder einzuholen. Bei einer riemengetriebenen Basis oder einem kleinen DD k\u00f6nnen diese Phasen weicher oder leicht gefiltert erscheinen. Hier ist alles direkter und ehrlicher. In den Grenzphasen gewinnt man eindeutig an Vertrauen.<\/p>\n<p>Gegen\u00fcber einer noch st\u00e4rkeren Basis verliert man ein wenig an roher Aggressivit\u00e4t, an maximalem Drehmoment, das aus den H\u00e4nden gerissen wird. Aber ehrlich gesagt, f\u00fcr die meisten Piloten ist dieses Kraftniveau mehr als ausreichend. Der Hauptgewinn im Vergleich zu einem \"leichten\" Direktantrieb liegt eher in der Feinheit des Signals und der Stabilit\u00e4t der Lenkung bei hohen Geschwindigkeiten als in der Gewalt der Schl\u00e4ge. Hier ver\u00e4ndert diese Basis die Erfahrung wirklich.<\/p>\n<p>Die Kombination aus Basisstation und F1 Esports V2-Lenkrad funktioniert bei F1-Titeln, modernen GTs und Prototypen sehr gut, was die Immersion angeht. Das Format des Lenkrads ist nicht ideal, um alles zu tun, aber das Gef\u00fchl, eine scharfe Maschine zu fahren, ist in seinem Bereich durchaus vorhanden. Man ertappt sich dabei, wie man h\u00e4rter pusht, einfach weil das Lenkrad Vertrauen schafft.<\/p>\n<h2>F\u00fcr wen ist es geeignet? St\u00e4rken und Schw\u00e4chen im Alltag<\/h2>\n<p>Dieses Bundle richtet sich eindeutig an einen mittleren bis fortgeschrittenen, motivierten Benutzer, der wei\u00df, dass er ernsthaftes Direct Drive und ein wettkampftaugliches Lenkrad will. Ein absoluter Anf\u00e4nger kann es verwenden, aber die Investition macht mehr Sinn, wenn man schon ein wenig mit Simracing zu tun hat. Auf einer Konsole ist es eine ausgezeichnete Grundlage f\u00fcr jemanden, der einen Schritt weiter gehen will als die Mainstream-Lenkr\u00e4der. Auf dem PC passt es perfekt in ein Setup, das vielseitig und dennoch leistungsstark sein soll.<\/p>\n<p>Unter den Punkten, die ich am meisten sch\u00e4tze, steht die Qualit\u00e4t des Feedbacks an erster Stelle. Der ClubSport DD \u00fcbertr\u00e4gt viele Details, ohne un\u00fcbersichtlich zu werden, so dass man wirklich das Gef\u00fchl hat, \"gef\u00fchlvoll\" zu fliegen. Die Kompaktheit der Basis, gepaart mit ihrer Leistungsf\u00e4higkeit, macht es einfach, sie in ein Cockpit zu integrieren, ohne mit dem Platzbedarf zu k\u00e4mpfen. Und das Fanatec-\u00d6kosystem drumherum (Lenkr\u00e4der, Pedale, Shifter) verst\u00e4rkt das Interesse stark: Man investiert in ein entwicklungsf\u00e4higes Setup-Center, nicht in eine Sackgasse.<\/p>\n<p>Es gibt jedoch einige Einschr\u00e4nkungen, die man sich gut vor Augen halten sollte. Das F1 Esports V2-Lenkrad ist aufgrund seiner Form und seines Durchmessers nicht das vielseitigste Lenkrad der Welt. F\u00fcr Rallyes, Drifts oder \"klassischere\" Stra\u00dfenfahrten ist ein gr\u00f6\u00dferes, rundes Lenkrad eindeutig besser geeignet. Zweitens bleibt die Gesamtinvestition betr\u00e4chtlich: Man bezahlt f\u00fcr die Herstellungsqualit\u00e4t, die Leistung und das \u00d6kosystem, es handelt sich nicht um ein impulsives oder \"Budget\"-Produkt. Schlie\u00dflich kann die Einstellungskurve ein wenig Zeit erfordern, um wirklich das Beste aus der Basis herauszuholen. Man kann mit Presets sehr schnell fahren, aber um die Feinheiten zu erreichen, die man in dieser Preisklasse erwartet, muss man akzeptieren, dass man durch die Tuning-Kammer gehen muss.<\/p>\n<p>In Bezug auf den wahrgenommenen Wert h\u00e4ngt alles von deinem Ausgangspunkt ab. Wenn du von einem Einsteigerlenkrad kommst, ist der Sprung enorm und die Investition macht sich sofort in Spa\u00df und Kontrolle bemerkbar. Wenn du bereits auf einem kleinen Direct Drive unterwegs bist, ist der Gewinn subtiler, aber nachhaltiger und eher auf \"Ernsthaftigkeit\" in der Progression ausgerichtet.<\/p>\n<h2>Urteil: Ein Setup-Center, um lange und stark zu fahren<\/h2>\n<p>Das Fanatec ClubSport DD F1\u00ae Esports V2 ver\u00e4ndert den Kern eines Setups ganz konkret. Man wechselt von einem Lenkrad, das \"Simulation spielt\", zu einer Basis, die die Simulation sehr ernst nimmt. Mehr Drehmoment, mehr Details, mehr Kontrolle: Alles dr\u00e4ngt dazu, sauberer zu fahren und mit Vertrauen das Limit zu suchen.<\/p>\n<p>Auf dem Markt nimmt dieses Bundle eine zentrale Stellung ein: Es ist weder ein ultra-elit\u00e4res Nischenprodukt noch eine Einstiegsdroge. Es ist ein Premium-Direktantrieb, der f\u00fcr diejenigen zug\u00e4nglich ist, die einen echten Schritt nach vorne machen wollen, ohne gleich mit \u00fcbergro\u00dfen Monstern zu starten. Das F1 Esports V2-Lenkrad ist eine gute Erg\u00e4nzung f\u00fcr alle, die haupts\u00e4chlich Monoposti und moderne GTs fahren.<\/p>\n<p>Ich empfehle es eindeutig mittleren bis fortgeschrittenen Simracern, die eine dauerhafte Basis suchen, die ein komplettes Cockpit und ernsthafte Fortschritte mit sich bringen kann. F\u00fcr einen reinen Anf\u00e4nger oder jemanden, der den gelegentlichen Spa\u00df auf offenen Stra\u00dfen und Rallyes bevorzugt, macht eine vielseitigere Combo mit einem runden Basislenkrad vielleicht mehr Sinn.<\/p>\n<p>Wenn du nach einem leistungsstarken, pr\u00e4zisen, skalierbaren Direktantrieb suchst, der bereits f\u00fcr die moderne F1\/GT-Welt bereit ist, kann dieses Produkt eindeutig den Unterschied in deinem Setup ausmachen.<\/p>","protected":false},"excerpt":{"rendered":"<p>Dieses Bundle vermittelt wirklich das Gef\u00fchl, zu einem ernsthafteren Simracing \u00fcberzugehen: Das Lenkrad wird zu einem Pr\u00e4zisionswerkzeug, das hilft, den Grip besser zu lesen und sauberer zu fahren. Es macht Sinn f\u00fcr bereits engagierte PC- oder Konsolen-Simracer, die F1\/GT\/Langstreckenrennen anstreben und eine dauerhafte Basis in der Mitte eines sich entwickelnden Setups haben wollen.<\/p>","protected":false},"featured_media":100532,"comment_status":"open","ping_status":"closed","template":"","meta":{"_acf_changed":false,"_et_pb_use_builder":"","_et_pb_old_content":"","_et_gb_content_width":""},"product_brand":[158],"product_cat":[161,173],"product_tag":[149],"class_list":{"0":"post-100531","1":"product","2":"type-product","3":"status-publish","4":"has-post-thumbnail","6":"product_brand-fanatec","7":"product_cat-volant","8":"product_cat-volants-fanatec","9":"product_tag-pc","11":"first","12":"instock","13":"shipping-taxable","14":"product-type-external"},"acf":[],"_links":{"self":[{"href":"https:\/\/simracergear.com\/de\/wp-json\/wp\/v2\/product\/100531","targetHints":{"allow":["GET"]}}],"collection":[{"href":"https:\/\/simracergear.com\/de\/wp-json\/wp\/v2\/product"}],"about":[{"href":"https:\/\/simracergear.com\/de\/wp-json\/wp\/v2\/types\/product"}],"replies":[{"embeddable":true,"href":"https:\/\/simracergear.com\/de\/wp-json\/wp\/v2\/comments?post=100531"}],"wp:featuredmedia":[{"embeddable":true,"href":"https:\/\/simracergear.com\/de\/wp-json\/wp\/v2\/media\/100532"}],"wp:attachment":[{"href":"https:\/\/simracergear.com\/de\/wp-json\/wp\/v2\/media?parent=100531"}],"wp:term":[{"taxonomy":"product_brand","embeddable":true,"href":"https:\/\/simracergear.com\/de\/wp-json\/wp\/v2\/product_brand?post=100531"},{"taxonomy":"product_cat","embeddable":true,"href":"https:\/\/simracergear.com\/de\/wp-json\/wp\/v2\/product_cat?post=100531"},{"taxonomy":"product_tag","embeddable":true,"href":"https:\/\/simracergear.com\/de\/wp-json\/wp\/v2\/product_tag?post=100531"}],"curies":[{"name":"wp","href":"https:\/\/api.w.org\/{rel}","templated":true}]}}