{"id":100536,"date":"2025-05-15T07:45:00","date_gmt":"2025-05-15T07:45:00","guid":{"rendered":"https:\/\/simracergear.com\/products\/fanatec-clubsport-formula-v2-5-x\/"},"modified":"2025-11-28T04:43:31","modified_gmt":"2025-11-28T04:43:31","slug":"fanatec-clubsport-formula-v2-5-x","status":"publish","type":"product","link":"https:\/\/simracergear.com\/de\/products\/fanatec-clubsport-formula-v2-5-x\/","title":{"rendered":"Fanatec ClubSport Formula V2.5 X"},"content":{"rendered":"<h2>Fanatec ClubSport Formula V2.5 X: Das F1-Lenkrad, das alles will<\/h2>\n<p>Das Fanatec ClubSport Formula V2.5 X ist ganz klar ein \"seri\u00f6ses\" Lenkrad f\u00fcr einen Sim-Racer, der bereits gut unterwegs ist. Es ist im oberen Segment der F1\/Einsitzer-Lenkr\u00e4der angesiedelt und f\u00fcr Fanatec-Basismodelle der mittleren bis oberen Preisklasse gedacht, einschlie\u00dflich Direct Drive. Es verspricht ein hohes Ma\u00df an Kontrolle, viele Kn\u00f6pfe unter den Fingern und ein Gef\u00fchl, das dem entspricht, was man von einem modernen Rennlenkrad erwartet.<\/p>\n<p>Was sofort ins Auge sticht, ist die Kombi: kompaktes Format eines Einsitzer-Lenkrads, Metallkonstruktion, magnetische Schaltwippen, Bildschirme und LEDs. Man merkt, dass das Ziel darin besteht, eine umfassende Fahreroberfl\u00e4che zu bieten, die sowohl einen modernen GT3 als auch ein Formel-1-Auto oder einen Prototypen steuern kann und gleichzeitig auf der Konsole nutzbar bleibt.<\/p>\n<p>Mein Analysewinkel ist recht einfach: Pr\u00e4zision der Steuerung, Komfort in der Hand, Qualit\u00e4t der Schaltwippen und der Inputs sowie die Art und Weise, wie sich dieses Lenkrad in ein bereits mit Optionen vollgestopftes Fanatec-\u00d6kosystem einf\u00fcgt. Ich habe vor allem darauf geachtet, was das Formula V2.5 X im Vergleich zu einem grundlegenden runden Lenkrad konkret ver\u00e4ndert, sowohl in Bezug auf das Gef\u00fchl als auch auf die Effizienz auf der Rennstrecke.<\/p>\n<h2>Design &amp; Herstellung<\/h2>\n<p>In der Hand f\u00fchlt sich der ClubSport Formula V2.5 X sofort sehr seri\u00f6s an. Das Chassis ist aus Metall, die Vorderseite vermittelt ein echtes Gef\u00fchl von Steifigkeit, und das Ganze strahlt Dichte aus. Wenn man es in die Hand nimmt, hat man nicht das Gef\u00fchl, mit einem Spielzeug zu hantieren, sondern mit einem Werkzeug. Es gibt kein sp\u00fcrbares Spiel, keine beunruhigenden Biegungen, selbst wenn man es absichtlich verdreht.<\/p>\n<p>Die Griffe sind je nach Version aus Alcantara oder Kunstleder und haben eine angenehme Dicke. Man hat eine gute Handf\u00fcllung. Der Griff ist fest, aber nicht erm\u00fcdend. Das Gef\u00fchl ist \"bereit f\u00fcr lange Staffeln\". Die Naht ist sauber, ohne st\u00f6rende \u00dcberst\u00e4nde. Man kann eine Runde nach der anderen fahren, ohne sich auf die Ergonomie zu konzentrieren.<\/p>\n<p>Die Kn\u00f6pfe und Encoder sind zahlreich, gut verteilt und klicken klar und deutlich. Die Drehkn\u00f6pfe in Daumenreichweite sind wahrscheinlich das N\u00fctzlichste, was es im Rennsport gibt: Man kann Brake Bias, TC oder Motormischung einstellen, ohne die Augen von der Strecke zu nehmen. Die kleinen multidirektionalen Joysticks f\u00fchlen sich gut an, auch wenn ich sie etwas weniger beruhigend finde als die gro\u00dfen klassischen Kn\u00f6pfe.<\/p>\n<p>Die magnetischen Paddles auf der R\u00fcckseite sind ein gro\u00dfer Pluspunkt. Der Klick ist trocken, pr\u00e4zise und hat einen kurzen Hub. Man sp\u00fcrt genau den Moment der Aktivierung. Es ist nicht n\u00f6tig, die Palette zu zerdr\u00fccken, ein deutlicher Druck gen\u00fcgt. Das ist die Art von Detail, die sofort Vertrauen beim Bremsen und beim Schalten unter Volllast schafft.<\/p>\n<p>Was etwas entt\u00e4uschend sein kann, ist die Menge an Plastik um einige Elemente herum. Es ist gut zusammengebaut, nichts bewegt sich, aber wenn man von einem Lenkrad kommt, das komplett aus Metall oder Karbon besteht, merkt man, dass Fanatec auf ein Gleichgewicht zwischen Kosten und Verarbeitung achtet. Im Vergleich zu einigen teureren Vollcarbon-Lenkr\u00e4dern wirkt der V2.5 X optisch etwas weniger exklusiv, aber er h\u00e4lt dem Vergleich in Bezug auf die allgemeine Stabilit\u00e4t stand.<\/p>\n<h2>Einstellungen, Personalisierung &amp; Kompatibilit\u00e4t<\/h2>\n<p>Der Formula V2.5 X profitiert eindeutig vom Fanatec-\u00d6kosystem. Alles wird \u00fcber die Basis erledigt: integrierte Men\u00fcs, FFB-Voreinstellungen, Lenkradempfindlichkeit, Vibrationseinstellung, LED- und Bildschirmeinstellungen. In der Praxis findet man schnell ein Profil, das gut funktioniert. Die Lernkurve ist nicht heftig, aber man muss akzeptieren, dass man f\u00fcr die Optimierung ein Minimum an Zeit aufwenden muss.<\/p>\n<p>Die Encoder sind in kompatiblen Spielen zuweisbar, und mit den Joysticks kann man durch die Men\u00fcs navigieren oder bei einigen Titeln den MFD steuern. Was wirklich gut ist, ist die Verwaltung der Modi: Man kann mehrere Steuerungsprofile erstellen und sie je nach Auto oder Spiel anpassen. F\u00fcr regelm\u00e4\u00dfiges Sim-Racing ist das ein echter Pluspunkt.<\/p>\n<p>Die \"sensorischste\" Personalisierung bleibt die Einstellung der Schaufelspannung (je nach Modul) und die Anpassung des FFB \u00fcber die Fanatec-Einstellungen. Man kann die St\u00e4rke und Reaktionsf\u00e4higkeit an den eigenen Stil anpassen: weicher f\u00fcr lange Ausdauersitzungen, nerv\u00f6ser f\u00fcr Hotlap. Man merkt schnell, dass dieses Lenkrad eher dazu gedacht ist, eine Basis zu begleiten, die fein abgestimmt werden kann, als ein grundlegendes Plug-and-Play zu sein.<\/p>\n<p>Was die Kompatibilit\u00e4t betrifft, so funktioniert V2.5 X je nach verwendeter Fanatec-Basis mit PCs und Konsolen. Das ist wichtig: Nicht das Lenkrad bestimmt die Kompatibilit\u00e4t, sondern die Basis. Auf dem PC ist es kein Problem, man nutzt alles. Auf einer Konsole erh\u00e4lt man die meisten Funktionen, auch wenn manche Spiele nicht alle LEDs oder Anzeigen ausnutzen.<\/p>\n<p>In das Fanatec-\u00d6kosystem f\u00fcgt sich dieses Lenkrad sehr gut ein: Pedale, Shifter, Handbremse - alles kann drumherum kommen. In Bezug auf die Erweiterbarkeit ist es kein einfacher Einstiegspunkt: Es ist ein Lenkrad, das man lange behalten kann, auch wenn man zu leistungsst\u00e4rkeren Basen aufsteigt. Es eignet sich sehr gut f\u00fcr den \u00dcbergang zu einem fortgeschrittenen Setup, ohne dass man das Gef\u00fchl hat, zu schnell \u00fcberfordert zu sein.<\/p>\n<h2>Sensationen im Spiel<\/h2>\n<p>Auf der Rennstrecke zeigt der ClubSport Formula V2.5 X wirklich, warum das F1-Format so beliebt ist. Der geringe Durchmesser und die flache Form sorgen f\u00fcr eine sehr direkte Kontrolle. Man hat das Gef\u00fchl, mit der Achse der Kettenstrebe verbunden zu sein. Jeder kleine Lenkwinkel l\u00e4sst sich fein dosieren. F\u00fcr moderne Rennwagen ist das ein Genuss.<\/p>\n<p>Was das Feedback angeht, so schafft dieses Lenkrad zwar keinen FFB, aber es vermittelt ihn sehr gut. Bei einer ausreichend starken Fanatec-Basis kann man dank der Steifigkeit der Struktur und der Qualit\u00e4t der Griffe deutlich lesen, was vor sich geht. Man sp\u00fcrt die Belastung der Vorderachse am Kurveneingang, den allm\u00e4hlichen Verlust des Grips und die Mikrokorrekturen, die vorgenommen werden m\u00fcssen, um das Auto auf Kurs zu halten. Man versteht sofort, was das Auto macht.<\/p>\n<p>In schnellen Kurven ist die Kontrolle sehr sicher. Die H\u00e4nde bleiben fest verankert, das Lenkrad rutscht nicht weg, selbst wenn die H\u00e4nde leicht feucht sind. Man kann mit einigen Rotationsgraden spielen, um einen Rutsch zu halten oder ein \u00dcbersteuern zu korrigieren, ohne mit dem Lenkrad zu k\u00e4mpfen. Schnelle St\u00fctzwechsel sind leicht zu begleiten, vor allem bei einer direkten oder kr\u00e4ftigen Basis: Das Lenkrad folgt, ohne st\u00f6rende Tr\u00e4gheit.<\/p>\n<p>Das Ablesen des Griffs ist wirklich \u00fcberzeugend. Jede noch so kleine Vibration der Kettenstrebe geht in die Griffe \u00fcber, ohne jedoch aggressiv zu werden. Auf einer holprigen Piste sp\u00fcrt man die Unebenheiten, ohne dass es unangenehm ist. Auf nasser Fahrbahn zeigen sich die Haftungsverluste zun\u00e4chst als leichte \"Leichtigkeit\" im Lenkrad und dann als st\u00e4rkeres Pendeln. Man hat genug Zeit, um zu reagieren.<\/p>\n<p>Vibrationen sind ein weiterer guter Indikator. Mit diesem Lenkrad kann man sehr gut den Unterschied zwischen einem flachen Vibrator, den man angreifen kann, und einem aggressiven Vibrator, den man besser meiden sollte, erkennen. Die steife Struktur gibt ein klares Signal: Man wei\u00df sofort, ob man zu weit gefahren ist. Das Eintauchen in das Spiel wird noch intensiver. Man h\u00f6rt das Spiel weniger, man \"f\u00fchlt\" die Strecke mehr.<\/p>\n<p>Bei l\u00e4ngeren Sessions ist der Komfort immer noch gut, aber er h\u00e4ngt sehr stark von der St\u00e4rke der Basis und der FFB-Einstellung ab. Bei einem sehr hohen FFB erm\u00fcdet der kleine Durchmesser die Unterarme etwas mehr als bei einem gr\u00f6\u00dferen runden Lenkrad. Die Form der Griffe hingegen verhindert Verspannungen. Die richtige Balance besteht darin, Details im FFB zu behalten und gleichzeitig die Kraftspitze etwas zu reduzieren.<\/p>\n<p>Schnelle Korrekturen, vor allem bei Einsitzern oder Protos, lassen das Lenkrad gut zur Geltung kommen. Die Schaltwippen liegen perfekt in den Fingern, man kann am Kurveneingang hart herunterschalten und gleichzeitig einen Heckausschlag korrigieren. Die Tatsache, dass die wichtigen Kn\u00f6pfe erreichbar sind, ohne den Griff loszulassen, vermittelt ein echtes Gef\u00fchl der Kontrolle. Man spielt in Echtzeit mit der Balance des Autos.<\/p>\n<p>Im Vergleich zu einem einfacheren, billigeren und oft plastischer wirkenden Lenkrad liegt der Unterschied in der Pr\u00e4zision und dem Vertrauen. Man traut sich sp\u00e4ter zu bremsen, weil man besser sp\u00fcrt, was die Front macht. Man traut sich, fr\u00fcher wieder Gas zu geben, weil die R\u00fcckmeldungen \u00fcber den Grip besser lesbar sind. Im Gegensatz dazu verliert der Formula V2.5 X gegen\u00fcber noch exklusiveren Lenkr\u00e4dern aus Karbon mit Custom-Schaltwippen ein wenig an gef\u00fchltem \"Luxus\", beh\u00e4lt aber ein Leistungsniveau bei, das weitgehend mit der Stra\u00dfe Schritt h\u00e4lt.<\/p>\n<p>Das Gesamtgef\u00fchl ist ein Lenkrad, das Lust auf Angriffe macht, vor allem mit modernen Autos. Immersion, Komfort und Kontrolle sind hier gegeben, vorausgesetzt, man hat eine Basis, die dahinter folgt. Hier ver\u00e4ndert die Basis wirklich das Erlebnis, aber der V2.5 X wird eine gute Fanatec-Basis eindeutig nicht z\u00fcgeln.<\/p>\n<h2>F\u00fcr wen ist es gut? Was wir m\u00f6gen \/ Was wir weniger m\u00f6gen<\/h2>\n<p>Das ClubSport Formula V2.5 X zielt eindeutig auf mittlere bis fortgeschrittene Sim-Racer ab. Es eignet sich gut f\u00fcr den motivierten Fahrer, der bereits eine Fanatec-Basis und ein ordentliches Pedalboard hat und viel Zeit mit Formel-1-Rennwagen, modernen GT3-Rennwagen oder Prototypen verbringt. Auf der Konsole kann es als gro\u00dfes Upgrade f\u00fcr einen ernsthaften Spieler dienen, aber auf dem PC macht es mit vollst\u00e4ndigen Sims und erweiterten Einstellungen am meisten Sinn.<\/p>\n<p>Was mir am meisten gef\u00e4llt, ist das Gef\u00fchl der Robustheit und Pr\u00e4zision. Man hat wirklich das Gef\u00fchl, ein Lenkrad in der Hand zu halten, das f\u00fcr stundenlanges Fahren konzipiert wurde, ohne zu murren. Zweitens ist die Anordnung der Bedienelemente sehr gut gelungen: Fast alles, was man im Rennen braucht, ist in Reichweite des Daumens, ohne dass man sich verrenken muss. Und schlie\u00dflich sorgen die magnetischen Schaltwippen f\u00fcr sofortige Zufriedenheit. Jeder Gangwechsel ist sauber, kontrolliert und ohne Unsicherheiten. Das ist die Art von Detail, die das Vertrauen in die Ausr\u00fcstung ver\u00e4ndert.<\/p>\n<p>Was die Grenzen betrifft, so ist das F1-Format nicht universell einsetzbar. F\u00fcr Rallyes, Drifts oder einfach f\u00fcr eine \"gemischte Nutzung von Stra\u00dfe und Rennen\" ist ein rundes Lenkrad oder ein GT-Lenkrad bequemer. Zweitens: Auch wenn die Qualit\u00e4t gut ist, bleiben wir bei bestimmten Elementen aus Kunststoff oder Verbundmaterialien, die daran erinnern, dass es sich nicht um ein Ultra-Boutique-Produkt handelt. Das ist bei der Leistung nicht st\u00f6rend, kann aber diejenigen frustrieren, die Vollcarbon wollen. Letzter Punkt: Die Menge an Kn\u00f6pfen und Einstellungen kann ein Anf\u00e4ngerprofil leicht einsch\u00fcchtern. Man gew\u00f6hnt sich daran, aber man muss eine kleine Lernphase in Kauf nehmen.<\/p>\n<p>Was den Begriff der Investition betrifft, so handelt es sich hier eindeutig um ein Produkt, das nicht zum Einstiegssegment geh\u00f6rt. Der Preis zielt auf einen Sim-Racer ab, der sein Setup als langfristiges Projekt betrachtet. Der wahrgenommene Wert ist gut, da man an Kontrolle, Fahrkomfort und Immersion gewinnt, aber man muss schon sicher sein, dass man Zeit mit dem Sim-Racer verbringt, um es rentabel zu machen. F\u00fcr einen Gelegenheitsspieler ist das wahrscheinlich zu ambitioniert. F\u00fcr jemanden, der mehrmals pro Woche f\u00e4hrt, macht sich der Unterschied sehr schnell bemerkbar.<\/p>\n<h2>Urteil<\/h2>\n<p>Der Fanatec ClubSport Formula V2.5 X bietet eine echte Verbesserung in einem Setup, das auf moderne Rennen ausgerichtet ist. Es verwandelt ein ordentliches Set in eine viel pr\u00e4zisere Fahrerschnittstelle, mit direktem Zugriff auf die Renneinstellungen und einem viel besser lesbaren Gef\u00fchl f\u00fcr das Auto. Man hat das Gef\u00fchl, dass man in der Art und Weise, wie man f\u00e4hrt, \"einen Schritt weitergeht\".<\/p>\n<p>Auf dem Markt ist es eindeutig im oberen Mittelfeld oder sogar im erschwinglichen Pre-Mium-Bereich angesiedelt. Es ist weder das teuerste noch das exklusivste, aber es erf\u00fcllt die meisten wichtigen Kriterien f\u00fcr jemanden, der ein seri\u00f6ses, langlebiges Lenkrad sucht, das gut in sein Fanatec-\u00d6kosystem integriert ist.<\/p>\n<p>Ich empfehle es Simracern, die haupts\u00e4chlich Formel 1, GT oder Langstreckenrennen fahren und vor allem ihre Kontrolle optimieren wollen. F\u00fcr einen sehr vielseitigen Spieler, der auch viel Rallyes oder Stra\u00dfenrennen f\u00e4hrt, ist ein rundes Lenkrad als Erg\u00e4nzung besser geeignet. F\u00fcr einen absoluten Anf\u00e4nger ist es wahrscheinlich zu viel, sowohl finanziell als auch von der Komplexit\u00e4t her.<\/p>\n<p>Wenn du nach einem soliden, pr\u00e4zisen, mit Befehlen vollgestopften F1-\u00e4hnlichen Lenkrad suchst, das einer starken Fanatec-Basis folgen kann, kann der ClubSport Formula V2.5 X in deinem Setup eindeutig den Unterschied machen.<\/p>","protected":false},"excerpt":{"rendered":"<p>Dieses Lenkrad vermittelt den Eindruck eines echten, seri\u00f6sen Werkzeugs: Man gewinnt an Pr\u00e4zision, Vertrauen und Lesbarkeit des Autos, vor allem bei F1, GT und Prototypen. Es macht Sinn f\u00fcr Sim-Racer, die bereits in das Fanatec-\u00d6kosystem investiert haben, die oft fahren und einen Schritt weiter gehen wollen, ohne auf sehr boutiquem\u00e4\u00dfig zu gehen. Der Gesamtwert steht im Einklang mit seiner Positionierung.<\/p>","protected":false},"featured_media":100537,"comment_status":"open","ping_status":"closed","template":"","meta":{"_acf_changed":false,"_et_pb_use_builder":"","_et_pb_old_content":"","_et_gb_content_width":""},"product_brand":[158],"product_cat":[156],"product_tag":[149,160],"class_list":{"0":"post-100536","1":"product","2":"type-product","3":"status-publish","4":"has-post-thumbnail","6":"product_brand-fanatec","7":"product_cat-roue-de-volant","8":"product_tag-pc","9":"product_tag-xbox","11":"first","12":"instock","13":"shipping-taxable","14":"product-type-external"},"acf":[],"_links":{"self":[{"href":"https:\/\/simracergear.com\/de\/wp-json\/wp\/v2\/product\/100536","targetHints":{"allow":["GET"]}}],"collection":[{"href":"https:\/\/simracergear.com\/de\/wp-json\/wp\/v2\/product"}],"about":[{"href":"https:\/\/simracergear.com\/de\/wp-json\/wp\/v2\/types\/product"}],"replies":[{"embeddable":true,"href":"https:\/\/simracergear.com\/de\/wp-json\/wp\/v2\/comments?post=100536"}],"wp:featuredmedia":[{"embeddable":true,"href":"https:\/\/simracergear.com\/de\/wp-json\/wp\/v2\/media\/100537"}],"wp:attachment":[{"href":"https:\/\/simracergear.com\/de\/wp-json\/wp\/v2\/media?parent=100536"}],"wp:term":[{"taxonomy":"product_brand","embeddable":true,"href":"https:\/\/simracergear.com\/de\/wp-json\/wp\/v2\/product_brand?post=100536"},{"taxonomy":"product_cat","embeddable":true,"href":"https:\/\/simracergear.com\/de\/wp-json\/wp\/v2\/product_cat?post=100536"},{"taxonomy":"product_tag","embeddable":true,"href":"https:\/\/simracergear.com\/de\/wp-json\/wp\/v2\/product_tag?post=100536"}],"curies":[{"name":"wp","href":"https:\/\/api.w.org\/{rel}","templated":true}]}}