{"id":100544,"date":"2025-05-15T07:45:00","date_gmt":"2025-05-15T07:45:00","guid":{"rendered":"https:\/\/simracergear.com\/products\/fanatec-clubsport-handbrake-v-1-5\/"},"modified":"2025-11-28T04:43:44","modified_gmt":"2025-11-28T04:43:44","slug":"fanatec-clubsport-handbrake-v-1-5","status":"publish","type":"product","link":"https:\/\/simracergear.com\/de\/products\/fanatec-clubsport-handbrake-v-1-5\/","title":{"rendered":"Fanatec Clubsport Handbrake V1.5"},"content":{"rendered":"<h2>Fanatec Clubsport Handbrake V1.5: Ernsthafte Handbremse f\u00fcr anspruchsvolle Simracer<\/h2>\n<p>Die Fanatec Clubsport Handbrake V1.5 geh\u00f6rt eindeutig in die Kategorie der \"ernsthaften\" Peripherieger\u00e4te f\u00fcr Simracing. Kein Spielzeug, kein Gadget, sondern eine echte analoge Handbremse, die f\u00fcr Rallyes, Drifts und alle Disziplinen gedacht ist, bei denen das Management des Hecks genauso wichtig ist wie das Treten des Gaspedals. Sie zielt auf das mittlere\/fortgeschrittene Segment ab: kr\u00e4ftiger und glaubw\u00fcrdiger als die kleinen Handbremsen der Einstiegsklasse, aber ohne den Preiswahn einiger ultrahochwertiger Modelle zu erreichen.<\/p>\n<p>Auf dem Papier verspricht sie eine pr\u00e4zise Kontrolle \u00fcber den Hub, eine langfristig orientierte Vollmetallkonstruktion und eine saubere Integration in das Fanatec-\u00d6kosystem. Die Idee ist einfach: eine Handbremse anbieten, bei der man dosieren und nicht nur ausl\u00f6sen kann.<\/p>\n<p>Mein Blickwinkel ist hier sehr konkret: Gef\u00fchl in der Hand, Progressivit\u00e4t im Spiel, Qualit\u00e4t der Materialien und wirklich einfache Integration in ein bestehendes Setup. Das Ziel ist es, zu sehen, ob dieses Handbrake V1.5 einen echten Mehrwert f\u00fcr das Fahren bietet oder ob es nur ein \"nice to have\" f\u00fcr Detailfans ist. Wir haben es hier eindeutig mit einem Ger\u00e4t zu tun, das eine Rallye-Pr\u00fcfung oder eine Kurvenkombination in einen Drift verwandeln kann. Es bleibt abzuwarten, ob es dies mit Raffinesse und Zuverl\u00e4ssigkeit tut.<\/p>\n<h2>Design &amp; Herstellung<\/h2>\n<p>In der Hand vermittelt der Fanatec Clubsport Handbrake V1.5 sofort diesen Eindruck eines soliden Blocks. Metallstruktur, massiver Hebel, wenige sichtbare Plastikteile. Wir befinden uns auf einem Ger\u00e4t, das schon beim ersten Kontakt Vertrauen erweckt. Nichts bewegt sich, nichts klingt hohl. Die Dichte ist da, man hat das Gef\u00fchl, dass es sich um ein Ger\u00e4t handelt, das Hunderttausende von Abz\u00fcgen ohne zu murren verkraften kann.<\/p>\n<p>Die Verarbeitung ist sauber, n\u00fcchtern, eher typisch f\u00fcr ein \"Arbeitsger\u00e4t\" als f\u00fcr ein \"Deko-Objekt\". Die Oberfl\u00e4chen sind gut bearbeitet, die Lackierung wirkt seri\u00f6s, die Ecken sind scharf, ohne Grate. Die mechanischen Anpassungen (Achse, Feder, Anschl\u00e4ge) erwecken nicht den Eindruck einer Bastelei, sondern eines beherrschten Industrieprodukts. Man merkt, dass es daf\u00fcr gedacht ist, missbraucht zu werden.<\/p>\n<p>Was ziemlich schnell \u00fcberrascht, ist die Steifigkeit des Ganzen. Wenn der Hebel einmal richtig auf einem Cockpit oder einer geeigneten Platte befestigt ist, verdreht er sich kaum, selbst wenn man ihn hart anpackt. Das Feedback der Mechanik ist trocken, klar und ohne st\u00f6rendes Spiel. Man merkt schnell, dass diese Handbremse daf\u00fcr gemacht ist, hart gezogen zu werden.<\/p>\n<p>Was ein wenig entt\u00e4uschend sein kann, h\u00e4ngt vor allem mit der groben Ergonomie zusammen. Der Griff ist standardm\u00e4\u00dfig recht einfach gehalten, ohne extravaganten Griff oder ultrabequemen Schaumstoff. Er ist funktional, aber nicht luxuri\u00f6s. Die Verarbeitung ist sehr ordentlich, aber nicht \"Wohnzimmer-Premium\" im Stil von ma\u00dfgefertigten Werkst\u00fccken. Wir befinden uns hier irgendwo zwischen Profi und Semiprofi.<\/p>\n<p>Gegen\u00fcber den sehr einsteigerfreundlichen Handbremsen aus Plastik ist es ein Unterschied wie Tag und Nacht. Im Vergleich zu einigen hochwertigen handgefertigten Modellen verliert man ein wenig den Aspekt des \"mechanischen Schmuckst\u00fccks\", aber man gewinnt an Integration und Koh\u00e4renz des Ganzen in einem Fanatec-Setup. Der Gesamteindruck bleibt der eines robusten Produkts, das bereit ist, den Alltag eines Simracers, der viel f\u00e4hrt, zu bew\u00e4ltigen.<\/p>\n<h2>Einstellungen, Personalisierung &amp; Kompatibilit\u00e4t<\/h2>\n<p>Bei der Clubsport Handbrake V1.5 k\u00f6nnen Sie die Position des Hebels (horizontal oder vertikal, je nach Cockpit oder Rallyestil) und den Federwiderstand einstellen. Der Einstellbereich ist nicht unendlich, aber ausreichend, um die H\u00e4rte an den eigenen Stil anzupassen: weicher f\u00fcr einen sehr reaktiven Drift, h\u00e4rter f\u00fcr einen Rallyesport, bei dem man die Kraft nat\u00fcrlicher dosieren m\u00f6chte.<\/p>\n<p>Wir haben es hier nicht mit der gleichen Komplexit\u00e4t der Einstellungen zu tun wie bei einem Pedalboard mit ultra-anpassbarer Lastzelle, aber die vorgeschlagenen Anpassungen haben einen echten Einfluss auf das Spiel. Man kann von einer sehr kurzen und nerv\u00f6sen Handbremse zu etwas Progressiverem und L\u00e4ngerem im Rennen wechseln, was die Art und Weise, wie man das Gleiten steuert, wirklich ver\u00e4ndert.<\/p>\n<p>Auf dem PC ist die Erkennung sauber, vor allem, wenn man bereits im Fanatec-\u00d6kosystem ist. \u00dcber eine kompatible Basis oder ein kompatibles Modul angeschlossen, wird der Handbrake als analoger Eingang erkannt und passt gut zu den Kalibrierungsmen\u00fcs der Spiele. Bei Konsolen h\u00e4ngt alles sowohl von der verwendeten Fanatec-Basisstation als auch von der Unterst\u00fctzung des Spiels ab. In der Praxis profitiert man in den meisten F\u00e4llen von der Integration \u00fcber die Basisstation, aber es ist kein eigenst\u00e4ndiges \"universelles\" Ger\u00e4t, das man direkt an eine Konsole anschlie\u00dfen kann.<\/p>\n<p>Die Kompatibilit\u00e4t mit dem Fanatec-\u00d6kosystem ist seine wahre St\u00e4rke. Clubsport- oder CSL-Lenkr\u00e4der, Pedale, Shifter: Alles l\u00e4sst sich recht \u00fcbersichtlich verkn\u00fcpfen. Man sp\u00fcrt, dass diese Handbremse eher dazu gedacht ist, sich in ein Gesamt-Setup zu integrieren, als alleine zu leben. Die Entwicklung ist einfach: Man kann sie wie einen zus\u00e4tzlichen Baustein zu einem bestehenden Setup hinzuf\u00fcgen und sie behalten, wenn man die Basis oder das Lenkrad aufr\u00fcstet.<\/p>\n<p>Die Lernkurve bleibt angemessen. Es dauert eine kleine Weile, bis man sich an das Rennen und die Dosierung gew\u00f6hnt hat, vor allem wenn man von einem einfachen Handbremsknopf kommt. Wenn man einmal im Spiel kalibriert und mechanisch eingestellt ist, findet man sich schnell zurecht. Es ist ein Peripherieger\u00e4t, das keine Angst macht, aber dennoch ein Mindestma\u00df an Zeit erfordert, um die Quintessenz aus ihm herauszuholen.<\/p>\n<h2>Sensationen im Spiel<\/h2>\n<p>Wo der Fanatec Clubsport Handbrake V1.5 seine volle Wirkung entfaltet, ist nat\u00fcrlich unter Spielbedingungen, auf der Erde, im Schnee oder auf Asphalt beim Driften. Was als Erstes auff\u00e4llt, ist die Progressivit\u00e4t des Rennens. Man sp\u00fcrt deutlich, wie das Heck \"bremsbar\" wird, wenn man den Hebel zieht, anstatt einfach nur abrupt ein- und auszuschalten. Der \u00dcbergang zwischen Grip und Gleiten ist viel besser lesbar.<\/p>\n<p>Pr\u00e4zision hat nichts mit einem Knopf oder einer digitalen Handbremse zu tun. Hier kann man entscheiden, ob man das Heck leicht entlastet, um das Auto anzumelden, oder ob man eine echte Querlage sucht. Bei einer einfachen Handbremse ist man oft entweder ganz eingehakt oder steht komplett quer. Mit diesem Modell ist es m\u00f6glich, fein zu dosieren. Man gewinnt vor allem an Nuancen.<\/p>\n<p>In engen Rallye-Kurven l\u00e4sst sich das Auto nat\u00fcrlicher positionieren. Sie k\u00f6nnen die Handbremse am Kurveneingang bet\u00e4tigen, sie allm\u00e4hlich loslassen, um den Grip wieder aufzubauen, und den Kurvenradius mit dem Hebel wirklich anpassen. Das Auto wird lebendiger, aber auch berechenbarer. Man ist dem Gleiten nicht mehr ausgesetzt, sondern steuert es.<\/p>\n<p>Auf Vibrationen oder bei Oberfl\u00e4chen\u00fcberg\u00e4ngen erzeugt die Handbremse kein physisches Feedback wie ein Direct Drive-Lenkrad, aber ihre Sensibilit\u00e4t erm\u00f6glicht es, sich an das anzupassen, was man visuell liest und an den FFB des Lenkrads. Wenn das Auto bei einer Vollbremsung zu jagen beginnt, gibt der Hebel genug Kontrolle, um zu korrigieren, ohne alles zu zerst\u00f6ren. Man merkt relativ schnell, wann man zu weit gegangen ist.<\/p>\n<p>Beim Driften ist es noch krasser. Der Start des Drifts ist klar und kontrollierbar. Man kann die Handbremse ziehen, um den Drift einzuleiten, und dann mit der Erholung spielen, indem man nicht bei jedem Zug an den Anschlag geht. Die Kurvenkombinationen werden fl\u00fcssiger und man gewinnt bei l\u00e4ngeren Fahrten an Konstanz. Der Arm erm\u00fcdet weniger, wenn die Feder richtig eingestellt ist, und die Bewegung des Handgelenks bleibt nat\u00fcrlich.<\/p>\n<p>Bei langen Sessions ist die Konstanz gut. Der Hebel f\u00fchlt sich immer gleich an, kein merkliches Driften, kein verd\u00e4chtiges Ger\u00e4usch. Die Mechanik erweckt Vertrauen, was f\u00fcr ein gleichm\u00e4\u00dfiges Fahren unerl\u00e4sslich ist. Man denkt nicht st\u00e4ndig an die Handbremse, sondern benutzt sie fast automatisch, wie eine Verl\u00e4ngerung des Arms.<\/p>\n<p>Im Vergleich zu einer improvisierten \"Handbremse\" \u00fcber einen Knopf am Lenkrad oder einen kleinen Plastikhebel in der Einstiegsklasse ist der Gewinn an Immersion und Vertrauen enorm. Endlich hat man etwas, das wie ein echtes Rallye- oder Drift-Cockpit aussieht. Im Vergleich zu einigen noch hochwertigeren Systemen, die auf fortschrittlicheren Sensoren oder Hydraulik basieren, ist das Fanatec am Ende des Rennens und beim Gef\u00fchl des \"Anschlags\" etwas weniger raffiniert, aber das Verh\u00e4ltnis Pr\u00e4zision \/ Einfachheit \/ Integration bleibt sehr interessant.<\/p>\n<p>Was sich in Wirklichkeit am meisten \u00e4ndert, ist die F\u00e4higkeit, schnelle, kalkulierte Korrekturen vorzunehmen. Wenn das Heck st\u00e4rker als erwartet ausbricht, kann man durch leichtes Loslassen des Hebels das Auto wieder einfangen, ohne die Kontrolle zu verlieren. Diesen Anpassungsspielraum hat man bei einem rein digitalen Ger\u00e4t einfach nicht. Im Spiel bedeutet das mehr Vertrauen und mehr Spa\u00df beim Angreifen.<\/p>\n<h2>F\u00fcr wen ist es gut? Was wir m\u00f6gen \/ Was wir weniger m\u00f6gen<\/h2>\n<p>Das Fanatec Clubsport Handbrake V1.5 richtet sich eindeutig an den Simracer, der bereits ein wenig in sein Setup investiert hat. Typisches Profil: Mittlerer bis fortgeschrittener Spieler, der auf Rallye, Drift oder Rennstrecken mit engen Passagen ausgerichtet ist, regelm\u00e4\u00dfig f\u00e4hrt und eine glaubw\u00fcrdigere Kontrolle \u00fcber das Heck w\u00fcnscht. F\u00fcr einen reinen Gelegenheitsanf\u00e4nger k\u00f6nnen das Budget und die Spezialisierung unverh\u00e4ltnism\u00e4\u00dfig hoch erscheinen, insbesondere wenn der Rest des Setups noch grundlegend ist.<\/p>\n<p>Was mir am meisten gef\u00e4llt, ist die Gesamtkonstruktion. Man f\u00fchlt sich wie ein Produkt, das auf Langlebigkeit und Belastbarkeit ausgelegt ist, ohne Spiel und ohne besorgniserregenden Flex. Zweitens die Progressivit\u00e4t des Rennens: Die F\u00e4higkeit, das Gleiten zu dosieren, ver\u00e4ndert buchst\u00e4blich die Art und Weise, wie man eine Kurve bei einer Rallye oder beim Driften angreift. Und schlie\u00dflich ist die Integration in das Fanatec-\u00d6kosystem ein echter Pluspunkt: Einmal an eine kompatible Basisstation angeschlossen, kommuniziert alles reibungslos, die Erkennung in Spielen ist fl\u00fcssig und man beh\u00e4lt ein koh\u00e4rentes Setup, das wie ein echtes Cockpit aussieht.<\/p>\n<p>Die Einschr\u00e4nkungen sind jedoch vorhanden. Die Ergonomie des Griffs ist ziemlich neutral: Er erf\u00fcllt seine Aufgabe, aber es fehlt ein wenig an Komfort oder Grip f\u00fcr diejenigen, die lange Sessions oder ein sehr \"Rallye-Pro\"-\u00e4hnliches Gef\u00fchl m\u00f6gen. Einige werden auch die mechanischen Einstellm\u00f6glichkeiten im Vergleich zu sehr hochwertigen Modellen als etwas eingeschr\u00e4nkt empfinden, insbesondere was die K\u00f6rnigkeit der Widerst\u00e4nde und das Gef\u00fchl des Anschlags betrifft. Letzter Punkt: F\u00fcr Spieler, die nicht bereits bei Fanatec sind, kann die Integration weniger offensichtlich sein, und das Produkt verliert im Vergleich zu einer eigenst\u00e4ndigen universellen Handbremse einen Teil seines Interesses.<\/p>\n<p>In Bezug auf den Wert handelt es sich um eine ernsthafte, aber koh\u00e4rente Investition in ein Setup der mittleren bis fortgeschrittenen Preisklasse. Es ist kein Spontankauf, sondern eine wohl\u00fcberlegte Entscheidung f\u00fcr diejenigen, die Rallyes oder Drifts ernst nehmen. In einem bereits gut ausgestatteten Setup bringt dieses Handbrake V1.5 eindeutig eine weitere Stufe an Realismus und Kontrolle.<\/p>\n<h2>Urteil: Ein echtes Plus f\u00fcr Rallyes und Drifts<\/h2>\n<p>Das Fanatec Clubsport Handbrake V1.5 bringt etwas sehr Konkretes in ein Setup: den \u00dcbergang von einem einfachen Ausl\u00f6ser f\u00fcr das Gleiten zu einem echten Dosierungswerkzeug f\u00fcr das Heck. Es verwandelt ein rennstreckenorientiertes Cockpit in ein glaubw\u00fcrdiges Cockpit f\u00fcr Rallye und Drift. Es ist das Zubeh\u00f6r, das ein \"allgemeines\" Setup in etwas Spezialisierteres und Immersiveres umwandelt.<\/p>\n<p>Auf dem Markt ist sie im mittleren\/oberen Bereich angesiedelt: weit \u00fcber den Mini-Spielzeughandbremsen, aber zug\u00e4nglicher und plug &amp; play-f\u00e4higer als einige ultra-spezialisierte Systeme. Sie gl\u00e4nzt vor allem, wenn sie in einem Fanatec-\u00d6kosystem verwendet wird, wo ihre Integration und Zuverl\u00e4ssigkeit Sinn machen.<\/p>\n<p>Ich empfehle es denjenigen, die regelm\u00e4\u00dfig Rallyes, Rallycross oder Drifts fahren und bereits mit einer guten Basis und einem guten Lenkrad ausgestattet sind, und die einen Schritt weiter gehen wollen, was die Kontrolle \u00fcber das Gleiten angeht. F\u00fcr einen reinen Anf\u00e4nger oder einen sehr gelegentlichen Spieler ist es besser, zuerst in ein gutes Lenkrad und eine solide Pedalplatte zu investieren, bevor man an eine dedizierte Handbremse denkt.<\/p>\n<p>Wenn du nach M\u00f6glichkeiten suchst, das Heck besser zu kontrollieren, deine Querschl\u00e4ge zu dosieren und deine Specials wirklich lebendig zu machen, kann dieses Produkt eindeutig den Unterschied in deinem Setup ausmachen.<\/p>","protected":false},"excerpt":{"rendered":"<p>Diese Handbremse bringt einen echten Kontrollgewinn beim Gleiten: Man wird von einem einfachen Ausl\u00f6ser zu einem pr\u00e4zisen Werkzeug, um das Heck bei Rallyes und Drifts zu platzieren, mit einem beruhigenden Gef\u00fchl der Solidit\u00e4t. Es macht vor allem f\u00fcr mittlere oder fortgeschrittene Simracer Sinn, die bereits mit Fanatec ausgestattet sind. Die Investition bleibt stimmig, wenn du oft in diesen Disziplinen f\u00e4hrst.<\/p>","protected":false},"featured_media":100545,"comment_status":"open","ping_status":"closed","template":"","meta":{"_acf_changed":false,"_et_pb_use_builder":"","_et_pb_old_content":"","_et_gb_content_width":""},"product_brand":[158],"product_cat":[150],"product_tag":[149,159,160],"class_list":{"0":"post-100544","1":"product","2":"type-product","3":"status-publish","4":"has-post-thumbnail","6":"product_brand-fanatec","7":"product_cat-frein-a-main","8":"product_tag-pc","9":"product_tag-playstation","10":"product_tag-xbox","12":"first","13":"instock","14":"shipping-taxable","15":"product-type-external"},"acf":[],"_links":{"self":[{"href":"https:\/\/simracergear.com\/de\/wp-json\/wp\/v2\/product\/100544","targetHints":{"allow":["GET"]}}],"collection":[{"href":"https:\/\/simracergear.com\/de\/wp-json\/wp\/v2\/product"}],"about":[{"href":"https:\/\/simracergear.com\/de\/wp-json\/wp\/v2\/types\/product"}],"replies":[{"embeddable":true,"href":"https:\/\/simracergear.com\/de\/wp-json\/wp\/v2\/comments?post=100544"}],"wp:featuredmedia":[{"embeddable":true,"href":"https:\/\/simracergear.com\/de\/wp-json\/wp\/v2\/media\/100545"}],"wp:attachment":[{"href":"https:\/\/simracergear.com\/de\/wp-json\/wp\/v2\/media?parent=100544"}],"wp:term":[{"taxonomy":"product_brand","embeddable":true,"href":"https:\/\/simracergear.com\/de\/wp-json\/wp\/v2\/product_brand?post=100544"},{"taxonomy":"product_cat","embeddable":true,"href":"https:\/\/simracergear.com\/de\/wp-json\/wp\/v2\/product_cat?post=100544"},{"taxonomy":"product_tag","embeddable":true,"href":"https:\/\/simracergear.com\/de\/wp-json\/wp\/v2\/product_tag?post=100544"}],"curies":[{"name":"wp","href":"https:\/\/api.w.org\/{rel}","templated":true}]}}