{"id":100592,"date":"2025-05-15T07:47:00","date_gmt":"2025-05-15T07:47:00","guid":{"rendered":"https:\/\/simracergear.com\/products\/fanatec-clubsport-shifter-sq-v-1-5\/"},"modified":"2025-11-28T04:45:10","modified_gmt":"2025-11-28T04:45:10","slug":"fanatec-clubsport-shifter-sq-v-1-5","status":"publish","type":"product","link":"https:\/\/simracergear.com\/de\/products\/fanatec-clubsport-shifter-sq-v-1-5\/","title":{"rendered":"Fanatec ClubSport Shifter SQ V1.5"},"content":{"rendered":"<h2>Fanatec ClubSport Shifter SQ V 1.5: Der Hebel, der \"wie in echt\" wirken will<\/h2>\n<p>Der Fanatec ClubSport Shifter SQ V 1.5 positioniert sich eindeutig als \"ernsthafter\" Shifter f\u00fcr anspruchsvolle Sim-Racer. Er liegt \u00fcber den kleinen Einsteigerhebeln, ohne in die Wahnvorstellungen von ultra-spezifischen Shiftern f\u00fcr \u00fcber 500 \u20ac zu verfallen. Fanatec verspricht ein robustes, realistisches Produkt, das sowohl H-Getriebe als auch sequenzielle Schaltung kann und sich sauber in ein bereits gut etabliertes \u00d6kosystem einf\u00fcgt.<\/p>\n<p>Was so anziehend ist, ist diese Doppelrolle: Man kann einen modernen GT sequenziell fahren und dann auf ein altes Touring Car in H umsteigen, ohne die Hardware zu wechseln. Und das alles mit einem mechanischen Gef\u00fchl, das dem echten Auto nahe kommen soll, weit weg von Plastikklicks.<\/p>\n<p>Mein Blickwinkel ist einfach: mechanisches Gef\u00fchl, Pr\u00e4zision der Schaltvorg\u00e4nge, Spa\u00df bei der t\u00e4glichen Nutzung und \u00dcbereinstimmung mit einem modernen Setup. Denn ein Shifter kann auf dem Tisch super aussehen ... und auf der virtuellen Rennstrecke entt\u00e4uschend sein. Hier interessiere ich mich sowohl f\u00fcr das Gef\u00fchl als auch f\u00fcr die Praktikabilit\u00e4t und die Schl\u00fcsselfrage: Rechtfertigt er seine \"ClubSport\"-Platzierung in der Fanatec-Reihe?<\/p>\n<p>&nbsp;<\/p>\n<h2>Design &amp; Herstellung<\/h2>\n<p>Wenn man den ClubSport Shifter SQ V 1.5 aus der Schachtel nimmt, ist der Haupteindruck die Dichte. Der K\u00f6rper ist komplett aus Metall, mit einem massiven Rahmen, der Steifigkeit ausstrahlt. Keine weichen Kunststoffe oder hohl klingenden Teile: Man merkt sofort, dass es sich hier um ein Produkt handelt, das jahrelange, etwas ruppigere Passagen verkraften soll.<\/p>\n<p>Der Hebel liegt kurz und fest in der Hand, mit einem Knauf, der eher an einen Sportwagen als an ein Stadtauto erinnert. Der interne Mechanismus vermittelt ein klares mechanisches Gef\u00fchl: Es klappert, es gleitet auf einer klar definierten Schiene. Man k\u00e4mpft nicht mit parasit\u00e4rem Spiel. Man versteht schnell, dass das Ziel darin besteht, das Gef\u00fchl zu vermitteln, ein echtes mechanisches Getriebe zu bedienen und nicht nur einen als Shifter getarnten Schalter.<\/p>\n<p>Die allgemeine Verarbeitung ist sauber: korrekte Verschraubung, seri\u00f6se Anpassungen, Lackierung oder Eloxierung, die nicht billig aussieht. Wir befinden uns eindeutig \u00fcber den \"toy-like\" Shiftern aus Plastik. Auf einem Cockpit aus Aluminium oder Stahl f\u00fcgt er sich optisch ohne falsche Note ein.<\/p>\n<p>Was \u00fcberrascht, ist, wie kompakt das Ganze im Vergleich zum Gef\u00fchl der Robustheit wirkt. Wir haben einen ziemlich gedrungenen Block, der aber das Vertrauen vermittelt, dass man ihn offen anpacken kann. Der Originalknauf ist funktional, aber nicht besonders \"premium\", und die Gitterplatten haben nicht die Raffinesse einiger hochwertigerer Shifter, insbesondere was das Gef\u00fchl des Metall-auf-Metall-Anschlags anbelangt.<\/p>\n<p>Im Vergleich zu anderen Shiftern seiner Klasse ist man bei der allgemeinen Robustheit sehr konkurrenzf\u00e4hig, etwas weniger bei dem Aspekt \"sch\u00f6nes St\u00fcck Uhrmacherarbeit\". Wichtig ist, dass kein Teil zerbrechlich wirkt, und das erwartet man von einem Produkt, das bei jeder Session gemartert wird.<\/p>\n<p>&nbsp;<\/p>\n<h2>Einstellungen, Personalisierung &amp; Kompatibilit\u00e4t<\/h2>\n<p>Der ClubSport Shifter SQ V 1.5 erm\u00f6glicht einfache, aber n\u00fctzliche mechanische Einstellungen. Man kann die H\u00e4rte des Gangwechsels \u00fcber Spannschrauben einstellen, was das Gef\u00fchl wirklich ver\u00e4ndert. Man wechselt von einem eher weichen Shifter zu etwas M\u00e4nnlicherem, das in jedem Gang echtes Engagement erfordert. F\u00fcr diejenigen, die gerne das Gef\u00fchl haben, dass sie den Gang \"einlegen\" m\u00fcssen, ist dies eine willkommene Abwechslung.<\/p>\n<p>Der Wechsel zwischen H \/ sequenziellem Modus erfolgt \u00fcber einen mechanischen Hebel an der Seite. Das geht sofort, ohne Demontage, und bietet echte Flexibilit\u00e4t im Alltag. Im sequenziellen Modus wird der Hebel zu einem einfachen \"+ \/ -\", das gezogen\/gedr\u00fcckt werden muss, mit einem k\u00fcrzeren Hub und einem ziemlich deutlichen mechanischen Ratschengef\u00fchl.<\/p>\n<p>In Bezug auf die Ergonomie gibt es keine komplexen Men\u00fcs: Der Teil \"Einstellungen\" wird direkt auf dem Shifter vorgenommen. Am PC kann man \u00fcber das Fanatec-\u00d6kosystem die Erkennung verfeinern und sicherstellen, dass jeder Gang korrekt erkannt wird. Die Lernkurve ist kurz: einstecken, kalibrieren und losfahren. F\u00fcr jemanden, der noch nie einen Shifter konfiguriert hat, wird es am Anfang ein wenig Versuch und Irrtum erfordern, vor allem um zu verstehen, wie man die Steifigkeit entsprechend der Cockpitmontage richtig einstellt.<\/p>\n<p>Was die Kompatibilit\u00e4t angeht, ist der Shifter so konzipiert, dass er am besten mit Fanatec-Kettenstreben funktioniert, indem man ihn direkt an diese anschlie\u00dft. Bei PCs kann man bei Bedarf auch einen USB-Adapter verwenden. Bei Konsolen h\u00e4ngt die Nutzung stark von der verwendeten Fanatec-Basis ab: In vielen F\u00e4llen \"sieht\" die Konsole den Shifter nur \u00fcber die Basisstation, so dass man im \u00d6kosystem bleiben muss, damit alles richtig erkannt wird.<\/p>\n<p>F\u00fcr den Rest des Setups l\u00e4sst es sich gut mit einem Fanatec-Pedal und einem starren Cockpit integrieren. Bei einem leichteren Chassis oder einem B\u00fcrost\u00e4nder muss eine solide Befestigung vorgesehen werden, da das beim Schalten ausge\u00fcbte Drehmoment das Ganze schnell in Bewegung setzen kann. Es handelt sich um einen Shifter, der auch bei einem Upgrade auf ein st\u00e4rkeres Direct Drive an seinem Platz bleiben kann.<\/p>\n<p>&nbsp;<\/p>\n<h2>Sensationen im Spiel<\/h2>\n<p>Hier muss dieser ClubSport Shifter SQ V 1.5 seine Existenz rechtfertigen. Was mich beeindruckt hat, ist das insgesamt stimmige Gef\u00fchl in H. Der Leerlauf ist gut definiert, die Gangkorridore sind klar und man sp\u00fcrt jede Kerbe, wenn man schaltet. Es gibt einen echten mechanischen Weg, dem man folgen kann, wodurch das Gef\u00fchl eines \"verkappten Joysticks\" vermieden wird.<\/p>\n<p>Beim Fahren, vor allem bei \u00e4lteren Fahrzeugen oder GTs mit Schaltgetriebe, \u00e4ndert sich die Art und Weise, wie man f\u00e4hrt, v\u00f6llig. Man kann das Hochschalten wirklich steuern, man antizipiert die Ferse-Spitze und sp\u00fcrt, wenn man den Gang richtig einlegt. Wenn das Tempo steigt, folgt der Hebel: Keine st\u00f6renden Fehlz\u00fcndungen, solange die Kalibrierung gut gemacht und die Montage steif ist.<\/p>\n<p>Der Widerstand des Hebels tr\u00e4gt enorm zum realistischen Gef\u00fchl bei. Bei langen Sessions wird die Feder nicht weicher, das Gef\u00fchl bleibt konstant. Der wichtigste Punkt ist, dass man die G\u00e4nge schlagen kann, ohne Angst um das Material haben zu m\u00fcssen. Man kann es wagen, hart herunterzuschalten, man kann es wagen, am Ausgang einer engen Kurve den 3. F\u00fcr die Immersion ist das ein gro\u00dfer Pluspunkt. Man hat wirklich das Gef\u00fchl, dass man das Auto \"bearbeitet\".<\/p>\n<p>Was den \"Grip\" betrifft, so spricht ein Shifter nat\u00fcrlich nicht wie ein Direct Drive-Lenkrad, aber er beeinflusst die Art und Weise, wie sich das Auto beim Bremsen und Beschleunigen anf\u00fchlt. Wenn man ein H-Getriebe bedient, ist der richtige Gang zur richtigen Zeit ein direkter Einflussfaktor auf die Stabilit\u00e4t des Autos. Bei diesem ClubSport wei\u00df man dank der pr\u00e4zisen Schaltmatrix genau, welcher Gang eingelegt ist. Keine Zweifel, kein \"Ich glaube, ich bin in 4... ach nein\". Das schafft Vertrauen.<\/p>\n<p>Bei Vibrationen ist es kein Element, das direkt Informationen \u00fcbertr\u00e4gt wie ein Lenkrad oder ein Tretlager. Andererseits erm\u00f6glicht die mechanische Festigkeit einen hemmungslosen Angriff. Wenn das Auto ein wenig ausbricht, man gegenlenkt und dringend einen Gang zur\u00fcckschaltet, reagiert der Shifter. Die Kontrolle bei schnellen Korrekturen ist gut: kein Blockieren, kein unangenehmes mechanisches Ruckeln.<\/p>\n<p>Im sequenziellen Modus \u00e4ndert sich das Verhalten. Der Schaltweg ist k\u00fcrzer, die Rucks sind ehrlicher. Man erh\u00e4lt ein recht angenehmes \"Klack-Klack\"-Gef\u00fchl, auch wenn es einen Ton hinter den ultra-aggressiven, rein sequenziellen Shiftern zur\u00fcckbleibt. F\u00fcr Rallyes oder moderne GTs funktioniert das sehr gut. Man kann die G\u00e4nge bergauf und bergab ohne nachzudenken, fast wie im Flug, aneinanderreihen.<\/p>\n<p>Im Vergleich zu einem einfachen Plastikshifter der Einstiegsklasse ist der Gewinn vor allem in der Gleichm\u00e4\u00dfigkeit der Schaltvorg\u00e4nge und dem Gef\u00fchl des Eingriffs zu sehen. Man hat nicht mehr das Gef\u00fchl, einen Schalter zu ber\u00fchren, sondern ein ernsthaftes mechanisches Teil zu bedienen. Im Vergleich zu einigen noch h\u00e4rteren und lauteren Shiftern der Spitzenklasse ist der ClubSport ein wenig \"zivilisierter\". Er h\u00e4lt einen guten Kompromiss zwischen Realismus und Alltagstauglichkeit, vor allem wenn man viele Stunden in der Liga verbringt.<\/p>\n<p>&nbsp;<\/p>\n<h2>F\u00fcr wen ist es gut? Was wir m\u00f6gen \/ Was wir weniger m\u00f6gen<\/h2>\n<p>Ich sehe diesen ClubSport Shifter SQ V 1.5 als ein Produkt, das f\u00fcr mittlere bis fortgeschrittene Sim-Racer zugeschnitten ist, die regelm\u00e4\u00dfig fahren und ein komplettes Setup w\u00fcnschen. F\u00fcr einen motivierten Anf\u00e4nger kann es mittelfristig eine sehr gute Investition sein, vor allem wenn er bereits wei\u00df, dass er Autos mit Schaltgetriebe mag. Auf der Konsole richtet es sich vor allem an diejenigen, die bereits im Fanatec-\u00d6kosystem sind. Auf dem PC hat er mehr Freiheiten, bleibt aber idealerweise in eine Markenbasis eingebunden.<\/p>\n<p>Was ich besonders sch\u00e4tze, ist die gef\u00fchlte Robustheit. Man merkt, dass er f\u00fcr den Einsatz gemacht ist, was dazu f\u00fchrt, dass man die G\u00e4nge wirklich \"einlegen\" m\u00f6chte. Zweitens bietet die Doppelfunktion H + sequentiell eine echte Vielseitigkeit, ohne dass man mehr Peripherieger\u00e4te ben\u00f6tigt. Schlie\u00dflich ist auch das allgemeine mechanische Gef\u00fchl zufriedenstellend: Der Hebel hat Charakter, die Schaltsperren sind klar und das Schalten macht Spa\u00df. Man findet dieses \"man f\u00e4hrt, nicht nur man klickt\" wieder.<\/p>\n<p>Es gibt jedoch einige Einschr\u00e4nkungen, die man im Auge behalten sollte. Der erste Punkt ist, dass er trotz seiner Qualit\u00e4t nicht v\u00f6llig mit einigen ultrahochwertigen Shiftern konkurrieren kann, was die ultimative Verarbeitung oder das Gef\u00fchl einer sehr harten, ultrametallischen Racing-Box angeht. Wir sind solide, aber nicht extrem. Zweites Thema: Der Schaltknauf und einige \u00e4sthetische Details bleiben ziemlich standardm\u00e4\u00dfig. Es funktioniert, aber Liebhaber von sch\u00f6nen, maschinell bearbeiteten Teilen m\u00f6chten den Knauf vielleicht aufr\u00fcsten oder das Aussehen ein wenig anpassen. Schlie\u00dflich kann die Abh\u00e4ngigkeit vom Fanatec-\u00d6kosystem ein Hindernis f\u00fcr diejenigen sein, die sich von dieser Marke l\u00f6sen oder Hardware freier mischen wollen, insbesondere auf Konsolen.<\/p>\n<p>Was den Begriff der Investition betrifft, so handelt es sich hier eindeutig um ein Produkt, das zwar Kosten verursacht, aber im Hinblick auf den wahrgenommenen Wert gut verteidigt werden kann. Wenn du viel in H und sequentiell f\u00e4hrst, wird der Gewinn an Spa\u00df und Realismus schnell deutlich. F\u00fcr jemanden, der 90 % der Zeit in Paletten bleibt, ist der Nutzen eher fraglich.<\/p>\n<p>&nbsp;<\/p>\n<h2>Urteil<\/h2>\n<p>Der Fanatec ClubSport Shifter SQ V 1.5 bringt etwas sehr Konkretes in ein Setup: das Gef\u00fchl, das Auto wirklich mit der rechten Hand (oder links, je nach deinem Setup) zu \"bearbeiten\". Er ist die perfekte Erg\u00e4nzung zu einer Direct Drive Basis und einem guten Pedalboard und f\u00fcgt die mechanische Schicht hinzu, die fehlt, wenn man nur mit Schaltwippen f\u00e4hrt.<\/p>\n<p>Auf dem Markt positioniert er sich eindeutig im erschwinglichen Mittel-\/Oberklassebereich. Seri\u00f6ser und langlebiger als die Shifter der Einstiegsklasse, nicht so extrem wie einige hyperspezialisierte Modelle. Er ist ein guter Dreh- und Angelpunkt: Premium genug, um einen anspruchsvollen Sim-Racer zufrieden zu stellen, ohne in Bezug auf das Budget oder die Anforderungen verr\u00fcckt zu werden.<\/p>\n<p>Ich empfehle es denjenigen, die regelm\u00e4\u00dfig fahren, die Kisten mit Schaltgetriebe m\u00f6gen und einen Shifter wollen, der von H bis sequenziell alles richtig machen kann. F\u00fcr einen Gelegenheitsspieler, der auf Schaltwippen schw\u00f6rt, wird es nicht die beste Wahl f\u00fcr eine Investition sein. F\u00fcr einen Fan von \"mechanischem\" Sim-Racing hingegen macht es Sinn.<\/p>\n<p>Wenn du einen soliden, vielseitigen Shifter mit \u00fcberzeugendem Gef\u00fchl suchst, der sich gut in ein Fanatec-Setup einf\u00fcgt, kann dieses Produkt eindeutig den Unterschied in deinem Setup ausmachen.<\/p>","protected":false},"excerpt":{"rendered":"<p>Dieser Shifter vermittelt ein echtes mechanisches Gef\u00fchl und ver\u00e4ndert deutlich das Engagement beim Fahren, vor allem mit H-Getriebe. Er richtet sich vor allem an regelm\u00e4\u00dfige Sim-Racer, die bereits ausgestattet sind oder bereit sind, sich im Fanatec-\u00d6kosystem zu verankern, und die es wirklich lieben, das Auto zu \"bearbeiten\", anstatt mit Paletten zu fahren. Das Ganze bietet einen stimmigen Wert f\u00fcr ein seri\u00f6ses und nachhaltiges Setup.<\/p>","protected":false},"featured_media":100593,"comment_status":"open","ping_status":"closed","template":"","meta":{"_acf_changed":false,"_et_pb_use_builder":"","_et_pb_old_content":"","_et_gb_content_width":""},"product_brand":[158],"product_cat":[152],"product_tag":[149,160],"class_list":{"0":"post-100592","1":"product","2":"type-product","3":"status-publish","4":"has-post-thumbnail","6":"product_brand-fanatec","7":"product_cat-levier-de-vitesse","8":"product_tag-pc","9":"product_tag-xbox","11":"first","12":"instock","13":"shipping-taxable","14":"product-type-external"},"acf":[],"_links":{"self":[{"href":"https:\/\/simracergear.com\/de\/wp-json\/wp\/v2\/product\/100592","targetHints":{"allow":["GET"]}}],"collection":[{"href":"https:\/\/simracergear.com\/de\/wp-json\/wp\/v2\/product"}],"about":[{"href":"https:\/\/simracergear.com\/de\/wp-json\/wp\/v2\/types\/product"}],"replies":[{"embeddable":true,"href":"https:\/\/simracergear.com\/de\/wp-json\/wp\/v2\/comments?post=100592"}],"wp:featuredmedia":[{"embeddable":true,"href":"https:\/\/simracergear.com\/de\/wp-json\/wp\/v2\/media\/100593"}],"wp:attachment":[{"href":"https:\/\/simracergear.com\/de\/wp-json\/wp\/v2\/media?parent=100592"}],"wp:term":[{"taxonomy":"product_brand","embeddable":true,"href":"https:\/\/simracergear.com\/de\/wp-json\/wp\/v2\/product_brand?post=100592"},{"taxonomy":"product_cat","embeddable":true,"href":"https:\/\/simracergear.com\/de\/wp-json\/wp\/v2\/product_cat?post=100592"},{"taxonomy":"product_tag","embeddable":true,"href":"https:\/\/simracergear.com\/de\/wp-json\/wp\/v2\/product_tag?post=100592"}],"curies":[{"name":"wp","href":"https:\/\/api.w.org\/{rel}","templated":true}]}}