{"id":100604,"date":"2025-05-15T07:47:00","date_gmt":"2025-05-15T07:47:00","guid":{"rendered":"https:\/\/simracergear.com\/products\/fanatec-clubsport-shifter-table-clamp\/"},"modified":"2025-11-28T04:45:12","modified_gmt":"2025-11-28T04:45:12","slug":"fanatec-clubsport-shifter-table-clamp","status":"publish","type":"product","link":"https:\/\/simracergear.com\/de\/products\/fanatec-clubsport-shifter-table-clamp\/","title":{"rendered":"Fanatec ClubSport Shifter Table Clamp"},"content":{"rendered":"<h2>Fanatec ClubSport Shifter Table Clamp: Test &amp; Meinungen f\u00fcr eine wirklich solide Montage?<\/h2>\n<p>In der Welt des Sim-Racing bekommen manuelle und sequenzielle Shifter erst dann eine echte Dimension, wenn sie richtig befestigt werden. Die Fanatec ClubSport Shifter Table Clamp ist genau daf\u00fcr gedacht: eine seri\u00f6se Befestigungsl\u00f6sung f\u00fcr den ClubSport Shifter zu bieten, ohne direkt \u00fcber ein Cockpit oder Selbstgebasteltes zu gehen.<\/p>\n<p>Auf dem Papier verspricht er eine starre, saubere, verstellbare Halterung f\u00fcr Schreibtisch oder Tisch. In der Praxis ist es ein Zubeh\u00f6rteil, das oft untersch\u00e4tzt wird ... bis zu dem Tag, an dem sich der Hebel bewegt, vibriert oder an der falschen Stelle herumh\u00e4ngt. Mit einer guten Klemme gewinnt man zwar keine Zehntel, aber sie kann eindeutig die Erfahrung retten.<\/p>\n<p>Mein Blickwinkel hier ist einfach: H\u00e4lt diese Klemme den Hebel wirklich so, wie sie soll, h\u00e4lt die Ergonomie mit und ist sie eine sinnvolle Investition in ein ClubSport-Setup? Ich konzentriere mich auf die Steifigkeit, die wahrgenommene Qualit\u00e4t, die einfache Installation und die Anpassungsf\u00e4higkeit an verschiedene Schreibtische und Fahrpositionen.<\/p>\n<h2>Design &amp; Herstellung<\/h2>\n<p>In der Hand vermittelt der ClubSport Shifter Table Clamp sofort einen seri\u00f6sen Eindruck. Es ist ein Block aus Metall mit einem sehr Fanatec-typischen Design: kantige Linien, schwarzes Finish, ohne Schn\u00f6rkel. Man merkt, dass die Priorit\u00e4t eindeutig auf Steifigkeit und mechanischem Halt liegt und nicht auf einem \"Gaming\"-Look.<\/p>\n<p>Die Hauptteile sind aus Metall mit einer beruhigenden Dicke. Die Dichte ist da, nichts klingt hohl, die Tragarme machen nicht den Eindruck, als k\u00f6nnten sie sich leicht verbiegen. Sobald die Schrauben angezogen sind, wirkt das Ganze vertrauenserweckend. Man sp\u00fcrt, dass man den Hebel wirklich maltr\u00e4tieren kann, ohne bef\u00fcrchten zu m\u00fcssen, dass alles durcheinander ger\u00e4t.<\/p>\n<p>Auch die Spannr\u00e4der und Einstellschrauben passen zum Ton: gro\u00df genug, um sie mit der Hand zu bedienen, mit einem Gewinde, das nicht quietscht. Es schreit nicht nach \"Luxus\", aber es f\u00fchlt sich sehr nach Werkzeug an: funktional, klar, robust. Man versteht schnell, in welche Richtung alles angezogen wird, was Kopfzerbrechen vermeidet.<\/p>\n<p>Was \u00fcberrascht, ist die Kompaktheit insgesamt. F\u00fcr einen so starken St\u00e4nder nimmt er relativ wenig Platz um die Tischkante herum ein. Auf einem normalen Schreibtisch ist er nicht allzu platzraubend. Wenn man ihn einmal aufgestellt hat, denkt man kaum noch daran.<\/p>\n<p>Andererseits kann das Gewicht der Klemme in Verbindung mit dem \u00fcberh\u00e4ngenden Teil einen leichten Eindruck eines Hebelarms vermitteln, wenn Ihr Schreibtisch d\u00fcnn oder ein wenig flexibel ist. Die Klemme selbst ist zwar steif, aber sie offenbart manchmal die Schw\u00e4chen des M\u00f6belst\u00fccks, an dem sie befestigt ist. Auf einer kr\u00e4ftigen Tischplatte ist sie perfekt, auf einem Schreibtisch der Einstiegsklasse kann sie etwas vibrieren.<\/p>\n<p>Im Vergleich zu allgemeinen L\u00f6sungen wie Universalklemmen oder 3D-gedruckten Halterungen sind wir in Bezug auf Halt und Seriosit\u00e4t wirklich eine Stufe h\u00f6her. Im Vergleich zu ma\u00dfgefertigten Halterungen aus dickem Stahl (z. B. geschwei\u00dfte Cockpits) bleiben wir logischerweise darunter, aber genau das ist der Punkt: ein sehr solider Kompromiss f\u00fcr den Einsatz im B\u00fcro.<\/p>\n<h2>Einstellungen, Personalisierung &amp; Kompatibilit\u00e4t<\/h2>\n<p>Die ClubSport Shifter Table Clamp ist einfach zu bedienen, und das ist auch gut so. Man kann die H\u00f6he des Shifters in Bezug auf die Tischkante und den Abstand (Abstand zu sich selbst) einstellen. So kann man die Position des Hebels je nach Sitzh\u00f6he n\u00e4her an die Ergonomie eines Stra\u00dfen- oder GT-Autos heranbringen.<\/p>\n<p>Das Gelenk des St\u00e4nders bietet einen Bereich, der f\u00fcr die meisten Desktop-Setups ausreicht. In der Praxis st\u00f6\u00dft man selten an die Grenzen der Einstellm\u00f6glichkeiten. Man kann den Hebel h\u00f6her als das Lenkrad anbringen, ihn fast b\u00fcndig mit der Tischplatte abschlie\u00dfen oder ihn bei Bedarf seitlich von der Sitzachse versetzen. Die verf\u00fcgbaren Winkel decken die klassischen Positionen sorglos ab.<\/p>\n<p>Die Montage erfordert ein paar Minuten Eingew\u00f6hnung, ist aber nicht kompliziert. Man versteht schnell, welche Schraube was steuert. Am l\u00e4ngsten dauert es oft, die Position zu justieren, zu testen, festzuziehen und dann zu verfeinern, bis es perfekt in die Hand passt. Das erfordert ein wenig Geduld, aber wenn es einmal eingestellt ist, fasst man es nicht mehr an.<\/p>\n<p>Die Kompatibilit\u00e4t ist nat\u00fcrlich f\u00fcr den Fanatec ClubSport Shifter (insbesondere SQ) gedacht. Die Befestigungspunkte entsprechen direkt, ohne Anpassung. Man befindet sich in einem geschlossenen und koh\u00e4renten \u00d6kosystem: Fanatec Basis, Fanatec Shifter, Fanatec Klemme. F\u00fcr jemanden, der bereits mit Fanatec ausgestattet ist, ist es komfortabel.<\/p>\n<p>Bei den Plattformen h\u00e4ngt die Klemme nicht vom PC oder den Konsolen ab, sondern vom M\u00f6belst\u00fcck. Es gen\u00fcgt, eine Tischkante mit der richtigen Dicke zu haben. Solange der Tisch weder zu dick noch zu zerbrechlich ist, h\u00e4lt es. Bei manchen Tischen mit abgerundeten oder stark geneigten Kanten kann die Klemme etwas weniger optimal sein, aber auf einem klassischen geraden Schreibtisch funktioniert sie sehr gut.<\/p>\n<p>In Bezug auf die Skalierbarkeit ist dies kein \"Basisprodukt\", das man nach ein paar Monaten austauscht. Wenn du bei einer Desktop-Installation bleibst, erf\u00fcllt die Klammer auf Dauer perfekt ihren Zweck. Das einzige Szenario, in dem sie veraltet, ist der Wechsel zu einem Cockpit mit R\u00f6hren- oder Aluminiumprofilen, bei dem eine spezielle Halterung bevorzugt wird.<\/p>\n<h2>In-Game-Feeling: Steifigkeit und Stabilit\u00e4t unter realen Bedingungen<\/h2>\n<p>Diese Klemme erzeugt nicht direkt ein Spielgef\u00fchl wie eine Basis oder ein Tretlager, aber sie \u00fcbertr\u00e4gt es. Die Schl\u00fcsselfrage ist: Bleibt der Hebel unter den Belastungen, die man ihm auferlegt, absolut stabil, insbesondere bei H-Pattern mit ausgepr\u00e4gten Verriegelungen und bei sequenziellem Spiel mit ruckartigen Schl\u00e4gen?<\/p>\n<p>Auf einem starren Schreibtisch ist die Antwort sehr klar: Ja, die Passform ist ausgezeichnet. Wenn man einen Gang im H-Pattern einlegt und etwas Kraft aufbringt, bewegt sich der Shifter nur sehr wenig oder gar nicht. Man sp\u00fcrt die interne mechanische Bewegung des Hebels, nicht die Halterung, die sich verbiegt. Das macht einen Unterschied. Man kann sich ehrliche, hemmungslose Gangwechsel erlauben.<\/p>\n<p>Bei schnellen, virtuellen Ferse-Spitze-Kombinationen mit aggressiven Wechseln bleibt das Gef\u00fchl sauber. Es gibt kein leichtes, st\u00f6rendes Schwingen, wie man es oft bei generischen Klemmen oder improvisierten Aufbauten findet. Die R\u00fcckkehr in die Neutralstellung ist klar, die Gitterblockaden sind pr\u00e4zise. Man konzentriert sich auf das Auto, nicht auf das M\u00f6belst\u00fcck.<\/p>\n<p>Im sequenziellen Spiel sind Schl\u00e4ge nach vorne oder hinten ein guter Test. Auch hier h\u00e4lt die Klemme sehr gut stand. Wenn man beim Hochschalten stark zieht, hat man nicht das Gef\u00fchl, dass die St\u00fctze \"pumpt\". Die Reaktion in der Geste ist unmittelbar. Die Hand gibt den Befehl, der Hebel folgt, und die St\u00fctze bleibt wie eine feste Basis.<\/p>\n<p>Wo ich es am meisten gesp\u00fcrt habe, ist die Konstanz bei langen Sessions. Wenn man anf\u00e4ngt, seine Muskeln zu lockern, wird man manchmal brutaler mit dem Hebel, vor allem im Verkehr oder bei \u00dcberholman\u00f6vern. Die Klemme h\u00e4lt das aus und beh\u00e4lt die gleiche Steifigkeit, ohne sich im Laufe der Stunden zu lockern, wenn anfangs alles richtig angezogen wurde.<\/p>\n<p>Auf Vibrationen und holprigen Abschnitten macht sich der Einfluss der Klemme in der visuellen und taktilen Stabilit\u00e4t des Ganzen bemerkbar. Der Hebel biegt sich nicht nach vorne, wenn der Tisch vibriert. Es ist der Tisch, der die Ersch\u00fctterung \u00fcbertr\u00e4gt, nicht die Unterlage, die das Spiel hinzuf\u00fcgt. Das Gesamtgef\u00fchl ist \"massiver\" und \u00e4hnelt eher einem echten Autoblock.<\/p>\n<p>Im Vergleich zu einer weniger seri\u00f6sen Montage gewinnt man vor allem an Vertrauen. Man traut sich, beim Schalten mehr Kraft aufzuwenden, man traut sich, den Arm auf den Hebel zu legen, ohne bef\u00fcrchten zu m\u00fcssen, dass alles durcheinander ger\u00e4t. Man gewinnt zwar nicht an Leistung, aber an Reinheit der Bewegungen. Im Vergleich zu einer geschwei\u00dften Halterung auf einem Stahl- oder Alu-Cockpit bleibt man in absoluten Zahlen etwas zur\u00fcck, aber in der Welt des \"B\u00fcros\" ist man eindeutig im oberen Bereich des Korbes.<\/p>\n<p>Auf Dauer bleibt der Komfort gut. Die anf\u00e4ngliche Einstellung der H\u00f6he und des R\u00fcckschlags macht den Unterschied: Wenn du den Shifter genau dort platzierst, wo dein Arm nat\u00fcrlich hinf\u00e4llt, erm\u00fcdet man nicht mehr so schnell und es kommt seltener zu Fehlern beim Schalten. Die Steifigkeit der Klemme sorgt daf\u00fcr, dass diese exakte Einstellung ohne Drift beibehalten wird.<\/p>\n<h2>F\u00fcr wen ist es geeignet? St\u00e4rken &amp; Grenzen<\/h2>\n<p>Die ClubSport Shifter Table Clamp spricht vor allem zwei Profile an: den Simracer, der mit einem Fanatec-Shifter ausgestattet ist, aber am Schreibtisch spielt, und denjenigen, der ein sauberes Setup haben m\u00f6chte, ohne sich mit dem Aufbau eines kompletten Cockpits zu befassen. Wenn du ein mittleres oder fortgeschrittenes Niveau hast und gerne H-Pattern auf alten GTs, Stra\u00dfenautos, Rallyes oder Vintage-Prototypen f\u00e4hrst, ver\u00e4ndert diese Art von Halterung eindeutig den Benutzerkomfort.<\/p>\n<p>Eine der gro\u00dfen St\u00e4rken ist die Gesamtsteifigkeit im Verh\u00e4ltnis zur Kompaktheit. Die Klemme h\u00e4lt den Hebel auf sehr seri\u00f6se Weise, w\u00e4hrend sie um die Tischkante herum relativ unauff\u00e4llig bleibt. Ein weiterer angenehmer Punkt ist die perfekte Integration mit dem ClubSport Shifter und dem Fanatec-\u00d6kosystem, ohne Basteleien oder zus\u00e4tzliche Platinen. Und schlie\u00dflich erm\u00f6glicht die flexible H\u00f6hen- und R\u00fcckw\u00e4rtsverstellung, die Position wirklich an deinen Sitz und deine K\u00f6rperform anzupassen, was bei einem H-Hebel von entscheidender Bedeutung ist.<\/p>\n<p>Auf der anderen Seite gibt es dennoch einige Grenzen, die du im Auge behalten solltest. Die erste ist die v\u00f6llige Abh\u00e4ngigkeit von der Qualit\u00e4t deines Schreibtisches. Wenn deine Tischplatte d\u00fcnn, etwas wackelig oder auf leichten Beinen montiert ist, wirst du vor allem die Schw\u00e4chen des M\u00f6belst\u00fccks sp\u00fcren, bevor du die der Klammer sp\u00fcrst. Zweiter Punkt: Es bleibt bei einem propriet\u00e4ren Produkt, das wirklich f\u00fcr den Fanatec-Shifter gedacht ist. F\u00fcr andere Hebel ist es nicht die ideale L\u00f6sung. Und schlie\u00dflich ist es eine zus\u00e4tzliche Investition in ein bereits teures Setup: Shifter + Kettenstrebe + Lenkrad + Pedale + Klemme, die Rechnung geht schnell nach oben.<\/p>\n<p>In Bezug auf den wahrgenommenen Wert macht es Sinn, wenn du viel Zeit damit verbringst, den Hebel zu bedienen. Wenn der Shifter das Herzst\u00fcck deiner Sim-Racing-Erfahrung ist, macht es Sinn, seine Montage zu sichern. Wenn du hingegen 90 % von Zeit zu Zeit mit Paletten f\u00e4hrst, wird der Kauf fragw\u00fcrdiger und hat weniger Priorit\u00e4t gegen\u00fcber anderen Upgrades.<\/p>\n<h2>Urteil<\/h2>\n<p>Die Fanatec ClubSport Shifter Table Clamp verwandelt ein Setup nicht, sondern strukturiert es. Sie verwandelt einen Hebel, der \"so gut wie m\u00f6glich\" auf einem Schreibtisch liegt, in ein integriertes, stabiles, glaubw\u00fcrdiges Element. In einem Markt, in dem viele mit generischen Halterungen improvisieren, positioniert sich diese Klammer klar als Premium-L\u00f6sung im mittleren Preissegment: seri\u00f6s, engagiert, durchdacht, ohne in \u00dcbertreibungen zu verfallen.<\/p>\n<p>Ich sehe es vor allem als ein Schl\u00fcsselglied f\u00fcr diejenigen, die auf dem Desktop bleiben und trotzdem eine echte, solide H-Pattern- oder Sequential-Erfahrung haben wollen. F\u00fcr einen Nutzer, der bereits in das Fanatec-\u00d6kosystem eingebunden ist, f\u00fcgt es sich logischerweise in das Setup ein. F\u00fcr jemanden, der kurzfristig ein Aluprofil-Cockpit anstrebt, ist es weniger relevant und kann zu einem verzichtbaren Zwischenkauf werden.<\/p>\n<p>Wenn du am Schreibtisch spielst, dein Fanatec Shifter ein wenig zu viel wackelt und du eine saubere, steife und langlebige Bindung haben m\u00f6chtest, macht diese Klemme Sinn. Wenn du deinen ClubSport Shifter auf einem Schreibtisch stabilisieren willst, ohne gleich ein komplettes Cockpit zu bauen, kann dieses Produkt eindeutig den Unterschied in deinem Setup ausmachen.&lt;\/analysis<\/p>","protected":false},"excerpt":{"rendered":"<p>Diese Klemme vermittelt ein endlich \"aufgesetztes\" und zuverl\u00e4ssiges Hebelgef\u00fchl, was die Verwendung des Shifters auf einem Schreibtisch viel nat\u00fcrlicher und vertrauensvoller macht. Sie richtet sich vor allem an Simracer auf einem festen Setup vom Typ Schreibtisch, die bereits mit Fanatec ausgestattet sind und h\u00e4ufig den H-Pattern oder den sequentiellen Schifter verwenden. Die Investition bleibt stimmig, wenn der Shifter das Herzst\u00fcck deiner Erfahrung ist.<\/p>","protected":false},"featured_media":100605,"comment_status":"open","ping_status":"closed","template":"","meta":{"_acf_changed":false,"_et_pb_use_builder":"","_et_pb_old_content":"","_et_gb_content_width":""},"product_brand":[158],"product_cat":[153],"product_tag":[149,159,160],"class_list":{"0":"post-100604","1":"product","2":"type-product","3":"status-publish","4":"has-post-thumbnail","6":"product_brand-fanatec","7":"product_cat-accessoires","8":"product_tag-pc","9":"product_tag-playstation","10":"product_tag-xbox","12":"first","13":"instock","14":"shipping-taxable","15":"product-type-external"},"acf":[],"_links":{"self":[{"href":"https:\/\/simracergear.com\/de\/wp-json\/wp\/v2\/product\/100604","targetHints":{"allow":["GET"]}}],"collection":[{"href":"https:\/\/simracergear.com\/de\/wp-json\/wp\/v2\/product"}],"about":[{"href":"https:\/\/simracergear.com\/de\/wp-json\/wp\/v2\/types\/product"}],"replies":[{"embeddable":true,"href":"https:\/\/simracergear.com\/de\/wp-json\/wp\/v2\/comments?post=100604"}],"wp:featuredmedia":[{"embeddable":true,"href":"https:\/\/simracergear.com\/de\/wp-json\/wp\/v2\/media\/100605"}],"wp:attachment":[{"href":"https:\/\/simracergear.com\/de\/wp-json\/wp\/v2\/media?parent=100604"}],"wp:term":[{"taxonomy":"product_brand","embeddable":true,"href":"https:\/\/simracergear.com\/de\/wp-json\/wp\/v2\/product_brand?post=100604"},{"taxonomy":"product_cat","embeddable":true,"href":"https:\/\/simracergear.com\/de\/wp-json\/wp\/v2\/product_cat?post=100604"},{"taxonomy":"product_tag","embeddable":true,"href":"https:\/\/simracergear.com\/de\/wp-json\/wp\/v2\/product_tag?post=100604"}],"curies":[{"name":"wp","href":"https:\/\/api.w.org\/{rel}","templated":true}]}}