{"id":100610,"date":"2025-05-15T07:47:00","date_gmt":"2025-05-15T07:47:00","guid":{"rendered":"https:\/\/simracergear.com\/products\/fanatec-clubsport-steering-wheel-320-for-xbox\/"},"modified":"2025-11-28T04:45:15","modified_gmt":"2025-11-28T04:45:15","slug":"fanatec-clubsport-steering-wheel-320-for-xbox","status":"publish","type":"product","link":"https:\/\/simracergear.com\/de\/products\/fanatec-clubsport-steering-wheel-320-for-xbox\/","title":{"rendered":"Fanatec ClubSport Steering Wheel 320 Xbox"},"content":{"rendered":"<h2>Fanatec ClubSport Steering Wheel 320 for Xbox - Test &amp; ausf\u00fchrliche Meinung<\/h2>\n<p>Das ClubSport Steering Wheel 320 for Xbox positioniert sich klar als \"vielseitiges High-End\"-Lenkrad im Fanatec-\u00d6kosystem. Es ist weder ein gro\u00dfes GT-Lenkrad mit vielen Kn\u00f6pfen noch ein kleines Formel-Lenkrad. Es ist ein rundes 320-mm-Lenkrad, das so konzipiert ist, dass es ein Maximum an Disziplinen abdecken kann, mit Xbox-Kompatibilit\u00e4t als Bonus dank des integrierten Kontrollmoduls.<\/p>\n<p>Auf dem Papier verspricht er drei Dinge: eine sehr gute Verarbeitungsqualit\u00e4t, ein nat\u00fcrliches Handling f\u00fcr sauberes Fahren wie auch f\u00fcr leichtes Driften und eine nahtlose Integration in die ClubSport- \/ CSL- \/ DD-Basis der Marke. Er will nicht der spektakul\u00e4rste, sondern der \"offensichtlichste\" Drift sein, der im Alltag verwendet werden kann.<\/p>\n<p>Mein Blickwinkel hier ist einfach: Gef\u00fchl in der Hand, Ergonomie bei vollem Lauf und Koh\u00e4renz im Verh\u00e4ltnis zum Preis. Erh\u00e4lt man wirklich mehr Kontrolle, mehr Komfort \u00fcber einen l\u00e4ngeren Zeitraum, mehr Pr\u00e4zision bei den Inputs? Und vor allem: Lohnt es sich im Vergleich zu einem P1 V2-Lenkrad oder einem eher GT-orientierten Lenkrad aus dem Sortiment?<\/p>\n<p>Schon bei den ersten Sitzungen f\u00e4llt das Lenkrad auf, das nicht versucht, aufzufallen, sondern verschwindet, damit du dich auf das Fahren konzentrieren kannst. Man merkt schnell, ob das gut ist oder ob man mehr Charakter erwartet h\u00e4tte.<\/p>\n<p>&nbsp;<\/p>\n<h2>Design &amp; Herstellung<\/h2>\n<p>In der Hand vermittelt das ClubSport Steering Wheel 320 sofort einen seri\u00f6sen Eindruck. Die Felge selbst ist aus Aluminium mit einer wohldosierten Dicke: Man sp\u00fcrt eine gewisse Dichte, ohne dass es sich um einen Ziegelstein handelt. Der Durchmesser von 320 mm sorgt f\u00fcr ein sehr automobiles Gef\u00fchl, das einem echten sportlichen Stra\u00dfenfahrzeug oder einem GT n\u00e4her ist als dem Lenkrad eines Einsitzers.<\/p>\n<p>Die Griffe sind je nach gew\u00e4hlter Version aus Glattleder oder Alcantara. Bei der Alcantara-Version f\u00fchlt es sich angenehm an, ziemlich weich, mit einem guten Grip, wenn man die Handschuhe angezogen hat. Ohne Handschuhe sp\u00fcrt man schnell, dass es zu Abnutzungserscheinungen kommen k\u00f6nnte, wenn du oft f\u00e4hrst, aber das ist die klassische Kehrseite dieses Materials. Leder hingegen f\u00fchlt sich \"langlebiger\" an und ist leichter zu reinigen, wobei es sich beim ersten Kontakt weniger premium anf\u00fchlt, aber auf lange Sicht beruhigender ist.<\/p>\n<p>Die Mittelplatte, die Kn\u00f6pfe und die gesamte Struktur strahlen sehr wenig Spiel aus. Nichts knackt oder bewegt sich. Die magnetischen Aluminium-Schaltwippen (wenn sie \u00fcber ein ClubSport-Modul eingebaut werden) sorgen f\u00fcr ein Gef\u00fchl von pr\u00e4ziser und robuster Mechanik. Jeder Zug an den Paddles hat ein klares, trockenes, vertrauenerweckendes Klickger\u00e4usch. Man hat das Gef\u00fchl, dass man Runden drehen und G\u00e4nge wechseln kann, ohne dar\u00fcber nachzudenken.<\/p>\n<p>Was positiv \u00fcberrascht, ist die allgemeine Steifigkeit: Das Lenkrad biegt sich nicht durch, auch nicht auf der drehmomentst\u00e4rkeren Direct Drive-Basis. Es gibt kein Gef\u00fchl des \"Verdrehens\", das man manchmal bei leichteren Felgen oder Felgen aus verst\u00e4rktem Kunststoff haben kann.<\/p>\n<p>Was ein wenig entt\u00e4uscht, ist die recht n\u00fcchterne Seite des Designs. Keine Karboneins\u00e4tze, keine visuellen Schn\u00f6rkel, relativ einfache Tasten. Im Vergleich zu einigen spektakul\u00e4reren Fanatec-Lenkr\u00e4dern wirkt es fast schon brav. Im Vergleich zu einem erschwinglicheren CSL-Lenkrad sp\u00fcrt man deutlich den Sprung in der Qualit\u00e4t der Materialien und der Verarbeitung, aber im Vergleich zur Podium-Reihe bleibt man eine Stufe zur\u00fcck, was das Gef\u00fchl von purem Luxus angeht.<\/p>\n<p>&nbsp;<\/p>\n<h2>Einstellungen, Personalisierung &amp; Kompatibilit\u00e4t<\/h2>\n<p>Das ClubSport Steering Wheel 320 l\u00e4sst sich wie jede andere moderne Felge der Marke in das Fanatec-\u00d6kosystem integrieren. Das Xbox-Steuerungsmodul ist integriert, was eine automatische Erkennung auf kompatiblen Basen und native Unterst\u00fctzung auf Konsolen erm\u00f6glicht. Du schlie\u00dft es an deine Fanatec-Basis an, schaltest es ein und kannst mit dem Lenkrad direkt durch die Men\u00fcs der Konsole navigieren.<\/p>\n<p>Die Einstellungen werden haupts\u00e4chlich \u00fcber die Basisstation und die Fanatec-Software vorgenommen: Gesamtkraft, Filterung, Interpolation, Linearit\u00e4t. Das Lenkrad selbst bringt keine komplexe Softwareschicht mit sich. Das ist eher eine gute Sache: Man vermeidet es, sich in redundanten Men\u00fcs zu verlieren. Die Tasten und der Mini-Stick hingegen lassen sich problemlos in Spielen abbilden, sei es auf dem PC oder der Xbox.<\/p>\n<p>Wo es wirklich interessant ist, ist die physische Anpassung: Es besteht die M\u00f6glichkeit, die Schaltwippen zu \u00e4ndern, ein erweitertes Schaltwippenmodul hinzuzuf\u00fcgen und sogar die Kn\u00f6pfe oder Kaps zu \u00e4ndern, um die Lesbarkeit anzupassen. Das runde 320-mm-Format eignet sich sehr gut f\u00fcr verschiedene Fahrstile: GT, Touring, Rallye, leichtes Driften. Man hat ein \"generalistisches\" Lenkrad, das ziemlich viele Nutzungsvarianten akzeptiert.<\/p>\n<p>Die Lernkurve ist sehr sanft. Wenn du von einem einfacheren Fanatec-Lenkrad (Typ P1 oder CSL) kommst, wirst du nicht verloren gehen. Vertraute Ergonomie, keine Gimmicks. Man verbringt mehr Zeit damit, die FFB-Einstellungen der Basis anzupassen, als das Lenkrad selbst zu verstehen.<\/p>\n<p>In Sachen Kompatibilit\u00e4t sind PC und Xbox abgedeckt, und je nach verwendeter Basis kannst du \u00fcber die Basis auch auf anderen Plattformen fahren. Das Fanatec-\u00d6kosystem drumherum - CSL\/ClubSport-Pedale, Shifter, Handbremse, Cockpits von Drittanbietern - l\u00e4sst sich problemlos kombinieren. Man sp\u00fcrt, dass dieses Lenkrad eher ein dauerhafter Baustein deines Setups ist als ein einfaches Accessoire f\u00fcr zwischendurch: Es kann einen Aufstieg der Basis begleiten, vom CSL zu einer drehmomentst\u00e4rkeren Basis, ohne obsolet zu werden.<\/p>\n<p>&nbsp;<\/p>\n<h2>Sensationen im Spiel<\/h2>\n<p>Auf der Rennstrecke ver\u00e4ndert der Durchmesser von 320 mm sofort den Rhythmus der Inputs. Im Vergleich zu einem kleineren Lenkrad, das f\u00fcr die Formel 1 oder einen kompakten GT typisch ist, sind die Bewegungen etwas weiter und progressiver. Die Korrekturen werden feiner, vor allem in leichten Gleitphasen oder beim Einfahren in die Kurve beim Bremsen. Der Arm bewegt sich etwas mehr, aber mit mehr Kontrolle. Das ist bei Ausdauerrennen oder Disziplinen, in denen sich das Auto viel bewegt, sehr angenehm.<\/p>\n<p>Die Genauigkeit des Force-Feedbacks h\u00e4ngt nat\u00fcrlich von der Basis ab, aber die Felge spielt eine Rolle dabei, wie man die Details sp\u00fcrt. Die Steifigkeit des Lenkrads hilft, die FFB ohne st\u00f6rende D\u00e4mpfung zu \u00fcbertragen. Man sp\u00fcrt die kleinen Lastverschiebungen, die Mikro-Gripverluste an der Vorderseite, die Gripver\u00e4nderungen auf Vibrationen oder bei Belagswechseln gut. Man versteht sofort, was das Auto macht.<\/p>\n<p>In schnellen Kurven ist die Stabilit\u00e4t sehr beruhigend. Durch den gr\u00f6\u00dferen Durchmesser kann man die H\u00e4nde bei 9:15 oder 10:10 Uhr aufsetzen und das Auto arbeiten lassen. Kleine Winkelanpassungen sind einfach, man \"\u00fcbersteuert\" nicht. Wo ein kleineres Lenkrad zu nerv\u00f6seren Bewegungen verleiten kann, dr\u00e4ngt der 320er zu einer etwas saubereren, fl\u00fcssigeren Fahrweise.<\/p>\n<p>Auf den Vibrationen gibt das Lenkrad klare Informationen zur\u00fcck, ohne brutal zu werden. Das Metall und die Dichte der Felge geben ein ziemlich trockenes, aber nicht aggressives Feedback. Auf einer sehr drehmomentstarken Basis f\u00fchlt sich das Lenkrad an, als w\u00fcrde es dir bei gro\u00dfen Spr\u00fcngen auf manchen Strecken aus der Hand gleiten.<\/p>\n<p>Schnelle Korrekturen sind eine St\u00e4rke. Am Kurvenausgang oder im Regen, wenn das Heck zu gehen beginnt, erleichtern die runde Form und der Durchmesser das Gegenlenken. Du kannst das Lenkrad in deinen H\u00e4nden leicht gleiten lassen und dann wieder auffangen, ohne dass es ungew\u00f6hnlich blockiert. F\u00fcr Spieler, die gerne einen etwas verspielten RWD fahren, ist das sehr angenehm.<\/p>\n<p>Auf langen Fahrten h\u00e4ngt die Erm\u00fcdung vom gew\u00e4hlten Belag ab. In Alcantara mit Handschuhen ist die Passform hervorragend, und du kannst lange fahren, ohne dass deine H\u00e4nde \u00fcberm\u00e4\u00dfig angespannt sind. Der etwas gr\u00f6\u00dfere Durchmesser verteilt die Anstrengung gut auf Arme und Schultern. Bei Leder kann das leichte Gleiten unter der nackten Hand manchmal etwas mehr Druck erfordern, um die gleiche Pr\u00e4zision beizubehalten, aber es ist auch leichter, wenn du mehrere Sessions ohne Handschuhe absolvierst.<\/p>\n<p>Im Vergleich zu einem leichteren Einsteigerlenkrad liegt der Hauptunterschied in der Konsistenz: Der FFB f\u00fchlt sich \"sauberer\" und besser strukturiert an. Weniger st\u00f6rende Vibrationen, mehr das Gef\u00fchl eines festen Blocks zwischen dir und der Basis. Im Vergleich zu noch hochwertigeren Lenkr\u00e4dern hat man nicht dieses \"Juwel\"-Feeling mit exotischen Materialien, aber was das reine Fahrgef\u00fchl angeht, h\u00e4lt das 320er seine Position perfekt.<\/p>\n<p>Man merkt, dass dieses Lenkrad dazu gedacht ist, hinter der Physik des Spiels zu verschwinden. Es schreit nicht \"Schau mich an\", sondern sagt dir nur, was das Auto macht, Runde f\u00fcr Runde. Das ist der Punkt, an dem die Base das Erlebnis wirklich ver\u00e4ndert: Du nutzt voll aus, was deine Base hergibt, ohne dass die Felge der Schwachpunkt ist.<\/p>\n<p>&nbsp;<\/p>\n<h2>F\u00fcr wen ist es gut? Was wir m\u00f6gen \/ Was wir weniger m\u00f6gen<\/h2>\n<p>Das ClubSport Steering Wheel 320 for Xbox richtet sich vor allem an mittlere bis fortgeschrittene Simracer, die ein einziges Lenkrad f\u00fcr alles haben wollen, ohne in die Einsteigerklasse abzurutschen. Wenn du gleichzeitig GT, Touring und Rallye f\u00e4hrst und ein wenig Drifting betreibst, macht sein rundes 320-mm-Format viel Sinn. Auf der Xbox wird es schnell zum idealen \"Hauptlenkrad\" f\u00fcr diejenigen, die ein sauberes und koh\u00e4rentes Setup w\u00fcnschen.<\/p>\n<p>F\u00fcr einen hochmotivierten Anf\u00e4nger ist es eine gute Anfangsinvestition insofern, als du bei Fortschritten nicht eingeschr\u00e4nkt wirst. Dank der hochwertigen Verarbeitung, der Steifigkeit, der Xbox\/PC-Kompatibilit\u00e4t und der Integration in das Fanatec-\u00d6kosystem amortisiert sich das Produkt langfristig. Man merkt, dass es als dauerhafter Bestandteil deines Setups konzipiert wurde und nicht als Spielerei, die du nach ein paar Monaten ersetzen musst.<\/p>\n<p>Was ich besonders sch\u00e4tze, ist erstens das insgesamt solide Gef\u00fchl: kein Flex, kein Spiel, echtes mechanisches Vertrauen. Zweitens der Durchmesser und die runde Form, die sehr vielseitig sind, wodurch sich das Lenkrad in fast allen Spielen wohlf\u00fchlt. Und schlie\u00dflich die integrierte Xbox-Kompatibilit\u00e4t, die verhindert, dass man mit mehreren Felgen jonglieren muss, nur um die Plattform zu wechseln. Einstecken, spielen, Punkt.<\/p>\n<p>Aber es gibt auch Grenzen. Das Design ist recht n\u00fcchtern, fast schon zu n\u00fcchtern, vor allem wenn du optisch sehr \"rennm\u00e4\u00dfige\" Lenkr\u00e4der mit Sichtkarbon und gro\u00dfen Drehern magst. Die Anzahl der verf\u00fcgbaren Tasten ist \u00fcberschaubar, was f\u00fcr die meisten Titel ausreicht, aber f\u00fcr Simulationen, die viele direkte Befehle erfordern, vielleicht etwas knapp bemessen ist. Es ist kein Spontankauf, sondern eine Investition, die du mit deiner tats\u00e4chlichen Spielzeit und deinen Ambitionen im Sim-Racing vergleichen solltest.<\/p>\n<p>Wenn du unbedingt das beste Verh\u00e4ltnis zwischen minimalem Preis und grundlegender Funktionalit\u00e4t suchst, ist er nicht der Richtige. Wenn du ein vielseitiges, robustes Lenkrad suchst, das bereit ist, mit einer Aufwertung deines Setups einherzugehen, wird er sofort interessanter.<\/p>\n<p>&nbsp;<\/p>\n<h2>Urteil<\/h2>\n<p>Das Fanatec ClubSport Steering Wheel 320 f\u00fcr Xbox bringt etwas sehr Einfaches in ein Setup: Konsistenz. Ein rundes, realistisch dimensioniertes, solides, Xbox-kompatibles Lenkrad, das mit einer aufsteigenden Basis mithalten kann, ohne zum schw\u00e4chsten Glied zu werden. Es ver\u00e4ndert deine Erfahrung nicht durch einen \u00e4sthetischen \"Wow\"-Effekt, sondern durch Bedienkomfort und Lesbarkeit der Informationen im Spiel.<\/p>\n<p>Auf dem Markt positioniert es sich klar als Mittel- und Oberklasseprodukt, als \"Dreh- und Angelpunkt\" in der Produktpalette, zwischen den erschwinglicheren Felgen des Typs CSL und den sehr hochwertigen Podium-Lenkr\u00e4dern. Es versucht nicht, mit den hochspezialisierten Modellen zu konkurrieren, sondern bietet vielmehr ein sehr gesundes Gleichgewicht zwischen Vielseitigkeit, Verarbeitungsqualit\u00e4t und Fahrgef\u00fchl.<\/p>\n<p>Ich empfehle es Simracern, die regelm\u00e4\u00dfig fahren, die ein einziges seri\u00f6ses Lenkrad wollen, mit dem sie alles machen k\u00f6nnen, und die bereits im Fanatec-\u00d6kosystem sind oder planen, f\u00fcr eine Weile dort zu sein. F\u00fcr einen sehr gelegentlichen Spieler oder jemanden, der einen ultra-spezifischen Stil anstrebt (reiner Einsitzer, Hardcore-Drift), gibt es gezieltere Optionen.<\/p>\n<p>Wenn du nach einem runden, robusten, vielseitigen und Xbox-kompatiblen Lenkrad suchst, das deine Basis hervorhebt, ohne deiner Steuerung im Weg zu stehen, kann dieses Produkt eindeutig den Unterschied in deinem Setup ausmachen.<\/p>","protected":false},"excerpt":{"rendered":"<p>Dieses Lenkrad hat bei mir einen echten Eindruck von Koh\u00e4renz hinterlassen: Es verschwindet fast, um dem Fahrgef\u00fchl Platz zu machen, mit einer sauberen und \u00fcber l\u00e4ngere Zeit vorhersehbaren Steuerung. Es macht vor allem f\u00fcr regelm\u00e4\u00dfige Simracer auf Xbox oder PC Sinn, die ein einziges seri\u00f6ses Lenkrad f\u00fcr fast alles haben wollen. Angesichts seiner Robustheit und Vielseitigkeit bleibt die Investition auf lange Sicht logisch.<\/p>","protected":false},"featured_media":100611,"comment_status":"open","ping_status":"closed","template":"","meta":{"_acf_changed":false,"_et_pb_use_builder":"","_et_pb_old_content":"","_et_gb_content_width":""},"product_brand":[158],"product_cat":[156],"product_tag":[149,159,160],"class_list":{"0":"post-100610","1":"product","2":"type-product","3":"status-publish","4":"has-post-thumbnail","6":"product_brand-fanatec","7":"product_cat-roue-de-volant","8":"product_tag-pc","9":"product_tag-playstation","10":"product_tag-xbox","12":"first","13":"instock","14":"shipping-taxable","15":"product-type-external"},"acf":[],"_links":{"self":[{"href":"https:\/\/simracergear.com\/de\/wp-json\/wp\/v2\/product\/100610","targetHints":{"allow":["GET"]}}],"collection":[{"href":"https:\/\/simracergear.com\/de\/wp-json\/wp\/v2\/product"}],"about":[{"href":"https:\/\/simracergear.com\/de\/wp-json\/wp\/v2\/types\/product"}],"replies":[{"embeddable":true,"href":"https:\/\/simracergear.com\/de\/wp-json\/wp\/v2\/comments?post=100610"}],"wp:featuredmedia":[{"embeddable":true,"href":"https:\/\/simracergear.com\/de\/wp-json\/wp\/v2\/media\/100611"}],"wp:attachment":[{"href":"https:\/\/simracergear.com\/de\/wp-json\/wp\/v2\/media?parent=100610"}],"wp:term":[{"taxonomy":"product_brand","embeddable":true,"href":"https:\/\/simracergear.com\/de\/wp-json\/wp\/v2\/product_brand?post=100610"},{"taxonomy":"product_cat","embeddable":true,"href":"https:\/\/simracergear.com\/de\/wp-json\/wp\/v2\/product_cat?post=100610"},{"taxonomy":"product_tag","embeddable":true,"href":"https:\/\/simracergear.com\/de\/wp-json\/wp\/v2\/product_tag?post=100610"}],"curies":[{"name":"wp","href":"https:\/\/api.w.org\/{rel}","templated":true}]}}