{"id":100635,"date":"2025-05-15T07:48:00","date_gmt":"2025-05-15T07:48:00","guid":{"rendered":"https:\/\/simracergear.com\/products\/fanatec-clubsport-steering-wheel-classic-2-v2\/"},"modified":"2025-11-28T04:45:23","modified_gmt":"2025-11-28T04:45:23","slug":"fanatec-clubsport-steering-wheel-classic-2-v2","status":"publish","type":"product","link":"https:\/\/simracergear.com\/de\/products\/fanatec-clubsport-steering-wheel-classic-2-v2\/","title":{"rendered":"Fanatec ClubSport Steering Wheel Classic 2 V2"},"content":{"rendered":"<h2>Fanatec ClubSport Steering Wheel Classic 2 V2 : test &amp; ausf\u00fchrliche Meinung<\/h2>\n<p>Das ClubSport Steering Wheel Classic 2 V2 geh\u00f6rt zur Kategorie der \"erschwinglichen High-End-Lenkr\u00e4der\" bei Fanatec. Es ist kein Einstiegslenkrad und auch kein hyperspezialisiertes Rad vom Typ F1: Es ist ein rundes Lenkrad, typisch f\u00fcr GT \/ Touring, das so konzipiert ist, dass es ein Maximum an Disziplinen mit einem echten Anspruch an Gef\u00fchl und Verarbeitung abdeckt.<\/p>\n<p>Es ist sehr attraktiv, weil es gleich mehrere Punkte auf einmal erf\u00fcllt: realistischer Durchmesser, Leder, eine gut ausgestattete Palette an Bedienelementen, klassisches, aber modernes Aussehen und vor allem eine direkte Integration in das Fanatec-\u00d6kosystem, sei es auf einer ClubSport- oder Podium-Basis. Auf dem Papier ist es das \"seri\u00f6se Mehrzwecklenkrad\", nach dem viele Simracer suchen, sobald sie in der Preisklasse aufsteigen.<\/p>\n<p>Mein Blickwinkel bei diesem Lenkrad ist einfach: Bringt es wirklich ein Plus an Pr\u00e4zision, Komfort und Immersion im Vergleich zu den einfacheren R\u00e4dern der Marke, und kann es mit anderen runden Optionen auf dem Markt mithalten? Ich habe mich auf das Gef\u00fchl in der Hand, die wahrgenommene Qualit\u00e4t, die Alltagstauglichkeit und den Nutzen in einem modernen Simracing-Setup konzentriert, insbesondere mit immer leistungsst\u00e4rkeren Direct Drive Bases.<\/p>\n<h2>Design und Herstellung<\/h2>\n<p>In der Hand vermittelt das ClubSport Steering Wheel Classic 2 V2 sofort den Eindruck eines seri\u00f6sen Produkts. Der Durchmesser ist realistisch f\u00fcr ein Lenkrad eines sportlichen Stra\u00dfenfahrzeugs oder GT, mit einem runden, vollst\u00e4ndig mit Leder ummantelten Lenkradkranz. Das Leder ist straff, nicht zu glatt und nicht zu k\u00f6rnig, mit einem nat\u00fcrlichen Grip, der auch ohne Handschuhe Vertrauen erweckt. Man sp\u00fcrt eine leichte Dichte in der Felge, was dieses Gef\u00fchl eines \"echten\" Autolenkrads und nicht eines Spielzubeh\u00f6rs vermittelt.<\/p>\n<p>Die Metallstruktur, die B\u00fcgel und die Mittelplatte strahlen Steifheit aus. Es gibt keinen sp\u00fcrbaren Flex, auch nicht bei harten Auftritten oder harten Drehungen. Die Passungen zwischen den einzelnen Teilen sind sauber, die \u00dcberg\u00e4nge zwischen Leder, Metall und Kunststoff sind klar und ohne unangenehme Kanten an den Fingern. Das Rad scheint wie geschaffen daf\u00fcr, stundenlanges Direct Drive ohne zu murren zu \u00fcberstehen.<\/p>\n<p>Die Kn\u00f6pfe und Encoder sorgen f\u00fcr ein gutes bis sehr gutes Gesamtgef\u00fchl: klare Klicks, kontrollierter Hub, die kleinen R\u00e4dchen drehen sich mit gerade so viel Widerstand wie n\u00f6tig. Es ist nicht auf dem Niveau einiger Ultra-Premium-Lenkr\u00e4der mit Industrieschaltern, aber f\u00fcr ein \"High-End-Lenkrad f\u00fcr die breite Masse\" ist es sehr solide. Man m\u00f6chte es benutzen, und das ist wichtig bei einem Teil, das man st\u00e4ndig ber\u00fchrt.<\/p>\n<p>Wo ich etwas differenzierter bin, ist in zwei Punkten. Erstens wirken einige Kunststoffe rund um die Nabe und die Mittelfront ein wenig \"modular Fanatec\": gut verarbeitet, aber optisch nicht so raffiniert wie die Felge selbst. Zweitens ist das Design sehr klassisch, f\u00fcr manche Geschm\u00e4cker fast zu brav. Wenn du einen ultra-aggressiven Racing-Look oder \u00fcberall sichtbares Carbon suchst, ist dies nicht das spektakul\u00e4rste Laufrad.<\/p>\n<p>Im Vergleich zu anderen runden Lenkr\u00e4dern der Produktpalette (oder zu einigen Konkurrenzr\u00e4dern desselben Preises) verteidigt sich das Classic 2 V2 sehr gut in Bezug auf Steifigkeit und Griffkomfort. Wir liegen eindeutig \u00fcber einem Einstiegslenkrad aus Kunststoff, nahe an dem, was man von einem \"begeisterten\" Autolenkrad erwartet, mit dieser Mischung aus Robustheit, Gewicht und Leder, die alles im Gef\u00fchl ver\u00e4ndert.<\/p>\n<h2>Einstellungen, Anpassung und Kompatibilit\u00e4t<\/h2>\n<p>Das ClubSport Steering Wheel Classic 2 V2 f\u00fcgt sich direkt in das Fanatec-\u00d6kosystem ein. Es handelt sich um ein Lenkrad, das mit den modernen Basen der Marke kompatibel ist, egal ob sie PC- oder Konsolen-orientiert sind, je nachdem, welche Basisversion du besitzt. Konkret hei\u00dft das, wenn du bereits in der Fanatec-Welt bist, ist die Inbetriebnahme sofort m\u00f6glich: Du klippst das Rad an, \u00fcberpr\u00fcfst die Firmware \u00fcber die Fanatec-Software und schon kann es losgehen.<\/p>\n<p>Die Einstellungen werden haupts\u00e4chlich \u00fcber die Basis und die Fanatec-Software vorgenommen (oder \u00fcber die integrierten Men\u00fcs bei fortgeschrittenen Basen). Das Lenkrad selbst bietet eine Reihe von Kn\u00f6pfen, Encodern und Funktionen, die du in Spielen zuordnen kannst: ideal, um ABS, TC, Motormischung, Radio usw. zu steuern. Die Organisation der Bedienelemente ist gut durchdacht: Die Haupttasten liegen nat\u00fcrlich unter den Daumen, und man hat nicht das Gef\u00fchl, st\u00e4ndig nach der richtigen Taste suchen zu m\u00fcssen.<\/p>\n<p>F\u00fcr die Personalisierung ist vor allem der Durchmesser und die runde Form interessant, die das Lenkrad in vielen Kontexten nutzbar machen: GT, Stra\u00dfenfahrzeuge, Rallye, Ausdauer und sogar Drift. Die Schaltwippen sind in der richtigen Position, mit einem klaren Klick und einem angenehmen mechanischen Gef\u00fchl. Man findet sich schnell zurecht, auch wenn man regelm\u00e4\u00dfig zwischen verschiedenen Fahrzeugtypen wechselt.<\/p>\n<p>Die Lernkurve ist eher sanft. Die Fanatec-Men\u00fcs zur Einstellung des FFB-Feelings, der Rotation, der Kraft oder der Filter bleiben die gleichen wie bei den anderen R\u00e4dern, wenn du also bereits mit der Marke vertraut bist, gibt es nichts Neues zu lernen. F\u00fcr jemanden, der neu bei Fanatec ist, wird es eine kleine Eingew\u00f6hnungszeit brauchen, um die Auswirkungen der Einstellungen zu verstehen, aber das h\u00e4ngt nicht mit diesem speziellen Lenkrad zusammen.<\/p>\n<p>Was die allgemeine Kompatibilit\u00e4t angeht, gibt es keine \u00dcberraschungen: PC, Konsole je nach deiner Basis, Fanatec-Pedale, Shifter, Handbrake, alles greift nat\u00fcrlich ineinander. Das Lenkrad selbst schr\u00e4nkt dein \u00d6kosystem nicht ein. Es ist eindeutig eine nachhaltige Option: Du kannst mit einer Mittelklasse-Basis beginnen und es behalten, wenn du sp\u00e4ter auf eine leistungsst\u00e4rkere Direct Drive-Basis umsteigst, es wird problemlos mitwachsen.<\/p>\n<h2>Sensationen im Spiel<\/h2>\n<p>Wo das ClubSport Steering Wheel Classic 2 V2 seine volle Wirkung entfaltet, ist auf der Rennstrecke, vor allem in Verbindung mit einer Direct Drive Base. Der realistische Durchmesser und die runde Felge ver\u00e4ndern das Verh\u00e4ltnis zur FFB sofort. Die Kr\u00e4fte werden besser in den H\u00e4nden verteilt, Mikroinformationen kommen nat\u00fcrlicher nach oben und das Ablesen dessen, was das Auto macht, wird intuitiver.<\/p>\n<p>Was mir auffiel, war die Art und Weise, wie das Lenkrad die Nuancen des Grips durchl\u00e4sst, ohne erm\u00fcdend zu werden. In einer langen, schnellen Kurve sp\u00fcrt man genau, wann die Vorderseite zu rutschen beginnt, aber der Lenkradkranz vibriert nicht k\u00fcnstlich. Das Leder d\u00e4mpft die kleinen St\u00f6rger\u00e4usche ganz leicht, l\u00e4sst aber die Lastschwankungen im Lenkrad sichtbar werden. Man liest die Strecke, nicht den FFB-Motor.<\/p>\n<p>Auf den Vibrationen ist das Gef\u00fchl sauber und gut kontrolliert. Man sp\u00fcrt die Kanten der Strecke, die aggressiven Vibrationen und die glatteren Abschnitte, aber das Rad klappert nicht in den H\u00e4nden. Die steife Struktur verhindert Verformungen und st\u00f6rende Ger\u00e4usche, was viel zu diesem soliden Eindruck beitr\u00e4gt. Man kann mit Vertrauen auf die Vibrationen fahren, ohne Angst haben zu m\u00fcssen, dass das Material \u00fcbers\u00e4ttigt wird oder in alle Richtungen ausschl\u00e4gt.<\/p>\n<p>Bei schnellen Abfolgen und Notkorrekturen helfen der Durchmesser und die Rundung des Lenkrads enorm. Man kann schnelle \u00dcberholman\u00f6ver durchf\u00fchren, ein beginnendes \u00dcbersteuern korrigieren, ein ausbrechendes Auto einholen und dabei immer einen guten Kontaktpunkt beibehalten. Im Vergleich zu einem kleinen, kompakteren F1-Lenkrad oder einem modernen GT-Lenkrad verliert man ein wenig an Drehgeschwindigkeit, gewinnt aber an feiner Kontrolle und Stabilit\u00e4t. F\u00fcr \"sauberes\" Fahren funktioniert dieser Kompromiss sehr gut.<\/p>\n<p>Die Genauigkeit des FFB h\u00e4ngt nat\u00fcrlich von der Basis ab, aber der Classic 2 V2 macht nichts kaputt. Im Gegenteil, es l\u00e4sst die Basis sich ausdr\u00fccken. Auf einer schw\u00e4cheren Basis mit Riemenantrieb oder einer Einsteigerbasis bringt dieses Lenkrad ein echtes Plus an Gef\u00fchl, einfach durch seine Geometrie und seinen Grip. Man hat mehr Hebel, mehr Kontrolle und die wahrgenommenen Kr\u00e4fte f\u00fchlen sich progressiver und nat\u00fcrlicher an. Auf einer st\u00e4rkeren Basis, einem kr\u00e4ftigen Direct Drive-Typ, h\u00e4lt es sich gut: Die Steifigkeit der Felge erm\u00f6glicht es, die Feinheit des Signals ohne Flex zu nutzen.<\/p>\n<p>Auf langen Fahrten ist der Komfort eine seiner gro\u00dfen St\u00e4rken. Das Leder erm\u00fcdet die H\u00e4nde nicht, der Felgenquerschnitt ist dick genug, um die Finger gut aufliegen zu lassen, aber nicht so dick, dass man das Gef\u00fchl hat, eine Hantel zu halten. Selbst nach einem Ausdauertraining kommt die Erm\u00fcdung eher vom K\u00f6rper als von den H\u00e4nden. Das Gewicht des Lenkrads bleibt angemessen, um die Kraftr\u00fcckgabe nicht \u00fcberm\u00e4\u00dfig zu belasten, und bietet dennoch diese realistische Tr\u00e4gheit, die die \u00dcberg\u00e4nge nat\u00fcrlicher macht.<\/p>\n<p>Was die Immersion betrifft, so stellt dieses Lenkrad eine sehr glaubw\u00fcrdige Verbindung zwischen dem Spiel und dir her. Bei einem GT3, einem Stra\u00dfenauto oder einer Rennlimousine hat man das Gef\u00fchl, dass die Form und der Durchmesser \"passen\" zu dem, was man auf dem Bildschirm sieht. Das klingt harmlos, aber wenn das Gehirn ein rundes Lenkrad sieht und die H\u00e4nde ein rundes Lenkrad mit einer plausiblen Gr\u00f6\u00dfe halten, steigt die Immersion um eine Stufe. Man versteht sofort, was das Auto macht, und traut sich leichter, an die Grenzen zu gehen.<\/p>\n<p>Im Vergleich zu einem eher einfachen, zu leichten oder sehr plastiklastigen Laufrad ist der Unterschied deutlich: Man hat das Gef\u00fchl, von einem Spielzubeh\u00f6r zu einem echten Cockpit-Element zu werden. Im Vergleich zu noch hochwertigeren, sehr spezialisierten Laufr\u00e4dern stellt das Classic 2 V2 einen hervorragenden Kompromiss dar: weniger extrem, vielseitiger und dennoch pr\u00e4zise und eindringlich genug f\u00fcr anspruchsvolle Piloten.<\/p>\n<h2>F\u00fcr wen? Was wir m\u00f6gen, was wir weniger m\u00f6gen<\/h2>\n<p>Das ClubSport Steering Wheel Classic 2 V2 richtet sich eindeutig an ein mittleres bis fortgeschrittenes Publikum, kann aber auch f\u00fcr einen motivierten Anf\u00e4nger geeignet sein, der direkt in etwas Langlebiges investieren m\u00f6chte. Wenn du haupts\u00e4chlich auf dem PC mit einer Mischung aus GTs, Stra\u00dfenautos, Langstreckenrennen und eventuell ein bisschen Rallye f\u00e4hrst, macht dieses vielseitige runde Format sehr viel Sinn. Auf Konsolen ist es sinnvoll, wenn deine Basis kompatibel ist.<\/p>\n<p>Unter den St\u00e4rken, die hervorstechen, ist die allgemeine Fertigungsqualit\u00e4t ein echtes Argument: Steifigkeit, angenehmes Leder, saubere Montage - alles tr\u00e4gt dazu bei, ein Gef\u00fchl des Vertrauens zu schaffen. Der zweite gro\u00dfe Pluspunkt ist der Komfort und der Realismus der Felge: koh\u00e4renter Durchmesser, nat\u00fcrlicher Griff, sehr gutes Erm\u00fcdungsmanagement bei langen Fahrten. Und schlie\u00dflich ist die Vielseitigkeit des Laufrads ein echter Pluspunkt: Mit einem einzigen Laufrad kann man eine Vielzahl von Disziplinen abdecken, ohne jemals den Eindruck zu haben, dass man \"fehl am Platz\" ist.<\/p>\n<p>Es gibt jedoch einige Einschr\u00e4nkungen, die man im Hinterkopf behalten sollte. Zun\u00e4chst einmal geh\u00f6rt es aufgrund seiner Preispositionierung eindeutig in die Kategorie der \u00fcberlegten Investitionen: Es handelt sich nicht mehr um ein Budget-Accessoire, sondern um ein Produkt, das man langfristig kauft. Bei manchen kann es ein wenig pieksen, wenn das restliche Setup noch nicht ganz auf der H\u00f6he ist. Zweitens k\u00f6nnte die sehr klassische \u00c4sthetik denjenigen, die aggressive Designs mit viel Karbon oder LEDs m\u00f6gen, ein wenig zu brav erscheinen. Und schlie\u00dflich ist dieses runde Lenkrad nicht f\u00fcr alles optimal: Wenn du dich fast ausschlie\u00dflich auf moderne Einsitzer oder eSports mit ultraschnellen Inputs konzentrierst, ist ein kompakteres, F1-\u00e4hnlicheres Lenkrad immer noch besser geeignet.<\/p>\n<p>Im Hinblick auf den wahrgenommenen Wert bleibt es koh\u00e4rent: Man zahlt f\u00fcr Leder, Metall, eine saubere Integration in das Fanatec-\u00d6kosystem und ein Produkt, das man behalten kann, wenn man die Basis oder das Cockpit wechselt. Es ist nicht die absolute rationale Wahl f\u00fcr ein sehr kleines Budget, aber f\u00fcr jemanden, der sein Setup als progressive Investition sieht, kreuzt das Classic 2 V2 viele relevante K\u00e4stchen an.<\/p>\n<h2>Urteil<\/h2>\n<p>Das Fanatec ClubSport Steering Wheel Classic 2 V2 hebt das Niveau eines Setups deutlich an, besonders wenn du von einem Plastiklenkrad oder einem zu leichten Lenkrad umsteigst. Es vermittelt ein realistischeres Gef\u00fchl, eine bessere Kontrolle und ein nat\u00fcrlicheres Eintauchen in das Spielgeschehen, ohne dabei zu extrem oder hyperspezialisiert zu werden. Es ist typisch f\u00fcr ein Lenkrad, das man lange beh\u00e4lt, auch wenn man den Rest der Ausr\u00fcstung weiterentwickelt.<\/p>\n<p>Auf dem Markt positioniert es sich im oberen Bereich des Mainstream-Segments: \u00fcber den einfachen Laufr\u00e4dern, unter den Ultra-Premium- oder ma\u00dfgeschneiderten Lenkr\u00e4dern. Es setzt voll auf Vielseitigkeit und Seriosit\u00e4t statt auf Spektakel, was es sehr interessant f\u00fcr einen Simracer macht, der ein einziges Hauptlenkrad f\u00fcr alles oder fast alles haben m\u00f6chte.<\/p>\n<p>Ich empfehle es besonders denjenigen, die in mehreren Disziplinen fahren, die das Gef\u00fchl eines echten Autos sch\u00e4tzen und ein Laufrad wollen, das einer Direct-Drive-Basis ohne zu stolpern folgen kann. Wenn du nur auf moderne Einsitzer ausgerichtet bist oder vor allem einen Ultra-Racing-Look mit tausend exotischen Funktionen suchst, wirst du woanders besser aufgehoben sein.<\/p>\n<p>Wenn du nach einem runden, vielseitigen, soliden und immersiven Lenkrad suchst, um eine Fanatec-Basis zu begleiten oder aufzur\u00fcsten, kann dieses Produkt eindeutig den Unterschied in deinem Setup ausmachen.<\/p>","protected":false},"excerpt":{"rendered":"<p>Dieses Lenkrad hat mir das Gef\u00fchl gegeben, von einem einfachen Zubeh\u00f6r zu einem echten Cockpit-Element zu werden, mit einem klaren Gewinn an Komfort, Kontrolle und Immersion. Es macht Sinn f\u00fcr Simracer, die bereits mit Fanatec ausgestattet sind, die in mehreren Disziplinen fahren und ein einziges, haltbares und koh\u00e4rentes Hauptrad mit einem progressionsorientierten Setup w\u00fcnschen.<\/p>","protected":false},"featured_media":100636,"comment_status":"open","ping_status":"closed","template":"","meta":{"_acf_changed":false,"_et_pb_use_builder":"","_et_pb_old_content":"","_et_gb_content_width":""},"product_brand":[158],"product_cat":[156],"product_tag":[149,159],"class_list":{"0":"post-100635","1":"product","2":"type-product","3":"status-publish","4":"has-post-thumbnail","6":"product_brand-fanatec","7":"product_cat-roue-de-volant","8":"product_tag-pc","9":"product_tag-playstation","11":"first","12":"instock","13":"shipping-taxable","14":"product-type-external"},"acf":[],"_links":{"self":[{"href":"https:\/\/simracergear.com\/de\/wp-json\/wp\/v2\/product\/100635","targetHints":{"allow":["GET"]}}],"collection":[{"href":"https:\/\/simracergear.com\/de\/wp-json\/wp\/v2\/product"}],"about":[{"href":"https:\/\/simracergear.com\/de\/wp-json\/wp\/v2\/types\/product"}],"replies":[{"embeddable":true,"href":"https:\/\/simracergear.com\/de\/wp-json\/wp\/v2\/comments?post=100635"}],"wp:featuredmedia":[{"embeddable":true,"href":"https:\/\/simracergear.com\/de\/wp-json\/wp\/v2\/media\/100636"}],"wp:attachment":[{"href":"https:\/\/simracergear.com\/de\/wp-json\/wp\/v2\/media?parent=100635"}],"wp:term":[{"taxonomy":"product_brand","embeddable":true,"href":"https:\/\/simracergear.com\/de\/wp-json\/wp\/v2\/product_brand?post=100635"},{"taxonomy":"product_cat","embeddable":true,"href":"https:\/\/simracergear.com\/de\/wp-json\/wp\/v2\/product_cat?post=100635"},{"taxonomy":"product_tag","embeddable":true,"href":"https:\/\/simracergear.com\/de\/wp-json\/wp\/v2\/product_tag?post=100635"}],"curies":[{"name":"wp","href":"https:\/\/api.w.org\/{rel}","templated":true}]}}