{"id":100689,"date":"2025-11-28T04:46:42","date_gmt":"2025-11-28T04:46:42","guid":{"rendered":"https:\/\/simracergear.com\/products\/fanatec-clubsport-steering-wheel-formula-v2-5\/"},"modified":"2025-11-28T04:46:42","modified_gmt":"2025-11-28T04:46:42","slug":"fanatec-clubsport-steering-wheel-formula-v2-5","status":"publish","type":"product","link":"https:\/\/simracergear.com\/de\/products\/fanatec-clubsport-steering-wheel-formula-v2-5\/","title":{"rendered":"Fanatec ClubSport Steering Wheel Formula V2.5"},"content":{"rendered":"<h2>Fanatec ClubSport Steering Wheel Formula V2.5: Das \"F1\"-Lenkrad, das ein Setup strukturiert<\/h2>\n<p>Das Fanatec ClubSport Steering Wheel Formula V2.5 ist f\u00fcr viele Simracer so etwas wie die \"F1-Referenz\". Ein kompaktes Lenkrad mit vielen Kn\u00f6pfen, das f\u00fcr das Fahren von Einsitzern und Protos konzipiert wurde und eindeutig auf das mittlere\/hohe Preissegment des Fanatec-Marktes abzielt. Es verspricht keine technologische Revolution, aber einen echten Qualit\u00e4tssprung in Bezug auf das Gef\u00fchl, die Ergonomie und die Verarbeitung im Vergleich zu den Lenkr\u00e4dern der Einstiegsklasse.<\/p>\n<p>Dieses Lenkrad ist attraktiv, weil es gleich mehrere Punkte auf einmal erf\u00fcllt: F1-Look, seri\u00f6se Materialien, gro\u00dfe Einstellungsm\u00f6glichkeiten und weitgehende Kompatibilit\u00e4t mit den Fanatec-Basismodellen. Es ist der \"Sweet Spot\" f\u00fcr alle, die einen Schritt weiter gehen wollen, ohne auf noch exklusivere und viel teurere Lenkr\u00e4der zur\u00fcckgreifen zu m\u00fcssen.<\/p>\n<p>Mein Blickwinkel hier ist einfach: Bietet das Formula V2.5 wirklich ein Plus an Pr\u00e4zision, Griffgef\u00fchl und Bedienungskomfort im Vergleich zu den einfacheren Lenkr\u00e4dern des \u00d6kosystems? Bleibt es \u00fcber die Formel 1 und Prototypen hinaus vielseitig? Und vor allem: Rechtfertigt er seinen Preis als echte Investition in ein leistungsorientiertes Setup?<\/p>\n<h2>Design und Herstellung: ein echtes, ernsthaftes Simracing-Lenkrad<\/h2>\n<p>In der Hand vermittelt der Formula V2.5 sofort ein Gef\u00fchl von Dichte. Die Frontplatte aus Metall, die harte Schale und die mit Alcantara oder Leder (je nach Version) \u00fcberzogenen Griffe vermitteln ein Gef\u00fchl von klarer Solidit\u00e4t. Man merkt, dass es sich nicht um ein Spielzeug handelt: Das Ganze ist kompakt, ohne Knarren und ohne sichtbare Flex. Wenn man es wagt, es leicht zu verdrehen, bewegt sich nichts. Diese Steifigkeit \u00e4ndert alles mit einer Direct Drive Base.<\/p>\n<p>Die gew\u00e4hlten Materialien sind in diesem Bereich insgesamt \u00fcberdurchschnittlich gut. Die Metallfront ist sehr vertrauenserweckend, die Tasten haben ein klares Klickger\u00e4usch, weder zu hart noch zu weich, und die Drehregler haben eine deutliche Rasterung. Man kann von einer Einstellung zur n\u00e4chsten wechseln, ohne hinzusehen, nur durch Ber\u00fchrung, was bei voller Fahrt ein echtes Highlight ist.<\/p>\n<p>Was \u00fcberrascht, ist der Detailgrad der Bedienelemente: mehrere Kn\u00f6pfe, Rotary, Analogsticks, verstellbare Schaltwippen... Man versteht sofort, dass dieses Lenkrad daf\u00fcr gedacht ist, ein modernes und komplexes Auto zu steuern, ohne die Tastatur zu ber\u00fchren. Man hat das Gef\u00fchl, ein echtes Armaturenbrett in den H\u00e4nden zu halten.<\/p>\n<p>Es gibt zwei Aspekte, bei denen ich etwas zur\u00fcckhaltender bin. Erstens ist der Alcantara-\u00e4hnliche Bezug sehr pflegebed\u00fcrftig: Ohne Handschuhe kann er sich schneller abnutzen, vor allem bei langen Sessions. Zweitens werden einige finden, dass der relativ kleine Durchmesser und die abgeflachte Form ein sehr typisches Lenkrad ergeben, das f\u00fcr gro\u00dfe H\u00e4nde oder f\u00fcr das \"entspannte\" Fahren mit einem traditionellen GT weniger komfortabel ist.<\/p>\n<p>Im Vergleich zu einem einfacheren Lenkrad der gleichen Marke ist die Pr\u00e4zision der Herstellung und die Dichte des physikalischen Gef\u00fchls eindeutig eine Stufe h\u00f6her. Im Vergleich zu noch hochwertigeren Lenkr\u00e4dern ist das Gef\u00fchl f\u00fcr die Kn\u00f6pfe und Schaltwippen etwas \"industrieller\", aber in Anbetracht des Preises ist die Ausgewogenheit sehr stimmig.<\/p>\n<h2>Einstellungen, Personalisierung und Kompatibilit\u00e4t: ein echtes Kontrollzentrum<\/h2>\n<p>Der Formula V2.5 entfaltet seine volle Wirkung, sobald er in das Fanatec-\u00d6kosystem eingebunden ist. Zwischen dem Tuning-Men\u00fc der Basis und den Encodern direkt am Lenkrad kann man enorm viele Parameter einstellen, ohne die Piste zu verlassen. FFB-St\u00e4rke, Filterung, Drehwinkel, Empfindlichkeit, Ein-\/Ausschalten von Effekten - all diese Optionen werden schnell zu Reflexen.<\/p>\n<p>Die in den Fanatec-Datenbanken integrierten Presets helfen beim Start. Man kann mit einer Standardeinstellung beginnen und diese dann je nach Titel verfeinern. Die Lernkurve ist nicht kompliziert, aber um die vielen Kn\u00f6pfe und Rotationen richtig zu nutzen, braucht man ein wenig Zeit. Am Anfang sucht und tastet man, dann pr\u00e4gen sich die Finger die Position der Schl\u00fcsselfunktionen ein. Wenn es dann klickt, wird die Ergonomie zu einem echten Pluspunkt.<\/p>\n<p>Die Personalisierung ist vor allem bei der Verwaltung der Funktionen im Spiel interessant: Bremsmix, Differential, ABS, Traktionskontrolle, ERS-Entfaltung, Motor-Maps... Alles l\u00e4sst sich \u00fcber Kn\u00f6pfe, Rotary und kleine Joysticks einstellen. Man kann das Lenkrad wirklich an den eigenen Fahrstil und den Fahrzeugtyp anpassen, ohne sich durch umst\u00e4ndliche Men\u00fcs k\u00e4mpfen zu m\u00fcssen.<\/p>\n<p>Was die Kompatibilit\u00e4t betrifft, so richtet sich das Lenkrad sowohl an PC- als auch an Konsolenspieler, solange die Fanatec-Basis die Plattform verwaltet. Auf dem PC ist nat\u00fcrlich die maximale Flexibilit\u00e4t gegeben. Auf Konsolen bleibt das Lenkrad voll funktionsf\u00e4hig, auch wenn einige Titel bestimmte erweiterte Zuweisungen anders handhaben.<\/p>\n<p>Innerhalb des \u00d6kosystems passt es perfekt zu den ClubSport- oder CSL-Pedalen, Shiftern und Handbremsen der Marke. Es ist eindeutig ein Produkt, das in die Logik eines evolution\u00e4ren Setups passt: Man kann mit einer erschwinglicheren Basis beginnen und dann zu einem st\u00e4rkeren Direct Drive aufr\u00fcsten, ohne das Lenkrad zu wechseln. In diesem Sinne fungiert das Formula V2.5 als dauerhafter Ankerpunkt in einem Fanatec-Setup.<\/p>\n<h2>Sensationen im Spiel: Wo der Formula V2.5 sein wahres Gesicht zeigt<\/h2>\n<p>Auf der Rennstrecke ist das erste, was auff\u00e4llt, wie pr\u00e4zise die Botschaft ist, die das Lenkrad vermittelt. Mit einer guten Direct Drive-Basis wird jede Mikrovariation des Grips, jede Lastverschiebung in eine sehr klare Reaktion in den H\u00e4nden umgesetzt. Wir sprechen hier nicht unbedingt von roher Kraft, sondern von Klarheit. Man versteht sehr schnell, was die Vorderachse macht.<\/p>\n<p>In schnellen Kurven gibt das Lenkrad ein besonders sauberes Feedback. Man sp\u00fcrt, wo die Reifen belastet werden, wann man beginnt, die Vorderachse zu \u00fcberlasten, und wann man genau den richtigen Zeitpunkt erwischt, um leicht nachzulassen und die Geschwindigkeit zu halten. Das kompakte \"F1\"-Format hilft dabei sehr: Die H\u00e4nde bleiben nah beieinander, die Korrekturen sind nat\u00fcrlich und schnell, ohne gro\u00dfe Gesten.<\/p>\n<p>Das Formula V2.5 ist ein echter Schritt nach vorne im Vergleich zu einem einfachen Lenkrad. Der Beginn des Rutschens ist besser zu erkennen, vor allem beim Bremsen oder beim aggressiven Einfahren in die Kurve. Man sp\u00fcrt eher, dass man sich dem Limit n\u00e4hert, als dass man es im letzten Moment erf\u00e4hrt. F\u00fcr die Arbeit an der Gleichm\u00e4\u00dfigkeit ist das sehr wertvoll. Man f\u00e4hrt eher vorausschauend als reaktiv.<\/p>\n<p>Die Vibrationen werden gut wiedergegeben, mit gen\u00fcgend Details, um eine einfache, flache Vibration von einer aggressiven, wurst\u00e4hnlichen Vibration zu unterscheiden. Die steife Struktur verhindert st\u00f6rende Vibrationen oder Rumpfger\u00e4usche. Man sp\u00fcrt den Aufprall und dann die Stabilisierung. Es ist sauber, deutlich und vor allem bleibt es konsistent, selbst wenn man die Kraft des FFB ausreizt.<\/p>\n<p>Bei langen Fahrten \u00fcberrascht der Komfort positiv. Der Griff des Lenkrads h\u00e4lt auch \u00fcber l\u00e4ngere Zeit gut, vorausgesetzt, man hat Handschuhe an, wenn man auf Alcantara f\u00e4hrt. Die Form der Griffe erm\u00f6glicht es, die Handhaltung leicht zu ver\u00e4ndern, ohne an Kontrolle zu verlieren. Die gut platzierten Schaltwippen lassen die Finger kaum erm\u00fcden. Man kann lange drehen, ohne eine besondere Verkrampfung zu sp\u00fcren, was bei weitem nicht bei allen Kompaktlenkr\u00e4dern der Fall ist.<\/p>\n<p>Bei schnellen Korrekturen, insbesondere bei nerv\u00f6sen Einsitzern oder Prototypen, zeigt sich dieses Lenkrad von seiner besten Seite. Die geringe Tr\u00e4gheit aufgrund des kompakten Formats erm\u00f6glicht sehr schnelle Bewegungen, und die pr\u00e4zise Ergonomie sorgt daf\u00fcr, dass man sich nicht aus Versehen auf den Kn\u00f6pfen verliert. Man kann ein \u00dcbersteuern ausgleichen, einen Wechsel der Motor-Map ausl\u00f6sen oder die Bremsbalance anpassen, w\u00e4hrend die H\u00e4nde fest am Lenkrad verankert bleiben. Die Kontrolle \u00fcber das Auto wird instinktiver.<\/p>\n<p>Im Vergleich zu einem einfacheren, weniger steifen und weniger dichten Lenkrad liegt der Unterschied weniger in der gef\u00fchlten Kraft als vielmehr in der Lesbarkeit. Wo ein Lenkrad der Einstiegs-\/Mittelklasse manchmal das Gef\u00fchl eines \"Breis\" von Effekten bei hoher Intensit\u00e4t vermittelt, beh\u00e4lt das Formula V2.5 eine klare Hierarchie der Informationen bei. Man kann besser unterscheiden, was vom Grip, dem Streckenrelief und dem Lenksystem kommt.<\/p>\n<p>Im Vergleich zu noch hochwertigeren Lenkr\u00e4dern verliert man ein wenig an ultimativer Feinheit und mechanischer Anpassung, aber das Verh\u00e4ltnis von Pr\u00e4zision zu Preis bleibt weitgehend zugunsten dieses Modells. Bei den meisten Simracern ist der wahrgenommene Qualit\u00e4tssprung bereits enorm. Man hat das Gef\u00fchl, ein Arbeitsger\u00e4t zu haben, nicht nur ein Peripherieger\u00e4t.<\/p>\n<h2>F\u00fcr wen? Was wir m\u00f6gen, was wir weniger m\u00f6gen<\/h2>\n<p>Das Formula V2.5 zielt eindeutig auf den motivierten Simracer ab der Mittelstufe ab. Derjenige, der regelm\u00e4\u00dfig f\u00e4hrt, der anf\u00e4ngt, fortgeschrittene Einstellungen anzufassen, und der ein Lenkrad will, das typisch f\u00fcr moderne Rennen ist. Es ist besonders geeignet f\u00fcr Fans der Formel 1, von Open-Wheel-Rennen im Allgemeinen, von LMP-Prototypen und virtuellen Hypercars. Auf dem PC ist es ein echtes Schweizer Taschenmesser f\u00fcr moderne Rennen. Auf Konsolen bleibt es eine ausgezeichnete Wahl, wenn man vor allem wettkampforientierte Titel spielt.<\/p>\n<p>Was mir am meisten gef\u00e4llt, ist die Kombination aus Verarbeitung, Gef\u00fchl und Ergonomie. Das Lenkrad vermittelt schon beim Anfassen einen echten Eindruck von Seriosit\u00e4t. Das vermittelte Gef\u00fchl ist sauber und stimmig mit einer Direct Drive-Basis. Und die Menge der verf\u00fcgbaren Bedienelemente erm\u00f6glicht es, wirklich vom Lenkrad aus zu steuern, was die Art und Weise, wie man ein langes Rennen oder Stints bew\u00e4ltigt, ver\u00e4ndert.<\/p>\n<p>Ein weiterer Pluspunkt ist, dass es sich um ein langlebiges Produkt in einem Setup handelt. Man kann die Basis, die Pedale oder den Rest der Ausr\u00fcstung aufr\u00fcsten, ohne das Gef\u00fchl zu haben, dass das Lenkrad zum schw\u00e4chsten Glied wird. Das ist bei leichteren oder flexibleren Lenkr\u00e4dern nicht immer der Fall.<\/p>\n<p>Auf der Seite der Grenzen ist die erste offensichtlich: Die sehr typische Einsitzerform macht ihn weniger vielseitig f\u00fcr diejenigen, die vor allem in \"klassischen\" GTs, Rallyes oder auf offenen Stra\u00dfen fahren. Man kann zwar alles damit machen, aber es ist nicht das nat\u00fcrlichste Format f\u00fcr diese Disziplinen. Zweiter Punkt: Alcantara oder \u00e4hnliche Bez\u00fcge erfordern Handschuhe oder ein Mindestma\u00df an Pflege, da sonst die \u00e4sthetische Lebensdauer leidet. Und schlie\u00dflich geh\u00f6rt der Preis eindeutig in die Kategorie der \u00fcberlegten Investition. Es handelt sich hier nicht mehr um einen Testkauf, sondern um eine strukturierende Entscheidung f\u00fcr ein Setup.<\/p>\n<p>In Bezug auf den wahrgenommenen Wert bleibt die Gleichung f\u00fcr einen Simracer, der sein Hobby ernst nimmt, interessant. Man zahlt f\u00fcr einen echten Gef\u00fchlsanstieg, eine weit \u00fcberdurchschnittliche Verarbeitung und eine Ergonomie, die das Fahren unterst\u00fctzt, anstatt es zu erschweren. F\u00fcr einen absoluten Anf\u00e4nger mag das \u00fcberdimensioniert sein. F\u00fcr einen bereits s\u00fcchtigen Spieler macht das Verh\u00e4ltnis von Kosten und Erfahrungsgewinn Sinn.<\/p>\n<h2>Urteil: Eine solide S\u00e4ule f\u00fcr ein leistungsorientiertes Setup<\/h2>\n<p>Das Fanatec ClubSport Steering Wheel Formula V2.5 ist nicht nur ein weiteres Gadget in einem bereits sehr umfangreichen \u00d6kosystem. Es ist ein strukturierendes Element eines modernen, simracing-orientierten Setups. Es bietet Steifigkeit, Pr\u00e4zision und Ergonomie, die die Beziehung zwischen dem virtuellen Fahrer und dem Auto ver\u00e4ndern, insbesondere bei einer Direct Drive-Basis.<\/p>\n<p>Auf dem Markt ist es im oberen Mittelfeld oder sogar im Premiumsegment angesiedelt, wenn es um F1-Lenkr\u00e4der geht. Es zielt nicht auf den Ultra-Custom-Bereich ab, sondern bietet ein Erlebnis, das den Erwartungen anspruchsvoller Simracer sehr nahe kommt, ohne das Budget v\u00f6llig zu sprengen.<\/p>\n<p>Ich w\u00fcrde es auf jeden Fall all jenen empfehlen, die haupts\u00e4chlich moderne Einsitzer, Prototypen oder GTs fahren, sowohl auf dem PC als auch auf der Konsole, und die bereits eine Fanatec-Basis haben oder ernsthaft in Erw\u00e4gung ziehen, sich eine zuzulegen. F\u00fcr einen eher gelegentlichen Spieler, der runde Lenkr\u00e4der und eine Nutzung f\u00fcr mehrere Disziplinen bevorzugt, ist es nicht unbedingt der beste erste Kauf.<\/p>\n<p>Wenn du ein kompaktes, pr\u00e4zises, steifes Lenkrad suchst, das darauf ausgelegt ist, eine Fanatec-Basis in modernen Rennen voll auszunutzen, kann dieses Produkt eindeutig den Unterschied in deinem Setup ausmachen.<\/p>","protected":false},"excerpt":{"rendered":"<p>Dieses Lenkrad hat mir das Gef\u00fchl gegeben, die Infos des Autos wirklich zu verdeutlichen und das Fahren instinktiver zu machen, vor allem bei Einsitzern und Protos. Es macht Sinn f\u00fcr bereits engagierte Simracer, die oft fahren und ein leistungsorientiertes Fanatec-Setup strukturieren wollen. Die Investition bleibt koh\u00e4rent, wenn man den Gewinn an Gef\u00fchl und Ergonomie betrachtet.<\/p>","protected":false},"featured_media":100690,"comment_status":"open","ping_status":"closed","template":"","meta":{"_acf_changed":false,"_et_pb_use_builder":"","_et_pb_old_content":"","_et_gb_content_width":""},"product_brand":[158],"product_cat":[156],"product_tag":[149,159],"class_list":{"0":"post-100689","1":"product","2":"type-product","3":"status-publish","4":"has-post-thumbnail","6":"product_brand-fanatec","7":"product_cat-roue-de-volant","8":"product_tag-pc","9":"product_tag-playstation","11":"first","12":"instock","13":"shipping-taxable","14":"product-type-external"},"acf":[],"_links":{"self":[{"href":"https:\/\/simracergear.com\/de\/wp-json\/wp\/v2\/product\/100689","targetHints":{"allow":["GET"]}}],"collection":[{"href":"https:\/\/simracergear.com\/de\/wp-json\/wp\/v2\/product"}],"about":[{"href":"https:\/\/simracergear.com\/de\/wp-json\/wp\/v2\/types\/product"}],"replies":[{"embeddable":true,"href":"https:\/\/simracergear.com\/de\/wp-json\/wp\/v2\/comments?post=100689"}],"wp:featuredmedia":[{"embeddable":true,"href":"https:\/\/simracergear.com\/de\/wp-json\/wp\/v2\/media\/100690"}],"wp:attachment":[{"href":"https:\/\/simracergear.com\/de\/wp-json\/wp\/v2\/media?parent=100689"}],"wp:term":[{"taxonomy":"product_brand","embeddable":true,"href":"https:\/\/simracergear.com\/de\/wp-json\/wp\/v2\/product_brand?post=100689"},{"taxonomy":"product_cat","embeddable":true,"href":"https:\/\/simracergear.com\/de\/wp-json\/wp\/v2\/product_cat?post=100689"},{"taxonomy":"product_tag","embeddable":true,"href":"https:\/\/simracergear.com\/de\/wp-json\/wp\/v2\/product_tag?post=100689"}],"curies":[{"name":"wp","href":"https:\/\/api.w.org\/{rel}","templated":true}]}}