{"id":100747,"date":"2025-11-28T04:46:43","date_gmt":"2025-11-28T04:46:43","guid":{"rendered":"https:\/\/simracergear.com\/products\/fanatec-clubsport-steering-wheel-nascar-v2-for-xbox\/"},"modified":"2025-11-28T04:46:43","modified_gmt":"2025-11-28T04:46:43","slug":"fanatec-clubsport-steering-wheel-nascar-v2-for-xbox","status":"publish","type":"product","link":"https:\/\/simracergear.com\/de\/products\/fanatec-clubsport-steering-wheel-nascar-v2-for-xbox\/","title":{"rendered":"Fanatec ClubSport Steering Wheel NASCAR V2 for Xbox"},"content":{"rendered":"<h2>Fanatec ClubSport Steering Wheel NASCAR V2 for Xbox: Meine Meinung nach dem Test<\/h2>\n<p>Im Segment der runden Stockcar-Lenkr\u00e4der ist das Fanatec ClubSport Steering Wheel NASCAR V2 for Xbox eindeutig als \"ernsthafter Enthusiast\" zu bezeichnen. Es ist kein Einsteigerrad und auch kein \u00fcberteuertes Ultra-Premium-Objekt. Es ist ein Lenkrad f\u00fcr Simracer, die etwas Solides, Vielseitiges, Xbox-kompatibles und f\u00fcr Ovale optimiertes wollen, das aber auch auf Stra\u00dfenkursen eingesetzt werden kann.<\/p>\n<p>Dieses Lenkrad verspricht vor allem drei Dinge: eine gute NASCAR-Immersion, ein sauberes Gef\u00fchl f\u00fcr Oval-Racing mit Fanatec-Basis und ein \"Plug &amp; Play\"-Format auf der Xbox dank der integrierten Elektronik. Auf dem Papier ist es die Kombo aus Konsolenzug\u00e4nglichkeit + Anforderungen an ein ClubSport-Lenkrad.<\/p>\n<p>Ich selbst bin es aus einem sehr einfachen Blickwinkel angegangen: pr\u00e4zise Steuerung, Gef\u00fchl in der Hand und tats\u00e4chliche Nutzung in verschiedenen Rennarten. Es geht nicht nur darum, ob es \"NASCAR-m\u00e4\u00dfig\" ist, sondern ob es als Hauptsteuerrad f\u00fcr jemanden, der Oval, GT und Multiklasse f\u00e4hrt, h\u00e4lt.<\/p>\n<p>Was mich in erster Linie interessiert hat: der Komfort bei langen Sessions, die Qualit\u00e4t der Steuerung (Paddles, Kn\u00f6pfe) und die allgemeine Koh\u00e4renz mit einer Direct Drive Fanatec-Basis, bei der jedes Detail der Steifigkeit und der Verarbeitung sofort sp\u00fcrbar ist.<\/p>\n<h2>Design und Herstellung: Ein echtes Rennlenkrad in der Hand<\/h2>\n<p>In der Hand vermittelt das ClubSport NASCAR V2 sofort den Eindruck eines echten Rennlenkrads, das f\u00fcr den Sim-Racing-Einsatz modernisiert wurde. Die Felge ist aus Metall und hat einen gro\u00dfz\u00fcgigen Durchmesser, der typisch f\u00fcr Stockcar-Lenkr\u00e4der ist. Man sp\u00fcrt eine gute Dichte, ohne ein erm\u00fcdendes \"Kopfsteinpflaster\" zu sein. Die gesamte Konstruktion strahlt Solidit\u00e4t aus, von der Nabe bis zu den Speichen.<\/p>\n<p>Die Handfl\u00e4che ist eindeutig auf l\u00e4ngeren Grip ausgelegt, mit einem Material, das gut greift, ohne abrasiv zu sein. Mit Handschuhen erh\u00e4lt man einen sehr sauberen Block, und mit blo\u00dfen H\u00e4nden ist der Komfort immer noch sehr ordentlich, auch wenn man das Gef\u00fchl hat, dass das Produkt mit einer einigerma\u00dfen ernsthaften Simracing-Ausr\u00fcstung am besten ist.<\/p>\n<p>Die allgemeine Steifigkeit ist sehr zufriedenstellend. Auf einer Direct Drive Basis habe ich keine merkliche Flex in der Felgenstruktur gesp\u00fcrt. Die Speichen verdrehen sich nicht, selbst wenn man bei gro\u00dfen Lenkeinschl\u00e4gen kr\u00e4ftig zupackt. Der Kranz \"klingt\" nicht hohl, was das Gef\u00fchl der wahrgenommenen Qualit\u00e4t noch verst\u00e4rkt.<\/p>\n<p>Die Xbox-Tasten und andere Bedienelemente sind gut integriert. Es handelt sich um einen klaren Konsolen-\/Vielzweck-Look, der weniger \"wettkampforientiert\" ist als ein v\u00f6llig nacktes Lenkrad, aber dieser Kompromiss macht Sinn f\u00fcr jemanden, der sowohl an der Konsole als auch am PC spielt. Die Beschriftungen sind gut lesbar, die Farben sind n\u00fcchtern, nichts wirkt wie ein Gimmick.<\/p>\n<p>Was sofort \u00fcberrascht, ist, wie sehr das Lenkrad darauf vorbereitet scheint, jahrelangen Gebrauch zu verkraften. Kein Teil f\u00fchlt sich an, als w\u00fcrde es flattern oder sich \u00fcberm\u00e4\u00dfig bewegen. Die Schaltwippen dahinter sind fest, mit einem klaren Klick, der einem guten Shifter aus einem Rennspiel ziemlich \u00e4hnlich ist.<\/p>\n<p>Wo ich etwas gemischte Gef\u00fchle habe, ist der allgemeine \"Reichtum\" im Vergleich zu einigen teureren Lenkr\u00e4dern aus dem Fanatec-Sortiment. Man hat nicht den gleichen Eindruck von Luxus wie bei einigen Modellen mit Premium-Leder oder Sichtcarbon. Es handelt sich eher um ein Werkzeug, das dem Rennsport gewidmet ist, als um ein Schaufensterobjekt.<\/p>\n<p>Im Vergleich zu einfacheren Rundr\u00e4dern oder Entry-Level-R\u00e4dern ist der Unterschied in der Verarbeitung deutlich. Im Vergleich zu hochwertigeren Produkten ist die Verarbeitung sehr ordentlich, aber es ist nicht das raffinierteste Lenkrad im Fanatec-Katalog. F\u00fcr ein NASCAR-orientiertes Setup \/ Oval ist die Balance zwischen Material, Gewicht und Festigkeit jedoch wirklich gut getroffen.<\/p>\n<h2>Einstellungen, Anpassung und Kompatibilit\u00e4t<\/h2>\n<p>Was die Einstellungen betrifft, handelt es sich um ein Produkt, das vollst\u00e4ndig in das Fanatec-\u00d6kosystem integriert ist. Die Men\u00fcs der Basis verwalten die meisten Parameter, die das Gef\u00fchl des Lenkrads beeinflussen: Rotationsgrad, Gesamtkraft, Filterung, nat\u00fcrlicher D\u00e4mpfer, etc. Das NASCAR V2-Rad reagiert sehr gut auf die Anpassungen, ohne st\u00f6rendes Verhalten.<\/p>\n<p>Die von Fanatec bereitgestellten Presets f\u00fcr die wichtigsten Spiele sind eine gute Grundlage. F\u00fcr einen fortgeschrittenen Benutzer reichen zehn bis f\u00fcnfzehn Minuten aus, um die Rotation und die Kraft je nach Art des Rennens anzupassen: leichter und spritziger f\u00fcr Oval, etwas mehr Gewicht und Filter f\u00fcr Ausdauer oder GT. Man kann schrittweise verfeinern, ohne sich in endlosen Men\u00fcschichten zu verlieren.<\/p>\n<p>Die sp\u00fcrbarste Anpassung betrifft vor allem den Rotationswinkel und die wahrgenommene Kraft. Bei NASCAR-Rennen vermittelt eine begrenztere Rotation ein sehr direktes Gef\u00fchl der Kontrolle. Auf Stra\u00dfenkursen erm\u00f6glicht die Beibehaltung einer klassischeren Rotation eine h\u00f6here Pr\u00e4zision in langsamen Kurven und Haarnadeln. Das Lenkrad folgt diesen \u00c4nderungen gut, ohne an Linearit\u00e4t oder Reaktionsf\u00e4higkeit zu verlieren.<\/p>\n<p>Die Lernkurve bleibt sehr \u00fcberschaubar. Das Lenkrad f\u00fcgt keine unn\u00f6tige Komplexit\u00e4t hinzu. Sobald man mit der Fanatec-Schnittstelle einigerma\u00dfen vertraut ist, geht die Eingew\u00f6hnung schnell vonstatten. Die Tasten am Rad decken die wichtigsten Funktionen im Spiel ab: Kamera, Mix aus Brake Bias \/ Traction Control je nach Mapping, etc. Wir bleiben bei etwas, das man sich einfach merken kann.<\/p>\n<p>Bei der Kompatibilit\u00e4t ist dies ein gro\u00dfer Pluspunkt: Da sich die Xbox-Elektronik im Laufrad befindet, kann es direkt auf einer Konsole mit einer kompatiblen Basis verwendet werden. Auf dem PC funktioniert alles ohne besondere Probleme, wie ein klassisches Fanatec-Rad. Man kann von einer Plattform zur anderen wechseln, ohne sein Setup physisch neu zu konfigurieren.<\/p>\n<p>Im Fanatec-\u00d6kosystem macht dieses Laufrad mit einer Direct-Drive-Kettenstrebe, einem korrekten Kurbelsatz (ClubSport oder Load Cell, die erschwinglicher sind) und eventuell einem Shifter f\u00fcr die Liebhaber von H-Schaltungen Sinn. Es ist eher ein Laufrad im mittleren bis oberen Preissegment, das qualitativ hochwertig genug ist, um lange zu halten, aber im Vergleich zu den teureren Modellen erschwinglich bleibt.<\/p>\n<p>In Bezug auf die Erweiterbarkeit ist es keine \"Einstiegsbasis\", sondern ein Rad, das man lange Zeit in einem Setup behalten kann, das sich nach oben entwickelt. Man kann sp\u00e4ter ein GT-Laufrad, ein F1-Lenkrad oder einen fortschrittlicheren Hub hinzuf\u00fcgen, ohne dass das NASCAR V2 nutzlos wird. Es beh\u00e4lt seine Attraktivit\u00e4t als Oval- oder Stockcar-Rad.<\/p>\n<h2>Sensationen im Spiel: Wo sich NASCAR V2 entfaltet<\/h2>\n<p>Einmal auf der Rennstrecke, zeigt das ClubSport Steering Wheel NASCAR V2 deutlich seine Rennsport-DNA. Der erste Punkt, der auff\u00e4llt, ist die Pr\u00e4zision der Kraftr\u00fcckkopplung, die von der Felge \u00fcbertragen wird. Mit einer Direct Drive Basis sp\u00fcrt man sehr fein die Lastver\u00e4nderungen auf der Vorderachse, selbst bei hohen Geschwindigkeiten. Der gr\u00f6\u00dfere Durchmesser im Vergleich zu einem GT-Rad f\u00fchrt zu einer progressiveren Kontrolle, die weniger nerv\u00f6s, aber sehr gut lesbar ist.<\/p>\n<p>In den Kurven, vor allem auf Ovalen, l\u00e4sst sich das Auto sehr gut ablesen. Man sp\u00fcrt genau, wann das Auto in den St\u00fctzpunkt \"einsteigt\", und das Lenkrad vermittelt gut den \u00dcbergang zwischen Grip und beginnendem Rutschen. Das Lenkrad vermittelt kein ultra-aggressives Gef\u00fchl; es f\u00f6rdert vielmehr Stabilit\u00e4t und Vertrauen. Man begleitet das Auto auf nat\u00fcrliche Weise, anstatt es zu \"schlagen\".<\/p>\n<p>Auf Stra\u00dfenkursen bleibt das Verhalten durchaus nutzbar. Bei schnellen Kurvenkombinationen oder mittleren Kurven sorgt der Felgendurchmesser f\u00fcr eine gute Feinf\u00fchligkeit in der Spur. Bei sehr engen Haarnadelkurven verliert man im Vergleich zu kleineren, GT-\u00e4hnlichen Felgen ein wenig an Geschwindigkeit, aber das ist nicht weiter schlimm, wenn man nicht nur auf kurvigen Strecken sprintet.<\/p>\n<p>Das Ablesen des Grips ist eine der echten St\u00e4rken. Wenn die Reifen zu rutschen beginnen, kann man den \u00dcbergang in den H\u00e4nden ablesen, mit einem kleinen Widerstandsverlust und Mikrovibrationen, die das Lenkrad sehr sauber \u00fcbertr\u00e4gt. Man wei\u00df recht fr\u00fch, ob man nachlassen, gegenlenken oder einen leichten Drift akzeptieren muss. \"Man versteht sofort, was das Auto macht.\"<\/p>\n<p>Die Vibrationen werden gut wiedergegeben, mit einem angenehmen Gleichgewicht zwischen Detail und Komfort. Man sp\u00fcrt das Relief und die Rauheit, ohne das Gef\u00fchl zu haben, dass die Felge \u00fcberm\u00e4\u00dfig zittert. Bei aggressiven Vibrationen hat man ein deutliches Schlaggef\u00fchl in den H\u00e4nden, vor allem bei einer starken Basis, aber das Lenkrad h\u00e4lt ohne st\u00f6rende Vibrationen oder Flex stand. Man beh\u00e4lt die Kontrolle, selbst in Sequenzen, in denen die Vorderachse springt.<\/p>\n<p>Bei langen Sessions ist der Komfort je nach Krafteinstellung ordentlich bis sehr gut. Das Gewicht der Felge bleibt angemessen, und die runde Form erm\u00f6glicht es, die Handposition leicht zu ver\u00e4ndern, ohne sich zu verlieren. Auf einer gut parametrisierten Basis k\u00e4mpft man nicht gegen das Rad, sondern arbeitet mit ihm. Die Erm\u00fcdung kommt eher von der Konzentration als von einer \u00fcberm\u00e4\u00dfigen k\u00f6rperlichen Anstrengung, was ideal f\u00fcr Ausdauertraining oder lange Rennen ist.<\/p>\n<p>Bei schnellen Korrekturen bleibt das Lenkrad effektiv. Mit einer gut eingestellten Direct Drive Basis und einer angepassten Rotation (eher klein f\u00fcr das Oval) kann man ein leichtes \u00dcbersteuern ohne gro\u00dfe Schwierigkeiten wieder einfangen. Man hat nicht die extreme Lebendigkeit eines kleineren Rades, aber man gewinnt an feiner Kontrolle. Wenn man von einem kompakten GT-Rad kommt, braucht man ein wenig Zeit, um sich daran zu gew\u00f6hnen, aber wenn man sich einmal daran gew\u00f6hnt hat, sind die Korrekturen sauber und vorhersehbar.<\/p>\n<p>Im Vergleich zu einer weniger leistungsstarken Basis oder einem Einsteiger-Lenkrad ist der Unterschied in der Sauberkeit der Informationen deutlich. Es gibt weniger k\u00fcnstliche Effekte, mehr n\u00fctzliche Signale: Lastverschiebung, Haftungsverlust, Oberfl\u00e4chenver\u00e4nderungen. Das Lenkrad s\u00e4ttigt nicht, selbst wenn die Basis viele Informationen sendet. Man sp\u00fcrt, dass die Felge und die Struktur das ohne zu murren verkraften.<\/p>\n<p>Im Vergleich zu noch hochwertigeren Lenkr\u00e4dern versucht dieses NASCAR V2 nicht, \u00fcbertrieben zu spielen. Es ist etwas weniger brutal, etwas weniger extrem in der Darstellung, aber diese \"brave\" Seite spielt ihm bei vielen Simracern in die H\u00e4nde. Die Kombi aus Immersion, Komfort und Lesbarkeit ist wirklich gut kalibriert. Es ist die Art von Lenkrad, mit dem man gerne Staffeln fahren m\u00f6chte, und nicht nur drei \"Testrunden\" drehen und es dann weglegen m\u00f6chte.<\/p>\n<h2>F\u00fcr wen? Was wir m\u00f6gen, was wir weniger m\u00f6gen<\/h2>\n<p>Das ClubSport Steering Wheel NASCAR V2 for Xbox richtet sich eindeutig an ein mittleres bis fortgeschrittenes Profil, das bereits wei\u00df, dass es ein seri\u00f6ses rundes Rad mit echtem Rennwagengef\u00fchl und nativer Xbox-Kompatibilit\u00e4t haben m\u00f6chte. F\u00fcr einen motivierten Anf\u00e4nger, der bereit ist, direkt in ein Fanatec-\u00d6kosystem zu investieren, kann es auch ein guter Einstiegspunkt sein, vorausgesetzt, er wei\u00df, dass er sich in einem Bereich oberhalb des \"Casual Wheel\" befindet.<\/p>\n<p>Was mir am meisten gef\u00e4llt, ist das Gef\u00fchl der Robustheit und der Gesamtkonsistenz. Man hat wirklich das Gef\u00fchl, ein Lenkrad zu haben, das f\u00fcr stundenlanges intensives Simracing konzipiert wurde, ohne strukturelle Kompromisse einzugehen. Zweitens ist die Lesbarkeit des Feedbacks hervorragend: Grip, Haftungsverlust, Vibrationen, \u00dcberg\u00e4nge. \"Man stellt sich keine Fragen, man sp\u00fcrt einfach, was passiert.\" Und schlie\u00dflich vereinfacht die in das Laufrad integrierte Xbox-Kompatibilit\u00e4t das Leben von Konsolenspielern enorm, w\u00e4hrend die perfekte Integration auf der PC-Seite erhalten bleibt.<\/p>\n<p>Auf der anderen Seite gibt es einige Einschr\u00e4nkungen. Die erste ist, dass es nicht das vielseitigste Rad der Welt ist, wenn man nie NASCAR oder Rennen mit Autos f\u00e4hrt, die sich \u00e4hnlich verhalten. F\u00fcr jemanden, der 90 % der Zeit in der Formel 1 oder in Prototypen f\u00e4hrt, ist ein flaches oder formula\u00e4hnliches Lenkrad sinnvoller. Die zweite Grenze ist die Wahrnehmung von \"Luxus\", die eine Stufe unter der von einigen Premium-Modellen der Marke liegt, vor allem, wenn man auf die sehr hochwertige Verarbeitung achtet. Der dritte Punkt ist der Durchmesser, der denjenigen, die von sehr kompakten und scharfen Felgen kommen, etwas zu gro\u00df erscheinen kann: Man muss sich anpassen, vor allem beim Driften oder im Rallyesport.<\/p>\n<p>In Bezug auf die Investition handelt es sich um ein Produkt, das nicht auf die Low-Cost-Karte setzt. Der wahrgenommene Wert ergibt sich vor allem aus der erwarteten Haltbarkeit, der Cross-Plattform-Kompatibilit\u00e4t und der Qualit\u00e4t des Renngef\u00fchls. F\u00fcr jemanden, der ein Hauptlenkrad f\u00fcr Stock Cars \/ \"klassische\" GTs sucht und vorhat, sein Material mehrere Jahre zu behalten, ist das Verh\u00e4ltnis von Investition und Erfahrung stimmig.<\/p>\n<p>F\u00fcr einen eher gelegentlichen Nutzer, der ab und zu auf der Xbox spielt, kann dieses Lenkrad ein wenig \"zu viel\" sein: zu ernst, zu typisch, zu teuer im Verh\u00e4ltnis zur Nutzung. Es richtet sich eher an denjenigen, der sein Setup als echtes Simulationswerkzeug sieht und nicht als einfaches Wohnzimmer-Accessoire.<\/p>\n<h2>Urteil: Ein echtes NASCAR-orientiertes Simracing-Lenkrad, aber nicht nur das<\/h2>\n<p>Das Fanatec ClubSport Steering Wheel NASCAR V2 for Xbox bringt etwas sehr Konkretes in ein Setup: ein seri\u00f6ses rundes Lenkrad, das eine Direct Drive-Basis ohne Murren ausnutzen kann, mit nativer Xbox-Kompatibilit\u00e4t und einem Gef\u00fchl, das perfekt auf Ovalrennen abgestimmt ist. Es verleiht einem stockcar-orientierten Setup Koh\u00e4renz und ist gleichzeitig vielseitig genug, um auf Stra\u00dfenkursen zu fahren.<\/p>\n<p>Auf dem Markt ist es eindeutig im mittleren\/oberen Preissegment angesiedelt. Nicht so exklusiv oder anspruchsvoll wie einige Ultra-Premium-Laufr\u00e4der, aber in Bezug auf Materialien, Steifigkeit und Pr\u00e4zision weit \u00fcber dem Entry-Level. Es ist ein \"Arbeitsprodukt\" f\u00fcr involvierte Simracer, mehr als ein auf dem Papier beeindruckendes Gadget.<\/p>\n<p>Ich w\u00fcrde es auf jeden Fall denjenigen empfehlen, die regelm\u00e4\u00dfig NASCAR, Ovale oder typische Touring- \/ Stock-Autos auf Xbox und\/oder PC fahren und ein solides Lenkrad wollen, das sie lange behalten k\u00f6nnen. F\u00fcr jemanden, der nur Einsitzer oder Rallyes f\u00e4hrt oder vor allem ein ultra-vielseitiges und kompaktes Rad sucht, wird ein anderes Modell besser geeignet sein.<\/p>\n<p>Wenn du nach einem kr\u00e4ftigen runden Lenkrad suchst, das wirklich glaubw\u00fcrdig f\u00fcr NASCAR ist, Xbox-kompatibel ist und sich auch bei l\u00e4ngeren Sessions gut anf\u00fchlt, kann dieses Produkt eindeutig den Unterschied in deinem Setup ausmachen.<\/p>","protected":false},"excerpt":{"rendered":"<p>Das Lenkrad hat mir das Gef\u00fchl vermittelt, dass es sich um ein seri\u00f6ses Werkzeug handelt, dessen Informationen sehr gut lesbar sind und das auf Dauer beruhigend wirkt, vor allem bei NASCAR und Langstreckenrennen. Es macht Sinn f\u00fcr die beteiligten Simracer, die eher mittelm\u00e4\u00dfig bis fortgeschritten sind und regelm\u00e4\u00dfig auf Xbox und\/oder PC spielen. Die Investition ist auch dann sinnvoll, wenn das Oval und die Stock-Car-Autos im Mittelpunkt deiner Nutzung stehen.<\/p>","protected":false},"featured_media":100748,"comment_status":"open","ping_status":"closed","template":"","meta":{"_acf_changed":false,"_et_pb_use_builder":"","_et_pb_old_content":"","_et_gb_content_width":""},"product_brand":[158],"product_cat":[156],"product_tag":[149,159,160],"class_list":{"0":"post-100747","1":"product","2":"type-product","3":"status-publish","4":"has-post-thumbnail","6":"product_brand-fanatec","7":"product_cat-roue-de-volant","8":"product_tag-pc","9":"product_tag-playstation","10":"product_tag-xbox","12":"first","13":"instock","14":"shipping-taxable","15":"product-type-external"},"acf":[],"_links":{"self":[{"href":"https:\/\/simracergear.com\/de\/wp-json\/wp\/v2\/product\/100747","targetHints":{"allow":["GET"]}}],"collection":[{"href":"https:\/\/simracergear.com\/de\/wp-json\/wp\/v2\/product"}],"about":[{"href":"https:\/\/simracergear.com\/de\/wp-json\/wp\/v2\/types\/product"}],"replies":[{"embeddable":true,"href":"https:\/\/simracergear.com\/de\/wp-json\/wp\/v2\/comments?post=100747"}],"wp:featuredmedia":[{"embeddable":true,"href":"https:\/\/simracergear.com\/de\/wp-json\/wp\/v2\/media\/100748"}],"wp:attachment":[{"href":"https:\/\/simracergear.com\/de\/wp-json\/wp\/v2\/media?parent=100747"}],"wp:term":[{"taxonomy":"product_brand","embeddable":true,"href":"https:\/\/simracergear.com\/de\/wp-json\/wp\/v2\/product_brand?post=100747"},{"taxonomy":"product_cat","embeddable":true,"href":"https:\/\/simracergear.com\/de\/wp-json\/wp\/v2\/product_cat?post=100747"},{"taxonomy":"product_tag","embeddable":true,"href":"https:\/\/simracergear.com\/de\/wp-json\/wp\/v2\/product_tag?post=100747"}],"curies":[{"name":"wp","href":"https:\/\/api.w.org\/{rel}","templated":true}]}}