{"id":100880,"date":"2025-05-15T07:54:00","date_gmt":"2025-05-15T07:54:00","guid":{"rendered":"https:\/\/simracergear.com\/products\/fanatec-csl-dd-8-nm\/"},"modified":"2025-11-28T04:42:46","modified_gmt":"2025-11-28T04:42:46","slug":"fanatec-csl-dd-8-nm","status":"publish","type":"product","link":"https:\/\/simracergear.com\/de\/products\/fanatec-csl-dd-8-nm\/","title":{"rendered":"Fanatec CSL DD QR2 (8 Nm)"},"content":{"rendered":"<h2>Fanatec CSL DD QR2 (8 Nm): Der wahre Qualit\u00e4tssprung im Mittelklassebereich?<\/h2>\n<p>Der Fanatec CSL DD QR2 (8 Nm) befindet sich in einem sehr begehrten Bereich: dem des \"erschwinglichen\" Direct Drive, der aber ernst genug ist, um einen anspruchsvollen Simracer zufrieden zu stellen. Wir befinden uns nicht mehr auf einer Einsteigerbasis, aber noch nicht bei den Leistungsmonstern der sehr hohen Preisklasse. Auf dem Papier verspricht er den besten Kompromiss: ordentliches Drehmoment, reiner Direct Drive, breite Kompatibilit\u00e4t und das neue QR2-System, das endlich das Problem des parasit\u00e4ren Spiels an der Nabe l\u00f6sen soll.<\/p>\n<p>Was so anziehend ist, ist das Versprechen eines sauberen Force-Feedbacks, ohne in eine doppelt oder dreifach so teure Basis investieren zu m\u00fcssen. Die Idee dahinter ist, ein Gef\u00fchl zu vermitteln, das deutlich \u00fcber den Riemenbasen und den ersten Low-Cost-DDs liegt, und gleichzeitig auf einem einigerma\u00dfen steifen Cockpit nutzbar zu bleiben.<\/p>\n<p>Mein Analysewinkel ist einfach: Genauigkeit des Feedbacks, allgemeine mechanische Qualit\u00e4t und Konsistenz der t\u00e4glichen Erfahrung. Reichen die 8 Nm wirklich aus, um das Verhalten auf der Rennstrecke zu ver\u00e4ndern? Bringt der QR2 einen echten Gewinn bei der Steifigkeit und dem Vertrauen? Und vor allem: H\u00e4lt diese Basis als Kern eines ausbauf\u00e4higen Setups stand, oder ist man schnell eingeschr\u00e4nkt, sobald man ein wenig ernsthafte Fortschritte macht.<\/p>\n<h2>Design &amp; Herstellung: kompakt, seri\u00f6s, reifer<\/h2>\n<p>In der Hand vermittelt der CSL DD QR2 (8 Nm) sofort einen dichten Eindruck. Das Metallchassis mit seinen gut bearbeiteten Seiten erweckt mehr Vertrauen als viele \"Plastik\"-Basen der unteren Preisklasse. Nichts klingt hohl, nichts wackelt, wenn man damit hantiert. Es f\u00fchlt sich an wie ein kompakter Block, der so konzipiert ist, dass er die Belastungen eines Direct Drive ohne zu murren verkraften kann.<\/p>\n<p>Die Verarbeitung ist sauber: Lackierung, Kanten, Anschl\u00fcsse - alles ist so, wie man es von einem seri\u00f6sen Mittelklasseprodukt erwartet. Es ist nicht das \"Luxusobjekt\"-Niveau einiger High-End-Basisstationen, aber es strahlt ein Produkt aus, das f\u00fcr eine jahrelange Lebensdauer konzipiert wurde. Die gef\u00fchlte Steifigkeit ist gut, vor allem, wenn sie richtig auf einem profilierten Aluminiumcockpit oder einem steifen Stahlrahmen befestigt ist.<\/p>\n<p>Die gro\u00dfe Ver\u00e4nderung kommt von der QR2. In der Hand wirkt die Nabe massiver, seri\u00f6ser als das alte System. Die Verriegelung ist ehrlicher, mit weniger Gef\u00fchl von potenziellem \"Spiel\". Man versteht sehr schnell den Vorteil: Die parasit\u00e4ren Mikrobewegungen zwischen Kettenstrebe und Lenkrad, die die Pr\u00e4zision eines Direct Drive zerst\u00f6ren, werden begrenzt. Dies ist ein Schl\u00fcsselpunkt: Das Bruttodrehmoment n\u00fctzt nichts, wenn die mechanische Verbindung weich ist.<\/p>\n<p>Was ein wenig entt\u00e4uschen k\u00f6nnte, sind einige Details, die eher \"funktional\" als Premium sind: ein recht n\u00fcchternes, ja sogar etwas k\u00fchles Design und eine je nach Installation sp\u00fcrbare Bel\u00fcftung. Im Vergleich zu einigen optisch rassigeren Konkurrenzbasen setzt die CSL DD eindeutig mehr auf Effizienz als auf Aussehen.<\/p>\n<p>Im Vergleich zu einer \u00e4hnlich teuren Riemenbasis f\u00fchlt man sich sofort eine Stufe h\u00f6her in Bezug auf Konstruktionsqualit\u00e4t und Kompaktheit. Im Vergleich zu st\u00e4rkeren Direct Drives ist das Gef\u00fchl des \"unzerst\u00f6rbaren Panzers\" etwas geringer, aber f\u00fcr einen 8 Nm ist das Gleichgewicht zwischen Gr\u00f6\u00dfe und Stabilit\u00e4t sehr gut gefunden.<\/p>\n<h2>Einstellungen, Personalisierung &amp; Kompatibilit\u00e4t: flexibel, aber gew\u00f6hnungsbed\u00fcrftig<\/h2>\n<p>Was die Einstellungen betrifft, befinden wir uns auf dem klassischen Fanatec-\u00d6kosystem. Die Profile im PC-Treiber erm\u00f6glichen eine Feinabstimmung des Force Feedbacks: Gesamtverst\u00e4rkung, Filterung, Reibung, D\u00e4mpfer, Interpolation... Meinerseits fand ich, dass einige wenige Parameter wirklich einen Unterschied machten: die Gesamtverst\u00e4rkung, der FFB-Filter und das Niveau des \"Damping\", um die Schwingungen bei hohen Geschwindigkeiten zu beruhigen.<\/p>\n<p>Die Benutzeroberfl\u00e4che ist nicht die modernste auf dem Markt, aber sie bleibt gut lesbar. Es dauert eine Weile, bis du die Auswirkungen jedes Reglers verstehst, vor allem, wenn du das Direct Drive erst kennenlernst. Die gute Nachricht ist, dass man, wenn man einmal eine solide Voreinstellung f\u00fcr ein oder zwei Spiele gefunden hat, die Einstellungen danach nur noch selten anfasst. Man kann fahren, in kleinen Schritten verfeinern und sich auf das Fahren konzentrieren.<\/p>\n<p>Es gibt eine Lernkurve, vor allem wenn du von einem Einsteigerlenkrad kommst, bei dem du alles auf \"Standard\" belassen hast. Hier beeinflusst wirklich jede Einstellung das Verhalten des Lenkrads. Das mag dich \u00fcberraschen, aber es ist auch das, was die Basis an deinen Stil anpasst: eher rau und nerv\u00f6s oder eher gefiltert und smooth.<\/p>\n<p>Bei der Kompatibilit\u00e4t f\u00fcgt sich das CSL DD QR2 ohne \u00dcberraschung in das Fanatec-\u00d6kosystem ein: Lenkr\u00e4der aus dem Sortiment, Pedale, Shifter, Handbremse. Auf dem PC hat man hier eindeutig die meisten Freiheiten und das Potenzial wird voll ausgesch\u00f6pft. Auf Konsolen h\u00e4ngt die Kompatibilit\u00e4t immer vom montierten Lenkrad ab, aber diese Basis ist so konzipiert, dass sie in einem gemischten Setup aus PC und Konsole funktionieren kann, vorausgesetzt, du w\u00e4hlst dein Rad gut aus.<\/p>\n<p>Das CSL DD 8 Nm ist eine langlebige Basis, wenn es um Aufr\u00fcstbarkeit geht. Man kann sehr gut mit einem Einsteiger-Lenkrad beginnen und dann nach und nach den Rest des Setups aufr\u00fcsten: Load Cell-Pedale, hochwertigeres Lenkrad, steiferes Cockpit. Es ist kein einfacher Einstiegspunkt, sondern eine Basis, die eine Steigerung des Niveaus begleiten kann, ohne sofort eingeschr\u00e4nkt zu werden.<\/p>\n<h2>Gef\u00fchl im Spiel: Wo die 8 Nm ihre volle Wirkung entfalten<\/h2>\n<p>Einmal auf der Bahn, ist der Unterschied zu einer Riemenbasis oder einem schw\u00e4cheren Direct Drive sofort in der Sauberkeit des Feedbacks zu sp\u00fcren. Der CSL DD QR2 sendet einen sauberen, pr\u00e4zisen FFB mit wenig \"Unsch\u00e4rfe\" um den Mittelpunkt herum. Man versteht sofort, was das Auto macht. Das Drehmoment von 8 Nm ist angemessen, aber stark genug, um Lastwechsel zu \u00fcbertragen, ohne zu kollabieren.<\/p>\n<p>In den Kurven ist es am auff\u00e4lligsten, wie das Lenkrad die Gewichtsverlagerung begleitet. Bei der Einfahrt sp\u00fcrt man, wie sich die Vorderachse belastet, die Lenkung allm\u00e4hlich h\u00e4rter wird und dann subtil nachgibt, wenn man zu schnell ankommt oder die Front zu rutschen beginnt. Es ist nicht gewaltt\u00e4tig, es ist lesbar. Die Lenkung spricht deutlich, ohne unn\u00f6tig zu schreien.<\/p>\n<p>Der Grip ist f\u00fcr dieses Leistungsniveau sehr gut ablesbar. Bei einem GT oder einem Einsitzer kann man gut erkennen, wann der Reifen leicht rutscht und das Auto auf der Grenze schwimmt. Man sp\u00fcrt nat\u00fcrlich nicht alle Mikrodetails wie bei einer viel st\u00e4rkeren und hochwertigeren Basis, aber um sauber zu fahren und konstant zu bleiben, reicht das v\u00f6llig aus. Es schafft Vertrauen, und dieses Vertrauen zeigt sich in saubereren Kurveneing\u00e4ngen und besser dosiertem Bremsen.<\/p>\n<p>Vibrationen sind ein guter Indikator. Mit dem QR2 gibt es weniger Spielgef\u00fchl oder st\u00f6rende Vibrationen an der Verbindung zwischen Lenkrad und Basis. Enge Kanten, \"Sausages\" und Ausbr\u00fcche an den Streckenbegrenzungen kommen recht deutlich zum Vorschein, ohne das Lenkrad in einen Presslufthammer zu verwandeln. Man sp\u00fcrt die Unterschiede in der Beschaffenheit und dem Grip, ohne dass man von Ger\u00e4uschen \u00fcberflutet wird.<\/p>\n<p>Auf langen Sessions ist die Konstanz eine echte St\u00e4rke. Das Drehmoment von 8 Nm bleibt stabil, die Kettenstrebe f\u00fchlt sich nicht hei\u00df an oder wird gez\u00fcgelt. Die Erm\u00fcdung in den Armen h\u00e4ngt vor allem von deiner Einstellung ab: Bei 100 % zieht es ein wenig, aber mit einer gut angepassten Kurve h\u00e4lt man leicht mehrere Stunden durch, ohne das Gef\u00fchl zu haben, gegen die Base anzuk\u00e4mpfen. Das ist wichtig f\u00fcr den Simracer, der lange Rennen oder Ausdauertraining hintereinander f\u00e4hrt.<\/p>\n<p>Bei schnellen Korrekturen reagiert der CSL DD QR2 gut. Das Gegenlenken beim Gleiten mit Propulsion, das Einholen des \u00dcbersteuerns am Kurvenausgang sind handhabbar und gut lesbar. Die Basis ist nicht so \"explosiv\" wie ein viel st\u00e4rkeres Direct Drive, aber das ist nicht unbedingt ein Mangel. Hier geht es um etwas, das schnell und kontrollierbar ist. Du kannst das Auto etwas mehr loslassen, w\u00e4hrend du das Gef\u00fchl beh\u00e4ltst, dass du es wieder einfangen kannst.<\/p>\n<p>Im Vergleich zu einer weniger leistungsstarken Basis, wie dem kleinen Direct Drive der Einstiegsklasse, gewinnt man vor allem an nutzbarer Drehmomentreserve. Man kann mit einem etwas h\u00f6heren FFB fahren, ohne dass die Lenkung bei hohen Kompressionen oder in schnellen Kurven einknickt. Man sp\u00fcrt die Unterschiede zwischen Autos und Strecken besser. Im Vergleich zu einer viel st\u00e4rkeren Basis verliert man einen Teil der rohen physischen Auswirkungen und einige ultrafeine Mikrodetails, aber man vermeidet auch den \"Zuviel\"-Effekt, der erm\u00fcden oder auf einem nicht sehr steifen Cockpit unhandlich werden kann.<\/p>\n<p>Insgesamt ist die Immersion f\u00fcr diese Kategorie sehr gut. Man hat das Gef\u00fchl, wirklich auf dem Grip zu fahren, mit dem Lenkrad zu arbeiten und nicht gegen es. Hier ver\u00e4ndert die Basis wirklich die Erfahrung f\u00fcr jemanden, der aus der Einstiegsklasse kommt.<\/p>\n<h2>F\u00fcr wen ist es geeignet? St\u00e4rken und Schw\u00e4chen im Alltag<\/h2>\n<p>Das CSL DD QR2 (8 Nm) zielt eindeutig auf den motivierten Simracer ab. Nicht unbedingt ein eSport-Fahrer, aber jemand, der regelm\u00e4\u00dfig f\u00e4hrt, Fortschritte machen will und sein Setup eher als Investition denn als Peripherieger\u00e4t betrachtet. F\u00fcr einen absoluten Anf\u00e4nger ist es brauchbar, aber es wird etwas Zeit brauchen, um sich mit dem FFB und den Einstellungen vertraut zu machen. F\u00fcr einen fortgeschrittenen PC-Anwender ist es ein echter Sweet Spot. F\u00fcr einen Fortgeschrittenen h\u00e4ngt alles von seinen Erwartungen an die ultimative Leistung und Feinheit ab.<\/p>\n<p>Was mich am meisten \u00fcberzeugt hat, war das Gleichgewicht zwischen Pr\u00e4zision, Drehmoment und Komfort. Die 8 Nm reichen aus, um das Auto ernsthaft zu sp\u00fcren, ohne ein monstr\u00f6s steifes Cockpit oder die Unterarme eines Bodybuilders zu verlangen. Der QR2 bringt ein echtes Plus an Steifigkeit in die Verbindung, was das Ganze sauberer und koh\u00e4renter macht. Und das alles in einem kompakten Format, das sich gut in ein durchschnittliches B\u00fcro oder Alu-Cockpit einf\u00fcgt.<\/p>\n<p>Ein weiterer positiver Punkt ist der Platz im Fanatec-\u00d6kosystem. Man kann ein GT-Lenkrad, ein Rallye-Lenkrad, ein Open Wheel, ein Load Cell-Pedal und einen Shifter montieren, und das alles mit einer einzigen Basis, die alles zusammenh\u00e4lt. Das gibt einem ein echtes Gef\u00fchl von Setup-Konsistenz. Du kannst dich nach und nach weiterentwickeln, ohne das Gef\u00fchl zu haben, dass du von vorne anfangen musst.<\/p>\n<p>Was die Grenzen angeht, muss man sich im Klaren sein. Wenn du eine ultra-physische, schwere Erfahrung suchst, mit einem massiven Drehmoment, das jede Bodenwelle wie einen Faustschlag zur\u00fcckwirft, werden dir die 8 Nm weise vorkommen. Hier geht es eher um Pr\u00e4zision als um Brutalit\u00e4t. Au\u00dferdem erfordern die Einstellungen ein Mindestma\u00df an Neugier: Wenn man alles roh l\u00e4sst oder schlecht konfiguriert, kann es sein, dass man sich schlechter f\u00fchlt als das, was die Basis zu bieten hat. Schlie\u00dflich h\u00e4ngt der wahrgenommene Wert von deinen Anspr\u00fcchen ab: F\u00fcr manche ist es das ideale Gleichgewicht zwischen Kosten und Nutzen, f\u00fcr andere ist es besser, etwas mehr zu sparen und direkt ein leistungsst\u00e4rkeres Modell anzustreben.<\/p>\n<p>In Bezug auf die Investition positioniert sich der CSL DD QR2 als ein \"vern\u00fcnftiger\", aber ehrgeiziger Kauf. Man setzt einen ernsthaften Schein, aber man wei\u00df, warum: bessere Lesbarkeit des Griffs, bessere Konstanz, besseres Eintauchen. F\u00fcr jemanden, der regelm\u00e4\u00dfig spielt, ist der Unterschied zu einem grundlegenderen Lenkrad bei jeder Runde sp\u00fcrbar. Und das ist im Sim-Racing wirklich wichtig.<\/p>\n<h2>Urteil: Ein echtes Setup-Herz f\u00fcr ernsthafte Simracer<\/h2>\n<p>Der Fanatec CSL DD QR2 (8 Nm) bringt etwas sehr Konkretes in ein Setup: Er stabilisiert das Zentrum deines Fahrerlebnisses. Er verwandelt ein ordentliches Set in ein glaubw\u00fcrdiges Set. Du gewinnst an sauberem Feedback, mechanischer Koh\u00e4renz und langfristigem Komfort. Es ist nicht die spektakul\u00e4rste Option auf dem Markt, aber eine der konsequentesten f\u00fcr jemanden, der einen Schritt nach vorn machen will, ohne das Budget oder die Struktur seines Cockpits zu sprengen.<\/p>\n<p>Auf dem Markt ist es eindeutig im soliden Mittelfeld angesiedelt, aber mit einem \"Pivot\"-Touch: seri\u00f6s genug, um lange in einem entwicklungsf\u00e4higen Setup zu bleiben, zug\u00e4nglich genug, um nicht nur ein ferner Traum zu bleiben. Kein Spielzeug, noch keine absolute Waffe, aber ein zuverl\u00e4ssiges Werkzeug, um Fortschritte zu machen.<\/p>\n<p>Ich empfehle es vor allem PC-Spielern und Konsolennutzern, die einen echten Qualit\u00e4tssprung im Vergleich zu ihrem aktuellen Lenkrad wollen, ohne auf extreme Leistung zu schielen. Wenn du haupts\u00e4chlich leichte Arcade-R\u00e4der f\u00e4hrst, wird es \u00fcberdimensioniert sein. Wenn du bereits auf sehr leistungsstarken Bases unterwegs bist, wird es ein R\u00fcckschritt sein.<\/p>\n<p>Wenn du nach einem sauberen, pr\u00e4zisen, gut konstruierten Direct Drive suchst, der \u00fcber Jahre hinweg das Zentrum eines ernsthaften Setups bilden kann, kann dieses Produkt eindeutig den Unterschied in deinem Setup ausmachen.<\/p>","protected":false},"excerpt":{"rendered":"<p>Dieser CSL DD 8 Nm hat mir das Gef\u00fchl gegeben, wirklich zu kl\u00e4ren, was das Auto macht, mit einem sauberen und konsistenten Feedback, ohne \u00fcberm\u00e4\u00dfig physisch zu werden. Es macht Sinn f\u00fcr regelm\u00e4\u00dfige Simracer, die \u00fcber die Einstiegsklasse hinausgehen wollen, ohne in die sehr hohe Klasse abzurutschen. Das Ganze bietet eine solide und dauerhafte Grundlage, um sein Setup weiterzuentwickeln.<\/p>","protected":false},"featured_media":101861,"comment_status":"open","ping_status":"closed","template":"","meta":{"_acf_changed":false,"_et_pb_use_builder":"","_et_pb_old_content":"","_et_gb_content_width":""},"product_brand":[158],"product_cat":[155],"product_tag":[149],"class_list":{"0":"post-100880","1":"product","2":"type-product","3":"status-publish","4":"has-post-thumbnail","6":"product_brand-fanatec","7":"product_cat-base","8":"product_tag-pc","10":"first","11":"instock","12":"shipping-taxable","13":"product-type-external"},"acf":[],"_links":{"self":[{"href":"https:\/\/simracergear.com\/de\/wp-json\/wp\/v2\/product\/100880","targetHints":{"allow":["GET"]}}],"collection":[{"href":"https:\/\/simracergear.com\/de\/wp-json\/wp\/v2\/product"}],"about":[{"href":"https:\/\/simracergear.com\/de\/wp-json\/wp\/v2\/types\/product"}],"replies":[{"embeddable":true,"href":"https:\/\/simracergear.com\/de\/wp-json\/wp\/v2\/comments?post=100880"}],"wp:featuredmedia":[{"embeddable":true,"href":"https:\/\/simracergear.com\/de\/wp-json\/wp\/v2\/media\/101861"}],"wp:attachment":[{"href":"https:\/\/simracergear.com\/de\/wp-json\/wp\/v2\/media?parent=100880"}],"wp:term":[{"taxonomy":"product_brand","embeddable":true,"href":"https:\/\/simracergear.com\/de\/wp-json\/wp\/v2\/product_brand?post=100880"},{"taxonomy":"product_cat","embeddable":true,"href":"https:\/\/simracergear.com\/de\/wp-json\/wp\/v2\/product_cat?post=100880"},{"taxonomy":"product_tag","embeddable":true,"href":"https:\/\/simracergear.com\/de\/wp-json\/wp\/v2\/product_tag?post=100880"}],"curies":[{"name":"wp","href":"https:\/\/api.w.org\/{rel}","templated":true}]}}