{"id":100937,"date":"2025-05-15T07:56:00","date_gmt":"2025-05-15T07:56:00","guid":{"rendered":"https:\/\/simracergear.com\/products\/fanatec-csl-dd-ready2race-f1-esports-bundle-for-pc\/"},"modified":"2025-11-28T08:54:06","modified_gmt":"2025-11-28T08:54:06","slug":"fanatec-csl-dd-ready2race-f1-esports-bundle-for-pc","status":"publish","type":"product","link":"https:\/\/simracergear.com\/de\/products\/fanatec-csl-dd-ready2race-f1-esports-bundle-for-pc\/","title":{"rendered":"Fanatec CSL DD Ready2Race F1 Esports Bundle for PC"},"content":{"rendered":"<h2>Fanatec CSL DD Ready2Race F1 Esports Bundle: Das \"schl\u00fcsselfertige\" F1 direct drive-Paket f\u00fcr den PC<\/h2>\n<p>Das Fanatec CSL DD Ready2Race F1 Esports Bundle for PC zielt klar auf eine bestimmte Nische ab: Es bietet einen echten Direktantrieb, ein F1-typisches Laufrad und ein funktionales Pedalboard in einem zusammenh\u00e4ngenden Paket, um ernsthaft mit dem PC zu beginnen, ohne sein Setup St\u00fcck f\u00fcr St\u00fcck aufzubauen.<\/p>\n<p>Es handelt sich um eine CSL DD-Basis, also ein kompaktes Direct Drive, das als \"erschwinglicher Premium\"-Zugang zur DD-Technologie gedacht ist. Das Bundle richtet sich an diejenigen, die ein Monoposto-\/F1-orientiertes Paket wollen, mit einem eSports-Look, einem dichten Griff und der Idee, eine solide Basis zu legen, um sich dann im Fanatec-\u00d6kosystem weiterzuentwickeln.<\/p>\n<p>Das Produkt verspricht einen gro\u00dfen Gewinn an Feinheit des Force-Feedbacks im Vergleich zu Riemen- oder Zahnradlenkr\u00e4dern und bleibt dabei plug-and-race f\u00fcr einen motivierten, aber nicht unbedingt erfahrenen PC-Anwender. Mein Blickwinkel hier ist einfach: Gef\u00fchl am Lenkrad, Genauigkeit des FFB, Vielseitigkeit des Pakets \u00fcber die Formel 1 hinaus, Komfort bei langen Sitzungen und echtes Interesse als Investition in ein ernsthaftes Sim-Racing-Setup.<\/p>\n<p>Wir haben es hier mit einem Kit zu tun, das einen \"ernsthaften, aber noch aufstrebenden\" Spieler in die Welt des Direct Drive bringen will, mit einer sehr ausgepr\u00e4gten F1-Identit\u00e4t. Die Frage ist: H\u00e4lt es im Spiel, was es verspricht, und ist es den Preis f\u00fcr den Eintritt in das Fanatec-\u00d6kosystem wirklich wert?<\/p>\n<h2>Design und Verarbeitung: seri\u00f6s, kompakt, eindeutig F1-orientiert<\/h2>\n<p>Die CSL DD-Basis vermittelt sofort einen Eindruck von Dichte. Der Block ist kompakt, ziemlich schwer f\u00fcr seine Gr\u00f6\u00dfe, mit einem Metallgeh\u00e4use, das gleichzeitig als Chassis und K\u00fchlk\u00f6rper fungiert. In der Hand f\u00fchlt man sich wie ein Produkt, das f\u00fcr stundenlanges Fahren konzipiert wurde, ohne zu murren. Nichts klingt hohl, nichts wackelt, wenn es richtig auf einem festen Untergrund befestigt ist.<\/p>\n<p>Das F1 Esports-Rad ist eindeutig der visuelle Star des Bundles. Kompaktes Format, inspiriert von modernen Einsitzer-Lenkr\u00e4dern, mit vielen Kn\u00f6pfen, Metallschaufeln und einer Vorderseite, die Kunststoff von guter Qualit\u00e4t, Metalleins\u00e4tze und Beschichtungen, die nicht nach Spielzeug aussehen, mischt. Es ist nicht die absolute Spitzenklasse der Marke, aber das Niveau der Verarbeitung ist f\u00fcr dieses Preissegment bereits sehr zufriedenstellend.<\/p>\n<p>Die Kn\u00f6pfe sind fest, die Drehkn\u00f6pfe haben klare Rasten, die Schaltwippen klappern mit einem klaren Feedback. In der Hand ist das Rad leicht, was das Gef\u00fchl f\u00fcr den Direktantrieb und schnelle Korrekturen f\u00f6rdert. Der Griff ist ziemlich nat\u00fcrlich, wenn man ein F1-Lenkrad mag: Die H\u00e4nde bleiben in einer festen Position, die Daumen fallen auf die wichtigen Funktionen und alles ist in Reichweite.<\/p>\n<p>Die mitgelieferte Tretkurbel ist optisch grundlegender, mit einer funktionalen Metall-\/Kunststoffkonstruktion. Die Steifigkeit ist in Ordnung, vor allem, wenn man sie gut an einem Brett oder Cockpit befestigt. Das Bremspedal bleibt recht progressiv, l\u00e4sst aber f\u00fcr Puristen den Originalwiderstand ein wenig vermissen. Es funktioniert, aber man merkt, dass es das \"einsteigerfreundlichste\" Element des Bundles ist.<\/p>\n<p>Im Vergleich zu anderen Mittelklasse-L\u00f6sungen ohne Direktantrieb wirkt das Ganze auf der Seite der Basis und des Laufrads deutlich seri\u00f6ser. Die Basis macht nicht den Eindruck eines Wegwerfprodukts. Wer jedoch von luxuri\u00f6seren Lenkr\u00e4dern kommt, wird feststellen, dass das Rad zwar solide ist, aber in Bezug auf edle Materialien und das \"luxuri\u00f6se\" Gef\u00fchl in der Hand hinter sehr hochwertigen Modellen zur\u00fcckbleibt.<\/p>\n<h2>Einstellungen, Personalisierung und Kompatibilit\u00e4t: ein echtes \u00d6kosystem dahinter<\/h2>\n<p>Was die Einstellungen betrifft, hat Fanatec den Vorteil, ein recht ausgereiftes Software-\u00d6kosystem f\u00fcr den PC anzubieten. Das Bundle profitiert von der direkten Kompatibilit\u00e4t mit dem Fanatec-Treiber und der speziellen Konfigurationssoftware. F\u00fcr einige Spiele gibt es vordefinierte Profile, so dass man schnell mit einer bereits konsistenten Einstellung fahren kann und diese dann nach eigenem Geschmack verfeinern kann.<\/p>\n<p>Die n\u00fctzlichsten Einstellungen sind relativ leicht zug\u00e4nglich: FFB-Intensit\u00e4t, Filter, Damper, Friktion, Maximalkraft, Interpolation. Man kann mit der Linearit\u00e4t der Kraftr\u00fcckkopplung spielen und die Darstellung anpassen, je nachdem, ob man etwas Rohes oder Glatteres bevorzugt. Es gibt eine Lernkurve, die aber erschwinglich ist, wenn man anfangs bei den wichtigsten Parametern bleibt. Man kann bereits mit einigen einfachen Anpassungen ein sauberes Force Feedback erhalten.<\/p>\n<p>Das F1 Esports Lenkrad f\u00fcgt dank der vielen Kn\u00f6pfe und Drehregler ziemlich viele M\u00f6glichkeiten zur Anpassung im Spiel hinzu. Das ist vor allem in komplexeren Simulatoren praktisch, wo man ERS, Differentiale, Kraftstoffgemisch und andere Parameter in Echtzeit anpassen muss. Wenn man einmal richtig gemappt hat, schafft man sich sehr schnell eine effektive \"Renn\"-Ergonomie.<\/p>\n<p>Das Bundle ist f\u00fcr den PC angek\u00fcndigt, und das ist eindeutig die Plattform, auf der es seinen vollen Sinn entfaltet. Das Fanatec-\u00d6kosystem erm\u00f6glicht es dann, andere Lenkr\u00e4der, andere Pedale, einen Shifter oder eine Handbremse der Marke anzuschlie\u00dfen, und das alles direkt an der Basis. Das ist ein echter Pluspunkt: Man f\u00fchlt sich nicht eingesperrt, sondern sieht sofort die Entwicklungsm\u00f6glichkeiten.<\/p>\n<p>In Bezug auf die Skalierbarkeit fungiert dieses Paket vor allem als solide Einstiegst\u00fcr in die Fanatec-Welt. Die CSL DD-Basis kann einem Sim-Racer lange Zeit folgen, solange man bei einer \"Standard\"-Nutzung bleibt und nicht nach extremen Kr\u00e4ften sucht. Das F1 Esports-Laufrad kann durch ein GT- oder Rallye-Laufrad f\u00fcr Liebhaber verschiedener Disziplinen erg\u00e4nzt werden, und das Tretlager ist der logische Kandidat f\u00fcr ein zuk\u00fcnftiges Upgrade auf etwas Strafferes und Pr\u00e4ziseres. Das Ganze bildet also ein nachhaltiges Fundament, sofern man sich mit der Idee anfreunden kann, es mittelfristig nach seinen W\u00fcnschen weiterzuentwickeln.<\/p>\n<h2>Sensationen im Spiel: Wo Direct Drive wirklich alles ver\u00e4ndert<\/h2>\n<p>Auf der Rennstrecke ist der Unterschied zwischen diesem Direktantrieb und einem Riemen- oder Getriebelenkrad sofort sp\u00fcrbar. Die rohe Kraft ist nicht \u00fcberragend, aber die Feinheit der Informationen ist ein echter Sprung. Man sp\u00fcrt viel deutlicher die kleinen Haftungsverluste, die Mikrokorrekturen der Vorderachse und die Reaktionen des Autos, wenn man den Reifen am Kurveneingang belastet.<\/p>\n<p>Die Genauigkeit des FFB ist die St\u00e4rke des CSL DD in diesem Bundle. Die Drehmoment\u00e4nderungen sind schnell und sauber. Am Kurveneingang sp\u00fcrt man den Moment, in dem der Reifen zu rutschen beginnt, anstatt nur einen \"Block\" des Widerstands zu erleben. Wenn man das Limit \u00fcberschreitet, wird das Lenkrad allm\u00e4hlicher entlastet, was etwas mehr Spielraum f\u00fcr die Bergung des Autos l\u00e4sst.<\/p>\n<p>In Bezug auf das Lesen des Grips bietet die Basis das, was viele suchen, wenn sie auf Direct Drive umsteigen: das Gef\u00fchl, dass die Reifen kontinuierlich sprechen. Ver\u00e4nderungen der Oberfl\u00e4che, der \u00dcbergang von einer sauberen Strecke zu einem schmutzigen oder nassen Abschnitt und Gripverluste bei hohen Geschwindigkeiten sind besser ablesbar. Man versteht schneller, warum man breit ausholt, warum man die Traktion verliert und wie man korrigieren kann.<\/p>\n<p>Die Vibrationen werden gut wiedergegeben, ohne \u00fcberm\u00e4\u00dfiges k\u00fcnstliches Gef\u00fchl, wenn das Spiel richtig eingestellt ist. Die gro\u00dfen Schikane-Vibratoren geben ein solides Feedback in den H\u00e4nden, aber vor allem sp\u00fcrt man die Nuancen: Ein flacher Vibrator geht \"trockener\" durch, w\u00e4hrend ein aggressiverer Vibrator das Lenkrad etwas mehr durchsch\u00fcttelt. Bei einigen Simulatoren sp\u00fcrt man sogar die kleinen Unebenheiten der Strecke, was das Gef\u00fchl, auf etwas Lebendigem zu fahren, noch verst\u00e4rkt.<\/p>\n<p>Bei schnellen Korrekturen spielt die Leichtigkeit des F1 Esports Laufrads eindeutig der Kontrolle in die H\u00e4nde. Das Direct Drive reagiert sehr schnell auf Richtungs\u00e4nderungen, und das Lenkrad f\u00fchlt sich nicht schleppend an. Bei einem pl\u00f6tzlichen Rutschen oder \u00dcbersteuern kann man gegenlenken, ohne gegen die Tr\u00e4gheit des Rades anzuk\u00e4mpfen, was Vertrauen schafft. Das Lenkrad kehrt auf nat\u00fcrliche Weise in die Mitte zur\u00fcck, ohne \u00fcbertriebene elastische Wirkung, wenn man den FFB richtig eingestellt hat.<\/p>\n<p>Bei l\u00e4ngeren Sessions ist das konstante Force Feedback sp\u00fcrbar. Die Kettenstrebe reagiert gleich schnell und f\u00fchlt sich bei normalem Gebrauch nicht zu hei\u00df an. Die Erm\u00fcdungserscheinungen h\u00e4ngen vor allem von der gew\u00e4hlten St\u00e4rke ab, aber insgesamt kann man mehrere Stunden fahren und dabei eine gute Pr\u00e4zision beibehalten. Man wird schlie\u00dflich eins mit dem Lenkrad, was genau das ist, was man sich von einem ernsthaften Sim-Racing w\u00fcnscht.<\/p>\n<p>Im Vergleich zu einer weniger starken Basis mit Riemenantrieb gewinnt man vor allem an Klarheit der Aussage. Es ist nicht nur \"st\u00e4rker\", sondern auch \"feiner\". Man macht weniger zuf\u00e4llige Korrekturen, sondern mehr vorausschauende Korrekturen. Umgekehrt spielt die CSL DD gegen\u00fcber st\u00e4rkeren und h\u00f6herwertigen Direct-Drive-Basen nicht mit der gleichen Intensit\u00e4t. Wer sehr hohe Kr\u00e4fte oder ultra-rohe Effekte mag, wird hier nur wenig Spielraum f\u00fcr Verbesserungen haben. Aber in einem realistischen F1 \/ GT-Kontext ist die verf\u00fcgbare Leistung f\u00fcr die meisten Nutzer immer noch mehr als ausreichend.<\/p>\n<p>Insgesamt ist das Eintauchen in einen Einsitzer sehr gelungen. Das Radformat in Verbindung mit dem Direct Drive vermittelt wirklich das Gef\u00fchl, etwas Pr\u00e4zises, Lebendiges und Nerv\u00f6ses zu fahren. Man sp\u00fcrt, wie das Auto unter den H\u00e4nden atmet. Man k\u00e4mpft nicht mehr gegen das Material, sondern gegen die Uhr. Hier ver\u00e4ndert die Basis wirklich das Erlebnis.<\/p>\n<h2>F\u00fcr wen? Was wir m\u00f6gen, was wir weniger m\u00f6gen<\/h2>\n<p>Dieses Bundle zielt eindeutig auf PC-Spieler ab, die einen ernsthaften Schritt nach vorne machen wollen, mit einer deutlichen Vorliebe f\u00fcr die Formel 1 und Monoposti. Es eignet sich sehr gut f\u00fcr einen motivierten Anf\u00e4nger, der schon ein wenig mit einem einfacheren Lenkrad gefahren ist, aber es spricht vor allem die mittleren Sim-Racer an, die wissen, dass sie beim Hobby bleiben wollen und nach einem glaubw\u00fcrdigen und erweiterbaren Setup suchen. F\u00fcr einen reinen Casual, der selten spielt, kann die Investition \u00fcbertrieben erscheinen, vor allem, wenn man das Potenzial des Direct Drive nicht wirklich ausnutzt.<\/p>\n<p>Unter den positiven Punkten ist der erste die globale Koh\u00e4renz des Pakets. Direktantriebsbasis, ergonomisches F1-Laufrad, funktionelles Tretlager: Wir haben ein fahrfertiges Paket, das nicht nach Bastelarbeit aussieht. Zweitens ist die Qualit\u00e4t des Force-Feedbacks f\u00fcr diese Produktreihe: Das CSL DD bietet ein bereits sehr ausgefeiltes Gef\u00fchl, das ausreicht, um ernsthaft auf den wichtigsten Simulatoren des Marktes zu fahren. Und schlie\u00dflich ist die Integration in das Fanatec-\u00d6kosystem ein echter Pluspunkt: Man kauft einen Sockel, der andere R\u00e4der, bessere Pedale und zus\u00e4tzliche Peripherieger\u00e4te aufnehmen kann, ohne dass man alles neu machen muss.<\/p>\n<p>Die erste Einschr\u00e4nkung betrifft das Original-Pedalsystem. Es erf\u00fcllt seinen Zweck, aber es fehlt an Raffinesse f\u00fcr diejenigen, die ein sehr realit\u00e4tsnahes Bremsgef\u00fchl mit hohem Widerstand und Drucksensor suchen. Dies ist eindeutig das Element, das man als Erstes verbessern m\u00f6chte. Zweiter Punkt: Das F1 Esports-Rad ist zwar solide und angenehm, hat aber nicht das Verarbeitungsniveau der sehr hochwertigen Fanatec-Lenkr\u00e4der, insbesondere was die Premium-Materialien und das \"Profi\"-Feeling betrifft. Der letzte Punkt: Das Bundle ist PC-exklusiv: Wer auf eine gemischte Nutzung von Konsole und PC hofft, muss sich nach anderen Konfigurationen der Produktreihe umsehen.<\/p>\n<p>In Bezug auf den wahrgenommenen Wert hat man das Gef\u00fchl, dass man f\u00fcr den Eintritt in einen echten Direct Drive genauso viel bezahlt wie f\u00fcr den Zugang zum Fanatec-\u00d6kosystem. F\u00fcr jemanden, der vorhat, Fortschritte zu machen, mehrere Disziplinen zu testen und sein Setup \u00fcber mehrere Jahre hinweg weiterzuentwickeln, macht das Bundle Sinn: Es ist nicht nur ein Spa\u00dfkauf, sondern eine Investition in eine Basis, die nicht schon nach wenigen Monaten veraltet ist. F\u00fcr einen z\u00f6gerlichen oder gelegentlichen Spieler wird der Mehrpreis im Vergleich zu einem einfacheren Lenkrad schwerer zu rechtfertigen sein.<\/p>\n<h2>Urteil: Ein echtes \"seri\u00f6ses Eintrittsticket\" in die Welt der F1-Direktfahrten auf dem PC<\/h2>\n<p>Dieses Fanatec CSL DD Ready2Race F1 Esports Bundle ver\u00e4ndert eindeutig das R\u00fcckgrat eines Setups. Sie wechseln von einem Lenkrad f\u00fcr die breite Masse zu einem Set, das f\u00fcr ernsthaftes Sim-Racing gedacht ist, mit einer sauberen Direktantriebsbasis, einem nerv\u00f6sen F1-Rad und einem ordentlichen Pedalset. Es ist ein Set, das die Art und Weise, wie man das Auto liest, ver\u00e4ndert, insbesondere bei Einsitzern und GTs.<\/p>\n<p>Auf dem Markt positioniert es sich als solides Mittelklassemodell mit Direktantrieb und einer klaren eSports-Orientierung. Es ist weder ein Spielzeug noch ein elit\u00e4res Kraftpaket - es ist ein Dreh- und Angelpunkt. Es eignet sich sehr gut f\u00fcr diejenigen, die sich auf einer zuverl\u00e4ssigen Hardware stabilisieren und dann schrittweise die Peripherieger\u00e4te aufr\u00fcsten wollen.<\/p>\n<p>Ich empfehle es einem PC-Simracer, der wirklich in die Formel 1 und verwandte Disziplinen eintauchen m\u00f6chte, der bereit ist, sich ein wenig Zeit f\u00fcr die Einstellung seines FFB zu nehmen, und der Simracing als regelm\u00e4\u00dfige Aktivit\u00e4t und nicht als blo\u00dfe Neugier betrachtet. F\u00fcr jemanden, der nur sehr wenig f\u00e4hrt oder sich nicht an ein bestimmtes \u00d6kosystem binden m\u00f6chte, ist dies nicht die beste Wahl.<\/p>\n<p>Wenn du nach einem glaubw\u00fcrdigen, F1-orientierten, skalierbaren und bereits ernsthaft lauff\u00e4higen Direct-Drive-Paket f\u00fcr den PC suchst, kann dieses Produkt eindeutig den Unterschied in deinem Setup ausmachen.<\/p>","protected":false},"excerpt":{"rendered":"<p>Dieses Bundle hat mir das Gef\u00fchl vermittelt, dass ich zu einer besser lesbaren und kontrollierten Steuerung \u00fcbergehe, mit einem echten Sprung in der Pr\u00e4zision und der Immersion, vor allem in der Formel 1 und im GT. Es macht Sinn f\u00fcr motivierte PC-Sim-Racer, die bereits ein wenig ausger\u00fcstet sind und eher eine seri\u00f6se und entwicklungsf\u00e4hige Direktantriebsbasis als ein einfaches Lenkrad f\u00fcr den Massenmarkt w\u00fcnschen. Der Wert des Produkts ist auf lange Sicht gesehen in sich schl\u00fcssig.<\/p>","protected":false},"featured_media":100938,"comment_status":"open","ping_status":"closed","template":"","meta":{"_acf_changed":false,"_et_pb_use_builder":"","_et_pb_old_content":"","_et_gb_content_width":""},"product_brand":[158],"product_cat":[161,173],"product_tag":[149],"class_list":{"0":"post-100937","1":"product","2":"type-product","3":"status-publish","4":"has-post-thumbnail","6":"product_brand-fanatec","7":"product_cat-volant","8":"product_cat-volants-fanatec","9":"product_tag-pc","11":"first","12":"instock","13":"shipping-taxable","14":"product-type-external"},"acf":[],"_links":{"self":[{"href":"https:\/\/simracergear.com\/de\/wp-json\/wp\/v2\/product\/100937","targetHints":{"allow":["GET"]}}],"collection":[{"href":"https:\/\/simracergear.com\/de\/wp-json\/wp\/v2\/product"}],"about":[{"href":"https:\/\/simracergear.com\/de\/wp-json\/wp\/v2\/types\/product"}],"replies":[{"embeddable":true,"href":"https:\/\/simracergear.com\/de\/wp-json\/wp\/v2\/comments?post=100937"}],"wp:featuredmedia":[{"embeddable":true,"href":"https:\/\/simracergear.com\/de\/wp-json\/wp\/v2\/media\/100938"}],"wp:attachment":[{"href":"https:\/\/simracergear.com\/de\/wp-json\/wp\/v2\/media?parent=100937"}],"wp:term":[{"taxonomy":"product_brand","embeddable":true,"href":"https:\/\/simracergear.com\/de\/wp-json\/wp\/v2\/product_brand?post=100937"},{"taxonomy":"product_cat","embeddable":true,"href":"https:\/\/simracergear.com\/de\/wp-json\/wp\/v2\/product_cat?post=100937"},{"taxonomy":"product_tag","embeddable":true,"href":"https:\/\/simracergear.com\/de\/wp-json\/wp\/v2\/product_tag?post=100937"}],"curies":[{"name":"wp","href":"https:\/\/api.w.org\/{rel}","templated":true}]}}