{"id":100947,"date":"2025-05-15T07:56:00","date_gmt":"2025-05-15T07:56:00","guid":{"rendered":"https:\/\/simracergear.com\/products\/fanatec-csl-dd-ready2race-f1-esports-premium-bundle-for-pc\/"},"modified":"2025-11-28T04:48:13","modified_gmt":"2025-11-28T04:48:13","slug":"fanatec-csl-dd-ready2race-f1-esports-premium-bundle-for-pc","status":"publish","type":"product","link":"https:\/\/simracergear.com\/de\/products\/fanatec-csl-dd-ready2race-f1-esports-premium-bundle-for-pc\/","title":{"rendered":"Fanatec CSL DD Ready2Race F1 Esports Premium Bundle f\u00fcr PC"},"content":{"rendered":"<p>In der kleinen Welt des \"ernsthaften\" Sim-Racings ist das Fanatec CSL DD Ready2Race F1 Esports Premium Bundle for PC eine Art Abk\u00fcrzung. Direct Drive Base, F1 Esports Lenkrad, Pedale - alles ist im Paket enthalten, um von einem einfachen Setup zu einem klar leistungsorientierten Paket zu gelangen. Die Idee ist einfach: einen glaubw\u00fcrdigen Einstieg in die Welt des Direct Drive zu bieten, ohne in die Komplexit\u00e4t oder die Preise der wirklich hochwertigen Produktreihen abzurutschen.<\/p>\n<p>Auf dem Papier verspricht dieses Bundle ein sauberes, pr\u00e4zises Force-Feedback mit gen\u00fcgend Drehmoment, um modernen GTs, F1s und Monoposti Charakter zu verleihen, wobei es auf einem Schreibtisch oder einem Mittelklasse-Cockpit nutzbar bleibt. Es zielt auf diejenigen ab, die eine \"Ich stecke ein, stelle ein bisschen ein, fahre los\"-Kombi wollen, aber mit echtem Fahrgef\u00fchl, nicht nur ein verbessertes Spielzeug.<\/p>\n<p>Mein Blickwinkel ist also klar: Pr\u00e4zision des Force Feedbacks, Qualit\u00e4t des Gef\u00fchls in verschiedenen Fahrzeugklassen, Komfort bei langen Sitzungen und die F\u00e4higkeit des Bundles, mit dem Fortschritt des Fahrers Schritt zu halten. Interessant ist, ob dieses Paket f\u00fcr einen PC-Simracer, der intelligent aufsteigen will, einen echten Qualit\u00e4tssprung oder nur eine praktische L\u00f6sung unter vielen darstellt.<\/p>\n<h2>Design &amp; Herstellung<\/h2>\n<p>Optisch machen die CSL DD-Basis und das F1 Esports-Lenkrad sofort einen seri\u00f6sen Eindruck. Die Basis selbst ist kompakt, mit einer Metallschale, die auch als K\u00fchlk\u00f6rper dient. In der Hand strahlt sie Dichte aus, ohne Spiel oder Knacken, und die Anschl\u00fcsse auf der R\u00fcckseite sind gut integriert. Man hat das Gef\u00fchl, dass es sich um einen soliden Block handelt, der daf\u00fcr ausgelegt ist, stundenlanges, intensives Fahren zu verkraften.<\/p>\n<p>Das Lenkrad im Stil von F1 Esports ist eindeutig der visuelle Mittelpunkt des Bundles. Die Vorderseite besteht aus Verbundmaterial, der Griff aus Leder- oder Kunstlederimitat f\u00fchlt sich fest an, die Palette der Kn\u00f6pfe ist gut erkennbar, die Schaltwippen aus Metall mit einem klaren und lauten Klick. Man hat das Gef\u00fchl, dass es sich um ein seri\u00f6ses, E-Sport-orientiertes Produkt mit einem geringen Durchmesser handelt, der perfekt zu modernen Einsitzern und GT-Fahrzeugen passt. Man versteht schnell, was das Auto macht, weil alles gut unter den Fingern liegt.<\/p>\n<p>Die Tretkurbel hingegen ist eher funktional als Premium. Stahlkonstruktion, einfacher, aber effektiver Look und ein Eindruck von Robustheit, der f\u00fcr eine intensive Nutzung ausreicht. Die Bremse ist nicht auf dem Niveau einer High-End-Load-Cell-Tretkurbel, aber der Widerstand ist angemessen, mit einem Hub, der eine stressfreie Dosierung erm\u00f6glicht. Es ist klar: Wir befinden uns in einem gut konstruierten Mittelklasseprodukt und nicht in einem Schmuckst\u00fcck aus dem Schaufenster.<\/p>\n<p>Die CSL-Reihe ist mit einigen typischen Ausstattungsmerkmalen versehen: Das Plastik einiger Teile des Lenkrads ist etwas \"trocken\", das Drehrad und einige Kn\u00f6pfe f\u00fchlen sich weniger hochwertig an als bei den h\u00f6heren Preisklassen, und die Pedale sind nicht ganz so raffiniert, was das reine Gef\u00fchl angeht. Im Vergleich zu anderen Direct Drive-Paketen im unteren und mittleren Preissegment macht die Basis an sich einen sehr guten Eindruck, aber der Rest des Pakets erinnert daran, dass es sich hier um ein Angebot handelt, das auf Erschwinglichkeit ausgerichtet ist.<\/p>\n<h2>Einstellungen &amp; Personalisierung + Kompatibilit\u00e4t<\/h2>\n<p>Bei den Einstellungen setzt Fanatec auf zwei Ebenen: Du hast die Schnelleinstellungen \u00fcber den Bildschirm der Basisstation und die Tasten am Lenkrad, dann die erweiterten Einstellungen \u00fcber die Software auf dem PC. In den Men\u00fcs der Basisstation kannst du die Gesamtst\u00e4rke, den FFB, die Empfindlichkeit, den Filter, die Reibung oder auch den \"natural damper\" einstellen. F\u00fcr einen PC-Nutzer ist das mehr als ausreichend, um ein Gef\u00fchl zu finden, das zu seinem Stil passt.<\/p>\n<p>Die Fanatec-Voreinstellungen f\u00fcr die wichtigsten Spiele sind eine gute Starthilfe. Ich selbst habe vor allem mit der Gesamtst\u00e4rke, der Filterung und ein wenig Damper gespielt, um die Schwingungen bei einigen nerv\u00f6sen Autos zu beruhigen. Die Lernkurve ist nicht un\u00fcberwindbar: Am Anfang probiert man ein bisschen herum, dann findet man schnell zwei oder drei Profile, die man je nach Spieltyp beibeh\u00e4lt (harte Simu, zug\u00e4nglichere Simu, Arcade-Simu).<\/p>\n<p>Auf dem PC ist die Kompatibilit\u00e4t dieses Bundles seine wahre St\u00e4rke. Die Basis funktioniert mit den meisten Sims und Rennspielen auf dem Markt, das Lenkrad wird ohne gr\u00f6\u00dfere Probleme erkannt, und das Fanatec-\u00d6kosystem \u00f6ffnet die T\u00fcr zu vielen Erweiterungen: andere Lenkr\u00e4der (GT, Rallye, Runde), fortschrittlichere Pedale mit Load Cell, sequenziellem oder H-f\u00f6rmigem Shifter, Handbremse, etc. Das Bundle ist eindeutig als Einstiegspunkt in ein gr\u00f6\u00dferes \u00d6kosystem gedacht.<\/p>\n<p>Was die Skalierbarkeit angeht, haben wir es hier mit einer Basis zu tun, die einen Simracer mehrere Jahre begleiten kann. Man kann mit diesem Komplettpaket beginnen, dann die Pedale aufr\u00fcsten, um die Pr\u00e4zision beim Bremsen zu erh\u00f6hen, ein weiteres Lenkrad f\u00fcr Rallyes oder Ausdauerfahrten hinzuf\u00fcgen und eventuell das Cockpit wechseln, um das Direct Drive optimal auszunutzen. Auf der Konsole ist dieses pr\u00e4zise Bundle PC-orientiert, wenn du also ausschlie\u00dflich auf der Konsole spielst, musst du die Kompatibilit\u00e4t der Basis und der Version des Bundles \u00fcberpr\u00fcfen, aber in der PC-Konfiguration ist das Ziel klar und koh\u00e4rent.<\/p>\n<h2>Sensationen im Spiel<\/h2>\n<p>Hier zeigt die CSL DD wirklich, was sie im Vergleich zu herk\u00f6mmlichen riemengetriebenen Kettenstreben leistet. Das erste, was auff\u00e4llt, ist die saubere Kraft\u00fcbertragung. Kein schleifendes Riemengef\u00fchl, keine sp\u00fcrbare Latenz, eine sehr direkte Reaktion auf Grip\u00e4nderungen und Lastverlagerungen. Das Lenkrad reagiert schnell, ohne \u00fcberm\u00e4\u00dfige Tr\u00e4gheit. Man sp\u00fcrt, dass das Auto unter den H\u00e4nden \"lebt\".<\/p>\n<p>In den Kurven ist das Verhalten des FFB gut lesbar. Man sp\u00fcrt deutlich den Punkt, an dem die Vorderseite zu rutschen beginnt, oder wenn die R\u00fcckseite bei l\u00e4ngerem Abst\u00fctzen entlastet wird. Der \u00dcbergang zwischen Grip und Rutschen ist progressiver als bei einer Einsteigerbasis: Man hat nicht einfach nur einen gro\u00dfen Schwung, der auf einmal leicht wird, sondern man hat Zwischensignale. Um einen Drift zu korrigieren oder ein beginnendes \u00dcbersteuern wieder einzuholen, ist das ein echter Vorteil. Man traut sich mehr, weil man besser versteht, was vor sich geht.<\/p>\n<p>Das Ablesen des Grips ist bei modernen Einsitzern und GT-Rennwagen besonders angenehm. Am Kurveneingang sp\u00fcrt man die Mikrovibrationen des griffigen Reifens, die Lenkung, die sich am Scheitelpunkt verh\u00e4rtet, und dann die leichte Befreiung beim Gaswegnehmen. Bei einer weniger starken und weniger feinen Basis gehen diese Nuancen oft in einem etwas verschwommenen Feedback unter. Hier kommen die Informationen selbst bei einer nicht ganz ausgereizten Gesamtst\u00e4rke klar und deutlich an. Man versteht sofort, was das Auto macht.<\/p>\n<p>Auf Vibrationen vermittelt der CSL DD ein scharfes, aber nicht zerst\u00f6rerisches Gef\u00fchl f\u00fcr die Handgelenke. Flache Vibratoren werden mit einer kurzen, klaren Vibration durchfahren, w\u00e4hrend aggressivere Vibratoren einen deutlichen Impuls zur\u00fcckgeben. Es f\u00fchlt sich nicht wie eine k\u00fcnstliche Vibration an, sondern wie ein ehrlicherer mechanischer Kontakt. Im Vergleich zu einer st\u00e4rkeren Basis verliert man ein wenig an roher Gewalt, aber man beh\u00e4lt mehr als genug Details, um zu wissen, was man tut.<\/p>\n<p>Bei langen Sessions ist die Konstanz der Basis beruhigend. Keine besorgniserregende Erw\u00e4rmung, kein allm\u00e4hlicher Kraftverlust, der unter normalen Bedingungen sp\u00fcrbar w\u00e4re. Das verf\u00fcgbare Drehmoment bleibt stabil, und das Gef\u00fchl der Mitte ist immer noch deutlich sp\u00fcrbar. F\u00fcr den Komfort hat es den Vorteil, dass man nicht auf einer ultra-starken Basis steht, dass man lange fahren kann, ohne die Unterarme zu erm\u00fcden. Man findet leicht eine ausgewogene Einstellung zwischen Eintauchen und Ausdauer.<\/p>\n<p>Bei schnellen Korrekturen, z. B. bei einem Snap am Kurvenausgang, folgt die Base, ohne abgehoben zu werden. Das Feedback ist trocken, pr\u00e4zise, aber nicht so brutal, dass man \u00fcberrascht w\u00e4re. Das kompaktere F1 Esports-Lenkrad hilft hier sehr: Es ist leicht, einfach zu handhaben, und schnelle Inputs kommen gut an. Die Kombi aus Direct Drive Basis + F1-typischem Lenkrad vermittelt ein sehr direktes Kontrollgef\u00fchl. Hier ver\u00e4ndert die Basis wirklich die Erfahrung, besonders wenn du von einem \"elastischeren\" Force-Feedback-Lenkrad kommst.<\/p>\n<p>Im Vergleich zu einer leistungsst\u00e4rkeren Basis, einem sehr hochwertigen Direct Drive, hat man das Gef\u00fchl, dass der CSL DD in einem vern\u00fcnftigeren Register spielt: weniger maximales Drehmoment, weniger \"Schock\" bei gro\u00dfen Schl\u00e4gen. Aber f\u00fcr den Hausgebrauch und ein nicht unbedingt ultrahartes Cockpit ist das fast ein Vorteil. Man nutzt das, was man hat, besser aus, ohne die Leistung halbwegs z\u00fcgeln zu m\u00fcssen, um nicht alles in Schwingung zu versetzen.<\/p>\n<h2>F\u00fcr wen? + Was man mag \/ Was man weniger mag<\/h2>\n<p>Dieses Bundle richtet sich eindeutig an den PC-Simracer, der einen ernsthaften Schritt nach vorne machen will, ohne sich gleich in ein krankes Setup zu st\u00fcrzen. Ein hochmotivierter Anf\u00e4nger, der wei\u00df, dass er viel investieren wird, ein Fortgeschrittener, der sich bereits auf klassischen Sims wohlf\u00fchlt, oder sogar ein Fortgeschrittener, der ein zweites, kompakteres Setup haben m\u00f6chte, kommen hier voll auf ihre Kosten. Es eignet sich besonders f\u00fcr diejenigen, die viel in Einsitzern, F1, LMP, modernen GTs und Prototypen fahren und dabei einen sauberen, zeitorientierten Fahrstil an den Tag legen.<\/p>\n<p>Was ich am meisten sch\u00e4tze, ist das Verh\u00e4ltnis von Konsistenz und Leistung des Bundles. Die Direct Drive Basis bringt einen echten Gewinn an Pr\u00e4zision und Sauberkeit des FFB, ohne dabei unhandlich zu werden. Das F1 Esports Lenkrad ist perfekt auf die meisten modernen Disziplinen abgestimmt und vermittelt ein echtes Gef\u00fchl der Kontrolle, mit gut platzierten Bedienelementen zur Steuerung von ERS, Treibstoff, Differential, etc. Das Fanatec-\u00d6kosystem schlie\u00dflich erm\u00f6glicht es, dieses Bundle nicht als Selbstzweck zu sehen, sondern als solide Basis, die man nach Lust und Laune ausbauen kann.<\/p>\n<p>Umgekehrt gibt es aber auch Grenzen, die man im Auge behalten sollte. Das mitgelieferte Pedalsystem ist zwar ordentlich, aber nicht auf dem Niveau der ambitionierteren Load Cell-Pedale. Die Dosierung der Bremse bleibt weniger nat\u00fcrlich und weniger reproduzierbar als mit einem echten Drucksensor, was bei sehr anspruchsvollen Sims zu Frustrationen f\u00fchren kann. Das Lenkrad, das sehr typisch f\u00fcr moderne F1\/GT ist, ist nicht ideal, wenn du viel Rallye, Drift oder alte Autos f\u00e4hrst, wo ein rundes und breiteres Lenkrad stimmiger ist. Die Verarbeitung ist zwar gut, erreicht aber nicht das Premium-Niveau der h\u00f6heren Klassen: einige Kunststoffe sind etwas hart, das Gef\u00fchl ist eher \"industriell gefertigt\" als luxuri\u00f6s.<\/p>\n<p>Was den Wert angeht, bleibt es trotzdem eine nicht unerhebliche Investition, die aber Sinn macht, wenn du ein Setup haben willst, das mehrere Jahre h\u00e4lt. Die Basis ist leistungsstark genug, um dich nicht zu schnell einzuschr\u00e4nken, und die Tatsache, dass du sp\u00e4ter die Pedale aufr\u00fcsten oder andere Lenkr\u00e4der hinzuf\u00fcgen kannst, verst\u00e4rkt den Eindruck, dass es sich eher um einen \"evolutiven\" Kauf als um einen Wegwerfkauf handelt.<\/p>\n<h2>Urteil<\/h2>\n<p>Das Fanatec CSL DD Ready2Race F1 Esports Premium Bundle for PC verwandelt ein klassisches Sim-Racing-Setup eindeutig in etwas viel Ernsteres. Der Wechsel zu Direct Drive, selbst in dieser angemessenen St\u00e4rke, ver\u00e4ndert die Feinheit der Informationen, die du erh\u00e4ltst, und das Vertrauen, das du in das Lenkrad setzen kannst. Man verl\u00e4sst das Gef\u00fchl von \"verbessertem Spielzeug\" und n\u00e4hert sich offen gesagt dem, was man von leistungsorientierter Hardware erwartet.<\/p>\n<p>Auf dem Markt ist dieses Bundle ein Dreh- und Angelpunkt im mittleren Preissegment: deutlich \u00fcber den Einsteiger-Lenkr\u00e4dern mit Riemen oder Zahnr\u00e4dern, aber nicht so \u00fcbertrieben und teuer wie die exklusiven High-End-Direct-Drives. Es eignet sich sehr gut f\u00fcr diejenigen, die haupts\u00e4chlich am PC fahren, eine schl\u00fcsselfertige Kombo wollen und vorhaben, ernsthafte Fortschritte zu machen, ohne jedes Jahr ihre gesamte Hardware auszutauschen.<\/p>\n<p>Wenn du ein Plug &amp; Play-Paket f\u00fcr den PC suchst, das dir die Welt des Direct Drive mit einem F1\/GT-typischen Lenkrad und einem interessanten Entwicklungsspielraum er\u00f6ffnet, kann dieses Produkt eindeutig den Unterschied in deinem Setup ausmachen.<\/p>","protected":false},"excerpt":{"rendered":"<p>Dieses Bundle hat mir das Gef\u00fchl gegeben, dass ich von einem \"ordentlichen\" Setup zu einem wirklich ernsthaften Fahrwerkzeug mit einem pr\u00e4zisen Lenkrad und einem gut lesbaren Force Feedback gelangt bin, das schnell Vertrauen schafft. Es macht vor allem f\u00fcr motivierte PC-Simracer Sinn, die sich an modernen F1\/GT orientieren und einen echten Schritt nach vorne machen wollen, ohne in den absoluten High-End-Bereich einzusteigen. Die Investition bleibt dank des entwicklungsf\u00e4higen \u00d6kosystems schl\u00fcssig.<\/p>","protected":false},"featured_media":100948,"comment_status":"open","ping_status":"closed","template":"","meta":{"_acf_changed":false,"_et_pb_use_builder":"","_et_pb_old_content":"","_et_gb_content_width":""},"product_brand":[158],"product_cat":[161,173],"product_tag":[149],"class_list":{"0":"post-100947","1":"product","2":"type-product","3":"status-publish","4":"has-post-thumbnail","6":"product_brand-fanatec","7":"product_cat-volant","8":"product_cat-volants-fanatec","9":"product_tag-pc","11":"first","12":"instock","13":"shipping-taxable","14":"product-type-external"},"acf":[],"_links":{"self":[{"href":"https:\/\/simracergear.com\/de\/wp-json\/wp\/v2\/product\/100947","targetHints":{"allow":["GET"]}}],"collection":[{"href":"https:\/\/simracergear.com\/de\/wp-json\/wp\/v2\/product"}],"about":[{"href":"https:\/\/simracergear.com\/de\/wp-json\/wp\/v2\/types\/product"}],"replies":[{"embeddable":true,"href":"https:\/\/simracergear.com\/de\/wp-json\/wp\/v2\/comments?post=100947"}],"wp:featuredmedia":[{"embeddable":true,"href":"https:\/\/simracergear.com\/de\/wp-json\/wp\/v2\/media\/100948"}],"wp:attachment":[{"href":"https:\/\/simracergear.com\/de\/wp-json\/wp\/v2\/media?parent=100947"}],"wp:term":[{"taxonomy":"product_brand","embeddable":true,"href":"https:\/\/simracergear.com\/de\/wp-json\/wp\/v2\/product_brand?post=100947"},{"taxonomy":"product_cat","embeddable":true,"href":"https:\/\/simracergear.com\/de\/wp-json\/wp\/v2\/product_cat?post=100947"},{"taxonomy":"product_tag","embeddable":true,"href":"https:\/\/simracergear.com\/de\/wp-json\/wp\/v2\/product_tag?post=100947"}],"curies":[{"name":"wp","href":"https:\/\/api.w.org\/{rel}","templated":true}]}}