{"id":100985,"date":"2025-05-15T07:57:00","date_gmt":"2025-05-15T07:57:00","guid":{"rendered":"https:\/\/simracergear.com\/products\/fanatec-csl-dd-ready2race-nascar-bundle-for-xbox-pc\/"},"modified":"2025-11-28T04:54:59","modified_gmt":"2025-11-28T04:54:59","slug":"fanatec-csl-dd-ready2race-nascar-bundle-for-xbox-pc","status":"publish","type":"product","link":"https:\/\/simracergear.com\/de\/products\/fanatec-csl-dd-ready2race-nascar-bundle-for-xbox-pc\/","title":{"rendered":"Fanatec CSL DD Ready2Race NASCAR Bundle f\u00fcr Xbox &amp; PC"},"content":{"rendered":"<h2>Fanatec CSL DD Ready2Race NASCAR Bundle: Der wahre Sprung zum \"schl\u00fcsselfertigen\" Direct Drive<\/h2>\n<p>Das CSL DD Ready2Race NASCAR Bundle zielt klar auf eine bestimmte Nische ab: ein echtes Direct Drive-Erlebnis, das sofort einsatzbereit ist, ohne ein krankes Budget oder eine Gasfabrik zu haben. Es handelt sich um ein Bundle f\u00fcr Xbox und PC, mit einer CSL DD-Basis, einem NASCAR-Lenkrad und Fanatec-Pedalen f\u00fcr Einsteiger. Mit anderen Worten: Alles, was man braucht, um vom klassischen Force-Feedback-Lenkrad zu einem ernsthaften Sim-Racing-Setup zu gelangen.<\/p>\n<p>Dieses Paket ist attraktiv, weil es gleich mehrere Punkte auf einmal erf\u00fcllt: kompaktes Direct Drive, Konsolenkompatibilit\u00e4t, NASCAR-Lizenz f\u00fcr Oval-Fans und ein skalierbares \u00d6kosystem. Die Idee ist einfach: Du schlie\u00dft es an, passt ein paar Parameter an und findest heraus, wie es ist, das Auto wirklich arbeiten zu sp\u00fcren.<\/p>\n<p>Mein Blickwinkel hier ist klar: Pr\u00e4zision, Fahrgef\u00fchl, Alltagstauglichkeit und Gesamtkonsistenz des Bundles. Betritt man mit diesem Paket im Vergleich zu einem Lenkrad mit Riemenantrieb wirklich eine andere Welt? Bleibt das NASCAR-Lenkrad, das in seiner Form und seinem Stil recht eigenwillig ist, auch au\u00dferhalb von Ovalen angenehm? Und vor allem: Ist es die Investition f\u00fcr einen Konsolen- oder PC-Spieler wert, der einen Schritt nach vorne machen m\u00f6chte, ohne sein Budget zu sprengen?<\/p>\n<h2>Design und Verarbeitung: kompakt, seri\u00f6s, mit einem sehr typischen Lenkrad<\/h2>\n<p>Optisch sieht die CSL DD-Basis sehr nach \"Simracer-Hardware\" aus, und das im besten Sinne des Wortes. Das kompakte Format, der Metallblock mit einem gro\u00dfen, k\u00fchlk\u00f6rper\u00e4hnlichen K\u00fchlk\u00f6rper am Rand, strahlt Solidit\u00e4t und Seriosit\u00e4t aus. In der Hand beruhigt die Dichte des Blocks: Nichts klingt hohl, nichts wackelt, wenn es richtig an einem Cockpit oder einem stabilen Tisch befestigt ist. Man sp\u00fcrt, dass es stundenlange Rennen ohne Murren \u00fcberstehen kann.<\/p>\n<p>Das NASCAR-Lenkrad ist eindeutig das St\u00fcck, das die Blicke auf sich zieht. Klassische runde Form, gro\u00dfz\u00fcgiger Durchmesser, Griff mit einer Kombination aus Gummi und Schaumstoff, der sich ziemlich fest anf\u00fchlt. Das Lenkrad liegt sofort in der Hand: Man hat wirklich das Gef\u00fchl, ein Stockcar-Lenkrad zu halten, das ziemlich dick ist und gut gef\u00fcllt in den H\u00e4nden liegt. Die Schaltwippen auf der R\u00fcckseite vermitteln einen ordentlichen Eindruck, ohne das Niveau der Spitzenlenkr\u00e4der der Marke zu erreichen, aber der Hub ist sauber und pr\u00e4zise.<\/p>\n<p>Was \u00fcberrascht, ist die globale Koh\u00e4renz: kompakte Basis, imposantes Lenkrad, einfache, aber steife Pedale. Das in diesem Bundle gelieferte Pedalsystem bleibt grundlegend (keine originale Load Cell). Die Metallstruktur ist jedoch solide, die Pedale wackeln nicht und der Bremswiderstand ist f\u00fcr Anf\u00e4nger in Ordnung, auch wenn es etwas an Progressivit\u00e4t f\u00fcr diejenigen fehlt, die gerne \"mit dem Gef\u00fchl des rechten Fu\u00dfes\" bremsen.<\/p>\n<p>Im Vergleich zu Wettbewerbern in der gleichen Preisklasse ist der CSL DD eine Stufe h\u00f6her, wenn es um die gef\u00fchlte Qualit\u00e4t der Basis selbst geht. Das Lenkrad ist eher f\u00fcr NASCAR-Fans als f\u00fcr Premium-Allrounder geeignet, aber die seri\u00f6se Verarbeitung l\u00e4sst keine Zweifel an der Langlebigkeit aufkommen. Der einzige wirkliche Nachteil ist das Pedalsystem, das schnell an seine Grenzen st\u00f6\u00dft, wenn man anf\u00e4ngt, beim Bremsen anspruchsvoll zu werden.<\/p>\n<h2>Einstellungen, Personalisierung und Kompatibilit\u00e4t: ein umfassendes \u00d6kosystem, das jedoch erst gez\u00e4hmt werden muss<\/h2>\n<p>Einmal auf dem PC oder der Xbox, l\u00e4sst sich das Ganze sauber integrieren. Auf dem PC kann man mit der Fanatec Control Panel Software den FFB, den Drehwinkel, die Filter und die Gesamtst\u00e4rke feinjustieren. Auf Konsolen ist man mehr auf die internen Einstellungen des Spiels und die Parameter angewiesen, die direkt vom Lenkrad und der Basisstation aus \u00fcber den Bildschirm und die Tasten zug\u00e4nglich sind. Es ist nicht kompliziert, aber es gibt ein Minimum an Lernkurve, um wirklich das Beste aus dem Spiel herauszuholen.<\/p>\n<p>Die originalen Presets sind brauchbar, aber etwas generisch. Interessant wird es, wenn man anf\u00e4ngt, die maximale Kraft, den FFB-Filter, die Linearit\u00e4t und den Damper anzupassen. Wenn man ein bisschen herumspielt, kommt man an einen Punkt, an dem das Auto wirklich spricht, ohne dass das Lenkrad heftig oder erm\u00fcdend wird. Hier sp\u00fcrt man, dass die Basis Potenzial hat und das Bundle mehr als nur ein \"Plug and Pray\"-Kit ist.<\/p>\n<p>Was die Kompatibilit\u00e4t angeht, wird das Xbox &amp; PC-Versprechen eingehalten, alle gro\u00dfen aktuellen Sim-Racing- und Simcade-Titel werden problemlos bew\u00e4ltigt. Der gro\u00dfe Vorteil von Fanatec ist das \u00d6kosystem: Wenn du dein Lenkrad wechseln willst (GT, F1, Rallye), ist das m\u00f6glich. Wenn du auf ein Load Cell-Pedal oder einen H-Shifter umsteigen willst, bleibst du in der gleichen Produktfamilie. Das Bundle spielt ganz klar die Rolle einer Eingangst\u00fcr in ein gr\u00f6\u00dferes Umfeld.<\/p>\n<p>In Bezug auf die Skalierbarkeit ist die CSL DD-Basis die eigentliche S\u00e4ule. Sie kann eindeutig mehrere Jahre des Fortschritts begleiten. Das NASCAR-Lenkrad wird vor allem Fans von Ovalen ansprechen, ist aber auch auf klassischen Rennstrecken komfortabel. Die Pedale hingegen werden wahrscheinlich das erste Teil sein, das du weiterentwickeln musst, wenn du Sim-Racing ernst nimmst.<\/p>\n<h2>Spielgef\u00fchl: Direct Drive, das wirklich den Unterschied macht<\/h2>\n<p>Auf der Rennstrecke ist die sauberere Kraftr\u00fcckf\u00fchrung die deutlichste Ver\u00e4nderung im Vergleich zu einem Riemen- oder Zahnradschwungrad. Der FFB des CSL DD ist sehr gut lesbar. Man sp\u00fcrt die Lastverschiebung, den beginnenden Haftungsverlust, Bodenwellen und Vibrationen ohne Gratbildung oder \u00fcberm\u00e4\u00dfige Weichheit. Das Signal ist sauber, detailliert und vor allem sehr reaktionsschnell.<\/p>\n<p>In den Kurven f\u00fchrt die Art und Weise, wie das Auto die Vorderachse \"belastet\", zu einem progressiven, nie brutalen Drehmoment. Man sp\u00fcrt, wie das Lenkrad am Eingang straff wird und dann leicht nachgibt, wenn man die Gripgrenze \u00fcberschreitet. Bei einem herk\u00f6mmlichen Lenkrad ist dieser \u00dcbergang oft verschwommen oder \u00fcbertrieben. Hier ist die Grenze deutlicher, man versteht besser, wo die Grenze liegt. Man beginnt, die Strecke zu \"lesen\" und nicht nur auf ein ruckelndes Lenkrad zu reagieren.<\/p>\n<p>Das Ablesen des Grips ist eine der gro\u00dfen St\u00e4rken. Auf NASCAR-Ovalen ist es offensichtlich: Wenn das Auto zu hoch steigt, den Staubbereich ber\u00fchrt oder man das \u00dcbersteuern bei der Ausfahrt etwas forciert, warnt das Lenkrad. Man sp\u00fcrt das Rutschen eher, als dass man es erduldet. Auf Stra\u00dfenkursen ist es das Gleiche, wenn man sich schnell abst\u00fctzt: Direct Drive vermittelt dieses Gef\u00fchl der Kontinuit\u00e4t in der Information, ohne L\u00f6cher oder k\u00fcnstliche Spr\u00fcnge.<\/p>\n<p>Die Vibrationen werden scharf, aber nicht br\u00fcchig wiedergegeben. Man nimmt die Textur, die K\u00f6rnigkeit der Strecke wahr, ohne dass es zu einem Presslufthammer wird. Bei einem weniger seri\u00f6sen Bundle sp\u00fcrt man entweder nicht viel oder alles oder nichts. Mit dem CSL DD sind die Variationen fein: kleiner flacher Vibrator, gro\u00dfer aggressiver Vibrator, etwas abgestufter Rand der Strecke, alles hat eine andere Signatur im Lenkrad.<\/p>\n<p>Bei langen Sessions ist die Konstanz sehr sp\u00fcrbar. Die Kettenstrebe wird bei dieser Einstellung nicht so hei\u00df, dass sie sp\u00fcrbar an Drehmoment verliert, und das Gef\u00fchl bleibt vom Anfang bis zum Ende eines Stints gleich. Die Erm\u00fcdung in den Armen h\u00e4ngt nat\u00fcrlich von der eingestellten St\u00e4rke ab, aber mit einer ausgewogenen Einstellung kann man mehrere Runden fahren, ohne ersch\u00f6pft zu sein. Es ist kraftvoll, aber nicht unn\u00f6tig brutal.<\/p>\n<p>Schnelle Korrekturen sind ein weiterer Bereich, in dem das Direct Drive die Dinge ver\u00e4ndert. Wenn das Heck ausbricht, gibt das Lenkrad die Information sofort zur\u00fcck. Die Basis reagiert schnell und ohne sp\u00fcrbare Latenz, was dabei hilft, ein unvorhergesehenes Driften oder \u00dcbersteuern wieder einzuholen. Bei weniger leistungsstarken und gefilterten Kettenstreben reagiert das Lenkrad oft etwas zu sp\u00e4t, was das Einfangen z\u00f6gerlich macht. Hier geht es sofort los: Man dreht, das Auto folgt.<\/p>\n<p>Im Vergleich zu einer st\u00e4rkeren High-End-Basis verliert man ein wenig an maximalem Bruttodrehmoment und m\u00f6glicher FFB-Gewalt, aber das ist hier nicht das Thema. F\u00fcr die meisten Spieler ist die Leistung des CSL DD in diesem Bundle bereits mehr als ausreichend. Was z\u00e4hlt, ist die Pr\u00e4zision und die Geschwindigkeit des Feedbacks, und da spielt man schon in einer anderen Liga als bei herk\u00f6mmlichen Mittelklasse-Lenkr\u00e4dern. Man hat dieses sehr angenehme Gef\u00fchl, dass das Auto mit den H\u00e4nden \"verbunden\" ist. Man versteht sofort, was das Auto macht.<\/p>\n<h2>F\u00fcr wen ist es geeignet? St\u00e4rken und Grenzen des Bundles<\/h2>\n<p>Dieses Bundle zielt eindeutig auf motivierte Spieler ab, egal ob Xbox oder PC, die auf Direct Drive umsteigen wollen, ohne sich den Kopf \u00fcber die Auswahl der einzelnen Elemente zu zerbrechen. Es ist besonders f\u00fcr mittlere Profile geeignet: diejenigen, die bereits auf einem Riemen- oder Zahnrad-Lenkrad gefahren sind und endlich sehen wollen, was Direct Drive konkret \u00e4ndert, ohne in komplexe Konfigurationen einzusteigen.<\/p>\n<p>Was ich an diesem Paket am meisten sch\u00e4tze, ist zun\u00e4chst die CSL DD-Basis selbst: kompakt, seri\u00f6s, mit einem pr\u00e4zisen FFB, der das Gef\u00fchl auf der Rennstrecke wirklich umwandelt. Das NASCAR-Lenkrad bringt eine echte Identit\u00e4t mit sich, mit einem komfortablen Griff und einem gro\u00dfz\u00fcgigen Durchmesser, perfekt f\u00fcr Ovalrennen und sehr korrekt auf Stra\u00dfenkursen. Die Konsolen-\/PC-Integration und der Zugang zum gesamten Fanatec-\u00d6kosystem machen ebenfalls einen echten Unterschied: Man wei\u00df, dass man sein Setup weiterentwickeln kann, ohne alles wegzuwerfen.<\/p>\n<p>Die Grenzen sind vorhanden und man muss sie im Auge behalten. Das Basis-Pedalsystem ist eindeutig das schw\u00e4chste Glied in der Kette: Wenn man einfach nur cool fahren oder Sim-Racing entdecken will, ist es in Ordnung, aber sobald man anf\u00e4ngt, nach Pr\u00e4zision beim Bremsen zu suchen, wird der Wechsel zu einem Load Cell-Pedalsystem fast zwingend. Das NASCAR-Lenkrad ist sehr typisch und wird nicht jeden ansprechen: Einige werden ein vielseitigeres Lenkrad im GT- oder F1-Stil bevorzugen. Auch wenn dieses Bundle f\u00fcr Direct Drive attraktiv ist, bleibt es eine gro\u00dfe Investition, vor allem, wenn man dahinter ein Cockpit einbaut, das diesen Namen verdient.<\/p>\n<p>Wenn du regelm\u00e4\u00dfig f\u00e4hrst, dich weiterentwickelst und das Setup \u00fcber mehrere Jahre hinweg planst, macht ein Bundle Sinn. Man zahlt mehr als f\u00fcr ein herk\u00f6mmliches Einsteigerset, vermeidet aber auch die Frustration, alles schnell ersetzen zu m\u00fcssen. Vor allem das Geld, das man in die Basis investiert, ist eine solide Investition. Man sp\u00fcrt, dass dies das Herzst\u00fcck eines Setups ist, das mit einem echten Levelaufstieg mithalten kann.<\/p>\n<h2>Urteil: ein ausgezeichneter, ernsthafter Einstiegspunkt in das Direct Drive<\/h2>\n<p>Das Fanatec CSL DD Ready2Race NASCAR Bundle \u00e4ndert etwas Grundlegendes in einem Setup: Es f\u00fchrt ein echtes, sauberes und reaktionsschnelles Direct Drive in einem \"schl\u00fcsselfertigen\" Paket ein, das mit Xbox und PC kompatibel ist. Sie werden von einer Spielerfahrung zu einem echten Fahrgef\u00fchl wechseln, mit einem Lenkrad, das eher informiert, als dass es unterliegt.<\/p>\n<p>Auf dem Markt positioniert sich dieses Bundle als solides Mittelklasseger\u00e4t, aber mit einer Basis, die ihrerseits eindeutig die Karte der Seriosit\u00e4t spielt. Es handelt sich nicht um ein sehr leistungsstarkes High-End-Ger\u00e4t, aber auch nicht mehr um ein Einsteigerger\u00e4t. Es ist diese Pivot-Ebene, auf der der Unterschied im Gef\u00fchl deutlich wird, selbst f\u00fcr jemanden, der kein Techniker ist.<\/p>\n<p>Ich empfehle es denjenigen, die einen echten Qualit\u00e4tssprung machen wollen, ohne sich auf komplexe Ma\u00dfanfertigungen einzulassen: mittlere Simracer, sehr motivierte Anf\u00e4nger, die bereit sind zu investieren, Konsolenspieler, die ein Setup wollen, das nicht wie ein \"Spielzeug\" aussieht. Wenn dein Budget jedoch sehr knapp bemessen ist oder du direkt auf ein hochwertiges Pedalboard und ein sehr spezielles Lenkrad abzielst, kann es interessanter sein, ein Setup St\u00fcck f\u00fcr St\u00fcck zusammenzustellen.<\/p>\n<p>Wenn du nach einem seri\u00f6sen, skalierbaren und bereits sehr immersiven Direct Drive Bundle suchst, kann dieses Produkt in deinem Setup eindeutig den Unterschied ausmachen.<\/p>","protected":false},"excerpt":{"rendered":"<p>Dieses Bundle bringt einen echten Gap im Fahrgef\u00fchl mit sich: Durch das Direct Drive ist das Auto besser lesbar, mehr mit den H\u00e4nden \"verbunden\", ohne sich in der Komplexit\u00e4t zu verlieren. Es macht vor allem f\u00fcr motivierte Xbox\/PC-Spieler Sinn, die bereits genug von Einstiegslenkr\u00e4dern haben und bereit sind, \u00fcber mehrere Jahre zu investieren. Die CSL DD-Basis macht es zu einer konsequenten und dauerhaften Wahl, trotz des verbesserungsw\u00fcrdigen Pedalboards.<\/p>","protected":false},"featured_media":100986,"comment_status":"open","ping_status":"closed","template":"","meta":{"_acf_changed":false,"_et_pb_use_builder":"","_et_pb_old_content":"","_et_gb_content_width":""},"product_brand":[158],"product_cat":[161,173,170,169],"product_tag":[149,160],"class_list":{"0":"post-100985","1":"product","2":"type-product","3":"status-publish","4":"has-post-thumbnail","6":"product_brand-fanatec","7":"product_cat-volant","8":"product_cat-volants-fanatec","9":"product_cat-volants-xbox-one","10":"product_cat-volants-xbox-series-x-s","11":"product_tag-pc","12":"product_tag-xbox","14":"first","15":"instock","16":"shipping-taxable","17":"product-type-external"},"acf":[],"_links":{"self":[{"href":"https:\/\/simracergear.com\/de\/wp-json\/wp\/v2\/product\/100985","targetHints":{"allow":["GET"]}}],"collection":[{"href":"https:\/\/simracergear.com\/de\/wp-json\/wp\/v2\/product"}],"about":[{"href":"https:\/\/simracergear.com\/de\/wp-json\/wp\/v2\/types\/product"}],"replies":[{"embeddable":true,"href":"https:\/\/simracergear.com\/de\/wp-json\/wp\/v2\/comments?post=100985"}],"wp:featuredmedia":[{"embeddable":true,"href":"https:\/\/simracergear.com\/de\/wp-json\/wp\/v2\/media\/100986"}],"wp:attachment":[{"href":"https:\/\/simracergear.com\/de\/wp-json\/wp\/v2\/media?parent=100985"}],"wp:term":[{"taxonomy":"product_brand","embeddable":true,"href":"https:\/\/simracergear.com\/de\/wp-json\/wp\/v2\/product_brand?post=100985"},{"taxonomy":"product_cat","embeddable":true,"href":"https:\/\/simracergear.com\/de\/wp-json\/wp\/v2\/product_cat?post=100985"},{"taxonomy":"product_tag","embeddable":true,"href":"https:\/\/simracergear.com\/de\/wp-json\/wp\/v2\/product_tag?post=100985"}],"curies":[{"name":"wp","href":"https:\/\/api.w.org\/{rel}","templated":true}]}}