{"id":101102,"date":"2025-05-15T08:00:00","date_gmt":"2025-05-15T08:00:00","guid":{"rendered":"https:\/\/simracergear.com\/products\/fanatec-csl-steering-wheel-sparco-gt\/"},"modified":"2025-11-28T05:01:47","modified_gmt":"2025-11-28T05:01:47","slug":"fanatec-csl-steering-wheel-sparco-gt","status":"publish","type":"product","link":"https:\/\/simracergear.com\/de\/products\/fanatec-csl-steering-wheel-sparco-gt\/","title":{"rendered":"Fanatec CSL Steering Wheel SPARCO\u00ae GT"},"content":{"rendered":"<h2>Fanatec CSL Steering Wheel SPARCO\u00ae GT : Test &amp; ausf\u00fchrliche Meinung<\/h2>\n<p>Innerhalb des Fanatec-Sortiments ist das CSL Steering Wheel SPARCO\u00ae GT ganz klar ein \"seri\u00f6ses Evolutionslenkrad\" f\u00fcr Spieler, die einen Schritt weiter gehen wollen, ohne in den High-End-Bereich abzurutschen. Es ist ein GT-Lenkrad, das f\u00fcr moderne Sim-Racer gedacht ist, mit einer echten Sparco-Partnerschaft und einem Preis, der innerhalb des Fanatec-\u00d6kosystems noch angemessen ist.<\/p>\n<p>Auf dem Papier verspricht es eine interessante Mischung: einen realistischen Durchmesser f\u00fcr moderne GTs, eine renn\u00e4hnliche Oberfl\u00e4che, gut platzierte Tasten, weitgehende Kompatibilit\u00e4t mit Fanatec-Basisstationen und das alles in einem Produkt, das f\u00fcr PCs und Konsolen ausgelegt ist. Die Idee ist, ein glaubw\u00fcrdiges Lenkrad f\u00fcr ACC-, iRacing-, GT7- oder Forza-Fahrer anzubieten, ohne ein ultra-spitzes Monster f\u00fcr Puristen zu sein.<\/p>\n<p>Mein Blickwinkel hier ist einfach: Bringt dieses Lenkrad ein echtes Plus an Gef\u00fchl und Komfort im Vergleich zu Einsteigerlenkr\u00e4dern und h\u00e4lt es auch bei langen Sessions auf einer Direct Drive Basis stand? Ich konzentriere mich auf das Gef\u00fchl in der Hand, die Verarbeitungsqualit\u00e4t, die Ergonomie auf der Rennstrecke und die Koh\u00e4renz des Produkts in einem aktuellen Fanatec-Setup. <\/p>\n<p>Das Ziel: herauszufinden, ob dieser SPARCO GT seinen Platz als Hauptlenkrad in einem anspruchsvollen Sim-Racer verdient oder eher als spezialisierte Option in einem gr\u00f6\u00dferen Lenkradpark.<\/p>\n<h2>Design &amp; Herstellung<\/h2>\n<p>In der Hand macht das Fanatec CSL Steering Wheel SPARCO\u00ae GT sofort einen seri\u00f6sen Eindruck. Der Durchmesser ist typisch f\u00fcr einen modernen GT, nicht zu gro\u00df und nicht zu kompakt, was ihn sowohl f\u00fcr Sprints als auch f\u00fcr lange Rennen komfortabel macht. Der Reifen selbst ist solide, mit einer Steifigkeit, die schon beim ersten Abst\u00fctzen in den Kurven beruhigend wirkt. Man merkt, dass es sich nicht um ein Spielzeug handelt.<\/p>\n<p>Der Bezug ist von der realen Welt inspiriert: Wir haben es hier mit einer Oberfl\u00e4che zu tun, die je nach Version an Alcantara oder ein wettkampforientiertes Kunstleder erinnert. Die Textur bietet genau die richtige Menge an Grip, ohne aggressiv zu sein. Mit Handschuhen f\u00fchlt man sich sofort wohl. Mit blo\u00dfen H\u00e4nden ist das Gef\u00fchl angenehm, auch wenn man, wie so oft bei dieser Art von Material, auf die Abnutzung im Laufe der Zeit achten muss, wenn man viel f\u00e4hrt.<\/p>\n<p>Die Metallbereiche, die Mitte des Lenkrads und die Frontplatte vermitteln einen Gesamteindruck von kontrollierter Dichte. Es ist kein ultra-schweres Lenkrad, aber wir sind auch nicht bei der Plastikleichtigkeit der Einsteiger-Bundles. Die Tasten sind gut integriert, haben einen ordentlichen Hub und klicken deutlich. Die Schaltwippen f\u00fchlen sich gut an: Sie klappern klar und pr\u00e4zise, mit einem Feedback, das sofort Vertrauen in schnelle Gangwechsel schafft.<\/p>\n<p>Was \u00fcberrascht, ist die gute Balance zwischen \"Rennsport\"-Look und Vielseitigkeit. Es ist weder ein extremes Lenkrad im Stil eines Einsitzers noch ein gro\u00dfes Stra\u00dfenlenkrad. Es f\u00fchlt sich wirklich wie ein Lenkrad an, das f\u00fcr GTs und moderne Prototypen gedacht ist.<\/p>\n<p>Das Lenkrad ist sehr leicht zu bedienen, da es sich nicht um ein ClubSport- oder Podiumslenkrad handelt, sondern um ein \"CSL\"-Lenkrad, bei dem die Tasten und die Nabe aus Kunststoff gefertigt sind. Das Gesamtgef\u00fchl ist jedoch immer noch weitaus besser als bei einem Premium-Lenkrad eines anderen Herstellers, vor allem in Bezug auf die Steifigkeit des Reifens und die Qualit\u00e4t der Schaltwippen.<\/p>\n<p>Im Vergleich zu den runden Einsteigerlenkr\u00e4dern, die in einigen Fanatec-Bundles enthalten sind, macht dieses SPARCO GT einen echten Wahrnehmungssprung: Es ist seri\u00f6ser, pr\u00e4ziser und f\u00fchlt sich in der Hand \"sim racing pur\" an.<\/p>\n<h2>Einstellungen, Personalisierung &amp; Kompatibilit\u00e4t<\/h2>\n<p>Wir bleiben hier innerhalb des Fanatec-\u00d6kosystems, und das ist ein Schl\u00fcsselpunkt. Dieses Lenkrad ist so konzipiert, dass es direkt auf die CSL DD, Gran Turismo DD Pro, ClubSport und im weiteren Sinne auf die kompatiblen Basen der Marke geklickt werden kann. Die Montage ist einfach, und man profitiert von allen Einstellm\u00f6glichkeiten, die bereits in der Firmware und der Fanatec-Software enthalten sind.<\/p>\n<p>Die Anpassung erfolgt vor allem \u00fcber die Basis: St\u00e4rke des Force Feedbacks, Filterung, D\u00e4mpfung, minimaler FFB, Interpolation. Das Lenkrad selbst enth\u00e4lt keine Unmengen an komplexen Men\u00fcs, und das ist auch gut so. Es gibt gen\u00fcgend Tasten, um die wichtigsten Funktionen im Spiel zu steuern, wie z. B. den Steuerungsmix f\u00fcr Scheinwerfer, ERS, Traktionsmanagement, Ansichten usw., ohne die \u00dcberladung von High-End-Lenkr\u00e4dern, die \u00fcberall mit Rotoren versehen sind.<\/p>\n<p>Die Lernkurve ist angemessen. Man findet schnell eine logische Zuordnung der Kn\u00f6pfe f\u00fcr die Hauptsims. Es ist einfach, die Bedienelemente auf der Rennstrecke zu finden, ohne alle paar Minuten auf das Lenkrad schauen zu m\u00fcssen. Die Positionen der Haupttasten sind f\u00fcr den GT-Einsatz gut durchdacht: Sie sind erreichbar, ohne das Lenkrad zu sehr loszulassen, insbesondere f\u00fcr Sichtwechsel, Blitzlicht, Boxenstopps oder die Bremsbalance.<\/p>\n<p>Auf dem PC ist die Kompatibilit\u00e4t am gr\u00f6\u00dften, mit den Einstellungen, die in der Fanatec-Software detailliert beschrieben sind. Bei Konsolen h\u00e4ngt alles von der verwendeten Basis ab: Sie bestimmt die Kompatibilit\u00e4t mit Xbox oder PlayStation. Das Lenkrad selbst ist so konzipiert, dass es sich problemlos integrieren l\u00e4sst, wenn die Basis von der jeweiligen Plattform unterst\u00fctzt wird.<\/p>\n<p>Was das \u00d6kosystem angeht, bleiben wir bei 100 % Fanatec: Pedale, Shifter, Handbremsen, alles greift nat\u00fcrlich ineinander. Das Interessante an diesem Lenkrad ist, dass es als Hauptlenkrad auf einer CSL DD-Basis dienen kann und auch dann noch stimmig ist, wenn du sp\u00e4ter auf eine leistungsst\u00e4rkere Basis umsteigst. Es ist nicht auf den \"entry-level\"-Einsatz beschr\u00e4nkt.<\/p>\n<p>In Bezug auf die Skalierbarkeit ist es ein guter Einstiegspunkt f\u00fcr ein Setup, das wachsen will: Du kannst mit diesem Lenkrad auf einer CSL-Basis beginnen und es dann auf einen ClubSport oder Podium bringen, ohne dass es im Setup \"klein\" wirkt.<\/p>\n<h2>Sensationen im Spiel<\/h2>\n<p>Auf der virtuellen Rennstrecke zeigt der SPARCO GT seinen Charakter am besten. Der Durchmesser, die Form des Reifens und die Gesamtsteifigkeit vermitteln sofort ein pr\u00e4zises Gef\u00fchl, besonders bei einer Direct Drive Basis. Man sp\u00fcrt deutlich die Mikrovariationen des Drehmoments, die von der Basis \u00fcbertragen werden, ohne dass das Lenkrad die Signale filtert oder \u00fcberm\u00e4\u00dfig d\u00e4mpft.<\/p>\n<p>Auf schnellen Kurven bleibt das Lenkrad in den H\u00e4nden absolut stabil. Das Force Feedback ist klar, der Widerstand steigt allm\u00e4hlich an, wenn man die Vorderachse belastet, und die Lenkung \"flattert\" nicht. Man versteht schnell, wo die Gripgrenze der Vorderachse liegt. Das Lesen des Grips ist f\u00fcr diese Lenkradklasse wirklich solide. Man sp\u00fcrt das beginnende Untersteuern, den Moment, in dem der Reifen zu rutschen beginnt, und die kleinen, allm\u00e4hlichen Str\u00f6mungsabrisse sind deutlich zu erkennen.<\/p>\n<p>Auf den Vibrationen ist das Verhalten sauber: Man sp\u00fcrt die Struktur des Vibrators, die Rillen, die wiederholten kleinen Schl\u00e4ge. Es ist weder \u00fcbertrieben noch v\u00f6llig gegl\u00e4ttet. Auf einer schw\u00e4cheren Basis ist der Effekt nat\u00fcrlich weniger detailliert, aber das Lenkrad st\u00f6rt die Informationen nicht. Auf einer st\u00e4rkeren Basis gewinnt man noch mehr Nuancen, ohne dass das Lenkrad eine Schw\u00e4che in der Steifigkeit zeigt, was wichtig ist, um eine feste Lenkung zu behalten.<\/p>\n<p>Bei schnellen Korrekturen, z. B. beim \u00dcbersteuern, bleibt der SPARCO GT leicht einzuholen. Die Form des Reifens erm\u00f6glicht es, ihn gut zu greifen, und der Grip des Belags hilft sehr dabei, kleine Gegenlenkbewegungen aneinanderzureihen, ohne zu rutschen. Die gut dimensionierten Schaltwippen st\u00f6ren in diesen Rettungsphasen nicht, selbst bei einem etwas aggressiven Fahrstil. Man kann das Lenkrad wirklich im Flug \"erwischen\", ohne den Kontakt zu verlieren.<\/p>\n<p>Bei langen Sessions ist der Komfort gut. Der vern\u00fcnftige Durchmesser verhindert, dass die Schultern erm\u00fcden, wie es bei manchen \u00fcbergro\u00dfen Lenkr\u00e4dern der Fall ist. Der Belag h\u00e4lt gut, vorausgesetzt, du benutzt Handschuhe, wenn du sehr lange Runs machst, schon allein um das Material zu schonen. Die Erm\u00fcdung kommt eher von der St\u00e4rke der Basis als vom Lenkrad selbst. Der Grip bleibt konstant und die H\u00e4nde finden nat\u00fcrlich eine gute Position um 9:15 oder 10:10 Uhr, je nachdem, was du bevorzugst.<\/p>\n<p>Was die Immersion angeht, sind wir eindeutig \u00fcber den Lenkr\u00e4dern von Plastikbundles. Die Sparco-Optik, das GT-Design und das solide Gef\u00fchl geben einem das Gef\u00fchl, ein echtes, \"zivilisiertes\" Rennlenkrad in der Hand zu halten. Das ver\u00e4ndert die Art und Weise, wie man das Auto wahrnimmt, insbesondere bei GT3, GT4, LMP und einigen sportlichen Stra\u00dfenfahrzeugen.<\/p>\n<p>Im Vergleich zu einem einfachen Lenkrad ist der Gewinn vor allem in der Feinheit der gef\u00fchlten Informationen und in dem Vertrauen, das du in deine St\u00fctzen haben kannst, zu sehen. Man traut sich eher, hart in die Kurve zu gehen, weil man besser sp\u00fcrt, was die Front macht. Im Vergleich zu sehr hochwertigen Lenkr\u00e4dern wie ClubSport oder Podium, die speziell f\u00fcr GTs entwickelt wurden, verliert man etwas an Raffinesse bei der Verarbeitung und der Anzahl der erweiterten Bedienelemente, aber das grobe Gef\u00fchl des FFB ist f\u00fcr den Preis immer noch sehr wettbewerbsf\u00e4hig.<\/p>\n<p>Bei einer weniger starken Basis oder einer Basis ohne Direct Drive bleibt das Lenkrad interessant: Es wird die Kraft nicht auf wundersame Weise verzehnfachen, aber es \u00fcbertr\u00e4gt besser, was die Basis bereits bietet, indem es weniger filtert und pr\u00e4ziser in den H\u00e4nden bleibt. Auf einer st\u00e4rkeren Basis h\u00e4lt das Lenkrad vollst\u00e4ndig die Stra\u00dfe, ohne zu vibrieren oder sich zu verbiegen, was ein guter Indikator f\u00fcr seine strukturelle Qualit\u00e4t ist.<\/p>\n<p>Insgesamt hat man ein Lenkrad, das Vertrauen schafft. Man wei\u00df, wo man das Auto abstellt. Man sp\u00fcrt, wenn man zu viel verlangt. Und das ist genau das, was man von einem guten GT-Lenkrad erwartet.<\/p>\n<h2>F\u00fcr wen ist es geeignet? St\u00e4rken &amp; Schw\u00e4chen<\/h2>\n<p>Das Fanatec CSL Steering Wheel SPARCO\u00ae GT zielt eindeutig auf den motivierten Sim-Racer ab, der eher mittelm\u00e4\u00dfig bis fortgeschritten ist und regelm\u00e4\u00dfig auf CSL DD oder h\u00f6heren Basen f\u00e4hrt. Es kann f\u00fcr einen ernsthaften Anf\u00e4nger geeignet sein, der sich direkt ein koh\u00e4rentes Setup zusammenstellen will, aber es wird vor allem von denjenigen gesch\u00e4tzt werden, die schon etwas mehr Erfahrung haben und ein Lenkrad suchen, das etwas renntypischer ist als die Basismodelle.<\/p>\n<p>Zu seinen echten St\u00e4rken geh\u00f6rt zun\u00e4chst einmal das \u00fcberzeugende GT-Feeling. Der Durchmesser, die Form und die Steifigkeit des Reifens machen ihn zu einem hervorragenden Begleiter f\u00fcr moderne GTs und Prototypen. Zweitens schafft die allgemeine Verarbeitungsqualit\u00e4t, insbesondere bei den Schaltwippen und der Gesamtsteifigkeit, Vertrauen, selbst bei leistungsst\u00e4rkeren Basen. Und schlie\u00dflich machen die Integration in das Fanatec-\u00d6kosystem und die PC\/Konsolen-Kompatibilit\u00e4t \u00fcber die Basen es zu einem Lenkrad, das sich leicht in fast alle aktuellen Fanatec-Setups integrieren l\u00e4sst.<\/p>\n<p>In Bezug auf die Grenzen muss man akzeptieren, dass man sich weiterhin im CSL-Universum befindet. Einige Details der Verarbeitung wirken etwas weniger hochwertig als bei ClubSport-Lenkr\u00e4dern: einige Plastikteile, ein etwas weniger \"luxuri\u00f6ses\" Gef\u00fchl, wenn man es direkt mit viel teureren Modellen vergleicht. Zweitens bleibt die Anzahl der Bedienelemente und Rotatoren angemessen: ausreichend f\u00fcr die meisten Zwecke, aber ein wenig zu kurz f\u00fcr diejenigen, die eine Vielzahl von Live-Einstellungen im ultra-scharfen Mehrklassen-Ausdauermodus verwalten wollen. Schlie\u00dflich erfordert der wettkampforientierte Bezug ein Mindestma\u00df an Pflege. Ohne Handschuhe kann er sich schneller abnutzen, wenn du sehr oft f\u00e4hrst.<\/p>\n<p>In Bezug auf den wahrgenommenen Wert ist es eine stimmige Investition. Es ist kein Superbudget, aber man zahlt f\u00fcr ein Sparco\/Fanatec-Produkt, das lange h\u00e4lt und einen echten Qualit\u00e4tssprung im Vergleich zu den Basislenkr\u00e4dern bietet. F\u00fcr jemanden, der sein Setup mehrere Jahre lang behalten will, ist das Verh\u00e4ltnis zwischen Preis, Gef\u00fchl und Vielseitigkeit immer noch sehr interessant.<\/p>\n<h2>Urteil<\/h2>\n<p>Dieses Fanatec CSL Steering Wheel SPARCO\u00ae GT ist eine echte Bereicherung f\u00fcr ein Setup, besonders wenn du haupts\u00e4chlich GTs und Prototypen f\u00e4hrst. Es ersetzt die grundlegenden Bundle-Lenkr\u00e4der und ist ein glaubw\u00fcrdiges Hauptlenkrad f\u00fcr die meisten Sim-Racer, die mit Fanatec ausgestattet sind. Die Lenkung wird pr\u00e4ziser, die Immersion steigt um eine Stufe und das Vertrauen in das Lenkrad folgt auf nat\u00fcrliche Weise.<\/p>\n<p>Auf dem Markt nimmt es einen Platz in der soliden \"sportlichen\" Mittelklasse ein: Es ist seri\u00f6ser und besser gebaut als die Einstiegsmodelle, aber im Vergleich zu den viel teureren ClubSport- oder Podium-Lenkr\u00e4dern noch erschwinglich. Es ist ein interessanter Gleichgewichtspunkt f\u00fcr diejenigen, die ihr Budget nicht sprengen wollen, aber dennoch ein Produkt mit einer echten GT-Pers\u00f6nlichkeit suchen.<\/p>\n<p>Ich empfehle es eindeutig Spielern auf CSL DD-Basis oder h\u00f6her, die haupts\u00e4chlich mit Tourenwagen, GTs, modernen Prototypen oder Stra\u00dfensportwagen fahren. F\u00fcr einen F1- oder Monoposto-Puristen ist ein kleineres, eher formelhaftes Lenkrad besser geeignet. F\u00fcr einen Gelegenheitsspieler, der nur auf einer Konsole spielt, ist es vielleicht etwas \u00fcberdimensioniert.<\/p>\n<p>Wenn du ein seri\u00f6ses, immersives und langlebiges GT-Lenkrad zu einer Fanatec-Basis suchst, kann dieses Produkt eindeutig den Unterschied in deinem Setup ausmachen.<\/p>","protected":false},"excerpt":{"rendered":"<p>Dieses Lenkrad hat mir das Gef\u00fchl gegeben, einen echten Meilenstein in Sachen Pr\u00e4zision und Immersion zu erreichen, ohne in den unerreichbaren Luxus einzusteigen. Es macht Sinn f\u00fcr Sim-Racer, die schon etwas Erfahrung haben, vor allem GT- und Proto-orientierte, die ein glaubw\u00fcrdiges Hauptlenkrad auf einer Fanatec-Basis wollen. Das Verh\u00e4ltnis zwischen Preis, Gef\u00fchl und Haltbarkeit scheint mir insgesamt sehr stimmig zu sein.<\/p>","protected":false},"featured_media":101103,"comment_status":"open","ping_status":"closed","template":"","meta":{"_acf_changed":false,"_et_pb_use_builder":"","_et_pb_old_content":"","_et_gb_content_width":""},"product_brand":[158],"product_cat":[156],"product_tag":[149],"class_list":{"0":"post-101102","1":"product","2":"type-product","3":"status-publish","4":"has-post-thumbnail","6":"product_brand-fanatec","7":"product_cat-roue-de-volant","8":"product_tag-pc","10":"first","11":"instock","12":"shipping-taxable","13":"product-type-external"},"acf":[],"_links":{"self":[{"href":"https:\/\/simracergear.com\/de\/wp-json\/wp\/v2\/product\/101102","targetHints":{"allow":["GET"]}}],"collection":[{"href":"https:\/\/simracergear.com\/de\/wp-json\/wp\/v2\/product"}],"about":[{"href":"https:\/\/simracergear.com\/de\/wp-json\/wp\/v2\/types\/product"}],"replies":[{"embeddable":true,"href":"https:\/\/simracergear.com\/de\/wp-json\/wp\/v2\/comments?post=101102"}],"wp:featuredmedia":[{"embeddable":true,"href":"https:\/\/simracergear.com\/de\/wp-json\/wp\/v2\/media\/101103"}],"wp:attachment":[{"href":"https:\/\/simracergear.com\/de\/wp-json\/wp\/v2\/media?parent=101102"}],"wp:term":[{"taxonomy":"product_brand","embeddable":true,"href":"https:\/\/simracergear.com\/de\/wp-json\/wp\/v2\/product_brand?post=101102"},{"taxonomy":"product_cat","embeddable":true,"href":"https:\/\/simracergear.com\/de\/wp-json\/wp\/v2\/product_cat?post=101102"},{"taxonomy":"product_tag","embeddable":true,"href":"https:\/\/simracergear.com\/de\/wp-json\/wp\/v2\/product_tag?post=101102"}],"curies":[{"name":"wp","href":"https:\/\/api.w.org\/{rel}","templated":true}]}}