{"id":101157,"date":"2025-05-15T08:02:00","date_gmt":"2025-05-15T08:02:00","guid":{"rendered":"https:\/\/simracergear.com\/products\/fanatec-podium-advanced-paddle-module\/"},"modified":"2026-01-13T08:48:07","modified_gmt":"2026-01-13T08:48:07","slug":"fanatec-podium-advanced-paddle-module","status":"publish","type":"product","link":"https:\/\/simracergear.com\/de\/products\/fanatec-podium-advanced-paddle-module\/","title":{"rendered":"Fanatec Podium Advanced Paddle Module"},"content":{"rendered":"<p>In der kleinen Welt der hochwertigen Fanatec-Lenkr\u00e4der geh\u00f6rt das Podium Advanced Paddle Module eindeutig zu den Zubeh\u00f6rteilen, bei denen man die Augenbrauen hochzieht. Es ist zwar \"nur\" ein Paddelmodul, aber es hat ein ganz bestimmtes Ziel: ein Lenkrad in ein pr\u00e4ziseres, reaktionsschnelleres Steuerungsinstrument zu verwandeln, das einem modernen Rennlenkrad \u00e4hnelt. Im Grunde geht es darum, von einfachen Plastikklicks zu ernsthaften Bedienelementen \u00fcberzugehen, sowohl beim Schalten als auch bei der Kupplung und den Zusatzfunktionen.<\/p>\n<p>Dieses Modul ist vor allem f\u00fcr diejenigen gedacht, die bereits mit einem Fanatec-Lenkrad der Podium- oder ClubSport-Reihe fahren und das Gef\u00fchl und die Kontrolle noch weiter steigern wollen. Es verspricht ultra-scharfe magnetische Schaltwippen, eine analoge Doppelkupplung f\u00fcr den Start und zwei zus\u00e4tzliche analoge Schaltwippen, um noch mehr Funktionen auf der Rennstrecke zu steuern.<\/p>\n<p>Ich f\u00fcr meinen Teil habe vor allem auf drei Dinge geachtet: die Verarbeitungsqualit\u00e4t (rechtfertigt das die Premium-Positionierung?), den Komfort bei der Verwendung mitten im Rennen und den tats\u00e4chlichen Gewinn an Gef\u00fchl im Vergleich zu den originalen Fanatec-Paddles. Die Idee ist einfach: Ver\u00e4ndert dieses Modul wirklich die Art und Weise, wie man mit dem Auto interagiert, oder ist es ein luxuri\u00f6ses Gadget f\u00fcr Setup-Geeks?<\/p>\n<h2>Design &amp; Herstellung des Fanatec Podium Advanced Paddle Module<\/h2>\n<p>In der Hand f\u00fchlt sich das Podium Advanced Paddle Module sofort wie ein Teil eines Rennwagens an. Das Ger\u00fcst ist aus Metall, mit sauber bearbeiteten Platten, kein sp\u00fcrbares Spiel, keine st\u00f6rende Nachgiebigkeit. Die Paddel selbst, die aus Kohlefaser bestehen, vermitteln dieses sehr angenehme Gef\u00fchl von starrer Leichtigkeit: Es klingt nicht hohl, es vibriert nicht, es verbiegt sich nicht, wenn man kr\u00e4ftig daran zieht. Man sp\u00fcrt, dass sie so konzipiert sind, dass sie Tausende und Abertausende von Aktionen ohne Murren \u00fcberstehen.<\/p>\n<p>Die magnetischen Kontakte der Hauptpaletten (shift) sind eindeutig das Herzst\u00fcck des Produkts. Das Klickger\u00e4usch ist trocken, ehrlich, sehr definiert und hat einen klaren Knackpunkt. Man wartet nicht darauf, dass es zur\u00fcckkommt, sondern es springt fast sofort zur\u00fcck. Im Ohr klingt es wie eine echte GT-Palette oder ein moderner Einsitzer. Das Gef\u00fchl macht s\u00fcchtig: Man schaltet, als w\u00fcrde man einen Pr\u00e4zisionsschalter bet\u00e4tigen.<\/p>\n<p>Die sekund\u00e4ren, analogen Schaltwippen haben einen l\u00e4ngeren, weicheren Hub und ein gut gesteuertes Feedback. Man merkt sofort, dass sie nicht f\u00fcr das Ein-\/Ausschalten gedacht sind, sondern f\u00fcr die Modulation: Kupplung, analoge Handbremsensteuerung, Motorbremse oder sogar Hybridfunktionen bei einigen Spielen. Der Widerstand ist ausreichend, um zu dosieren, ohne die Hand zu erm\u00fcden.<\/p>\n<p>Was zuerst \u00fcberrascht, ist das fast v\u00f6llige Fehlen von Spiel im gesamten Modul. Alles ist eng, ausgerichtet und pr\u00e4zise. Man hat nicht den Eindruck, dass es sich um einen selbstgebastelten \"Mod\" handelt, sondern wirklich um einen Premium-Fabrikblock. Man sp\u00fcrt auch die Gesamtdichte des Moduls, wenn es auf ein Lenkrad montiert ist, was die Ernsthaftigkeit des Produkts noch verst\u00e4rkt.<\/p>\n<p>Andererseits hat dieses Qualit\u00e4tsniveau seinen Preis: Das Modul ist relativ schwer und optisch \u00fcberladen. Auf einem kleinen Lenkrad kann das zu einem etwas \"massiven\" Gesamtbild f\u00fchren, und die H\u00e4nde m\u00fcssen sich manchmal an die Position der verschiedenen Schaltwippen anpassen. Die sichtbaren Schrauben und das sehr mechanische Aussehen k\u00f6nnen auch f\u00fcr diejenigen, die einen schlichteren Look bevorzugen, ein wenig \"technisch\" wirken.<\/p>\n<p>Im Vergleich zu den Originalpaletten der ClubSport- oder CSL-Lenkr\u00e4der spielt man hier eindeutig in einer anderen Liga. Es ist steifer, pr\u00e4ziser und in jeder Hinsicht premium. Gegen\u00fcber einigen Aftermarket-Paddles aus dem 3D-Drucker oder aus einfachem Alu setzt das Podium Advanced Paddle Module auf die Karte des Fabrikprodukts, das mit dem High-End-\u00d6kosystem von Fanatec koh\u00e4rent ist.<\/p>\n<h2>Einstellungen, Personalisierung &amp; Kompatibilit\u00e4t<\/h2>\n<p>Die Montage erfolgt direkt auf der R\u00fcckseite einiger kompatibler Fanatec-Lenkr\u00e4der (insbesondere Podium-Lenkr\u00e4der und mehrere ClubSport-Lenkr\u00e4der). Die Integration ist sauber: Einmal befestigt, bildet das Modul eine Einheit mit dem Lenkrad, ohne sichtbare Kabel, um die man sich k\u00fcmmern muss. Das ist ein wichtiger Punkt, vor allem, wenn du regelm\u00e4\u00dfig vom Sim zum Packen wechselst.<\/p>\n<p>Was die physischen Einstellungen betrifft, so kann man die Position der Schaltwippen in einem bestimmten Bereich anpassen, was dabei hilft, den Griff an die Gr\u00f6\u00dfe der H\u00e4nde oder die Form des Lenkrads anzupassen. Das ist nicht unendlich, aber ausreichend, um ein offensichtliches Unbehagen zu korrigieren. Man kann auch ein wenig mit dem Gef\u00fchl \u00fcber das magnetische Gef\u00fchl und die Art und Weise, wie man die Paddles greift, spielen, auch wenn es kein System mit einstellbarer H\u00e4rte ist, wie bei einigen sehr exotischen Produkten.<\/p>\n<p>Die wirklichen M\u00f6glichkeiten der Personalisierung laufen \u00fcber die Fanatec-Software (\u00fcber PC), mit der Konfiguration der analogen Schaltwippen und der Doppelkupplung. Man kann zum Beispiel :<\/p>\n<p>- die unteren Paddel im Doppelkupplungsmodus (Bites Point) konfigurieren, um ultra-saubere Rennstarts zu erm\u00f6glichen;<br \/>\n- sie als zwei unabh\u00e4ngige analoge Achsen verwenden (Kupplung + Handbremse, oder andere Funktionen je nach Spiel) ;<br \/>\n- passen Sie die Totpunkte und den Nutzbereich an, um eine Antwort zu erhalten, die mit ihrer Art, Paletten zu pressen, \u00fcbereinstimmt.<\/p>\n<p>Die Lernkurve ist mittelm\u00e4\u00dfig: Es ist nicht kompliziert, aber man braucht etwas Zeit, um den Rutschpunkt der Doppelkupplung richtig einzustellen, im Spiel zu testen, anzupassen und vor allem, um sich an den Gebrauch unter Rennbedingungen zu gew\u00f6hnen. Wenn man das einmal gemacht hat, wird es sehr nat\u00fcrlich.<\/p>\n<p>Auf dem PC werden nat\u00fcrlich alle Funktionen am besten genutzt, mit der erweiterten Kompatibilit\u00e4t und den Mapping-Optionen f\u00fcr die analogen Achsen. Auf Konsolen h\u00e4ngt alles vom Spiel und dem verwendeten Lenkrad ab, aber das Wesentliche bleibt funktionsf\u00e4hig, insbesondere die Shift-Paddles und die Doppelkupplung bei kompatiblen Titeln. Die Integration in das Fanatec-\u00d6kosystem ist logisch: Es ist ein Upgrade, das eher f\u00fcr diejenigen gedacht ist, die bereits ein fortgeschrittenes Setup haben (Direct Drive-Basis, High-End-Lenkrad, starres Cockpit) und ihre Fahrschnittstelle verfeinern wollen.<\/p>\n<p>In Bezug auf die Skalierbarkeit ist es eine Investition, die koh\u00e4rent bleibt, wenn du vorhast, langfristig bei Fanatec zu bleiben. Es ist kein Einstiegspunkt, sondern eindeutig ein Premium-Baustein f\u00fcr ein bereits seri\u00f6ses Setup.<\/p>\n<h2>Fanatec Podium Advanced Paddle Module: Sensationen im Spiel<\/h2>\n<p>Auf der Rennstrecke rechtfertigt dieses Modul seine Existenz wirklich. Bei den magnetischen Hauptschaltwippen ist der Unterschied zu herk\u00f6mmlichen mechanischen Schaltwippen schon bei den ersten Runden sp\u00fcrbar: Das Feedback kommt sofort, das Timing f\u00fchlt sich nat\u00fcrlicher an, und man stellt sich keine Fragen mehr \u00fcber die Zuverl\u00e4ssigkeit des Gangwechsels. Wenn man zieht, geht es durch und man sp\u00fcrt es. Punkt.<\/p>\n<p>Bei Kurvenfahrten, bei denen man herunterschaltet und hochschaltet, vermittelt dieses trockene und klare Feedback ein sehr direktes Gef\u00fchl der Kontrolle. Man passt seinen Schaltrhythmus instinktiv dem Motorger\u00e4usch und dem Klicken der Schaltwippen an. Man ertappt sich dabei, aggressiver zu schalten, weil die Ergonomie ohne zu murren folgt. Das ermutigt zu einer engagierteren Fahrweise.<\/p>\n<p>In engen Kurven, insbesondere bei GTs oder Prototypen, macht die M\u00f6glichkeit, die unteren Schaltwippen bei der Doppelkupplung zu verwenden, am Anfang einen echten Unterschied. Man kann beide gedr\u00fcckt halten, an der gr\u00fcnen Ampel eine Palette loslassen und mit der anderen den Schlupf dosieren. Das Anfahren ist sauberer und wiederholbarer. Man h\u00f6rt auf zu beten, dass man nicht abgew\u00fcrgt wird oder ins Leere rutscht: Alles liegt in den Fingerspitzen.<\/p>\n<p>Was das Lesen des Grips angeht, ist es kein Produkt, das wie eine Direct Drive Base Force Feedback hinzuf\u00fcgt, sondern es verdeutlicht die Schnittstelle zwischen dir und dem Auto. Der Moment, in dem du am Kurveneingang hart herunterschaltest, wenn du das Heck fast blockierst, wird besser lesbar. Du wei\u00dft genau, ob du den Gang eingelegt hast, du sp\u00fcrst \u00fcber das Lenkrad, dass der Stall kommt, und das Gehirn verschwendet keinen Bruchteil einer Sekunde damit, sich zu fragen, ob der Shift durchgeschaltet ist. Es sind diese Art von Details, die geistige Bandbreite freisetzen.<\/p>\n<p>Auf den Vibrationen, vor allem in aggressiven Schikanen, bewegen sich die H\u00e4nde viel am Lenkrad. Schlecht platzierte oder zu weiche Schaltwippen k\u00f6nnen l\u00e4stig werden oder sogar versehentlich einrasten. Bei diesem Modul verhindern die Steifigkeit des Ganzen und der markante Klick die meisten ungewollten Dr\u00fccke. Man beh\u00e4lt eine sehr saubere Kontrolle, selbst wenn das Auto hart an die Kanten klopft. Die Finger finden die Schaltwippen ohne zu suchen, was entscheidend ist, wenn es ruckelt.<\/p>\n<p>Bei langen Sessions ist die Konstanz ein echter Pluspunkt. Das magnetische Feedback l\u00e4sst nicht nach, das Gef\u00fchl \u00e4ndert sich nicht mit der W\u00e4rme oder der Dauer, und die Finger erm\u00fcden nicht, solange man nicht \u00fcberm\u00e4\u00dfig viel Kraft aufbringt. Es ist eindeutig ein Modul, das f\u00fcr lange Rennen gedacht ist, bei denen die Wiederholbarkeit der Aktionen wichtiger wird als der \"Wow-Effekt\" der ersten Minuten.<\/p>\n<p>Bei schnellen Korrekturen, insbesondere bei leichtem Drift oder wenn das Heck etwas ausbricht, ist die M\u00f6glichkeit, die Finger auf den Paddles unter Spannung zu halten und gleichzeitig stark gegenzulenken, sehr angenehm. Das Modul vermittelt nicht den Eindruck von Flex, den man manchmal bei einfacheren Schaltwippen findet. Man kann im Herzen der Korrektur weiter hoch- und runterschalten, ohne dass die Mechanik schwerlich mithalten kann.<\/p>\n<p>Im Vergleich zu einem Setup mit den Original-Schaltwippen eines ClubSport- oder CSL-Lenkrads liegt der Gewinn eindeutig in der Klarheit der Aktionen und dem mentalen Komfort. Es ist keine absolute Revolution in Bezug auf die Rundenzeiten von heute auf morgen, aber man sp\u00fcrt, dass jeder Shift zuverl\u00e4ssiger, befriedigender und \"rennm\u00e4\u00dfiger\" ist. Im Vergleich zu einigen noch extremeren, sehr hochwertigen Custom-Modulen beh\u00e4lt das Podium Advanced Paddle Module eine interessante Balance: professionell, pr\u00e4zise, aber alltagstauglich, ohne brutal zu sein.<\/p>\n<p>Die allgemeine Immersion steigt um eine Stufe: Es f\u00fchlt sich an, als h\u00e4ttest du ein komplettes Lenkrad, bei dem jedes Bedienelement auf das Fahren ausgelegt ist und nicht nur darauf, \"ein klickendes Paddel zu haben\". Das ist die Art von Detail, die dein Setup von einem \"guten Lenkrad\" zu einem \"ernsthaften Fahrinstrument\" macht.<\/p>\n<h2>F\u00fcr wen ist es geeignet? St\u00e4rken &amp; Schw\u00e4chen<\/h2>\n<p>Das Podium Advanced Paddle Module richtet sich vor allem an ein mittleres bis fortgeschrittenes Profil. Wenn du gerade erst mit dem Sim-Racing mit einem Einsteigerlenkrad anf\u00e4ngst, ist dies nicht das erste Upgrade, das du in Betracht ziehen solltest. Wenn du hingegen bereits regelm\u00e4\u00dfig f\u00e4hrst, eine seri\u00f6se Fanatec-Basis (Belt oder Direct Drive) und ein ordentliches Cockpit hast, wird das Modul viel stimmiger. Es wird auch klar f\u00fcr PC-Spieler sprechen, die in m\u00f6glichst vielen Titeln die volle Bandbreite der analogen Funktionen und der Doppelkupplung nutzen k\u00f6nnen.<\/p>\n<p>Was wir besonders sch\u00e4tzen, ist die Qualit\u00e4t der Gesamtkonstruktion, die wirklich auf dem Niveau eines Premium-Setups ist. Die magnetischen Klicks der Hauptschaltwippen vermitteln ein Gef\u00fchl von Pr\u00e4zision und Robustheit, das bei intensiver Nutzung sehr beruhigend ist. Die unteren analogen Schaltwippen er\u00f6ffnen ebenfalls echte Steuerungsm\u00f6glichkeiten, insbesondere f\u00fcr die Kupplung beim Start, aber auch f\u00fcr feine Funktionen wie die Handbremse oder die Steuerung bestimmter Systeme. Schlie\u00dflich ist die Integration in das Fanatec-\u00d6kosystem sauber: Es ist plug and play in der Welt von Podium\/ClubSport, ohne Basteleien und ohne den Eindruck von Versatzst\u00fccken.<\/p>\n<p>Die Grenzen sind jedoch vorhanden. Der Preis macht deutlich, dass dieses Modul eine Investition ist und nicht nur ein kosmetisches Zubeh\u00f6r. F\u00fcr einen Gelegenheitsspieler ist der wahrgenommene Wert m\u00f6glicherweise nicht offensichtlich, vor allem, wenn ihm die Originalschaltwippen bereits ausreichen. Auch die Ergonomie erfordert eine kleine Eingew\u00f6hnungszeit: Je nach Gr\u00f6\u00dfe deiner H\u00e4nde und der Form deines Lenkrads kann es ein oder zwei Anpassungen oder sogar Zugest\u00e4ndnisse erfordern, um alle Schaltwippen leicht und ohne Beschwerden zu erreichen. Bei Arcade-Spielen oder bei der Nutzung auf der Couch ist der tats\u00e4chliche Nutzen des Moduls logischerweise weniger ausgepr\u00e4gt.<\/p>\n<p>In Bezug auf das Verh\u00e4ltnis von Wert und Investition entspricht es der Logik eines Premium-Setups: Es ist nicht unbedingt notwendig, um schnell zu fahren, aber es ist eindeutig eine qualitative Verbesserung, die Sinn macht, sobald man viel Zeit auf der virtuellen Rennstrecke verbringt und m\u00f6chte, dass jede Steuerung auf dem Niveau der restlichen Ausr\u00fcstung liegt.<\/p>\n<h2>Urteil \u00fcber das Fanatec Podium Advanced Paddle Module<\/h2>\n<p>Das Fanatec Podium Advanced Paddle Module verwandelt dein Lenkrad nicht in etwas anderes als ein Lenkrad, aber es ver\u00e4ndert deutlich die Art und Weise, wie du mit dem Auto interagierst. Es ersetzt korrekte Steuerungen durch Steuerungen, die dich dazu bringen, sie Runde f\u00fcr Runde benutzen zu wollen. Es ist ein Upgrade, das man aus der Ferne nicht als neues Cockpit sieht, aber bei jedem Gangwechsel und jedem Rennstart sp\u00fcrt.<\/p>\n<p>Auf dem Markt handelt es sich eindeutig um ein Premiumprodukt, das als Erg\u00e4nzung zu den hochwertigen Basen und den seri\u00f6sesten Lenkr\u00e4dern der Marke gedacht ist. Es ist weder eine Spielerei noch eine Universall\u00f6sung f\u00fcr alle Sim-Racer. Es ist ein Pr\u00e4zisionsmodul, das f\u00fcr diejenigen gedacht ist, die bereits wissen, was sie in Bezug auf Gef\u00fchl und Kontrolle suchen.<\/p>\n<p>Ich empfehle es denjenigen, die regelm\u00e4\u00dfig ernsthafte Sim-Racer fahren (GT, Ausdauer, Einsitzer, Rallye), bereits mit Fanatec ausgestattet sind und die den Teil \"Schnittstelle\" verfeinern wollen, ohne unbedingt die Basis oder das Lenkrad zu wechseln. F\u00fcr einen absoluten Anf\u00e4nger oder einen gelegentlichen Konsolenspieler k\u00f6nnte die Investition hingegen unverh\u00e4ltnism\u00e4\u00dfig hoch im Vergleich zum gef\u00fchlten Gewinn erscheinen.<\/p>\n<p>Wenn du dein Fanatec-Lenkrad bei jedem Gangwechsel und jedem Start sch\u00e4rfer, pr\u00e4ziser und \"rennm\u00e4\u00dfiger\" machen willst, kann dieses Produkt eindeutig den Unterschied in deinem Setup ausmachen.<\/p>","protected":false},"excerpt":{"rendered":"<p>Dieses Modul bringt ein viel klareres und beruhigenderes Steuerungsgef\u00fchl, das die Beziehung zwischen dir und dem Auto kl\u00e4rt und jeden Gangwechsel nat\u00fcrlicher macht. Es ist vor allem f\u00fcr Sim-Racer sinnvoll, die bereits gut mit Fanatec ausgestattet sind und regelm\u00e4\u00dfig anspruchsvolle Simulationen fahren. Die Investition bleibt koh\u00e4rent in der Logik eines Premium-Setups, das leistungsorientiert und best\u00e4ndig ist.<\/p>","protected":false},"featured_media":101158,"comment_status":"open","ping_status":"closed","template":"","meta":{"_acf_changed":false,"_et_pb_use_builder":"","_et_pb_old_content":"","_et_gb_content_width":""},"product_brand":[158],"product_cat":[153],"product_tag":[149,159,160],"class_list":{"0":"post-101157","1":"product","2":"type-product","3":"status-publish","4":"has-post-thumbnail","6":"product_brand-fanatec","7":"product_cat-accessoires","8":"product_tag-pc","9":"product_tag-playstation","10":"product_tag-xbox","12":"first","13":"instock","14":"shipping-taxable","15":"product-type-external"},"acf":[],"_links":{"self":[{"href":"https:\/\/simracergear.com\/de\/wp-json\/wp\/v2\/product\/101157","targetHints":{"allow":["GET"]}}],"collection":[{"href":"https:\/\/simracergear.com\/de\/wp-json\/wp\/v2\/product"}],"about":[{"href":"https:\/\/simracergear.com\/de\/wp-json\/wp\/v2\/types\/product"}],"replies":[{"embeddable":true,"href":"https:\/\/simracergear.com\/de\/wp-json\/wp\/v2\/comments?post=101157"}],"wp:featuredmedia":[{"embeddable":true,"href":"https:\/\/simracergear.com\/de\/wp-json\/wp\/v2\/media\/101158"}],"wp:attachment":[{"href":"https:\/\/simracergear.com\/de\/wp-json\/wp\/v2\/media?parent=101157"}],"wp:term":[{"taxonomy":"product_brand","embeddable":true,"href":"https:\/\/simracergear.com\/de\/wp-json\/wp\/v2\/product_brand?post=101157"},{"taxonomy":"product_cat","embeddable":true,"href":"https:\/\/simracergear.com\/de\/wp-json\/wp\/v2\/product_cat?post=101157"},{"taxonomy":"product_tag","embeddable":true,"href":"https:\/\/simracergear.com\/de\/wp-json\/wp\/v2\/product_tag?post=101157"}],"curies":[{"name":"wp","href":"https:\/\/api.w.org\/{rel}","templated":true}]}}