{"id":101314,"date":"2025-05-15T08:06:00","date_gmt":"2025-05-15T08:06:00","guid":{"rendered":"https:\/\/simracergear.com\/products\/frein-a-main-mme-motorsport\/"},"modified":"2025-11-28T05:12:53","modified_gmt":"2025-11-28T05:12:53","slug":"frein-a-main-mme-motorsport","status":"publish","type":"product","link":"https:\/\/simracergear.com\/de\/products\/frein-a-main-mme-motorsport\/","title":{"rendered":"Handbremse MME Motorsport"},"content":{"rendered":"<h2>MME Motorsport Handbremse: Test &amp; ausf\u00fchrliche Meinung<\/h2>\n<p>Die Handbremse von MME Motorsport richtet sich eindeutig an Sim-Racer, die etwas Ernsthaftes f\u00fcr Rallyes, Drifts und alle Disziplinen wollen, bei denen die Kontrolle \u00fcber das Gleiten im Mittelpunkt steht. Es handelt sich um ein typisches \"Semiprofi-\/Profi\"-Produkt mit einem sehr rennwagen\u00e4hnlichen Ansatz und viel weniger \"verbessertem Spielzeug\" als manche Handbremsen im unteren Preissegment.<\/p>\n<p>Was es verspricht: ein Gef\u00fchl wie bei einer echten hydraulischen Handbremse, eine ultra-steife Struktur und ein konstantes Fahrverhalten, egal ob bei kurzen Drift-Sessions oder verketteten Rallye-Pr\u00fcfungen. Es zielt auf diejenigen ab, die bereits ein starkes Setup haben (Direct Drive, Loadcell-Pedale, steifes Cockpit) und einen wirklich glaubw\u00fcrdigen Baustein hinzuf\u00fcgen wollen.<\/p>\n<p>Mein Winkel hier ist einfach: Pr\u00e4zision, Progressivit\u00e4t und Vertrauen. Kann man mit dem MME Motorsport das Gleiten fein dosieren oder ist es nur ein etwas \"Premium\"-m\u00e4\u00dfigerer Ein\/Aus-Hebel als der Durchschnitt? Bleibt er \u00fcber mehrere Stunden hinweg konsistent und angenehm? Und vor allem: Rechtfertigt die wahrgenommene Qualit\u00e4t die Investition, wo doch das Angebot an Handbremsen in den letzten Jahren eindeutig dichter geworden ist?<\/p>\n<h2>Design, Herstellung und Verarbeitung<\/h2>\n<p>Sobald man die Handbremse von MME Motorsport in die Hand nimmt, ist der erste Eindruck der von Dichte. Die Struktur aus bearbeitetem Metall, der massive Hebel, kein Teil, das schwimmt oder hohl klingt. Es handelt sich um etwas, das an wettkampforientierte Peripherieger\u00e4te erinnert, mit einem echten Gef\u00fchl eines kompakten und steifen Blocks.<\/p>\n<p>Die Verarbeitung ist insgesamt sehr sauber: gut bearbeitete Kanten, gleichm\u00e4\u00dfige Lackierung oder Eloxierung, seri\u00f6se Verschraubungen. Nichts sieht nach Bastelarbeit oder grobem 3D-Druck aus. Der Hebel hat kein sp\u00fcrbares Spiel in seiner Achse, und die Bewegung erfolgt ohne st\u00f6rende harte Punkte. Wenn man kr\u00e4ftig daran zieht, sp\u00fcrt man, dass das innere Chassis ohne zu murren h\u00e4lt. Man kann ihn wirklich ohne Hintergedanken rammen.<\/p>\n<p>Das mechanische Feeling ist eher trocken und pr\u00e4zise. Man sp\u00fcrt deutlich den Widerstand der Feder oder des elastischen Elements, mit einer lesbaren und wiederholbaren Progression. Es ist nicht weich und nicht schwammig. Wer von einer Einstiegshandbremse aus d\u00fcnnem Blech kommt, wird den Festigkeitsunterschied sofort sp\u00fcren. Hier befindet man sich auf einem Hebel, der Vertrauen erweckt, selbst wenn er auf einem steifen Aluminiumcockpit montiert ist.<\/p>\n<p>Was ein wenig entt\u00e4uschen kann, ist das recht rohe Aussehen einiger Elemente je nach gew\u00e4hlter Konfiguration: sichtbare Schrauben, sehr industrieller Look. Es handelt sich eher um ein Arbeitsger\u00e4t als um ein Designobjekt, das man auf einer Messe zeigen kann. Im Vergleich zu Produkten f\u00fcr die breite \u00d6ffentlichkeit, die optisch etwas geschliffener sind, hat die MME Motorsport einen schn\u00f6rkellosen Racing-Look.<\/p>\n<p>Im Vergleich zu Handbremsen im mittleren Preissegment liegt das Gef\u00fchl der Steifigkeit und der mechanischen Koh\u00e4renz deutlich dar\u00fcber. Im Vergleich zu einigen sehr hochwertigen Modellen auf dem Markt verfolgen wir die gleiche Philosophie: Priorit\u00e4t f\u00fcr die Struktur, das Gef\u00fchl f\u00fcr den Hebel und die wahrgenommene Haltbarkeit, anstatt f\u00fcr Styling-Effekte.<\/p>\n<h2>Einstellungen, Anpassung und Kompatibilit\u00e4t<\/h2>\n<p>Der MME Motorsport versucht nicht, alles zu tun. Er konzentriert sich auf das Wesentliche: ein brauchbares Rennerlebnis zu bieten, einen Widerstand, der deinem Stil entspricht, und eine saubere Integration in ein simracing-orientiertes PC-Setup. Die Kompatibilit\u00e4t ist PC-typisch, \u00fcber USB, mit Erkennung als eigenst\u00e4ndiges Ger\u00e4t in den wichtigsten Spielen. Bei Konsolen h\u00e4ngt alles von deiner Basis und den Einschr\u00e4nkungen des jeweiligen \u00d6kosystems ab, aber das Produkt zielt eindeutig auf PC-Nutzer ab.<\/p>\n<p>Bei den mechanischen Einstellungen kann man je nach Version den Gesamtwiderstand und manchmal auch den nutzbaren Federweg einstellen. Im Allgemeinen kann man von einem eher festen, asphaltlastigen Rallyegef\u00fchl zu einem etwas progressiveren Drift- oder Gravel-Rallyegef\u00fchl wechseln, bei dem man mehr mit der Modulation spielt. Die Einstellungen lassen sich mit einfachen Werkzeugen vornehmen, erfordern aber dennoch anfangs etwas Zeit, um das Setup zu finden, das zu deinem Stil passt.<\/p>\n<p>Der verwendete Sensor erm\u00f6glicht in der Regel eine saubere analoge Anzeige ohne verschleierte Totzonen. Beim Spielen erh\u00e4lt man also eine brauchbare Kurve, die man in den Men\u00fcs der Simulationen verfeinern kann: S\u00e4ttigung, Empfindlichkeit, tote Zone am Anfang oder am Ende des Rennens. Bei den meisten ernsthaften Titeln (Rallye, Drift, Rennstrecken) kann die Handbremse perfekt kalibriert werden, und hier kommt die MME voll zum Tragen.<\/p>\n<p>Die Lernkurve h\u00e4ngt stark von deiner Erfahrung ab. Wenn du schon einmal mit einer analogen Handbremse gefahren bist, wirst du dich schnell zurechtfinden. Wenn du von einem einfachen Knopf oder einem sehr grundlegenden Hebel kommst, musst du ein paar Gew\u00f6hnungssitzungen in Kauf nehmen, um zu verstehen, wie du den Einstieg ins Gleiten dosieren kannst, anstatt bei jedem Zug alles herauszurei\u00dfen.<\/p>\n<p>Auf der Integrationsebene l\u00e4sst er sich sehr gut an profilierten Aluminiumstrukturen oder seri\u00f6sen Stahlcockpits befestigen. Er ben\u00f6tigt eine ausreichend steife Basis, um sein volles Potenzial zu entfalten. Bei einem leichten Cockpit oder einem Schreibtisch w\u00e4re es eine Verschwendung. Es ist ein Peripherieger\u00e4t, das im Zentrum eines hochentwickelten Setups bleiben kann, ohne zum schw\u00e4chsten Glied zu werden.<\/p>\n<h2>In-Game-Gef\u00fchl: Pr\u00e4zision und kontrolliertes Gleiten<\/h2>\n<p>Wo die MME Motorsport interessant wird, ist der Moment, in dem man beginnt, an der Haftungsgrenze zu arbeiten. Der Hebel l\u00f6st nicht nur die Handbremse aus, sondern man kann wirklich die Blockierung und die Dauer des Eingriffs dosieren. Man sp\u00fcrt recht schnell eine logische Beziehung zwischen der Kraft, die auf den Hebel ausge\u00fcbt wird, und der Reaktion des Autos.<\/p>\n<p>Im Rallyesport wird das Einfahren in enge Kurven viel kontrollierbarer. Man kann die Drehung des Autos mit einem kurzen, trockenen Impuls provozieren oder im Gegenteil den Gleitvorgang leicht aufrechterhalten, um den Winkel anzupassen. Die Handbremse gibt kein aktives Force Feedback im Sinne der FFB, aber der stabile mechanische Widerstand und der nutzbare Hub vermitteln den Eindruck eines pr\u00e4zisen Werkzeugs, nicht eines einfachen Schalters.<\/p>\n<p>Was sich im Vergleich zu einer weniger ausgereiften Handbremse wirklich \u00e4ndert, ist die Feinheit, mit der man lesen kann, was passiert. Je nach der im Spiel eingestellten Empfindlichkeit kann man sp\u00fcren, wann die Hinterachse ausl\u00f6st und wann sie wieder einrastet. Man versteht sofort, was das Auto macht. Man hat nicht mehr das Gef\u00fchl, das Gleiten zu erleben, sondern man steuert es.<\/p>\n<p>Auf Vibrationen oder bei schnellen \u00dcberg\u00e4ngen zwischen Kurven f\u00e4ngt der MME nie an zu vibrieren oder sich st\u00f6rend zu bewegen, vorausgesetzt, man hat eine solide Montage. Der Hebel bleibt stabil, der Griff wackelt nicht, die Positionsmarkierungen sind klar. Wenn man mit einem Ruck korrigieren muss, weil das Auto zu weit weg ist, kann man einfach ziehen, ohne sich zu fragen, ob sich etwas am Cockpit bewegen wird.<\/p>\n<p>Beim Driften ist der Gewinn im Vergleich zu einer klassischen Handbremse der Einstiegsklasse noch deutlicher. Man kann mit mehr Sicherheit ausl\u00f6sen, mit der L\u00e4nge des Zugs spielen, fr\u00fch ausl\u00f6sen, um einen gro\u00dfen Drift einzuleiten, oder im Gegenteil einen Winkel korrigieren, der ausbricht. Der Hebel reagiert auf die Absicht, nicht auf die Ann\u00e4herung. Man hat das Gef\u00fchl, dass jeder Zentimeter des Weges f\u00fcr etwas gut ist.<\/p>\n<p>Bei l\u00e4ngeren Sessions ist die Konstanz eine St\u00e4rke. Der Widerstand scheint sich nicht merklich zu ver\u00e4ndern, die Mechanik beginnt nicht zu quietschen oder \u00e4ndert ihr Verhalten. Mental ist das wichtig: Man kann sich auf das Fahren konzentrieren, ohne die Handbremse im Laufe der Runs neu zu erlernen. Der Komfort kommt daher, dass das Handling immer gleich ist, Zug um Zug.<\/p>\n<p>Im Vergleich zu einer billigeren Handbremse gewinnt man vor allem an Vertrauen und Reproduzierbarkeit. Wo ein einfaches Modell manchmal ein etwas schwammiges Gef\u00fchl vermittelt, mit einer Ausl\u00f6sung, die von einer Runde zur n\u00e4chsten variiert, ist die MME wirklich konstant. Im Vergleich zu einigen Ultra-High-End-Hydrauliksystemen f\u00fchlt sich das System etwas weniger organisch und weniger wie die Hydraulik eines echten Autos an, aber der Unterschied liegt eher im \"ultra-puristischen\" Aspekt als in der Effizienz.<\/p>\n<p>In Bezug auf die allgemeine Immersion sorgt sie f\u00fcr den kleinen Klick, der in einem auf Rallye oder Drift ausgerichteten Setup oft fehlt. Wenn die Handbremse zu einem echten Steuerungsinstrument wird, bekommt alles andere im Setup eine andere Dimension.<\/p>\n<h2>F\u00fcr wen ist es geeignet? St\u00e4rken und tats\u00e4chliche Grenzen<\/h2>\n<p>Diese Handbremse zielt eindeutig auf den mittleren bis fortgeschrittenen Sim-Racer ab. Diejenigen, die bereits ein Mindestma\u00df an virtueller Fahrpraxis haben und viel Zeit mit Rallyes, Drifts oder Rallycross verbringen. F\u00fcr einen totalen Anf\u00e4nger ist das Produkt immer noch brauchbar, aber es wird erst dann wirklich genutzt, wenn die grundlegende Beherrschung des Fahrens vorhanden ist.<\/p>\n<p>Die gro\u00dfen Pluspunkte sind in erster Linie die Steifigkeit und das seri\u00f6se Gef\u00fchl. Einmal richtig montiert, hat man einen Hebel, der sich nicht bewegt, keinen Flex, kein zweifelhaftes Spiel. Zweitens macht die Progressivit\u00e4t des Hubs, die eine echte Dosierung des Gleitens erm\u00f6glicht, einen deutlichen Unterschied gegen\u00fcber einfacheren L\u00f6sungen. Und schlie\u00dflich verleiht das konstante Verhalten \u00fcber die Zeit hinweg eine echte Stabilit\u00e4t: Man wei\u00df, dass man seine Fahrweise um diese Handbremse herum aufbauen kann, ohne sich st\u00e4ndig anpassen zu m\u00fcssen.<\/p>\n<p>Dennoch gibt es Grenzen. Der erste Punkt ist, dass der Look und das Racing-Design f\u00fcr diejenigen, die auch ein Designobjekt f\u00fcr ein B\u00fcro oder ein Wohnzimmer-Setup suchen, etwas n\u00fcchtern wirken k\u00f6nnen. Der zweite Punkt ist, dass es ein ernsthaftes Cockpit ben\u00f6tigt, um sein Potenzial zu entfalten. Auf einer leichten Unterlage oder einem Schreibtisch wird man vor allem die Schw\u00e4chen der umgebenden Struktur sp\u00fcren, was die Investition weniger sinnvoll macht. Drittens ist es nicht das Plug-and-Play-Ger\u00e4t auf dem Markt f\u00fcr die breite \u00d6ffentlichkeit: Man muss etwas Zeit in die Software- und Mechanikeinstellungen investieren, um den Sweet Spot zu finden.<\/p>\n<p>Der Begriff \"Investition\" bezieht sich auf ein Produkt, bei dem es nicht darum geht, das K\u00e4stchen \"billige Handbremse\" anzukreuzen. Es richtet sich an diejenigen, die bereit sind, eine betr\u00e4chtliche Summe in ein dediziertes Ger\u00e4t zu investieren, mit der Idee, es lange zu behalten und es in ein leistungsorientiertes Setup zu integrieren. Der wahrgenommene Wert ist hoch, wenn du auf der Suche nach einem realit\u00e4tsnahen Gef\u00fchl und einer echten Steigerung gegen\u00fcber den grundlegenden Optionen bist. Wenn dein Budget sehr angespannt ist oder die Handbremse eine gelegentliche Nutzung bleibt, wird es schwieriger, den MME zu rechtfertigen.<\/p>\n<h2>Urteil: eine echte Handbremse eines anspruchsvollen Simracers<\/h2>\n<p>Die Handbremse von MME Motorsport ver\u00e4ndert in einem rallye- und driftorientierten Setup eindeutig die Situation. Wo viele Handbremsen einfach nur eine Aktion ausl\u00f6sen, wird diese zu einem echten Steuerungsinstrument, das den Gleitwinkel mit Feingef\u00fchl und Wiederholbarkeit steuern kann. Sie bringt diesen Aspekt des \"Arbeitswerkzeugs\" mit, der den eher spielerischen Peripherieger\u00e4ten oft fehlt.<\/p>\n<p>Auf dem Markt positioniert sie sich als leistungsorientiertes Premiumprodukt, das \u00fcber den Handbremsen f\u00fcr den Massenmarkt liegt und sich Kopf an Kopf mit den seri\u00f6sen Referenzen f\u00fcr fortgeschrittene Sim-Racer befindet. Er will nicht jeden ansprechen: Er zielt auf diejenigen ab, die bereits ein starres Cockpit, ein Direct Drive-Lenkrad oder \u00c4hnliches haben oder planen und die ein Bindeglied wollen, das mit diesem Anspruchsniveau \u00fcbereinstimmt.<\/p>\n<p>Ich empfehle es vor allem virtuellen Rennfahrern, die viel Zeit mit Rallyes, Rallycross oder Drifts verbringen und in Sachen Hardware schon einen Schritt weiter sind. F\u00fcr einen gelegentlichen Konsolenspieler oder ein leichteres Setup gibt es einfachere Optionen, die finanziell weniger bindend sind und mehr Plug-and-Play bieten.<\/p>\n<p>Wenn du nach einer soliden, pr\u00e4zisen Handbremse suchst, die dein Boardmanagement ver\u00e4ndern kann und zu einem aufr\u00fcstbaren High-End-Setup passt, kann dieses Produkt eindeutig den Unterschied in deinem Setup ausmachen.<\/p>","protected":false},"excerpt":{"rendered":"<p>Diese Handbremse vermittelte mir ein echtes Gef\u00fchl von Fahrwerkzeug, mit einer deutlich feineren und konstanteren Kontrolle \u00fcber das Gleiten als bei den Modellen f\u00fcr den Massenmarkt. Sie richtet sich vor allem an Sim-Racer, die bereits mit einem steifen Cockpit und leistungsorientiertem Material ausgestattet sind und viel Rallye oder Drift fahren. Die Investition bleibt stimmig, wenn du ein langlebiges und seri\u00f6ses Ger\u00e4t suchst.<\/p>","protected":false},"featured_media":100265,"comment_status":"open","ping_status":"closed","template":"","meta":{"_acf_changed":false,"_et_pb_use_builder":"","_et_pb_old_content":"","_et_gb_content_width":""},"product_brand":[151],"product_cat":[150],"product_tag":[149],"class_list":{"0":"post-101314","1":"product","2":"type-product","3":"status-publish","4":"has-post-thumbnail","6":"product_brand-mme-simsport","7":"product_cat-frein-a-main","8":"product_tag-pc","10":"first","11":"instock","12":"shipping-taxable","13":"product-type-external"},"acf":[],"_links":{"self":[{"href":"https:\/\/simracergear.com\/de\/wp-json\/wp\/v2\/product\/101314","targetHints":{"allow":["GET"]}}],"collection":[{"href":"https:\/\/simracergear.com\/de\/wp-json\/wp\/v2\/product"}],"about":[{"href":"https:\/\/simracergear.com\/de\/wp-json\/wp\/v2\/types\/product"}],"replies":[{"embeddable":true,"href":"https:\/\/simracergear.com\/de\/wp-json\/wp\/v2\/comments?post=101314"}],"wp:featuredmedia":[{"embeddable":true,"href":"https:\/\/simracergear.com\/de\/wp-json\/wp\/v2\/media\/100265"}],"wp:attachment":[{"href":"https:\/\/simracergear.com\/de\/wp-json\/wp\/v2\/media?parent=101314"}],"wp:term":[{"taxonomy":"product_brand","embeddable":true,"href":"https:\/\/simracergear.com\/de\/wp-json\/wp\/v2\/product_brand?post=101314"},{"taxonomy":"product_cat","embeddable":true,"href":"https:\/\/simracergear.com\/de\/wp-json\/wp\/v2\/product_cat?post=101314"},{"taxonomy":"product_tag","embeddable":true,"href":"https:\/\/simracergear.com\/de\/wp-json\/wp\/v2\/product_tag?post=101314"}],"curies":[{"name":"wp","href":"https:\/\/api.w.org\/{rel}","templated":true}]}}