{"id":101315,"date":"2025-11-28T04:46:47","date_gmt":"2025-11-28T04:46:47","guid":{"rendered":"https:\/\/simracergear.com\/products\/gran-turismo-dd-extreme\/"},"modified":"2025-11-28T04:46:47","modified_gmt":"2025-11-28T04:46:47","slug":"gran-turismo-dd-extreme","status":"publish","type":"product","link":"https:\/\/simracergear.com\/de\/products\/gran-turismo-dd-extreme\/","title":{"rendered":"Fanatec Gran Turismo\u00ae DD Extreme"},"content":{"rendered":"<p><span style=\"font-weight: 400;\">Das Fanatec GT DD Extreme kommt in ein sehr begehrtes Segment: das \"High-End-Direct Drive f\u00fcr die breite Masse\", das sowohl f\u00fcr die Konsole als auch f\u00fcr den PC gedacht ist, mit einem gro\u00dfen Schwerpunkt auf dem PlayStation-\u00d6kosystem und der offiziellen Partnerschaft mit Gran Turismo. Auf dem Papier verspricht es eine eher seltene Mischung: Leistung, seri\u00f6se Pr\u00e4zision, ein komplettes und gebrauchsfertiges Lenkrad, und das alles in einem Format, das noch \"lebbar\" f\u00fcr den Schreibtisch oder ein kleines Cockpit ist.<\/span><\/p>\n<p><span style=\"font-weight: 400;\">Dieses Bundle zielt eindeutig auf den Piloten ab, der einen Schritt weiter gehen m\u00f6chte als die Riemenbasis oder die kleinen Einsteiger-Direct-Drive-Lenkr\u00e4der, ohne sich f\u00fcr ein extrem anspruchsvolles \"Profi-Simracing\"-Material zu entscheiden. Es ist ein Pivot-Produkt: leistungsstark genug, um einem erfahrenen Simracer zu folgen, aber immer noch erschwinglich f\u00fcr einen motivierten Benutzer, der von einem einfacheren Lenkrad kommt.<\/span><\/p>\n<p><span style=\"font-weight: 400;\">Mein Winkel mit diesem GT DD Extreme ist die Qualit\u00e4t des Force-Feedbacks, die Lesbarkeit der Infos, die das Auto gibt, und der Gesamtkomfort bei langen Sessions mit einem ehrlichen Blick auf den wahren Wert des Ganzen. Wir befinden uns auf einem Lenkrad, das Immersion, Kontrolle und Vielseitigkeit verspricht.<\/span><\/p>\n<p><span style=\"font-weight: 400;\">In einem Satz: Es ist ein Direct Drive, das darauf ausgelegt ist, \"ernsthaft\" zu spielen, ohne zu einem Gaswerk zu werden.<\/span><\/p>\n<p>&nbsp;<\/p>\n<h2><span style=\"font-weight: 400;\">Design &amp; Herstellung<\/span><\/h2>\n<p><span style=\"font-weight: 400;\">Optisch und in der Hand vermittelt der GT DD Extreme sofort den Eindruck eines ausgereiften Produkts. Die Direct Drive Basis ist kompakt, dicht, mit einem Metallgeh\u00e4use, das Vertrauen erweckt. Nichts wackelt, nichts knackt, die Steifigkeit ist da. Man hat wirklich das Gef\u00fchl eines massiven Blocks, der so konzipiert ist, dass er jahrelange Lenkradschl\u00e4ge aush\u00e4lt.<\/span><\/p>\n<p><span style=\"font-weight: 400;\">Das enthaltene GT-Lenkrad f\u00e4llt durch sein allgemeines Verarbeitungsniveau auf. Die Materialien sind nicht so hochwertig wie bei einem Lenkrad aus Leder und Aluminium im Rennsportstil, aber das Ganze bleibt sehr sauber. Die Griffe bieten einen guten Halt, die Tasten liegen gut in den Fingern und das Rad klingt nicht wie ein Spielzeug. Es liegt deutlich \u00fcber dem Niveau herk\u00f6mmlicher Consumer-Bundles.<\/span><\/p>\n<p><span style=\"font-weight: 400;\">Die Schaltwippen vermitteln ein ehrliches Gef\u00fchl mit einem klaren Klick. Man sp\u00fcrt den Willen, etwas Ernsthafteres als ein einfaches Plastiklenkrad anzubieten. Das LED-Armaturenbrett, das zentrale Display und die Tastenbelegung verst\u00e4rken den Eindruck eines \"vielseitigen Sim-Racing\"-Lenkrads und nicht eines einfachen Konsolenaccessoires.<\/span><\/p>\n<p><span style=\"font-weight: 400;\">Der einzige Punkt, an dem es etwas entt\u00e4uschend ist, sind einige Materialdetails. Wir befinden uns nicht auf dem Niveau eines Standalone-Premium-Lenkrads aus Metall und Leder \u00fcber die gesamte Struktur. Einige Kunststoffe sind nach wie vor vorhanden, und bei diesem Preisniveau k\u00f6nnten einige Nutzer noch mehr erwarten. Aber die globale Koh\u00e4renz des Ganzen macht diesen Punkt mehr als wett.<\/span><\/p>\n<p><span style=\"font-weight: 400;\">Im Vergleich zu anderen Produkten der gleichen Kategorie ist die Basis selbst ein echtes Premiumprodukt. Das allgemeine Gef\u00fchl ist das einer soliden, gut durchdachten Kombo, die das Zentrum eines seri\u00f6sen Setups sein sollte.<\/span><\/p>\n<p><span style=\"font-weight: 400;\">In der Hand f\u00fchlt es sich an wie ein Ger\u00e4t, das daf\u00fcr gemacht ist, oft, lange und stressfrei zu laufen.<\/span><\/p>\n<p>&nbsp;<\/p>\n<h2><span style=\"font-weight: 400;\">Einstellungen, Personalisierung &amp; Kompatibilit\u00e4t<\/span><\/h2>\n<p>&nbsp;<\/p>\n<p><span style=\"font-weight: 400;\">Bei den Einstellungen bleibt Fanatec bei seiner Logik: Es gibt integrierte Profile, Voreinstellungen pro Spiel und die M\u00f6glichkeit, \u00fcber das Men\u00fc der Basisstation und \u00fcber die Software auf dem PC Feineinstellungen vorzunehmen. F\u00fcr jemanden, der das Direct Drive entdeckt, ist das beruhigend: Man kann mit einer bereits nutzbaren \"Basis\"-Konfiguration schnell fahren und dann nach und nach verfeinern.<\/span><\/p>\n<p><span style=\"font-weight: 400;\">Das Men\u00fc an der Basis erm\u00f6glicht es, die klassischen Einstellungen vorzunehmen: Gesamtst\u00e4rke, Filter, Damper, Mindestst\u00e4rke, Linearit\u00e4t. Die Ergonomie ist logisch, erfordert aber trotzdem eine kleine Eingew\u00f6hnungszeit, wenn man noch nie mit solchen Einstellungen zu tun hatte. Nichts, was einen blockiert, aber man muss bereit sein, ein wenig Zeit zum Testen aufzuwenden.<\/span><\/p>\n<p><span style=\"font-weight: 400;\">Auf dem PC sorgt die Fanatec-Software f\u00fcr viel mehr Feinheiten. Hier kann man die Base wirklich an den eigenen Stil anpassen: roher und direkter f\u00fcr einen Fahrer, der gerne jede Unebenheit sp\u00fcrt, oder gefilterter und weicher f\u00fcr lange Konsolensitzungen oder entspannteres Fahren. Ehrlich gesagt kann man die Base entweder sehr k\u00f6rperbetont oder \u00fcberraschend komfortabel gestalten.<\/span><\/p>\n<p><span style=\"font-weight: 400;\">Der GT DD Extreme ist sowohl f\u00fcr PlayStation-Konsolen als auch f\u00fcr den PC konzipiert. Das ist sein gro\u00dfes Marketingargument, wobei er auch auf einem PC-Sim-Racing-Setup voll nutzbar ist. Das Fanatec-\u00d6kosystem ist ein echter Pluspunkt: Load Cell-Pedale, Shifter, Handbremsen, andere Lenkr\u00e4der, die eher f\u00fcr GT, F1 oder Rallye geeignet sind, alles l\u00e4sst sich um die Basis herum anbauen.<\/span><\/p>\n<p><span style=\"font-weight: 400;\">Was die Skalierbarkeit betrifft, so handelt es sich hier nicht um einen einfachen Einstiegspunkt, den man nach einem Jahr austauscht. Die Basis hat genug Spielraum, um mit einem fortschreitenden Simracer Schritt zu halten, und nur das Lenkrad kann den Wunsch wecken, je nach Geschmack ausgetauscht zu werden. Es handelt sich um eine nachhaltige Plattform.<\/span><\/p>\n<p><span style=\"font-weight: 400;\">Man kann in wenigen Minuten fahren und dann schrittweise verfeinern, um dem eigenen Stil und jedem Spiel gerecht zu werden.<\/span><\/p>\n<p>&nbsp;<\/p>\n<h2><span style=\"font-weight: 400;\">Sensationen im Spiel<\/span><\/h2>\n<p><span style=\"font-weight: 400;\">Hier zeigt der GT DD Extreme, was er wirklich kann. Auf der Rennstrecke liefert die Basis ein sauberes, detailliertes Force-Feedback, das stark genug ist, um Charakter zu verleihen, ohne unhandlich zu werden. Die Pr\u00e4zision ist klar: Man sp\u00fcrt deutlich, wie sich die Reifenbelastung \u00e4ndert, wie das Auto am Kurveneingang leichter wird, wie es beim Anbremsen aufsetzt und wie es ausbricht, wenn man \u00fcber das Limit hinausgeht.<\/span><\/p>\n<p><span style=\"font-weight: 400;\">Das Ablesen des Griffs ist ein Highlight. Im Vergleich zu einer Riemenbasis gewinnt man an Feinheit und Reaktionsf\u00e4higkeit. Die Mikroverluste des Grips kommen in Form von kleinen Br\u00fcchen und leichtem Flattern im Lenkrad an, die man relativ leicht erkennen kann, wenn man die richtige Einstellung gefunden hat. Man sp\u00fcrt genau, was die Reifen tun, und das ver\u00e4ndert die Art und Weise, wie man mit dem Angriff in den Kurven umgeht.<\/span><\/p>\n<p><span style=\"font-weight: 400;\">In schnellen Kurven bleibt das Lenkrad stabil, aber lebendig. Man hat ein unterst\u00fctzendes Gef\u00fchl in den H\u00e4nden, ohne st\u00f6rende Latenzen. Die Lenkung schafft Vertrauen, vor allem auf Strecken, die man gut kennt: Man wei\u00df genau, wie weit man gehen kann, bevor man korrigieren muss. Hier macht die Basis wirklich den Unterschied zu einfacherem Material.<\/span><\/p>\n<p><span style=\"font-weight: 400;\">Die Vibrationen werden gut wiedergegeben. Keine grundlose Brutalit\u00e4t, sondern eine klare Textur von jedem Rand der Strecke. Aggressive Vibrationen sch\u00fctteln das Rad wirklich durch, w\u00e4hrend weichere Kanten in einem kontrollierten Rumpeln resultieren. Man versteht sofort, wo sich das Auto auf der Strecke befindet.<\/span><\/p>\n<p><span style=\"font-weight: 400;\">Bei schnellen Korrekturen reagiert die Basis ohne Luftwiderstand. Wenn das Heck ausbricht, kann man mit Vertrauen aufholen, weil das Lenkrad in der Mitte des Rennens nicht s\u00e4ttigt. Es bleibt gut lesbar, auch wenn der FFB stark ist. Das Lenkrad bleibt sauber und gut lesbar, auch wenn man angreift.<\/span><\/p>\n<p><span style=\"font-weight: 400;\">Bei langen Sessions ist die Konstanz sehr gut. Es gibt kein l\u00e4stiges Aufw\u00e4rmen und kein Gef\u00fchl der mechanischen Erm\u00fcdung. Die Erm\u00fcdung, wenn sie auftritt, kommt vor allem aus den Armen, wenn man ein hohes Kraftniveau eingestellt hat, aber man kann durchaus lange fahren, indem man die Leistung leicht senkt, um in vollem Komfort zu bleiben.<\/span><\/p>\n<p><span style=\"font-weight: 400;\">Im Vergleich zu einer viel st\u00e4rkeren Direct Drive-Basis bleibt der GT DD Extreme nat\u00fcrlich etwas weniger heftig, vor allem, wenn man extreme Einstellungen mag. Aber er beh\u00e4lt diesen sehr interessanten Bereich bei, in dem das Feedback stark genug ist, um immersiv zu sein, ohne bei regelm\u00e4\u00dfigem Gebrauch anstrengend zu werden.<\/span><\/p>\n<p><span style=\"font-weight: 400;\">Im Vergleich zu einer weniger leistungsstarken Basis gewinnt man wirklich an Kontrolle, Nuancen in den Transfers und an globalem Realismus. Das macht sich vor allem in den \u00dcbergangsphasen bemerkbar: Bremsen, Beginn der Drehung, Gasgeben. Hier ver\u00e4ndert die Basis das Erlebnis wirklich.<\/span><\/p>\n<p><span style=\"font-weight: 400;\">Insgesamt ist die Immersion sehr hoch, aber was am meisten hervorsticht, ist diese Kombination aus Pr\u00e4zision und Komfort. Man hat nicht das Gef\u00fchl, gegen die Basis zu k\u00e4mpfen, sondern man hat das Gef\u00fchl, mit ihr zu arbeiten.<\/span><\/p>\n<p>&nbsp;<\/p>\n<h2><span style=\"font-weight: 400;\">F\u00fcr wen ist es gut? Was wir m\u00f6gen \/ Was wir weniger m\u00f6gen<\/span><\/h2>\n<p>&nbsp;<\/p>\n<p><span style=\"font-weight: 400;\">Der GT DD Extreme richtet sich in erster Linie an mittlere bis erfahrene Simracer, die schon ein wenig mit einem Einsteiger- oder Mittelklasselenkrad gefahren sind und einen echten Schritt nach vorne machen wollen, insbesondere auf der Konsole. Es ist auch ein guter Einstieg f\u00fcr einen motivierten Anf\u00e4nger, der bereits wei\u00df, dass er ernsthaft investieren m\u00f6chte, ohne drei aufeinanderfolgende K\u00e4ufe zu t\u00e4tigen.<\/span><\/p>\n<p><span style=\"font-weight: 400;\">Was wir am meisten sch\u00e4tzen, ist die Koh\u00e4renz des Ganzen. Die Basis bietet ein echtes, solides Direct Drive, mit einem eigenen Gef\u00fchl und viel Raum f\u00fcr Verbesserungen. Das mitgelieferte Lenkrad ist komplett und gut durchdacht f\u00fcr einen vielseitigen Einsatz (GT, Touring, ein bisschen Proto, ein bisschen F1 Casual). Und das \u00d6kosystem rundherum erm\u00f6glicht es, sein Setup weiterzuentwickeln, ohne die Marke wechseln zu m\u00fcssen. Das Verh\u00e4ltnis Pr\u00e4zision \/ Komfort \/ Vielseitigkeit ist eindeutig seine St\u00e4rke.<\/span><\/p>\n<p><span style=\"font-weight: 400;\">Ein weiterer Pluspunkt ist die Lesbarkeit des Force-Feedbacks. Wenn die Basis richtig eingestellt ist, liefert sie sehr klare Informationen, ohne mit unn\u00f6tigen Vibrationen ges\u00e4ttigt zu sein. Man kann angreifen, sauber fahren oder lange Rennen fahren, ohne das Gef\u00fchl zu haben, dass man unter dem Material leidet. Auf einer Konsole mit einem guten Pedalset kommt man einem \"ernsthaften\" PC-Erlebnis wirklich n\u00e4her.<\/span><\/p>\n<p><span style=\"font-weight: 400;\">Auf der anderen Seite gibt es einige Einschr\u00e4nkungen, die man im Hinterkopf behalten sollte. Zun\u00e4chst einmal ist das Produkt aufgrund des Preises eindeutig eine Investition und keine spontane Freizeitbesch\u00e4ftigung. Man muss es wirklich nutzen und regelm\u00e4\u00dfig fahren, um es rentabel zu machen. Zweitens werden einige Simracer, die sehr hohe Anspr\u00fcche an reine Materialien stellen, das Lenkrad im Vergleich zu hochwertigen Full-Metal-\/Leder-Laufr\u00e4dern vielleicht etwas zur\u00fcckhaltend finden. Und schlie\u00dflich kann das geschlossene \u00d6kosystem als Nachteil gesehen werden, wenn du gerne verschiedene Marken mischst oder t\u00fcftelst.<\/span><\/p>\n<p><span style=\"font-weight: 400;\">F\u00fcr einen Gelegenheitsspieler, der nur ein paar Stunden im Monat mit einem Rennspiel verbringt, mag die Investition unverh\u00e4ltnism\u00e4\u00dfig hoch erscheinen. F\u00fcr einen Enthusiasten, der h\u00e4ufig f\u00e4hrt, vor allem auf GT und PC, wird die Positionierung logisch.<\/span><\/p>\n<p>&nbsp;<\/p>\n<h2><span style=\"font-weight: 400;\">Urteil<\/span><\/h2>\n<p><span style=\"font-weight: 400;\">Das Fanatec GT DD Extreme ist mehr als nur ein sch\u00f6nes Marketing-Bundle rund um Gran Turismo. Es ver\u00e4ndert wirklich die Natur eines Setups, besonders wenn man von einem Riemenlenkrad oder einem kleinen Direct Drive der Einstiegsklasse kommt. Man gewinnt an Feingef\u00fchl, Kontrolle und Vertrauen in allen Phasen des Fahrens.<\/span><\/p>\n<p><span style=\"font-weight: 400;\">Auf dem Markt ist es eindeutig im Premiumsegment f\u00fcr Verbraucher angesiedelt: zug\u00e4nglicher und einfacher zu leben als einige sehr hochwertige modulare L\u00f6sungen, aber viel seri\u00f6ser als ein einfaches \"Plug-and-Play\"-Lenkrad von der Stange. Es ist ein zentrales Produkt f\u00fcr alle, die Simracing ernst nehmen wollen, sowohl auf Konsolen als auch auf PCs.<\/span><\/p>\n<p><span style=\"font-weight: 400;\">Ich empfehle es denjenigen, die ein einzigartiges Direct Drive-Lenkrad wollen, das alles richtig machen kann, ohne sich in zehn verschiedenen Konfigurationen zu verlieren. Wenn du bereits viel f\u00e4hrst, den Realismus steigern willst und bereit bist, in einen langlebigen Sockel zu investieren, macht es eindeutig Sinn. Wenn du selten spielst oder einfach nur kosteng\u00fcnstig Sim-Racing ausprobieren willst, ist es nicht der beste Einstieg.<\/span><\/p>\n<p><span style=\"font-weight: 400;\">Wenn du ein leistungsstarkes, sauberes, vielseitiges und PlayStation\/PC-kompatibles Direct Drive suchst, kann dieses GT DD Extreme in deinem Setup eindeutig den Unterschied machen.<\/span><\/p>","protected":false},"excerpt":{"rendered":"<p>Der GT DD Extreme bietet ein sauberes, kraftvolles und sehr gut lesbares Force-Feedback mit einem echten Kontrollgewinn im Vergleich zu den einfacheren Basen. Es eignet sich perfekt f\u00fcr regelm\u00e4\u00dfige Simracer auf PlayStation oder PC, die einen ernsthaften Schritt nach vorne machen wollen. Ein stimmiges und nachhaltiges Bundle, um in die Immersion aufzusteigen, ohne in die Kategorie \"Profi\" einzusteigen.<\/p>","protected":false},"featured_media":101316,"comment_status":"open","ping_status":"closed","template":"","meta":{"_acf_changed":false,"_et_pb_use_builder":"","_et_pb_old_content":"","_et_gb_content_width":""},"product_brand":[158],"product_cat":[161,173,171,172],"product_tag":[149,159],"class_list":{"0":"post-101315","1":"product","2":"type-product","3":"status-publish","4":"has-post-thumbnail","6":"product_brand-fanatec","7":"product_cat-volant","8":"product_cat-volants-fanatec","9":"product_cat-volants-ps4","10":"product_cat-volants-ps5","11":"product_tag-pc","12":"product_tag-playstation","14":"first","15":"instock","16":"shipping-taxable","17":"product-type-external"},"acf":[],"_links":{"self":[{"href":"https:\/\/simracergear.com\/de\/wp-json\/wp\/v2\/product\/101315","targetHints":{"allow":["GET"]}}],"collection":[{"href":"https:\/\/simracergear.com\/de\/wp-json\/wp\/v2\/product"}],"about":[{"href":"https:\/\/simracergear.com\/de\/wp-json\/wp\/v2\/types\/product"}],"replies":[{"embeddable":true,"href":"https:\/\/simracergear.com\/de\/wp-json\/wp\/v2\/comments?post=101315"}],"wp:featuredmedia":[{"embeddable":true,"href":"https:\/\/simracergear.com\/de\/wp-json\/wp\/v2\/media\/101316"}],"wp:attachment":[{"href":"https:\/\/simracergear.com\/de\/wp-json\/wp\/v2\/media?parent=101315"}],"wp:term":[{"taxonomy":"product_brand","embeddable":true,"href":"https:\/\/simracergear.com\/de\/wp-json\/wp\/v2\/product_brand?post=101315"},{"taxonomy":"product_cat","embeddable":true,"href":"https:\/\/simracergear.com\/de\/wp-json\/wp\/v2\/product_cat?post=101315"},{"taxonomy":"product_tag","embeddable":true,"href":"https:\/\/simracergear.com\/de\/wp-json\/wp\/v2\/product_tag?post=101315"}],"curies":[{"name":"wp","href":"https:\/\/api.w.org\/{rel}","templated":true}]}}