{"id":101350,"date":"2025-05-15T08:08:00","date_gmt":"2025-05-15T08:08:00","guid":{"rendered":"https:\/\/simracergear.com\/products\/moza-clamp-for-truck-wheel\/"},"modified":"2025-11-28T05:16:11","modified_gmt":"2025-11-28T05:16:11","slug":"moza-clamp-for-truck-wheel","status":"publish","type":"product","link":"https:\/\/simracergear.com\/de\/products\/moza-clamp-for-truck-wheel\/","title":{"rendered":"MOZA Klammer f\u00fcr Truck Wheel"},"content":{"rendered":"<h2>Test &amp; Erfahrungsbericht MOZA Clamp for Truck Wheel: Das Zubeh\u00f6r, das das Leben von virtuellen Truckern (wirklich) ver\u00e4ndert?<\/h2>\n<p>Die MOZA Clamp for Truck Wheel zielt auf eine ganz bestimmte Nische ab: LKW-, Bus- und schwerfahrzeugorientierte Sim-Racer, die eine realistischere Lenkradposition als die \u00fcblichen GT- oder F1-Lenkr\u00e4der w\u00fcnschen. Es geht hier nicht um ein Lenkrad, nicht um eine Base, sondern um ein oft untersch\u00e4tztes Element: die Befestigung und Position des Lenkrads im Raum.<\/p>\n<p>Diese Halterung verspricht etwas Einfaches, aber Entscheidendes: Sie soll es erm\u00f6glichen, ein MOZA-Lastwagen- oder Buslenkrad stabil, verstellbar und vor allem glaubw\u00fcrdig in Winkel und H\u00f6he zu montieren, ohne dass man ein spezielles 100 % Truck-Cockpit ben\u00f6tigt. Die Idee dahinter ist, dass man von einem \"Renn\"-Setup zu einem \"LKW\"-Setup wechseln kann, ohne alles auseinandernehmen zu m\u00fcssen.<\/p>\n<p>Mein Analysewinkel ist also klar: Steifigkeit, Stabilit\u00e4t, einfache Einstellbarkeit, Kompatibilit\u00e4t mit einem Schreibtisch oder einem Chassis und vor allem die tats\u00e4chliche Auswirkung auf das Spielgef\u00fchl. Rechtfertigt diese Klemme ihren Platz in einem bereits vollgepackten Setup oder ist sie nur ein nettes, aber entbehrliches Komfort-Accessoire?<\/p>\n<p>Die Frage dahinter ist: Wird dadurch eine einfache Euro Truck- oder ATS-Sitzung zu einem deutlich glaubw\u00fcrdigeren Erlebnis? Oder bleibt der Gewinn vor allem ergonomisch, ohne gr\u00f6\u00dfere Auswirkungen auf die Immersion?<\/p>\n<h2>Design und Herstellung der MOZA Clamp for Truck Wheel<\/h2>\n<p>Optisch bleibt die MOZA Clamp for Truck Wheel in der Tradition des MOZA-\u00d6kosystems: n\u00fcchternes Design, kantige Linien, seri\u00f6ses schwarzes Finish. In der Hand ist der erste Eindruck die Dichte. Die Klemme vermittelt eindeutig den Eindruck, dass sie auch bei l\u00e4ngeren Sessions die hausgemachten Direct-Drive-Basisdrehmomente ohne zu murren verkraften kann.<\/p>\n<p>Die Wahl der Materialien geht in Richtung Steifigkeit: Metallstruktur, sichtbare Dicke, wenig \"billige\" Teile. Die Klemmbereiche wirken vertrauenerweckend, man hat dieses Gef\u00fchl eines monolithischen Blocks, wenn alles einmal festgezogen ist. Man sp\u00fcrt, dass es sich hier nicht um eine einfache, selbstgebastelte Universaltischklemme handelt, sondern um ein Teil, das f\u00fcr ein schweres, breites LKW-Lenkrad konzipiert wurde.<\/p>\n<p>Die mechanischen Anpassungen sind im Gro\u00dfen und Ganzen sauber. Das Spiel in den Gelenken bleibt gering, die R\u00e4der sind gro\u00df genug, um leicht bedient werden zu k\u00f6nnen, auch wenn man sich \u00fcber den Schreibtisch oder das Cockpit beugt. Man hat nicht das Gef\u00fchl eines parasit\u00e4ren Flex, sobald man sich ein wenig auf das Lenkrad st\u00fctzt. Wenn man anf\u00e4ngt, kr\u00e4ftig zu drehen, f\u00fchlt sich das Ganze nicht so an, als w\u00fcrde es leiden.<\/p>\n<p>Das kann f\u00fcr Nutzer, die an gro\u00dfe Aluprofil-Cockpits gew\u00f6hnt sind, etwas entt\u00e4uschend sein. Im Vergleich zu einer komplett starren Montage auf Profilen bleibt es bei einem Klemmensystem: Die Seitensteifigkeit ist f\u00fcr das, was es ist, sehr gut, aber nicht vollst\u00e4ndig auf dem Niveau einer ma\u00dfgeschneiderten S\u00e4ule, die direkt mit dem Chassis verschraubt ist. Man sp\u00fcrt den Unterschied vor allem, wenn man mit einem sehr hohen Grunddrehmoment und abrupten Lenkeinschl\u00e4gen f\u00e4hrt.<\/p>\n<p>Im Vergleich zu klassischen \"Desktop\"-Lenkradhalterungen oder 3D-gedruckten Adaptern ist man jedoch eindeutig eine Stufe h\u00f6her in der Seriosit\u00e4t. Es ist ein Produkt, das sich zwischen der Casual-Welt und einem dedizierten Full-Metal-Cockpit mit einer echten Sim-Racing-Philosophie einordnet.<\/p>\n<h2>Einstellungen, Anpassung und Kompatibilit\u00e4t<\/h2>\n<p>Das Interessante an der MOZA Clamp for Truck Wheel ist die Bandbreite an Einstellungen, die sie bietet, um die Position des Lkw-Lenkrads anzupassen. H\u00f6he, Neigung, Vorsprung: Alles ist darauf ausgelegt, die Fahrhaltung einer LKW-Position anzun\u00e4hern, die vertikaler und h\u00f6her ist als eine GT- oder Einsitzerposition.<\/p>\n<p>Die Einstellungen werden \u00fcber physische R\u00e4dchen und Klemmschrauben vorgenommen, ohne kompliziertes Werkzeug. Man kann von einer relativ niedrigen Position (eher wie ein Autolenkrad) zu einer sehr hohen, zum Fahrer geneigten Position wechseln, die typisch f\u00fcr einen LKW oder Bus ist. Die Lernkurve ist kurz: Ein paar Versuche gen\u00fcgen, um einen bequemen Kompromiss zu finden. Man passt an, zieht an, testet zwei Runden im virtuellen Kreisverkehr und verfeinert.<\/p>\n<p>Das Interessante daran ist, dass man sie tats\u00e4chlich in ein bereits vorhandenes \u00d6kosystem integrieren kann. Die Klemme ist so konzipiert, dass sie mit kompatiblen MOZA-Basisstationen und deren dediziertem LKW-Lenkrad zusammenpasst. Auf dem PC ist die Integration nat\u00fcrlich flexibler, mit der M\u00f6glichkeit, die Spiele sehr einfach zu wechseln (Truck Sim, Bus Sim oder sogar freies Fahren). Bei Konsolen h\u00e4ngt alles von der allgemeinen Kompatibilit\u00e4t der verwendeten MOZA-Basis ab: Die Klemme schr\u00e4nkt nichts ein, aber sie \"entsperrt\" auch keine eigene Kompatibilit\u00e4t.<\/p>\n<p>Auf einem Schreibtisch kann die Klemme ein einfaches Arbeitssetup in einen Lkw-Fahrerplatz verwandeln, ohne zu bohren oder in einen Rahmen zu investieren. Auf einem Cockpit kommt sie eher als Spezialisierungselement zum Einsatz: Man kann sich zwei Fahrpositionen vorstellen, eine f\u00fcr den Rennsport, die andere f\u00fcr den Transport, und dabei mit der Modularit\u00e4t spielen.<\/p>\n<p>Was die Erweiterbarkeit angeht, handelt es sich hier eindeutig um ein langlebiges Zubeh\u00f6r. Solange du im MOZA-\u00d6kosystem bleibst und ein kompatibles LKW-Lenkrad verwendest, bleibt die Klemme interessant. Sie ist kein \"Starter\", der ersetzt werden muss, sondern vielmehr ein Teil, das eine Aufr\u00fcstung des restlichen Setups begleitet.<\/p>\n<h2>Gef\u00fchl im Spiel: Was die Clamp for Truck Wheel wirklich ver\u00e4ndert<\/h2>\n<p>Auch wenn die Klemme selbst keine Kraft erzeugt, hat sie doch einen direkten Einfluss darauf, wie man die Kraftr\u00fcckkopplung und die Informationen, die von der Basisstation zur\u00fcckkommen, wahrnimmt. Der Unterschied spielt sich in der Position des Lenkrads und der Gesamtstabilit\u00e4t des Ganzen ab.<\/p>\n<p>In der Lkw-Konfiguration, mit dem Lenkrad weit oben und leicht geneigt, wird das Lesen des FFB f\u00fcr diesen Fahrzeugtyp nat\u00fcrlicher. Der Drehpunkt n\u00e4hert sich dem an, was man in einem Lkw oder Bus erwartet: Man dreht eher \"nach oben\" als \"nach vorne\", und das Gehirn passt sich sehr schnell daran an. Man versteht die langsamen Massenverlagerungen, das Abst\u00fctzen in gro\u00dfen Autobahnkurven und die Rollkorrekturen besser.<\/p>\n<p>In engen Kurven in der Stadt oder auf Autobahnkreuzen ist der Effekt ziemlich deutlich. Die vertikalere Position des Lenkrads bewirkt, dass man die Lenkung mit gr\u00f6\u00dferen Bewegungen dosiert, was besser zum Fahren mit schweren Fahrzeugen passt. Die Reaktionen der Basis sind besser im Arm abzulesen, vor allem wenn man gerne ohne viel FFB-Filter f\u00e4hrt. Man hat dieses Gef\u00fchl, ein schwereres, weniger nerv\u00f6ses Fahrzeug zu fahren, ohne dass man die Einstellungen der Base extrem manipulieren muss.<\/p>\n<p>Beim Grip \u00e4ndert die Klemme nicht die rohe Information, sondern die Art und Weise, wie der K\u00f6rper sie aufnimmt. Progressive Gripverluste hinten werden \"weicher\" empfunden, da das Lenkrad weiter vom K\u00f6rper entfernt und h\u00f6her ist. F\u00fcr einen Truck Sim ist das stimmig: Man antizipiert, begleitet und stabilisiert, anstatt wie im GT3 ultra schnell gegenzulenken.<\/p>\n<p>Auch Vibrationen und Unebenheiten der Stra\u00dfe werden anders gelesen. In der Lkw-Position werden die Vibrationen durch eine entspanntere Armhaltung nach oben gedr\u00fcckt. Trockene St\u00f6\u00dfe oder Bordsteinkanten, die etwas hart genommen werden, bleiben deutlich, aber weniger aggressiv als bei einem sehr niedrigen GT-Lenkrad. Das Ergebnis ist, dass man lange fahren kann, ohne dass die Schultern \u00fcberm\u00e4\u00dfig erm\u00fcden. Bei l\u00e4ngeren Fahrten, z. B. bei Langstreckenlieferungen, kommt die Klemme voll zum Tragen. Du beh\u00e4ltst dein Gef\u00fchl, aber dein K\u00f6rper erm\u00fcdet weniger.<\/p>\n<p>Bei schnellen Korrekturen, z. B. um einen leicht \u00fcbersteuernden Anh\u00e4nger einzuholen oder einem Hindernis auszuweichen, ist die Stabilit\u00e4t der Klemme entscheidend. Solange man in einem vern\u00fcnftigen Drehmomentbereich an der Basis bleibt, beugt sich die Halterung nicht und vermittelt kein federndes Gef\u00fchl. Man kann das Lenkrad wirklich auf eine Seite \"werfen\" und dann wieder zur\u00fcckholen, ohne dass sich der Winkel oder die H\u00f6he verschiebt.<\/p>\n<p>Im Vergleich zu einer weniger leistungsstarken Basis, die auf einem einfachen Schreibtischst\u00e4nder montiert ist, vermittelt die Kombi aus MOZA-Basis + Truck Wheel + Clamp ein viel ernsthafteres Gesamtgef\u00fchl. Man hat weniger st\u00f6rende Bewegungen des Schreibtisches, weniger unn\u00f6tige Vibrationen und vor allem eine viel stimmigere Sitzposition f\u00fcr diese Art von Spiel. Umgekehrt verliert man im Vergleich zu einer starren S\u00e4ule auf einem Vollaluminium-Cockpit einen sehr kleinen Prozentsatz an ultimativer Steifigkeit, gewinnt aber an Vielseitigkeit und einfacherer Neupositionierung.<\/p>\n<p>In Bezug auf die Immersion macht die Klemme nicht allein \"wahou\", sondern erg\u00e4nzt das Lkw-Lenkrad perfekt. Sie ist das Bindeglied, das das Ganze glaubw\u00fcrdig macht. Man hat nicht mehr das Gef\u00fchl, einen 40-Tonner mit einer F1-Position zu fahren. Man lehnt sich zur\u00fcck, legt die H\u00e4nde oben auf das Lenkrad und wechselt mental leichter in die Rolle des virtuellen Truckers. F\u00fcr einen Spieler, der auf LKWs, Busse oder sogar Reisebusse ausgerichtet ist, \u00e4ndert das wirklich die Gesamtwahrnehmung des Setups.<\/p>\n<h2>F\u00fcr wen? Und was uns gef\u00e4llt \/ was uns weniger gef\u00e4llt<\/h2>\n<p>Die MOZA Clamp for Truck Wheel richtet sich eindeutig an ein klar definiertes Profil: Sim-Racer, die bereits f\u00fcr Immersion empf\u00e4nglich sind, regelm\u00e4\u00dfig LKW- oder Bus-Simulatoren spielen und entweder \u00fcber eine MOZA-kompatible Basis verf\u00fcgen oder planen, auf dieses \u00d6kosystem umzusteigen. Es ist kein Entdeckerzubeh\u00f6r, sondern ein \u00fcberlegter Kauf, um seine Installation zu spezialisieren.<\/p>\n<p>Was ich am meisten sch\u00e4tze, ist in erster Linie die allgemeine Stabilit\u00e4t. Wenn man einmal angezogen ist, sp\u00fcrt man sehr schnell, dass man der Klemme vertrauen kann, selbst bei einem respektablen Drehmoment. Die zweite St\u00e4rke ist der Bereich der H\u00f6hen- und Neigungseinstellungen: Man kann sich wirklich an eine LKW-Position herantasten oder im Gegenteil etwas vielseitiger bleiben, wenn man verschiedene Spielstile hat. Die Qualit\u00e4t des Designs und die \u00e4sthetische Koh\u00e4renz mit dem MOZA-\u00d6kosystem sind gut. Optisch f\u00fcgt es sich gut in ein bereits hochwertiges Setup ein, ohne aufgesetzt zu wirken.<\/p>\n<p>Die erste Grenze liegt in der Spezialisierung des Produkts selbst. Wenn du nur selten oder gar nicht mit LKW- oder Bus-orientierten Titeln spielst, verliert die Investition ihren Sinn. Du hast dann ein sehr gut konzipiertes, aber nicht ausreichend genutztes Teil. Zweiter Punkt: Die maximale Steifigkeit bleibt geringer als bei einer S\u00e4ule, die fest auf einem Aluprofilrahmen befestigt ist. Null-Flex-Puristen werden das sp\u00fcren, vor allem bei sehr hohen Kr\u00e4ften und brutaler Fahrweise. Dritter Punkt, die Abh\u00e4ngigkeit vom MOZA-\u00d6kosystem: Diese Klammer wird mit MOZA-Lenkrad-Trucks besonders interessant. Wenn du auf einem anderen \u00d6kosystem unterwegs bist, wirst du sie nicht wirklich nutzen k\u00f6nnen.<\/p>\n<p>In Bezug auf den wahrgenommenen Wert handelt es sich hier nicht um eine Spielerei. Es ist eine Investition f\u00fcr diejenigen, die ihr Lkw-Setup auf ein neues Niveau heben wollen, ohne das gesamte Cockpit umzubauen. Wenn du die realistische K\u00f6rperhaltung und den Komfort auf Langstrecken aufwertest, wird das Verh\u00e4ltnis zwischen Preis und Erfahrungsgewinn schnell interessant.<\/p>\n<h2>Urteil: Ist die MOZA Clamp for Truck Wheel ihren Platz in einem Setup wert?<\/h2>\n<p>Die MOZA Clamp for Truck Wheel ver\u00e4ndert nicht die reine Leistung deiner Base, aber sie ver\u00e4ndert grundlegend die Art und Weise, wie du sie f\u00fcr das Fahren schwerer Fahrzeuge nutzt. Sie f\u00fcgt eine Schicht von Ergonomie und realistischer K\u00f6rperhaltung hinzu, die f\u00fcr einen Liebhaber von Truck Sims das Erlebnis eindeutig in eine andere Kategorie hebt.<\/p>\n<p>Auf dem Markt positioniert es sich als spezialisiertes Zubeh\u00f6r im mittleren bis oberen Preissegment, das dazu gedacht ist, ein Setup zu erg\u00e4nzen, das bereits um eine MOZA-Basis herum strukturiert ist. Es ersetzt weder ein Cockpit noch ein Lenkrad, sondern dient als Dreh- und Angelpunkt zwischen dem B\u00fcro und einer ernsthaften LKW-Simulation. F\u00fcr diejenigen, die ein relativ kompaktes, aber glaubw\u00fcrdiges Setup beibehalten wollen, ist es eine besonders stimmige L\u00f6sung.<\/p>\n<p>Ich empfehle es haupts\u00e4chlich PC-Spielern, die bereits im MOZA-\u00d6kosystem engagiert sind, eine betr\u00e4chtliche Zeit mit Euro Truck, American Truck, Bus- oder Bus-Simulatoren verbringen und Wert auf eine gute Fahrposition legen. Wenn du hingegen haupts\u00e4chlich klassische Rennsimulationen spielst, kein dediziertes Truck-Lenkrad hast oder eine andere Basismarke verwendest, wird dies nicht deine beste Investition sein.<\/p>\n<p>Wenn du danach suchst, deinem MOZA-Lastwagenlenkrad eine glaubw\u00fcrdige, stabile und bequeme Position zu verleihen, kann dieses Produkt in deinem Setup eindeutig den Unterschied ausmachen.<\/p>","protected":false},"excerpt":{"rendered":"<p>Diese Klemme bringt vor allem eine viel glaubw\u00fcrdigere und komfortablere LKW-Fahrerhaltung mit sich, mit einem echten Gef\u00fchl der Stabilit\u00e4t bei langen Sessions. Sie macht Sinn f\u00fcr Sim-Racer, die bereits mit MOZA ausgestattet sind und oft Zeit mit LKW- oder Bus-Spielen verbringen und ein dediziertes Cockpit vermeiden wollen. F\u00fcr dieses Profil bleibt die Investition koh\u00e4rent und relevant.<\/p>","protected":false},"featured_media":101351,"comment_status":"open","ping_status":"closed","template":"","meta":{"_acf_changed":false,"_et_pb_use_builder":"","_et_pb_old_content":"","_et_gb_content_width":""},"product_brand":[165],"product_cat":[153],"product_tag":[149],"class_list":{"0":"post-101350","1":"product","2":"type-product","3":"status-publish","4":"has-post-thumbnail","6":"product_brand-moza-racing","7":"product_cat-accessoires","8":"product_tag-pc","10":"first","11":"instock","12":"shipping-taxable","13":"product-type-external"},"acf":[],"_links":{"self":[{"href":"https:\/\/simracergear.com\/de\/wp-json\/wp\/v2\/product\/101350","targetHints":{"allow":["GET"]}}],"collection":[{"href":"https:\/\/simracergear.com\/de\/wp-json\/wp\/v2\/product"}],"about":[{"href":"https:\/\/simracergear.com\/de\/wp-json\/wp\/v2\/types\/product"}],"replies":[{"embeddable":true,"href":"https:\/\/simracergear.com\/de\/wp-json\/wp\/v2\/comments?post=101350"}],"wp:featuredmedia":[{"embeddable":true,"href":"https:\/\/simracergear.com\/de\/wp-json\/wp\/v2\/media\/101351"}],"wp:attachment":[{"href":"https:\/\/simracergear.com\/de\/wp-json\/wp\/v2\/media?parent=101350"}],"wp:term":[{"taxonomy":"product_brand","embeddable":true,"href":"https:\/\/simracergear.com\/de\/wp-json\/wp\/v2\/product_brand?post=101350"},{"taxonomy":"product_cat","embeddable":true,"href":"https:\/\/simracergear.com\/de\/wp-json\/wp\/v2\/product_cat?post=101350"},{"taxonomy":"product_tag","embeddable":true,"href":"https:\/\/simracergear.com\/de\/wp-json\/wp\/v2\/product_tag?post=101350"}],"curies":[{"name":"wp","href":"https:\/\/api.w.org\/{rel}","templated":true}]}}