{"id":101436,"date":"2025-05-15T08:10:00","date_gmt":"2025-05-15T08:10:00","guid":{"rendered":"https:\/\/simracergear.com\/products\/moza-r12-cs-v2p-steering-wheel-bundle\/"},"modified":"2025-11-28T05:28:40","modified_gmt":"2025-11-28T05:28:40","slug":"moza-r12-cs-v2p-steering-wheel-bundle","status":"publish","type":"product","link":"https:\/\/simracergear.com\/de\/products\/moza-r12-cs-v2p-steering-wheel-bundle\/","title":{"rendered":"MOZA R12 &amp; CS V2P Steering Wheel Bundle"},"content":{"rendered":"<h2>MOZA R12 &amp; CS V2P Steering Wheel Bundle: ausf\u00fchrlicher Test und Meinung eines anspruchsvollen Simracers<\/h2>\n<p>Im Segment der \"vern\u00fcnftigen\" Direct Drive Basen positioniert sich die MOZA R12 als ambitionierte Mittelklasse, die f\u00fcr diejenigen gedacht ist, die auf Direct Drive umsteigen wollen, ohne in einen Drehmoment-Overkill zu kippen. Zusammen mit dem CS V2P-Lenkrad ergibt sich ein Bundle, das eindeutig auf den Kern des PC-Sim-Racing-Marktes abzielt: ernsthafte, rennstreckenorientierte Spieler, die eher nach einer koh\u00e4renten Kombo als nach einem Markenpuzzle suchen.<\/p>\n<p>Auf dem Papier verspricht dieses Paket eine pr\u00e4zise, saubere Kraft\u00fcbertragung ohne aggressives Cogging, eine bessere Verarbeitung als in der Einstiegsklasse und ein vielseitiges Lenkrad f\u00fcr GT, Touring und Proto. Es ist attraktiv, weil es viele K\u00e4stchen abdeckt: ausreichende Leistung, ein wachsendes \u00d6kosystem, modernes Design und ein Preis, der erschwinglicher ist als die gro\u00dfen High-End-Direct-Drive-Monster.<\/p>\n<p>Mein Ziel ist es, herauszufinden, ob das R12 + CS V2P Bundle einen echten Qualit\u00e4tssprung in Bezug auf das Gef\u00fchl, die Fahrpr\u00e4zision und die Kontrolle im Rennen bringt, w\u00e4hrend es auch bei l\u00e4ngeren Sessions komfortabel bleibt. Anders ausgedr\u00fcckt: Ist dies der Sweet Spot f\u00fcr ernsthafte Simracer, die ein solides, entwicklungsf\u00e4higes Setup wollen, ohne sich f\u00fcr \u00dcberdimensioniertes zu ruinieren?<\/p>\n<h2>Design &amp; Herstellung: ein ernsthaftes Paket mit einigen Kompromissen<\/h2>\n<p>Die Basis MOZA R12 wirkt sofort wie ein \"seri\u00f6ses Produkt\". Das Metallgeh\u00e4use, die kantigen Linien und das schwarze Finish sind sauber und wirken nicht wie billiges Plastik. Wenn man sie in die Hand nimmt, f\u00fchlt sie sich dicht an, hat kein sp\u00fcrbares Spiel und macht den Eindruck eines kompakten Blocks, der f\u00fcr die Ewigkeit gebaut wurde. Die Gesamtsteifigkeit ist sehr vertrauenserweckend, vor allem, wenn sie richtig auf einem stabilen Cockpit befestigt ist.<\/p>\n<p>Das CS V2P-Lenkrad folgt der gleichen Philosophie. Hauptstruktur aus Metall, straff sitzender Bezug aus Leder oder Kunstleder, saubere N\u00e4hte. Der Durchmesser ist f\u00fcr GT- und Tourenwagen geeignet, der Griff ist nat\u00fcrlich, mit einer Griffst\u00e4rke, die f\u00fcr die meisten H\u00e4nde geeignet ist. Wenn man das Lenkrad ergreift, ist das Gef\u00fchl eher \"Autoprodukt\" als \"Gaming-Spielzeug\". Die magnetischen Schaltwippen geben einen klaren, pr\u00e4zisen, aber nicht brutalen Klick. Man hat das Gef\u00fchl, dass man tausende von Gangwechseln ohne Hintergedanken aneinanderreihen kann.<\/p>\n<p>Was positiv \u00fcberrascht, ist das allgemeine Niveau der Verarbeitung im Vergleich zu einigen Riemenbases in vergleichbaren Preisklassen. Das Gef\u00fchl der Solidit\u00e4t ist eine Stufe h\u00f6her und die Montage macht nicht \u00fcberall den Eindruck von Kompromissen. Die Tasten am Lenkrad sind gut positioniert, mit einem klaren, nicht schwammigen Klick. Man kann die Einstellungen im Rennen in Angriff nehmen, ohne sich zu tasten.<\/p>\n<p>Es gibt einige \u00e4sthetische und taktile Details, bei denen man entt\u00e4uscht ist. Das Leder f\u00fchlt sich nicht so hochwertig an, wie man es von sehr hochwertigen Lenkr\u00e4dern gewohnt ist, und die R\u00e4der sehen eher nach Rennsimulation als nach Luxusautos aus. Das ist noch weitgehend akzeptabel, aber diejenigen, die von einem echten Premium-Lenkrad kommen, werden den Unterschied sp\u00fcren. Insgesamt kann dieses Bundle im Vergleich zu den Direct Drive-Konkurrenten im mittleren Preissegment sehr gut mithalten, wobei das Verh\u00e4ltnis zwischen Aussehen und Gef\u00fchl in der Hand f\u00fcr den Preis wirklich \u00fcberzeugend ist.<\/p>\n<h2>Einstellungen, Personalisierung &amp; Kompatibilit\u00e4t: F\u00fcr den PC gedacht, flexibel f\u00fcr die Zukunft<\/h2>\n<p>Was die Einstellungen betrifft, so bietet MOZA eine ziemlich vollst\u00e4ndige hauseigene Software mit \u00fcbersichtlichen Men\u00fcs, die um die wichtigsten Parameter f\u00fcr das Force-Feedback und das Verhalten der Base herum organisiert sind. Es gibt die Klassiker: globale Intensit\u00e4t, Filterung, D\u00e4mpfung, Reibung, Tr\u00e4gheit sowie voreingestellte Profile f\u00fcr die gro\u00dfen Sim-Racing-Lizenzen. Die Voreinstellungen sind bereits nutzbar, so dass man schnell fahren kann, ohne in technische Details abzutauchen.<\/p>\n<p>Die Lernkurve ist angemessen. Man kann sich damit begn\u00fcgen, mit einigen Haupt-Slidern zu spielen, um das Gef\u00fchl anzupassen: die Mitte verst\u00e4rken, die Ruckler gl\u00e4tten oder im Gegenteil mehr Relief lassen. F\u00fcr diejenigen, die gerne feinjustieren, gibt es genug Tiefe, um das Verhalten je nach Titel anzupassen, ohne in ein Gaswerk zu verfallen. Ich selbst habe vor allem die Auswirkungen auf die Art und Weise gesp\u00fcrt, wie die Datenbank mit Mikrodetails umgeht: Es ist m\u00f6glich, einen reichhaltigen, aber nicht erm\u00fcdenden FFB beizubehalten.<\/p>\n<p>Was die Kompatibilit\u00e4t betrifft, so handelt es sich hier eindeutig um ein Produkt, das in erster Linie f\u00fcr den PC konzipiert wurde. Die Integration mit den wichtigsten PC-Sim-Racing-Spielen ist gut, sowohl \u00fcber die Software als auch \u00fcber die Profile. Bei Konsolen muss man die spezifischen Kompatibilit\u00e4ten \u00fcberpr\u00fcfen und je nach Konfiguration akzeptieren, dass es nicht so plug &amp; play ist wie ein historisches Konsolen-\u00d6kosystem. F\u00fcr einen PC-orientierten Spieler ist dies jedoch kein Hindernis.<\/p>\n<p>Das MOZA-\u00d6kosystem wird interessant: andere Lenkr\u00e4der, Pedale, Shifter, Handbremsen - alles beginnt gut ineinander zu greifen. Die R12-Basis ist kein Einsteigermodell: Sie positioniert sich eher als dauerhafte Basis, die mit einer Aufwertung der anderen Elemente des Setups Schritt halten kann. Man kann sie sich sehr gut als Zentrum eines seri\u00f6sen Cockpits vorstellen, mit einem Load Cell- oder Hydraulik-Pedal, ohne dass sie das schw\u00e4chste Glied des Ganzen ist.<\/p>\n<h2>In-Game-Feeling: Wo der R12 seine St\u00e4rken wirklich ausspielt<\/h2>\n<p>Auf der Rennstrecke ist der Unterschied zu einer Basis mit Zwischenriemen sofort sp\u00fcrbar. Der R12 liefert ein direktes Drehmoment, ohne Gummiband, mit einer sauberen Mitte. Die Pr\u00e4zision der FFB ist gut: Das Auto steht nat\u00fcrlich und das Lenkrad flattert nicht um den Mittelpunkt herum. Man versteht schnell, was die Vorderachse macht, selbst in Spielen mit h\u00f6heren Anforderungen an die Physik.<\/p>\n<p>In den Kurven ist das Gef\u00fchl ziemlich ausgeglichen. Man hat genug Kraft, um das Ansteigen der Lenkung, das Zusammendr\u00fccken der Reifen und die Massenverlagerung zu sp\u00fcren, ohne dass man wie bei schlecht eingestellten, viel st\u00e4rkeren Basen brutal zusammengeschlagen wird. Der \u00dcbergang zwischen Grip und Rutschen ist gut ablesbar: Das Lenkrad wird entlastet und reagiert dann konsequent, wenn man korrigiert. Wir befinden uns nicht auf dem Niveau der Raffinesse eines sehr hochwertigen Direct Drive, aber f\u00fcr dieses Segment ist die Lesbarkeit solide.<\/p>\n<p>Das Lesen des Grips ist eine der St\u00e4rken des R12. Bei einer vertrauten Kombination aus Auto und Rennstrecke ist es leicht zu erkennen, wann die Vorderachse zu rutschen beginnt oder wann die Hinterachse beim Gasgeben Aufmerksamkeit erfordert. Hier ver\u00e4ndert diese Basis die Erfahrung f\u00fcr jemanden, der von einem Riemensystem kommt, wirklich: Die Informationen sind klarer, weniger gefiltert und unmittelbarer.<\/p>\n<p>Bei den Vibrationen bietet das Bundle MOZA R12 + CS V2P einen guten Kompromiss. Die Vibrationen sind gut differenziert: Man sp\u00fcrt die K\u00f6rnung, die aggressiven Kanten, aber man verf\u00e4llt nicht in k\u00fcnstliche Vibrationen, die alles \u00fcberdecken. Das Lenkrad vermittelt ein glaubw\u00fcrdiges Relief: Man sp\u00fcrt, wenn man zu sehr nach innen bei\u00dft, wenn man etwas heftig schneidet oder wenn man nur an der Kante bleibt, um die Flugbahn zu optimieren. Es ist \"sauber\", ohne unangenehme mechanische Ger\u00e4usche.<\/p>\n<p>Bei langen Sessions ist die Konstanz gegeben. Es gibt keinen sp\u00fcrbaren Kraftverlust, keine Hitzeentwicklung, die das Verhalten \u00e4ndern w\u00fcrde. Das Drehmoment des R12 bleibt in einem Bereich, der f\u00fcr die meisten Nutzer auch bei l\u00e4ngeren Stints nutzbar ist. Man ist k\u00f6rperlich weniger m\u00fcde als mit einer schlecht eingestellten, st\u00e4rkeren Basis. Das ist wichtig: Ein richtig dimensionierter Direct Drive bedeutet langfristig auch weniger Verschlei\u00df.<\/p>\n<p>Bei schnellen Korrekturen, beim Gleiten oder bei Verlusten des Hecks reagiert die Basis schnell. Das Lenkrad kommt mit kontrollierter Energie zur\u00fcck; man muss zwar immer noch beide H\u00e4nde bei sich behalten, aber man hat nicht das Gef\u00fchl, dass das Ger\u00e4t versucht, einem die Arme abzurei\u00dfen. Die Schwingungen werden besser kontrolliert als bei weniger steifen Systemen. Man kann eine Drift einholen, ohne mit der Basis zu k\u00e4mpfen, und das ist der Punkt, an dem das Vertrauen steigt.<\/p>\n<p>Angesichts einer weniger leistungsstarken Basis bietet der R12 zus\u00e4tzlichen Spielraum: mehr Details, mehr Drehmoment, mehr Reserven. Gegen\u00fcber st\u00e4rkeren Monstern erscheint er als rationale Wahl: weniger extrem, aber viel einfacher, sein volles Potenzial auszusch\u00f6pfen. Wir befinden uns hier eindeutig in einem Sweet Spot f\u00fcr die meisten anspruchsvollen Simracer, die aber nicht unbedingt auf der Suche nach 20 Nm und mehr sind.<\/p>\n<h2>F\u00fcr wen? + Was man mag \/ Was man weniger mag<\/h2>\n<p>Dieses Bundle MOZA R12 + CS V2P zielt auf ein ziemlich genaues Profil ab: motivierte PC-Simracer zwischen Mittelstufe und Fortgeschrittenen, die regelm\u00e4\u00dfig Simulationstitel fahren und nach einem seri\u00f6sen, stabilen und immersiven Setup suchen. Auch ein sehr motivierter Anf\u00e4nger kann hier auf seine Kosten kommen, vorausgesetzt, er wei\u00df, dass es sich um eine echte Investition und nicht nur um ein einfaches Entdeckungsrad handelt. F\u00fcr einen sehr gelegentlichen Spieler kann es eindeutig \u00fcberdimensioniert sein.<\/p>\n<p>Zu den positiven Aspekten geh\u00f6rt in erster Linie die Qualit\u00e4t des Force Feedbacks. Der R12 bietet eine klare Anzeige der Reifen und des Chassis, was sofort das Vertrauen und die Konstanz steigert. Zweitens ist es die Stimmigkeit des Bundles: solide Basis, gut durchdachtes Lenkrad, wachsendes \u00d6kosystem - all das vermittelt eher den Eindruck eines kompletten Setups als den einer Bastelei. Drittens ist die Gesamtverarbeitung h\u00f6her als bei vielen Einsteigeroptionen: In der Hand f\u00fchlt sich das Produkt an, als w\u00e4re es f\u00fcr jahrelanges Fahren gemacht.<\/p>\n<p>Die Grenzen liegen zun\u00e4chst einmal in der starken Abh\u00e4ngigkeit vom PC: F\u00fcr jemanden, der haupts\u00e4chlich Konsolenspieler ist, ist dies nicht die einfachste und nat\u00fcrlichste L\u00f6sung. Zweitens ist das Ger\u00e4t trotz der guten Verarbeitung nicht auf Ultra-Premium-Niveau: Einige Materialien und Designdetails erinnern daran, dass es sich um ein ambitioniertes Mittelklasseger\u00e4t handelt und nicht um ein kompromissloses High-End-Ger\u00e4t. Wer ein absolutes Plug &amp; Play-Produkt m\u00f6chte, muss sich damit abfinden, etwas Zeit in die Software zu investieren.<\/p>\n<p>In Bezug auf den wahrgenommenen Wert handelt es sich eindeutig um eine Investition, die jedoch sinnvoll ist. Man zahlt mehr als f\u00fcr eine Riemeneinheit, aber das Feedback in Form von Gef\u00fchl, Pr\u00e4zision und potenzieller Langlebigkeit rechtfertigt den Unterschied f\u00fcr einen involvierten Simracer recht gut. F\u00fcr jemanden, der mehrmals pro Woche f\u00e4hrt, ist das Verh\u00e4ltnis von Preis, Immersion und Kontrolle\" sehr \u00fcberzeugend.<\/p>\n<h2>Urteil: Ein echter Pivot f\u00fcr ein ernsthaftes Sim-Racing-Setup<\/h2>\n<p>Das MOZA R12 &amp; CS V2P Steering Wheel Bundle ver\u00e4ndert vor allem eine Sache in einem Setup: die Qualit\u00e4t der Informationen, die in die H\u00e4nde gelangen. Man wechselt von einem Lenkrad, das \"suggeriert\", was das Auto tut, zu einem Set, das es viel genauer umsetzt. Die Lenkung wird \u00fcber einen l\u00e4ngeren Zeitraum hinweg klarer, konsistenter und koh\u00e4renter.<\/p>\n<p>Auf dem Markt ist dieses Bundle eindeutig im soliden Mittelfeld des Direct Drive angesiedelt, mit dem erkl\u00e4rten Ziel, ein Gef\u00fchl zu vermitteln, das an die gro\u00dfen Systeme heranreicht, ohne das Budget oder die Lernkurve zu sprengen. Es ist weder eine Einsteigerl\u00f6sung noch ein Leistungswahn f\u00fcr eine Nische.<\/p>\n<p>Ich empfehle es vor allem PC-Simulatoren, die schon etwas Erfahrung haben, auf ernsthaften Sims fahren und einen echten Meilenstein in Sachen Immersion und Kontrolle erreichen wollen. F\u00fcr einen reinen Konsolenspieler oder jemanden, der nur sehr gelegentlich f\u00e4hrt, wird es nicht die beste Wahl sein, was die Einfachheit und das Verh\u00e4ltnis von Nutzung und Preis angeht.<\/p>\n<p>Wenn du nach einem Direct Drive Bundle suchst, das Pr\u00e4zision, seri\u00f6se Verarbeitung und glaubw\u00fcrdiges Spielgef\u00fchl vereint, ohne zu \u00fcbertreiben, kann dieses Produkt eindeutig den Unterschied in deinem Setup ausmachen.<\/p>","protected":false},"excerpt":{"rendered":"<p>Dieses Bundle bringt einen echten Sprung in der Klarheit des Gef\u00fchls und der Kontrolle, wobei es auch bei langen Sessions ohne \u00fcberm\u00e4\u00dfige Erm\u00fcdung nutzbar bleibt. Es macht Sinn f\u00fcr motivierte PC-Simracer, die schon ein wenig Erfahrung haben, regelm\u00e4\u00dfig fahren und ein seri\u00f6ses Setup langfristig stabilisieren wollen. Das Verh\u00e4ltnis von Investition zu Immersion scheint mir f\u00fcr diese Zielgruppe stimmig zu sein.<\/p>","protected":false},"featured_media":101437,"comment_status":"open","ping_status":"closed","template":"","meta":{"_acf_changed":false,"_et_pb_use_builder":"","_et_pb_old_content":"","_et_gb_content_width":""},"product_brand":[165],"product_cat":[161],"product_tag":[149],"class_list":{"0":"post-101436","1":"product","2":"type-product","3":"status-publish","4":"has-post-thumbnail","6":"product_brand-moza-racing","7":"product_cat-volant","8":"product_tag-pc","10":"first","11":"instock","12":"shipping-taxable","13":"product-type-external"},"acf":[],"_links":{"self":[{"href":"https:\/\/simracergear.com\/de\/wp-json\/wp\/v2\/product\/101436","targetHints":{"allow":["GET"]}}],"collection":[{"href":"https:\/\/simracergear.com\/de\/wp-json\/wp\/v2\/product"}],"about":[{"href":"https:\/\/simracergear.com\/de\/wp-json\/wp\/v2\/types\/product"}],"replies":[{"embeddable":true,"href":"https:\/\/simracergear.com\/de\/wp-json\/wp\/v2\/comments?post=101436"}],"wp:featuredmedia":[{"embeddable":true,"href":"https:\/\/simracergear.com\/de\/wp-json\/wp\/v2\/media\/101437"}],"wp:attachment":[{"href":"https:\/\/simracergear.com\/de\/wp-json\/wp\/v2\/media?parent=101436"}],"wp:term":[{"taxonomy":"product_brand","embeddable":true,"href":"https:\/\/simracergear.com\/de\/wp-json\/wp\/v2\/product_brand?post=101436"},{"taxonomy":"product_cat","embeddable":true,"href":"https:\/\/simracergear.com\/de\/wp-json\/wp\/v2\/product_cat?post=101436"},{"taxonomy":"product_tag","embeddable":true,"href":"https:\/\/simracergear.com\/de\/wp-json\/wp\/v2\/product_tag?post=101436"}],"curies":[{"name":"wp","href":"https:\/\/api.w.org\/{rel}","templated":true}]}}