{"id":101440,"date":"2025-05-15T08:10:00","date_gmt":"2025-05-15T08:10:00","guid":{"rendered":"https:\/\/simracergear.com\/products\/moza-r12-fsr-formula-wheel-hub-kit-bundle\/"},"modified":"2025-11-28T05:29:18","modified_gmt":"2025-11-28T05:29:18","slug":"moza-r12-fsr-formula-wheel-hub-kit-bundle","status":"publish","type":"product","link":"https:\/\/simracergear.com\/de\/products\/moza-r12-fsr-formula-wheel-hub-kit-bundle\/","title":{"rendered":"MOZA R12 &amp; FSR Formula Wheel &amp; Hub Kit Bundle"},"content":{"rendered":"<h2>MOZA R12 &amp; FSR Formula Wheel &amp; Hub Kit: ein bereits \"ernsthaftes\" Bundle f\u00fcr Sim-Racing<\/h2>\n<p>Das Bundle MOZA R12 &amp; FSR Formula Wheel &amp; Hub Kit positioniert sich eindeutig im Kernbereich des Direct Drive-Marktes f\u00fcr anspruchsvolle Sim-Racer, die nicht unbedingt Profis sind. Wir befinden uns weder auf einer \"Entdecker\"-Basis noch auf einem ultrahochwertigen Monster: Wir befinden uns in der Stufe, in der Pr\u00e4zision, Konstanz und Verarbeitungsqualit\u00e4t wirklich beginnen, alles in einem Setup zu ver\u00e4ndern.<\/p>\n<p>Dieses Kombi-Paket verspricht drei Dinge: einen Direct Drive-Motor, der stark genug ist, um alles zu f\u00fchlen, ohne unkontrollierbar zu sein, ein komplettes Lenkrad im Stil eines Einsitzers und einen schnellen Hub, der das Leben im Alltag erleichtert. Die Idee ist einfach: ein koh\u00e4rentes Paket f\u00fcr jemanden, der einen deutlichen Schritt in Richtung Immersion und Kontrolle machen m\u00f6chte, ohne sich in zehn separaten Referenzen zu verlieren.<\/p>\n<p>Mein Blickwinkel ist also zweigeteilt: einerseits das Fahrgef\u00fchl und die Feinheit des Force Feedbacks, andererseits die Gesamtkoh\u00e4renz des Bundles f\u00fcr den regelm\u00e4\u00dfigen Gebrauch, sei es in der Liga, beim intensiven \u00dcben oder bei gelegentlicheren, aber anspruchsvollen Sessions. Es geht nicht darum, ob es f\u00fcr den Anfang \"ausreichend\" ist, sondern darum, ob es mithalten kann, wenn man anf\u00e4ngt, hart, lange und auf anspruchsvolleren Sims zu fahren.<\/p>\n<h2>Design, Herstellung und Griffigkeit<\/h2>\n<p>Die R12-Basis vermittelt sofort einen Eindruck von Dichte. Das Metallchassis erweckt Vertrauen, die Kanten sind sauber, die Oberfl\u00e4chen sorgf\u00e4ltig bearbeitet. In der Hand f\u00fchlt man sich wie ein kompakter, steifer Block ohne st\u00f6rendes Spiel. Wir haben es hier eindeutig mit einer Konstruktion zu tun, die daf\u00fcr gedacht ist, an ein seri\u00f6ses Cockpit gez\u00fcgelt zu werden, ohne sich bei der ersten Einschr\u00e4nkung zu verbiegen.<\/p>\n<p>Das FSR Formula-Lenkrad setzt diese Logik fort. Aluminiumstruktur, sichtbares Karbon, Griffe mit einem festen, aber nicht aggressiven Grip \u00fcberzogen. In der Hand f\u00fchlt es sich an wie ein echtes modernes Einsitzer-Lenkrad: geringe Gr\u00f6\u00dfe, abgeflachte Form, viele Bedienelemente auf einer kleinen Fl\u00e4che konzentriert. Die Schaltwippen haben ein klares, trockenes Klickger\u00e4usch mit einer klaren R\u00fcckmeldung. Man sp\u00fcrt, dass sie daf\u00fcr gemacht sind, wiederholte Schaltvorg\u00e4nge zu verkraften, ohne nachzulassen.<\/p>\n<p>Was sofort auff\u00e4llt, ist der gesamte Aufbau: saubere Ausrichtung, keine st\u00f6renden Ger\u00e4usche beim Hantieren, kein merklicher Flex zwischen dem Quick Hub und der Basis. Der Quick Release von MOZA ist einer der \u00fcberzeugendsten in diesem Bereich: Er rastet fest ein und hat nach dem Einrasten kein seitliches Spiel. Man kann das Lenkrad in die St\u00fctzen zwingen, ohne unangenehme Mikrobewegungen zu sp\u00fcren.<\/p>\n<p>Wo es ein wenig entt\u00e4uschen kann, ist eher auf der rein \"luxuri\u00f6sen\" Ebene. Die Materialien sind sehr gut, aber man bleibt etwas hinter einigen sehr hochwertigen Lenkr\u00e4dern zur\u00fcck, was das Rad, die Klicks der Drehregler und das Gef\u00fchl eines \"mechanischen Schmuckst\u00fccks\" angeht. Es ist robust und sehr gut verarbeitet, aber man hat das Gef\u00fchl, dass der Fokus mehr auf der Funktionalit\u00e4t als auf der Schaufensterseite liegt.<\/p>\n<p>Im Vergleich zu anderen Direct Drive-Sets mit vergleichbarer Leistung liegt das MOZA R12 &amp; FSR-Bundle konstruktionsbedingt eindeutig im oberen Bereich. Es liegt \u00fcber der Einstiegsklasse und ist nicht weit von den besten Ger\u00e4ten der fortgeschrittenen Mittelklasse entfernt.<\/p>\n<h2>Einstellungen, Anpassung und Kompatibilit\u00e4t<\/h2>\n<p>Auf der Softwareseite st\u00fctzt sich das MOZA-\u00d6kosystem auf eine relativ \u00fcbersichtliche, profilorientierte, hauseigene Software. Man findet schnell die wichtigsten Grundeinstellungen: Gesamtst\u00e4rke, Filter, D\u00e4mpfung, Reibung, Reaktion auf feine Details. Die grundlegenden Voreinstellungen f\u00fcr die gro\u00dfen aktuellen Simus erm\u00f6glichen einen Start, ohne zu ertrinken, aber es gibt genug Tiefe, um zu verfeinern, wenn man gerne prozentgenau nachjustiert.<\/p>\n<p>Das Interessante daran ist, dass die Lernkurve \u00fcberschaubar bleibt. Man muss nicht alle Parameter auf einmal verstehen. Ein paar einfache Anpassungen reichen aus, um das Gef\u00fchl anzupassen: die Kraft erh\u00f6hen oder verringern, die R\u00fcckmeldung auf Buckeln etwas weicher gestalten, den Widerstand in der Mitte verfeinern. F\u00fcr jemanden, der von einer Riemen- oder Einsteigerbasis kommt, ist die Anpassung ziemlich flie\u00dfend.<\/p>\n<p>Das FSR-Lenkrad bietet mit seinen vielen Kn\u00f6pfen, Drehreglern und Schaltern eine Vielzahl an Anpassungsm\u00f6glichkeiten. F\u00fcr den Einsitzer- oder Proto-Einsatz kann man einfach alles zuweisen: Kraftstoffgemisch, Bremsbalance, Traktionskontrolle, Motormap, Radio, etc. Die Drehregler liegen gut in den Fingern, ohne dass man das Lenkrad ganz loslassen muss. Das macht die Anpassungen im Rennen sehr nat\u00fcrlich.<\/p>\n<p>Die Kompatibilit\u00e4t zielt eindeutig vorrangig auf den PC ab. Gro\u00dfe Simulationen werden gut bew\u00e4ltigt, mit vollst\u00e4ndiger und stabiler FFB-Unterst\u00fctzung. Auf Konsolen h\u00e4ngt die Frage vor allem von der globalen Unterst\u00fctzung von MOZA zum Zeitpunkt T und den plattformspezifischen Einschr\u00e4nkungen ab, aber dieses Bundle ist vor allem f\u00fcr jemanden relevant, der auf dem PC spielt, mit einem starren Cockpit oder zumindest einer stabilen Halterung.<\/p>\n<p>Das MOZA-\u00d6kosystem drumherum ist bereits gut ausgebildet: andere kompatible Lenkr\u00e4der, Pedale, Handbremsen, Shifter, Dashboards. Der R12 kann leicht die Basis f\u00fcr ein vollst\u00e4ndiges und erweiterbares \u00d6kosystem werden. Man kann mit diesem FSR f\u00fcr den Monoposto- \/ modernen GT-Teil beginnen und sp\u00e4ter je nach Lust und Laune ein rundes GT-Lenkrad oder ein Rallye-Lenkrad hinzuf\u00fcgen. In Bezug auf die Lebensdauer hat die Basis eindeutig das Potenzial, mehrere aufeinanderfolgende Setups zu begleiten, ohne schnell \u00fcberfordert zu sein.<\/p>\n<h2>Die Gef\u00fchle im Spiel: Das Herzst\u00fcck des Bundles<\/h2>\n<p>Das erste, was auf der Strecke auff\u00e4llt, ist die Pr\u00e4zision der Kraft\u00fcbertragung. Der R12 ist nicht der heftigste auf dem Markt, aber er bietet ein Drehmoment, das mehr als genug ist, um alles, was passiert, an die Reifen weiterzugeben. Die Lenkung passt sich nat\u00fcrlich an, ohne einen verschwommenen Totpunkt in der Mitte. Man sp\u00fcrt sehr schnell den \u00dcbergang zwischen Grip und beginnendem Gleiten.<\/p>\n<p>In den Kurven macht sich die Linearit\u00e4t des Drehmoments bemerkbar. Der Anstieg des Lenkradwiderstands folgt logischerweise der Belastung der Vorderachse. Man kann den Winkel mit gro\u00dfem Vertrauen dosieren und vor allem den Verlust der Bodenhaftung voraussehen. Im Vergleich zu einer Riemenbasis mit bescheidenerer Leistung liegt der Unterschied vor allem in der Feinheit: Man sp\u00fcrt nicht nur \"es rei\u00dft aus\", sondern \"es beginnt auszurei\u00dfen\" einige Zehntelsekunden fr\u00fcher. Und das ist der Punkt, an dem die Basis das Erlebnis wirklich ver\u00e4ndert.<\/p>\n<p>Das Lesen des Grips ist sehr sauber. Auf spitzen Sims sp\u00fcrt man die mikroskopischen Gripver\u00e4nderungen am Kurveneingang, bei der Gewichtsverlagerung und bei leicht angezogenen Bremsen. Das FSR-Lenkrad, das kompakter und fester als ein breites GT-Lenkrad ist, verst\u00e4rkt dieses Gef\u00fchl der Pr\u00e4zision. Die Lenkradschl\u00e4ge sind kurz, die R\u00fcckmeldung erfolgt sofort, die Korrekturen folgen schnell aufeinander, ohne zu forcieren.<\/p>\n<p>Auf Vibrationen bietet der R12 einen sehr guten Kompromiss. Die Vibrationen sind klar, gut geschnitten, ohne in ein k\u00fcnstliches Brummen umgewandelt zu werden. Die gro\u00dfen R\u00e4nder der Strecke sind gut markiert, man sp\u00fcrt den Moment, wenn man etwas zu sehr bei\u00dft und das Auto aus dem Gleichgewicht ger\u00e4t. Der FFB s\u00e4ttigt nicht zu schnell, man beh\u00e4lt einen gewissen Kontrollspielraum, selbst wenn man die Grenzen der Strecke offen angreift.<\/p>\n<p>Bei schnellen Korrekturen folgt der Motor ohne zu murren. Ein Ausbrechen des Hecks bei Heckantrieb l\u00e4sst sich leicht wieder einfangen: Das Lenkrad kommt mit genug Kraft zur\u00fcck, um den Gegenlenker zu lenken, aber nicht so stark, dass es Ihnen die Arme ausrei\u00dft. In schikanenartigen Sequenzen oder beim kontrollierten leichten Gleiten bleibt die Basis lesbar. Man versteht sofort, was das Auto macht.<\/p>\n<p>Bei langen Sessions ist die Konstanz gegeben. Kein sp\u00fcrbarer Temperaturanstieg, der das Drehmoment schw\u00e4chen w\u00fcrde, keine Drift im Gef\u00fchl der Mitte. Die Erm\u00fcdungserscheinungen h\u00e4ngen vor allem von der Gesamtst\u00e4rke ab, die man w\u00e4hlt. Bei voller Kraft kann es bei einem einst\u00fcndigen Lauf k\u00f6rperlich anstrengend werden, aber oft gen\u00fcgt es, das Drehmoment etwas zu reduzieren, um ein sehr gutes Gleichgewicht zwischen Komfort und Immersion zu finden.<\/p>\n<p>Angesichts einer leistungsst\u00e4rkeren und wirklich sehr hochwertig ausgerichteten Basis f\u00e4llt der R12 logischerweise in Bezug auf maximale Brutalit\u00e4t und Drehmomentreserven etwas zur\u00fcck. Aber in einem realistischen Einsatz f\u00fcr 95 % der Sim-Racer deckt er den Bedarf mehr als ab. Man profitiert bereits von den wichtigsten Qualit\u00e4ten des Direct Drive: feine Details, kein Riemen, reaktionsschnelle Lenkung, ausreichende Leistungsreserven f\u00fcr alle GTs und Monoposti unter vern\u00fcnftigen Bedingungen.<\/p>\n<p>Die globale Immersion liegt sowohl an der Basis als auch am FSR. Das Format des Lenkrads, der integrierte Bildschirm, die zahlreichen Bedienelemente unter den Fingern - all dies verst\u00e4rkt das Gef\u00fchl, in einem modernen Rennwagen zu sitzen. Man f\u00fchlt sich sehr schnell \"sicher\", mit einer klaren Verbindung zwischen dem, was man auf dem Bildschirm sieht, und dem, was man in den H\u00e4nden sp\u00fcrt.<\/p>\n<h2>F\u00fcr wen? Und was uns gef\u00e4llt \/ was uns weniger gef\u00e4llt<\/h2>\n<p>Dieses Bundle spricht vor allem motivierte Sim-Racer an, die eher mittelm\u00e4\u00dfig bis fortgeschritten sind, haupts\u00e4chlich am PC fahren und moderne Rennwagen, Prototypen und GTs m\u00f6gen. Ein wirklich motivierter Anf\u00e4nger kann direkt einsteigen, muss aber eine gewisse Eingew\u00f6hnungszeit in Kauf nehmen, um sich mit einem Direct Drive und einem Lenkrad im Stil eines Einsitzers vertraut zu machen. F\u00fcr einen Gelegenheitsspieler oder einen reinen Konsolenspieler ist dies eindeutig nicht die einfachste Wahl.<\/p>\n<p>Was ich am meisten sch\u00e4tze, ist zun\u00e4chst das Gleichgewicht zwischen Leistung und Kontrolle. Der R12 bietet genug Drehmoment f\u00fcr ein ernsthaftes Feeling, ist aber dennoch alltagstauglich, ohne dass jede Session anstrengend wird. Zweitens ist die allgemeine Verarbeitungsqualit\u00e4t des Bundles sehr vertrauenserweckend: robuste Basis, gut verarbeitetes Lenkrad, zuverl\u00e4ssiger Schnellhub - alles passt zusammen. Und schlie\u00dflich erm\u00f6glicht die Koh\u00e4renz des MOZA-\u00d6kosystems, es zu einem echten, erweiterbaren Setup-Center zu machen: Hinzuf\u00fcgen von Lenkr\u00e4dern, Pedalen, Zubeh\u00f6r, alles nach der gleichen Logik.<\/p>\n<p>Es gibt jedoch auch Grenzen. Das FSR-Lenkrad mit seinem typischen Einsitzer-Format ist nicht das vielseitigste Lenkrad, wenn man viel Rallye, Drift oder Oldtimer f\u00e4hrt: Ein rundes Lenkrad ist nat\u00fcrlicher. Die Konsolenintegration bleibt begrenzter als bei einigen etablierteren Konkurrenten in diesem Segment, was den Anreiz verringert, wenn man nicht am PC arbeitet. Ein weiterer Punkt: Auch wenn die Qualit\u00e4t sehr gut ist, hat man das Gef\u00fchl, dass einige Details der Verarbeitung (Drehungen, Klicks einiger Kn\u00f6pfe) noch nicht auf dem Niveau der viel teureren Ultra-Premium-Pakete sind.<\/p>\n<p>Was den Wert angeht, ist dieses Bundle eine ernsthafte, aber konsequente Investition. Man zahlt f\u00fcr einen echten Qualit\u00e4tssprung im Vergleich zu Riemen- oder Direct Drive-Basen der Einstiegsklasse, ohne in die unvern\u00fcnftigen Preise der sehr gro\u00dfen Basen zu fallen. F\u00fcr jemanden, der einen klaren Schritt nach vorne machen und ihn mehrere Jahre beibehalten m\u00f6chte, ist das Preis-Leistungs-Verh\u00e4ltnis solide.<\/p>\n<h2>Urteil: Was der MOZA R12 &amp; FSR in einem Setup wirklich ver\u00e4ndert<\/h2>\n<p>In einem Sim-Racing-Setup bringt dieses Bundle die Lenkung in eine andere Kategorie. Man gewinnt an Pr\u00e4zision, saubererem Force Feedback und l\u00e4ngerer Konstanz. Das FSR-Lenkrad verankert das Ganze eindeutig in einem modernen Einsitzer-\/GT-Universum, mit echtem Fahrkomfort und der M\u00f6glichkeit, die Einstellungen w\u00e4hrend des Rennens dank der zahlreichen Bedienelemente zu verwalten.<\/p>\n<p>Auf dem Markt nimmt das MOZA R12 &amp; FSR Formula Wheel &amp; Hub Kit eine Schl\u00fcsselposition ein: ein Direct Drive im mittleren bis oberen Preissegment, das ein breites Spektrum an ernsthaften Sim-Racern zufriedenstellen kann, ohne in die Ultra-High-End-Nische zu gehen. Es ist weder ein Einstiegsprodukt, noch ein Spielzeug, noch ein elit\u00e4res Produkt, das nur einigen wenigen wohlhabenden Enthusiasten vorbehalten ist.<\/p>\n<p>Ich empfehle es denjenigen, die \u00fcberwiegend am PC fahren, mit einem starren oder soliden Cockpit, und die wirklich in den modernen Sim-Racing-Sport einsteigen wollen: F1, LMP, GT3\/GT4, Zeiten in der Liga, Rundenzeiten, Ausdauer. F\u00fcr einen reinen Konsolennutzer, der sehr vielseitig oder auf \"Spa\u00df\"-Rallyes ausgerichtet ist, sind andere Optionen mit einem runderen Lenkrad und einer breiteren Kompatibilit\u00e4t vielleicht besser geeignet.<\/p>\n<p>Wenn du nach einem seri\u00f6sen Direct Drive Bundle suchst, das dir ein sauberes Gef\u00fchl, einen echten Kontrollgewinn und eine solide Basis f\u00fcr die Weiterentwicklung deines Setups bieten kann, kann dieses Produkt eindeutig den Unterschied in deinem Setup ausmachen.&lt;\/final<\/p>","protected":false},"excerpt":{"rendered":"<p>Dieses Bundle hat mir das Gef\u00fchl gegeben, einen echten Meilenstein in Sachen Pr\u00e4zision, Lesbarkeit des Grips und Konstanz zu setzen, ohne dabei ins Extreme der Physik oder in Spielereien abzugleiten. Es ist vor allem f\u00fcr bereits engagierte PC-Sim-Racer mit steifem Cockpit sinnvoll, die vor allem moderne F1\/GT fahren. Das Ganze bietet ein seri\u00f6ses Verh\u00e4ltnis zwischen Investition, Immersion und Spielraum f\u00fcr Fortschritte.<\/p>","protected":false},"featured_media":101441,"comment_status":"open","ping_status":"closed","template":"","meta":{"_acf_changed":false,"_et_pb_use_builder":"","_et_pb_old_content":"","_et_gb_content_width":""},"product_brand":[165],"product_cat":[161],"product_tag":[],"class_list":{"0":"post-101440","1":"product","2":"type-product","3":"status-publish","4":"has-post-thumbnail","6":"product_brand-moza-racing","7":"product_cat-volant","9":"first","10":"instock","11":"shipping-taxable","12":"product-type-external"},"acf":[],"_links":{"self":[{"href":"https:\/\/simracergear.com\/de\/wp-json\/wp\/v2\/product\/101440","targetHints":{"allow":["GET"]}}],"collection":[{"href":"https:\/\/simracergear.com\/de\/wp-json\/wp\/v2\/product"}],"about":[{"href":"https:\/\/simracergear.com\/de\/wp-json\/wp\/v2\/types\/product"}],"replies":[{"embeddable":true,"href":"https:\/\/simracergear.com\/de\/wp-json\/wp\/v2\/comments?post=101440"}],"wp:featuredmedia":[{"embeddable":true,"href":"https:\/\/simracergear.com\/de\/wp-json\/wp\/v2\/media\/101441"}],"wp:attachment":[{"href":"https:\/\/simracergear.com\/de\/wp-json\/wp\/v2\/media?parent=101440"}],"wp:term":[{"taxonomy":"product_brand","embeddable":true,"href":"https:\/\/simracergear.com\/de\/wp-json\/wp\/v2\/product_brand?post=101440"},{"taxonomy":"product_cat","embeddable":true,"href":"https:\/\/simracergear.com\/de\/wp-json\/wp\/v2\/product_cat?post=101440"},{"taxonomy":"product_tag","embeddable":true,"href":"https:\/\/simracergear.com\/de\/wp-json\/wp\/v2\/product_tag?post=101440"}],"curies":[{"name":"wp","href":"https:\/\/api.w.org\/{rel}","templated":true}]}}