{"id":101457,"date":"2025-05-15T08:11:00","date_gmt":"2025-05-15T08:11:00","guid":{"rendered":"https:\/\/simracergear.com\/products\/moza-r12-wheel-base\/"},"modified":"2025-11-28T05:31:44","modified_gmt":"2025-11-28T05:31:44","slug":"moza-r12-wheel-base","status":"publish","type":"product","link":"https:\/\/simracergear.com\/de\/products\/moza-r12-wheel-base\/","title":{"rendered":"MOZA R12 Wheel Base"},"content":{"rendered":"<p>Die MOZA R12 Wheel Base ist im hart umk\u00e4mpften Segment der \"Mid-Range\" Direct Drive Bases angesiedelt. Sie ist leistungsst\u00e4rker als ein Einstiegsmodell, weniger extrem als ein Drehmomentmonster und zielt eindeutig auf den Kern des Marktes ab: anspruchsvolle Simracer, die ein ernsthaftes Drehmoment und eine gute Feinheit der Kraft\u00fcbertragung wollen, ohne das Budget oder die Installation zu sprengen. Auf dem Papier verspricht er ein gutes Gleichgewicht zwischen Leistung, Kompaktheit und FFB-Raffinesse.<\/p>\n<p>Was sofort ins Auge sticht, ist das Versprechen eines erschwinglichen Realismus: ein Direct Drive, der stark genug ist, um die Riemenbasis vergessen zu machen, aber immer noch f\u00fcr einen verst\u00e4rkten Schreibtisch oder ein Standard-Aluminiumcockpit geeignet ist. Ich selbst habe den R12 vor allem unter dem Gesichtspunkt des reinen Gef\u00fchls und der Software-Ergonomie betrachtet: Gibt es wirklich mehr Pr\u00e4zision beim Steuern, mehr Grip und mehr Komfort bei langen Stints im Vergleich zu bescheideneren Basen? Und vor allem: Ist diese Basis als Zentrum eines entwicklungsf\u00e4higen \u00d6kosystems (Lenkr\u00e4der, Pedale, Shifter) tragf\u00e4hig, ohne das Gef\u00fchl eines faulen Kompromisses zu vermitteln?<\/p>\n<h2>Design &amp; Herstellung<\/h2>\n<p>Der MOZA R12 vermittelt sofort den Eindruck eines kompakten, dichten Blocks. Wir befinden uns auf einem Metallrahmen mit einer sorgf\u00e4ltigen Verarbeitung, gut bearbeiteten Kanten und einem insgesamt steifen Gef\u00fchl. In der Hand wirkt die Basis seri\u00f6s, ohne Spiel und ohne hohl klingende Elemente. Man hat wirklich das Gef\u00fchl, dass es sich um einen \"Motorblock\" handelt, der so konzipiert ist, dass er stundenlange Fahrten ohne Murren \u00fcbersteht. Die Optik ist n\u00fcchtern, eher modern, mit der f\u00fcr die Marke typischen kantigen \u00c4sthetik.<\/p>\n<p>Die Verarbeitung ist sauber: keine sichtbare Flex an den Befestigungspunkten, keine st\u00f6renden Vibrationen aus dem Geh\u00e4use. Die Anschl\u00fcsse auf der R\u00fcckseite sind gut integriert, auch wenn das Ganze recht dicht ist; man muss sich ein wenig organisieren, um Kabel und Zubeh\u00f6r zu verwalten. Die L\u00fcfter sind unauff\u00e4llig und beim Spielen bleibt die Ger\u00e4uschentwicklung gering: Man h\u00f6rt ein Rauschen, aber nichts St\u00f6rendes, wenn man Kopfh\u00f6rer aufsetzt oder den Ton einschaltet.<\/p>\n<p>Was beim ersten Kontakt \u00fcberrascht, ist dieses Verh\u00e4ltnis von Gr\u00f6\u00dfe und Leistung. F\u00fcr eine Basis in diesem Segment bleibt der R12 relativ kompakt, was die Integration in ein Alu-Cockpit oder einen robusten Schreibtisch erleichtert. Umgekehrt k\u00f6nnen diejenigen, die ein ultraluxuri\u00f6ses Premium-Objekt erwarten, von einigen Details etwas entt\u00e4uscht sein: Das Design ist sauber, aber nicht besonders hochwertig, und die Verarbeitung ist f\u00fcr den Preis sehr ordentlich, aber ohne Wow-Effekt. Im Vergleich zu direkten Konkurrenten spielt man in der gleichen Liga, was die wahrgenommene Solidit\u00e4t angeht, mit einem leichten Eindruck eines Produkts, das eher f\u00fcr die Funktionalit\u00e4t als f\u00fcr die Inszenierung optimiert wurde.<\/p>\n<h2>Einstellungen, Personalisierung &amp; Kompatibilit\u00e4t<\/h2>\n<p>Die Software spielt bei einer Direct Drive-Basis eine Schl\u00fcsselrolle, und der R12 ist da keine Ausnahme. Die MOZA-Schnittstelle (\u00fcber die spezielle Software) bietet voreingestellte Profile f\u00fcr die wichtigsten Spiele sowie eine Reihe von Slidern, um die FFB-Intensit\u00e4t, Filtration, D\u00e4mpfung, Reibung, Tr\u00e4gheit usw. einzustellen. Der Vorteil ist, dass man nicht in obskuren Begriffen ertrinkt: Die Einstellungen bleiben verst\u00e4ndlich und man sp\u00fcrt schnell ihre Auswirkungen auf der Rennstrecke. Man kann von einem sehr rohen, nerv\u00f6sen FFB zu einem gefilterteren, komfortableren Feedback wechseln, ohne die feinen Informationen v\u00f6llig zu verlieren.<\/p>\n<p>Die Lernkurve bleibt \u00fcberschaubar. Ein motivierter Anf\u00e4nger wird mit den Voreinstellungen und einigen einfachen Anpassungen (Gesamtkraft, Filter, Reibung) zurechtkommen. Ein fortgeschrittener Nutzer wird gen\u00fcgend Tiefe finden, um das Gef\u00fchl Spiel f\u00fcr Spiel, Auto f\u00fcr Auto zu verfeinern. Profile k\u00f6nnen gespeichert und leicht wieder aufgerufen werden, so dass man zwischen einem GT3 auf sauberem Asphalt und einem flotteren Proto oder einer leichteren Formel wechseln kann, ohne bei Null anfangen zu m\u00fcssen.<\/p>\n<p>Was die Kompatibilit\u00e4t betrifft, ist der R12 eindeutig auf den PC ausgerichtet. Einige Konsolenanwendungen sind \u00fcber spezielle L\u00f6sungen oder kompatible Lenkr\u00e4der m\u00f6glich, aber das ist nicht sein nat\u00fcrlichstes Gebiet: Wenn deine Priorit\u00e4t die reine Konsolennutzung ist, sind andere \u00d6kosysteme eher Plug-and-Play. Der R12 macht am meisten Sinn in einem PC-Setup mit einem breiteren MOZA-\u00d6kosystem: Lenkr\u00e4der mit verschiedenen Durchmessern, Pedale, Shifter, Handbremsen. Das Ganze funktioniert zusammenh\u00e4ngend mit einer einzigen Software-Schicht.<\/p>\n<p>In Bezug auf die Skalierbarkeit sehe ich den R12 ganz klar als dauerhafte zentrale Basis f\u00fcr die meisten Fahrer. Es ist kein \"kleines\" Direct Drive, das man in zwei Jahren grillt, bevor man auf ein viel st\u00e4rkeres Modell umsteigt. F\u00fcr einen mittleren bis fortgeschrittenen Simracer gibt es mehr als genug zu tun, selbst wenn man sich im Niveau steigert. Man kann das Cockpit und die Pedale aufr\u00fcsten, typischere Lenkr\u00e4der hinzuf\u00fcgen, ohne das Gef\u00fchl zu haben, dass die Basis den Rest des Setups sofort einschr\u00e4nkt.<\/p>\n<h2>Sensationen im Spiel<\/h2>\n<p>Auf der Rennstrecke zeigt der MOZA R12 seine St\u00e4rken. Was zuerst auff\u00e4llt, ist die Pr\u00e4zision des Force Feedbacks. Man sp\u00fcrt deutlich die Reifenstruktur, die Last, die sich bewegt, den \u00dcbergang zwischen Grip und Rutschen. Die Basis gibt nicht nur ein gro\u00dfes, rohes Drehmoment ab; sie \u00fcbertr\u00e4gt auch Mikrovariationen, die n\u00fctzlich sind, um einen Str\u00f6mungsabriss zu antizipieren. Man versteht schnell, was das Auto macht, vor allem in l\u00e4ngeren St\u00fctzphasen.<\/p>\n<p>In mittleren bis schnellen Kurven vermittelt der R12 ein gutes Gef\u00fchl f\u00fcr die Lenkung und die Last auf der Vorderachse. Das verf\u00fcgbare Drehmoment sorgt daf\u00fcr, dass auch bei recht hohen Kr\u00e4ften, die im Spiel sind, ein glaubw\u00fcrdiger Widerstand am Lenkrad erhalten bleibt. Man hat nicht dieses \"weiche\" Gef\u00fchl, das man manchmal auf schw\u00e4cheren Basen findet, wo man die Softwarekraft bis zum Maximum ausreizen muss, um den Mangel an physischem Drehmoment auszugleichen, auf Kosten eines ges\u00e4ttigten FFB. Hier bleibt der Spielraum erhalten. Das Lenkrad bleibt gut lesbar, auch wenn man die Intensit\u00e4t etwas erh\u00f6ht.<\/p>\n<p>Auf den Vibrationen h\u00e4ngt das Verhalten stark von den gew\u00e4hlten Einstellungen ab. Bei einem recht direkten Profil treten die Kanten deutlich hervor, mit klaren, aber nicht br\u00fcchigen Aufschl\u00e4gen. Man sp\u00fcrt die Unterschiede zwischen einem flachen und einem aggressiven Vibrator, ohne dass alles zu groben Vibrationen wird. Mit ein wenig Filterung kann man das Ganze f\u00fcr l\u00e4ngere Sessions weicher gestalten, wobei die Struktur des Vibrators im Lenkrad erhalten bleibt. Meinerseits erschien mir die Base auf technischen Strecken mit vielen Kanten am ausdrucksst\u00e4rksten.<\/p>\n<p>Das Lesen des Grips ist eine der wahren St\u00e4rken. Am Kurveneingang sp\u00fcrt man recht schnell, ob die Front aufschwimmt oder richtig verankert ist. Am Ausgang sp\u00fcrt man deutlich, ob die Traktion zunimmt oder s\u00e4ttigt. Bei der Korrektur von Schlupf reagiert der R12 schnell, ohne \u00fcberm\u00e4\u00dfiges Schleifen oder k\u00fcnstliche Tr\u00e4gheit. Schnelle Korrekturen am Lenkrad (Gegenlenken, kleine Anpassungen in der Kurve) bleiben sauber, ohne ausgepr\u00e4gte elastische Wirkung. Man kann das Auto wirklich nach Gef\u00fchl \"einholen\", ohne gegen die Base zu k\u00e4mpfen.<\/p>\n<p>Im Vergleich zu einer weniger starken Basis (Direct Drive Einstiegsmodell oder gro\u00dfe Riemenbasis) gewinnt man an Headroom und Kontrolle. Man kann etwas h\u00f6here Kr\u00e4fte einsetzen und beh\u00e4lt trotzdem eine gute Nuance im FFB. Effekte werden nicht in einen kompakten Block verwandelt; die Basis beh\u00e4lt ihre Dynamik. Im Vergleich zu viel st\u00e4rkeren Bases ist der R12 k\u00f6rperlich zug\u00e4nglicher: Die Unterarme erm\u00fcden weniger schnell, man braucht kein gepanzertes Cockpit aus 40\u00d7120 Alu, um alles an Ort und Stelle zu halten. F\u00fcr den regelm\u00e4\u00dfigen Gebrauch ist er ein guter Kompromiss zwischen Realismus und Komfort.<\/p>\n<p>Bei langen Sessions ist die Konstanz gut. Das Drehmoment bleibt stabil, das Verhalten wird nicht hei\u00df und das Ger\u00e4usch des L\u00fcfters bleibt unauff\u00e4llig. Man kann viele Runden drehen, ohne zu sp\u00fcren, dass die Base schw\u00e4cher wird oder ihren Charakter \u00e4ndert. Das ist der Punkt, an dem die Base das Erlebnis wirklich ver\u00e4ndert: Man konzentriert sich auf das Fahren, nicht auf die Hardware. Die Immersion ist solide, vor allem mit einem guten Lenkrad und einem stimmigen Pedalsystem. Man f\u00fchlt sich schnell mit dem Auto \"verbunden\", was einem hilft, gleichm\u00e4\u00dfiger und sauberer zu fahren.<\/p>\n<h2>F\u00fcr wen ist es gut? Was wir m\u00f6gen \/ Was wir weniger m\u00f6gen<\/h2>\n<p>Der MOZA R12 richtet sich eindeutig an ein motiviertes, eher PC-orientiertes Simracer-Profil, das im Vergleich zu einer Riemenbasis oder einem kleinen Direct Drive der Einstiegsklasse einen ernsthaften Schritt nach vorne machen will. Ein mittelm\u00e4\u00dfiger Fahrer wird hier eine hervorragende M\u00f6glichkeit finden, sich weiterzuentwickeln. Ein Fortgeschrittener, der nicht unbedingt das maximale Drehmoment sucht, wird lange Zeit ohne Frustration damit zufrieden sein. F\u00fcr einen absoluten Anf\u00e4nger ist es bereits eine gro\u00dfe Investition, aber nicht unvern\u00fcnftig, wenn das Ziel darin besteht, von Anfang an ein dauerhaftes Setup aufzubauen.<\/p>\n<p>Was ich am meisten sch\u00e4tze, ist erstens das Verh\u00e4ltnis von Leistung und Kontrolle: genug Drehmoment, um das Lenkrad in den St\u00fctzphasen glaubw\u00fcrdig zu machen, und gleichzeitig auf einem gut montierten Cockpit beherrschbar zu bleiben. Zweitens die Sauberkeit des FFB: Die Informationen sind klar, das Ablesen des Grips ist nat\u00fcrlich, schnelle Korrekturen kommen gut an. Und schlie\u00dflich sorgt die Integration in das MOZA-\u00d6kosystem f\u00fcr echte Koh\u00e4renz: eine einzige Softwareumgebung, Zubeh\u00f6r, das sich sauber anschlie\u00dfen l\u00e4sst, und die M\u00f6glichkeit, den Rest des Setups auf dieser Basis weiterzuentwickeln.<\/p>\n<p>Umgekehrt gibt es mehrere Einschr\u00e4nkungen, die man im Hinterkopf behalten sollte. Die erste ist die PC-Priorit\u00e4t: Auf der Konsole ist das Erlebnis weniger offensichtlich, weniger universell. Wenn du fast ausschlie\u00dflich auf der Konsole spielst, ist dies nicht die einfachste Option. Zweitens: Die Verarbeitung ist seri\u00f6s, aber nicht ultrapremium. Wer viel Wert auf \u00c4sthetik und Design legt, findet vielleicht einige Konkurrenten optisch schmeichelhafter. Und schlie\u00dflich kann die Software, obwohl sie insgesamt \u00fcbersichtlich ist, etwas Zeit ben\u00f6tigen, um sie voll auszunutzen: F\u00fcr einen Nutzer, der 100 % plug and play haben m\u00f6chte, ohne jemals eine Einstellung zu ber\u00fchren, ist sie etwas anspruchsvoller als eine sehr Mainstream-L\u00f6sung.<\/p>\n<p>Der R12 ist ein Produkt mit einem hohen Investitionswert f\u00fcr diejenigen, die ein Setup dauerhaft weiterentwickeln m\u00f6chten. Man zahlt mehr als f\u00fcr eine einfache Basis, aber daf\u00fcr erh\u00e4lt man einen echten Schwerpunkt f\u00fcr sein Setup, der die ersten Jahre des Fortschritts \u00fcberstehen kann, ohne zu schnell seine Grenzen aufzuzeigen.<\/p>\n<h2>Urteil<\/h2>\n<p>Die MOZA R12 Wheel Base hat einen konkreten Einfluss auf das Setup eines Rennsims. Sie f\u00fchrt von einem Lenkrad, das sich \"stark bewegt\", zu einer Lenkung, die informiert und die Lenkung strukturiert. Der Gewinn liegt nicht nur in der rohen Leistung, sondern vor allem in der Qualit\u00e4t des Feedbacks: besseres Lesen des Grips, deutlichere Korrekturen, glaubw\u00fcrdigeres Gef\u00fchl in den Kurven und auf den Vibrationen. Man merkt, dass die Basis f\u00fcr den Alltag eines Simracers, der viel f\u00e4hrt, gedacht ist, und nicht nur, um auf dem Papier zu beeindrucken.<\/p>\n<p>Auf dem Markt positioniert sich der R12 eindeutig im mittleren Bereich des Direct Drive, aber eher im oberen Bereich dieses Segments. Es ist weder ein Einstiegsprodukt noch eine extreme Basis f\u00fcr ultraharte Cockpits und Fans von Feineinstellungen. Ich empfehle es vor allem mittleren bis fortgeschrittenen PC-Anwendern, die ein seri\u00f6ses, entwicklungsf\u00e4higes Laufwerk suchen, ohne sich auf den Wettlauf um das absolute Drehmoment einzulassen.<\/p>\n<p>Wenn du eine kraftvolle, aber \u00fcberschaubare Direct Drive Base suchst, die einen sauberen FFB, eine gute Griffablesung und ein echtes Potenzial f\u00fcr eine langfristige Verbesserung bietet, kann dieses Produkt eindeutig den Unterschied in deinem Setup ausmachen.<\/p>","protected":false},"excerpt":{"rendered":"<p>Dieser MOZA R12 vermittelt wirklich das Gef\u00fchl, einen Schritt weiter zu gehen: Das Lenkrad wird besser lesbar und pr\u00e4ziser, ohne dass es im t\u00e4glichen Gebrauch anstrengend wird. Es spricht vor allem mittlere bis erfahrene PC-Simracer an, die ein dauerhaftes, seri\u00f6ses und erweiterbares Setup-Center wollen. F\u00fcr dieses Preissegment ist das Gleichgewicht zwischen Leistung, Komfort und Konsistenz des \u00d6kosystems sehr solide.<\/p>","protected":false},"featured_media":101458,"comment_status":"open","ping_status":"closed","template":"","meta":{"_acf_changed":false,"_et_pb_use_builder":"","_et_pb_old_content":"","_et_gb_content_width":""},"product_brand":[165],"product_cat":[155],"product_tag":[149],"class_list":{"0":"post-101457","1":"product","2":"type-product","3":"status-publish","4":"has-post-thumbnail","6":"product_brand-moza-racing","7":"product_cat-base","8":"product_tag-pc","10":"first","11":"instock","12":"shipping-taxable","13":"product-type-external"},"acf":[],"_links":{"self":[{"href":"https:\/\/simracergear.com\/de\/wp-json\/wp\/v2\/product\/101457","targetHints":{"allow":["GET"]}}],"collection":[{"href":"https:\/\/simracergear.com\/de\/wp-json\/wp\/v2\/product"}],"about":[{"href":"https:\/\/simracergear.com\/de\/wp-json\/wp\/v2\/types\/product"}],"replies":[{"embeddable":true,"href":"https:\/\/simracergear.com\/de\/wp-json\/wp\/v2\/comments?post=101457"}],"wp:featuredmedia":[{"embeddable":true,"href":"https:\/\/simracergear.com\/de\/wp-json\/wp\/v2\/media\/101458"}],"wp:attachment":[{"href":"https:\/\/simracergear.com\/de\/wp-json\/wp\/v2\/media?parent=101457"}],"wp:term":[{"taxonomy":"product_brand","embeddable":true,"href":"https:\/\/simracergear.com\/de\/wp-json\/wp\/v2\/product_brand?post=101457"},{"taxonomy":"product_cat","embeddable":true,"href":"https:\/\/simracergear.com\/de\/wp-json\/wp\/v2\/product_cat?post=101457"},{"taxonomy":"product_tag","embeddable":true,"href":"https:\/\/simracergear.com\/de\/wp-json\/wp\/v2\/product_tag?post=101457"}],"curies":[{"name":"wp","href":"https:\/\/api.w.org\/{rel}","templated":true}]}}