{"id":101501,"date":"2025-05-15T08:12:00","date_gmt":"2025-05-15T08:12:00","guid":{"rendered":"https:\/\/simracergear.com\/products\/moza-r9-v2-cs-v2p-bundle\/"},"modified":"2025-11-28T05:35:41","modified_gmt":"2025-11-28T05:35:41","slug":"moza-r9-v2-cs-v2p-bundle","status":"publish","type":"product","link":"https:\/\/simracergear.com\/de\/products\/moza-r9-v2-cs-v2p-bundle\/","title":{"rendered":"MOZA R9 V2 &amp; CS V2P Bundle"},"content":{"rendered":"<h2>MOZA R9 V2 &amp; CS V2P Bundle: Meinung eines anspruchsvollen Simracers<\/h2>\n<p>Im Segment der \"kompakten\" Direct Drive Basen hat sich das MOZA R9 V2 als sicherer Wert f\u00fcr diejenigen etabliert, die auf ernsthafte FFB umsteigen wollen, ohne ihr Budget zu sprengen. Das Bundle mit dem CS V2P-Lenkrad macht eindeutig Jagd auf das Terrain der kompletten Mittelklasse-Sim-Racing-Kits, mit einem einfachen Versprechen: ein solides Lenkrad, eine pr\u00e4zise Basis, das Ganze bereit zum Fahren am PC, ohne Kopfzerbrechen.<\/p>\n<p>Diese Kombo ist so attraktiv, weil sie sich zwischen zwei Welten positioniert. Auf der einen Seite stehen Spieler, die gerade von einem Lenkrad mit Riemen oder Zahnr\u00e4dern kommen und endlich sp\u00fcren wollen, wie das Auto in ihren H\u00e4nden \"lebt\". Auf der anderen Seite stehen die Simracer, die bereits mit einem seri\u00f6sen Cockpit ausgestattet sind und nach einer zuverl\u00e4ssigen, kompakten und leisen Basis suchen, die im Vergleich zu den leistungsst\u00e4rkeren Monstern jedoch erschwinglich bleibt.<\/p>\n<p>Mein Blickwinkel ist hier zweifach: Empfindungen und tats\u00e4chliche Nutzung. Wie verh\u00e4lt sich das Bundle bei mehreren Titeln, auf verschiedenen Angriffsniveaus und vor allem, h\u00e4lt die Kombination aus Lenkrad und Basis in Bezug auf Verarbeitung, Pr\u00e4zision und Komfort bei langen Sessions mit? Das Ziel ist nicht, jedes einzelne Datenblatt zu zerpfl\u00fccken, sondern zu beurteilen, was dieses Kit f\u00fcr einen Simracer, der regelm\u00e4\u00dfig f\u00e4hrt, konkret \u00e4ndert, ohne in ein Software-Gaswerk einzusteigen.<\/p>\n<h2>Design &amp; Herstellung: kompakte Basis, seri\u00f6ses Lenkrad<\/h2>\n<p>Der R9 V2 ist einer dieser Direct Drive-Basen, die sofort Vertrauen erwecken. Der Block ist kompakt, dicht, ganz aus Metall, mit einem sehr ausgepr\u00e4gten Eindruck von Steifigkeit. Wenn man die Basis in die Hand nimmt, um sie am Cockpit zu befestigen, sp\u00fcrt man sofort, dass es sich nicht um ein Spielzeug handelt: Sie ist schwer, steif und die Toleranzen bei der Montage scheinen eng zu sein. Nichts wackelt, nichts klingt hohl.<\/p>\n<p>Das CS V2P-Lenkrad folgt der gleichen Philosophie. Metallstruktur, Frontplatte aus Legierung, Griffe aus Kunstleder oder Alcantara, je nach Version, gut integrierte Kn\u00f6pfe, Metallschaufel: Wir haben es hier mit einem Produkt zu tun, das schon beim Anfassen ein seri\u00f6ses Gef\u00fchl vermittelt. Der Durchmesser und die Dicke der Felge liegen gut unter den Fingern, mit einem guten Kompromiss zwischen Komfort und Pr\u00e4zision. Man f\u00fchlt sich schnell wohl, auch bei l\u00e4ngeren Sessions. Man merkt sofort, dass es sich hier nicht um ein einfaches \"Gaming\"-Lenkrad handelt.<\/p>\n<p>Was positiv \u00fcberrascht, ist die Qualit\u00e4t, die f\u00fcr dieses Preisniveau wahrgenommen wird. Die Schaltwippen haben einen klaren Klick, der Quick Release im Motorsportstil ist fest und beruhigend, und die Basis zeigt keine sp\u00fcrbare Flex, wenn sie einmal richtig am Cockpit befestigt ist. Im Vergleich zu einigen Einsteiger-\/Mittelklasse-Sets, die noch mit Riemenantrieb ausgestattet sind, gewinnt man eindeutig das Gef\u00fchl eines monolithischen Blocks ohne st\u00f6rende Vibrationen.<\/p>\n<p>Auf der Seite der Entt\u00e4uschungen gibt es ein paar Details. Die Materialien der Griffe bleiben hinter dem zur\u00fcck, was man bei sehr hochwertigen Lenkr\u00e4dern findet, und manche werden die leicht \"industrielle\" Anmutung einiger Kn\u00f6pfe oder Drehkn\u00f6pfe weniger sch\u00e4tzen. Das ist zwar kein Grund zur Beanstandung, aber man merkt deutlich, dass man sich nicht im Ultra-Premium-Segment befindet. Das Design, das sehr kantig und schwarz ist, kann einem gefallen oder nicht, aber es hat zumindest den Vorteil, dass es mit dem Rest des MOZA-\u00d6kosystems \u00fcbereinstimmt.<\/p>\n<h2>Einstellungen, Personalisierung &amp; Kompatibilit\u00e4t<\/h2>\n<p>Eine der St\u00e4rken des R9 V2 ist die MOZA Pit House Software. Die Oberfl\u00e4che bleibt \u00fcbersichtlich, mit klaren Tabs f\u00fcr FFB-Einstellungen, Spielprofile und Knopfkonfigurationen. Man findet Voreinstellungen f\u00fcr die wichtigsten Sim-Racing-Titel, so dass man auf einer gesunden Basis starten kann, ohne den ganzen Abend damit zu verbringen. F\u00fcr einen Nutzer, der von einem konkurrierenden \u00d6kosystem kommt, geht die Anpassung recht schnell.<\/p>\n<p>Was wirklich n\u00fctzlich ist, sind die Einstellungen f\u00fcr die Gesamtst\u00e4rke, den Filter, das D\u00e4mpfen, die Reibung und die Tr\u00e4gheit. Man kann von einem sehr rohen, ziemlich direkten Gef\u00fchl zu etwas Gefiltertem wechseln, das f\u00fcr den Casual-Gebrauch leichter zu handhaben ist. Die Lernkurve ist angemessen: Die Voreinstellungen funktionieren in 80 % der F\u00e4lle gut, dann kann man sie nach und nach je nach Spiel und pers\u00f6nlichem Geschmack verfeinern. Man wird nicht in Dutzenden von obskuren Parametern ertr\u00e4nkt, sondern es gibt genug Tiefe f\u00fcr manischere Simracer.<\/p>\n<p>Das Bundle ist eindeutig auf den PC ausgerichtet. Auf diesem Gebiet ist die Kompatibilit\u00e4t mit den seri\u00f6sen Titeln des Marktes gro\u00df. Bei Konsolen muss man sein \u00d6kosystem genau \u00fcberpr\u00fcfen: Die Basis allein macht das Setup nicht auf magische Weise kompatibel, sondern es kommt auf die gesamte Kette an (Basis, Lenkrad, eventuell spezieller Hub). Die R9 V2 bleibt vor allem als eine entwicklungsf\u00e4hige PC-Plattform gedacht, um die man andere MOZA-Lenkr\u00e4der, Shifter und Pedale hinzuf\u00fcgen kann.<\/p>\n<p>Was das \u00d6kosystem betrifft, so hat MOZA mittlerweile einen recht umfangreichen Katalog: GT-, F1- und Oval-Laufr\u00e4der, Pedale, Loadcell-Bremsen etc. Dank Quick Release ist der Wechsel des Lenkrads schnell erledigt, was dazu ermutigt, sein Laufrad an die Art des Rennens anzupassen. Das Interessante am R9 V2 ist, dass es als dauerhafter Einstiegspunkt dienen kann: Die Leistung ist f\u00fcr die meisten Nutzer ausreichend, die Basis bleibt kompakt, und das Upgrade erfolgt vor allem \u00fcber das Lenkrad, die Pedale und das Cockpit und nicht \u00fcber eine neue, gr\u00f6\u00dfere Basis.<\/p>\n<h2>Sensationen im Spiel: Das Herzst\u00fcck des Bundles<\/h2>\n<p>Der MOZA R9 V2 zeigt seine St\u00e4rken erst, wenn er auf der Rennstrecke eingesetzt wird. Die verf\u00fcgbare Leistung ist mehr als ausreichend f\u00fcr einen ernsthaften Einsatz, selbst bei einem steifen Cockpit. Es ist kein unfahrbares Monster, aber man hat diese Drehmomentspanne, die es einem erm\u00f6glicht, das Verhalten des Autos deutlich zu sp\u00fcren, ohne den FFB st\u00e4ndig bis zum Maximum ausreizen zu m\u00fcssen. Man sp\u00fcrt den Wechsel zur Direct Drive Technologie im Vergleich zu einer Riemenbasis: Das Ansprechverhalten ist direkter, sauberer, ohne Gummiband.<\/p>\n<p>In Kurven ist die Pr\u00e4zision des Force Feedbacks wirklich angenehm. Die Lenkung l\u00e4dt sich allm\u00e4hlich auf, je weiter man in die Kurve hineinf\u00e4hrt, und entlastet sich dann im richtigen Moment an der Haftungsgrenze. Man liest den Grip, ohne raten zu m\u00fcssen. Bei schnellen \u00dcberg\u00e4ngen sind die Lenkst\u00f6\u00dfe deutlich, aber nicht aggressiv, solange die Einstellungen gut kalibriert sind. Man versteht sofort, was das Auto macht, und das ist f\u00fcr die Arbeit an den Sehnenpunkten und der Gleichm\u00e4\u00dfigkeit sehr wertvoll.<\/p>\n<p>Das Lesen des Grips ist genau der Punkt, an dem sich das Bundle von einer weniger starken Basis abhebt. Kleine Gripverluste, beginnendes \u00dcbersteuern und wechselnde Oberfl\u00e4chen kommen in den H\u00e4nden gut zur Geltung. Man sp\u00fcrt das Mikrorutschen vor dem gro\u00dfen Stall, was Zeit zum Korrigieren gibt. Bei den Vibrationen ist das Feedback eindeutig und lesbar: Gro\u00dfe, aggressive Vibrationen lassen die Basis deutlich reagieren, ohne jedoch l\u00e4stig zu werden, w\u00e4hrend tiefer liegende Vibrationen eine feinere und schnellere Vibration erzeugen. Man unterscheidet eher zwischen den Arten von R\u00e4ndern als ein einheitliches \"Bzz\".<\/p>\n<p>Bei langen Sessions bleibt der R9 V2 konstant. Keine seltsamen Drifts im FFB, keine sp\u00fcrbaren Kraftschwankungen, sobald die Basis auf Temperatur ist. Die Kombi aus Basis + Lenkrad bietet einen guten physischen Komfort: Der Durchmesser des CS V2P hilft, die Kraft in den Armen zu verteilen, und man findet leicht den richtigen Griff, um die Erm\u00fcdung zu begrenzen. Bei der Ausdauer ist dies ein wichtiger Punkt: Ein muskul\u00f6ser, aber sauberer FFB ist viel weniger anstrengend als ein zu stark gefiltertes, aber inkoh\u00e4rentes Force Feedback.<\/p>\n<p>Bei schnellen Korrekturen zeigt sich die Base lebhaft, ohne unkontrollierbar zu sein. Tank Slappers und andere Rutscher lassen sich mit einer guten Reaktionsf\u00e4higkeit ausgleichen, vorausgesetzt, man hat die richtige Reibung und D\u00e4mpfung f\u00fcr den eigenen Stil eingestellt. Im Vergleich zu st\u00e4rkeren Basen verliert man ein wenig an Brutalit\u00e4t und das Gef\u00fchl, ein riesiges Rennlenkrad am Chassis zu haben. Daf\u00fcr gewinnt man an Benutzerfreundlichkeit und Kontrolle, vor allem f\u00fcr diejenigen, die nicht \u00fcber ein Cockpit aus Stahlbeton verf\u00fcgen.<\/p>\n<p>Gegen\u00fcber einer weniger leistungsstarken oder riemengetriebenen Basisstation macht sich der Unterschied in der Feinheit und Sauberkeit des Signals bemerkbar. St\u00f6rende Schwingungen verschwinden, die Latenz ist niedriger und jede Information wird sch\u00e4rfer. Gegen\u00fcber einer st\u00e4rkeren Basis merkt man, dass der R9 V2 bereits viele K\u00e4stchen f\u00fcr die meisten Simracer ankreuzt. Er versucht nicht, durch rohe Kraft zu beeindrucken, sondern vielmehr durch Konsistenz und Genauigkeit des Feedbacks. Hier ver\u00e4ndert die Basis wirklich die Erfahrung.<\/p>\n<h2>F\u00fcr wen? Was wir m\u00f6gen, was wir weniger m\u00f6gen<\/h2>\n<p>Dieses Bundle aus MOZA R9 V2 &amp; CS V2P spricht vor allem drei Profile an. Der motivierte Anf\u00e4nger, der direkt in ein nachhaltiges Setup investieren m\u00f6chte, ohne auf ein Einsteiger-Lenkrad zur\u00fcckgreifen zu m\u00fcssen. Der Fortgeschrittene, der regelm\u00e4\u00dfig f\u00e4hrt und auf Direct Drive umsteigen m\u00f6chte, ohne in den Delirium einer sehr leistungsstarken Basis zu geraten. Der Fortgeschrittene, der eine kompakte Zweitbasis oder ein Setup mit weniger Kraft, aber mehr Gef\u00fchl sucht, vor allem auf dem PC.<\/p>\n<p>Die erste St\u00e4rke ist das Preis-Leistungs-Verh\u00e4ltnis. Man erh\u00e4lt einen sauberen, pr\u00e4zisen und leisen FFB mit einem Lenkrad, das nicht billig aussieht, f\u00fcr eine Investition, die f\u00fcr ein Direct Drive \u00fcberschaubar bleibt. Der zweite Grund ist die Koh\u00e4renz des Bundles: kompakte Basis, vielseitiges Lenkrad, praktisches Quick Release, insgesamt \u00fcbersichtliche Software. Man schlie\u00dft es an, stellt es minimal ein und schon hat man etwas sehr Ordentliches. Das MOZA-\u00d6kosystem ist gro\u00df genug, um ein Setup zu erweitern, ohne alles zu ver\u00e4ndern.<\/p>\n<p>Es gibt Grenzen, und man muss sie im Kopf haben. Die erste ist die gedrosselte Leistung im Vergleich zu den sehr gro\u00dfen Basen: Wenn du auf einem ultraharten Rohrcockpit f\u00e4hrst und einen heftigen FFB im realistischen GT3-Stil mit maximalem Drehmoment willst, wirst du woanders etwas St\u00e4rkeres finden. Der zweite Grund ist die Abh\u00e4ngigkeit vom PC: F\u00fcr einen Spieler, der haupts\u00e4chlich auf Konsolen spielt, ist dieses Bundle nicht das einfachste und offensichtlichste, was die Gesamtkompatibilit\u00e4t angeht. Der dritte Grund ist das Lenkrad selbst: Es ist sehr gut, aber einige Fahrer, die Wert auf Materialien, Premium-Finish oder ultramoderne Funktionen legen, werden es vielleicht durch ein h\u00f6heres Modell der Produktreihe ersetzen.<\/p>\n<p>Was die Investition betrifft, so ist dieses Bundle ein sicherer Wert im mittleren Segment der Direct Drive-Produkte. Es ist nicht die billigste Wahl f\u00fcr den Anfang, aber es ist ein sinnvolles Set, wenn du Simracing als mittel- bis langfristiges Hobby betrachtest. Anstatt ein Einsteiger-Lenkrad zu kaufen und dann alles zu ersetzen, bietet diese Kombo direkt eine solide Basis, mit einem Lenkrad, das lange im Setup bleiben kann, auch wenn man sp\u00e4ter bei anderen Elementen wie Pedalen oder Zubeh\u00f6r aufr\u00fcstet.<\/p>\n<h2>Urteil: Ein solides Pivot f\u00fcr ein ernsthaftes PC-Setup<\/h2>\n<p>Das MOZA R9 V2 &amp; CS V2P Bundle bringt etwas sehr Konkretes in ein Sim-Racing-Setup: einen echten \u00dcbergang zur Pr\u00e4zision des Direct Drive, in einem kompakten Format, ohne das Budget oder die Komplexit\u00e4t zu sprengen. Man gewinnt an Grip-Lesbarkeit, FFB-Koh\u00e4renz und Fahrkomfort, vor allem f\u00fcr diejenigen, die von Riemen- oder Zahnradgrundlagen kommen. Das CS V2P-Lenkrad ist zwar nicht ultra-luxuri\u00f6s, unterst\u00fctzt die Basis aber gut und erm\u00f6glicht es, die F\u00e4higkeiten des R9 wirklich auszunutzen.<\/p>\n<p>Auf dem Markt ist dieses Bundle eindeutig im soliden Mittelfeld angesiedelt. Seri\u00f6ser und immersiver als Einstiegspakete, weniger extrem und g\u00fcnstiger als High-End-Basisger\u00e4te mit massivem Drehmoment. Es ist ein interessanter Dreh- und Angelpunkt, um ein PC-Setup mit einem koh\u00e4renten \u00d6kosystem aufzubauen oder zu erneuern.<\/p>\n<p>Ich empfehle es denjenigen, die einen deutlichen Schritt nach vorn machen wollen, ohne zu \u00fcbertreiben, und denjenigen, die eine fertige, aber ausbauf\u00e4hige Kombo suchen. F\u00fcr Nutzer, die haupts\u00e4chlich Konsolen verwenden, oder f\u00fcr Enthusiasten, die ab sofort die maximale Leistung anstreben, gibt es geeignetere L\u00f6sungen, die jedoch teurer und anspruchsvoller sind.<\/p>\n<p>Wenn du eine kompakte, pr\u00e4zise, gut verarbeitete Direct-Drive-Basis mit einem vielseitigen Schwungrad und echtem PC-Entwicklungspotenzial suchst, kann dieses Produkt eindeutig den Unterschied in deinem Setup ausmachen.<\/p>","protected":false},"excerpt":{"rendered":"<p>Dieses Bundle hat mir das Gef\u00fchl vermittelt, dass ich in Sachen Pr\u00e4zision und Grip-Lesbarkeit wirklich einen Schritt nach vorne gemacht habe, ohne dabei \u00fcbertrieben oder kompliziert zu werden. Es ist vor allem f\u00fcr PC-Simracer gedacht, die ein dauerhaftes und seri\u00f6ses Setup wollen, vom motivierten Anf\u00e4nger bis zum erfahrenen Spieler, der eine kompakte und koh\u00e4rente Kombo sucht. F\u00fcr den Preis ist das Gleichgewicht aus Gef\u00fchl und Skalierbarkeit sehr \u00fcberzeugend.<\/p>","protected":false},"featured_media":101502,"comment_status":"open","ping_status":"closed","template":"","meta":{"_acf_changed":false,"_et_pb_use_builder":"","_et_pb_old_content":"","_et_gb_content_width":""},"product_brand":[165],"product_cat":[161],"product_tag":[149],"class_list":{"0":"post-101501","1":"product","2":"type-product","3":"status-publish","4":"has-post-thumbnail","6":"product_brand-moza-racing","7":"product_cat-volant","8":"product_tag-pc","10":"first","11":"instock","12":"shipping-taxable","13":"product-type-external"},"acf":[],"_links":{"self":[{"href":"https:\/\/simracergear.com\/de\/wp-json\/wp\/v2\/product\/101501","targetHints":{"allow":["GET"]}}],"collection":[{"href":"https:\/\/simracergear.com\/de\/wp-json\/wp\/v2\/product"}],"about":[{"href":"https:\/\/simracergear.com\/de\/wp-json\/wp\/v2\/types\/product"}],"replies":[{"embeddable":true,"href":"https:\/\/simracergear.com\/de\/wp-json\/wp\/v2\/comments?post=101501"}],"wp:featuredmedia":[{"embeddable":true,"href":"https:\/\/simracergear.com\/de\/wp-json\/wp\/v2\/media\/101502"}],"wp:attachment":[{"href":"https:\/\/simracergear.com\/de\/wp-json\/wp\/v2\/media?parent=101501"}],"wp:term":[{"taxonomy":"product_brand","embeddable":true,"href":"https:\/\/simracergear.com\/de\/wp-json\/wp\/v2\/product_brand?post=101501"},{"taxonomy":"product_cat","embeddable":true,"href":"https:\/\/simracergear.com\/de\/wp-json\/wp\/v2\/product_cat?post=101501"},{"taxonomy":"product_tag","embeddable":true,"href":"https:\/\/simracergear.com\/de\/wp-json\/wp\/v2\/product_tag?post=101501"}],"curies":[{"name":"wp","href":"https:\/\/api.w.org\/{rel}","templated":true}]}}