{"id":101545,"date":"2025-05-15T08:13:00","date_gmt":"2025-05-15T08:13:00","guid":{"rendered":"https:\/\/simracergear.com\/products\/moza-sr-p-lite-clutch-pedal\/"},"modified":"2025-11-28T05:54:48","modified_gmt":"2025-11-28T05:54:48","slug":"moza-sr-p-lite-clutch-pedal","status":"publish","type":"product","link":"https:\/\/simracergear.com\/de\/products\/moza-sr-p-lite-clutch-pedal\/","title":{"rendered":"MOZA SR-P Lite Clutch Pedal"},"content":{"rendered":"<p>Das SR-P Lite Clutch Pedal spielt eine wichtige Rolle im MOZA-Sortiment: Es ist das Kupplungspedal f\u00fcr die SR-P Lite Pedalboards, die oft mit den Einsteiger-\/Mittelklasse-Bundles der Marke verkauft werden. Es richtet sich eindeutig an Spieler, die vom \"Autopedal\"-Fahren auf Fersenspitzen, manuelles Anfahren und eine feinere Steuerung des H-Getriebes oder des sequentiellen Getriebes umsteigen wollen, ohne ihr Budget zu sprengen.<\/p>\n<p>Auf dem Papier verspricht dieses Modul eine einfach zu installierende Kupplung, die mit dem Rest des Pedalboards \u00fcbereinstimmt, ein progressives Gef\u00fchl vermittelt und eine angemessene Zuverl\u00e4ssigkeit f\u00fcr \"seri\u00f6se\" Sim-Racing-Simulationen f\u00fcr die breite \u00d6ffentlichkeit bietet. Die Idee ist nicht, mit einer hochwertigen hydraulischen Pedalanlage oder Load Cell zu konkurrieren, sondern ein echtes drittes Pedal anzubieten, das nutzbar, einstellbar und immersiv genug ist, um in GTs, Rallyes oder historischen Autos mit einem Minimum an Realismus zu fahren.<\/p>\n<p>Mein Blickwinkel hier ist sehr konkret: Wie verh\u00e4lt sich dieses Kupplungspedal im Alltag, was bringt es wirklich an Gef\u00fchl im Vergleich zu einer klassischen Zweipedalanlage und macht die Investition f\u00fcr einen PC- oder Konsolenspieler Sinn, der aufr\u00fcsten will, ohne alles zu ver\u00e4ndern.<\/p>\n<h2>Design und Herstellung des MOZA SR-P Lite Clutch Pedal<\/h2>\n<p>Optisch f\u00fcgt sich das SR-P Lite Clutch Pedal perfekt in die MOZA SR-P Lite Linie ein: sichtbares Metall, kantiges Design, eher n\u00fcchterne Verarbeitung. Man merkt sofort, dass das Ziel darin besteht, mit dem Basispedal \u00fcbereinstimmend zu sein, ohne die Machtdemonstration \"Vollaluminium maschinell bearbeitet\" zu suchen, die man bei sehr hochwertigen Pedalen sieht.<\/p>\n<p>Die Hauptstruktur besteht aus Metall, wobei das Pedal im recht klassischen Racing-Look gehalten ist. In der Hand f\u00fchlt sich das Pedal vertrauenerweckender an als viele andere Einsteiger-Pedale aus Plastik. Das Gef\u00fchl der Dichte bleibt korrekt, die Teile wirken nicht \"spielzeugartig\" und die Basis vermittelt den Eindruck, lange Sessions ohne zu murren \u00fcberstehen zu k\u00f6nnen. Wir haben es hier nicht mit einem unzerst\u00f6rbaren Block zu tun, sondern mit etwas, das f\u00fcr sein Segment seri\u00f6s ist.<\/p>\n<p>Was auf den ersten Blick \u00fcberrascht, ist die Koh\u00e4renz der Einheit mit den beiden anderen SR-P Lite-Pedalen, wenn man sie als drittes Pedal montiert. Die Ausrichtung, der Winkel und der Hub bleiben logisch, man hat keine v\u00f6llig versetzte Kupplung oder ein inkoh\u00e4rentes Verhalten. F\u00fcr ein kompaktes Setup ist das sehr wichtig.<\/p>\n<p>Wenn man es mit hochwertigeren Full-Metal-Pedalen vergleicht, entt\u00e4uscht es bei einigen Details der Verarbeitung. Die mechanischen Anpassungen sind korrekt, aber ohne besondere Raffinesse, und man merkt, dass MOZA eindeutig die Kosten optimiert hat, um erschwinglich zu bleiben. Im Vergleich zu teureren Pedalboards mit Load Cell oder weiterentwickelten Federsystemen wirkt die SR-P Lite Clutch etwas \"einfacher\", bleibt aber in ihrer Preisklasse glaubw\u00fcrdig.<\/p>\n<h2>Einstellungen, Anpassung und Kompatibilit\u00e4t<\/h2>\n<p>Das MOZA SR-P Lite Clutch Pedal ist auf das Wesentliche reduziert. Man kann die Position des Pedals anpassen und \u00fcber die mitgelieferten mechanischen Elemente mit der H\u00e4rte und dem Hub spielen. Es ist kein Gaswerk, aber es gibt genug Spielraum, um das Gef\u00fchl an den eigenen Fahrstil und die Position im Cockpit anzupassen.<\/p>\n<p>Die n\u00fctzlichsten Einstellungen sind meiner Meinung nach diejenigen, mit denen der nutzbare Kupplungsweg und der Gesamtwiderstand des Pedals gesteuert werden k\u00f6nnen. Bei der Ferse-Spitze wird es schnell entscheidend, einen koh\u00e4renten Weg mit dem Brems- und Gaspedal zu haben. Wenn man einmal die richtige Einstellung gefunden hat, ber\u00fchrt man sie nicht mehr wirklich, was bei dieser Art von Produkt eine gute Sache ist.<\/p>\n<p>Die Lernkurve bleibt sehr erschwinglich. Man installiert das Pedal, passt die Position leicht an und nach einigen Sitzungen beginnt sich der Memory-Muskel zu setzen. Es handelt sich hier nicht um eine hochentwickelte Kupplung, deren Verst\u00e4ndnis Stunden dauert. Der MOZA-Ansatz ist eher auf \"plug &amp; play plus\" ausgerichtet, mit gerade so viel Individualit\u00e4t, dass man nicht frustriert wird.<\/p>\n<p>Bei der Kompatibilit\u00e4t wurde die SR-P Lite Clutch so konzipiert, dass sie sich direkt in die SR-P Lite Pedalboards und das MOZA-\u00d6kosystem integrieren l\u00e4sst. Auf einem PC ist die Nutzung am einfachsten, da die MOZA-Software f\u00fcr die Kalibrierung und die Grundeinstellungen verwendet werden kann. Auf Konsolen h\u00e4ngt die Kompatibilit\u00e4t vor allem davon ab, welche MOZA-Basis verwendet wird und wie die Pedaleinheit erkannt wird. Die Kupplung selbst ist als solche nicht eingeschr\u00e4nkt, sondern mit dem gesamten System verbunden.<\/p>\n<p>Ich sehe diese Clutch eher als einen evolution\u00e4ren Einstiegspunkt als ein endg\u00fcltiges Element f\u00fcr einen ultra-anspruchsvollen Simracer. Sie erm\u00f6glicht es, ein bestehendes Kit zu vervollst\u00e4ndigen, ohne alles zu \u00e4ndern, die Freuden der manuellen Schaltung im Simracing auszuprobieren und dabei in einem vern\u00fcnftigen Budget zu bleiben. Wenn man sich sp\u00e4ter dazu entschlie\u00dft, auf ein Load Cell- oder Hydraulik-Pedalsystem umzusteigen, ist es kein Kauf, den man bereut: Es hat seine Aufgabe als \u00dcbergangsl\u00f6sung erf\u00fcllt.<\/p>\n<h2>Sensationen im Spiel mit dem SR-P Lite Clutch Pedal<\/h2>\n<p>Das ist der Punkt, an dem es bei diesem Produkttyp wirklich darauf ankommt. Eine Kupplung im Sim-Racing gibt kein \"FFB\" im Sinne eines Schwungrads zur\u00fcck, aber sie hat eine enorme Rolle bei der Kontrolle des Fahrzeugs beim Anfahren, Herunterschalten und Schalten. Mit der SR-P Lite Clutch f\u00fchlt sich die Kupplung insgesamt wie eine progressive Kupplung an, die eindeutig eher auf den t\u00e4glichen Gebrauch als auf Hardcore-Simulationen ausgerichtet ist.<\/p>\n<p>Der Hub ist lang genug, um sauber zu dosieren, aber nicht zu \u00fcbertreiben. Man sp\u00fcrt eine Ver\u00e4nderung des Widerstands, wenn man das Pedal durchtritt, aber es ist kein brutaler \"Kick\" wie bei manchen fortschrittlicheren Systemen, die den Reibungspunkt sehr deutlich simulieren. Hier ist der Ansatz linearer und toleranter. Zum Lernen ist das eher ein Vorteil.<\/p>\n<p>In den Kurven kommt es bei der Kupplung vor allem darauf an, wie fl\u00fcssig man herunterschalten kann. Auf meiner Seite half mir das Pedal, bei harten Herunterschaltungen eine gute Kontrolle zu behalten, vor allem in Verbindung mit einem richtig eingestellten Bremspedal. Man hat nicht das Gef\u00fchl, das Auto zu verlieren, weil der Punkt, an dem die Kupplung wieder einr\u00fcckt, zu trocken ist. Der Spielraum ist gro\u00df, was Vertrauen schafft.<\/p>\n<p>Beim Lesen des Grips spielt das Kupplungspedal nat\u00fcrlich nicht die gleiche Rolle wie eine Bremse oder ein Lenkrad. Stattdessen tr\u00e4gt es zum Gesamtverhalten der Hinterachse am Kurveneingang bei. Mit der SR-P Lite Clutch sind die Drehmoment\u00fcberg\u00e4nge eher sanft, was das Ruckeln und den Verlust der Traktion aufgrund eines zu pl\u00f6tzlichen Loslassens der Kupplung verringert. F\u00fcr ein Mittelklasse-Setup erf\u00fcllt es seinen Zweck gut.<\/p>\n<p>Auf Vibrationen sendet die Kupplung keine direkten Informationen, aber was man sp\u00fcrt, ist die F\u00e4higkeit, eine erneute Beschleunigung mit einem leichten Kupplungsspiel zu bew\u00e4ltigen, wenn man diesen Fahrstil mag. Das gleichbleibende Verhalten des Pedals bei langen Sessions ist beruhigend. Der Widerstand bewegt sich nicht pl\u00f6tzlich und man hat nach einer Stunde Fahrt kein \"weiches\" Gef\u00fchl.<\/p>\n<p>Bei schnellen Korrekturen - insbesondere bei Rallyes oder leichtem Drift, wo man manchmal mit der Kupplung spielt, um das Auto beim Drehen zu unterst\u00fctzen - bleibt die SR-P Lite Clutch ausreichend reaktionsf\u00e4hig. Das Pedal kommt gut zur\u00fcck, ohne st\u00f6rende Tr\u00e4gheit. Man kann darauf \"tippen\", um das Getriebe aus- oder einzuh\u00e4ngen, ohne das Gef\u00fchl zu haben, das Material zu grob zu behandeln.<\/p>\n<p>In Bezug auf die Immersion ist dies nicht die spektakul\u00e4rste Kupplung, die ich getestet habe, aber das ist auch eindeutig nicht das Ziel. Das Ziel ist es, eine koh\u00e4rente, nutzbare und zuverl\u00e4ssige Kupplung zu bieten, die es endlich erm\u00f6glicht, das Paradigma des Autogetriebes mit zwei Pedalen zu verlassen. Und offen gesagt, auf dieser Ebene wird das Versprechen gehalten: Man hat das Gef\u00fchl, das Auto wirklich zu \"bearbeiten\", vor allem beim Anfahren und beim Schalten auf alten Kisten oder GTs mit manueller Kupplung.<\/p>\n<p>Im Vergleich zu einem Setup ohne Kupplung oder einigen Einsteigerpedalen, die komplett aus Plastik bestehen, gewinnt man enorm an Kontrolle und Spa\u00df. Im Vergleich zu einem High-End-Pedal mit einer Kupplung mit ausgepr\u00e4gtem Anschlag und einem sehr mechanischen Gef\u00fchl verliert man etwas an Feinheit und rohem Realismus, beh\u00e4lt aber einen Bedienungskomfort und eine Toleranz bei, die f\u00fcr die Mehrheit der mittleren Spieler besser geeignet sein werden.<\/p>\n<h2>F\u00fcr wen ist es geeignet? St\u00e4rken und Schw\u00e4chen<\/h2>\n<p>Das MOZA SR-P Lite Clutch Pedal richtet sich eindeutig an den motivierten Simracer mit einem vern\u00fcnftigen Budget. Idealerweise an jemanden, der bereits mit einem SR-P Lite Clutch Pedal ausgestattet ist und den Schritt zur Kupplung gehen m\u00f6chte, ohne alles zu ersetzen. Ob am PC oder an der Konsole (\u00fcber eine kompatible Basis), das Produkt zielt auf den mittleren Spieler oder sogar den ernsthaften Anf\u00e4nger ab, der sich in Disziplinen, in denen das Schaltgetriebe im Mittelpunkt steht, weiterentwickeln m\u00f6chte.<\/p>\n<p>Was ich am meisten sch\u00e4tze, ist zun\u00e4chst die Gesamtkoh\u00e4renz mit dem MOZA-\u00d6kosystem. Das Pedal f\u00fcgt sich auf nat\u00fcrliche Weise in den Rest der Kurbelgarnitur ein, ohne Schnickschnack, mit einer harmonischen \u00c4sthetik. Zweitens macht der progressive Hub die Kupplung sehr schnell nutzbar, selbst f\u00fcr jemanden, der es nicht gewohnt ist, mit einem dritten Pedal zu spielen. Und schlie\u00dflich ist das Gef\u00fchl von Solidit\u00e4t und Seriosit\u00e4t f\u00fcr dieses Preisniveau eher beruhigend: Man hat nicht das Gef\u00fchl, viel Geld f\u00fcr eine Spielerei zu bezahlen.<\/p>\n<p>Die Einschr\u00e4nkungen sind real, aber f\u00fcr diese Produktreihe logisch. Die erste ist das Fehlen eines sehr ausgepr\u00e4gten Gef\u00fchls f\u00fcr den Reibungspunkt, das Puristen in wettkampforientierten Sim-Racern suchen. Man kann zwar dosieren, aber man \"f\u00fchlt\" keine scharfe Kerbe wie bei einigen High-End-Systemen. Zweitens gibt es einen Spielraum f\u00fcr die Personalisierung, der zwar f\u00fcr viele Nutzer ausreichend ist, f\u00fcr Millimeter-Einstellungsfanatiker jedoch etwas zu kurz kommt. Und schlie\u00dflich, was den reinen Realismus betrifft, bleibt es bei einer weicheren und lineareren Kupplung, als sie manche bei historischen Rennwagen oder extrem physischen Autos erwarten w\u00fcrden.<\/p>\n<p>Was die Frage der Investition angeht, so finde ich, dass der wahrgenommene Wert gut ist, wenn man das Produkt als gezieltes Upgrade betrachtet. F\u00fcr einen Spieler, der bereits ein MOZA SR-P Lite Pedalboard besitzt, kann das Hinzuf\u00fcgen dieses Kupplungspedals das Setup zu einem vern\u00fcnftigen Preis wirklich ver\u00e4ndern, ohne dass er gleich ein komplettes Pedalboard austauschen muss. F\u00fcr jemanden, der sofort auf den High-End-Bereich abzielt, ist dieses Pedal eher ein Zwischenschritt, den man schnell hinter sich lassen kann.<\/p>\n<h2>Urteil \u00fcber das MOZA SR-P Lite Clutch Pedal<\/h2>\n<p>Das MOZA SR-P Lite Clutch Pedal will den Markt nicht revolutionieren, sondern ein ganz konkretes Bed\u00fcrfnis befriedigen: ein einfaches, zuverl\u00e4ssiges und koh\u00e4rentes drittes Pedal f\u00fcr die SR-P Lite Pedale anzubieten, um die T\u00fcr f\u00fcr Handschaltungen und Fersenspitzen in einem Mittelklasse-Setup zu \u00f6ffnen. Es ist ein Element, das die Spielerfahrung st\u00e4rker ver\u00e4ndert, als es seine scheinbare Einfachheit vermuten lassen k\u00f6nnte.<\/p>\n<p>Auf dem Markt ordne ich sie eindeutig dem zug\u00e4nglichen Mittelfeld zu. Sie ist seri\u00f6ser und glaubw\u00fcrdiger als die Einsteigerkupplungen aus Plastik, aber nicht so extrem wie ein Load Cell- oder Hydraulikpaket. Ihre wahre St\u00e4rke ist die Leichtigkeit, mit der sie den Wechsel zu einem engagierteren Fahrstil erm\u00f6glicht, ohne den Rest der Ausr\u00fcstung komplett umzubauen.<\/p>\n<p>Ich empfehle es denjenigen, die bereits mit einem MOZA SR-P Lite Pedalboard fahren, regelm\u00e4\u00dfig spielen und einen Schritt weiter in Richtung Immersion gehen wollen, ohne in den Bereich des \"Hardcore-Simracer\"-Budgets abzurutschen. F\u00fcr sehr anspruchsvolle, wettkampforientierte und ultra-realistische Fahrer sollten Sie direkt eine fortschrittlichere L\u00f6sung in Betracht ziehen.<\/p>\n<p>Wenn du nach einem einfachen, koh\u00e4renten und effektiven Kupplungspedal suchst, das dein MOZA-Pedalboard erg\u00e4nzt, ohne dein Budget zu sprengen, kann dieses Produkt eindeutig den Unterschied in deinem Setup ausmachen.<\/p>","protected":false},"excerpt":{"rendered":"<p>Diese Clutch hat mir das Gef\u00fchl gegeben, das Auto wirklich zu \"bearbeiten\": Anfahren, Herunterschalten und Heel-to-the-Peak gewinnen an Kontrolle und Spa\u00df, ohne Kopfzerbrechen. Es ist vor allem f\u00fcr diejenigen sinnvoll, die bereits eine MOZA SR-P Lite-Pedalgarnitur besitzen und mit einem vern\u00fcnftigen Budget auf ein Schaltgetriebe umsteigen wollen. F\u00fcr seinen Preis bleibt das Ganze stimmig und relevant.<\/p>","protected":false},"featured_media":101546,"comment_status":"open","ping_status":"closed","template":"","meta":{"_acf_changed":false,"_et_pb_use_builder":"","_et_pb_old_content":"","_et_gb_content_width":""},"product_brand":[165],"product_cat":[153],"product_tag":[149],"class_list":{"0":"post-101545","1":"product","2":"type-product","3":"status-publish","4":"has-post-thumbnail","6":"product_brand-moza-racing","7":"product_cat-accessoires","8":"product_tag-pc","10":"first","11":"instock","12":"shipping-taxable","13":"product-type-external"},"acf":[],"_links":{"self":[{"href":"https:\/\/simracergear.com\/de\/wp-json\/wp\/v2\/product\/101545","targetHints":{"allow":["GET"]}}],"collection":[{"href":"https:\/\/simracergear.com\/de\/wp-json\/wp\/v2\/product"}],"about":[{"href":"https:\/\/simracergear.com\/de\/wp-json\/wp\/v2\/types\/product"}],"replies":[{"embeddable":true,"href":"https:\/\/simracergear.com\/de\/wp-json\/wp\/v2\/comments?post=101545"}],"wp:featuredmedia":[{"embeddable":true,"href":"https:\/\/simracergear.com\/de\/wp-json\/wp\/v2\/media\/101546"}],"wp:attachment":[{"href":"https:\/\/simracergear.com\/de\/wp-json\/wp\/v2\/media?parent=101545"}],"wp:term":[{"taxonomy":"product_brand","embeddable":true,"href":"https:\/\/simracergear.com\/de\/wp-json\/wp\/v2\/product_brand?post=101545"},{"taxonomy":"product_cat","embeddable":true,"href":"https:\/\/simracergear.com\/de\/wp-json\/wp\/v2\/product_cat?post=101545"},{"taxonomy":"product_tag","embeddable":true,"href":"https:\/\/simracergear.com\/de\/wp-json\/wp\/v2\/product_tag?post=101545"}],"curies":[{"name":"wp","href":"https:\/\/api.w.org\/{rel}","templated":true}]}}