{"id":101586,"date":"2025-05-15T08:14:00","date_gmt":"2025-05-15T08:14:00","guid":{"rendered":"https:\/\/simracergear.com\/products\/simucube-2-pro\/"},"modified":"2025-11-28T05:59:20","modified_gmt":"2025-11-28T05:59:20","slug":"simucube-2-pro","status":"publish","type":"product","link":"https:\/\/simracergear.com\/de\/products\/simucube-2-pro\/","title":{"rendered":"Simucube 2 Pro"},"content":{"rendered":"<h2>Simucube 2 Pro: Die Direct Drive Base, die alle unter einen Hut bringen will<\/h2>\n<p>Der Simucube 2 Pro ist eindeutig eine High-End-Direct-Drive-Basis, die f\u00fcr anspruchsvolle Sim-Racer entwickelt wurde, die ein gro\u00dfes Drehmoment, aber vor allem eine saubere, detaillierte und verwertbare Kraftr\u00fcckgabe wollen. Es ist nicht die \"Entdecker\"-Basis f\u00fcr Direct Drive; es ist die Basis, die man sich ansieht, wenn man bereits wei\u00df, dass man ein ernsthaftes, stabiles und langlebiges Setup haben m\u00f6chte.<\/p>\n<p>Was es verspricht, ist einfach: mehr als genug Leistung f\u00fcr alle, chirurgische Pr\u00e4zision, wenig Latenz, ein sehr nat\u00fcrliches Autogef\u00fchl und eine Hardware, die f\u00fcr die Ewigkeit gemacht ist. Es ist auch ein Produkt, das anzieht, weil es ein Image als \"seri\u00f6se Referenz\" in der Szene hat, ohne Gadget-Elemente, ohne Leuchtmodi, ohne Tricks.<\/p>\n<p>Ich analysiere sie vor allem unter drei Gesichtspunkten: Qualit\u00e4t des Fahrgef\u00fchls (FFB, Feinheit, Kontrolle an der Haftungsgrenze), Koh\u00e4renz des \u00d6kosystems (Software + Kompatibilit\u00e4t + t\u00e4gliche Nutzung) und langfristige Investition. Die Idee ist es, zu sehen, ob man konkret im Vergleich zu einer weniger leistungsstarken Basis wirklich an Vertrauen und Konstanz gewinnt und ob der Preis durch die Erfahrung, die man auf der Rennstrecke hat, gerechtfertigt ist.<\/p>\n<p>Es geht nicht mehr um \"Ich entdecke das Sim-Racing\". Ich will ein Tool, das mich \u00fcber mehrere Jahre begleitet, ohne mich einzuschr\u00e4nken\".<\/p>\n<h2>Design und Herstellung<\/h2>\n<p>Optisch strahlt der Simucube 2 Pro Seriosit\u00e4t aus. Das massive Geh\u00e4use aus maschinell bearbeitetem Aluminium vermittelt sofort den Eindruck von Dichte und Steifigkeit. Es gibt kein Knarren, kein Spiel, die Kanten sind scharf, die Montage ist sauber, und die Beschichtung wirkt vertrauenserweckend. Man hat eindeutig das Gef\u00fchl, einen Block zu bedienen, der im positiven Sinne f\u00fcr die Industrie und nicht f\u00fcr die Allgemeinheit gedacht ist.<\/p>\n<p>In der Hand, wenn man sie am Cockpit befestigt, ist das Wort, das einem \u00fcber die Lippen kommt, \"solide\". Die Basis bewegt sich nicht, auch nicht unter Last, und die Gesamtsteifigkeit ist wirklich \u00fcber dem, was man bei Riemen- oder Zahnradbasen findet. Das Drehmoment flie\u00dft in die S\u00e4ule, nicht in die Struktur. Wenn man das Befestigungssystem anzieht, sp\u00fcrt man, dass es sich nicht jeden vierten Morgen verstellt.<\/p>\n<p>Was sofort \u00fcberrascht, ist das Fehlen von Schn\u00f6rkeln: keine Bildschirme, kein visueller Overkill. Es ist ultrafunktional. Die Anschl\u00fcsse sind auf der R\u00fcckseite gut organisiert, mit weit auseinander liegenden Ports, und der Simucube Quick Release ist sehr ernst gemeint: feste Verriegelung, keine st\u00f6renden Drehungen, kein verd\u00e4chtiges Klappern auch bei starken Lenkbewegungen.<\/p>\n<p>Wo ich etwas zur\u00fcckhaltender bin, ist die \"rohe\" Seite des Designs. Es gibt keine Schnelltasten an der Basisstation, kein Minidisplay, alles wird \u00fcber den PC gesteuert. F\u00fcr manche ist das ein Pluspunkt (null Ablenkung), f\u00fcr andere fehlt es ein wenig an Komfort. Im Vergleich zu anderen neueren Premium-Basisstationen merkt man, dass Simucube viel Wert auf die Mechanik gelegt hat und etwas weniger auf den Aspekt der \"integrierten Benutzeroberfl\u00e4che\".<\/p>\n<p>Im Vergleich zu den Direct Drive-Mittelstreben der Einstiegsklasse spielt man hier in einer anderen Liga, was Steifigkeit, Verarbeitung und Stabilit\u00e4t angeht. Man merkt schnell, dass es sich hier um ein Produkt handelt, das f\u00fcr jahrelangen, intensiven Gebrauch gemacht ist.<\/p>\n<h2>Einstellungen, Anpassung und Kompatibilit\u00e4t<\/h2>\n<p>Die gesamte Logik des Simucube 2 Pro l\u00e4uft \u00fcber die Simucube-Software (True Drive). Die Benutzeroberfl\u00e4che ist recht \u00fcbersichtlich, mit Voreinstellungen nach Spielen und Verwendungszwecken, aber man merkt, dass sie f\u00fcr Benutzer gedacht ist, die gerne ihre H\u00e4nde in die Einstellungen stecken. Man kann einfach ein vorhandenes Profil laden, testen, verfeinern und verschiedene Konfigurationen speichern. F\u00fcr einen mittleren Sim-Racer, der bereits ein wenig mit dem FFB-Jargon vertraut ist, bleibt der Einstieg recht direkt.<\/p>\n<p>Die wichtigen Einstellungen sind durchaus vorhanden: Rekonstruktionsfilter, Reibung, Tr\u00e4gheit, D\u00e4mpfung, Drehzahl, Drehmomentgrenze etc. Interessant ist vor allem der Grad der Kontrolle \u00fcber die \"Textur\" des FFB. Man kann wirklich von einem sehr rohen und kommunikativen Lenkrad zu etwas gefilterterem und entspannterem wechseln, ohne dabei die wesentlichen Infos zu verlieren. Das braucht eindeutig Zeit, aber man kann es fein auf den Fahrstil und die Art des Spiels abstimmen.<\/p>\n<p>Die Lernkurve h\u00e4ngt von deiner Vorerfahrung ab. Wenn du von einem einfacheren Lenkrad mit zwei oder drei grundlegenden Schiebereglern kommst, brauchst du etwas Geduld, um die tats\u00e4chliche Auswirkung der einzelnen Parameter zu verstehen. Ist dein Profil jedoch einmal richtig eingestellt, wirst du es kaum noch ber\u00fchren. Das ist typisch f\u00fcr eine Basis, die man einmal einstellt und dann ihre Arbeit machen l\u00e4sst.<\/p>\n<p>Was die Kompatibilit\u00e4t betrifft, so ist die Basis f\u00fcr den PC gedacht. Es gibt keine native Konsolenunterst\u00fctzung. F\u00fcr jemanden, der ausschlie\u00dflich auf dem PC mit modernen Simulationen spielt, ist das kein Thema. F\u00fcr einen Konsolenspieler hingegen muss man es ganz klar sagen: Das ist nicht das richtige Produkt.<\/p>\n<p>Der Simucube 2 Pro funktioniert mit vielen Lenkr\u00e4dern von Drittanbietern \u00fcber entsprechende Hubs oder kompatible QRs. Es handelt sich um eine recht offene Logik, was f\u00fcr ein entwicklungsf\u00e4higes Setup sehr angenehm ist. Bei den Pedalen, Shiftern und Handbremsen bleibt es bei klassischen USB-Verbindungen, es gibt also keinen Markenzwang.<\/p>\n<p>Was die Langlebigkeit angeht, ist das eher eine \"Endstation\" als ein einfacher Einstiegspunkt. Du kannst die Lenkr\u00e4der, die Pedale oder das Cockpit drumherum durchaus aufr\u00fcsten, ohne dass du das Gef\u00fchl hast, dass die Basis zum schw\u00e4chsten Glied wird.<\/p>\n<h2>Sensationen im Spiel<\/h2>\n<p>Hier rechtfertigt der Simucube 2 Pro seine Positionierung. Das erste auff\u00e4llige Gef\u00fchl ist die Sauberkeit des Force Feedbacks. Die Genauigkeit der Mikroinformationen ist sehr hoch, ohne k\u00fcnstliche St\u00f6rvibrationen. Man sp\u00fcrt Gripver\u00e4nderungen, Lastverschiebungen und Mikrobewegungen der Vorderachse mit einer seltenen Deutlichkeit.<\/p>\n<p>In den Kurven ist das Verhalten sehr vorhersehbar. Der Drehmomentanstieg, wenn man das Lenkrad belastet, ist fl\u00fcssig, progressiv und ruckelfrei. In dem Moment, in dem das Auto zu rutschen beginnt, sp\u00fcrt man deutlich, dass die Lenkung nachl\u00e4sst, aber es gibt kein pl\u00f6tzliches \"Loch\". Das hilft sehr dabei, sich vertrauensvoll an die Grenze zu begeben, insbesondere bei GTs und Einsitzern. Man wei\u00df, wo man sich in der Gripkurve befindet, es ist \u00fcberhaupt nicht bin\u00e4r.<\/p>\n<p>Das Lesen des Griffs ist eine der gro\u00dfen St\u00e4rken. Bei einer weniger leistungsstarken oder riemengetriebenen Basis werden die Informationen oft komprimiert: Alles l\u00e4uft \u00fcber ein undeutlicheres, elastischeres Feedback. Hier wird der Vorderreifengrip \"detailliert\" dargestellt. Man sp\u00fcrt, ob der Reifen seitlich arbeitet, ob man anf\u00e4ngt zu s\u00e4ttigen, ob das Heck sich aufl\u00e4dt. Auf holprigen Strecken oder mit aggressiven Vibrationen wird der Unterschied deutlich: Das Auto schl\u00e4gt nicht nur, es spricht.<\/p>\n<p>Gerade die Vibrationen werden sehr gut wiedergegeben. Es ist nicht nur ein trockener Aufprall: Man sp\u00fcrt die Struktur, die Frequenz, die H\u00f6he. Bei flachen Vibrationen hat man ein kontrolliertes Brummen, das durch das Lenkrad l\u00e4uft. Auf gro\u00dfen Sausage Curbs steigt das Drehmoment stark an, bleibt aber immer beherrschbar: Die Base ger\u00e4t nicht ins Trudeln, sie schl\u00e4gt nicht unkontrolliert zu. Man kann aggressiv fahren, ohne das Gef\u00fchl zu haben, dass man unter der Maschine leidet.<\/p>\n<p>Bei l\u00e4ngeren Fahrten f\u00e4llt vor allem die Konstanz auf. Das Drehmoment bleibt stabil, die Temperatur verschlechtert das Gef\u00fchl nicht, und es gibt keine besondere Drift im Laufe der Runden. Mit einem gut gefilterten Profil kann man mehrere Stints hintereinander fahren, ohne ersch\u00f6pft auszusteigen. Wenn man hingegen zu viel Filterung entfernt, kann es schnell zu einem sehr physischen Lenkrad kommen. Die Basis hat eindeutig mehr Potenzial, als die Mehrheit der Fahrer wirklich braucht.<\/p>\n<p>Bei schnellen Korrekturen ist die Reaktionsf\u00e4higkeit des Simucube 2 Pro hervorragend. Wenn das Heck ausbricht, gibt dir die Basis sofort die Information zur\u00fcck, aber ohne seltsame Latenz oder unkontrollierbares Overshooting. Du kannst ein \u00dcbersteuern einfangen, das Auto wieder in die Spur bringen und mit viel Vertrauen wieder Gas geben. Eine schw\u00e4chere oder weichere Basis neigt dazu, zu sp\u00e4t \"einzulenken\" oder zu wenig Punch zu haben.<\/p>\n<p>Gegen\u00fcber einer noch st\u00e4rkeren Basis liegt der Gewinn nicht mehr so sehr im verf\u00fcgbaren Drehmoment, sondern in der Steuerung dieses Drehmoments. Der Pro befindet sich in einem sehr angenehmen Bereich: stark genug f\u00fcr alles, aber steuerbar, ohne jede Sitzung in ein Krafttraining zu verwandeln. Es ist vor allem das Gleichgewicht zwischen Kraft, Feinheit und mechanischer Ruhe, das ihn sehr angenehm macht.<\/p>\n<p>Insgesamt steigt die Immersion deutlich um eine Stufe an. Man k\u00e4mpft nicht mehr mit der Hardware, sondern diskutiert mit dem Auto. Man wei\u00df, was es macht, warum es reagiert, und man kann das Lenkrad so einstellen, dass es dem Stil des Autos entspricht, anstatt seine Fehler auszugleichen.<\/p>\n<h2>F\u00fcr wen ist es gut? Was wir m\u00f6gen \/ Was wir weniger m\u00f6gen<\/h2>\n<p>Der Simucube 2 Pro richtet sich in erster Linie an PC-Sim-Racer, die bereits ein wenig investiert haben: Intermedi\u00e4re Spieler, die einen Schritt nach vorne machen wollen, erfahrene Fahrer, Ersteller von Inhalten, seri\u00f6se Ligen. F\u00fcr jemanden, der gerade erst das Sim-Racing entdeckt, ist es m\u00f6glich, aber eindeutig \u00fcberdimensioniert und anfangs nicht unbedingt der p\u00e4dagogischste Weg. Umgekehrt ist es f\u00fcr einen fortgeschrittenen Nutzer, der ein zuverl\u00e4ssiges Werkzeug haben m\u00f6chte, absolut stimmig.<\/p>\n<p>Was mir besonders gef\u00e4llt, ist die Qualit\u00e4t des Force Feedbacks, das sowohl kraftvoll als auch bemerkenswert sauber ist. Man merkt, dass der Motor und die Signalverarbeitungskette auf dem neuesten Stand sind: keine mechanischen Ger\u00e4usche, sehr wenig Lag, eine Pr\u00e4zision, die wirklich hilft, konstanter zu sein. Mir gef\u00e4llt auch die extrem seri\u00f6se Konstruktion, die das Gef\u00fchl vermittelt, dass das Produkt f\u00fcr eine lange Lebensdauer konzipiert wurde, ohne dass sich im Laufe der Monate ein Spiel bildet oder verd\u00e4chtige Ger\u00e4usche entstehen. Und schlie\u00dflich kann man durch die Feinabstimmung der verf\u00fcgbaren Einstellungen das Erlebnis wirklich nach seinem Geschmack gestalten, von einem sehr gefilterten und weichen Lenkrad bis hin zu einem rohen und extrem kommunikativen Lenkrad.<\/p>\n<p>Es gibt jedoch Einschr\u00e4nkungen. Die fehlende Konsolenkompatibilit\u00e4t schlie\u00dft die T\u00fcr f\u00fcr alle, die haupts\u00e4chlich auf dieser Art von Plattform spielen. Wenn du nur am PC spielst, ist das kein Problem, aber f\u00fcr ein hybrides Setup aus Wohnzimmer und B\u00fcro kann das ein Ausschlusskriterium sein. Ein weiterer Punkt: Die F\u00fclle an Einstellungen kann f\u00fcr weniger technisch versierte Profile einsch\u00fcchternd werden. Man kann Zeit damit verbringen, nach dem \"richtigen Gef\u00fchl\" zu suchen, was frustrierend sein kann, wenn man nur spielen will. Der Preis macht den Simucube 2 Pro zu einer ernsthaften Investition: Es ist kein Spontankauf, man muss das restliche Setup (St\u00e4nder, steifes Cockpit, Qualit\u00e4tslenkrad) zusammenstellen, um es voll zu genie\u00dfen.<\/p>\n<p>In Bezug auf den wahrgenommenen Wert macht das Produkt f\u00fcr jemanden Sinn, der Sim-Racing \u00fcber mehrere Jahre hinweg plant und lieber einmal mehr Geld ausgibt, als dreimal aufzur\u00fcsten. Bei einem gelegentlichen Gebrauch wird die Investition schwieriger zu rationalisieren sein.<\/p>\n<h2>Urteil<\/h2>\n<p>Der Simucube 2 Pro ver\u00e4ndert die Natur des Setups, indem er zum soliden Kern wird, um den sich alles andere gruppiert. Er bringt eine kraftvolle, ultra-saubere und sehr koh\u00e4rente Lenkbasis, die die Qualit\u00e4ten des restlichen Materials hervorhebt, anstatt dessen Schw\u00e4chen. Wenn man auf ein steifes Cockpit montiert ist, f\u00fchlt es sich eher wie ein \"Werkstatt\"-Lenkrad an als ein einfaches Spielger\u00e4t.<\/p>\n<p>Auf dem Markt positioniert es sich klar im oberen Premiumbereich, als stabile Referenz zwischen Mid-Range Direct Drive und noch extremeren L\u00f6sungen in Bezug auf Preis oder Drehmoment. Er ist ein interessanter Dreh- und Angelpunkt f\u00fcr diejenigen, die etwas sehr Seri\u00f6ses wollen, ohne in die \"extremen\" Konfigurationen zu gehen, die nur einer Handvoll Enthusiasten vorbehalten sind.<\/p>\n<p>Ich empfehle es denjenigen, die haupts\u00e4chlich auf dem PC fahren und wirklich Lust haben, sich zu verbessern, an Meisterschaften teilzunehmen und an ihren Zeiten und ihrer Konstanz zu arbeiten. F\u00fcr einen Konsolenspieler oder jemanden, der ab und zu mit dem Controller spielt und einfach mal ein Lenkrad ausprobieren m\u00f6chte, ist es \u00fcberhaupt nicht die richtige Zielgruppe.<\/p>\n<p>Wenn du eine leistungsstarke, ultrafeste und sehr pr\u00e4zise Direct Drive Base suchst, die dich lange Zeit in deiner Entwicklung begleiten kann, kann dieses Produkt eindeutig den Unterschied in deinem Setup ausmachen.<\/p>","protected":false},"excerpt":{"rendered":"<p>Dieser Simucube 2 Pro hat mir das Gef\u00fchl eines sehr sauberen, gut lesbaren und konstanten Lenkrads gegeben, das wirklich hilft, das Auto besser zu sp\u00fcren und mit mehr Vertrauen zu fahren. Es macht Sinn f\u00fcr bereits investierte PC-Sim-Racer, die ein zuverl\u00e4ssiges Werkzeug wollen, um \u00fcber mehrere Jahre hinweg Fortschritte zu machen. Die Investition bleibt stimmig, wenn der Rest des Setups mitzieht.<\/p>","protected":false},"featured_media":100279,"comment_status":"open","ping_status":"closed","template":"","meta":{"_acf_changed":false,"_et_pb_use_builder":"","_et_pb_old_content":"","_et_gb_content_width":""},"product_brand":[154],"product_cat":[155],"product_tag":[149],"class_list":{"0":"post-101586","1":"product","2":"type-product","3":"status-publish","4":"has-post-thumbnail","6":"product_brand-simucube","7":"product_cat-base","8":"product_tag-pc","10":"first","11":"instock","12":"shipping-taxable","13":"product-type-external"},"acf":[],"_links":{"self":[{"href":"https:\/\/simracergear.com\/de\/wp-json\/wp\/v2\/product\/101586","targetHints":{"allow":["GET"]}}],"collection":[{"href":"https:\/\/simracergear.com\/de\/wp-json\/wp\/v2\/product"}],"about":[{"href":"https:\/\/simracergear.com\/de\/wp-json\/wp\/v2\/types\/product"}],"replies":[{"embeddable":true,"href":"https:\/\/simracergear.com\/de\/wp-json\/wp\/v2\/comments?post=101586"}],"wp:featuredmedia":[{"embeddable":true,"href":"https:\/\/simracergear.com\/de\/wp-json\/wp\/v2\/media\/100279"}],"wp:attachment":[{"href":"https:\/\/simracergear.com\/de\/wp-json\/wp\/v2\/media?parent=101586"}],"wp:term":[{"taxonomy":"product_brand","embeddable":true,"href":"https:\/\/simracergear.com\/de\/wp-json\/wp\/v2\/product_brand?post=101586"},{"taxonomy":"product_cat","embeddable":true,"href":"https:\/\/simracergear.com\/de\/wp-json\/wp\/v2\/product_cat?post=101586"},{"taxonomy":"product_tag","embeddable":true,"href":"https:\/\/simracergear.com\/de\/wp-json\/wp\/v2\/product_tag?post=101586"}],"curies":[{"name":"wp","href":"https:\/\/api.w.org\/{rel}","templated":true}]}}