{"id":101588,"date":"2025-05-15T08:14:00","date_gmt":"2025-05-15T08:14:00","guid":{"rendered":"https:\/\/simracergear.com\/products\/simucube-quick-release-wheel-side-kit\/"},"modified":"2025-11-28T06:00:48","modified_gmt":"2025-11-28T06:00:48","slug":"simucube-quick-release-wheel-side-kit","status":"publish","type":"product","link":"https:\/\/simracergear.com\/de\/products\/simucube-quick-release-wheel-side-kit\/","title":{"rendered":"Simucube Quick Release Wheel side Kit"},"content":{"rendered":"<h2>Simucube Quick Release Wheel Side Kit: Meinung eines anspruchsvollen Simracers<\/h2>\n<p>In der kleinen Welt des High-End-Sim-Racing ist das Simucube Quick Release Wheel Side Kit ein wenig zur Referenz unter den Lenkradbefestigungen geworden. Nicht die schrillste, nicht die spa\u00dfigste, aber die, die immer dann zitiert wird, wenn es um die Steifigkeit und Zuverl\u00e4ssigkeit von Simucube Direct Drive Bases geht.<\/p>\n<p>Auf dem Papier verspricht es eine spielfreie Verbindung zwischen Kettenstrebe und Lenkrad, einen ultraschnellen Radwechsel und vor allem null Kompromisse beim Force-Feedback-Gef\u00fchl. Im Klartext: alle Feinheiten eines kraftvollen Direct Drive beibehalten, ohne Knacken, ohne st\u00f6rende Vibrationen, ohne Flex.<\/p>\n<p>Mein Blickwinkel ist einfach: Rechtfertigt dieses Quick Release sein Image als \"Pro-Standard\", wenn man es im Alltag benutzt? Bietet es einen echten Mehrwert im Vergleich zu den Systemen, die standardm\u00e4\u00dfig mit einigen Lenkr\u00e4dern oder Hubs von Drittanbietern geliefert werden? Und vor allem: F\u00fcr welche Art von Simracer macht dieses Kit wirklich Sinn, in Bezug auf Komfort, Gef\u00fchl und die Gesamtinvestition in ein Setup.<\/p>\n<p>Ich werde mich auf drei Dinge konzentrieren: die reine Verarbeitungsqualit\u00e4t, die Benutzerfreundlichkeit\/Kompatibilit\u00e4t und die konkreten Auswirkungen auf das Gef\u00fchl im Spiel. Denn was am Ende z\u00e4hlt, ist ganz klar: \u00c4ndert es wirklich etwas daran, wie man sich beim Fahren f\u00fchlt, oder nicht.<\/p>\n<h2>Design und Herstellung: Robust und langlebig<\/h2>\n<p>In der Hand vermittelt das Simucube Quick Release Wheel Side Kit sofort einen Eindruck von Dichte und Seriosit\u00e4t. Der K\u00f6rper ist aus gefr\u00e4stem Metall, mit einem sauberen Finish, ohne Grate oder schlecht gebrochene Ecken. Es handelt sich eindeutig um ein Produkt, das f\u00fcr hohe Drehmomente und stundenlanges intensives Fahren ausgelegt ist. Nichts klingt hohl oder nach Spielzeug.<\/p>\n<p>Das Teil auf der Lenkradseite bleibt kompakt, strahlt aber Steifigkeit aus. Nach der Montage auf einen kompatiblen Hub oder ein kompatibles Lenkrad bleibt das Ganze sehr einteilig. Man merkt, dass Simucube eher auf Solidit\u00e4t und Pr\u00e4zision bei der Montage geachtet hat, als um jeden Preis ein paar Gramm einzusparen. Ich pers\u00f6nlich ziehe das weitaus vor: ein etwas \"dichteres\" Lenkrad, das sich aber keinen Millimeter bewegt.<\/p>\n<p>Was schnell auff\u00e4llt, ist, dass es kein sp\u00fcrbares Spiel gibt, sobald es in der Basisstation verankert ist. Keine st\u00f6rende Mikrorotation, kein Klappern. Wenn man das Lenkrad kr\u00e4ftig sch\u00fcttelt, h\u00f6rt man nur das Cockpit. Das ist genau das, was man von einem Quick Release bei einem High-End-Direct Drive erwartet: v\u00f6llig zu vergessen, dass es sich um ein Zwischenst\u00fcck handelt.<\/p>\n<p>Der Verriegelungsmechanismus ist klar und deutlich, mit einem beruhigenden mechanischen Gef\u00fchl. Man hat zwar nicht die ged\u00e4mpfte Sanftheit einiger kunststoffbeschichteter Nockensysteme, aber man gewinnt den Eindruck einer direkten mechanischen Verbindung, die sehr \"rennm\u00e4\u00dfig\" ist.<\/p>\n<p>Was ein wenig entt\u00e4uschen kann, ist der recht rohe, sehr funktionale Look. Es gibt keine Schn\u00f6rkel und kaum Stileffekte. Wenn du nach einem optisch sehr aufwendig gestalteten QR suchst, wie ein CNC-Schmuckst\u00fcck, das du auf Instagram zeigen kannst, ist dies nicht das spektakul\u00e4rste. Au\u00dferdem scheint das System eher auf Effizienz ausgelegt zu sein als auf eine Flie\u00dfbandmontage\/-demontage im Showroom-Modus. <\/p>\n<p>Im Vergleich zu den eher auf den Massenmarkt ausgerichteten Quick Release, die mit einigen Mid-Range-Lenkr\u00e4dern geliefert werden, ist die Steifigkeit und Pr\u00e4zision eindeutig eine Stufe h\u00f6her. Im Vergleich zu anderen High-End-L\u00f6sungen von Drittanbietern ist das hier eher ein \"Profi-Tool\": weniger auff\u00e4llig, aber sehr seri\u00f6s, wenn man damit arbeitet.<\/p>\n<h2>Einstellungen, Anpassung und Kompatibilit\u00e4t<\/h2>\n<p>Ein Quick Release l\u00e4sst sich nicht wirklich wie eine Base oder ein Pedalboard einstellen, aber es gibt dennoch einige wichtige Punkte auf der Seite der Installation und der Anpassung des Setups. Das Wheel Side Kit ist so konzipiert, dass es sich nahtlos in das Simucube-\u00d6kosystem einf\u00fcgt, wobei die Montage auf der Lenkradseite ziemlich standardm\u00e4\u00dfig f\u00fcr kompatible Hubs und Laufr\u00e4der bleibt.<\/p>\n<p>Bei der Montage muss man sich ein Minimum an Zeit nehmen, um die Bohrungen richtig auszurichten, richtig festzuziehen und sicherzustellen, dass die Montagefl\u00e4che vollkommen eben ist. Es ist nicht kompliziert, aber es verdient, nicht schlampig ausgef\u00fchrt zu werden, vor allem, wenn man Kettenstreben mit hohem Drehmoment f\u00e4hrt. Einmal gemacht, kommt man nicht mehr zur\u00fcck.<\/p>\n<p>Die Kompatibilit\u00e4t mit verschiedenen Lenkr\u00e4dern und Hubs von Drittanbietern ist ein wichtiger Aspekt. Das Kit ist f\u00fcr Lenkr\u00e4der gedacht, die an die Simucube-Schnittstelle angepasst sind, entweder \u00fcber einen speziellen Hub oder \u00fcber kompatible L\u00f6sungen. F\u00fcr einen Nutzer, der sich bereits im Simucube-\u00d6kosystem befindet, macht das Sinn: Man beh\u00e4lt eine klare Logik mit einem einheitlichen, zuverl\u00e4ssigen und wiederkehrenden Verbindungsstandard.<\/p>\n<p>F\u00fcr einen Simracer, der mehrere Hardwareplattformen nutzt oder der gerne Produkte von sehr unterschiedlichen Marken mischt, kann es sein, dass man sich etwas mehr Gedanken \u00fcber die gesamte Kette machen muss: Basis, Hub, QR, Lenkrad. Was die PC-Kompatibilit\u00e4t anbelangt, so gibt es keine Bedenken wegen des Quick Release an sich, es \u00e4ndert sich nichts. Bei Konsolen h\u00e4ngt wie \u00fcblich alles mehr von der Basis und der eingebetteten Elektronik als von den mechanischen Teilen ab.<\/p>\n<p>Die Lernkurve liegt eher bei der Geste und der Routine: Einrasten, Verriegeln, kurze \u00dcberpr\u00fcfung vor dem Fahren. Der Mechanismus ist schnell erlernbar, selbst f\u00fcr Nutzer, die h\u00e4ufig das Lenkrad wechseln. Es ist mechanisch, instinktiv, man braucht keine Men\u00fcs oder Voreinstellungen.<\/p>\n<p>Was die Skalierbarkeit angeht, ist das Wheel Side Kit eher eine langfristige Investition als ein einfaches Zubeh\u00f6r. Wenn du ein Setup um eine Simucube-Basis herum aufbaust und die Lenkr\u00e4der vervielfachen willst, ist es typischerweise die Art von Teil, die du \u00fcber Jahre hinweg beh\u00e4ltst, auch wenn du den Rest der Ausr\u00fcstung weiterentwickelst.<\/p>\n<h2>Spielgef\u00fchl: Volle Steifigkeit, null Rauschen<\/h2>\n<p>Der Sinn dieses Quick Release Wheel Side Kit kommt erst auf der Rennstrecke zum Tragen, vor allem auf einer leistungsstarken Direct Drive Base. Die Grundidee ist einfach: Nichts von dem wegnehmen, was die Base kann. Keine unn\u00f6tige D\u00e4mpfung, kein Flex, kein Klappern, nur eine m\u00f6glichst direkte \u00dcbertragung.<\/p>\n<p>Auf den ersten Runden mit einer Simucube-Basis fallen vor allem die klaren Drehmoment\u00fcberg\u00e4nge auf. Die Lastwechsel im Lenkrad erfolgen ohne jede mechanische Totzone. Wenn das Auto ausbricht, sp\u00fcrt man sofort den Verlust des Grips in den H\u00e4nden, ohne \"Unsch\u00e4rfe\", die mit einem Spiel im Befestigungssystem zusammenh\u00e4ngt. Man versteht sofort, was das Auto macht, selbst in Grenzphasen.<\/p>\n<p>In schnellen Kurven f\u00fchrt die Steifigkeit des QR zu einer gut lesbaren Lenkung. Man sp\u00fcrt, wie sich das Auto allm\u00e4hlich aufl\u00e4dt, wie sich die Haftung \u00e4ndert und wie die Bodenwellen unter den Reifen durchgehen. Es gibt nicht das Gef\u00fchl, das man manchmal bei weicheren Quick Release-Systemen hat, bei denen man ahnt, dass etwas einen Teil des FFB-Signals d\u00e4mpft.<\/p>\n<p>Auf Vibrationen und aggressiven Kanten ist das Verhalten recht aufschlussreich. Die Textur kommt vollst\u00e4ndig durch, mit einer sehr strukturierten Botschaft. Es klopft, ja, aber es klingt nicht hohl. Es gibt keine st\u00f6renden metallischen Vibrationen, die mit einer schlechten Verriegelung oder ungef\u00e4hren Toleranzen zusammenh\u00e4ngen. Wenn es zittert, merkt man, dass es von der Physik des Spiels kommt, nicht von einem fragw\u00fcrdigen mechanischen Ger\u00e4usch im QR.<\/p>\n<p>Schnelle Korrekturen, vor allem beim kontrollierten Driften oder beim Einholen des \u00dcbersteuerns, stellen das System ebenfalls auf die Probe. Hier bleibt das Kit unbeeindruckt. Schnelle Gegenlenkbewegungen erzeugen kein Klack-Klack oder ein sp\u00fcrbares Verdrehen. Das Lenkrad bleibt fest mit der Kettenstrebe verbunden, als w\u00e4ren sie ein einziges Teil. F\u00fcr das Vertrauen ist das enorm: Man traut sich, weiter zu gehen, weil man wei\u00df, dass die mechanische Verbindung niemals das Gef\u00fchl verraten wird.<\/p>\n<p>Bei l\u00e4ngeren Sessions ist die Konstanz eine echte St\u00e4rke. Es gibt keinen progressiven Spielaufbau, kein l\u00e4stiges Lockern, wenn alles anfangs richtig montiert wurde. Das Gef\u00fchl bleibt von Anfang bis Ende gleich. Man kann die Base dr\u00fccken, Relais aneinanderreihen, das Verhalten des QR \u00e4ndert sich nicht.<\/p>\n<p>Wenn ich es mit weniger starren Systemen oder mit mehr auf den Mainstream ausgerichteten Quick-Releases vergleiche, liegt der deutlichste Unterschied in den kleinen Nuancen der St\u00e4rke. Bei einem \"weicheren\" System geht ein Teil der Mikrovariationen schlie\u00dflich verloren oder wird gegl\u00e4ttet. Mit dem Wheel Side Kit bleiben diese Details erhalten. Das ist besonders bei GTs, Prototypen oder Einsitzern zu sp\u00fcren, wo die Lastwechsel subtil, aber entscheidend sind.<\/p>\n<p>Im Vergleich zu einigen extremen L\u00f6sungen, die noch spezialisierter sind oder in ultrahochwertige Federb\u00e4lle eingebaut sind, handelt es sich hier nicht um ein revolution\u00e4res Gadget, das den FFB komplett ver\u00e4ndert. Wir befinden uns vielmehr auf einer sehr gesunden Basis, die garantiert, dass du wirklich das ausnutzt, was deine Simucube-Basis bereits senden kann. Was es bringt, ist vor allem eines: Du stellst dir nicht mehr die Frage nach der Verbindung zwischen Flugger\u00e4t und Basis. Du kannst dich auf die Landebahn konzentrieren.<\/p>\n<h2>F\u00fcr wen ist es geeignet? St\u00e4rken und Grenzen im Alltag<\/h2>\n<p>Das Simucube Quick Release Wheel Side Kit richtet sich eindeutig an Simracer, die bereits einen festen Fu\u00df im Segment der \"ernsthaften Enthusiasten\" oder regelrecht \"Semi-Profis\" haben. Wenn du am PC mit einer Simucube Direct Drive Base f\u00e4hrst, bereits ein steifes Cockpit hast und mehrere Lenkr\u00e4der in Betracht ziehst, passt das Profil perfekt. Selbst f\u00fcr einen \"mittleren\" Spieler, der jedoch entschlossen ist, in ein nachhaltiges Setup zu investieren, macht dieser QR Sinn.<\/p>\n<p>Was ich am meisten sch\u00e4tze, ist zun\u00e4chst die kompromisslose Steifigkeit. Man hat das Gef\u00fchl, dass das Drehmoment der Basis vollst\u00e4ndig durchl\u00e4uft, ohne st\u00f6rende mechanische D\u00e4mpfung. Zweitens die gef\u00fchlte Zuverl\u00e4ssigkeit: Wenn man das System einmal richtig montiert hat, muss man es nicht mehr alle f\u00fcnf Minuten \u00fcberwachen. Und schlie\u00dflich die Koh\u00e4renz mit dem Simucube-\u00d6kosystem: dieselbe Qualit\u00e4tslogik, dieselbe Produktphilosophie, die sich auf das rohe Gef\u00fchl und die Pr\u00e4zision konzentriert.<\/p>\n<p>Es gibt jedoch einige Einschr\u00e4nkungen, die man im Hinterkopf behalten sollte. Zun\u00e4chst einmal ist es nicht die universellste L\u00f6sung f\u00fcr diejenigen, die zwischen mehreren Hardware-\u00d6kosystemen jonglieren oder sowohl auf Konsolen als auch auf PCs fahren. Das Kit macht vor allem in Verbindung mit einer Simucube-Basis und einem kompatiblen Lenkradpark Sinn. Zweitens k\u00f6nnen \u00c4sthetik und \"Objektvergn\u00fcgen\" f\u00fcr diejenigen, die visuell spektakul\u00e4re Hardware m\u00f6gen, etwas n\u00fcchtern erscheinen. Hier steht eindeutig die Funktionalit\u00e4t im Vordergrund. Und schlie\u00dflich kann die Investition isoliert betrachtet hoch erscheinen, vor allem im Vergleich zu den erschwinglicheren Quick-Releases, die mit einigen Mainstream-Lenkr\u00e4dern geliefert werden.<\/p>\n<p>Die eigentliche Frage ist der wahrgenommene Wert in einem kompletten Setup. Wenn dein Cockpit, deine Basis und deine Lenkr\u00e4der bereits auf einem sehr hohen Niveau sind, fungiert dieses Wheel Side Kit als solides Glied, das den Rest sichert. In diesem Zusammenhang ist der Preis besser gerechtfertigt: Es handelt sich um ein Teil, das du nicht jedes Jahr austauschen musst und das die Qualit\u00e4t des gesamten Vorfelds sch\u00fctzt. Wenn dein Gesamt-Setup bescheidener ist, wird der Wertunterschied bei der Nutzung weniger auffallen.<\/p>\n<h2>Verdict: Ein Schl\u00fcsselglied f\u00fcr ein ernsthaftes Simucube-Setup<\/h2>\n<p>Das Simucube Quick Release Wheel Side Kit verwandelt eine durchschnittliche Base nicht auf magische Weise in ein Gef\u00fchlsmonster. Was es tut, ist etwas subtiler, aber entscheidend: Es stellt sicher, dass die Verbindung zwischen deiner Simucube Base und deinem Lenkrad niemals das schw\u00e4chste Glied ist. F\u00fcr ein High-End-Direct-Drive-Setup ist das alles andere als eine Kleinigkeit.<\/p>\n<p>Auf dem Markt ordne ich ihn eindeutig der Premium-Kategorie zu, mit einer Positionierung als \"Arbeitswerkzeug\" und nicht als \"Spa\u00df-Accessoire\". Er versucht nicht, die Augen zu f\u00fcllen, sondern zielt auf Best\u00e4ndigkeit und Pr\u00e4zision ab. Und in dieser Hinsicht macht er die richtigen K\u00e4stchen an. Penible Simracer, die eine perfekt starre Verbindung ohne Spiel w\u00fcnschen, finden hier, was sie suchen.<\/p>\n<p>Ich empfehle es ohne zu z\u00f6gern den Nutzern von Simucube-Grundlagen, die mehrere Lenkr\u00e4der in Betracht ziehen, die haupts\u00e4chlich am PC fahren und die bereits ein Cockpit haben, das das Drehmoment eines Direct Drive verkraften kann. F\u00fcr Gelegenheitsspieler mit einem bescheideneren Setup oder einem sehr konsolenorientierten Setup werden sich andere Investitionen unmittelbarer auf das Spielvergn\u00fcgen auswirken.<\/p>\n<p>Wenn du nach einer ultra-steifen, langlebigen und zuverl\u00e4ssigen Lenkrad\/Basis-Verbindung suchst, die perfekt mit einer Simucube Direct Drive Basis \u00fcbereinstimmt, kann dieses Produkt eindeutig den Unterschied in deinem Setup machen.&lt;\/final<\/p>","protected":false},"excerpt":{"rendered":"<p>Dieser Quick Release f\u00fchrt zu einer sehr steifen und transparenten Verbindung von Lenkrad und Basis, die mich vor allem durch das v\u00f6llige Fehlen von Spiel und Parasiten im Gef\u00fchl beeindruckt hat. Es macht Sinn f\u00fcr Simracer, die bereits in das Simucube-\u00d6kosystem investiert haben, mit einem seri\u00f6sen Cockpit und mehreren Lenkr\u00e4dern. In einem solchen Setup bleiben seine Kosten im Einklang mit dem Wert, den er sichert.<\/p>","protected":false},"featured_media":100275,"comment_status":"open","ping_status":"closed","template":"","meta":{"_acf_changed":false,"_et_pb_use_builder":"","_et_pb_old_content":"","_et_gb_content_width":""},"product_brand":[154],"product_cat":[153],"product_tag":[149],"class_list":{"0":"post-101588","1":"product","2":"type-product","3":"status-publish","4":"has-post-thumbnail","6":"product_brand-simucube","7":"product_cat-accessoires","8":"product_tag-pc","10":"first","11":"instock","12":"shipping-taxable","13":"product-type-external"},"acf":[],"_links":{"self":[{"href":"https:\/\/simracergear.com\/de\/wp-json\/wp\/v2\/product\/101588","targetHints":{"allow":["GET"]}}],"collection":[{"href":"https:\/\/simracergear.com\/de\/wp-json\/wp\/v2\/product"}],"about":[{"href":"https:\/\/simracergear.com\/de\/wp-json\/wp\/v2\/types\/product"}],"replies":[{"embeddable":true,"href":"https:\/\/simracergear.com\/de\/wp-json\/wp\/v2\/comments?post=101588"}],"wp:featuredmedia":[{"embeddable":true,"href":"https:\/\/simracergear.com\/de\/wp-json\/wp\/v2\/media\/100275"}],"wp:attachment":[{"href":"https:\/\/simracergear.com\/de\/wp-json\/wp\/v2\/media?parent=101588"}],"wp:term":[{"taxonomy":"product_brand","embeddable":true,"href":"https:\/\/simracergear.com\/de\/wp-json\/wp\/v2\/product_brand?post=101588"},{"taxonomy":"product_cat","embeddable":true,"href":"https:\/\/simracergear.com\/de\/wp-json\/wp\/v2\/product_cat?post=101588"},{"taxonomy":"product_tag","embeddable":true,"href":"https:\/\/simracergear.com\/de\/wp-json\/wp\/v2\/product_tag?post=101588"}],"curies":[{"name":"wp","href":"https:\/\/api.w.org\/{rel}","templated":true}]}}