{"id":101819,"date":"2025-05-22T09:21:00","date_gmt":"2025-05-22T09:21:00","guid":{"rendered":"https:\/\/simracergear.com\/?post_type=product&#038;p=101819"},"modified":"2025-11-28T06:06:51","modified_gmt":"2025-11-28T06:06:51","slug":"fanatec-clubsport-handbrake-v2","status":"publish","type":"product","link":"https:\/\/simracergear.com\/de\/products\/fanatec-clubsport-handbrake-v2\/","title":{"rendered":"Fanatec Clubsport Handbrake V2"},"content":{"rendered":"<h2>Fanatec ClubSport Handbrake V2 : ausf\u00fchrlicher Test &amp; Meinungen nach Gebrauch<\/h2>\n<p>In der Welt des Sim-Racing bleibt der Handbremshebel oft das Zubeh\u00f6r, das man nach dem Lenkrad und den Pedalen kauft. Doch bei Rallyes, Rallycross oder Drifts ist er es, der den Unterschied zwischen \"ich fahre im Kreis\" und \"ich habe das Auto wirklich unter Kontrolle\" ausmacht. Die Fanatec ClubSport Handbrake V2 positioniert sich eindeutig als Mittel-\/Oberklasse-L\u00f6sung, die f\u00fcr diejenigen gedacht ist, die eine seri\u00f6se, robuste Handbremse wollen, die mit einem bereits fortgeschrittenen Setup \u00fcbereinstimmt.<\/p>\n<p>Er verspricht ein Gef\u00fchl wie bei einer hydraulischen Handbremse eines Rennwagens, eine robuste Konstruktion und eine saubere Integration in das Fanatec-\u00d6kosystem. Die Idee dahinter ist, eine Feinsteuerung der Hinterradbremse zu bieten, nicht nur einen Ein\/Aus-Knopf. Wir haben es hier eindeutig mit einem Produkt zu tun, das auf Gef\u00fchl und Pr\u00e4zision ausgerichtet ist, mehr als auf den Aspekt des \"immersiven Gadgets\".<\/p>\n<p>Ich meinerseits bin sie aus einem sehr einfachen Blickwinkel angegangen: Erm\u00f6glicht sie tats\u00e4chlich eine bessere Kontrolle des Autos in Grenzsituationen, ohne dass die Bedienung im Alltag l\u00e4stig wird? Ist sie die Investition im Vergleich zu einfacheren oder selbst gebauten Handbremsen wert? Und vor allem: L\u00e4sst sie sich problemlos in ein modernes Cockpit integrieren, egal ob man am PC oder an der Konsole sitzt?<\/p>\n<h2>Design &amp; Herstellung: ein echtes St\u00fcck Mechanik<\/h2>\n<p>Was auff\u00e4llt, wenn man den ClubSport Handbrake V2 aus seiner Schachtel nimmt, ist das Gef\u00fchl der Dichte. Das Geh\u00e4use besteht aus Metall und ist sehr stabil. In der Hand f\u00fchlt es sich sofort wie ein Accessoire an, das f\u00fcr jahrelanges, raues Ziehen konzipiert wurde. Es handelt sich hier nicht um ein Spielzeug, sondern um ein echtes Industrieprodukt.<\/p>\n<p>Die Metallteile sind sauber verarbeitet, mit gut bearbeiteten Kanten und einer Verbindung, die kein sichtbares Spiel aufweist. Die lackierten und eloxierten Oberfl\u00e4chen wirken vertrauenerweckend, man hat nicht den Effekt von \"billigem Metall\" oder \"hohl klingendem Alu\". Der Hebel hat einen festen und kontrollierten Hub, ohne Quietschen oder st\u00f6rende Reibung, was den Eindruck einer seri\u00f6sen Mechanik noch verst\u00e4rkt.<\/p>\n<p>Der Griff des Griffs ist in Ordnung, aber das ist ein Punkt, an dem einige vielleicht etwas hungrig sein werden. Die Form und der Bezug sind funktional und nicht unangenehm, aber es fehlt der Eindruck eines extrem strukturierten oder mit Leder \u00fcberzogenen Motorsportartikels. F\u00fcr ein Produkt, das auf ein anspruchsvolles Segment abzielt, w\u00e4re eine hochwertigere Verkleidung w\u00fcnschenswert gewesen.<\/p>\n<p>Was die Abmessungen und die physische Pr\u00e4senz anbelangt, so nimmt es seinen Platz auf einem Cockpit ein. Es handelt sich nicht um ein Mikrozubeh\u00f6r und man muss etwas Seitenraum einplanen. Im Vergleich zu einfacheren Handbremsen oder 100 % aus Kunststoff merkt man deutlich, dass es sich um eine h\u00f6here Klasse handelt: schwerer, steifer, beruhigender. Im Vergleich zu einigen \"DIY-Metall\"-Modellen auf dem Markt hebt sie sich durch ihre ausgereiftere und vor allem sauberere Integration ab.<\/p>\n<p>Insgesamt ist das Gef\u00fchl klar: Es kann missbraucht werden. Es ist zum Aushalten gemacht und das sp\u00fcrt man sofort.<\/p>\n<h2>Einstellungen, Personalisierung &amp; Kompatibilit\u00e4t<\/h2>\n<p>Die ClubSport Handbrake V2 bleibt vom Prinzip her recht einfach, bietet aber genau das Richtige an Einstellm\u00f6glichkeiten, um sie an das eigene Cockpit und den eigenen Fahrstil anzupassen. Der erste wichtige Punkt ist die M\u00f6glichkeit, den Hebel vertikal oder horizontal zu montieren. Diese Flexibilit\u00e4t \u00e4ndert alles in Bezug auf die Ergonomie: Man kann es im \"Rallye-Modus\" im Stil einer vertikalen Handbremse oder eher im \"Touren-\/Drift-Modus\" mit einem eher liegenden Hebel installieren.<\/p>\n<p>Spannung und Weg sind nicht unendlich konfigurierbar wie bei einem sehr hochwertigen Pedalboard, aber es gibt genug Spielraum, um einen bequemen Kompromiss zu finden. Die Handbremse arbeitet mit einem analogen Sensor, was eine echte Modulation der angewandten Kraft erm\u00f6glicht, und das ist der Punkt, an dem es im Spiel interessant wird: Man befindet sich nicht auf einem einfachen digitalen Schalter.<\/p>\n<p>Was das Lernen angeht, so erfordert es keine stundenlangen Softwareeinstellungen. Im Fanatec-\u00d6kosystem erfolgt die Erkennung je nach Konfiguration ganz einfach \u00fcber die Basisstation oder ein spezielles USB-Modul. In Spielen wird es wie eine analoge Achse abgebildet und schon ist es eingestellt. Die meiste Arbeit besteht vor allem darin, sich auf die Position des Hebels und die komfortable Zugkraft einzustellen, vor allem, wenn man zwischen verschiedenen Disziplinen (Rallye, Drift, Rennstrecke) wechselt.<\/p>\n<p>Was die Kompatibilit\u00e4t angeht, ist das Schema klassisch Fanatec: Es l\u00e4sst sich perfekt in die Basen und Zubeh\u00f6rteile der Marke integrieren, und die Unterst\u00fctzung auf dem PC ist in der Regel hervorragend. Auf Konsolen h\u00e4ngt es vor allem von der verwendeten Basis und dem Spiel ab, aber in einem kompletten Fanatec-\u00d6kosystem bleibt die Integration eine seiner St\u00e4rken.<\/p>\n<p>In Bezug auf die Erweiterbarkeit handelt es sich hier um ein Zubeh\u00f6r, das einen Simracer eindeutig \u00fcber die Zeit begleiten kann. Es handelt sich nicht um eine \"kleine Handbremse f\u00fcr Einsteiger\", die man austauscht, sobald man auf ein st\u00e4rkeres Lenkrad umsteigt. Sie passt sowohl in ein Mittelklasse-Setup als auch in ein anspruchsvolleres Cockpit mit Seat Mover oder leistungsstarkem Direct Drive.<\/p>\n<h2>Sensationen im Spiel: Wo er den Unterschied macht<\/h2>\n<p>Der Kern des Themas ist, was ClubSport Handbrake V2 ver\u00e4ndert, wenn es einmal auf der virtuellen Bahn ist. Der erste gro\u00dfe Punkt ist die Progressivit\u00e4t. Dank des analogen Sensors sp\u00fcrt man eine echte Abstufung zwischen einer leichten Lastverlagerung und einem kompletten Blockieren der Hinterr\u00e4der. Man begn\u00fcgt sich nicht damit, eine gro\u00dfe, brutale \u00dcbertragung auszul\u00f6sen; man kann die Bremse dosieren, anpassen, einen Moment lang \"halten\", bevor man sie wieder losl\u00e4sst.<\/p>\n<p>In engen Rallye-Kurven f\u00fchrt dieses Verhalten zu einer viel feineren Kontrolle \u00fcber den Winkel des Autos. Man kann eine leichte Drehung einleiten oder einen Dreher verursachen, wenn man zu stark zieht, aber das Wichtigste ist, dass man den Punkt, an dem man kippt, leicht sp\u00fcrt. Man merkt schnell, wie viel man ziehen muss, um das Heck nur zu drehen, ohne alles zu verlieren. Genau hier zeigt ein einfacher Knopf oder eine digitale Handbremse ihre Grenzen auf.<\/p>\n<p>Beim Grip erfolgt das Ablesen vor allem \u00fcber die Reaktion des Autos und nicht \u00fcber eine mechanische Kraftr\u00fcckkopplung im Hebel, da es keinen aktiven FFB wie bei einem Lenkrad gibt. Andererseits bietet die Konstanz des Weges und des Widerstands des Hebels einen sehr klaren Anhaltspunkt f\u00fcr das Muskelged\u00e4chtnis. Nach einigen Wertungspr\u00fcfungen wei\u00df man ungef\u00e4hr, an welchem Punkt des Rennens das Auto ausbrechen wird, und man beginnt, mit dieser Grenze zu spielen.<\/p>\n<p>Auf Vibrationen ist die Handbremse nat\u00fcrlich kein direktes Feedbackorgan, aber sie wird n\u00fctzlich, um das Auto direkt nach einer etwas schmutzigen Passage wieder einzuholen oder zu lenken. Ein kleiner Zug, um die Hinterachse wieder auf Linie zu bringen, ein halber Zug, um einen zu weiten Drift anzupassen - alles geschieht auf viel nat\u00fcrlichere Weise als mit einem Knopf oder einer Palette.<\/p>\n<p>Bei l\u00e4ngeren Sessions f\u00e4llt vor allem die Konstanz auf. Der Widerstand \u00e4ndert sich nicht, es entsteht kein Spiel, kein Gef\u00fchl von Mechanik, die nach einer bestimmten Anzahl von Runs erm\u00fcdet. Der Hebel bleibt sich selbst treu, was entscheidend ist, um auf Dauer die gleichen Anhaltspunkte f\u00fcr das Fahren zu behalten. Man k\u00e4mpft nicht gegen die Hardware, sondern konzentriert sich auf das Auto.<\/p>\n<p>Im Vergleich zu einer einfachen Handbremse der Einstiegsklasse oder einer einfachen Taste am Lenkrad ist der Gewinn an Immersion deutlich sp\u00fcrbar. Man hat wirklich das Gef\u00fchl, ein eigenes \"Kontrollorgan\" hinzuzuf\u00fcgen, das von den H\u00e4nden getrennt ist, wie bei einem echten Auto. Im Vergleich zu einigen extremeren Handbremsen (z. B. hydraulisch modellierte Sim-Bremsen) ist die Fanatec etwas \"weicher\" im mechanischen Gef\u00fchl, weniger brutal, aber auch zug\u00e4nglicher f\u00fcr eine gemischte Nutzung aus Rallye + Drift + Spa\u00df.<\/p>\n<p>In der Praxis vermittelt es vor allem eine Schl\u00fcsselsache: das Vertrauen, um in Abschnitten, in denen sich das Heck bewegen muss, h\u00e4rter anzugreifen. Man traut sich eher, das Auto zu schicken, weil man wei\u00df, dass man einen zuverl\u00e4ssigen Hebel hat, um es wieder einzuholen oder die Spur anzupassen. Das ist genau der Punkt, an dem das Zubeh\u00f6r seinen Platz in einem Setup rechtfertigt.<\/p>\n<h2>F\u00fcr wen? Was wir m\u00f6gen, was wir weniger m\u00f6gen<\/h2>\n<p>Das ClubSport Handbrake V2 richtet sich eindeutig an ein Simracer-Profil, das bereits \u00fcber ein Mindestma\u00df an Ausr\u00fcstung und Engagement verf\u00fcgt. Ein absoluter Anf\u00e4nger im Simracing wird nicht sofort die Quintessenz daraus ziehen, aber ein motivierter Spieler, der regelm\u00e4\u00dfig Rallyes, Drifts oder andere Disziplinen, bei denen das Heck mitspielen muss, betreibt, wird schnell einen echten Vorteil daraus ziehen. Auf dem PC kommt es bei Titeln mit vielen Einstellungsm\u00f6glichkeiten und einer anspruchsvollen Physik voll zur Geltung. Auf Konsolen bleibt es interessant, aber der Wert h\u00e4ngt mehr von der Kompatibilit\u00e4t mit dem bereits vorhandenen \u00d6kosystem ab.<\/p>\n<p>Unter den positiven Punkten steht die Konstruktion an erster Stelle: robust, seri\u00f6s, beruhigend, mit einem echten Gef\u00fchl der Langlebigkeit. Die analoge Achse bringt eine feine Modulation mit sich, die die Art und Weise, wie das Gleiten gesteuert wird, im Vergleich zu einer einfachen Taste radikal ver\u00e4ndert. Die Integration in das Fanatec-\u00d6kosystem ist ebenfalls ein starker Vorteil: saubere Verkabelung, korrekte Erkennung, \u00e4sthetische Koh\u00e4renz mit dem Rest des Setups.<\/p>\n<p>Der Griff des Hebels und die rein ergonomische Ausf\u00fchrung k\u00f6nnten in diesem Preissegment etwas besser sein. Es gibt zwar gute, aber keine \"Wow\"-Effekte in diesem Bereich. Die Installation kann je nach Cockpit auch ein wenig Kreativit\u00e4t erfordern: Man muss Halterungen, Seitenarme oder angepasste Platten vorsehen, vor allem, wenn man eine wirklich perfekte Position haben m\u00f6chte. Schlie\u00dflich kann die Investition f\u00fcr einen Gelegenheitsspieler, der fast nie Rallyes oder Drifts f\u00e4hrt, unverh\u00e4ltnism\u00e4\u00dfig hoch erscheinen: Wir sprechen hier von einem Spezialzubeh\u00f6r, nicht von einem universellen Element wie einer Pedalplatte.<\/p>\n<p>In Bezug auf den wahrgenommenen Wert zahlt man eindeutig f\u00fcr die Positionierung im mittleren\/hohen Preissegment, die Marke und die Integration in das \u00d6kosystem. Aber f\u00fcr jemanden, der diese Spieldisziplinen wirklich ausnutzt, bleibt das Verh\u00e4ltnis von Investition zu Kontrollgewinn sehr stimmig. Man sp\u00fcrt, wo die Euros hingehen: in die Mechanik, die Pr\u00e4zision und die Zuverl\u00e4ssigkeit im Laufe der Zeit.<\/p>\n<h2>Urteil: eine echte Handbremse von einem ernsthaften Simracer<\/h2>\n<p>Das Fanatec ClubSport Handbrake V2 bringt etwas sehr Konkretes in ein Setup: eine dedizierte Hecksteuerung, die progressiv, zuverl\u00e4ssig und konsistent mit einem modernen Sim-Racing-Cockpit ist. Es ist kein dekoratives Gimmick, sondern ein vollwertiges Steuerorgan, das die Art und Weise ver\u00e4ndert, wie man Rallyes, Rallycross, Drifts und alle anderen Situationen mit kontrolliertem Gleiten angeht.<\/p>\n<p>Auf dem Markt ist sie eindeutig im mittleren\/oberen Bereich angesiedelt: ausgereifter und robuster als Handbremsen der Einstiegsklasse, aber weniger extrem als einige hochspezialisierte Hydrauliksysteme. Sie ist ein nat\u00fcrlicher Dreh- und Angelpunkt f\u00fcr jemanden, der bereits ein gutes Lenkrad, ordentliche Pedale und ein seri\u00f6ses Cockpit hat und einen weiteren Schritt in der Kontrolle des Fahrzeugs machen m\u00f6chte.<\/p>\n<p>Ich empfehle es mittleren bis fortgeschrittenen, vor allem PC-orientierten Simracern, die eine erhebliche Zeit in Disziplinen verbringen, in denen die Handbremse nicht nur optional ist. F\u00fcr einen sehr gelegentlichen Spieler oder f\u00fcr jemanden, der fast nur auf sauberen Asphaltstrecken f\u00e4hrt, wird es kurzfristig nicht die beste Investition sein.<\/p>\n<p>Wenn du nach einer besseren Kontrolle \u00fcber das Gleiten suchst und deine Rallye oder deinen Drift wirklich pr\u00e4ziser machen willst, kann dieses Produkt eindeutig den Unterschied in deinem Setup ausmachen.<\/p>","protected":false},"excerpt":{"rendered":"<p>Diese Handbremse bringt einen echten Zugewinn an Kontrolle und Vertrauen in den Gleitphasen, mit einem koh\u00e4renten und konstanten Gef\u00fchl, das die Art und Weise, wie man an Rallyes und Drifts herangeht, ver\u00e4ndert. Sie macht Sinn f\u00fcr bereits gut ausgestattete Simracer, vor allem auf dem PC, die diese Disziplinen h\u00e4ufig durchlaufen. Die Investition bleibt angesichts der gebotenen Robustheit und Pr\u00e4zision logisch.<\/p>","protected":false},"featured_media":101825,"comment_status":"open","ping_status":"closed","template":"","meta":{"_acf_changed":false,"_et_pb_use_builder":"","_et_pb_old_content":"","_et_gb_content_width":""},"product_brand":[158],"product_cat":[150],"product_tag":[149,159,160],"class_list":{"0":"post-101819","1":"product","2":"type-product","3":"status-publish","4":"has-post-thumbnail","6":"product_brand-fanatec","7":"product_cat-frein-a-main","8":"product_tag-pc","9":"product_tag-playstation","10":"product_tag-xbox","12":"first","13":"instock","14":"shipping-taxable","15":"product-type-external"},"acf":[],"_links":{"self":[{"href":"https:\/\/simracergear.com\/de\/wp-json\/wp\/v2\/product\/101819","targetHints":{"allow":["GET"]}}],"collection":[{"href":"https:\/\/simracergear.com\/de\/wp-json\/wp\/v2\/product"}],"about":[{"href":"https:\/\/simracergear.com\/de\/wp-json\/wp\/v2\/types\/product"}],"replies":[{"embeddable":true,"href":"https:\/\/simracergear.com\/de\/wp-json\/wp\/v2\/comments?post=101819"}],"wp:featuredmedia":[{"embeddable":true,"href":"https:\/\/simracergear.com\/de\/wp-json\/wp\/v2\/media\/101825"}],"wp:attachment":[{"href":"https:\/\/simracergear.com\/de\/wp-json\/wp\/v2\/media?parent=101819"}],"wp:term":[{"taxonomy":"product_brand","embeddable":true,"href":"https:\/\/simracergear.com\/de\/wp-json\/wp\/v2\/product_brand?post=101819"},{"taxonomy":"product_cat","embeddable":true,"href":"https:\/\/simracergear.com\/de\/wp-json\/wp\/v2\/product_cat?post=101819"},{"taxonomy":"product_tag","embeddable":true,"href":"https:\/\/simracergear.com\/de\/wp-json\/wp\/v2\/product_tag?post=101819"}],"curies":[{"name":"wp","href":"https:\/\/api.w.org\/{rel}","templated":true}]}}